{"id":225969,"date":"2023-09-25T05:52:28","date_gmt":"2023-09-25T03:52:28","guid":{"rendered":"https:\/\/abc-office.eu\/?page_id=225969"},"modified":"2025-10-14T09:35:59","modified_gmt":"2025-10-14T07:35:59","slug":"polska","status":"publish","type":"page","link":"https:\/\/abc-office.eu\/pl\/polska\/","title":{"rendered":"Polska"},"content":{"rendered":"<h2>Polska<\/h2>\n<p style=\"text-align: justify;\">Nasza agencja t\u0142umacze\u0144 i legalizacji specjalizuje si\u0119 w t\u0142umaczeniach po\u015bwiadczonych i przysi\u0119g\u0142ych w ponad 80 j\u0119zykach, a tak\u017ce w legalizacji dokument\u00f3w. Nasz zesp\u00f3\u0142 z siedzib\u0105 w Polsce mo\u017ce szybko zrealizowa\u0107 Twoje zlecenie. Wystarczy, \u017ce otrzymamy kopi\u0119 dokument\u00f3w przeznaczonych do t\u0142umaczenia (akceptujemy wszystkie formaty). Orygina\u0142y dokument\u00f3w nie s\u0105 ju\u017c wymagane (Polska).<\/p>\n<ol>\n<li style=\"text-align: justify;\">Po pierwsze, mo\u017cesz skorzysta\u0107 z naszego adresu e-mail (<a href=\"mailto:info@abc-office.eu\">info@abc-office.eu<\/a>), formularza kontaktowego lub linku WhatsApp.<\/li>\n<li style=\"text-align: justify;\">Po drugie, prosimy o wskazanie j\u0119zyka, w kt\u00f3rym chcesz otrzyma\u0107 t\u0142umaczenie, a tak\u017ce czy potrzebujesz, aby t\u0142umaczenie zosta\u0142o uwierzytelnione przez notariusza i\/lub opatrzone apostille (Kancelaria), b\u0105d\u017a te\u017c zalegalizowane w ambasadzie lub konsulacie.<\/li>\n<li style=\"text-align: justify;\">Po trzecie, jeden z naszych kierownik\u00f3w projektu szybko przygotuje dla Ciebie wycen\u0119, w kt\u00f3rej zostanie okre\u015blona cena oraz czas realizacji. Zwykle odpowiadamy w ci\u0105gu 30 minut. Je\u015bli jednak nie otrzymasz odpowiedzi w ci\u0105gu godziny, prosimy o kontakt telefoniczny.<\/li>\n<li style=\"text-align: justify;\">Po czwarte i najwa\u017cniejsze, po zaakceptowaniu wyceny przyst\u0105pimy do procesu t\u0142umaczenia lub legalizacji i wy\u015blemy Ci po\u015bwiadczone t\u0142umaczenia i\/lub legalizacje poczt\u0105. Je\u015bli potrzebujesz tak\u017ce Kopi\u0119 t\u0142umaczenia i legalizacji e-mailem, poinformuj o tym kierownika projektu \u2013 w\u00f3wczas wy\u015blemy Ci je drog\u0105 mailow\u0105 przed wysy\u0142k\u0105 orygina\u0142\u00f3w.<\/li>\n<\/ol>\n<p style=\"text-align: justify;\" data-start=\"1472\" data-end=\"1792\">Termin realizacji t\u0142umacze\u0144 po\u015bwiadczonych i\/lub legalizacji wynosi 2-3dni robocze. Dokumenty wysy\u0142ane s\u0105 poczt\u0105, kurierem DHL i\/lub mailem. Jednak\u017ce czas ten zale\u017cy r\u00f3wnie\u017c od obj\u0119to\u015bci i stopnia trudno\u015bci dokument\u00f3w. Na przyk\u0142ad, dokument jednostronicowy powiniene\u015b otrzyma\u0107 w ci\u0105gu 2 dni roboczych poczt\u0105.<\/p>\n<h3 data-start=\"1794\" data-end=\"1835\">Oto lista naszych g\u0142\u00f3wnych j\u0119zyk\u00f3w:<\/h3>\n<p style=\"text-align: justify;\" data-start=\"1837\" data-end=\"2743\">Afrikaans | Alba\u0144ski | Niemiecki | Ameryka\u0144ski | Amharski | Angielski | Arabski | Arme\u0144ski | Ajmara | Azerski | Baskijski | Bengalski | Bia\u0142oruski | Birma\u0144ski | Bo\u015bniacki | Brazylijski | Bu\u0142garski | Kanto\u0144ski | Katalo\u0144ski | Syngaleski | Chi\u0144ski | Chi\u0144ski uproszczony | Chi\u0144ski tradycyjny | Korea\u0144ski | Chorwacki | Du\u0144ski | Dari | Hiszpa\u0144ski | Esto\u0144ski | Ewe | Farsi | Fi\u0144ski | Gruzi\u0144ski | Grecki | Guarani | Hebrajski | Hindi | W\u0119gierski | Indonezyjski | W\u0142oski | Japo\u0144ski | Kazachski | Khmer | Kirgiski | Kurdyjski | Laota\u0144ski | \u0141otewski | Lingala | Litewski | Macedo\u0144ski | Malajski | Malajalam | Mandary\u0144ski | Mo\u0142dawski | Mongolski | Czarnog\u00f3rski | Niderlandzki | Norweski | Urdu | Uzbecki | Paszto | Pend\u017cabski | Perski | Fula | Polski | Portugalski | Keczua | Rumu\u0144ski | Rosyjski | Serbski | S\u0142owacki | S\u0142owe\u0144ski | Szwedzki | Tamilski | Czeski | Tajski | Turecki | Turkme\u0144ski | Ukrai\u0144ski | Wietnamski<\/p>\n<h3 data-start=\"2745\" data-end=\"2784\"><strong data-start=\"2745\" data-end=\"2782\">Oto przyk\u0142adowa lista dokument\u00f3w:<\/strong><\/h3>\n<p style=\"text-align: justify;\" data-start=\"2786\" data-end=\"3150\">Akt urodzenia | akt ma\u0142\u017ce\u0144stwa | akt stanu cywilnego | za\u015bwiadczenie | patent | za\u015bwiadczenie o niekaralno\u015bci | certyfikat | za\u015bwiadczenie o stanie wolnym | akt zgonu | akt rodzinny | \u015bwiadectwo pracy | deklaracja podatkowa | dyplom | paszport | prawo jazdy | testament | wiza | umowa | umowa rozwodowa | intercyza | wyrok | procedura | pe\u0142nomocnictwo | protok\u00f3\u0142<\/p>\n<h3 data-start=\"3152\" data-end=\"3221\"><strong data-start=\"3152\" data-end=\"3219\">Najcz\u0119stsze rodzaje po\u015bwiadcze\u0144\/legalizacji t\u0142umacze\u0144 (Polska):<\/strong><\/h3>\n<ul>\n<li data-start=\"3224\" data-end=\"3305\">T\u0142umaczenie po\u015bwiadczone: dostarczamy t\u0142umaczenie z nasz\u0105 piecz\u0119ci\u0105 i podpisem.<\/li>\n<li data-start=\"3224\" data-end=\"3305\">T\u0142umaczenie przysi\u0119g\u0142e: to t\u0142umaczenie wykonane i po\u015bwiadczone piecz\u0119ci\u0105 oraz podpisem t\u0142umacza przysi\u0119g\u0142ego wpisanego na list\u0119 Ministerstwa Sprawiedliwo\u015bci, wymagane w Polsce i za granic\u0105 dla dokument\u00f3w maj\u0105cych moc prawn\u0105, takich jak akty stanu cywilnego, wyroki s\u0105dowe, umowy czy dyplomy.<\/li>\n<li data-start=\"3308\" data-end=\"3394\">T\u0142umaczenie uwierzytelnione: notariusz uwierzytelnia podpis t\u0142umacza na t\u0142umaczeniu.<\/li>\n<li data-start=\"3397\" data-end=\"3464\">T\u0142umaczenie z apostille: kancelaria legalizuje podpis notariusza.<\/li>\n<li data-start=\"3467\" data-end=\"3591\">T\u0142umaczenie zalegalizowane przez ambasad\u0119 lub konsulat: ambasada lub konsulat legalizuj\u0105 t\u0142umaczenie do u\u017cytku za granic\u0105.<\/li>\n<\/ul>\n<h3 data-start=\"3593\" data-end=\"3661\"><strong data-start=\"3593\" data-end=\"3659\">Najcz\u0119stsze rodzaje legalizacji do u\u017cytku urz\u0119dowego (Polska):<\/strong><\/h3>\n<ul>\n<li data-start=\"3664\" data-end=\"3838\">Legalizacja apostille: kraje, kt\u00f3re podpisa\u0142y Konwencj\u0119 Hask\u0105, uznaj\u0105 wa\u017cno\u015b\u0107 dokumentu bez wizy konsulatu lub ambasady, pod warunkiem \u017ce dokument jest opatrzony apostille.<\/li>\n<li data-start=\"3841\" data-end=\"4154\">Legalizacja w ambasadzie lub konsulacie: aby dokumenty by\u0142y wa\u017cne w niekt\u00f3rych krajach, np. w Chinach, musz\u0105 by\u0107 zalegalizowane w ambasadzie lub konsulacie. Wszystkie dokumenty musz\u0105 zosta\u0107 wcze\u015bniej uwierzytelnione przez notariusza i Kancelari\u0119\/Prefektur\u0119, zanim ambasada lub konsulat dokonaj\u0105 ich legalizacji.<\/li>\n<li data-start=\"4157\" data-end=\"4495\">Po\u015bwiadczona kopia (odpis po\u015bwiadczony): kopia, zwana r\u00f3wnie\u017c Vidimus lub Brevet, to odpis, kt\u00f3rego zgodno\u015b\u0107 z orygina\u0142em zosta\u0142a potwierdzona przez notariusza. Gdy oryginalne dokumenty zosta\u0142y wydane przez zagraniczne instytucje, niekt\u00f3re organy wymagaj\u0105 po\u015bwiadczonych kopii. Podobnie w przypadku dokument\u00f3w przeznaczonych za granic\u0119.<\/li>\n<li data-start=\"4498\" data-end=\"4615\">Wiza: wiza to legalizacja wykonana na kopii orygina\u0142u. W przypadku braku orygina\u0142u mo\u017cemy zalegalizowa\u0107 jego kopi\u0119.<\/li>\n<li data-start=\"4618\" data-end=\"4844\">Legalizacja podpisu: poprzez legalizacj\u0119 podpisu notariusz potwierdza jego autentyczno\u015b\u0107 \u2013 podpis widniej\u0105cy na dokumencie nale\u017cy do osoby, kt\u00f3ra twierdzi, \u017ce go z\u0142o\u017cy\u0142a. Najcz\u0119\u015bciej stosuje si\u0119 to w przypadku pe\u0142nomocnictw.<\/li>\n<\/ul>\n<p style=\"text-align: justify;\" data-start=\"4846\" data-end=\"5134\">Dzi\u0119ki odpowiedniemu po\u015bwiadczeniu t\u0142umaczenia i legalizacje b\u0119d\u0105 uznawane w Polsce i za granic\u0105. W razie pyta\u0144 dotycz\u0105cych rodzaju po\u015bwiadczenia lub legalizacji, kt\u00f3rego potrzebujesz do swoich dokument\u00f3w, skontaktuj si\u0119 z naszym zespo\u0142em. Przeprowadzimy Ci\u0119 przez ca\u0142y proces (Polska).<\/p>\n<p style=\"text-align: justify;\" data-start=\"5136\" data-end=\"5179\">Z niecierpliwo\u015bci\u0105 czekamy na wsp\u00f3\u0142prac\u0119.<\/p>\n<p style=\"text-align: justify;\" data-start=\"5181\" data-end=\"5206\"><a href=\"https:\/\/abc-office.eu\/pl\/\"><strong data-start=\"5181\" data-end=\"5204\">ABC Translation LLC<\/strong><\/a><\/p>\n<p data-start=\"5181\" data-end=\"5206\"><img loading=\"lazy\" decoding=\"async\" class=\"aligncenter wp-image-271\" src=\"https:\/\/abc-office.ch\/wp-content\/uploads\/2018\/06\/imageedit_1_6241191614.gif\" alt=\"Polska\" width=\"437\" height=\"437\" \/><\/p>\n","protected":false},"excerpt":{"rendered":"<p>Polska Nasza agencja t\u0142umacze\u0144 i legalizacji specjalizuje si\u0119 w t\u0142umaczeniach po\u015bwiadczonych i przysi\u0119g\u0142ych w ponad 80 j\u0119zykach, a tak\u017ce w legalizacji dokument\u00f3w. Nasz zesp\u00f3\u0142 z siedzib\u0105 w Polsce mo\u017ce szybko zrealizowa\u0107 Twoje zlecenie. Wystarczy, \u017ce otrzymamy kopi\u0119 dokument\u00f3w przeznaczonych do t\u0142umaczenia (akceptujemy wszystkie formaty). Orygina\u0142y dokument\u00f3w nie s\u0105 ju\u017c wymagane (Polska). Po pierwsze, mo\u017cesz skorzysta\u0107&#8230;<\/p>\n","protected":false},"author":1,"featured_media":225970,"parent":0,"menu_order":0,"comment_status":"closed","ping_status":"closed","template":"","meta":{"sfsi_plus_gutenberg_text_before_share":"","sfsi_plus_gutenberg_show_text_before_share":"","sfsi_plus_gutenberg_icon_type":"","sfsi_plus_gutenberg_icon_alignemt":"","sfsi_plus_gutenburg_max_per_row":"","footnotes":""},"class_list":["post-225969","page","type-page","status-publish","has-post-thumbnail","hentry"],"yoast_head":"<!-- This site is optimized with the Yoast SEO plugin v23.8 - https:\/\/yoast.com\/wordpress\/plugins\/seo\/ -->\n<title>T\u0142umaczenie przysi\u0119g\u0142e Polska | T\u0142umacz przysi\u0119g\u0142y Polska<\/title>\n<meta name=\"description\" content=\"ABC Translation | T\u0142umaczenie przysi\u0119g\u0142e Polska | T\u0142umacz przysi\u0119g\u0142y Polska | Legalizacja notarialna | Apostille | Konsulat | Ambasada\" \/>\n<meta name=\"robots\" content=\"index, follow, max-snippet:-1, max-image-preview:large, max-video-preview:-1\" \/>\n<link rel=\"canonical\" href=\"https:\/\/abc-office.eu\/pl\/polska\/\" \/>\n<meta property=\"og:locale\" content=\"pl_PL\" \/>\n<meta property=\"og:type\" content=\"article\" \/>\n<meta property=\"og:title\" content=\"T\u0142umaczenie przysi\u0119g\u0142e Polska | T\u0142umacz przysi\u0119g\u0142y Polska\" \/>\n<meta property=\"og:description\" content=\"ABC Translation | T\u0142umaczenie przysi\u0119g\u0142e Polska | T\u0142umacz przysi\u0119g\u0142y Polska | Legalizacja notarialna | Apostille | Konsulat | Ambasada\" \/>\n<meta property=\"og:url\" content=\"https:\/\/abc-office.eu\/pl\/polska\/\" \/>\n<meta property=\"og:site_name\" content=\"ABC Translation\" \/>\n<meta property=\"article:modified_time\" content=\"2025-10-14T07:35:59+00:00\" \/>\n<meta property=\"og:image\" content=\"https:\/\/abc-office.eu\/wp-content\/uploads\/2025\/10\/polish-4181769_1280-768x511-1.jpg\" \/>\n\t<meta property=\"og:image:width\" content=\"768\" \/>\n\t<meta property=\"og:image:height\" content=\"511\" \/>\n\t<meta property=\"og:image:type\" content=\"image\/jpeg\" \/>\n<meta name=\"twitter:card\" content=\"summary_large_image\" \/>\n<meta name=\"twitter:label1\" content=\"Szacowany czas czytania\" \/>\n\t<meta name=\"twitter:data1\" content=\"4 minuty\" \/>\n<script type=\"application\/ld+json\" class=\"yoast-schema-graph\">{\"@context\":\"https:\/\/schema.org\",\"@graph\":[{\"@type\":\"WebPage\",\"@id\":\"https:\/\/abc-office.eu\/pl\/polska\/\",\"url\":\"https:\/\/abc-office.eu\/pl\/polska\/\",\"name\":\"T\u0142umaczenie przysi\u0119g\u0142e Polska | T\u0142umacz przysi\u0119g\u0142y Polska\",\"isPartOf\":{\"@id\":\"https:\/\/abc-office.eu\/pl\/#website\"},\"primaryImageOfPage\":{\"@id\":\"https:\/\/abc-office.eu\/pl\/polska\/#primaryimage\"},\"image\":{\"@id\":\"https:\/\/abc-office.eu\/pl\/polska\/#primaryimage\"},\"thumbnailUrl\":\"https:\/\/abc-office.eu\/wp-content\/uploads\/2025\/10\/polish-4181769_1280-768x511-1.jpg\",\"datePublished\":\"2023-09-25T03:52:28+00:00\",\"dateModified\":\"2025-10-14T07:35:59+00:00\",\"description\":\"ABC Translation | T\u0142umaczenie przysi\u0119g\u0142e Polska | T\u0142umacz przysi\u0119g\u0142y Polska | Legalizacja notarialna | Apostille | Konsulat | Ambasada\",\"breadcrumb\":{\"@id\":\"https:\/\/abc-office.eu\/pl\/polska\/#breadcrumb\"},\"inLanguage\":\"pl-PL\",\"potentialAction\":[{\"@type\":\"ReadAction\",\"target\":[\"https:\/\/abc-office.eu\/pl\/polska\/\"]}]},{\"@type\":\"ImageObject\",\"inLanguage\":\"pl-PL\",\"@id\":\"https:\/\/abc-office.eu\/pl\/polska\/#primaryimage\",\"url\":\"https:\/\/abc-office.eu\/wp-content\/uploads\/2025\/10\/polish-4181769_1280-768x511-1.jpg\",\"contentUrl\":\"https:\/\/abc-office.eu\/wp-content\/uploads\/2025\/10\/polish-4181769_1280-768x511-1.jpg\",\"width\":768,\"height\":511},{\"@type\":\"BreadcrumbList\",\"@id\":\"https:\/\/abc-office.eu\/pl\/polska\/#breadcrumb\",\"itemListElement\":[{\"@type\":\"ListItem\",\"position\":1,\"name\":\"Accueil\",\"item\":\"https:\/\/abc-office.eu\/pl\/\"},{\"@type\":\"ListItem\",\"position\":2,\"name\":\"Polska\"}]},{\"@type\":\"WebSite\",\"@id\":\"https:\/\/abc-office.eu\/pl\/#website\",\"url\":\"https:\/\/abc-office.eu\/pl\/\",\"name\":\"ABC Translation\",\"description\":\"info@abc-office.eu\",\"potentialAction\":[{\"@type\":\"SearchAction\",\"target\":{\"@type\":\"EntryPoint\",\"urlTemplate\":\"https:\/\/abc-office.eu\/pl\/?s={search_term_string}\"},\"query-input\":{\"@type\":\"PropertyValueSpecification\",\"valueRequired\":true,\"valueName\":\"search_term_string\"}}],\"inLanguage\":\"pl-PL\"}]}<\/script>\n<!-- \/ Yoast SEO plugin. -->","yoast_head_json":{"title":"T\u0142umaczenie przysi\u0119g\u0142e Polska | T\u0142umacz przysi\u0119g\u0142y Polska","description":"ABC Translation | T\u0142umaczenie przysi\u0119g\u0142e Polska | T\u0142umacz przysi\u0119g\u0142y Polska | Legalizacja notarialna | Apostille | Konsulat | Ambasada","robots":{"index":"index","follow":"follow","max-snippet":"max-snippet:-1","max-image-preview":"max-image-preview:large","max-video-preview":"max-video-preview:-1"},"canonical":"https:\/\/abc-office.eu\/pl\/polska\/","og_locale":"pl_PL","og_type":"article","og_title":"T\u0142umaczenie przysi\u0119g\u0142e Polska | T\u0142umacz przysi\u0119g\u0142y Polska","og_description":"ABC Translation | T\u0142umaczenie przysi\u0119g\u0142e Polska | T\u0142umacz przysi\u0119g\u0142y Polska | Legalizacja notarialna | Apostille | Konsulat | Ambasada","og_url":"https:\/\/abc-office.eu\/pl\/polska\/","og_site_name":"ABC Translation","article_modified_time":"2025-10-14T07:35:59+00:00","og_image":[{"width":768,"height":511,"url":"https:\/\/abc-office.eu\/wp-content\/uploads\/2025\/10\/polish-4181769_1280-768x511-1.jpg","type":"image\/jpeg"}],"twitter_card":"summary_large_image","twitter_misc":{"Szacowany czas czytania":"4 minuty"},"schema":{"@context":"https:\/\/schema.org","@graph":[{"@type":"WebPage","@id":"https:\/\/abc-office.eu\/pl\/polska\/","url":"https:\/\/abc-office.eu\/pl\/polska\/","name":"T\u0142umaczenie przysi\u0119g\u0142e Polska | T\u0142umacz przysi\u0119g\u0142y Polska","isPartOf":{"@id":"https:\/\/abc-office.eu\/pl\/#website"},"primaryImageOfPage":{"@id":"https:\/\/abc-office.eu\/pl\/polska\/#primaryimage"},"image":{"@id":"https:\/\/abc-office.eu\/pl\/polska\/#primaryimage"},"thumbnailUrl":"https:\/\/abc-office.eu\/wp-content\/uploads\/2025\/10\/polish-4181769_1280-768x511-1.jpg","datePublished":"2023-09-25T03:52:28+00:00","dateModified":"2025-10-14T07:35:59+00:00","description":"ABC Translation | T\u0142umaczenie przysi\u0119g\u0142e Polska | T\u0142umacz przysi\u0119g\u0142y Polska | Legalizacja notarialna | Apostille | Konsulat | Ambasada","breadcrumb":{"@id":"https:\/\/abc-office.eu\/pl\/polska\/#breadcrumb"},"inLanguage":"pl-PL","potentialAction":[{"@type":"ReadAction","target":["https:\/\/abc-office.eu\/pl\/polska\/"]}]},{"@type":"ImageObject","inLanguage":"pl-PL","@id":"https:\/\/abc-office.eu\/pl\/polska\/#primaryimage","url":"https:\/\/abc-office.eu\/wp-content\/uploads\/2025\/10\/polish-4181769_1280-768x511-1.jpg","contentUrl":"https:\/\/abc-office.eu\/wp-content\/uploads\/2025\/10\/polish-4181769_1280-768x511-1.jpg","width":768,"height":511},{"@type":"BreadcrumbList","@id":"https:\/\/abc-office.eu\/pl\/polska\/#breadcrumb","itemListElement":[{"@type":"ListItem","position":1,"name":"Accueil","item":"https:\/\/abc-office.eu\/pl\/"},{"@type":"ListItem","position":2,"name":"Polska"}]},{"@type":"WebSite","@id":"https:\/\/abc-office.eu\/pl\/#website","url":"https:\/\/abc-office.eu\/pl\/","name":"ABC Translation","description":"info@abc-office.eu","potentialAction":[{"@type":"SearchAction","target":{"@type":"EntryPoint","urlTemplate":"https:\/\/abc-office.eu\/pl\/?s={search_term_string}"},"query-input":{"@type":"PropertyValueSpecification","valueRequired":true,"valueName":"search_term_string"}}],"inLanguage":"pl-PL"}]}},"_links":{"self":[{"href":"https:\/\/abc-office.eu\/pl\/wp-json\/wp\/v2\/pages\/225969","targetHints":{"allow":["GET"]}}],"collection":[{"href":"https:\/\/abc-office.eu\/pl\/wp-json\/wp\/v2\/pages"}],"about":[{"href":"https:\/\/abc-office.eu\/pl\/wp-json\/wp\/v2\/types\/page"}],"author":[{"embeddable":true,"href":"https:\/\/abc-office.eu\/pl\/wp-json\/wp\/v2\/users\/1"}],"replies":[{"embeddable":true,"href":"https:\/\/abc-office.eu\/pl\/wp-json\/wp\/v2\/comments?post=225969"}],"version-history":[{"count":3,"href":"https:\/\/abc-office.eu\/pl\/wp-json\/wp\/v2\/pages\/225969\/revisions"}],"predecessor-version":[{"id":226440,"href":"https:\/\/abc-office.eu\/pl\/wp-json\/wp\/v2\/pages\/225969\/revisions\/226440"}],"wp:featuredmedia":[{"embeddable":true,"href":"https:\/\/abc-office.eu\/pl\/wp-json\/wp\/v2\/media\/225970"}],"wp:attachment":[{"href":"https:\/\/abc-office.eu\/pl\/wp-json\/wp\/v2\/media?parent=225969"}],"curies":[{"name":"wp","href":"https:\/\/api.w.org\/{rel}","templated":true}]}}