{"id":225957,"date":"2022-04-25T10:26:44","date_gmt":"2022-04-25T08:26:44","guid":{"rendered":"https:\/\/abc-office.eu\/?page_id=225957"},"modified":"2025-10-14T06:58:03","modified_gmt":"2025-10-14T04:58:03","slug":"kontakt","status":"publish","type":"page","link":"https:\/\/abc-office.eu\/pl\/kontakt\/","title":{"rendered":"Kontakt"},"content":{"rendered":"<h2>Kontakt \u2013 Twoje agencje t\u0142umaczeniowe w Unii Europejskiej<\/h2>\n<p><br data-start=\"146\" data-end=\"149\" \/><strong data-start=\"149\" data-end=\"178\">Email: <\/strong><a class=\"decorated-link cursor-pointer\" href=\"mailto:info@abc-office.eu\" rel=\"noopener\" data-start=\"158\" data-end=\"176\">info@abc-office.eu<\/a><\/p>\n<h3 data-start=\"182\" data-end=\"203\"><strong data-start=\"182\" data-end=\"201\">ABC Translation<\/strong><\/h3>\n<p style=\"text-align: justify;\" data-start=\"205\" data-end=\"881\">Nasi t\u0142umacze z Unii Europejskiej uko\u0144czyli studia magisterskie z zakresu t\u0142umacze\u0144. Specjalizuj\u0105 si\u0119 w r\u00f3\u017cnych dziedzinach, takich jak marketing, ekonomia, polityka, prawo i medycyna. W przypadku szybkiego zapytania prosimy o wype\u0142nienie formularza po prawej stronie ekranu. Nast\u0119pnie nasz zesp\u00f3\u0142 prze\u015ble Pa\u0144stwu wycen\u0119, w kt\u00f3rej znajdzie si\u0119 koszt oraz czas realizacji t\u0142umaczenia. Nasza oferta obejmuje t\u0142umaczenie tekstu oraz sesj\u0119 korekty wykonan\u0105 przez innego t\u0142umacza, aby zagwarantowa\u0107 jako\u015b\u0107 przek\u0142adu. Po przet\u0142umaczeniu i sprawdzeniu tekstu odsy\u0142amy go do Pa\u0144stwa e-mailem lub poczt\u0105 w przypadku t\u0142umacze\u0144 uwierzytelnionych.<\/p>\n<p style=\"text-align: justify;\" data-start=\"883\" data-end=\"1185\">Dok\u0142adamy wszelkich stara\u0144 by jako\u015b\u0107 naszych t\u0142umacze\u0144 by\u0142a doskona\u0142a. Dzi\u0119ki naszym g\u0142\u00f3wnym atutom, jakimi s\u0105 precyzja, skuteczno\u015b\u0107 i terminowo\u015b\u0107, codziennie wsp\u00f3\u0142pracujemy z du\u017c\u0105 liczb\u0105 firm i os\u00f3b prywatnych. Zajmujemy si\u0119 t\u0142umaczeniem stron internetowych, dokument\u00f3w urz\u0119dowych i tekst\u00f3w specjalistycznych.<\/p>\n<p style=\"text-align: justify;\" data-start=\"1187\" data-end=\"1646\">Nasze wide\u0142ki cenowe ustalamy wed\u0142ug dok\u0142adnego systemu obowi\u0105zuj\u0105cego w UE. Zosta\u0142o to wprowadzone w celu stworzenia systemu wyceny, kt\u00f3ry bierze pod uwag\u0119 stopie\u0144 trudno\u015bci tekstu \u017ar\u00f3d\u0142owego. Cena mo\u017ce by\u0107 obliczana na podstawie liczby s\u0142\u00f3w lub wiersza zawieraj\u0105cego 55 znak\u00f3w. System ten zapewnia pe\u0142n\u0105 przejrzysto\u015b\u0107 wobec klienta i pozwala sporz\u0105dza\u0107 rzetelne wyceny. Wsp\u00f3\u0142pracujemy zar\u00f3wno z firmami, jak i osobami prywatnymi w ca\u0142ej Unii Europejskiej.<\/p>\n<p data-start=\"1187\" data-end=\"1646\"><img loading=\"lazy\" decoding=\"async\" class=\"aligncenter wp-image-28719\" src=\"https:\/\/abc-office.eu\/wp-content\/uploads\/2017\/02\/second_image-300x200.jpg\" alt=\"Kontakt\" width=\"715\" height=\"476\" srcset=\"https:\/\/abc-office.eu\/wp-content\/uploads\/2017\/02\/second_image-300x200.jpg 300w, https:\/\/abc-office.eu\/wp-content\/uploads\/2017\/02\/second_image-1024x682.jpg 1024w, https:\/\/abc-office.eu\/wp-content\/uploads\/2017\/02\/second_image-768x512.jpg 768w, https:\/\/abc-office.eu\/wp-content\/uploads\/2017\/02\/second_image-1080x720.jpg 1080w, https:\/\/abc-office.eu\/wp-content\/uploads\/2017\/02\/second_image-1280x853.jpg 1280w, https:\/\/abc-office.eu\/wp-content\/uploads\/2017\/02\/second_image-980x653.jpg 980w, https:\/\/abc-office.eu\/wp-content\/uploads\/2017\/02\/second_image-480x320.jpg 480w, https:\/\/abc-office.eu\/wp-content\/uploads\/2017\/02\/second_image.jpg 1400w\" sizes=\"auto, (max-width: 715px) 100vw, 715px\" \/><\/p>\n","protected":false},"excerpt":{"rendered":"<p>Kontakt \u2013 Twoje agencje t\u0142umaczeniowe w Unii Europejskiej Email: info@abc-office.eu ABC Translation Nasi t\u0142umacze z Unii Europejskiej uko\u0144czyli studia magisterskie z zakresu t\u0142umacze\u0144. Specjalizuj\u0105 si\u0119 w r\u00f3\u017cnych dziedzinach, takich jak marketing, ekonomia, polityka, prawo i medycyna. W przypadku szybkiego zapytania prosimy o wype\u0142nienie formularza po prawej stronie ekranu. Nast\u0119pnie nasz zesp\u00f3\u0142 prze\u015ble Pa\u0144stwu wycen\u0119, w&#8230;<\/p>\n","protected":false},"author":1,"featured_media":225871,"parent":0,"menu_order":0,"comment_status":"closed","ping_status":"closed","template":"","meta":{"sfsi_plus_gutenberg_text_before_share":"","sfsi_plus_gutenberg_show_text_before_share":"","sfsi_plus_gutenberg_icon_type":"","sfsi_plus_gutenberg_icon_alignemt":"","sfsi_plus_gutenburg_max_per_row":"","footnotes":""},"class_list":["post-225957","page","type-page","status-publish","has-post-thumbnail","hentry"],"yoast_head":"<!-- This site is optimized with the Yoast SEO plugin v23.8 - https:\/\/yoast.com\/wordpress\/plugins\/seo\/ -->\n<title>Kontakt t\u0142umaczenia l T\u0142umacz l Unia Europejska l Zjednoczone<\/title>\n<meta name=\"description\" content=\"ABC Translation: Kontakt | T\u0142umaczenia stron internetowych | T\u0142umaczenia dokument\u00f3w urz\u0119dowych | T\u0142umaczenia specjalistyczne\" \/>\n<meta name=\"robots\" content=\"index, follow, max-snippet:-1, max-image-preview:large, max-video-preview:-1\" \/>\n<link rel=\"canonical\" href=\"https:\/\/abc-office.eu\/pl\/kontakt\/\" \/>\n<meta property=\"og:locale\" content=\"pl_PL\" \/>\n<meta property=\"og:type\" content=\"article\" \/>\n<meta property=\"og:title\" content=\"Kontakt t\u0142umaczenia l T\u0142umacz l Unia Europejska l Zjednoczone\" \/>\n<meta property=\"og:description\" content=\"ABC Translation: Kontakt | T\u0142umaczenia stron internetowych | T\u0142umaczenia dokument\u00f3w urz\u0119dowych | T\u0142umaczenia specjalistyczne\" \/>\n<meta property=\"og:url\" content=\"https:\/\/abc-office.eu\/pl\/kontakt\/\" \/>\n<meta property=\"og:site_name\" content=\"ABC Translation\" \/>\n<meta property=\"article:modified_time\" content=\"2025-10-14T04:58:03+00:00\" \/>\n<meta property=\"og:image\" content=\"https:\/\/abc-office.eu\/wp-content\/uploads\/2025\/10\/Flag_of_Europe-2-768x512-1.png\" \/>\n\t<meta property=\"og:image:width\" content=\"768\" \/>\n\t<meta property=\"og:image:height\" content=\"512\" \/>\n\t<meta property=\"og:image:type\" content=\"image\/png\" \/>\n<meta name=\"twitter:card\" content=\"summary_large_image\" \/>\n<meta name=\"twitter:label1\" content=\"Szacowany czas czytania\" \/>\n\t<meta name=\"twitter:data1\" content=\"2 minuty\" \/>\n<script type=\"application\/ld+json\" class=\"yoast-schema-graph\">{\"@context\":\"https:\/\/schema.org\",\"@graph\":[{\"@type\":\"WebPage\",\"@id\":\"https:\/\/abc-office.eu\/pl\/kontakt\/\",\"url\":\"https:\/\/abc-office.eu\/pl\/kontakt\/\",\"name\":\"Kontakt t\u0142umaczenia l T\u0142umacz l Unia Europejska l Zjednoczone\",\"isPartOf\":{\"@id\":\"https:\/\/abc-office.eu\/pl\/#website\"},\"primaryImageOfPage\":{\"@id\":\"https:\/\/abc-office.eu\/pl\/kontakt\/#primaryimage\"},\"image\":{\"@id\":\"https:\/\/abc-office.eu\/pl\/kontakt\/#primaryimage\"},\"thumbnailUrl\":\"https:\/\/abc-office.eu\/wp-content\/uploads\/2025\/10\/Flag_of_Europe-2-768x512-1.png\",\"datePublished\":\"2022-04-25T08:26:44+00:00\",\"dateModified\":\"2025-10-14T04:58:03+00:00\",\"description\":\"ABC Translation: Kontakt | T\u0142umaczenia stron internetowych | T\u0142umaczenia dokument\u00f3w urz\u0119dowych | T\u0142umaczenia specjalistyczne\",\"breadcrumb\":{\"@id\":\"https:\/\/abc-office.eu\/pl\/kontakt\/#breadcrumb\"},\"inLanguage\":\"pl-PL\",\"potentialAction\":[{\"@type\":\"ReadAction\",\"target\":[\"https:\/\/abc-office.eu\/pl\/kontakt\/\"]}]},{\"@type\":\"ImageObject\",\"inLanguage\":\"pl-PL\",\"@id\":\"https:\/\/abc-office.eu\/pl\/kontakt\/#primaryimage\",\"url\":\"https:\/\/abc-office.eu\/wp-content\/uploads\/2025\/10\/Flag_of_Europe-2-768x512-1.png\",\"contentUrl\":\"https:\/\/abc-office.eu\/wp-content\/uploads\/2025\/10\/Flag_of_Europe-2-768x512-1.png\",\"width\":768,\"height\":512},{\"@type\":\"BreadcrumbList\",\"@id\":\"https:\/\/abc-office.eu\/pl\/kontakt\/#breadcrumb\",\"itemListElement\":[{\"@type\":\"ListItem\",\"position\":1,\"name\":\"Accueil\",\"item\":\"https:\/\/abc-office.eu\/pl\/\"},{\"@type\":\"ListItem\",\"position\":2,\"name\":\"Kontakt\"}]},{\"@type\":\"WebSite\",\"@id\":\"https:\/\/abc-office.eu\/pl\/#website\",\"url\":\"https:\/\/abc-office.eu\/pl\/\",\"name\":\"ABC Translation\",\"description\":\"info@abc-office.eu\",\"potentialAction\":[{\"@type\":\"SearchAction\",\"target\":{\"@type\":\"EntryPoint\",\"urlTemplate\":\"https:\/\/abc-office.eu\/pl\/?s={search_term_string}\"},\"query-input\":{\"@type\":\"PropertyValueSpecification\",\"valueRequired\":true,\"valueName\":\"search_term_string\"}}],\"inLanguage\":\"pl-PL\"}]}<\/script>\n<!-- \/ Yoast SEO plugin. -->","yoast_head_json":{"title":"Kontakt t\u0142umaczenia l T\u0142umacz l Unia Europejska l Zjednoczone","description":"ABC Translation: Kontakt | T\u0142umaczenia stron internetowych | T\u0142umaczenia dokument\u00f3w urz\u0119dowych | T\u0142umaczenia specjalistyczne","robots":{"index":"index","follow":"follow","max-snippet":"max-snippet:-1","max-image-preview":"max-image-preview:large","max-video-preview":"max-video-preview:-1"},"canonical":"https:\/\/abc-office.eu\/pl\/kontakt\/","og_locale":"pl_PL","og_type":"article","og_title":"Kontakt t\u0142umaczenia l T\u0142umacz l Unia Europejska l Zjednoczone","og_description":"ABC Translation: Kontakt | T\u0142umaczenia stron internetowych | T\u0142umaczenia dokument\u00f3w urz\u0119dowych | T\u0142umaczenia specjalistyczne","og_url":"https:\/\/abc-office.eu\/pl\/kontakt\/","og_site_name":"ABC Translation","article_modified_time":"2025-10-14T04:58:03+00:00","og_image":[{"width":768,"height":512,"url":"https:\/\/abc-office.eu\/wp-content\/uploads\/2025\/10\/Flag_of_Europe-2-768x512-1.png","type":"image\/png"}],"twitter_card":"summary_large_image","twitter_misc":{"Szacowany czas czytania":"2 minuty"},"schema":{"@context":"https:\/\/schema.org","@graph":[{"@type":"WebPage","@id":"https:\/\/abc-office.eu\/pl\/kontakt\/","url":"https:\/\/abc-office.eu\/pl\/kontakt\/","name":"Kontakt t\u0142umaczenia l T\u0142umacz l Unia Europejska l Zjednoczone","isPartOf":{"@id":"https:\/\/abc-office.eu\/pl\/#website"},"primaryImageOfPage":{"@id":"https:\/\/abc-office.eu\/pl\/kontakt\/#primaryimage"},"image":{"@id":"https:\/\/abc-office.eu\/pl\/kontakt\/#primaryimage"},"thumbnailUrl":"https:\/\/abc-office.eu\/wp-content\/uploads\/2025\/10\/Flag_of_Europe-2-768x512-1.png","datePublished":"2022-04-25T08:26:44+00:00","dateModified":"2025-10-14T04:58:03+00:00","description":"ABC Translation: Kontakt | T\u0142umaczenia stron internetowych | T\u0142umaczenia dokument\u00f3w urz\u0119dowych | T\u0142umaczenia specjalistyczne","breadcrumb":{"@id":"https:\/\/abc-office.eu\/pl\/kontakt\/#breadcrumb"},"inLanguage":"pl-PL","potentialAction":[{"@type":"ReadAction","target":["https:\/\/abc-office.eu\/pl\/kontakt\/"]}]},{"@type":"ImageObject","inLanguage":"pl-PL","@id":"https:\/\/abc-office.eu\/pl\/kontakt\/#primaryimage","url":"https:\/\/abc-office.eu\/wp-content\/uploads\/2025\/10\/Flag_of_Europe-2-768x512-1.png","contentUrl":"https:\/\/abc-office.eu\/wp-content\/uploads\/2025\/10\/Flag_of_Europe-2-768x512-1.png","width":768,"height":512},{"@type":"BreadcrumbList","@id":"https:\/\/abc-office.eu\/pl\/kontakt\/#breadcrumb","itemListElement":[{"@type":"ListItem","position":1,"name":"Accueil","item":"https:\/\/abc-office.eu\/pl\/"},{"@type":"ListItem","position":2,"name":"Kontakt"}]},{"@type":"WebSite","@id":"https:\/\/abc-office.eu\/pl\/#website","url":"https:\/\/abc-office.eu\/pl\/","name":"ABC Translation","description":"info@abc-office.eu","potentialAction":[{"@type":"SearchAction","target":{"@type":"EntryPoint","urlTemplate":"https:\/\/abc-office.eu\/pl\/?s={search_term_string}"},"query-input":{"@type":"PropertyValueSpecification","valueRequired":true,"valueName":"search_term_string"}}],"inLanguage":"pl-PL"}]}},"_links":{"self":[{"href":"https:\/\/abc-office.eu\/pl\/wp-json\/wp\/v2\/pages\/225957","targetHints":{"allow":["GET"]}}],"collection":[{"href":"https:\/\/abc-office.eu\/pl\/wp-json\/wp\/v2\/pages"}],"about":[{"href":"https:\/\/abc-office.eu\/pl\/wp-json\/wp\/v2\/types\/page"}],"author":[{"embeddable":true,"href":"https:\/\/abc-office.eu\/pl\/wp-json\/wp\/v2\/users\/1"}],"replies":[{"embeddable":true,"href":"https:\/\/abc-office.eu\/pl\/wp-json\/wp\/v2\/comments?post=225957"}],"version-history":[{"count":3,"href":"https:\/\/abc-office.eu\/pl\/wp-json\/wp\/v2\/pages\/225957\/revisions"}],"predecessor-version":[{"id":226341,"href":"https:\/\/abc-office.eu\/pl\/wp-json\/wp\/v2\/pages\/225957\/revisions\/226341"}],"wp:featuredmedia":[{"embeddable":true,"href":"https:\/\/abc-office.eu\/pl\/wp-json\/wp\/v2\/media\/225871"}],"wp:attachment":[{"href":"https:\/\/abc-office.eu\/pl\/wp-json\/wp\/v2\/media?parent=225957"}],"curies":[{"name":"wp","href":"https:\/\/api.w.org\/{rel}","templated":true}]}}