{"id":225951,"date":"2017-02-16T09:16:01","date_gmt":"2017-02-16T08:16:01","guid":{"rendered":"https:\/\/abc-office.eu\/?page_id=225951"},"modified":"2025-10-14T06:52:20","modified_gmt":"2025-10-14T04:52:20","slug":"nieruchomosci","status":"publish","type":"page","link":"https:\/\/abc-office.eu\/pl\/nieruchomosci\/","title":{"rendered":"Nieruchomo\u015bci"},"content":{"rendered":"<h2 data-start=\"93\" data-end=\"112\"><strong data-start=\"93\" data-end=\"110\">Nieruchomo\u015bci<\/strong><\/h2>\n<p style=\"text-align: justify;\" data-start=\"114\" data-end=\"545\">Nasza agencja nieruchomo\u015bci, <strong data-start=\"143\" data-end=\"162\">ABC Translation<\/strong>, rozpocz\u0119\u0142a swoj\u0105 dzia\u0142alno\u015b\u0107 w 2017 roku od zakupu mieszkania 5,5-pokojowego w Szwajcarii, aby przekszta\u0142ci\u0107 je w mi\u0119dzynarodow\u0105 rezydencj\u0119 studenck\u0105. Dzi\u0119ki blisko\u015bci Uniwersytetu w Lozannie oraz EPFL, rezydencja odnios\u0142a sukces natychmiast po otwarciu we wrze\u015bniu 2017 roku. Cztery pokoje zosta\u0142y wynaj\u0119te w ci\u0105gu kilku dni i w ten spos\u00f3b narodzi\u0142 si\u0119 nasz dzia\u0142 nieruchomo\u015bci.<\/p>\n<p style=\"text-align: justify;\" data-start=\"547\" data-end=\"754\">Od tego pierwszego do\u015bwiadczenia nieustannie si\u0119 rozwijamy i obecnie jeste\u015bmy w stanie zarz\u0105dza\u0107 kupnem, sprzeda\u017c\u0105, wynajmem oraz administracj\u0105 Pa\u0144stwa nieruchomo\u015bci zar\u00f3wno w Szwajcarii, jak i za granic\u0105.<\/p>\n<h3 data-start=\"756\" data-end=\"768\"><strong data-start=\"756\" data-end=\"766\">Kupno:<\/strong><\/h3>\n<p style=\"text-align: justify;\" data-start=\"770\" data-end=\"1212\">Zakup nieruchomo\u015bci to niezwykle wa\u017cna decyzja, kt\u00f3ra b\u0119dzie mia\u0142a wp\u0142yw na Pa\u0144stwa przysz\u0142o\u015b\u0107 przez wiele lat. Taka decyzja nie powinna by\u0107 podejmowana pochopnie. Dlatego wa\u017cne jest, aby wybra\u0107 odpowiedniego partnera, kt\u00f3ry doradzi kluczowych kwestiach, takich jak stan nieruchomo\u015bci, obliczenie kredytu hipotecznego czy op\u0142acalno\u015b\u0107 inwestycji w d\u0142u\u017cszej perspektywie. Dobra analiza sytuacji zagwarantuje bezpieczny zakup.<\/p>\n<h3 data-start=\"1214\" data-end=\"1229\"><strong data-start=\"1214\" data-end=\"1227\">Sprzeda\u017c:<\/strong><\/h3>\n<p style=\"text-align: justify;\" data-start=\"1231\" data-end=\"1688\">Rynek nieruchomo\u015bci w Szwajcarii stale si\u0119 rozwija, a ceny nieustannie rosn\u0105. Osi\u0105gn\u0119li\u015bmy decyduj\u0105cy moment, kiedy poda\u017c przewy\u017csza popyt, co sprawia, \u017ce sprzeda\u017c nieruchomo\u015bci sta\u0142a si\u0119 trudniejsza z powodu du\u017cej liczby ofert. Zwracaj\u0105c si\u0119 do eksperta, zwi\u0119kszaj\u0105 Pa\u0144stwo swoje szanse na szybsz\u0105 sprzeda\u017c nieruchomo\u015bci po oczekiwanej cenie. Wykorzystajcie nasz\u0105 sie\u0107 w ca\u0142ej Szwajcarii i na arenie mi\u0119dzynarodowej, aby zwi\u0119kszy\u0107 swoje szanse na sukces.<\/p>\n<h3 data-start=\"1690\" data-end=\"1704\"><strong data-start=\"1690\" data-end=\"1702\">Wynajem:<\/strong><\/h3>\n<p style=\"text-align: justify;\" data-start=\"1706\" data-end=\"2117\">Wynajem nieruchomo\u015bci mo\u017ce wydawa\u0107 si\u0119 prosty, jednak istnieje wiele pu\u0142apek, kt\u00f3rych nale\u017cy unika\u0107, wynajmuj\u0105c mieszkanie, dom lub nawet pok\u00f3j. Zanim rozwa\u017cymy potencjalnego najemc\u0119, nale\u017cy przygotowa\u0107 kompletn\u0105 dokumentacj\u0119, np. wyci\u0105g z rejestru spraw s\u0105dowych oraz trzy ostatnie paski p\u0142acowe. Nast\u0119pnie kaucja musi zosta\u0107 wp\u0142acona przelewem bankowym lub poprzez gwarancj\u0119 najmu w firmie ubezpieczeniowej.<\/p>\n<h3 data-start=\"2119\" data-end=\"2151\"><strong data-start=\"2119\" data-end=\"2149\">Zakwaterowanie studenckie:<\/strong><\/h3>\n<p style=\"text-align: justify;\" data-start=\"2153\" data-end=\"2482\">Posiadamy kilka mieszka\u0144 studenckich dost\u0119pnych na kr\u00f3tsze lub d\u0142u\u017csze okresy. Wi\u0119kszo\u015b\u0107 z nich znajduje si\u0119 w pobli\u017cu Uniwersytetu w Lozannie, EPFL, ECAL i EHL. Najbardziej poszukiwane s\u0105 pokoje wsp\u00f3\u0142dzielone i studia. Nale\u017cy zaplanowa\u0107 wszystko z wyprzedzeniem, aby mie\u0107 pewno\u015b\u0107 zakwaterowania na pocz\u0105tek roku akademickiego.<\/p>\n<h3 data-start=\"2484\" data-end=\"2521\"><strong data-start=\"2484\" data-end=\"2519\">\u0141owca mieszka\u0144 (nieruchomo\u015bci):<\/strong><\/h3>\n<p style=\"text-align: justify;\" data-start=\"2523\" data-end=\"2875\">Macie Pa\u0144stwo trudno\u015bci ze znalezieniem zakwaterowania spe\u0142niaj\u0105cego Wasze kryteria lub problem z wynajmem mieszkania? Nasi \u0142owcy mieszka\u0144 s\u0105 do Pa\u0144stwa dyspozycji, aby jak najszybciej znale\u017a\u0107 odpowiedni\u0105 nieruchomo\u015b\u0107. Dzi\u0119ki naszej sieci i profesjonalizmowi znajdziemy zakwaterowanie w mo\u017cliwie najkr\u00f3tszym czasie i zgodnie z okre\u015blonymi kryteriami.<\/p>\n<h3 data-start=\"2877\" data-end=\"2896\"><strong data-start=\"2877\" data-end=\"2894\">Home Staging:<\/strong><\/h3>\n<p style=\"text-align: justify;\" data-start=\"2898\" data-end=\"3245\">Macie Pa\u0144stwo problem ze sprzeda\u017c\u0105 nieruchomo\u015bci? W takim przypadku mo\u017cna skorzysta\u0107 z naszej ekipy Home Staging, specjalizuj\u0105cej si\u0119 w podnoszeniu atrakcyjno\u015bci mieszka\u0144 i dom\u00f3w, aby u\u0142atwi\u0107 ich sprzeda\u017c. Metoda ta sprawdza si\u0119 szczeg\u00f3lnie w przypadku nieruchomo\u015bci wymagaj\u0105cych szybkiego od\u015bwie\u017cenia lub kilku zmian, kt\u00f3re mog\u0105 zrobi\u0107 r\u00f3\u017cnic\u0119.<\/p>\n<h3 data-start=\"3247\" data-end=\"3274\"><strong data-start=\"3247\" data-end=\"3272\">Wycena nieruchomo\u015bci:<\/strong><\/h3>\n<p style=\"text-align: justify;\" data-start=\"3276\" data-end=\"3575\">Prawid\u0142owa wycena nieruchomo\u015bci w odniesieniu do ceny rynkowej jest kluczowa dla udanej sprzeda\u017cy i uzyskania w\u0142a\u015bciwej ceny. Dzi\u0119ki kryteriom takim jak rok budowy czy lokalizacja b\u0119dziemy mogli oszacowa\u0107 warto\u015b\u0107 Pa\u0144stwa nieruchomo\u015bci mo\u017cliwie najbli\u017cej jej rzeczywistej warto\u015bci na obecnym rynku.<\/p>\n<p data-start=\"3276\" data-end=\"3575\"><a href=\"https:\/\/www.instagram.com\/dr_immo\/?hl=fr\"><img loading=\"lazy\" decoding=\"async\" class=\"aligncenter wp-image-109\" src=\"https:\/\/abc-office.ch\/wp-content\/uploads\/2018\/06\/Dr_Immo.jpg\" alt=\"Nieruchomo\u015bci\" width=\"222\" height=\"222\" \/><\/a><\/p>\n","protected":false},"excerpt":{"rendered":"<p>Nieruchomo\u015bci Nasza agencja nieruchomo\u015bci, ABC Translation, rozpocz\u0119\u0142a swoj\u0105 dzia\u0142alno\u015b\u0107 w 2017 roku od zakupu mieszkania 5,5-pokojowego w Szwajcarii, aby przekszta\u0142ci\u0107 je w mi\u0119dzynarodow\u0105 rezydencj\u0119 studenck\u0105. Dzi\u0119ki blisko\u015bci Uniwersytetu w Lozannie oraz EPFL, rezydencja odnios\u0142a sukces natychmiast po otwarciu we wrze\u015bniu 2017 roku. Cztery pokoje zosta\u0142y wynaj\u0119te w ci\u0105gu kilku dni i w ten spos\u00f3b narodzi\u0142&#8230;<\/p>\n","protected":false},"author":1,"featured_media":225849,"parent":0,"menu_order":0,"comment_status":"closed","ping_status":"closed","template":"","meta":{"sfsi_plus_gutenberg_text_before_share":"","sfsi_plus_gutenberg_show_text_before_share":"","sfsi_plus_gutenberg_icon_type":"","sfsi_plus_gutenberg_icon_alignemt":"","sfsi_plus_gutenburg_max_per_row":"","footnotes":""},"class_list":["post-225951","page","type-page","status-publish","has-post-thumbnail","hentry"],"yoast_head":"<!-- This site is optimized with the Yoast SEO plugin v23.8 - https:\/\/yoast.com\/wordpress\/plugins\/seo\/ -->\n<title>Nieruchomo\u015bci l ABC Translation l Kupno l Sprzeda\u017c l Wynajem<\/title>\n<meta name=\"description\" content=\"ABC Translation l Nieruchomo\u015bci l Kupno l Sprzeda\u017c l Wynajem l Najem l Zakwaterowanie studenckie l Home Staging l Agencja nieruchomo\u015bci\" \/>\n<meta name=\"robots\" content=\"index, follow, max-snippet:-1, max-image-preview:large, max-video-preview:-1\" \/>\n<link rel=\"canonical\" href=\"https:\/\/abc-office.eu\/pl\/nieruchomosci\/\" \/>\n<meta property=\"og:locale\" content=\"pl_PL\" \/>\n<meta property=\"og:type\" content=\"article\" \/>\n<meta property=\"og:title\" content=\"Nieruchomo\u015bci l ABC Translation l Kupno l Sprzeda\u017c l Wynajem\" \/>\n<meta property=\"og:description\" content=\"ABC Translation l Nieruchomo\u015bci l Kupno l Sprzeda\u017c l Wynajem l Najem l Zakwaterowanie studenckie l Home Staging l Agencja nieruchomo\u015bci\" \/>\n<meta property=\"og:url\" content=\"https:\/\/abc-office.eu\/pl\/nieruchomosci\/\" \/>\n<meta property=\"og:site_name\" content=\"ABC Translation\" \/>\n<meta property=\"article:modified_time\" content=\"2025-10-14T04:52:20+00:00\" \/>\n<meta property=\"og:image\" content=\"https:\/\/abc-office.eu\/wp-content\/uploads\/2025\/10\/Immo-768x513-1.jpg\" \/>\n\t<meta property=\"og:image:width\" content=\"768\" \/>\n\t<meta property=\"og:image:height\" content=\"513\" \/>\n\t<meta property=\"og:image:type\" content=\"image\/jpeg\" \/>\n<meta name=\"twitter:card\" content=\"summary_large_image\" \/>\n<meta name=\"twitter:label1\" content=\"Szacowany czas czytania\" \/>\n\t<meta name=\"twitter:data1\" content=\"3 minuty\" \/>\n<script type=\"application\/ld+json\" class=\"yoast-schema-graph\">{\"@context\":\"https:\/\/schema.org\",\"@graph\":[{\"@type\":\"WebPage\",\"@id\":\"https:\/\/abc-office.eu\/pl\/nieruchomosci\/\",\"url\":\"https:\/\/abc-office.eu\/pl\/nieruchomosci\/\",\"name\":\"Nieruchomo\u015bci l ABC Translation l Kupno l Sprzeda\u017c l Wynajem\",\"isPartOf\":{\"@id\":\"https:\/\/abc-office.eu\/pl\/#website\"},\"primaryImageOfPage\":{\"@id\":\"https:\/\/abc-office.eu\/pl\/nieruchomosci\/#primaryimage\"},\"image\":{\"@id\":\"https:\/\/abc-office.eu\/pl\/nieruchomosci\/#primaryimage\"},\"thumbnailUrl\":\"https:\/\/abc-office.eu\/wp-content\/uploads\/2025\/10\/Immo-768x513-1.jpg\",\"datePublished\":\"2017-02-16T08:16:01+00:00\",\"dateModified\":\"2025-10-14T04:52:20+00:00\",\"description\":\"ABC Translation l Nieruchomo\u015bci l Kupno l Sprzeda\u017c l Wynajem l Najem l Zakwaterowanie studenckie l Home Staging l Agencja nieruchomo\u015bci\",\"breadcrumb\":{\"@id\":\"https:\/\/abc-office.eu\/pl\/nieruchomosci\/#breadcrumb\"},\"inLanguage\":\"pl-PL\",\"potentialAction\":[{\"@type\":\"ReadAction\",\"target\":[\"https:\/\/abc-office.eu\/pl\/nieruchomosci\/\"]}]},{\"@type\":\"ImageObject\",\"inLanguage\":\"pl-PL\",\"@id\":\"https:\/\/abc-office.eu\/pl\/nieruchomosci\/#primaryimage\",\"url\":\"https:\/\/abc-office.eu\/wp-content\/uploads\/2025\/10\/Immo-768x513-1.jpg\",\"contentUrl\":\"https:\/\/abc-office.eu\/wp-content\/uploads\/2025\/10\/Immo-768x513-1.jpg\",\"width\":768,\"height\":513},{\"@type\":\"BreadcrumbList\",\"@id\":\"https:\/\/abc-office.eu\/pl\/nieruchomosci\/#breadcrumb\",\"itemListElement\":[{\"@type\":\"ListItem\",\"position\":1,\"name\":\"Accueil\",\"item\":\"https:\/\/abc-office.eu\/pl\/\"},{\"@type\":\"ListItem\",\"position\":2,\"name\":\"Nieruchomo\u015bci\"}]},{\"@type\":\"WebSite\",\"@id\":\"https:\/\/abc-office.eu\/pl\/#website\",\"url\":\"https:\/\/abc-office.eu\/pl\/\",\"name\":\"ABC Translation\",\"description\":\"info@abc-office.eu\",\"potentialAction\":[{\"@type\":\"SearchAction\",\"target\":{\"@type\":\"EntryPoint\",\"urlTemplate\":\"https:\/\/abc-office.eu\/pl\/?s={search_term_string}\"},\"query-input\":{\"@type\":\"PropertyValueSpecification\",\"valueRequired\":true,\"valueName\":\"search_term_string\"}}],\"inLanguage\":\"pl-PL\"}]}<\/script>\n<!-- \/ Yoast SEO plugin. -->","yoast_head_json":{"title":"Nieruchomo\u015bci l ABC Translation l Kupno l Sprzeda\u017c l Wynajem","description":"ABC Translation l Nieruchomo\u015bci l Kupno l Sprzeda\u017c l Wynajem l Najem l Zakwaterowanie studenckie l Home Staging l Agencja nieruchomo\u015bci","robots":{"index":"index","follow":"follow","max-snippet":"max-snippet:-1","max-image-preview":"max-image-preview:large","max-video-preview":"max-video-preview:-1"},"canonical":"https:\/\/abc-office.eu\/pl\/nieruchomosci\/","og_locale":"pl_PL","og_type":"article","og_title":"Nieruchomo\u015bci l ABC Translation l Kupno l Sprzeda\u017c l Wynajem","og_description":"ABC Translation l Nieruchomo\u015bci l Kupno l Sprzeda\u017c l Wynajem l Najem l Zakwaterowanie studenckie l Home Staging l Agencja nieruchomo\u015bci","og_url":"https:\/\/abc-office.eu\/pl\/nieruchomosci\/","og_site_name":"ABC Translation","article_modified_time":"2025-10-14T04:52:20+00:00","og_image":[{"width":768,"height":513,"url":"https:\/\/abc-office.eu\/wp-content\/uploads\/2025\/10\/Immo-768x513-1.jpg","type":"image\/jpeg"}],"twitter_card":"summary_large_image","twitter_misc":{"Szacowany czas czytania":"3 minuty"},"schema":{"@context":"https:\/\/schema.org","@graph":[{"@type":"WebPage","@id":"https:\/\/abc-office.eu\/pl\/nieruchomosci\/","url":"https:\/\/abc-office.eu\/pl\/nieruchomosci\/","name":"Nieruchomo\u015bci l ABC Translation l Kupno l Sprzeda\u017c l Wynajem","isPartOf":{"@id":"https:\/\/abc-office.eu\/pl\/#website"},"primaryImageOfPage":{"@id":"https:\/\/abc-office.eu\/pl\/nieruchomosci\/#primaryimage"},"image":{"@id":"https:\/\/abc-office.eu\/pl\/nieruchomosci\/#primaryimage"},"thumbnailUrl":"https:\/\/abc-office.eu\/wp-content\/uploads\/2025\/10\/Immo-768x513-1.jpg","datePublished":"2017-02-16T08:16:01+00:00","dateModified":"2025-10-14T04:52:20+00:00","description":"ABC Translation l Nieruchomo\u015bci l Kupno l Sprzeda\u017c l Wynajem l Najem l Zakwaterowanie studenckie l Home Staging l Agencja nieruchomo\u015bci","breadcrumb":{"@id":"https:\/\/abc-office.eu\/pl\/nieruchomosci\/#breadcrumb"},"inLanguage":"pl-PL","potentialAction":[{"@type":"ReadAction","target":["https:\/\/abc-office.eu\/pl\/nieruchomosci\/"]}]},{"@type":"ImageObject","inLanguage":"pl-PL","@id":"https:\/\/abc-office.eu\/pl\/nieruchomosci\/#primaryimage","url":"https:\/\/abc-office.eu\/wp-content\/uploads\/2025\/10\/Immo-768x513-1.jpg","contentUrl":"https:\/\/abc-office.eu\/wp-content\/uploads\/2025\/10\/Immo-768x513-1.jpg","width":768,"height":513},{"@type":"BreadcrumbList","@id":"https:\/\/abc-office.eu\/pl\/nieruchomosci\/#breadcrumb","itemListElement":[{"@type":"ListItem","position":1,"name":"Accueil","item":"https:\/\/abc-office.eu\/pl\/"},{"@type":"ListItem","position":2,"name":"Nieruchomo\u015bci"}]},{"@type":"WebSite","@id":"https:\/\/abc-office.eu\/pl\/#website","url":"https:\/\/abc-office.eu\/pl\/","name":"ABC Translation","description":"info@abc-office.eu","potentialAction":[{"@type":"SearchAction","target":{"@type":"EntryPoint","urlTemplate":"https:\/\/abc-office.eu\/pl\/?s={search_term_string}"},"query-input":{"@type":"PropertyValueSpecification","valueRequired":true,"valueName":"search_term_string"}}],"inLanguage":"pl-PL"}]}},"_links":{"self":[{"href":"https:\/\/abc-office.eu\/pl\/wp-json\/wp\/v2\/pages\/225951","targetHints":{"allow":["GET"]}}],"collection":[{"href":"https:\/\/abc-office.eu\/pl\/wp-json\/wp\/v2\/pages"}],"about":[{"href":"https:\/\/abc-office.eu\/pl\/wp-json\/wp\/v2\/types\/page"}],"author":[{"embeddable":true,"href":"https:\/\/abc-office.eu\/pl\/wp-json\/wp\/v2\/users\/1"}],"replies":[{"embeddable":true,"href":"https:\/\/abc-office.eu\/pl\/wp-json\/wp\/v2\/comments?post=225951"}],"version-history":[{"count":3,"href":"https:\/\/abc-office.eu\/pl\/wp-json\/wp\/v2\/pages\/225951\/revisions"}],"predecessor-version":[{"id":226337,"href":"https:\/\/abc-office.eu\/pl\/wp-json\/wp\/v2\/pages\/225951\/revisions\/226337"}],"wp:featuredmedia":[{"embeddable":true,"href":"https:\/\/abc-office.eu\/pl\/wp-json\/wp\/v2\/media\/225849"}],"wp:attachment":[{"href":"https:\/\/abc-office.eu\/pl\/wp-json\/wp\/v2\/media?parent=225951"}],"curies":[{"name":"wp","href":"https:\/\/api.w.org\/{rel}","templated":true}]}}