{"id":225943,"date":"2017-02-16T09:17:00","date_gmt":"2017-02-16T08:17:00","guid":{"rendered":"https:\/\/abc-office.eu\/?page_id=225943"},"modified":"2025-10-14T06:50:20","modified_gmt":"2025-10-14T04:50:20","slug":"tlumaczenie","status":"publish","type":"page","link":"https:\/\/abc-office.eu\/pl\/tlumaczenie\/","title":{"rendered":"T\u0142umaczenie"},"content":{"rendered":"<h2 data-start=\"97\" data-end=\"114\">T\u0142umaczenia<\/h2>\n<p style=\"text-align: justify;\" data-start=\"116\" data-end=\"399\">Nasza agencja, <strong data-start=\"131\" data-end=\"150\">ABC Translation<\/strong>, od wielu lat specjalizuje si\u0119 w dziedzinie t\u0142umacze\u0144 i interpretacji. Mo\u017cemy zapewni\u0107 Pa\u0144stwu wszystkie us\u0142ugi zwi\u0105zane z t\u0105 bran\u017c\u0105, niezale\u017cnie od tego, czy chodzi o t\u0142umaczenie oficjalne, zwyk\u0142e, czy te\u017c potrzeb\u0119 t\u0142umaczenia ustnego (na \u017cywo).<\/p>\n<p style=\"text-align: justify;\" data-start=\"401\" data-end=\"849\">Dzi\u0119ki zespo\u0142owi ponad 800 t\u0142umaczy i potrafimy zarz\u0105dza\u0107 ka\u017cdym rodzajem projektu w niezwykle kr\u00f3tkim czasie. Jako\u015b\u0107 i szybko\u015b\u0107 reakcji to nasze has\u0142a przewodnie, aby osi\u0105ga\u0107 rezultaty zawsze zgodne z oczekiwaniami klient\u00f3w. Jeste\u015bmy obecni na terenie Unii Europejskiej oraz w Wielkiej Brytanii. Dzi\u0119ki tej obecno\u015bci i naszej elastyczno\u015bci mogli\u015bmy si\u0119 rozwin\u0105\u0107 i obecnie oferujemy us\u0142ugi t\u0142umaczeniowe w ponad 60 r\u00f3\u017cnych j\u0119zykach.<\/p>\n<h3 data-start=\"851\" data-end=\"879\"><strong data-start=\"851\" data-end=\"877\">T\u0142umaczenia oficjalne:<\/strong><\/h3>\n<p style=\"text-align: justify;\" data-start=\"881\" data-end=\"1262\">Specjalizujemy si\u0119 w t\u0142umaczeniach oficjalnych, aby u\u0142atwi\u0107 Pa\u0144stwu procedury po przyje\u017adzie do UE lub Wielkiej Brytanii, a tak\u017ce podczas podr\u00f3\u017cy zagranicznych. T\u0142umaczenia s\u0105 zazwyczaj uwierzytelniane u notariusza, a nast\u0119pnie legalizowane w kancelarii poprzez apostille lub inn\u0105 form\u0119 legalizacji zgodnie z konwencjami. Terminy wymagane przez klient\u00f3w s\u0105 cz\u0119sto bardzo kr\u00f3tkie.<\/p>\n<p style=\"text-align: justify;\" data-start=\"1264\" data-end=\"1612\">Z uwagi na wysokie wymagania naszych klient\u00f3w dotycz\u0105cych szybkiej realizacji zam\u00f3wie\u0144 stworzylismy system umo\u017cliwiaj\u0105cy t\u0142uczaczenie,legalizacj\u0119 i apostille dokument\u00f3w w rekordowym czasie. Potrzebujemy dw\u00f3ch dni, aby przeprowadzi\u0107 wszystkie etapy w przypadku dokumentu licz\u0105cego mniej ni\u017c 5 stron. Takie t\u0142umaczenia mog\u0105 nast\u0119pnie zosta\u0107 zalegalizowane przez konsulat kraju docelowego, je\u015bli b\u0119dzie to konieczne.<\/p>\n<p style=\"text-align: justify;\" data-start=\"1614\" data-end=\"1959\">T\u0142umaczenia oficjalne dla uznania Pa\u0144stwa zagranicznych dyplom\u00f3w w UE i\/lub w Wielkiej Brytanii r\u00f3wnie\u017c wchodz\u0105 w zakres naszych us\u0142ug. T\u0142umaczymy dokumenty, a nast\u0119pnie legalizujemy je u notariusza, aby mog\u0142y zosta\u0107 zaakceptowane przez odpowiednie instytucje. Pa\u0144stwa dokumentacja b\u0119dzie kompletna do analizy przez organy uznaj\u0105ce (T\u0142umaczenie).<\/p>\n<h3 data-start=\"1961\" data-end=\"1974\"><strong data-start=\"1961\" data-end=\"1972\">J\u0119zyki:<\/strong><\/h3>\n<p style=\"text-align: justify;\" data-start=\"1976\" data-end=\"2907\">Afrykanerski | Alba\u0144ski | Niemiecki | Ameryka\u0144ski | Amharski | Angielski | Arabski | Arme\u0144ski | Ajmara | Azerbejd\u017ca\u0144ski | Baskijski | Bengalski | Bia\u0142oruski | Birma\u0144ski | Bo\u015bniacki | Brazylijski | Bu\u0142garski | Kanto\u0144ski | Katalo\u0144ski | Syngaleski | Chi\u0144ski | Chi\u0144ski uproszczony | Chi\u0144ski tradycyjny | Korea\u0144ski | Chorwacki | Du\u0144ski | Dari | Hiszpa\u0144ski | Esto\u0144ski | Ewe | Perski (Farsi) | Fi\u0144ski | Gruzi\u0144ski | Grecki | Guarani | Hebrajski | Hindi | W\u0119gierski | Indonezyjski | W\u0142oski | Japo\u0144ski | Kazachski | Khmerski | Kirgiski | Kurdyjski | Laota\u0144ski | \u0141otewski | Lingala | Litewski | Macedo\u0144ski | Malajski | Malajalam | Mandary\u0144ski | Mo\u0142dawski | Mongolski | Czarnog\u00f3rski | Niderlandzki | Norweski | Urdu | Uzbecki | Paszto | Pend\u017cabski | Perski | Fulani | Polski | Portugalski | Keczua | Rumu\u0144ski | Rosyjski | Serbski | S\u0142owacki | S\u0142owe\u0144ski | Szwedzki | Tamilski | Czeski | Tajski | Turecki | Turkmen\u0301ski | Ukrai\u0144ski | Wietnamski<\/p>\n<h3 data-start=\"2909\" data-end=\"2925\"><strong data-start=\"2909\" data-end=\"2923\">Dokumenty:<\/strong><\/h3>\n<p style=\"text-align: justify;\" data-start=\"2927\" data-end=\"3311\">Akt urodzenia | Akt ma\u0142\u017ce\u0144stwa | Za\u015bwiadczenie o stanie cywilnym | Atest | Patent | Za\u015bwiadczenie o niekaralno\u015bci | Certyfikat | Za\u015bwiadczenie o stanie wolnym | Akt zgonu | Ksi\u0105\u017ceczka rodzinna | \u015awiadectwo pracy | Deklaracja podatkowa | Dyplom | Paszport | Prawo jazdy | Testament | Wiza | Umowa | Umowa rozwodowa | Umowa ma\u0142\u017ce\u0144ska | Wyrok | Post\u0119powanie | Pe\u0142nomocnictwo | Protok\u00f3\u0142<\/p>\n<p style=\"text-align: justify;\" data-start=\"3313\" data-end=\"3366\">W przypadku innego j\u0119zyka prosimy o kontakt z nami.<\/p>\n<p data-start=\"3313\" data-end=\"3366\"><img loading=\"lazy\" decoding=\"async\" class=\"aligncenter wp-image-26 size-medium\" src=\"https:\/\/abc-office.ch\/wp-content\/uploads\/2018\/06\/imageedit_1_6241191614-300x300.gif\" alt=\"T\u0142umaczenie\" width=\"300\" height=\"300\" \/><\/p>\n","protected":false},"excerpt":{"rendered":"<p>T\u0142umaczenia Nasza agencja, ABC Translation, od wielu lat specjalizuje si\u0119 w dziedzinie t\u0142umacze\u0144 i interpretacji. Mo\u017cemy zapewni\u0107 Pa\u0144stwu wszystkie us\u0142ugi zwi\u0105zane z t\u0105 bran\u017c\u0105, niezale\u017cnie od tego, czy chodzi o t\u0142umaczenie oficjalne, zwyk\u0142e, czy te\u017c potrzeb\u0119 t\u0142umaczenia ustnego (na \u017cywo). Dzi\u0119ki zespo\u0142owi ponad 800 t\u0142umaczy i potrafimy zarz\u0105dza\u0107 ka\u017cdym rodzajem projektu w niezwykle kr\u00f3tkim czasie&#8230;.<\/p>\n","protected":false},"author":1,"featured_media":225827,"parent":0,"menu_order":0,"comment_status":"closed","ping_status":"closed","template":"","meta":{"sfsi_plus_gutenberg_text_before_share":"","sfsi_plus_gutenberg_show_text_before_share":"","sfsi_plus_gutenberg_icon_type":"","sfsi_plus_gutenberg_icon_alignemt":"","sfsi_plus_gutenburg_max_per_row":"","footnotes":""},"class_list":["post-225943","page","type-page","status-publish","has-post-thumbnail","hentry"],"yoast_head":"<!-- This site is optimized with the Yoast SEO plugin v23.8 - https:\/\/yoast.com\/wordpress\/plugins\/seo\/ -->\n<title>T\u0142umaczenie l T\u0142umaczenia oficjalne l Profesjonalne t\u0142umaczenia<\/title>\n<meta name=\"description\" content=\"T\u0142umaczenie do procedur administracyjnych l T\u0142umaczenia po\u015bwiadczone i oficjalne l Uznawane przez wszystkie instytucje w UE i za granic\u0105\" \/>\n<meta name=\"robots\" content=\"index, follow, max-snippet:-1, max-image-preview:large, max-video-preview:-1\" \/>\n<link rel=\"canonical\" href=\"https:\/\/abc-office.eu\/pl\/tlumaczenie\/\" \/>\n<meta property=\"og:locale\" content=\"pl_PL\" \/>\n<meta property=\"og:type\" content=\"article\" \/>\n<meta property=\"og:title\" content=\"T\u0142umaczenie l T\u0142umaczenia oficjalne l Profesjonalne t\u0142umaczenia\" \/>\n<meta property=\"og:description\" content=\"T\u0142umaczenie do procedur administracyjnych l T\u0142umaczenia po\u015bwiadczone i oficjalne l Uznawane przez wszystkie instytucje w UE i za granic\u0105\" \/>\n<meta property=\"og:url\" content=\"https:\/\/abc-office.eu\/pl\/tlumaczenie\/\" \/>\n<meta property=\"og:site_name\" content=\"ABC Translation\" \/>\n<meta property=\"article:modified_time\" content=\"2025-10-14T04:50:20+00:00\" \/>\n<meta property=\"og:image\" content=\"https:\/\/abc-office.eu\/wp-content\/uploads\/2025\/10\/Traduction.jpg\" \/>\n\t<meta property=\"og:image:width\" content=\"650\" \/>\n\t<meta property=\"og:image:height\" content=\"400\" \/>\n\t<meta property=\"og:image:type\" content=\"image\/jpeg\" \/>\n<meta name=\"twitter:card\" content=\"summary_large_image\" \/>\n<meta name=\"twitter:label1\" content=\"Szacowany czas czytania\" \/>\n\t<meta name=\"twitter:data1\" content=\"3 minuty\" \/>\n<script type=\"application\/ld+json\" class=\"yoast-schema-graph\">{\"@context\":\"https:\/\/schema.org\",\"@graph\":[{\"@type\":\"WebPage\",\"@id\":\"https:\/\/abc-office.eu\/pl\/tlumaczenie\/\",\"url\":\"https:\/\/abc-office.eu\/pl\/tlumaczenie\/\",\"name\":\"T\u0142umaczenie l T\u0142umaczenia oficjalne l Profesjonalne t\u0142umaczenia\",\"isPartOf\":{\"@id\":\"https:\/\/abc-office.eu\/pl\/#website\"},\"primaryImageOfPage\":{\"@id\":\"https:\/\/abc-office.eu\/pl\/tlumaczenie\/#primaryimage\"},\"image\":{\"@id\":\"https:\/\/abc-office.eu\/pl\/tlumaczenie\/#primaryimage\"},\"thumbnailUrl\":\"https:\/\/abc-office.eu\/wp-content\/uploads\/2025\/10\/Traduction.jpg\",\"datePublished\":\"2017-02-16T08:17:00+00:00\",\"dateModified\":\"2025-10-14T04:50:20+00:00\",\"description\":\"T\u0142umaczenie do procedur administracyjnych l T\u0142umaczenia po\u015bwiadczone i oficjalne l Uznawane przez wszystkie instytucje w UE i za granic\u0105\",\"breadcrumb\":{\"@id\":\"https:\/\/abc-office.eu\/pl\/tlumaczenie\/#breadcrumb\"},\"inLanguage\":\"pl-PL\",\"potentialAction\":[{\"@type\":\"ReadAction\",\"target\":[\"https:\/\/abc-office.eu\/pl\/tlumaczenie\/\"]}]},{\"@type\":\"ImageObject\",\"inLanguage\":\"pl-PL\",\"@id\":\"https:\/\/abc-office.eu\/pl\/tlumaczenie\/#primaryimage\",\"url\":\"https:\/\/abc-office.eu\/wp-content\/uploads\/2025\/10\/Traduction.jpg\",\"contentUrl\":\"https:\/\/abc-office.eu\/wp-content\/uploads\/2025\/10\/Traduction.jpg\",\"width\":650,\"height\":400},{\"@type\":\"BreadcrumbList\",\"@id\":\"https:\/\/abc-office.eu\/pl\/tlumaczenie\/#breadcrumb\",\"itemListElement\":[{\"@type\":\"ListItem\",\"position\":1,\"name\":\"Accueil\",\"item\":\"https:\/\/abc-office.eu\/pl\/\"},{\"@type\":\"ListItem\",\"position\":2,\"name\":\"T\u0142umaczenie\"}]},{\"@type\":\"WebSite\",\"@id\":\"https:\/\/abc-office.eu\/pl\/#website\",\"url\":\"https:\/\/abc-office.eu\/pl\/\",\"name\":\"ABC Translation\",\"description\":\"info@abc-office.eu\",\"potentialAction\":[{\"@type\":\"SearchAction\",\"target\":{\"@type\":\"EntryPoint\",\"urlTemplate\":\"https:\/\/abc-office.eu\/pl\/?s={search_term_string}\"},\"query-input\":{\"@type\":\"PropertyValueSpecification\",\"valueRequired\":true,\"valueName\":\"search_term_string\"}}],\"inLanguage\":\"pl-PL\"}]}<\/script>\n<!-- \/ Yoast SEO plugin. -->","yoast_head_json":{"title":"T\u0142umaczenie l T\u0142umaczenia oficjalne l Profesjonalne t\u0142umaczenia","description":"T\u0142umaczenie do procedur administracyjnych l T\u0142umaczenia po\u015bwiadczone i oficjalne l Uznawane przez wszystkie instytucje w UE i za granic\u0105","robots":{"index":"index","follow":"follow","max-snippet":"max-snippet:-1","max-image-preview":"max-image-preview:large","max-video-preview":"max-video-preview:-1"},"canonical":"https:\/\/abc-office.eu\/pl\/tlumaczenie\/","og_locale":"pl_PL","og_type":"article","og_title":"T\u0142umaczenie l T\u0142umaczenia oficjalne l Profesjonalne t\u0142umaczenia","og_description":"T\u0142umaczenie do procedur administracyjnych l T\u0142umaczenia po\u015bwiadczone i oficjalne l Uznawane przez wszystkie instytucje w UE i za granic\u0105","og_url":"https:\/\/abc-office.eu\/pl\/tlumaczenie\/","og_site_name":"ABC Translation","article_modified_time":"2025-10-14T04:50:20+00:00","og_image":[{"width":650,"height":400,"url":"https:\/\/abc-office.eu\/wp-content\/uploads\/2025\/10\/Traduction.jpg","type":"image\/jpeg"}],"twitter_card":"summary_large_image","twitter_misc":{"Szacowany czas czytania":"3 minuty"},"schema":{"@context":"https:\/\/schema.org","@graph":[{"@type":"WebPage","@id":"https:\/\/abc-office.eu\/pl\/tlumaczenie\/","url":"https:\/\/abc-office.eu\/pl\/tlumaczenie\/","name":"T\u0142umaczenie l T\u0142umaczenia oficjalne l Profesjonalne t\u0142umaczenia","isPartOf":{"@id":"https:\/\/abc-office.eu\/pl\/#website"},"primaryImageOfPage":{"@id":"https:\/\/abc-office.eu\/pl\/tlumaczenie\/#primaryimage"},"image":{"@id":"https:\/\/abc-office.eu\/pl\/tlumaczenie\/#primaryimage"},"thumbnailUrl":"https:\/\/abc-office.eu\/wp-content\/uploads\/2025\/10\/Traduction.jpg","datePublished":"2017-02-16T08:17:00+00:00","dateModified":"2025-10-14T04:50:20+00:00","description":"T\u0142umaczenie do procedur administracyjnych l T\u0142umaczenia po\u015bwiadczone i oficjalne l Uznawane przez wszystkie instytucje w UE i za granic\u0105","breadcrumb":{"@id":"https:\/\/abc-office.eu\/pl\/tlumaczenie\/#breadcrumb"},"inLanguage":"pl-PL","potentialAction":[{"@type":"ReadAction","target":["https:\/\/abc-office.eu\/pl\/tlumaczenie\/"]}]},{"@type":"ImageObject","inLanguage":"pl-PL","@id":"https:\/\/abc-office.eu\/pl\/tlumaczenie\/#primaryimage","url":"https:\/\/abc-office.eu\/wp-content\/uploads\/2025\/10\/Traduction.jpg","contentUrl":"https:\/\/abc-office.eu\/wp-content\/uploads\/2025\/10\/Traduction.jpg","width":650,"height":400},{"@type":"BreadcrumbList","@id":"https:\/\/abc-office.eu\/pl\/tlumaczenie\/#breadcrumb","itemListElement":[{"@type":"ListItem","position":1,"name":"Accueil","item":"https:\/\/abc-office.eu\/pl\/"},{"@type":"ListItem","position":2,"name":"T\u0142umaczenie"}]},{"@type":"WebSite","@id":"https:\/\/abc-office.eu\/pl\/#website","url":"https:\/\/abc-office.eu\/pl\/","name":"ABC Translation","description":"info@abc-office.eu","potentialAction":[{"@type":"SearchAction","target":{"@type":"EntryPoint","urlTemplate":"https:\/\/abc-office.eu\/pl\/?s={search_term_string}"},"query-input":{"@type":"PropertyValueSpecification","valueRequired":true,"valueName":"search_term_string"}}],"inLanguage":"pl-PL"}]}},"_links":{"self":[{"href":"https:\/\/abc-office.eu\/pl\/wp-json\/wp\/v2\/pages\/225943","targetHints":{"allow":["GET"]}}],"collection":[{"href":"https:\/\/abc-office.eu\/pl\/wp-json\/wp\/v2\/pages"}],"about":[{"href":"https:\/\/abc-office.eu\/pl\/wp-json\/wp\/v2\/types\/page"}],"author":[{"embeddable":true,"href":"https:\/\/abc-office.eu\/pl\/wp-json\/wp\/v2\/users\/1"}],"replies":[{"embeddable":true,"href":"https:\/\/abc-office.eu\/pl\/wp-json\/wp\/v2\/comments?post=225943"}],"version-history":[{"count":4,"href":"https:\/\/abc-office.eu\/pl\/wp-json\/wp\/v2\/pages\/225943\/revisions"}],"predecessor-version":[{"id":226335,"href":"https:\/\/abc-office.eu\/pl\/wp-json\/wp\/v2\/pages\/225943\/revisions\/226335"}],"wp:featuredmedia":[{"embeddable":true,"href":"https:\/\/abc-office.eu\/pl\/wp-json\/wp\/v2\/media\/225827"}],"wp:attachment":[{"href":"https:\/\/abc-office.eu\/pl\/wp-json\/wp\/v2\/media?parent=225943"}],"curies":[{"name":"wp","href":"https:\/\/api.w.org\/{rel}","templated":true}]}}