{"id":225940,"date":"2017-02-16T09:13:19","date_gmt":"2017-02-16T08:13:19","guid":{"rendered":"https:\/\/abc-office.eu\/?page_id=225940"},"modified":"2025-10-14T06:42:15","modified_gmt":"2025-10-14T04:42:15","slug":"strona-glowna","status":"publish","type":"page","link":"https:\/\/abc-office.eu\/pl\/","title":{"rendered":"Strona g\u0142\u00f3wna"},"content":{"rendered":"<h2 data-start=\"97\" data-end=\"118\"><strong data-start=\"97\" data-end=\"116\">ABC Translation<\/strong><\/h2>\n<p style=\"text-align: justify;\" data-start=\"120\" data-end=\"599\">ABC Translation specjalizuje si\u0119 w kilku obszarach, takich jak t\u0142umaczenia, nieruchomo\u015bci, legalizacje, prawo oraz relokacje. Dzi\u0119ki zespo\u0142owi ponad 500 pracownik\u00f3w na ca\u0142ym \u015bwiecie, ABC Translation jest liderem w tych dziedzinach i mo\u017ce dzia\u0142a\u0107 bardzo szybko dzi\u0119ki du\u017cemu zespo\u0142owi wykwalifikowanych specjalist\u00f3w. Firma reprezentuje 55 r\u00f3\u017cnych narodowo\u015bci i posiada kontakty w ponad 85 krajach. Globalizacja otworzy\u0142a przed nami drzwi do \u015bwiata \u2014 dzi\u015b wsp\u00f3\u0142pracujemy z klientami orsz t\u0142umaczami z ka\u017cdego zak\u0105tka globu.<\/p>\n<h3 data-start=\"601\" data-end=\"634\"><strong data-start=\"601\" data-end=\"632\">ABC Translation w liczbach:<\/strong><\/h3>\n<ul>\n<li data-start=\"638\" data-end=\"672\">500 pracownik\u00f3w na ca\u0142ym \u015bwiecie<\/li>\n<li data-start=\"675\" data-end=\"687\">60 j\u0119zyk\u00f3w<\/li>\n<li data-start=\"690\" data-end=\"714\">4000 projekt\u00f3w rocznie<\/li>\n<li data-start=\"717\" data-end=\"745\">Ponad 10 lat do\u015bwiadczenia<\/li>\n<li data-start=\"748\" data-end=\"789\">Ponad 1000 sta\u0142ych klient\u00f3w biznesowych<\/li>\n<li data-start=\"792\" data-end=\"832\">Ponad 2000 klient\u00f3w prywatnych rocznie<\/li>\n<\/ul>\n<p style=\"text-align: justify;\" data-start=\"834\" data-end=\"1418\">Wsp\u00f3\u0142pracujemy z kilkoma kancelariami notarialnymi, aby m\u00f3c jak najszybciej legalizowa\u0107 r\u00f3\u017cne dokumenty. W przypadku dokument\u00f3w przeznaczonych za granic\u0119 wsp\u00f3\u0142pracujemy z ambasadami, konsulatami i kancelariami. To po\u0142\u0105czenie r\u00f3\u017cnych instytucji pozwala nam dzia\u0142a\u0107 bardzo sprawnie, je\u015bli chodzi o mo\u017cliwo\u015b\u0107 t\u0142umaczenia i legalizacji dokument\u00f3w w rekordowym czasie. Dodatkowo, nasi kurierzy rowerowi dostarczaj\u0105 dokumenty do r\u00f3\u017cnych urz\u0119d\u00f3w, dbaj\u0105c jednocze\u015bnie o \u015brodowisko. Korzystamy z us\u0142ug pocztowych w Europie oraz DHL do ostatecznej wysy\u0142ki w Europie i na ca\u0142y \u015bwiat.<\/p>\n<p style=\"text-align: justify;\" data-start=\"1420\" data-end=\"1961\">Jako\u015b\u0107 i szybko\u015b\u0107 naszych us\u0142ug wyr\u00f3\u017cnia nas na rynku. W tej bran\u017cy szybko\u015b\u0107 reakcji jest kluczem do sukcesu. Nasza infrastruktura zosta\u0142a stworzona po to, aby m\u00f3c jeszcze szybciej odpowiada\u0107 na zapytania klient\u00f3w. W celu szybkiego kontaktu mo\u017cna skontaktowa\u0107 si\u0119 z nami telefonicznie lub mailowo. Do przesy\u0142ania dokument\u00f3w mo\u017cna u\u017cy\u0107 tak\u017ce formularza kontaktowego po prawej stronie strony. Zazwyczaj wysy\u0142amy wycen\u0119 od 10 do 20 minut po otrzymaniu plik\u00f3w. Zawiera ona ca\u0142kowit\u0105 cen\u0119 oraz czas realizacji projektu.<\/p>\n<p style=\"text-align: justify;\" data-start=\"1963\" data-end=\"2074\">Ca\u0142y nasz zesp\u00f3\u0142 pozostaje do Pa\u0144stwa pe\u0142nej dyspozycji.<\/p>\n<p data-start=\"1963\" data-end=\"2074\"><img loading=\"lazy\" decoding=\"async\" class=\"aligncenter wp-image-298\" src=\"https:\/\/abc-office.ch\/wp-content\/uploads\/2020\/03\/bim91-1024x682.jpg\" alt=\"ABC Translation\" width=\"671\" height=\"447\" \/><\/p>\n","protected":false},"excerpt":{"rendered":"<p>ABC Translation ABC Translation specjalizuje si\u0119 w kilku obszarach, takich jak t\u0142umaczenia, nieruchomo\u015bci, legalizacje, prawo oraz relokacje. Dzi\u0119ki zespo\u0142owi ponad 500 pracownik\u00f3w na ca\u0142ym \u015bwiecie, ABC Translation jest liderem w tych dziedzinach i mo\u017ce dzia\u0142a\u0107 bardzo szybko dzi\u0119ki du\u017cemu zespo\u0142owi wykwalifikowanych specjalist\u00f3w. Firma reprezentuje 55 r\u00f3\u017cnych narodowo\u015bci i posiada kontakty w ponad 85 krajach. Globalizacja&#8230;<\/p>\n","protected":false},"author":1,"featured_media":225815,"parent":0,"menu_order":0,"comment_status":"closed","ping_status":"closed","template":"","meta":{"sfsi_plus_gutenberg_text_before_share":"","sfsi_plus_gutenberg_show_text_before_share":"","sfsi_plus_gutenberg_icon_type":"","sfsi_plus_gutenberg_icon_alignemt":"","sfsi_plus_gutenburg_max_per_row":"","footnotes":""},"class_list":["post-225940","page","type-page","status-publish","has-post-thumbnail","hentry"],"yoast_head":"<!-- This site is optimized with the Yoast SEO plugin v23.8 - https:\/\/yoast.com\/wordpress\/plugins\/seo\/ -->\n<title>ABC Translation l T\u0142umaczenia l Legalizacja l Nieruchomo\u015bci<\/title>\n<meta name=\"description\" content=\"ABC Translation l Legalizacja l Nieruchomo\u015bci l Ekspatrianci l T\u0142umaczenia ustne l Notariusz l Kancelaria prawna l Relokacja os\u00f3b l Firma\" \/>\n<meta name=\"robots\" content=\"index, follow, max-snippet:-1, max-image-preview:large, max-video-preview:-1\" \/>\n<link rel=\"canonical\" href=\"https:\/\/abc-office.eu\/pl\/\" \/>\n<meta property=\"og:locale\" content=\"pl_PL\" \/>\n<meta property=\"og:type\" content=\"article\" \/>\n<meta property=\"og:title\" content=\"ABC Translation l T\u0142umaczenia l Legalizacja l Nieruchomo\u015bci\" \/>\n<meta property=\"og:description\" content=\"ABC Translation l Legalizacja l Nieruchomo\u015bci l Ekspatrianci l T\u0142umaczenia ustne l Notariusz l Kancelaria prawna l Relokacja os\u00f3b l Firma\" \/>\n<meta property=\"og:url\" content=\"https:\/\/abc-office.eu\/pl\/\" \/>\n<meta property=\"og:site_name\" content=\"ABC Translation\" \/>\n<meta property=\"article:modified_time\" content=\"2025-10-14T04:42:15+00:00\" \/>\n<meta property=\"og:image\" content=\"https:\/\/abc-office.eu\/wp-content\/uploads\/2025\/10\/6190976a-768x433-1.jpg\" \/>\n\t<meta property=\"og:image:width\" content=\"768\" \/>\n\t<meta property=\"og:image:height\" content=\"433\" \/>\n\t<meta property=\"og:image:type\" content=\"image\/jpeg\" \/>\n<meta name=\"twitter:card\" content=\"summary_large_image\" \/>\n<meta name=\"twitter:label1\" content=\"Szacowany czas czytania\" \/>\n\t<meta name=\"twitter:data1\" content=\"2 minuty\" \/>\n<script type=\"application\/ld+json\" class=\"yoast-schema-graph\">{\"@context\":\"https:\/\/schema.org\",\"@graph\":[{\"@type\":\"WebPage\",\"@id\":\"https:\/\/abc-office.eu\/pl\/\",\"url\":\"https:\/\/abc-office.eu\/pl\/\",\"name\":\"ABC Translation l T\u0142umaczenia l Legalizacja l Nieruchomo\u015bci\",\"isPartOf\":{\"@id\":\"https:\/\/abc-office.eu\/pl\/#website\"},\"primaryImageOfPage\":{\"@id\":\"https:\/\/abc-office.eu\/pl\/#primaryimage\"},\"image\":{\"@id\":\"https:\/\/abc-office.eu\/pl\/#primaryimage\"},\"thumbnailUrl\":\"https:\/\/abc-office.eu\/wp-content\/uploads\/2025\/10\/6190976a-768x433-1.jpg\",\"datePublished\":\"2017-02-16T08:13:19+00:00\",\"dateModified\":\"2025-10-14T04:42:15+00:00\",\"description\":\"ABC Translation l Legalizacja l Nieruchomo\u015bci l Ekspatrianci l T\u0142umaczenia ustne l Notariusz l Kancelaria prawna l Relokacja os\u00f3b l Firma\",\"breadcrumb\":{\"@id\":\"https:\/\/abc-office.eu\/pl\/#breadcrumb\"},\"inLanguage\":\"pl-PL\",\"potentialAction\":[{\"@type\":\"ReadAction\",\"target\":[\"https:\/\/abc-office.eu\/pl\/\"]}]},{\"@type\":\"ImageObject\",\"inLanguage\":\"pl-PL\",\"@id\":\"https:\/\/abc-office.eu\/pl\/#primaryimage\",\"url\":\"https:\/\/abc-office.eu\/wp-content\/uploads\/2025\/10\/6190976a-768x433-1.jpg\",\"contentUrl\":\"https:\/\/abc-office.eu\/wp-content\/uploads\/2025\/10\/6190976a-768x433-1.jpg\",\"width\":768,\"height\":433},{\"@type\":\"BreadcrumbList\",\"@id\":\"https:\/\/abc-office.eu\/pl\/#breadcrumb\",\"itemListElement\":[{\"@type\":\"ListItem\",\"position\":1,\"name\":\"Accueil\",\"item\":\"https:\/\/abc-office.eu\/pl\/\"},{\"@type\":\"ListItem\",\"position\":2,\"name\":\"Strona g\u0142\u00f3wna\"}]},{\"@type\":\"WebSite\",\"@id\":\"https:\/\/abc-office.eu\/pl\/#website\",\"url\":\"https:\/\/abc-office.eu\/pl\/\",\"name\":\"ABC Translation\",\"description\":\"info@abc-office.eu\",\"potentialAction\":[{\"@type\":\"SearchAction\",\"target\":{\"@type\":\"EntryPoint\",\"urlTemplate\":\"https:\/\/abc-office.eu\/pl\/?s={search_term_string}\"},\"query-input\":{\"@type\":\"PropertyValueSpecification\",\"valueRequired\":true,\"valueName\":\"search_term_string\"}}],\"inLanguage\":\"pl-PL\"}]}<\/script>\n<!-- \/ Yoast SEO plugin. -->","yoast_head_json":{"title":"ABC Translation l T\u0142umaczenia l Legalizacja l Nieruchomo\u015bci","description":"ABC Translation l Legalizacja l Nieruchomo\u015bci l Ekspatrianci l T\u0142umaczenia ustne l Notariusz l Kancelaria prawna l Relokacja os\u00f3b l Firma","robots":{"index":"index","follow":"follow","max-snippet":"max-snippet:-1","max-image-preview":"max-image-preview:large","max-video-preview":"max-video-preview:-1"},"canonical":"https:\/\/abc-office.eu\/pl\/","og_locale":"pl_PL","og_type":"article","og_title":"ABC Translation l T\u0142umaczenia l Legalizacja l Nieruchomo\u015bci","og_description":"ABC Translation l Legalizacja l Nieruchomo\u015bci l Ekspatrianci l T\u0142umaczenia ustne l Notariusz l Kancelaria prawna l Relokacja os\u00f3b l Firma","og_url":"https:\/\/abc-office.eu\/pl\/","og_site_name":"ABC Translation","article_modified_time":"2025-10-14T04:42:15+00:00","og_image":[{"width":768,"height":433,"url":"https:\/\/abc-office.eu\/wp-content\/uploads\/2025\/10\/6190976a-768x433-1.jpg","type":"image\/jpeg"}],"twitter_card":"summary_large_image","twitter_misc":{"Szacowany czas czytania":"2 minuty"},"schema":{"@context":"https:\/\/schema.org","@graph":[{"@type":"WebPage","@id":"https:\/\/abc-office.eu\/pl\/","url":"https:\/\/abc-office.eu\/pl\/","name":"ABC Translation l T\u0142umaczenia l Legalizacja l Nieruchomo\u015bci","isPartOf":{"@id":"https:\/\/abc-office.eu\/pl\/#website"},"primaryImageOfPage":{"@id":"https:\/\/abc-office.eu\/pl\/#primaryimage"},"image":{"@id":"https:\/\/abc-office.eu\/pl\/#primaryimage"},"thumbnailUrl":"https:\/\/abc-office.eu\/wp-content\/uploads\/2025\/10\/6190976a-768x433-1.jpg","datePublished":"2017-02-16T08:13:19+00:00","dateModified":"2025-10-14T04:42:15+00:00","description":"ABC Translation l Legalizacja l Nieruchomo\u015bci l Ekspatrianci l T\u0142umaczenia ustne l Notariusz l Kancelaria prawna l Relokacja os\u00f3b l Firma","breadcrumb":{"@id":"https:\/\/abc-office.eu\/pl\/#breadcrumb"},"inLanguage":"pl-PL","potentialAction":[{"@type":"ReadAction","target":["https:\/\/abc-office.eu\/pl\/"]}]},{"@type":"ImageObject","inLanguage":"pl-PL","@id":"https:\/\/abc-office.eu\/pl\/#primaryimage","url":"https:\/\/abc-office.eu\/wp-content\/uploads\/2025\/10\/6190976a-768x433-1.jpg","contentUrl":"https:\/\/abc-office.eu\/wp-content\/uploads\/2025\/10\/6190976a-768x433-1.jpg","width":768,"height":433},{"@type":"BreadcrumbList","@id":"https:\/\/abc-office.eu\/pl\/#breadcrumb","itemListElement":[{"@type":"ListItem","position":1,"name":"Accueil","item":"https:\/\/abc-office.eu\/pl\/"},{"@type":"ListItem","position":2,"name":"Strona g\u0142\u00f3wna"}]},{"@type":"WebSite","@id":"https:\/\/abc-office.eu\/pl\/#website","url":"https:\/\/abc-office.eu\/pl\/","name":"ABC Translation","description":"info@abc-office.eu","potentialAction":[{"@type":"SearchAction","target":{"@type":"EntryPoint","urlTemplate":"https:\/\/abc-office.eu\/pl\/?s={search_term_string}"},"query-input":{"@type":"PropertyValueSpecification","valueRequired":true,"valueName":"search_term_string"}}],"inLanguage":"pl-PL"}]}},"_links":{"self":[{"href":"https:\/\/abc-office.eu\/pl\/wp-json\/wp\/v2\/pages\/225940","targetHints":{"allow":["GET"]}}],"collection":[{"href":"https:\/\/abc-office.eu\/pl\/wp-json\/wp\/v2\/pages"}],"about":[{"href":"https:\/\/abc-office.eu\/pl\/wp-json\/wp\/v2\/types\/page"}],"author":[{"embeddable":true,"href":"https:\/\/abc-office.eu\/pl\/wp-json\/wp\/v2\/users\/1"}],"replies":[{"embeddable":true,"href":"https:\/\/abc-office.eu\/pl\/wp-json\/wp\/v2\/comments?post=225940"}],"version-history":[{"count":4,"href":"https:\/\/abc-office.eu\/pl\/wp-json\/wp\/v2\/pages\/225940\/revisions"}],"predecessor-version":[{"id":226334,"href":"https:\/\/abc-office.eu\/pl\/wp-json\/wp\/v2\/pages\/225940\/revisions\/226334"}],"wp:featuredmedia":[{"embeddable":true,"href":"https:\/\/abc-office.eu\/pl\/wp-json\/wp\/v2\/media\/225815"}],"wp:attachment":[{"href":"https:\/\/abc-office.eu\/pl\/wp-json\/wp\/v2\/media?parent=225940"}],"curies":[{"name":"wp","href":"https:\/\/api.w.org\/{rel}","templated":true}]}}