{"id":230226,"date":"2024-09-18T01:03:12","date_gmt":"2024-09-17T23:03:12","guid":{"rendered":"https:\/\/abc-office.eu\/?page_id=230226"},"modified":"2025-10-22T10:10:22","modified_gmt":"2025-10-22T08:10:22","slug":"autorisert-afrikaansoversetter-oslo","status":"publish","type":"page","link":"https:\/\/abc-office.eu\/no\/norge\/autorisert-oversettelse-norge\/autorisert-oversettelse-oslo\/autorisert-afrikaansoversetter-oslo\/","title":{"rendered":"Autorisert afrikaansoversetter Oslo"},"content":{"rendered":"<h2 data-start=\"175\" data-end=\"214\">Autorisert afrikaansoversetter Oslo<\/h2>\n<p style=\"text-align: justify;\" data-start=\"216\" data-end=\"595\">V\u00e5rt oversettelsesbyr\u00e5 spesialiserer seg p\u00e5 autoriserte og statsautoriserte oversettelser fra og til afrikaans. V\u00e5re autoriserte afrikaansoversettere med base i Oslo kan raskt behandle foresp\u00f8rselen din. Vi trenger kun \u00e5 motta en kopi av dokumentene som skal oversettes (alle formater aksepteres). Originaldokumentene er ikke lenger p\u00e5krevd (autorisert afrikaansoversetter Oslo).<\/p>\n<ol>\n<li style=\"text-align: justify;\">For det f\u00f8rste kan du bruke v\u00e5r e-postadresse (<a href=\"mailto:info@abc-office.eu\">info@abc-office.eu<\/a>), kontaktskjemaet, eller du kan ogs\u00e5 bruke v\u00e5r WhatsApp-lenke.<\/li>\n<li style=\"text-align: justify;\">For det andre, vennligst oppgi spr\u00e5ket du \u00f8nsker oversettelsen p\u00e5, og om du trenger at oversettelsen skal legaliseres av notarius publicus og\/eller apostilleres (kanselliet).<\/li>\n<li style=\"text-align: justify;\">For det tredje vil en av v\u00e5re prosjektledere raskt sende deg et pristilbud som oppgir prisen og leveringstiden for prosjektet. Vi svarer vanligvis innen 30 minutter. Dersom du ikke har mottatt svar innen en time, vennligst ring oss.<\/li>\n<li style=\"text-align: justify;\">For det fjerde \u2013 og viktigst \u2013 n\u00e5r tilbudet er akseptert, starter vi oversettelsesprosessen og sender deg de autoriserte oversettelsene per post. Hvis du ogs\u00e5 \u00f8nsker en kopi av oversettelsen per e-post, vennligst informer prosjektlederen, s\u00e5 sender vi den f\u00f8r originalen blir sendt.<\/li>\n<\/ol>\n<p style=\"text-align: justify;\" data-start=\"1434\" data-end=\"1715\">N\u00e5r det gjelder leveringstid, blir autoriserte oversettelser sendt med post eller DHL og\/eller e-post innen 2\u20133 virkedager. Det avhenger imidlertid av dokumentenes omfang og vanskelighetsgrad. For eksempel vil du vanligvis motta et dokument p\u00e5 \u00e9n side innen to virkedager per post.<\/p>\n<h3 data-start=\"1722\" data-end=\"1770\">Spr\u00e5k vi kan oversette fra og til afrikaans:<\/h3>\n<p style=\"text-align: justify;\" data-start=\"1772\" data-end=\"2640\">Albansk | Tysk | Amerikansk engelsk | Amharisk | Engelsk | Arabisk | Armensk | Aymara | Aserbajdsjansk | Baskisk | Bengali | Hviterussisk | Burmesisk | Bosnisk | Brasiliansk portugisisk | Bulgarsk | Kantonesisk | Katalansk | Sinhala | Kinesisk | Forenklet kinesisk | Tradisjonell kinesisk | Koreansk | Kroatisk | Dansk | Dari | Estisk | Ewe | Farsi | Finsk | Georgisk | Gresk | Guarani | Hebraisk | Hindi | Ungarsk | Indonesisk | Italiensk | Japansk | Kasakhisk | Khmer | Kirgisisk | Kurdisk | Lao | Latvisk | Lingala | Litauisk | Makedonsk | Malaysisk | Malayalam | Mandarin | Moldovisk | Mongolsk | Montenegrinsk | Nederlandsk | Norsk | Urdu | Usbekisk | Pashto | Punjabi | Persisk | Fula | Polsk | Spansk | Quechua | Rumensk | Russisk | Serbisk | Slovakisk | Slovensk | Svensk | Tamil | Tsjekkisk | Thai | Tyrkisk | Turkmensk | Ukrainsk | Vietnamesisk | Portugisisk<\/p>\n<h3 data-start=\"2647\" data-end=\"2687\">Her er noen eksempler p\u00e5 dokumenter:<\/h3>\n<p style=\"text-align: justify;\" data-start=\"2689\" data-end=\"3003\">F\u00f8dselsattest | Ekteskapsattest | Sivilstatusattest | Attest | Patent | Politiattest | Sertifikat | Ugiftattest | D\u00f8dsattest | Familieattest | Arbeidsattest | Selv\u00adangivelse | Vitnem\u00e5l | Pass | F\u00f8rerkort | Testament | Visum | Kontrakt | Skilsmisseavtale | Ekteskapskontrakt | Dom | Prosedyre | Fullmakt | Protokoll<\/p>\n<h3 data-start=\"3010\" data-end=\"3097\">Vanlige typer sertifiseringer\/legaliseringer (autorisert afrikaansoversetter Oslo):<\/h3>\n<ul>\n<li style=\"text-align: justify;\" data-start=\"3099\" data-end=\"3488\">Autorisert oversettelse: Vi leverer oversettelsen med v\u00e5rt stempel og signatur.<\/li>\n<li style=\"text-align: justify;\" data-start=\"3099\" data-end=\"3488\"><strong>Statsautorisert oversettelse:<\/strong> I Norge utf\u00f8res autoriserte oversettelser av statsautoriserte translat\u00f8rer, som har best\u00e5tt den offisielle autorisasjonspr\u00f8ven ved Norges Handelsh\u00f8yskole (NHH) og er godkjent av Kunnskapsdepartementet. Disse oversettelsene har juridisk gyldighet og er stemplet og signert av translat\u00f8ren som bekrefter at oversettelsen er en tro og n\u00f8yaktig gjengivelse av originaldokumentet. V\u00e5re samarbeidspartnere er statsautoriserte translat\u00f8rer i Norge, og vi s\u00f8rger for at oversettelsene blir akseptert av offentlige myndigheter, domstoler og utenlandske institusjoner b\u00e5de i Norge og internasjonalt.<\/li>\n<li style=\"text-align: justify;\" data-start=\"3099\" data-end=\"3488\">Legaliserte oversettelser: Notarius publicus legaliserer oversetterens signatur p\u00e5 oversettelsen.<\/li>\n<li style=\"text-align: justify;\" data-start=\"3099\" data-end=\"3488\">Oversettelse med apostille: Kanselliet legaliserer notariusens signatur.<\/li>\n<li style=\"text-align: justify;\" data-start=\"3099\" data-end=\"3488\">Oversettelse legalisert av ambassade eller konsulat: Vi organiserer den endelige legaliseringen gjennom ambassaden eller konsulatet.<\/li>\n<\/ul>\n<p style=\"text-align: justify;\" data-start=\"3495\" data-end=\"3792\">Som resultat \u2013 og takket v\u00e6re riktig sertifisering \u2013 vil oversettelsene bli akseptert i Norge og i utlandet. For sp\u00f8rsm\u00e5l om hvilken type sertifisering du trenger for dokumentene dine, ikke n\u00f8l med \u00e5 kontakte v\u00e5rt team. Vi veileder deg gjennom hele prosessen (autorisert afrikaansoversetter Oslo).<\/p>\n<p data-start=\"3799\" data-end=\"3836\">Vi ser frem til \u00e5 samarbeide med deg.<\/p>\n<p data-start=\"3838\" data-end=\"3861\"><a href=\"https:\/\/abc-office.eu\/no\/\"><strong data-start=\"3838\" data-end=\"3861\">ABC Translation LLC<\/strong><\/a><\/p>\n<p data-start=\"3838\" data-end=\"3861\"><img loading=\"lazy\" decoding=\"async\" class=\"aligncenter wp-image-271\" src=\"https:\/\/abc-office.ch\/wp-content\/uploads\/2018\/06\/imageedit_1_6241191614.gif\" alt=\"Autorisert afrikaansoversetter Oslo\" width=\"437\" height=\"437\" \/><\/p>\n","protected":false},"excerpt":{"rendered":"<p>Autorisert afrikaansoversetter Oslo V\u00e5rt oversettelsesbyr\u00e5 spesialiserer seg p\u00e5 autoriserte og statsautoriserte oversettelser fra og til afrikaans. V\u00e5re autoriserte afrikaansoversettere med base i Oslo kan raskt behandle foresp\u00f8rselen din. Vi trenger kun \u00e5 motta en kopi av dokumentene som skal oversettes (alle formater aksepteres). Originaldokumentene er ikke lenger p\u00e5krevd (autorisert afrikaansoversetter Oslo). For det f\u00f8rste kan&#8230;<\/p>\n","protected":false},"author":1,"featured_media":230227,"parent":230202,"menu_order":0,"comment_status":"closed","ping_status":"closed","template":"","meta":{"sfsi_plus_gutenberg_text_before_share":"","sfsi_plus_gutenberg_show_text_before_share":"","sfsi_plus_gutenberg_icon_type":"","sfsi_plus_gutenberg_icon_alignemt":"","sfsi_plus_gutenburg_max_per_row":"","footnotes":""},"class_list":["post-230226","page","type-page","status-publish","has-post-thumbnail","hentry"],"yoast_head":"<!-- This site is optimized with the Yoast SEO plugin v23.8 - https:\/\/yoast.com\/wordpress\/plugins\/seo\/ -->\n<title>Autorisert afrikaansoversetter Oslo | Statsautorisert<\/title>\n<meta name=\"description\" content=\"ABC Translation | Autorisert afrikaansoversetter Oslo | Statsautorisert afrikaansoversetter Oslo | Offisiell afrikaansoversettelse Oslo\" \/>\n<meta name=\"robots\" content=\"index, follow, max-snippet:-1, max-image-preview:large, max-video-preview:-1\" \/>\n<link rel=\"canonical\" href=\"https:\/\/abc-office.eu\/no\/norge\/autorisert-oversettelse-norge\/autorisert-oversettelse-oslo\/autorisert-afrikaansoversetter-oslo\/\" \/>\n<meta property=\"og:locale\" content=\"nb_NO\" \/>\n<meta property=\"og:type\" content=\"article\" \/>\n<meta property=\"og:title\" content=\"Autorisert afrikaansoversetter Oslo | Statsautorisert\" \/>\n<meta property=\"og:description\" content=\"ABC Translation | Autorisert afrikaansoversetter Oslo | Statsautorisert afrikaansoversetter Oslo | Offisiell afrikaansoversettelse Oslo\" \/>\n<meta property=\"og:url\" content=\"https:\/\/abc-office.eu\/no\/norge\/autorisert-oversettelse-norge\/autorisert-oversettelse-oslo\/autorisert-afrikaansoversetter-oslo\/\" \/>\n<meta property=\"og:site_name\" content=\"ABC Translation\" \/>\n<meta property=\"article:modified_time\" content=\"2025-10-22T08:10:22+00:00\" \/>\n<meta property=\"og:image\" content=\"https:\/\/abc-office.eu\/wp-content\/uploads\/2025\/10\/Afrikaans-9.jpg\" \/>\n\t<meta property=\"og:image:width\" content=\"669\" \/>\n\t<meta property=\"og:image:height\" content=\"491\" \/>\n\t<meta property=\"og:image:type\" content=\"image\/jpeg\" \/>\n<meta name=\"twitter:card\" content=\"summary_large_image\" \/>\n<meta name=\"twitter:label1\" content=\"Ansl. lesetid\" \/>\n\t<meta name=\"twitter:data1\" content=\"4 minutter\" \/>\n<script type=\"application\/ld+json\" class=\"yoast-schema-graph\">{\"@context\":\"https:\/\/schema.org\",\"@graph\":[{\"@type\":\"WebPage\",\"@id\":\"https:\/\/abc-office.eu\/no\/norge\/autorisert-oversettelse-norge\/autorisert-oversettelse-oslo\/autorisert-afrikaansoversetter-oslo\/\",\"url\":\"https:\/\/abc-office.eu\/no\/norge\/autorisert-oversettelse-norge\/autorisert-oversettelse-oslo\/autorisert-afrikaansoversetter-oslo\/\",\"name\":\"Autorisert afrikaansoversetter Oslo | Statsautorisert\",\"isPartOf\":{\"@id\":\"https:\/\/abc-office.eu\/no\/#website\"},\"primaryImageOfPage\":{\"@id\":\"https:\/\/abc-office.eu\/no\/norge\/autorisert-oversettelse-norge\/autorisert-oversettelse-oslo\/autorisert-afrikaansoversetter-oslo\/#primaryimage\"},\"image\":{\"@id\":\"https:\/\/abc-office.eu\/no\/norge\/autorisert-oversettelse-norge\/autorisert-oversettelse-oslo\/autorisert-afrikaansoversetter-oslo\/#primaryimage\"},\"thumbnailUrl\":\"https:\/\/abc-office.eu\/wp-content\/uploads\/2025\/10\/Afrikaans-9.jpg\",\"datePublished\":\"2024-09-17T23:03:12+00:00\",\"dateModified\":\"2025-10-22T08:10:22+00:00\",\"description\":\"ABC Translation | Autorisert afrikaansoversetter Oslo | Statsautorisert afrikaansoversetter Oslo | Offisiell afrikaansoversettelse Oslo\",\"breadcrumb\":{\"@id\":\"https:\/\/abc-office.eu\/no\/norge\/autorisert-oversettelse-norge\/autorisert-oversettelse-oslo\/autorisert-afrikaansoversetter-oslo\/#breadcrumb\"},\"inLanguage\":\"nb-NO\",\"potentialAction\":[{\"@type\":\"ReadAction\",\"target\":[\"https:\/\/abc-office.eu\/no\/norge\/autorisert-oversettelse-norge\/autorisert-oversettelse-oslo\/autorisert-afrikaansoversetter-oslo\/\"]}]},{\"@type\":\"ImageObject\",\"inLanguage\":\"nb-NO\",\"@id\":\"https:\/\/abc-office.eu\/no\/norge\/autorisert-oversettelse-norge\/autorisert-oversettelse-oslo\/autorisert-afrikaansoversetter-oslo\/#primaryimage\",\"url\":\"https:\/\/abc-office.eu\/wp-content\/uploads\/2025\/10\/Afrikaans-9.jpg\",\"contentUrl\":\"https:\/\/abc-office.eu\/wp-content\/uploads\/2025\/10\/Afrikaans-9.jpg\",\"width\":669,\"height\":491},{\"@type\":\"BreadcrumbList\",\"@id\":\"https:\/\/abc-office.eu\/no\/norge\/autorisert-oversettelse-norge\/autorisert-oversettelse-oslo\/autorisert-afrikaansoversetter-oslo\/#breadcrumb\",\"itemListElement\":[{\"@type\":\"ListItem\",\"position\":1,\"name\":\"Accueil\",\"item\":\"https:\/\/abc-office.eu\/no\/\"},{\"@type\":\"ListItem\",\"position\":2,\"name\":\"Norge\",\"item\":\"https:\/\/abc-office.eu\/no\/norge\/\"},{\"@type\":\"ListItem\",\"position\":3,\"name\":\"Autorisert oversettelse Norge\",\"item\":\"https:\/\/abc-office.eu\/no\/norge\/autorisert-oversettelse-norge\/\"},{\"@type\":\"ListItem\",\"position\":4,\"name\":\"Autorisert oversettelse Oslo\",\"item\":\"https:\/\/abc-office.eu\/no\/norge\/autorisert-oversettelse-norge\/autorisert-oversettelse-oslo\/\"},{\"@type\":\"ListItem\",\"position\":5,\"name\":\"Autorisert afrikaansoversetter Oslo\"}]},{\"@type\":\"WebSite\",\"@id\":\"https:\/\/abc-office.eu\/no\/#website\",\"url\":\"https:\/\/abc-office.eu\/no\/\",\"name\":\"ABC Translation\",\"description\":\"info@abc-office.eu\",\"potentialAction\":[{\"@type\":\"SearchAction\",\"target\":{\"@type\":\"EntryPoint\",\"urlTemplate\":\"https:\/\/abc-office.eu\/no\/?s={search_term_string}\"},\"query-input\":{\"@type\":\"PropertyValueSpecification\",\"valueRequired\":true,\"valueName\":\"search_term_string\"}}],\"inLanguage\":\"nb-NO\"}]}<\/script>\n<!-- \/ Yoast SEO plugin. -->","yoast_head_json":{"title":"Autorisert afrikaansoversetter Oslo | Statsautorisert","description":"ABC Translation | Autorisert afrikaansoversetter Oslo | Statsautorisert afrikaansoversetter Oslo | Offisiell afrikaansoversettelse Oslo","robots":{"index":"index","follow":"follow","max-snippet":"max-snippet:-1","max-image-preview":"max-image-preview:large","max-video-preview":"max-video-preview:-1"},"canonical":"https:\/\/abc-office.eu\/no\/norge\/autorisert-oversettelse-norge\/autorisert-oversettelse-oslo\/autorisert-afrikaansoversetter-oslo\/","og_locale":"nb_NO","og_type":"article","og_title":"Autorisert afrikaansoversetter Oslo | Statsautorisert","og_description":"ABC Translation | Autorisert afrikaansoversetter Oslo | Statsautorisert afrikaansoversetter Oslo | Offisiell afrikaansoversettelse Oslo","og_url":"https:\/\/abc-office.eu\/no\/norge\/autorisert-oversettelse-norge\/autorisert-oversettelse-oslo\/autorisert-afrikaansoversetter-oslo\/","og_site_name":"ABC Translation","article_modified_time":"2025-10-22T08:10:22+00:00","og_image":[{"width":669,"height":491,"url":"https:\/\/abc-office.eu\/wp-content\/uploads\/2025\/10\/Afrikaans-9.jpg","type":"image\/jpeg"}],"twitter_card":"summary_large_image","twitter_misc":{"Ansl. lesetid":"4 minutter"},"schema":{"@context":"https:\/\/schema.org","@graph":[{"@type":"WebPage","@id":"https:\/\/abc-office.eu\/no\/norge\/autorisert-oversettelse-norge\/autorisert-oversettelse-oslo\/autorisert-afrikaansoversetter-oslo\/","url":"https:\/\/abc-office.eu\/no\/norge\/autorisert-oversettelse-norge\/autorisert-oversettelse-oslo\/autorisert-afrikaansoversetter-oslo\/","name":"Autorisert afrikaansoversetter Oslo | Statsautorisert","isPartOf":{"@id":"https:\/\/abc-office.eu\/no\/#website"},"primaryImageOfPage":{"@id":"https:\/\/abc-office.eu\/no\/norge\/autorisert-oversettelse-norge\/autorisert-oversettelse-oslo\/autorisert-afrikaansoversetter-oslo\/#primaryimage"},"image":{"@id":"https:\/\/abc-office.eu\/no\/norge\/autorisert-oversettelse-norge\/autorisert-oversettelse-oslo\/autorisert-afrikaansoversetter-oslo\/#primaryimage"},"thumbnailUrl":"https:\/\/abc-office.eu\/wp-content\/uploads\/2025\/10\/Afrikaans-9.jpg","datePublished":"2024-09-17T23:03:12+00:00","dateModified":"2025-10-22T08:10:22+00:00","description":"ABC Translation | Autorisert afrikaansoversetter Oslo | Statsautorisert afrikaansoversetter Oslo | Offisiell afrikaansoversettelse Oslo","breadcrumb":{"@id":"https:\/\/abc-office.eu\/no\/norge\/autorisert-oversettelse-norge\/autorisert-oversettelse-oslo\/autorisert-afrikaansoversetter-oslo\/#breadcrumb"},"inLanguage":"nb-NO","potentialAction":[{"@type":"ReadAction","target":["https:\/\/abc-office.eu\/no\/norge\/autorisert-oversettelse-norge\/autorisert-oversettelse-oslo\/autorisert-afrikaansoversetter-oslo\/"]}]},{"@type":"ImageObject","inLanguage":"nb-NO","@id":"https:\/\/abc-office.eu\/no\/norge\/autorisert-oversettelse-norge\/autorisert-oversettelse-oslo\/autorisert-afrikaansoversetter-oslo\/#primaryimage","url":"https:\/\/abc-office.eu\/wp-content\/uploads\/2025\/10\/Afrikaans-9.jpg","contentUrl":"https:\/\/abc-office.eu\/wp-content\/uploads\/2025\/10\/Afrikaans-9.jpg","width":669,"height":491},{"@type":"BreadcrumbList","@id":"https:\/\/abc-office.eu\/no\/norge\/autorisert-oversettelse-norge\/autorisert-oversettelse-oslo\/autorisert-afrikaansoversetter-oslo\/#breadcrumb","itemListElement":[{"@type":"ListItem","position":1,"name":"Accueil","item":"https:\/\/abc-office.eu\/no\/"},{"@type":"ListItem","position":2,"name":"Norge","item":"https:\/\/abc-office.eu\/no\/norge\/"},{"@type":"ListItem","position":3,"name":"Autorisert oversettelse Norge","item":"https:\/\/abc-office.eu\/no\/norge\/autorisert-oversettelse-norge\/"},{"@type":"ListItem","position":4,"name":"Autorisert oversettelse Oslo","item":"https:\/\/abc-office.eu\/no\/norge\/autorisert-oversettelse-norge\/autorisert-oversettelse-oslo\/"},{"@type":"ListItem","position":5,"name":"Autorisert afrikaansoversetter Oslo"}]},{"@type":"WebSite","@id":"https:\/\/abc-office.eu\/no\/#website","url":"https:\/\/abc-office.eu\/no\/","name":"ABC Translation","description":"info@abc-office.eu","potentialAction":[{"@type":"SearchAction","target":{"@type":"EntryPoint","urlTemplate":"https:\/\/abc-office.eu\/no\/?s={search_term_string}"},"query-input":{"@type":"PropertyValueSpecification","valueRequired":true,"valueName":"search_term_string"}}],"inLanguage":"nb-NO"}]}},"_links":{"self":[{"href":"https:\/\/abc-office.eu\/no\/wp-json\/wp\/v2\/pages\/230226","targetHints":{"allow":["GET"]}}],"collection":[{"href":"https:\/\/abc-office.eu\/no\/wp-json\/wp\/v2\/pages"}],"about":[{"href":"https:\/\/abc-office.eu\/no\/wp-json\/wp\/v2\/types\/page"}],"author":[{"embeddable":true,"href":"https:\/\/abc-office.eu\/no\/wp-json\/wp\/v2\/users\/1"}],"replies":[{"embeddable":true,"href":"https:\/\/abc-office.eu\/no\/wp-json\/wp\/v2\/comments?post=230226"}],"version-history":[{"count":1,"href":"https:\/\/abc-office.eu\/no\/wp-json\/wp\/v2\/pages\/230226\/revisions"}],"predecessor-version":[{"id":230249,"href":"https:\/\/abc-office.eu\/no\/wp-json\/wp\/v2\/pages\/230226\/revisions\/230249"}],"up":[{"embeddable":true,"href":"https:\/\/abc-office.eu\/no\/wp-json\/wp\/v2\/pages\/230202"}],"wp:featuredmedia":[{"embeddable":true,"href":"https:\/\/abc-office.eu\/no\/wp-json\/wp\/v2\/media\/230227"}],"wp:attachment":[{"href":"https:\/\/abc-office.eu\/no\/wp-json\/wp\/v2\/media?parent=230226"}],"curies":[{"name":"wp","href":"https:\/\/api.w.org\/{rel}","templated":true}]}}