{"id":230157,"date":"2024-09-18T00:56:19","date_gmt":"2024-09-17T22:56:19","guid":{"rendered":"https:\/\/abc-office.eu\/?page_id=230157"},"modified":"2025-10-22T09:31:08","modified_gmt":"2025-10-22T07:31:08","slug":"autorisert-oversettelse-norge","status":"publish","type":"page","link":"https:\/\/abc-office.eu\/no\/norge\/autorisert-oversettelse-norge\/","title":{"rendered":"Autorisert oversettelse Norge"},"content":{"rendered":"<h2 data-start=\"155\" data-end=\"188\">Autorisert oversettelse Norge<\/h2>\n<p style=\"text-align: justify;\" data-start=\"190\" data-end=\"480\">V\u00e5rt byr\u00e5, ABC Translation, har i mange \u00e5r spesialisert seg innen autorisert oversettelse. Vi kan tilby deg alle tjenester knyttet til dette feltet \u2013 enten det gjelder offisiell oversettelse, enkel oversettelse eller tolketjenester (autorisert oversettelse Norge).<\/p>\n<p style=\"text-align: justify;\" data-start=\"482\" data-end=\"951\">Med et team p\u00e5 over 500 oversettere og tolker, vet vi hvordan vi skal h\u00e5ndtere ethvert prosjekt innen sv\u00e6rt korte tidsfrister. Kvalitet og reaksjonsevne er v\u00e5re n\u00f8kkelord for resultater som alltid lever opp til kundens forventninger.<br data-start=\"723\" data-end=\"726\" \/>Vi er til stede i hele Norge, og takket v\u00e6re denne tilstedev\u00e6relsen og v\u00e5r raske respons, har vi kunnet utvikle oss og tilbyr n\u00e5 oversettelsestjenester p\u00e5 mer enn 60 forskjellige spr\u00e5k (autorisert oversettelse Norge).<\/p>\n<h3 data-start=\"958\" data-end=\"985\">Offisiell oversettelse:<\/h3>\n<p style=\"text-align: justify;\" data-start=\"987\" data-end=\"1377\">Vi er spesialister p\u00e5 autorisert oversettelse for \u00e5 gj\u00f8re prosessen enklere for deg, enten du kommer til Norge eller skal reise til utlandet. Oversettelsene blir vanligvis legalisert hos v\u00e5r notarius publicus og deretter legalisert i kanselliet med apostille eller annen legalisering i henhold til gjeldende konvensjoner. V\u00e5re kunders leveringstider er ofte sv\u00e6rt korte.<\/p>\n<p style=\"text-align: justify;\" data-start=\"1379\" data-end=\"1732\">Derfor har vi utviklet et system som gj\u00f8r det mulig \u00e5 f\u00e5 dokumentene oversatt, legalisert og apostillert p\u00e5 rekordtid. For eksempel trenger vi bare to dager for \u00e5 gjennomf\u00f8re de ulike trinnene for et dokument p\u00e5 under fem sider. Disse oversettelsene kan deretter legaliseres av destinasjonslandets konsulat dersom det er n\u00f8dvendig.<\/p>\n<p style=\"text-align: justify;\" data-start=\"1734\" data-end=\"2085\">Den offisielle oversettelsen for godkjenning av utenlandske vitnem\u00e5l i Norge er ogs\u00e5 en del av v\u00e5re tjenester. Vi oversetter dokumentene og legaliserer dem deretter hos v\u00e5r notarius publicus, slik at de blir godkjent av de relevante instansene. Slik blir dokumentmappen din komplett og klar for vurdering av godkjenningsmyndighetene.<\/p>\n<h3 data-start=\"2092\" data-end=\"2102\">Spr\u00e5k:<\/h3>\n<p style=\"text-align: justify;\" data-start=\"2104\" data-end=\"2986\">Afrikaans | Albansk | Tysk | Amerikansk engelsk | Amharisk | Engelsk | Arabisk | Armensk | Aymara | Aserbajdsjansk | Baskisk | Bengali | Hviterussisk | Burmesisk | Bosnisk | Brasiliansk portugisisk | Bulgarsk | Kantonesisk | Katalansk | Sinhala | Kinesisk | Forenklet kinesisk | Tradisjonell kinesisk | Koreansk | Kroatisk | Dansk | Dari | Spansk | Estisk | Ewe | Farsi | Finsk | Georgisk | Gresk | Guarani | Hebraisk | Hindi | Ungarsk | Indonesisk | Italiensk | Japansk | Kasakhisk | Khmer | Kirgisisk | Kurdisk | Lao | Latvisk | Lingala | Litauisk | Makedonsk | Malaysisk | Malayalam | Mandarin | Moldovisk | Mongolsk | Montenegrinsk | Nederlandsk | Norsk | Urdu | Usbekisk | Pashto | Punjabi | Persisk | Fula | Polsk | Portugisisk | Quechua | Rumensk | Russisk | Serbisk | Slovakisk | Slovensk | Svensk | Tamil | Tsjekkisk | Thai | Tyrkisk | Turkmensk | Ukrainsk | Vietnamesisk<\/p>\n<h3 data-start=\"2993\" data-end=\"3008\">Dokumenter:<\/h3>\n<p style=\"text-align: justify;\" data-start=\"3010\" data-end=\"3326\">F\u00f8dselsattest | Ekteskapsattest | Sivilstatusattest | Attest | Patent | Politiattest | Sertifikat | Ugiftattest | D\u00f8dsattest | Familieattest | Arbeidsattest | Selv\u00adangivelse | Vitnem\u00e5l | Pass | F\u00f8rerkort | Testament | Visum | Kontrakt | Skilsmisseavtale | Ekteskapskontrakt | Dom | Prosedyre | Fullmakt | Protokoll<\/p>\n<p style=\"text-align: justify;\" data-start=\"3333\" data-end=\"3384\">For andre spr\u00e5k, ikke n\u00f8l med \u00e5 <strong data-start=\"3365\" data-end=\"3381\"><a href=\"https:\/\/abc-office.eu\/no\/\">kontakte<\/a> oss<\/strong>.<\/p>\n<p data-start=\"3333\" data-end=\"3384\"><img loading=\"lazy\" decoding=\"async\" class=\"aligncenter wp-image-26 size-medium\" src=\"https:\/\/abc-office.ch\/wp-content\/uploads\/2018\/06\/imageedit_1_6241191614-300x300.gif\" alt=\"Autorisert oversettelse Norge\" width=\"300\" height=\"300\" \/><\/p>\n","protected":false},"excerpt":{"rendered":"<p>Autorisert oversettelse Norge V\u00e5rt byr\u00e5, ABC Translation, har i mange \u00e5r spesialisert seg innen autorisert oversettelse. Vi kan tilby deg alle tjenester knyttet til dette feltet \u2013 enten det gjelder offisiell oversettelse, enkel oversettelse eller tolketjenester (autorisert oversettelse Norge). Med et team p\u00e5 over 500 oversettere og tolker, vet vi hvordan vi skal h\u00e5ndtere ethvert&#8230;<\/p>\n","protected":false},"author":1,"featured_media":230179,"parent":230132,"menu_order":0,"comment_status":"closed","ping_status":"closed","template":"","meta":{"sfsi_plus_gutenberg_text_before_share":"","sfsi_plus_gutenberg_show_text_before_share":"","sfsi_plus_gutenberg_icon_type":"","sfsi_plus_gutenberg_icon_alignemt":"","sfsi_plus_gutenburg_max_per_row":"","footnotes":""},"class_list":["post-230157","page","type-page","status-publish","has-post-thumbnail","hentry"],"yoast_head":"<!-- This site is optimized with the Yoast SEO plugin v23.8 - https:\/\/yoast.com\/wordpress\/plugins\/seo\/ -->\n<title>Autorisert oversettelse Norge | Statsautorisert translat\u00f8r Norge<\/title>\n<meta name=\"description\" content=\"ABC Translation | Autorisert oversettelse Norge | Statsautorisert translat\u00f8r Norge | Offisiell oversettelse Norge | Autorisert translat\u00f8r\" \/>\n<meta name=\"robots\" content=\"index, follow, max-snippet:-1, max-image-preview:large, max-video-preview:-1\" \/>\n<link rel=\"canonical\" href=\"https:\/\/abc-office.eu\/no\/norge\/autorisert-oversettelse-norge\/\" \/>\n<meta property=\"og:locale\" content=\"nb_NO\" \/>\n<meta property=\"og:type\" content=\"article\" \/>\n<meta property=\"og:title\" content=\"Autorisert oversettelse Norge | Statsautorisert translat\u00f8r Norge\" \/>\n<meta property=\"og:description\" content=\"ABC Translation | Autorisert oversettelse Norge | Statsautorisert translat\u00f8r Norge | Offisiell oversettelse Norge | Autorisert translat\u00f8r\" \/>\n<meta property=\"og:url\" content=\"https:\/\/abc-office.eu\/no\/norge\/autorisert-oversettelse-norge\/\" \/>\n<meta property=\"og:site_name\" content=\"ABC Translation\" \/>\n<meta property=\"article:modified_time\" content=\"2025-10-22T07:31:08+00:00\" \/>\n<meta property=\"og:image\" content=\"https:\/\/abc-office.eu\/wp-content\/uploads\/2025\/10\/rippled-norwegian-flag-720-542x340-1.jpg\" \/>\n\t<meta property=\"og:image:width\" content=\"542\" \/>\n\t<meta property=\"og:image:height\" content=\"340\" \/>\n\t<meta property=\"og:image:type\" content=\"image\/jpeg\" \/>\n<meta name=\"twitter:card\" content=\"summary_large_image\" \/>\n<meta name=\"twitter:label1\" content=\"Ansl. lesetid\" \/>\n\t<meta name=\"twitter:data1\" content=\"3 minutter\" \/>\n<script type=\"application\/ld+json\" class=\"yoast-schema-graph\">{\"@context\":\"https:\/\/schema.org\",\"@graph\":[{\"@type\":\"WebPage\",\"@id\":\"https:\/\/abc-office.eu\/no\/norge\/autorisert-oversettelse-norge\/\",\"url\":\"https:\/\/abc-office.eu\/no\/norge\/autorisert-oversettelse-norge\/\",\"name\":\"Autorisert oversettelse Norge | Statsautorisert translat\u00f8r Norge\",\"isPartOf\":{\"@id\":\"https:\/\/abc-office.eu\/no\/#website\"},\"primaryImageOfPage\":{\"@id\":\"https:\/\/abc-office.eu\/no\/norge\/autorisert-oversettelse-norge\/#primaryimage\"},\"image\":{\"@id\":\"https:\/\/abc-office.eu\/no\/norge\/autorisert-oversettelse-norge\/#primaryimage\"},\"thumbnailUrl\":\"https:\/\/abc-office.eu\/wp-content\/uploads\/2025\/10\/rippled-norwegian-flag-720-542x340-1.jpg\",\"datePublished\":\"2024-09-17T22:56:19+00:00\",\"dateModified\":\"2025-10-22T07:31:08+00:00\",\"description\":\"ABC Translation | Autorisert oversettelse Norge | Statsautorisert translat\u00f8r Norge | Offisiell oversettelse Norge | Autorisert translat\u00f8r\",\"breadcrumb\":{\"@id\":\"https:\/\/abc-office.eu\/no\/norge\/autorisert-oversettelse-norge\/#breadcrumb\"},\"inLanguage\":\"nb-NO\",\"potentialAction\":[{\"@type\":\"ReadAction\",\"target\":[\"https:\/\/abc-office.eu\/no\/norge\/autorisert-oversettelse-norge\/\"]}]},{\"@type\":\"ImageObject\",\"inLanguage\":\"nb-NO\",\"@id\":\"https:\/\/abc-office.eu\/no\/norge\/autorisert-oversettelse-norge\/#primaryimage\",\"url\":\"https:\/\/abc-office.eu\/wp-content\/uploads\/2025\/10\/rippled-norwegian-flag-720-542x340-1.jpg\",\"contentUrl\":\"https:\/\/abc-office.eu\/wp-content\/uploads\/2025\/10\/rippled-norwegian-flag-720-542x340-1.jpg\",\"width\":542,\"height\":340},{\"@type\":\"BreadcrumbList\",\"@id\":\"https:\/\/abc-office.eu\/no\/norge\/autorisert-oversettelse-norge\/#breadcrumb\",\"itemListElement\":[{\"@type\":\"ListItem\",\"position\":1,\"name\":\"Accueil\",\"item\":\"https:\/\/abc-office.eu\/no\/\"},{\"@type\":\"ListItem\",\"position\":2,\"name\":\"Norge\",\"item\":\"https:\/\/abc-office.eu\/no\/norge\/\"},{\"@type\":\"ListItem\",\"position\":3,\"name\":\"Autorisert oversettelse Norge\"}]},{\"@type\":\"WebSite\",\"@id\":\"https:\/\/abc-office.eu\/no\/#website\",\"url\":\"https:\/\/abc-office.eu\/no\/\",\"name\":\"ABC Translation\",\"description\":\"info@abc-office.eu\",\"potentialAction\":[{\"@type\":\"SearchAction\",\"target\":{\"@type\":\"EntryPoint\",\"urlTemplate\":\"https:\/\/abc-office.eu\/no\/?s={search_term_string}\"},\"query-input\":{\"@type\":\"PropertyValueSpecification\",\"valueRequired\":true,\"valueName\":\"search_term_string\"}}],\"inLanguage\":\"nb-NO\"}]}<\/script>\n<!-- \/ Yoast SEO plugin. -->","yoast_head_json":{"title":"Autorisert oversettelse Norge | Statsautorisert translat\u00f8r Norge","description":"ABC Translation | Autorisert oversettelse Norge | Statsautorisert translat\u00f8r Norge | Offisiell oversettelse Norge | Autorisert translat\u00f8r","robots":{"index":"index","follow":"follow","max-snippet":"max-snippet:-1","max-image-preview":"max-image-preview:large","max-video-preview":"max-video-preview:-1"},"canonical":"https:\/\/abc-office.eu\/no\/norge\/autorisert-oversettelse-norge\/","og_locale":"nb_NO","og_type":"article","og_title":"Autorisert oversettelse Norge | Statsautorisert translat\u00f8r Norge","og_description":"ABC Translation | Autorisert oversettelse Norge | Statsautorisert translat\u00f8r Norge | Offisiell oversettelse Norge | Autorisert translat\u00f8r","og_url":"https:\/\/abc-office.eu\/no\/norge\/autorisert-oversettelse-norge\/","og_site_name":"ABC Translation","article_modified_time":"2025-10-22T07:31:08+00:00","og_image":[{"width":542,"height":340,"url":"https:\/\/abc-office.eu\/wp-content\/uploads\/2025\/10\/rippled-norwegian-flag-720-542x340-1.jpg","type":"image\/jpeg"}],"twitter_card":"summary_large_image","twitter_misc":{"Ansl. lesetid":"3 minutter"},"schema":{"@context":"https:\/\/schema.org","@graph":[{"@type":"WebPage","@id":"https:\/\/abc-office.eu\/no\/norge\/autorisert-oversettelse-norge\/","url":"https:\/\/abc-office.eu\/no\/norge\/autorisert-oversettelse-norge\/","name":"Autorisert oversettelse Norge | Statsautorisert translat\u00f8r Norge","isPartOf":{"@id":"https:\/\/abc-office.eu\/no\/#website"},"primaryImageOfPage":{"@id":"https:\/\/abc-office.eu\/no\/norge\/autorisert-oversettelse-norge\/#primaryimage"},"image":{"@id":"https:\/\/abc-office.eu\/no\/norge\/autorisert-oversettelse-norge\/#primaryimage"},"thumbnailUrl":"https:\/\/abc-office.eu\/wp-content\/uploads\/2025\/10\/rippled-norwegian-flag-720-542x340-1.jpg","datePublished":"2024-09-17T22:56:19+00:00","dateModified":"2025-10-22T07:31:08+00:00","description":"ABC Translation | Autorisert oversettelse Norge | Statsautorisert translat\u00f8r Norge | Offisiell oversettelse Norge | Autorisert translat\u00f8r","breadcrumb":{"@id":"https:\/\/abc-office.eu\/no\/norge\/autorisert-oversettelse-norge\/#breadcrumb"},"inLanguage":"nb-NO","potentialAction":[{"@type":"ReadAction","target":["https:\/\/abc-office.eu\/no\/norge\/autorisert-oversettelse-norge\/"]}]},{"@type":"ImageObject","inLanguage":"nb-NO","@id":"https:\/\/abc-office.eu\/no\/norge\/autorisert-oversettelse-norge\/#primaryimage","url":"https:\/\/abc-office.eu\/wp-content\/uploads\/2025\/10\/rippled-norwegian-flag-720-542x340-1.jpg","contentUrl":"https:\/\/abc-office.eu\/wp-content\/uploads\/2025\/10\/rippled-norwegian-flag-720-542x340-1.jpg","width":542,"height":340},{"@type":"BreadcrumbList","@id":"https:\/\/abc-office.eu\/no\/norge\/autorisert-oversettelse-norge\/#breadcrumb","itemListElement":[{"@type":"ListItem","position":1,"name":"Accueil","item":"https:\/\/abc-office.eu\/no\/"},{"@type":"ListItem","position":2,"name":"Norge","item":"https:\/\/abc-office.eu\/no\/norge\/"},{"@type":"ListItem","position":3,"name":"Autorisert oversettelse Norge"}]},{"@type":"WebSite","@id":"https:\/\/abc-office.eu\/no\/#website","url":"https:\/\/abc-office.eu\/no\/","name":"ABC Translation","description":"info@abc-office.eu","potentialAction":[{"@type":"SearchAction","target":{"@type":"EntryPoint","urlTemplate":"https:\/\/abc-office.eu\/no\/?s={search_term_string}"},"query-input":{"@type":"PropertyValueSpecification","valueRequired":true,"valueName":"search_term_string"}}],"inLanguage":"nb-NO"}]}},"_links":{"self":[{"href":"https:\/\/abc-office.eu\/no\/wp-json\/wp\/v2\/pages\/230157","targetHints":{"allow":["GET"]}}],"collection":[{"href":"https:\/\/abc-office.eu\/no\/wp-json\/wp\/v2\/pages"}],"about":[{"href":"https:\/\/abc-office.eu\/no\/wp-json\/wp\/v2\/types\/page"}],"author":[{"embeddable":true,"href":"https:\/\/abc-office.eu\/no\/wp-json\/wp\/v2\/users\/1"}],"replies":[{"embeddable":true,"href":"https:\/\/abc-office.eu\/no\/wp-json\/wp\/v2\/comments?post=230157"}],"version-history":[{"count":1,"href":"https:\/\/abc-office.eu\/no\/wp-json\/wp\/v2\/pages\/230157\/revisions"}],"predecessor-version":[{"id":230201,"href":"https:\/\/abc-office.eu\/no\/wp-json\/wp\/v2\/pages\/230157\/revisions\/230201"}],"up":[{"embeddable":true,"href":"https:\/\/abc-office.eu\/no\/wp-json\/wp\/v2\/pages\/230132"}],"wp:featuredmedia":[{"embeddable":true,"href":"https:\/\/abc-office.eu\/no\/wp-json\/wp\/v2\/media\/230179"}],"wp:attachment":[{"href":"https:\/\/abc-office.eu\/no\/wp-json\/wp\/v2\/media?parent=230157"}],"curies":[{"name":"wp","href":"https:\/\/api.w.org\/{rel}","templated":true}]}}