{"id":230132,"date":"2023-09-08T09:50:48","date_gmt":"2023-09-08T07:50:48","guid":{"rendered":"https:\/\/abc-office.eu\/?page_id=230132"},"modified":"2025-10-24T14:25:00","modified_gmt":"2025-10-24T12:25:00","slug":"norge","status":"publish","type":"page","link":"https:\/\/abc-office.eu\/no\/norge\/","title":{"rendered":"Norge"},"content":{"rendered":"<h2>Norge<\/h2>\n<p style=\"text-align: justify;\">V\u00e5rt byr\u00e5, ABC Translation, spesialiserer seg p\u00e5 autorisert og valaehtet oversettelse p\u00e5 mer enn 80 spr\u00e5k, samt legalisering av dokumenter for offisiell bruk. V\u00e5rt team, basert i Norge, kan raskt behandle foresp\u00f8rselen din. Vi trenger kun \u00e5 motta en kopi av dokumentene som skal oversettes (alle filformater aksepteres). Originaldokumentene er ikke lenger p\u00e5krevd (Norge).<\/p>\n<ol>\n<li style=\"text-align: justify;\">For det f\u00f8rste kan du bruke v\u00e5r <strong data-start=\"579\" data-end=\"617\">e-postadresse<\/strong> (<a href=\"mailto:info@abc-office.eu\">info@abc-office.eu<\/a>), kontaktskjemaet eller v\u00e5r WhatsApp-lenke.<\/li>\n<li style=\"text-align: justify;\">For det andre, vennligst oppgi spr\u00e5ket du \u00f8nsker oversettelsen p\u00e5, og om du trenger at oversettelsen legaliseres av notarius publicus og\/eller apostilleres (kanselliet), samt om du trenger legalisering via ambassade eller konsulat.<\/li>\n<li style=\"text-align: justify;\">For det tredje, vil en av v\u00e5re prosjektledere raskt sende deg et tilbud som inneholder pris og leveringstid for prosjektet. Vi svarer vanligvis innen 30 minutter. Dersom du ikke har f\u00e5tt svar innen en time, ber vi deg vennligst ringe oss.<\/li>\n<li style=\"text-align: justify;\">For det fjerde og viktigst \u2013 n\u00e5r tilbudet er akseptert, starter vi oversettelses- eller legaliseringsprosessen og sender deg de autoriserte oversettelser og\/eller legaliseringene per post. Hvis du ogs\u00e5 \u00f8nsker en kopi av oversettelsen og legaliseringen via e-post, vennligst informer prosjektlederen, s\u00e5 sender vi det til deg f\u00f8r originalen sendes.<\/li>\n<\/ol>\n<p style=\"text-align: justify;\">N\u00e5r det gjelder behandlingstid, blir autorisert oversettelser og\/eller legaliseringer sendt med post eller DHL og\/eller e-post innen 2\u20133 virkedager. Dette avhenger imidlertid av omfanget og vanskelighetsgraden av dokumentene. For eksempel vil du vanligvis motta et dokument p\u00e5 \u00e9n side innen to virkedager per post.<\/p>\n<h3>V\u00e5re hovedspr\u00e5k:<\/h3>\n<p style=\"text-align: justify;\">Afrikaans | Albansk | Tysk | Amerikansk engelsk | Amharisk | Engelsk | Arabisk | Armensk | Aymara | Aserbajdsjansk | Baskisk | Bengali | Hviterussisk | Burmesisk | Bosnisk | Brasiliansk portugisisk | Bulgarsk | Kantonesisk | Katalansk | Sinhala | Kinesisk | Forenklet kinesisk | Tradisjonell kinesisk | Koreansk | Kroatisk | Dansk | Dari | Spansk | Estisk | Ewe | Farsi | Finsk | Georgisk | Gresk | Guarani | Hebraisk | Hindi | Ungarsk | Indonesisk | Italiensk | Japansk | Kasakhisk | Khmer | Kirgisisk | Kurdisk | Lao | Latvisk | Lingala | Litauisk | Makedonsk | Malaysisk | Malayalam | Mandarin | Moldovisk | Mongolsk | Montenegrinsk | Nederlandsk | Norsk | Urdu | Usbekisk | Pashto | Punjabi | Persisk | Fula | Polsk | Portugisisk | Quechua | Rumensk | Russisk | Serbisk | Slovakisk | Slovensk | Svensk | Tamil | Tsjekkisk | Thai | Tyrkisk | Turkmensk | Ukrainsk | Vietnamesisk<\/p>\n<h3>Eksempler p\u00e5 dokumenter:<\/h3>\n<p style=\"text-align: justify;\">F\u00f8dselsattest | Ekteskapsattest | Sivilstatusattest | Attest | Patent | Politiattest | Sertifikat | Ugiftattest | D\u00f8dsattest | Familieattest | Arbeidsattest | Selv\u00adangivelse | Vitnem\u00e5l | Pass | F\u00f8rerkort | Testament | Visum | Kontrakt | Skilsmisseavtale | Ekteskapskontrakt | Dom | Prosedyre | Fullmakt | Protokoll<\/p>\n<h3>Vanlige typer sertifiseringer \/ legaliseringer for oversettelser (Norge):<\/h3>\n<ul>\n<li style=\"text-align: justify;\"><strong data-start=\"3228\" data-end=\"3256\">Autorisert oversettelse:<\/strong> Vi leverer oversettelsen med v\u00e5rt stempel og signatur.<\/li>\n<li style=\"text-align: justify;\"><strong>Statsautorisert oversettelse:<\/strong> I Norge utf\u00f8res autoriserte oversettelser av statsautoriserte translat\u00f8rer, som har best\u00e5tt den offisielle autorisasjonspr\u00f8ven ved Norges Handelsh\u00f8yskole (NHH) og er godkjent av Kunnskapsdepartementet. Disse oversettelsene har juridisk gyldighet og er stemplet og signert av translat\u00f8ren som bekrefter at oversettelsen er en tro og n\u00f8yaktig gjengivelse av originaldokumentet. V\u00e5re samarbeidspartnere er statsautoriserte translat\u00f8rer i Norge, og vi s\u00f8rger for at oversettelsene blir akseptert av offentlige myndigheter, domstoler og utenlandske institusjoner b\u00e5de i Norge og internasjonalt.<\/li>\n<li style=\"text-align: justify;\"><strong data-start=\"3314\" data-end=\"3344\">Legaliserte oversettelser:<\/strong> Notarius publicus legaliserer oversetterens signatur p\u00e5 oversettelsen.<\/li>\n<li style=\"text-align: justify;\"><strong data-start=\"3418\" data-end=\"3449\">Oversettelse med apostille:<\/strong> Kanselliet legaliserer notariusens signatur.<\/li>\n<li><strong data-start=\"3497\" data-end=\"3553\">Oversettelse legalisert av ambassade eller konsulat:<\/strong> Ambassaden eller konsulatet legaliserer oversettelsen for bruk i utlandet.<\/li>\n<\/ul>\n<h3>Vanlige typer legaliseringer for offisielt bruk (Norge):<\/h3>\n<ul>\n<li><strong data-start=\"3699\" data-end=\"3730\">Legalisering med apostille:<\/strong> Landene som har undertegnet Haag-konvensjonen anerkjenner dokumentets gyldighet uten visum fra ambassade eller konsulat, forutsatt at dokumentet b\u00e6rer en apostille-legalisering.<\/li>\n<li><strong data-start=\"3911\" data-end=\"3956\">Legalisering av ambassade eller konsulat:<\/strong> For at dokumenter skal v\u00e6re gyldige i enkelte land, som for eksempel Kina, m\u00e5 de legaliseres ved ambassaden eller konsulatet. Alle dokumenter m\u00e5 f\u00f8rst legaliseres av <strong data-start=\"4123\" data-end=\"4144\">notarius publicus<\/strong> og <strong data-start=\"4148\" data-end=\"4174\">kanselliet\/prefekturet<\/strong> f\u00f8r ambassaden eller konsulatet kan p\u00e5f\u00f8re sin legalisering.<\/li>\n<li><strong data-start=\"4238\" data-end=\"4257\">Bekreftet kopi:<\/strong> En bekreftet kopi, ogs\u00e5 kalt <strong data-start=\"4287\" data-end=\"4298\">Vidimus<\/strong> eller <strong data-start=\"4305\" data-end=\"4315\">Brevet<\/strong>, er en kopi som er bekreftet av notarius publicus som identisk med originalen. N\u00e5r originaldokumenter er utstedt av utenlandske myndigheter, krever enkelte institusjoner bekreftede kopier som ogs\u00e5 er bekreftet av notarius publicus. Dette gjelder ogs\u00e5 for dokumenter som skal brukes i utlandet.<\/li>\n<li><strong data-start=\"4612\" data-end=\"4622\">Visum:<\/strong> Et visum er en legalisering som utf\u00f8res p\u00e5 en kopi av originaldokumentet. Dersom du ikke har originalen, kan vi fortsatt legalisere kopien.<\/li>\n<li><strong data-start=\"4765\" data-end=\"4794\">Legalisering av signatur:<\/strong> Ved \u00e5 legalisere en signatur bekrefter <strong data-start=\"4834\" data-end=\"4855\">notarius publicus<\/strong> signaturens ekthet: signaturen nederst p\u00e5 dokumentet tilh\u00f8rer personen som hevder \u00e5 ha signert det. Dette brukes hovedsakelig for <strong data-start=\"4986\" data-end=\"5000\">fullmakter<\/strong>.<\/li>\n<\/ul>\n<p style=\"text-align: justify;\" data-start=\"5010\" data-end=\"5343\">Som resultat, og takket v\u00e6re korrekt sertifisering, vil oversettelser og legaliseringer bli godkjent i Norge og i utlandet. Dersom du har sp\u00f8rsm\u00e5l om hvilken type sertifisering eller legalisering du trenger for dine dokumenter, ikke n\u00f8l med \u00e5 kontakte v\u00e5rt team. Vi vil veilede deg gjennom hele prosessen (Norge).<\/p>\n<p style=\"text-align: justify;\" data-start=\"5345\" data-end=\"5381\">Vi ser frem til et godt samarbeid.<\/p>\n<p style=\"text-align: justify;\" data-start=\"5383\" data-end=\"5406\"><a href=\"https:\/\/abc-office.eu\/no\/\"><strong data-start=\"5383\" data-end=\"5406\">ABC Translation LLC<\/strong><\/a><\/p>\n<p data-start=\"5383\" data-end=\"5406\"><img loading=\"lazy\" decoding=\"async\" class=\"aligncenter wp-image-271\" src=\"https:\/\/abc-office.ch\/wp-content\/uploads\/2018\/06\/imageedit_1_6241191614.gif\" alt=\"Norge\" width=\"437\" height=\"437\" \/><\/p>\n","protected":false},"excerpt":{"rendered":"<p>Norge V\u00e5rt byr\u00e5, ABC Translation, spesialiserer seg p\u00e5 autorisert og valaehtet oversettelse p\u00e5 mer enn 80 spr\u00e5k, samt legalisering av dokumenter for offisiell bruk. V\u00e5rt team, basert i Norge, kan raskt behandle foresp\u00f8rselen din. Vi trenger kun \u00e5 motta en kopi av dokumentene som skal oversettes (alle filformater aksepteres). Originaldokumentene er ikke lenger p\u00e5krevd (Norge)&#8230;.<\/p>\n","protected":false},"author":1,"featured_media":230133,"parent":0,"menu_order":0,"comment_status":"closed","ping_status":"closed","template":"","meta":{"sfsi_plus_gutenberg_text_before_share":"","sfsi_plus_gutenberg_show_text_before_share":"","sfsi_plus_gutenberg_icon_type":"","sfsi_plus_gutenberg_icon_alignemt":"","sfsi_plus_gutenburg_max_per_row":"","footnotes":""},"class_list":["post-230132","page","type-page","status-publish","has-post-thumbnail","hentry"],"yoast_head":"<!-- This site is optimized with the Yoast SEO plugin v23.8 - https:\/\/yoast.com\/wordpress\/plugins\/seo\/ -->\n<title>Autorisert oversettelse Norge | Statsautorisert translat\u00f8r Norge<\/title>\n<meta name=\"description\" content=\"ABC Translation | Autorisert oversettelse Norge | Statsautorisert translat\u00f8r Norge | Legalisering hos notarius publicus | Apostille Konsulat\" \/>\n<meta name=\"robots\" content=\"index, follow, max-snippet:-1, max-image-preview:large, max-video-preview:-1\" \/>\n<link rel=\"canonical\" href=\"https:\/\/abc-office.eu\/no\/norge\/\" \/>\n<meta property=\"og:locale\" content=\"nb_NO\" \/>\n<meta property=\"og:type\" content=\"article\" \/>\n<meta property=\"og:title\" content=\"Autorisert oversettelse Norge | Statsautorisert translat\u00f8r Norge\" \/>\n<meta property=\"og:description\" content=\"ABC Translation | Autorisert oversettelse Norge | Statsautorisert translat\u00f8r Norge | Legalisering hos notarius publicus | Apostille Konsulat\" \/>\n<meta property=\"og:url\" content=\"https:\/\/abc-office.eu\/no\/norge\/\" \/>\n<meta property=\"og:site_name\" content=\"ABC Translation\" \/>\n<meta property=\"article:modified_time\" content=\"2025-10-24T12:25:00+00:00\" \/>\n<meta property=\"og:image\" content=\"https:\/\/abc-office.eu\/wp-content\/uploads\/2025\/10\/Norway-768x432-1.jpg\" \/>\n\t<meta property=\"og:image:width\" content=\"768\" \/>\n\t<meta property=\"og:image:height\" content=\"432\" \/>\n\t<meta property=\"og:image:type\" content=\"image\/jpeg\" \/>\n<meta name=\"twitter:card\" content=\"summary_large_image\" \/>\n<meta name=\"twitter:label1\" content=\"Ansl. lesetid\" \/>\n\t<meta name=\"twitter:data1\" content=\"4 minutter\" \/>\n<script type=\"application\/ld+json\" class=\"yoast-schema-graph\">{\"@context\":\"https:\/\/schema.org\",\"@graph\":[{\"@type\":\"WebPage\",\"@id\":\"https:\/\/abc-office.eu\/no\/norge\/\",\"url\":\"https:\/\/abc-office.eu\/no\/norge\/\",\"name\":\"Autorisert oversettelse Norge | Statsautorisert translat\u00f8r Norge\",\"isPartOf\":{\"@id\":\"https:\/\/abc-office.eu\/no\/#website\"},\"primaryImageOfPage\":{\"@id\":\"https:\/\/abc-office.eu\/no\/norge\/#primaryimage\"},\"image\":{\"@id\":\"https:\/\/abc-office.eu\/no\/norge\/#primaryimage\"},\"thumbnailUrl\":\"https:\/\/abc-office.eu\/wp-content\/uploads\/2025\/10\/Norway-768x432-1.jpg\",\"datePublished\":\"2023-09-08T07:50:48+00:00\",\"dateModified\":\"2025-10-24T12:25:00+00:00\",\"description\":\"ABC Translation | Autorisert oversettelse Norge | Statsautorisert translat\u00f8r Norge | Legalisering hos notarius publicus | Apostille Konsulat\",\"breadcrumb\":{\"@id\":\"https:\/\/abc-office.eu\/no\/norge\/#breadcrumb\"},\"inLanguage\":\"nb-NO\",\"potentialAction\":[{\"@type\":\"ReadAction\",\"target\":[\"https:\/\/abc-office.eu\/no\/norge\/\"]}]},{\"@type\":\"ImageObject\",\"inLanguage\":\"nb-NO\",\"@id\":\"https:\/\/abc-office.eu\/no\/norge\/#primaryimage\",\"url\":\"https:\/\/abc-office.eu\/wp-content\/uploads\/2025\/10\/Norway-768x432-1.jpg\",\"contentUrl\":\"https:\/\/abc-office.eu\/wp-content\/uploads\/2025\/10\/Norway-768x432-1.jpg\",\"width\":768,\"height\":432},{\"@type\":\"BreadcrumbList\",\"@id\":\"https:\/\/abc-office.eu\/no\/norge\/#breadcrumb\",\"itemListElement\":[{\"@type\":\"ListItem\",\"position\":1,\"name\":\"Accueil\",\"item\":\"https:\/\/abc-office.eu\/no\/\"},{\"@type\":\"ListItem\",\"position\":2,\"name\":\"Norge\"}]},{\"@type\":\"WebSite\",\"@id\":\"https:\/\/abc-office.eu\/no\/#website\",\"url\":\"https:\/\/abc-office.eu\/no\/\",\"name\":\"ABC Translation\",\"description\":\"info@abc-office.eu\",\"potentialAction\":[{\"@type\":\"SearchAction\",\"target\":{\"@type\":\"EntryPoint\",\"urlTemplate\":\"https:\/\/abc-office.eu\/no\/?s={search_term_string}\"},\"query-input\":{\"@type\":\"PropertyValueSpecification\",\"valueRequired\":true,\"valueName\":\"search_term_string\"}}],\"inLanguage\":\"nb-NO\"}]}<\/script>\n<!-- \/ Yoast SEO plugin. -->","yoast_head_json":{"title":"Autorisert oversettelse Norge | Statsautorisert translat\u00f8r Norge","description":"ABC Translation | Autorisert oversettelse Norge | Statsautorisert translat\u00f8r Norge | Legalisering hos notarius publicus | Apostille Konsulat","robots":{"index":"index","follow":"follow","max-snippet":"max-snippet:-1","max-image-preview":"max-image-preview:large","max-video-preview":"max-video-preview:-1"},"canonical":"https:\/\/abc-office.eu\/no\/norge\/","og_locale":"nb_NO","og_type":"article","og_title":"Autorisert oversettelse Norge | Statsautorisert translat\u00f8r Norge","og_description":"ABC Translation | Autorisert oversettelse Norge | Statsautorisert translat\u00f8r Norge | Legalisering hos notarius publicus | Apostille Konsulat","og_url":"https:\/\/abc-office.eu\/no\/norge\/","og_site_name":"ABC Translation","article_modified_time":"2025-10-24T12:25:00+00:00","og_image":[{"width":768,"height":432,"url":"https:\/\/abc-office.eu\/wp-content\/uploads\/2025\/10\/Norway-768x432-1.jpg","type":"image\/jpeg"}],"twitter_card":"summary_large_image","twitter_misc":{"Ansl. lesetid":"4 minutter"},"schema":{"@context":"https:\/\/schema.org","@graph":[{"@type":"WebPage","@id":"https:\/\/abc-office.eu\/no\/norge\/","url":"https:\/\/abc-office.eu\/no\/norge\/","name":"Autorisert oversettelse Norge | Statsautorisert translat\u00f8r Norge","isPartOf":{"@id":"https:\/\/abc-office.eu\/no\/#website"},"primaryImageOfPage":{"@id":"https:\/\/abc-office.eu\/no\/norge\/#primaryimage"},"image":{"@id":"https:\/\/abc-office.eu\/no\/norge\/#primaryimage"},"thumbnailUrl":"https:\/\/abc-office.eu\/wp-content\/uploads\/2025\/10\/Norway-768x432-1.jpg","datePublished":"2023-09-08T07:50:48+00:00","dateModified":"2025-10-24T12:25:00+00:00","description":"ABC Translation | Autorisert oversettelse Norge | Statsautorisert translat\u00f8r Norge | Legalisering hos notarius publicus | Apostille Konsulat","breadcrumb":{"@id":"https:\/\/abc-office.eu\/no\/norge\/#breadcrumb"},"inLanguage":"nb-NO","potentialAction":[{"@type":"ReadAction","target":["https:\/\/abc-office.eu\/no\/norge\/"]}]},{"@type":"ImageObject","inLanguage":"nb-NO","@id":"https:\/\/abc-office.eu\/no\/norge\/#primaryimage","url":"https:\/\/abc-office.eu\/wp-content\/uploads\/2025\/10\/Norway-768x432-1.jpg","contentUrl":"https:\/\/abc-office.eu\/wp-content\/uploads\/2025\/10\/Norway-768x432-1.jpg","width":768,"height":432},{"@type":"BreadcrumbList","@id":"https:\/\/abc-office.eu\/no\/norge\/#breadcrumb","itemListElement":[{"@type":"ListItem","position":1,"name":"Accueil","item":"https:\/\/abc-office.eu\/no\/"},{"@type":"ListItem","position":2,"name":"Norge"}]},{"@type":"WebSite","@id":"https:\/\/abc-office.eu\/no\/#website","url":"https:\/\/abc-office.eu\/no\/","name":"ABC Translation","description":"info@abc-office.eu","potentialAction":[{"@type":"SearchAction","target":{"@type":"EntryPoint","urlTemplate":"https:\/\/abc-office.eu\/no\/?s={search_term_string}"},"query-input":{"@type":"PropertyValueSpecification","valueRequired":true,"valueName":"search_term_string"}}],"inLanguage":"nb-NO"}]}},"_links":{"self":[{"href":"https:\/\/abc-office.eu\/no\/wp-json\/wp\/v2\/pages\/230132","targetHints":{"allow":["GET"]}}],"collection":[{"href":"https:\/\/abc-office.eu\/no\/wp-json\/wp\/v2\/pages"}],"about":[{"href":"https:\/\/abc-office.eu\/no\/wp-json\/wp\/v2\/types\/page"}],"author":[{"embeddable":true,"href":"https:\/\/abc-office.eu\/no\/wp-json\/wp\/v2\/users\/1"}],"replies":[{"embeddable":true,"href":"https:\/\/abc-office.eu\/no\/wp-json\/wp\/v2\/comments?post=230132"}],"version-history":[{"count":3,"href":"https:\/\/abc-office.eu\/no\/wp-json\/wp\/v2\/pages\/230132\/revisions"}],"predecessor-version":[{"id":231083,"href":"https:\/\/abc-office.eu\/no\/wp-json\/wp\/v2\/pages\/230132\/revisions\/231083"}],"wp:featuredmedia":[{"embeddable":true,"href":"https:\/\/abc-office.eu\/no\/wp-json\/wp\/v2\/media\/230133"}],"wp:attachment":[{"href":"https:\/\/abc-office.eu\/no\/wp-json\/wp\/v2\/media?parent=230132"}],"curies":[{"name":"wp","href":"https:\/\/api.w.org\/{rel}","templated":true}]}}