{"id":230100,"date":"2022-04-25T10:26:44","date_gmt":"2022-04-25T08:26:44","guid":{"rendered":"https:\/\/abc-office.eu\/?page_id=230100"},"modified":"2025-10-22T07:32:08","modified_gmt":"2025-10-22T05:32:08","slug":"kontakt","status":"publish","type":"page","link":"https:\/\/abc-office.eu\/no\/kontakt\/","title":{"rendered":"Kontakt"},"content":{"rendered":"<h2 data-start=\"121\" data-end=\"184\">Kontakt \u2013 dine oversettelsesbyr\u00e5er i Den europeiske union<\/h2>\n<p data-start=\"185\" data-end=\"217\">E-post: <a class=\"decorated-link cursor-pointer\" href=\"mailto:info@abc-office.eu\" rel=\"noopener\" data-start=\"197\" data-end=\"215\">info@abc-office.eu<\/a><\/p>\n<h3 data-start=\"224\" data-end=\"243\">ABC Translation<\/h3>\n<p style=\"text-align: justify;\" data-start=\"245\" data-end=\"991\">V\u00e5re <strong data-start=\"250\" data-end=\"284\">oversettere og korrekturlesere<\/strong>, basert i <strong data-start=\"295\" data-end=\"319\">Den europeiske union<\/strong>, har alle fullf\u00f8rt en <strong data-start=\"342\" data-end=\"371\">mastergrad i oversettelse<\/strong>. De er spesialister innen ulike fagomr\u00e5der som <strong data-start=\"419\" data-end=\"471\">markedsf\u00f8ring, \u00f8konomi, politikk, jus og medisin<\/strong>.<br data-start=\"472\" data-end=\"475\" \/>For en rask henvendelse kan du fylle ut <strong data-start=\"515\" data-end=\"553\">skjemaet p\u00e5 h\u00f8yre side av skjermen<\/strong>. Deretter vil v\u00e5rt team sende deg et <strong data-start=\"591\" data-end=\"601\">tilbud<\/strong> som viser b\u00e5de <strong data-start=\"617\" data-end=\"649\">kostnadene og leveringstiden<\/strong> for oversettelsen.<br data-start=\"668\" data-end=\"671\" \/>V\u00e5rt tilbud inkluderer <strong data-start=\"694\" data-end=\"728\">selve oversettelsen av teksten<\/strong> samt en <strong data-start=\"737\" data-end=\"786\">korrekturlesing utf\u00f8rt av en annen oversetter<\/strong> for \u00e5 sikre h\u00f8yeste kvalitet p\u00e5 arbeidet.<br data-start=\"828\" data-end=\"831\" \/>N\u00e5r teksten er <strong data-start=\"846\" data-end=\"875\">oversatt og korrekturlest<\/strong>, sender vi den tilbake til deg <strong data-start=\"907\" data-end=\"921\">via e-post<\/strong> eller <strong data-start=\"928\" data-end=\"940\">per post<\/strong> dersom det gjelder en <strong data-start=\"963\" data-end=\"990\">autorisert oversettelse<\/strong>.<\/p>\n<p style=\"text-align: justify;\" data-start=\"998\" data-end=\"1308\">Kvaliteten p\u00e5 arbeidet m\u00e5 v\u00e6re <strong data-start=\"1029\" data-end=\"1069\">perfekt n\u00e5r det gjelder oversettelse<\/strong>.<br data-start=\"1070\" data-end=\"1073\" \/>Takket v\u00e6re v\u00e5re viktigste styrker \u2013 <strong data-start=\"1110\" data-end=\"1152\">presisjon, effektivitet og punktlighet<\/strong> \u2013 samarbeider vi daglig med et stort antall <strong data-start=\"1197\" data-end=\"1228\">bedrifter og privatpersoner<\/strong>.<br data-start=\"1229\" data-end=\"1232\" \/>Vi oversetter <strong data-start=\"1246\" data-end=\"1307\">nettsider, offisielle dokumenter og fagspesifikke tekster<\/strong>.<\/p>\n<p style=\"text-align: justify;\" data-start=\"1315\" data-end=\"1789\">Vi fastsetter v\u00e5re <strong data-start=\"1334\" data-end=\"1384\">prisniv\u00e5er i henhold til et n\u00f8yaktig EU-system<\/strong>.<br data-start=\"1385\" data-end=\"1388\" \/>Denne ordningen ble etablert for \u00e5 opprette et <strong data-start=\"1435\" data-end=\"1500\">prissystem som tar hensyn til kildetekstens vanskelighetsgrad<\/strong>.<br data-start=\"1501\" data-end=\"1504\" \/>Prisen kan beregnes enten <strong data-start=\"1530\" data-end=\"1541\">per ord<\/strong> eller <strong data-start=\"1548\" data-end=\"1572\">per linje p\u00e5 55 tegn<\/strong>.<br data-start=\"1573\" data-end=\"1576\" \/>Dette systemet sikrer <strong data-start=\"1598\" data-end=\"1629\">full \u00e5penhet overfor kunden<\/strong> og gj\u00f8r det mulig \u00e5 utarbeide <strong data-start=\"1660\" data-end=\"1694\">korrekte og rettferdige tilbud<\/strong>.<br data-start=\"1695\" data-end=\"1698\" \/>Vi arbeider med <strong data-start=\"1714\" data-end=\"1753\">bedrifter s\u00e5 vel som privatpersoner<\/strong> over hele <strong data-start=\"1764\" data-end=\"1788\">Den europeiske <a href=\"https:\/\/abc-office.eu\/no\/\">union<\/a><\/strong>.<\/p>\n<p data-start=\"1315\" data-end=\"1789\"><img loading=\"lazy\" decoding=\"async\" class=\"aligncenter wp-image-28719\" src=\"https:\/\/abc-office.eu\/wp-content\/uploads\/2017\/02\/second_image-300x200.jpg\" alt=\"Kontakt\" width=\"715\" height=\"476\" srcset=\"https:\/\/abc-office.eu\/wp-content\/uploads\/2017\/02\/second_image-300x200.jpg 300w, https:\/\/abc-office.eu\/wp-content\/uploads\/2017\/02\/second_image-1024x682.jpg 1024w, https:\/\/abc-office.eu\/wp-content\/uploads\/2017\/02\/second_image-768x512.jpg 768w, https:\/\/abc-office.eu\/wp-content\/uploads\/2017\/02\/second_image-1080x720.jpg 1080w, https:\/\/abc-office.eu\/wp-content\/uploads\/2017\/02\/second_image-1280x853.jpg 1280w, https:\/\/abc-office.eu\/wp-content\/uploads\/2017\/02\/second_image-980x653.jpg 980w, https:\/\/abc-office.eu\/wp-content\/uploads\/2017\/02\/second_image-480x320.jpg 480w, https:\/\/abc-office.eu\/wp-content\/uploads\/2017\/02\/second_image.jpg 1400w\" sizes=\"auto, (max-width: 715px) 100vw, 715px\" \/><\/p>\n","protected":false},"excerpt":{"rendered":"<p>Kontakt \u2013 dine oversettelsesbyr\u00e5er i Den europeiske union E-post: info@abc-office.eu ABC Translation V\u00e5re oversettere og korrekturlesere, basert i Den europeiske union, har alle fullf\u00f8rt en mastergrad i oversettelse. De er spesialister innen ulike fagomr\u00e5der som markedsf\u00f8ring, \u00f8konomi, politikk, jus og medisin.For en rask henvendelse kan du fylle ut skjemaet p\u00e5 h\u00f8yre side av skjermen. Deretter&#8230;<\/p>\n","protected":false},"author":1,"featured_media":230101,"parent":0,"menu_order":0,"comment_status":"closed","ping_status":"closed","template":"","meta":{"sfsi_plus_gutenberg_text_before_share":"","sfsi_plus_gutenberg_show_text_before_share":"","sfsi_plus_gutenberg_icon_type":"","sfsi_plus_gutenberg_icon_alignemt":"","sfsi_plus_gutenburg_max_per_row":"","footnotes":""},"class_list":["post-230100","page","type-page","status-publish","has-post-thumbnail","hentry"],"yoast_head":"<!-- This site is optimized with the Yoast SEO plugin v23.8 - https:\/\/yoast.com\/wordpress\/plugins\/seo\/ -->\n<title>Kontakt oversettelse | Oversetter | Den europeiske union<\/title>\n<meta name=\"description\" content=\"ABC Translation | Kontakt | Nettsideoversettelse | Oversettelse av offisielle dokumenter | Fagoversettelse | Den europeiske union\" \/>\n<meta name=\"robots\" content=\"index, follow, max-snippet:-1, max-image-preview:large, max-video-preview:-1\" \/>\n<link rel=\"canonical\" href=\"https:\/\/abc-office.eu\/no\/kontakt\/\" \/>\n<meta property=\"og:locale\" content=\"nb_NO\" \/>\n<meta property=\"og:type\" content=\"article\" \/>\n<meta property=\"og:title\" content=\"Kontakt oversettelse | Oversetter | Den europeiske union\" \/>\n<meta property=\"og:description\" content=\"ABC Translation | Kontakt | Nettsideoversettelse | Oversettelse av offisielle dokumenter | Fagoversettelse | Den europeiske union\" \/>\n<meta property=\"og:url\" content=\"https:\/\/abc-office.eu\/no\/kontakt\/\" \/>\n<meta property=\"og:site_name\" content=\"ABC Translation\" \/>\n<meta property=\"article:modified_time\" content=\"2025-10-22T05:32:08+00:00\" \/>\n<meta property=\"og:image\" content=\"https:\/\/abc-office.eu\/wp-content\/uploads\/2025\/10\/Flag_of_Europe-2-768x512-10.png\" \/>\n\t<meta property=\"og:image:width\" content=\"768\" \/>\n\t<meta property=\"og:image:height\" content=\"512\" \/>\n\t<meta property=\"og:image:type\" content=\"image\/png\" \/>\n<meta name=\"twitter:card\" content=\"summary_large_image\" \/>\n<meta name=\"twitter:label1\" content=\"Ansl. lesetid\" \/>\n\t<meta name=\"twitter:data1\" content=\"2 minutter\" \/>\n<script type=\"application\/ld+json\" class=\"yoast-schema-graph\">{\"@context\":\"https:\/\/schema.org\",\"@graph\":[{\"@type\":\"WebPage\",\"@id\":\"https:\/\/abc-office.eu\/no\/kontakt\/\",\"url\":\"https:\/\/abc-office.eu\/no\/kontakt\/\",\"name\":\"Kontakt oversettelse | Oversetter | Den europeiske union\",\"isPartOf\":{\"@id\":\"https:\/\/abc-office.eu\/no\/#website\"},\"primaryImageOfPage\":{\"@id\":\"https:\/\/abc-office.eu\/no\/kontakt\/#primaryimage\"},\"image\":{\"@id\":\"https:\/\/abc-office.eu\/no\/kontakt\/#primaryimage\"},\"thumbnailUrl\":\"https:\/\/abc-office.eu\/wp-content\/uploads\/2025\/10\/Flag_of_Europe-2-768x512-10.png\",\"datePublished\":\"2022-04-25T08:26:44+00:00\",\"dateModified\":\"2025-10-22T05:32:08+00:00\",\"description\":\"ABC Translation | Kontakt | Nettsideoversettelse | Oversettelse av offisielle dokumenter | Fagoversettelse | Den europeiske union\",\"breadcrumb\":{\"@id\":\"https:\/\/abc-office.eu\/no\/kontakt\/#breadcrumb\"},\"inLanguage\":\"nb-NO\",\"potentialAction\":[{\"@type\":\"ReadAction\",\"target\":[\"https:\/\/abc-office.eu\/no\/kontakt\/\"]}]},{\"@type\":\"ImageObject\",\"inLanguage\":\"nb-NO\",\"@id\":\"https:\/\/abc-office.eu\/no\/kontakt\/#primaryimage\",\"url\":\"https:\/\/abc-office.eu\/wp-content\/uploads\/2025\/10\/Flag_of_Europe-2-768x512-10.png\",\"contentUrl\":\"https:\/\/abc-office.eu\/wp-content\/uploads\/2025\/10\/Flag_of_Europe-2-768x512-10.png\",\"width\":768,\"height\":512},{\"@type\":\"BreadcrumbList\",\"@id\":\"https:\/\/abc-office.eu\/no\/kontakt\/#breadcrumb\",\"itemListElement\":[{\"@type\":\"ListItem\",\"position\":1,\"name\":\"Accueil\",\"item\":\"https:\/\/abc-office.eu\/no\/\"},{\"@type\":\"ListItem\",\"position\":2,\"name\":\"Kontakt\"}]},{\"@type\":\"WebSite\",\"@id\":\"https:\/\/abc-office.eu\/no\/#website\",\"url\":\"https:\/\/abc-office.eu\/no\/\",\"name\":\"ABC Translation\",\"description\":\"info@abc-office.eu\",\"potentialAction\":[{\"@type\":\"SearchAction\",\"target\":{\"@type\":\"EntryPoint\",\"urlTemplate\":\"https:\/\/abc-office.eu\/no\/?s={search_term_string}\"},\"query-input\":{\"@type\":\"PropertyValueSpecification\",\"valueRequired\":true,\"valueName\":\"search_term_string\"}}],\"inLanguage\":\"nb-NO\"}]}<\/script>\n<!-- \/ Yoast SEO plugin. -->","yoast_head_json":{"title":"Kontakt oversettelse | Oversetter | Den europeiske union","description":"ABC Translation | Kontakt | Nettsideoversettelse | Oversettelse av offisielle dokumenter | Fagoversettelse | Den europeiske union","robots":{"index":"index","follow":"follow","max-snippet":"max-snippet:-1","max-image-preview":"max-image-preview:large","max-video-preview":"max-video-preview:-1"},"canonical":"https:\/\/abc-office.eu\/no\/kontakt\/","og_locale":"nb_NO","og_type":"article","og_title":"Kontakt oversettelse | Oversetter | Den europeiske union","og_description":"ABC Translation | Kontakt | Nettsideoversettelse | Oversettelse av offisielle dokumenter | Fagoversettelse | Den europeiske union","og_url":"https:\/\/abc-office.eu\/no\/kontakt\/","og_site_name":"ABC Translation","article_modified_time":"2025-10-22T05:32:08+00:00","og_image":[{"width":768,"height":512,"url":"https:\/\/abc-office.eu\/wp-content\/uploads\/2025\/10\/Flag_of_Europe-2-768x512-10.png","type":"image\/png"}],"twitter_card":"summary_large_image","twitter_misc":{"Ansl. lesetid":"2 minutter"},"schema":{"@context":"https:\/\/schema.org","@graph":[{"@type":"WebPage","@id":"https:\/\/abc-office.eu\/no\/kontakt\/","url":"https:\/\/abc-office.eu\/no\/kontakt\/","name":"Kontakt oversettelse | Oversetter | Den europeiske union","isPartOf":{"@id":"https:\/\/abc-office.eu\/no\/#website"},"primaryImageOfPage":{"@id":"https:\/\/abc-office.eu\/no\/kontakt\/#primaryimage"},"image":{"@id":"https:\/\/abc-office.eu\/no\/kontakt\/#primaryimage"},"thumbnailUrl":"https:\/\/abc-office.eu\/wp-content\/uploads\/2025\/10\/Flag_of_Europe-2-768x512-10.png","datePublished":"2022-04-25T08:26:44+00:00","dateModified":"2025-10-22T05:32:08+00:00","description":"ABC Translation | Kontakt | Nettsideoversettelse | Oversettelse av offisielle dokumenter | Fagoversettelse | Den europeiske union","breadcrumb":{"@id":"https:\/\/abc-office.eu\/no\/kontakt\/#breadcrumb"},"inLanguage":"nb-NO","potentialAction":[{"@type":"ReadAction","target":["https:\/\/abc-office.eu\/no\/kontakt\/"]}]},{"@type":"ImageObject","inLanguage":"nb-NO","@id":"https:\/\/abc-office.eu\/no\/kontakt\/#primaryimage","url":"https:\/\/abc-office.eu\/wp-content\/uploads\/2025\/10\/Flag_of_Europe-2-768x512-10.png","contentUrl":"https:\/\/abc-office.eu\/wp-content\/uploads\/2025\/10\/Flag_of_Europe-2-768x512-10.png","width":768,"height":512},{"@type":"BreadcrumbList","@id":"https:\/\/abc-office.eu\/no\/kontakt\/#breadcrumb","itemListElement":[{"@type":"ListItem","position":1,"name":"Accueil","item":"https:\/\/abc-office.eu\/no\/"},{"@type":"ListItem","position":2,"name":"Kontakt"}]},{"@type":"WebSite","@id":"https:\/\/abc-office.eu\/no\/#website","url":"https:\/\/abc-office.eu\/no\/","name":"ABC Translation","description":"info@abc-office.eu","potentialAction":[{"@type":"SearchAction","target":{"@type":"EntryPoint","urlTemplate":"https:\/\/abc-office.eu\/no\/?s={search_term_string}"},"query-input":{"@type":"PropertyValueSpecification","valueRequired":true,"valueName":"search_term_string"}}],"inLanguage":"nb-NO"}]}},"_links":{"self":[{"href":"https:\/\/abc-office.eu\/no\/wp-json\/wp\/v2\/pages\/230100","targetHints":{"allow":["GET"]}}],"collection":[{"href":"https:\/\/abc-office.eu\/no\/wp-json\/wp\/v2\/pages"}],"about":[{"href":"https:\/\/abc-office.eu\/no\/wp-json\/wp\/v2\/types\/page"}],"author":[{"embeddable":true,"href":"https:\/\/abc-office.eu\/no\/wp-json\/wp\/v2\/users\/1"}],"replies":[{"embeddable":true,"href":"https:\/\/abc-office.eu\/no\/wp-json\/wp\/v2\/comments?post=230100"}],"version-history":[{"count":1,"href":"https:\/\/abc-office.eu\/no\/wp-json\/wp\/v2\/pages\/230100\/revisions"}],"predecessor-version":[{"id":230130,"href":"https:\/\/abc-office.eu\/no\/wp-json\/wp\/v2\/pages\/230100\/revisions\/230130"}],"wp:featuredmedia":[{"embeddable":true,"href":"https:\/\/abc-office.eu\/no\/wp-json\/wp\/v2\/media\/230101"}],"wp:attachment":[{"href":"https:\/\/abc-office.eu\/no\/wp-json\/wp\/v2\/media?parent=230100"}],"curies":[{"name":"wp","href":"https:\/\/api.w.org\/{rel}","templated":true}]}}