{"id":230076,"date":"2022-04-25T09:58:57","date_gmt":"2022-04-25T07:58:57","guid":{"rendered":"https:\/\/abc-office.eu\/?page_id=230076"},"modified":"2025-10-24T14:04:02","modified_gmt":"2025-10-24T12:04:02","slug":"jus","status":"publish","type":"page","link":"https:\/\/abc-office.eu\/no\/jus\/","title":{"rendered":"Jus"},"content":{"rendered":"<h2 data-start=\"130\" data-end=\"137\">Jus<\/h2>\n<p style=\"text-align: justify;\" data-start=\"139\" data-end=\"417\">V\u00e5rt selskap, ABC Translation, spesialiserer seg p\u00e5 flere omr\u00e5der som sv\u00e6rt ofte er knyttet til EU-rett og internasjonal rett. Vi samarbeider daglig med notarius publicus, advokater og jurister. Vi kan dekke alle dine juridiske behov i hele Den europeiske union (jus).<\/p>\n<h3 data-start=\"424\" data-end=\"446\">Notarius publicus:<\/h3>\n<p style=\"text-align: justify;\" data-start=\"448\" data-end=\"834\">Vi samarbeider med notarius publicus for \u00e5 kunne gi deg kvalifisert r\u00e5dgivning og tilby tjenester av h\u00f8y kvalitet innen utarbeidelse og legalisering av dokumenter. Vi er spesialister p\u00e5 spesifikke omr\u00e5der som familie- og eiendomsrett, formuesforvaltning, selskapsrett, saker som gjelder internasjonale eller grenseoverskridende klienter, fullmakter og autentisering.<\/p>\n<h3 data-start=\"841\" data-end=\"858\">Advokatfirma:<\/h3>\n<p style=\"text-align: justify;\" data-start=\"860\" data-end=\"1790\">V\u00e5rt firma samler advokater som tidligere har arbeidet i banker, multinasjonale selskaper, internasjonale stiftelser og advokatfirmaer i EU og i utlandet. De er spesialister innen f\u00f8lgende omr\u00e5der:<br data-start=\"1065\" data-end=\"1068\" \/>arbeidsrett, oppsigelse, leieforhold, <u>gebyrer<\/u>, revisjon, permisjon, utkastelse, nasjonale og internasjonale <u>kontrakter<\/u>, <u>transaksjoner<\/u>, distribusjon, salg, franchise, konkurranse, selskapsrett, goodwill, <u>overf\u00f8ringer<\/u>, familierett, <u>skilsmisser<\/u>, arv, testament, sameie, deling, balanse, eiendom, sameierett, bygg og anlegg, ekspertise, <u>fusjoner<\/u> og oppkj\u00f8p (M&amp;A), garantiansvar, strafferett, forretningsjus, dokumentforfalskning, bedrageri, ABS, bank, l\u00e5n, <u>innsigelser,<\/u> forsikring, inndrivelse, tvangsfullbyrdelse, erstatning, depositum, pantsettelse, garanti p\u00e5 f\u00f8rste anmodning, IT, internett, <u>nettsteder<\/u>, <u>lisenser,<\/u> ansvar, etikk, profesjonsrett, <u>selskaper<\/u> i \u00f8konomiske vanskeligheter,\u00a0likvidasjon\u00a0og\u00a0offentlig rett.<\/p>\n<h3 data-start=\"1797\" data-end=\"1831\">Juridisk r\u00e5dgiver (Solicitor):<\/h3>\n<p style=\"text-align: justify;\" data-start=\"1833\" data-end=\"2330\">Juridiske r\u00e5dgivere (solicitors) i v\u00e5rt team blir konsultert daglig i sp\u00f8rsm\u00e5l som gjelder forretningsjus, skatterett, milj\u00f8rett m.m. P\u00e5 forebyggende niv\u00e5 gir de r\u00e5dgivning ved utarbeidelse og forhandling av kontrakter. De griper inn i konfliktsaker ved behov, selv om de ikke representerer klienter for retten, ettersom de ikke er medlemmer av Advokatforeningen. Til slutt sikrer de lovligheten av beslutningsprosesser i selskaper, for eksempel ved \u00e5 forberede styrem\u00f8ter.<\/p>\n<h3 data-start=\"2337\" data-end=\"2361\">Juridisk veiledning:<\/h3>\n<p style=\"text-align: justify;\" data-start=\"2363\" data-end=\"2631\">Juridisk veiledning fra v\u00e5rt firma gir enhver person, uavhengig av inntekt, muligheten til \u00e5 f\u00e5 r\u00e5d og informasjon. Veiledningen gis av advokater og juridiske r\u00e5dgivere i v\u00e5r juridiske avdeling, og den er anonym, konfidensiell og tilgjengelig for <a href=\"https:\/\/abc-office.eu\/no\/\">alle<\/a>.<\/p>\n<p data-start=\"2363\" data-end=\"2631\"><img loading=\"lazy\" decoding=\"async\" class=\"aligncenter wp-image-141\" src=\"https:\/\/abc-office.ch\/wp-content\/uploads\/2018\/06\/Droit11-300x225.jpg\" alt=\"Jus\" width=\"383\" height=\"287\" \/><\/p>\n","protected":false},"excerpt":{"rendered":"<p>Jus V\u00e5rt selskap, ABC Translation, spesialiserer seg p\u00e5 flere omr\u00e5der som sv\u00e6rt ofte er knyttet til EU-rett og internasjonal rett. Vi samarbeider daglig med notarius publicus, advokater og jurister. Vi kan dekke alle dine juridiske behov i hele Den europeiske union (jus). Notarius publicus: Vi samarbeider med notarius publicus for \u00e5 kunne gi deg kvalifisert&#8230;<\/p>\n","protected":false},"author":1,"featured_media":230077,"parent":0,"menu_order":0,"comment_status":"closed","ping_status":"closed","template":"","meta":{"sfsi_plus_gutenberg_text_before_share":"","sfsi_plus_gutenberg_show_text_before_share":"","sfsi_plus_gutenberg_icon_type":"","sfsi_plus_gutenberg_icon_alignemt":"","sfsi_plus_gutenburg_max_per_row":"","footnotes":""},"class_list":["post-230076","page","type-page","status-publish","has-post-thumbnail","hentry"],"yoast_head":"<!-- This site is optimized with the Yoast SEO plugin v23.8 - https:\/\/yoast.com\/wordpress\/plugins\/seo\/ -->\n<title>Jus | ABC Translation | Notarius publicus | Advokatfirma | Juridisk<\/title>\n<meta name=\"description\" content=\"ABC Translation | Jus | Notarius publicus | Advokatfirma | Juridisk r\u00e5dgiver | Juridisk veiledning | EU- og internasjonal rett | Eiendomsrett\" \/>\n<meta name=\"robots\" content=\"index, follow, max-snippet:-1, max-image-preview:large, max-video-preview:-1\" \/>\n<link rel=\"canonical\" href=\"https:\/\/abc-office.eu\/no\/jus\/\" \/>\n<meta property=\"og:locale\" content=\"nb_NO\" \/>\n<meta property=\"og:type\" content=\"article\" \/>\n<meta property=\"og:title\" content=\"Jus | ABC Translation | Notarius publicus | Advokatfirma | Juridisk\" \/>\n<meta property=\"og:description\" content=\"ABC Translation | Jus | Notarius publicus | Advokatfirma | Juridisk r\u00e5dgiver | Juridisk veiledning | EU- og internasjonal rett | Eiendomsrett\" \/>\n<meta property=\"og:url\" content=\"https:\/\/abc-office.eu\/no\/jus\/\" \/>\n<meta property=\"og:site_name\" content=\"ABC Translation\" \/>\n<meta property=\"article:modified_time\" content=\"2025-10-24T12:04:02+00:00\" \/>\n<meta property=\"og:image\" content=\"https:\/\/abc-office.eu\/wp-content\/uploads\/2025\/10\/Droit1-768x432-10.jpg\" \/>\n\t<meta property=\"og:image:width\" content=\"768\" \/>\n\t<meta property=\"og:image:height\" content=\"432\" \/>\n\t<meta property=\"og:image:type\" content=\"image\/jpeg\" \/>\n<meta name=\"twitter:card\" content=\"summary_large_image\" \/>\n<meta name=\"twitter:label1\" content=\"Ansl. lesetid\" \/>\n\t<meta name=\"twitter:data1\" content=\"2 minutter\" \/>\n<script type=\"application\/ld+json\" class=\"yoast-schema-graph\">{\"@context\":\"https:\/\/schema.org\",\"@graph\":[{\"@type\":\"WebPage\",\"@id\":\"https:\/\/abc-office.eu\/no\/jus\/\",\"url\":\"https:\/\/abc-office.eu\/no\/jus\/\",\"name\":\"Jus | ABC Translation | Notarius publicus | Advokatfirma | Juridisk\",\"isPartOf\":{\"@id\":\"https:\/\/abc-office.eu\/no\/#website\"},\"primaryImageOfPage\":{\"@id\":\"https:\/\/abc-office.eu\/no\/jus\/#primaryimage\"},\"image\":{\"@id\":\"https:\/\/abc-office.eu\/no\/jus\/#primaryimage\"},\"thumbnailUrl\":\"https:\/\/abc-office.eu\/wp-content\/uploads\/2025\/10\/Droit1-768x432-10.jpg\",\"datePublished\":\"2022-04-25T07:58:57+00:00\",\"dateModified\":\"2025-10-24T12:04:02+00:00\",\"description\":\"ABC Translation | Jus | Notarius publicus | Advokatfirma | Juridisk r\u00e5dgiver | Juridisk veiledning | EU- og internasjonal rett | Eiendomsrett\",\"breadcrumb\":{\"@id\":\"https:\/\/abc-office.eu\/no\/jus\/#breadcrumb\"},\"inLanguage\":\"nb-NO\",\"potentialAction\":[{\"@type\":\"ReadAction\",\"target\":[\"https:\/\/abc-office.eu\/no\/jus\/\"]}]},{\"@type\":\"ImageObject\",\"inLanguage\":\"nb-NO\",\"@id\":\"https:\/\/abc-office.eu\/no\/jus\/#primaryimage\",\"url\":\"https:\/\/abc-office.eu\/wp-content\/uploads\/2025\/10\/Droit1-768x432-10.jpg\",\"contentUrl\":\"https:\/\/abc-office.eu\/wp-content\/uploads\/2025\/10\/Droit1-768x432-10.jpg\",\"width\":768,\"height\":432},{\"@type\":\"BreadcrumbList\",\"@id\":\"https:\/\/abc-office.eu\/no\/jus\/#breadcrumb\",\"itemListElement\":[{\"@type\":\"ListItem\",\"position\":1,\"name\":\"Accueil\",\"item\":\"https:\/\/abc-office.eu\/no\/\"},{\"@type\":\"ListItem\",\"position\":2,\"name\":\"Jus\"}]},{\"@type\":\"WebSite\",\"@id\":\"https:\/\/abc-office.eu\/no\/#website\",\"url\":\"https:\/\/abc-office.eu\/no\/\",\"name\":\"ABC Translation\",\"description\":\"info@abc-office.eu\",\"potentialAction\":[{\"@type\":\"SearchAction\",\"target\":{\"@type\":\"EntryPoint\",\"urlTemplate\":\"https:\/\/abc-office.eu\/no\/?s={search_term_string}\"},\"query-input\":{\"@type\":\"PropertyValueSpecification\",\"valueRequired\":true,\"valueName\":\"search_term_string\"}}],\"inLanguage\":\"nb-NO\"}]}<\/script>\n<!-- \/ Yoast SEO plugin. -->","yoast_head_json":{"title":"Jus | ABC Translation | Notarius publicus | Advokatfirma | Juridisk","description":"ABC Translation | Jus | Notarius publicus | Advokatfirma | Juridisk r\u00e5dgiver | Juridisk veiledning | EU- og internasjonal rett | Eiendomsrett","robots":{"index":"index","follow":"follow","max-snippet":"max-snippet:-1","max-image-preview":"max-image-preview:large","max-video-preview":"max-video-preview:-1"},"canonical":"https:\/\/abc-office.eu\/no\/jus\/","og_locale":"nb_NO","og_type":"article","og_title":"Jus | ABC Translation | Notarius publicus | Advokatfirma | Juridisk","og_description":"ABC Translation | Jus | Notarius publicus | Advokatfirma | Juridisk r\u00e5dgiver | Juridisk veiledning | EU- og internasjonal rett | Eiendomsrett","og_url":"https:\/\/abc-office.eu\/no\/jus\/","og_site_name":"ABC Translation","article_modified_time":"2025-10-24T12:04:02+00:00","og_image":[{"width":768,"height":432,"url":"https:\/\/abc-office.eu\/wp-content\/uploads\/2025\/10\/Droit1-768x432-10.jpg","type":"image\/jpeg"}],"twitter_card":"summary_large_image","twitter_misc":{"Ansl. lesetid":"2 minutter"},"schema":{"@context":"https:\/\/schema.org","@graph":[{"@type":"WebPage","@id":"https:\/\/abc-office.eu\/no\/jus\/","url":"https:\/\/abc-office.eu\/no\/jus\/","name":"Jus | ABC Translation | Notarius publicus | Advokatfirma | Juridisk","isPartOf":{"@id":"https:\/\/abc-office.eu\/no\/#website"},"primaryImageOfPage":{"@id":"https:\/\/abc-office.eu\/no\/jus\/#primaryimage"},"image":{"@id":"https:\/\/abc-office.eu\/no\/jus\/#primaryimage"},"thumbnailUrl":"https:\/\/abc-office.eu\/wp-content\/uploads\/2025\/10\/Droit1-768x432-10.jpg","datePublished":"2022-04-25T07:58:57+00:00","dateModified":"2025-10-24T12:04:02+00:00","description":"ABC Translation | Jus | Notarius publicus | Advokatfirma | Juridisk r\u00e5dgiver | Juridisk veiledning | EU- og internasjonal rett | Eiendomsrett","breadcrumb":{"@id":"https:\/\/abc-office.eu\/no\/jus\/#breadcrumb"},"inLanguage":"nb-NO","potentialAction":[{"@type":"ReadAction","target":["https:\/\/abc-office.eu\/no\/jus\/"]}]},{"@type":"ImageObject","inLanguage":"nb-NO","@id":"https:\/\/abc-office.eu\/no\/jus\/#primaryimage","url":"https:\/\/abc-office.eu\/wp-content\/uploads\/2025\/10\/Droit1-768x432-10.jpg","contentUrl":"https:\/\/abc-office.eu\/wp-content\/uploads\/2025\/10\/Droit1-768x432-10.jpg","width":768,"height":432},{"@type":"BreadcrumbList","@id":"https:\/\/abc-office.eu\/no\/jus\/#breadcrumb","itemListElement":[{"@type":"ListItem","position":1,"name":"Accueil","item":"https:\/\/abc-office.eu\/no\/"},{"@type":"ListItem","position":2,"name":"Jus"}]},{"@type":"WebSite","@id":"https:\/\/abc-office.eu\/no\/#website","url":"https:\/\/abc-office.eu\/no\/","name":"ABC Translation","description":"info@abc-office.eu","potentialAction":[{"@type":"SearchAction","target":{"@type":"EntryPoint","urlTemplate":"https:\/\/abc-office.eu\/no\/?s={search_term_string}"},"query-input":{"@type":"PropertyValueSpecification","valueRequired":true,"valueName":"search_term_string"}}],"inLanguage":"nb-NO"}]}},"_links":{"self":[{"href":"https:\/\/abc-office.eu\/no\/wp-json\/wp\/v2\/pages\/230076","targetHints":{"allow":["GET"]}}],"collection":[{"href":"https:\/\/abc-office.eu\/no\/wp-json\/wp\/v2\/pages"}],"about":[{"href":"https:\/\/abc-office.eu\/no\/wp-json\/wp\/v2\/types\/page"}],"author":[{"embeddable":true,"href":"https:\/\/abc-office.eu\/no\/wp-json\/wp\/v2\/users\/1"}],"replies":[{"embeddable":true,"href":"https:\/\/abc-office.eu\/no\/wp-json\/wp\/v2\/comments?post=230076"}],"version-history":[{"count":3,"href":"https:\/\/abc-office.eu\/no\/wp-json\/wp\/v2\/pages\/230076\/revisions"}],"predecessor-version":[{"id":231081,"href":"https:\/\/abc-office.eu\/no\/wp-json\/wp\/v2\/pages\/230076\/revisions\/231081"}],"wp:featuredmedia":[{"embeddable":true,"href":"https:\/\/abc-office.eu\/no\/wp-json\/wp\/v2\/media\/230077"}],"wp:attachment":[{"href":"https:\/\/abc-office.eu\/no\/wp-json\/wp\/v2\/media?parent=230076"}],"curies":[{"name":"wp","href":"https:\/\/api.w.org\/{rel}","templated":true}]}}