{"id":230052,"date":"2017-02-16T09:16:01","date_gmt":"2017-02-16T08:16:01","guid":{"rendered":"https:\/\/abc-office.eu\/?page_id=230052"},"modified":"2025-10-22T07:19:50","modified_gmt":"2025-10-22T05:19:50","slug":"eiendom","status":"publish","type":"page","link":"https:\/\/abc-office.eu\/no\/eiendom\/","title":{"rendered":"Eiendom"},"content":{"rendered":"<h2 data-start=\"138\" data-end=\"149\">Eiendom<\/h2>\n<p style=\"text-align: justify;\" data-start=\"151\" data-end=\"521\">V\u00e5rt eiendomsbyr\u00e5, <strong data-start=\"170\" data-end=\"189\">ABC Translation<\/strong>, startet f\u00f8rst i 2017 med kj\u00f8pet av en <strong data-start=\"229\" data-end=\"260\">5,5-roms leilighet i Sveits<\/strong> for \u00e5 kunne gj\u00f8re den om til en internasjonal studentbolig. Med Universitetet i Lausanne og EPFL i n\u00e6rheten ble residensen en suksess allerede ved \u00e5pningen i september 2017. De fire rommene ble leid ut i l\u00f8pet av f\u00e5 dager, og v\u00e5r <strong data-start=\"491\" data-end=\"511\">eiendomsavdeling<\/strong> ble f\u00f8dt.<\/p>\n<p style=\"text-align: justify;\" data-start=\"523\" data-end=\"680\">Siden denne f\u00f8rste erfaringen har vi fortsatt \u00e5 vokse, og vi kan n\u00e5 h\u00e5ndtere <strong data-start=\"600\" data-end=\"651\">kj\u00f8p, salg, utleie og forvaltning av eiendommer<\/strong> b\u00e5de i Sveits og i utlandet.<\/p>\n<h3 data-start=\"687\" data-end=\"696\">Kj\u00f8p:<\/h3>\n<p style=\"text-align: justify;\" data-start=\"698\" data-end=\"1085\">\u00c5 kj\u00f8pe en eiendom er en <strong data-start=\"723\" data-end=\"750\">sv\u00e6rt viktig beslutning<\/strong> som vil p\u00e5virke din fremtid i mange \u00e5r. En slik beslutning b\u00f8r ikke tas lett. Derfor er det viktig \u00e5 velge den <strong data-start=\"862\" data-end=\"881\">rette partneren<\/strong> som kan gi r\u00e5d om flere viktige punkter som eiendommens tilstand, boligl\u00e5nsberegning og investeringens l\u00f8nnsomhet p\u00e5 lang sikt. En god analyse av situasjonen vil garantere et <strong data-start=\"1057\" data-end=\"1084\">trygt og vellykket kj\u00f8p<\/strong>.<\/p>\n<h3 data-start=\"1092\" data-end=\"1101\">Salg:<\/h3>\n<p style=\"text-align: justify;\" data-start=\"1103\" data-end=\"1562\">Eiendomsmarkedet i Sveits har fortsatt \u00e5 utvikle seg, med priser som stadig \u00f8ker. Vi har n\u00e5 n\u00e5dd et avgj\u00f8rende punkt der <strong data-start=\"1224\" data-end=\"1262\">tilbudet overstiger ettersp\u00f8rselen<\/strong>, og det har blitt vanskelig \u00e5 selge eiendom p\u00e5 grunn av mengden boliger til salgs. Ved \u00e5 henvende deg til en <strong data-start=\"1372\" data-end=\"1383\">ekspert<\/strong>, \u00f8ker du sjansene dine for \u00e5 selge eiendommen raskere og til \u00f8nsket pris. Dra nytte av v\u00e5rt <strong data-start=\"1476\" data-end=\"1523\">nettverk over hele Sveits og internasjonalt<\/strong> for \u00e5 \u00f8ke dine muligheter for suksess.<\/p>\n<h3 data-start=\"1569\" data-end=\"1580\">Utleie:<\/h3>\n<p style=\"text-align: justify;\" data-start=\"1582\" data-end=\"2027\">\u00c5 leie ut eiendom kan virke enkelt, men det finnes flere fallgruver man b\u00f8r unng\u00e5 n\u00e5r man \u00f8nsker \u00e5 leie ut leiligheten, huset eller rommet sitt. Et <strong data-start=\"1730\" data-end=\"1755\">komplett leiedokument<\/strong> m\u00e5 utarbeides f\u00f8r man kan vurdere en potensiell leietaker \u2013 for eksempel m\u00e5 man innhente <strong data-start=\"1845\" data-end=\"1876\">utdrag fra gjeldsregisteret<\/strong> og de <strong data-start=\"1883\" data-end=\"1910\">siste tre l\u00f8nnsslippene<\/strong>. Deretter m\u00e5 <strong data-start=\"1924\" data-end=\"1966\">depositumet betales via bankoverf\u00f8ring<\/strong>, eller gjennom en <strong data-start=\"1985\" data-end=\"2026\">leiegaranti fra et forsikringsselskap<\/strong>.<\/p>\n<h3 data-start=\"2034\" data-end=\"2051\">Studentbolig:<\/h3>\n<p style=\"text-align: justify;\" data-start=\"2053\" data-end=\"2383\">Vi har flere <strong data-start=\"2066\" data-end=\"2084\">studentboliger<\/strong> tilgjengelige for korte eller lengre perioder. De fleste av v\u00e5re boliger ligger n\u00e6r <strong data-start=\"2169\" data-end=\"2216\">Universitetet i Lausanne, EPFL, ECAL og EHL<\/strong>. De mest etterspurte boligene er <strong data-start=\"2250\" data-end=\"2287\">kollektivrom og studioleiligheter<\/strong>. Det er viktig \u00e5 planlegge i god tid for \u00e5 v\u00e6re sikker p\u00e5 \u00e5 f\u00e5 bolig ved <strong data-start=\"2361\" data-end=\"2382\">studie\u00e5rets start<\/strong>.<\/p>\n<h3 data-start=\"2390\" data-end=\"2415\">Boligjeger (eiendom):<\/h3>\n<p style=\"text-align: justify;\" data-start=\"2417\" data-end=\"2760\">Har du vanskeligheter med \u00e5 finne bolig som passer dine kriterier, eller problemer med \u00e5 finne leilighet til leie? V\u00e5re <strong data-start=\"2537\" data-end=\"2552\">boligjegere<\/strong> st\u00e5r til disposisjon for \u00e5 hjelpe deg med \u00e5 finne en eiendom s\u00e5 raskt som mulig. Takket v\u00e6re v\u00e5rt <strong data-start=\"2651\" data-end=\"2686\">nettverk og v\u00e5r profesjonalitet<\/strong>, finner vi bolig som passer dine behov og kriterier p\u00e5 kortest mulig tid.<\/p>\n<h3 data-start=\"2767\" data-end=\"2784\">Home Staging:<\/h3>\n<p style=\"text-align: justify;\" data-start=\"2786\" data-end=\"3105\">Har du problemer med \u00e5 selge eiendommen din? Da kan du kontakte v\u00e5rt <strong data-start=\"2855\" data-end=\"2876\">Home Staging-team<\/strong>, som spesialiserer seg p\u00e5 \u00e5 <strong data-start=\"2905\" data-end=\"2949\">forbedre utseendet p\u00e5 leiligheter og hus<\/strong> for \u00e5 lette salgsprosessen. Denne metoden har vist seg effektiv for eiendommer som trenger <strong data-start=\"3041\" data-end=\"3084\">rask oppussing eller noen sm\u00e5 endringer<\/strong> for \u00e5 skille seg ut.<\/p>\n<h3 data-start=\"3112\" data-end=\"3140\">Prisvurdering (eiendom):<\/h3>\n<p style=\"text-align: justify;\" data-start=\"3142\" data-end=\"3404\">En <strong data-start=\"3145\" data-end=\"3184\">riktig verdivurdering av eiendommen<\/strong> i forhold til markedsprisen er avgj\u00f8rende for et vellykket salg og riktig prisfastsettelse. Takket v\u00e6re kriterier som <strong data-start=\"3303\" data-end=\"3329\">bygge\u00e5r og beliggenhet<\/strong>, kan vi gi deg en <strong data-start=\"3348\" data-end=\"3403\">presis vurdering av eiendommens reelle <a href=\"https:\/\/abc-office.eu\/no\/\">markedsverdi<\/a><\/strong>.<\/p>\n<p data-start=\"3142\" data-end=\"3404\"><a href=\"https:\/\/www.instagram.com\/dr_immo\/?hl=fr\"><img loading=\"lazy\" decoding=\"async\" class=\"aligncenter wp-image-109\" src=\"https:\/\/abc-office.ch\/wp-content\/uploads\/2018\/06\/Dr_Immo.jpg\" alt=\"Eiendom\" width=\"222\" height=\"222\" \/><\/a><\/p>\n","protected":false},"excerpt":{"rendered":"<p>Eiendom V\u00e5rt eiendomsbyr\u00e5, ABC Translation, startet f\u00f8rst i 2017 med kj\u00f8pet av en 5,5-roms leilighet i Sveits for \u00e5 kunne gj\u00f8re den om til en internasjonal studentbolig. Med Universitetet i Lausanne og EPFL i n\u00e6rheten ble residensen en suksess allerede ved \u00e5pningen i september 2017. De fire rommene ble leid ut i l\u00f8pet av f\u00e5&#8230;<\/p>\n","protected":false},"author":1,"featured_media":230053,"parent":0,"menu_order":0,"comment_status":"closed","ping_status":"closed","template":"","meta":{"sfsi_plus_gutenberg_text_before_share":"","sfsi_plus_gutenberg_show_text_before_share":"","sfsi_plus_gutenberg_icon_type":"","sfsi_plus_gutenberg_icon_alignemt":"","sfsi_plus_gutenburg_max_per_row":"","footnotes":""},"class_list":["post-230052","page","type-page","status-publish","has-post-thumbnail","hentry"],"yoast_head":"<!-- This site is optimized with the Yoast SEO plugin v23.8 - https:\/\/yoast.com\/wordpress\/plugins\/seo\/ -->\n<title>Eiendom | ABC Translation | Kj\u00f8p | Salg | Utleie | Studentbolig<\/title>\n<meta name=\"description\" content=\"ABC Translation | Eiendom | Kj\u00f8p | Salg | Utleie | Leie | Studentbolig | Home Staging | Eiendomsmegler i Den europeiske union\" \/>\n<meta name=\"robots\" content=\"index, follow, max-snippet:-1, max-image-preview:large, max-video-preview:-1\" \/>\n<link rel=\"canonical\" href=\"https:\/\/abc-office.eu\/no\/eiendom\/\" \/>\n<meta property=\"og:locale\" content=\"nb_NO\" \/>\n<meta property=\"og:type\" content=\"article\" \/>\n<meta property=\"og:title\" content=\"Eiendom | ABC Translation | Kj\u00f8p | Salg | Utleie | Studentbolig\" \/>\n<meta property=\"og:description\" content=\"ABC Translation | Eiendom | Kj\u00f8p | Salg | Utleie | Leie | Studentbolig | Home Staging | Eiendomsmegler i Den europeiske union\" \/>\n<meta property=\"og:url\" content=\"https:\/\/abc-office.eu\/no\/eiendom\/\" \/>\n<meta property=\"og:site_name\" content=\"ABC Translation\" \/>\n<meta property=\"article:modified_time\" content=\"2025-10-22T05:19:50+00:00\" \/>\n<meta property=\"og:image\" content=\"https:\/\/abc-office.eu\/wp-content\/uploads\/2025\/10\/Immo-768x513-10.jpg\" \/>\n\t<meta property=\"og:image:width\" content=\"768\" \/>\n\t<meta property=\"og:image:height\" content=\"513\" \/>\n\t<meta property=\"og:image:type\" content=\"image\/jpeg\" \/>\n<meta name=\"twitter:card\" content=\"summary_large_image\" \/>\n<meta name=\"twitter:label1\" content=\"Ansl. lesetid\" \/>\n\t<meta name=\"twitter:data1\" content=\"3 minutter\" \/>\n<script type=\"application\/ld+json\" class=\"yoast-schema-graph\">{\"@context\":\"https:\/\/schema.org\",\"@graph\":[{\"@type\":\"WebPage\",\"@id\":\"https:\/\/abc-office.eu\/no\/eiendom\/\",\"url\":\"https:\/\/abc-office.eu\/no\/eiendom\/\",\"name\":\"Eiendom | ABC Translation | Kj\u00f8p | Salg | Utleie | Studentbolig\",\"isPartOf\":{\"@id\":\"https:\/\/abc-office.eu\/no\/#website\"},\"primaryImageOfPage\":{\"@id\":\"https:\/\/abc-office.eu\/no\/eiendom\/#primaryimage\"},\"image\":{\"@id\":\"https:\/\/abc-office.eu\/no\/eiendom\/#primaryimage\"},\"thumbnailUrl\":\"https:\/\/abc-office.eu\/wp-content\/uploads\/2025\/10\/Immo-768x513-10.jpg\",\"datePublished\":\"2017-02-16T08:16:01+00:00\",\"dateModified\":\"2025-10-22T05:19:50+00:00\",\"description\":\"ABC Translation | Eiendom | Kj\u00f8p | Salg | Utleie | Leie | Studentbolig | Home Staging | Eiendomsmegler i Den europeiske union\",\"breadcrumb\":{\"@id\":\"https:\/\/abc-office.eu\/no\/eiendom\/#breadcrumb\"},\"inLanguage\":\"nb-NO\",\"potentialAction\":[{\"@type\":\"ReadAction\",\"target\":[\"https:\/\/abc-office.eu\/no\/eiendom\/\"]}]},{\"@type\":\"ImageObject\",\"inLanguage\":\"nb-NO\",\"@id\":\"https:\/\/abc-office.eu\/no\/eiendom\/#primaryimage\",\"url\":\"https:\/\/abc-office.eu\/wp-content\/uploads\/2025\/10\/Immo-768x513-10.jpg\",\"contentUrl\":\"https:\/\/abc-office.eu\/wp-content\/uploads\/2025\/10\/Immo-768x513-10.jpg\",\"width\":768,\"height\":513},{\"@type\":\"BreadcrumbList\",\"@id\":\"https:\/\/abc-office.eu\/no\/eiendom\/#breadcrumb\",\"itemListElement\":[{\"@type\":\"ListItem\",\"position\":1,\"name\":\"Accueil\",\"item\":\"https:\/\/abc-office.eu\/no\/\"},{\"@type\":\"ListItem\",\"position\":2,\"name\":\"Eiendom\"}]},{\"@type\":\"WebSite\",\"@id\":\"https:\/\/abc-office.eu\/no\/#website\",\"url\":\"https:\/\/abc-office.eu\/no\/\",\"name\":\"ABC Translation\",\"description\":\"info@abc-office.eu\",\"potentialAction\":[{\"@type\":\"SearchAction\",\"target\":{\"@type\":\"EntryPoint\",\"urlTemplate\":\"https:\/\/abc-office.eu\/no\/?s={search_term_string}\"},\"query-input\":{\"@type\":\"PropertyValueSpecification\",\"valueRequired\":true,\"valueName\":\"search_term_string\"}}],\"inLanguage\":\"nb-NO\"}]}<\/script>\n<!-- \/ Yoast SEO plugin. -->","yoast_head_json":{"title":"Eiendom | ABC Translation | Kj\u00f8p | Salg | Utleie | Studentbolig","description":"ABC Translation | Eiendom | Kj\u00f8p | Salg | Utleie | Leie | Studentbolig | Home Staging | Eiendomsmegler i Den europeiske union","robots":{"index":"index","follow":"follow","max-snippet":"max-snippet:-1","max-image-preview":"max-image-preview:large","max-video-preview":"max-video-preview:-1"},"canonical":"https:\/\/abc-office.eu\/no\/eiendom\/","og_locale":"nb_NO","og_type":"article","og_title":"Eiendom | ABC Translation | Kj\u00f8p | Salg | Utleie | Studentbolig","og_description":"ABC Translation | Eiendom | Kj\u00f8p | Salg | Utleie | Leie | Studentbolig | Home Staging | Eiendomsmegler i Den europeiske union","og_url":"https:\/\/abc-office.eu\/no\/eiendom\/","og_site_name":"ABC Translation","article_modified_time":"2025-10-22T05:19:50+00:00","og_image":[{"width":768,"height":513,"url":"https:\/\/abc-office.eu\/wp-content\/uploads\/2025\/10\/Immo-768x513-10.jpg","type":"image\/jpeg"}],"twitter_card":"summary_large_image","twitter_misc":{"Ansl. lesetid":"3 minutter"},"schema":{"@context":"https:\/\/schema.org","@graph":[{"@type":"WebPage","@id":"https:\/\/abc-office.eu\/no\/eiendom\/","url":"https:\/\/abc-office.eu\/no\/eiendom\/","name":"Eiendom | ABC Translation | Kj\u00f8p | Salg | Utleie | Studentbolig","isPartOf":{"@id":"https:\/\/abc-office.eu\/no\/#website"},"primaryImageOfPage":{"@id":"https:\/\/abc-office.eu\/no\/eiendom\/#primaryimage"},"image":{"@id":"https:\/\/abc-office.eu\/no\/eiendom\/#primaryimage"},"thumbnailUrl":"https:\/\/abc-office.eu\/wp-content\/uploads\/2025\/10\/Immo-768x513-10.jpg","datePublished":"2017-02-16T08:16:01+00:00","dateModified":"2025-10-22T05:19:50+00:00","description":"ABC Translation | Eiendom | Kj\u00f8p | Salg | Utleie | Leie | Studentbolig | Home Staging | Eiendomsmegler i Den europeiske union","breadcrumb":{"@id":"https:\/\/abc-office.eu\/no\/eiendom\/#breadcrumb"},"inLanguage":"nb-NO","potentialAction":[{"@type":"ReadAction","target":["https:\/\/abc-office.eu\/no\/eiendom\/"]}]},{"@type":"ImageObject","inLanguage":"nb-NO","@id":"https:\/\/abc-office.eu\/no\/eiendom\/#primaryimage","url":"https:\/\/abc-office.eu\/wp-content\/uploads\/2025\/10\/Immo-768x513-10.jpg","contentUrl":"https:\/\/abc-office.eu\/wp-content\/uploads\/2025\/10\/Immo-768x513-10.jpg","width":768,"height":513},{"@type":"BreadcrumbList","@id":"https:\/\/abc-office.eu\/no\/eiendom\/#breadcrumb","itemListElement":[{"@type":"ListItem","position":1,"name":"Accueil","item":"https:\/\/abc-office.eu\/no\/"},{"@type":"ListItem","position":2,"name":"Eiendom"}]},{"@type":"WebSite","@id":"https:\/\/abc-office.eu\/no\/#website","url":"https:\/\/abc-office.eu\/no\/","name":"ABC Translation","description":"info@abc-office.eu","potentialAction":[{"@type":"SearchAction","target":{"@type":"EntryPoint","urlTemplate":"https:\/\/abc-office.eu\/no\/?s={search_term_string}"},"query-input":{"@type":"PropertyValueSpecification","valueRequired":true,"valueName":"search_term_string"}}],"inLanguage":"nb-NO"}]}},"_links":{"self":[{"href":"https:\/\/abc-office.eu\/no\/wp-json\/wp\/v2\/pages\/230052","targetHints":{"allow":["GET"]}}],"collection":[{"href":"https:\/\/abc-office.eu\/no\/wp-json\/wp\/v2\/pages"}],"about":[{"href":"https:\/\/abc-office.eu\/no\/wp-json\/wp\/v2\/types\/page"}],"author":[{"embeddable":true,"href":"https:\/\/abc-office.eu\/no\/wp-json\/wp\/v2\/users\/1"}],"replies":[{"embeddable":true,"href":"https:\/\/abc-office.eu\/no\/wp-json\/wp\/v2\/comments?post=230052"}],"version-history":[{"count":1,"href":"https:\/\/abc-office.eu\/no\/wp-json\/wp\/v2\/pages\/230052\/revisions"}],"predecessor-version":[{"id":230075,"href":"https:\/\/abc-office.eu\/no\/wp-json\/wp\/v2\/pages\/230052\/revisions\/230075"}],"wp:featuredmedia":[{"embeddable":true,"href":"https:\/\/abc-office.eu\/no\/wp-json\/wp\/v2\/media\/230053"}],"wp:attachment":[{"href":"https:\/\/abc-office.eu\/no\/wp-json\/wp\/v2\/media?parent=230052"}],"curies":[{"name":"wp","href":"https:\/\/api.w.org\/{rel}","templated":true}]}}