{"id":229980,"date":"2017-02-16T09:13:19","date_gmt":"2017-02-16T08:13:19","guid":{"rendered":"https:\/\/abc-office.eu\/?page_id=229980"},"modified":"2025-10-22T07:00:49","modified_gmt":"2025-10-22T05:00:49","slug":"hjem","status":"publish","type":"page","link":"https:\/\/abc-office.eu\/no\/","title":{"rendered":"Hjem"},"content":{"rendered":"<h2 data-start=\"119\" data-end=\"138\">ABC Translation<\/h2>\n<p style=\"text-align: justify;\" data-start=\"140\" data-end=\"636\">ABC Translation spesialiserer seg p\u00e5 flere omr\u00e5der som oversettelse, eiendom, legaliseringer, jus og relokalisering. Med et team p\u00e5 over 500 ansatte over hele verden er ABC Translation en ledende akt\u00f8r innen disse spesialiseringene og kan handle sv\u00e6rt raskt takket v\u00e6re sitt store team av kvalifiserte fagpersoner. Selskapet representerer 55 forskjellige nasjonaliteter og har forbindelser i mer enn 85 land. Det har utnyttet globaliseringen til \u00e5 tiltrekke seg en stadig mer krevende kundekrets.<\/p>\n<h3 data-start=\"643\" data-end=\"670\">ABC Translation i tall:<\/h3>\n<ul>\n<li data-start=\"672\" data-end=\"839\">500 ansatte over hele verden<\/li>\n<li data-start=\"672\" data-end=\"839\">60 spr\u00e5k snakkes<\/li>\n<li data-start=\"672\" data-end=\"839\">4000 prosjekter per \u00e5r<\/li>\n<li data-start=\"672\" data-end=\"839\">Over 10 \u00e5rs erfaring<\/li>\n<li data-start=\"672\" data-end=\"839\">Over 1000 faste bedriftskunder<\/li>\n<li data-start=\"672\" data-end=\"839\">Mer enn 2000 private kunder hvert \u00e5r<\/li>\n<\/ul>\n<p style=\"text-align: justify;\" data-start=\"846\" data-end=\"1388\">Vi samarbeider med flere notar\u00adkontorer for \u00e5 kunne legalisere ulike dokumenter s\u00e5 raskt som mulig. For dokumenter som skal brukes i utlandet, samarbeider vi med ambassader, konsulater og kansellier. Dette samarbeidet mellom ulike enheter gj\u00f8r oss sv\u00e6rt effektive n\u00e5r det gjelder \u00e5 oversette og legalisere dokumenter p\u00e5 rekordtid. I tillegg s\u00f8rger v\u00e5re sykkelbud for levering av dokumenter til de ulike kontorene p\u00e5 en milj\u00f8vennlig m\u00e5te. Deretter bruker vi europeiske posttjenester og DHL for endelig forsendelse i Europa og resten av verden.<\/p>\n<p style=\"text-align: justify;\" data-start=\"1395\" data-end=\"1910\">Kvaliteten og hastigheten p\u00e5 v\u00e5re tjenester har gjort en forskjell gjennom \u00e5rene. I denne bransjen er reaksjonsevne n\u00f8kkelen til suksess. V\u00e5r infrastruktur er utformet for \u00e5 kunne svare raskt p\u00e5 kundens foresp\u00f8rsler. For rask kontakt kan du n\u00e5 oss via telefon eller e-post. Kontaktskjemaet p\u00e5 h\u00f8yre side av denne siden kan ogs\u00e5 brukes, spesielt for \u00e5 sende dokumenter. Vi sender vanligvis tilbudet 10\u201320 minutter etter at vi har mottatt filene. Det vil inneholde totalprisen og estimert leveringstid for prosjektet.<\/p>\n<p style=\"text-align: justify;\" data-start=\"1917\" data-end=\"1987\">Hele teamet st\u00e5r til din disposisjon, og vi ser frem til et samarbeid.<\/p>\n<p data-start=\"1917\" data-end=\"1987\"><img loading=\"lazy\" decoding=\"async\" class=\"wp-image-298 aligncenter\" src=\"https:\/\/abc-office.ch\/wp-content\/uploads\/2020\/03\/bim91-1024x682.jpg\" alt=\"ABC Translation\" width=\"673\" height=\"448\" \/><\/p>\n","protected":false},"excerpt":{"rendered":"<p>ABC Translation ABC Translation spesialiserer seg p\u00e5 flere omr\u00e5der som oversettelse, eiendom, legaliseringer, jus og relokalisering. Med et team p\u00e5 over 500 ansatte over hele verden er ABC Translation en ledende akt\u00f8r innen disse spesialiseringene og kan handle sv\u00e6rt raskt takket v\u00e6re sitt store team av kvalifiserte fagpersoner. Selskapet representerer 55 forskjellige nasjonaliteter og har&#8230;<\/p>\n","protected":false},"author":1,"featured_media":229981,"parent":0,"menu_order":0,"comment_status":"closed","ping_status":"closed","template":"","meta":{"sfsi_plus_gutenberg_text_before_share":"","sfsi_plus_gutenberg_show_text_before_share":"","sfsi_plus_gutenberg_icon_type":"","sfsi_plus_gutenberg_icon_alignemt":"","sfsi_plus_gutenburg_max_per_row":"","footnotes":""},"class_list":["post-229980","page","type-page","status-publish","has-post-thumbnail","hentry"],"yoast_head":"<!-- This site is optimized with the Yoast SEO plugin v23.8 - https:\/\/yoast.com\/wordpress\/plugins\/seo\/ -->\n<title>ABC Translation | Oversettelse | Legalisering | Eiendom<\/title>\n<meta name=\"description\" content=\"ABC Translation | Legalisering | Eiendom | Eksperttjenester for utlendinger | Tolkning | Notarius publicus | Advokatfirma | Personflytting\" \/>\n<meta name=\"robots\" content=\"index, follow, max-snippet:-1, max-image-preview:large, max-video-preview:-1\" \/>\n<link rel=\"canonical\" href=\"https:\/\/abc-office.eu\/no\/\" \/>\n<meta property=\"og:locale\" content=\"nb_NO\" \/>\n<meta property=\"og:type\" content=\"article\" \/>\n<meta property=\"og:title\" content=\"ABC Translation | Oversettelse | Legalisering | Eiendom\" \/>\n<meta property=\"og:description\" content=\"ABC Translation | Legalisering | Eiendom | Eksperttjenester for utlendinger | Tolkning | Notarius publicus | Advokatfirma | Personflytting\" \/>\n<meta property=\"og:url\" content=\"https:\/\/abc-office.eu\/no\/\" \/>\n<meta property=\"og:site_name\" content=\"ABC Translation\" \/>\n<meta property=\"article:modified_time\" content=\"2025-10-22T05:00:49+00:00\" \/>\n<meta property=\"og:image\" content=\"https:\/\/abc-office.eu\/wp-content\/uploads\/2025\/10\/6190976a-768x433-10.jpg\" \/>\n\t<meta property=\"og:image:width\" content=\"768\" \/>\n\t<meta property=\"og:image:height\" content=\"433\" \/>\n\t<meta property=\"og:image:type\" content=\"image\/jpeg\" \/>\n<meta name=\"twitter:card\" content=\"summary_large_image\" \/>\n<meta name=\"twitter:label1\" content=\"Ansl. lesetid\" \/>\n\t<meta name=\"twitter:data1\" content=\"2 minutter\" \/>\n<script type=\"application\/ld+json\" class=\"yoast-schema-graph\">{\"@context\":\"https:\/\/schema.org\",\"@graph\":[{\"@type\":\"WebPage\",\"@id\":\"https:\/\/abc-office.eu\/no\/\",\"url\":\"https:\/\/abc-office.eu\/no\/\",\"name\":\"ABC Translation | Oversettelse | Legalisering | Eiendom\",\"isPartOf\":{\"@id\":\"https:\/\/abc-office.eu\/no\/#website\"},\"primaryImageOfPage\":{\"@id\":\"https:\/\/abc-office.eu\/no\/#primaryimage\"},\"image\":{\"@id\":\"https:\/\/abc-office.eu\/no\/#primaryimage\"},\"thumbnailUrl\":\"https:\/\/abc-office.eu\/wp-content\/uploads\/2025\/10\/6190976a-768x433-10.jpg\",\"datePublished\":\"2017-02-16T08:13:19+00:00\",\"dateModified\":\"2025-10-22T05:00:49+00:00\",\"description\":\"ABC Translation | Legalisering | Eiendom | Eksperttjenester for utlendinger | Tolkning | Notarius publicus | Advokatfirma | Personflytting\",\"breadcrumb\":{\"@id\":\"https:\/\/abc-office.eu\/no\/#breadcrumb\"},\"inLanguage\":\"nb-NO\",\"potentialAction\":[{\"@type\":\"ReadAction\",\"target\":[\"https:\/\/abc-office.eu\/no\/\"]}]},{\"@type\":\"ImageObject\",\"inLanguage\":\"nb-NO\",\"@id\":\"https:\/\/abc-office.eu\/no\/#primaryimage\",\"url\":\"https:\/\/abc-office.eu\/wp-content\/uploads\/2025\/10\/6190976a-768x433-10.jpg\",\"contentUrl\":\"https:\/\/abc-office.eu\/wp-content\/uploads\/2025\/10\/6190976a-768x433-10.jpg\",\"width\":768,\"height\":433},{\"@type\":\"BreadcrumbList\",\"@id\":\"https:\/\/abc-office.eu\/no\/#breadcrumb\",\"itemListElement\":[{\"@type\":\"ListItem\",\"position\":1,\"name\":\"Accueil\",\"item\":\"https:\/\/abc-office.eu\/no\/\"},{\"@type\":\"ListItem\",\"position\":2,\"name\":\"Hjem\"}]},{\"@type\":\"WebSite\",\"@id\":\"https:\/\/abc-office.eu\/no\/#website\",\"url\":\"https:\/\/abc-office.eu\/no\/\",\"name\":\"ABC Translation\",\"description\":\"info@abc-office.eu\",\"potentialAction\":[{\"@type\":\"SearchAction\",\"target\":{\"@type\":\"EntryPoint\",\"urlTemplate\":\"https:\/\/abc-office.eu\/no\/?s={search_term_string}\"},\"query-input\":{\"@type\":\"PropertyValueSpecification\",\"valueRequired\":true,\"valueName\":\"search_term_string\"}}],\"inLanguage\":\"nb-NO\"}]}<\/script>\n<!-- \/ Yoast SEO plugin. -->","yoast_head_json":{"title":"ABC Translation | Oversettelse | Legalisering | Eiendom","description":"ABC Translation | Legalisering | Eiendom | Eksperttjenester for utlendinger | Tolkning | Notarius publicus | Advokatfirma | Personflytting","robots":{"index":"index","follow":"follow","max-snippet":"max-snippet:-1","max-image-preview":"max-image-preview:large","max-video-preview":"max-video-preview:-1"},"canonical":"https:\/\/abc-office.eu\/no\/","og_locale":"nb_NO","og_type":"article","og_title":"ABC Translation | Oversettelse | Legalisering | Eiendom","og_description":"ABC Translation | Legalisering | Eiendom | Eksperttjenester for utlendinger | Tolkning | Notarius publicus | Advokatfirma | Personflytting","og_url":"https:\/\/abc-office.eu\/no\/","og_site_name":"ABC Translation","article_modified_time":"2025-10-22T05:00:49+00:00","og_image":[{"width":768,"height":433,"url":"https:\/\/abc-office.eu\/wp-content\/uploads\/2025\/10\/6190976a-768x433-10.jpg","type":"image\/jpeg"}],"twitter_card":"summary_large_image","twitter_misc":{"Ansl. lesetid":"2 minutter"},"schema":{"@context":"https:\/\/schema.org","@graph":[{"@type":"WebPage","@id":"https:\/\/abc-office.eu\/no\/","url":"https:\/\/abc-office.eu\/no\/","name":"ABC Translation | Oversettelse | Legalisering | Eiendom","isPartOf":{"@id":"https:\/\/abc-office.eu\/no\/#website"},"primaryImageOfPage":{"@id":"https:\/\/abc-office.eu\/no\/#primaryimage"},"image":{"@id":"https:\/\/abc-office.eu\/no\/#primaryimage"},"thumbnailUrl":"https:\/\/abc-office.eu\/wp-content\/uploads\/2025\/10\/6190976a-768x433-10.jpg","datePublished":"2017-02-16T08:13:19+00:00","dateModified":"2025-10-22T05:00:49+00:00","description":"ABC Translation | Legalisering | Eiendom | Eksperttjenester for utlendinger | Tolkning | Notarius publicus | Advokatfirma | Personflytting","breadcrumb":{"@id":"https:\/\/abc-office.eu\/no\/#breadcrumb"},"inLanguage":"nb-NO","potentialAction":[{"@type":"ReadAction","target":["https:\/\/abc-office.eu\/no\/"]}]},{"@type":"ImageObject","inLanguage":"nb-NO","@id":"https:\/\/abc-office.eu\/no\/#primaryimage","url":"https:\/\/abc-office.eu\/wp-content\/uploads\/2025\/10\/6190976a-768x433-10.jpg","contentUrl":"https:\/\/abc-office.eu\/wp-content\/uploads\/2025\/10\/6190976a-768x433-10.jpg","width":768,"height":433},{"@type":"BreadcrumbList","@id":"https:\/\/abc-office.eu\/no\/#breadcrumb","itemListElement":[{"@type":"ListItem","position":1,"name":"Accueil","item":"https:\/\/abc-office.eu\/no\/"},{"@type":"ListItem","position":2,"name":"Hjem"}]},{"@type":"WebSite","@id":"https:\/\/abc-office.eu\/no\/#website","url":"https:\/\/abc-office.eu\/no\/","name":"ABC Translation","description":"info@abc-office.eu","potentialAction":[{"@type":"SearchAction","target":{"@type":"EntryPoint","urlTemplate":"https:\/\/abc-office.eu\/no\/?s={search_term_string}"},"query-input":{"@type":"PropertyValueSpecification","valueRequired":true,"valueName":"search_term_string"}}],"inLanguage":"nb-NO"}]}},"_links":{"self":[{"href":"https:\/\/abc-office.eu\/no\/wp-json\/wp\/v2\/pages\/229980","targetHints":{"allow":["GET"]}}],"collection":[{"href":"https:\/\/abc-office.eu\/no\/wp-json\/wp\/v2\/pages"}],"about":[{"href":"https:\/\/abc-office.eu\/no\/wp-json\/wp\/v2\/types\/page"}],"author":[{"embeddable":true,"href":"https:\/\/abc-office.eu\/no\/wp-json\/wp\/v2\/users\/1"}],"replies":[{"embeddable":true,"href":"https:\/\/abc-office.eu\/no\/wp-json\/wp\/v2\/comments?post=229980"}],"version-history":[{"count":1,"href":"https:\/\/abc-office.eu\/no\/wp-json\/wp\/v2\/pages\/229980\/revisions"}],"predecessor-version":[{"id":230003,"href":"https:\/\/abc-office.eu\/no\/wp-json\/wp\/v2\/pages\/229980\/revisions\/230003"}],"wp:featuredmedia":[{"embeddable":true,"href":"https:\/\/abc-office.eu\/no\/wp-json\/wp\/v2\/media\/229981"}],"wp:attachment":[{"href":"https:\/\/abc-office.eu\/no\/wp-json\/wp\/v2\/media?parent=229980"}],"curies":[{"name":"wp","href":"https:\/\/api.w.org\/{rel}","templated":true}]}}