{"id":226210,"date":"2024-06-03T14:41:38","date_gmt":"2024-06-03T12:41:38","guid":{"rendered":"https:\/\/abc-office.eu\/?page_id=226210"},"modified":"2025-10-17T09:46:49","modified_gmt":"2025-10-17T07:46:49","slug":"beedigd-vertaler-afrikaans-amsterdam","status":"publish","type":"page","link":"https:\/\/abc-office.eu\/nl\/nederland\/beedigde-vertaling-nederland\/beedigde-vertaling-amsterdam\/beedigd-vertaler-afrikaans-amsterdam\/","title":{"rendered":"Be\u00ebdigd vertaler Afrikaans Amsterdam"},"content":{"rendered":"<h2>Be\u00ebdigd vertaler Afrikaans Amsterdam<\/h2>\n<p style=\"text-align: justify;\">Ons vertaalbureau is gespecialiseerd in be\u00ebdigde en gewaarmerkte vertalingen van en naar het Afrikaans. Onze be\u00ebdigde Afrikaanse vertalers in Amsterdam kunnen uw aanvraag snel verwerken. Wij hoeven alleen een kopie te ontvangen van de documenten die vertaald moeten worden (alle formaten worden geaccepteerd). De originele documenten zijn niet langer vereist (be\u00ebdigd vertaler Afrikaans Amsterdam).<\/p>\n<ol>\n<li style=\"text-align: justify;\">Ten eerste kunt u gebruikmaken van ons e-mailadres (<a href=\"mailto:info@abc-office.eu\">info@abc-office.eu<\/a>), het contactformulier of u kunt ook onze WhatsApp-link gebruiken.<\/li>\n<li style=\"text-align: justify;\">Ten tweede vermeldt u de taal waarin u de vertaling wilt ontvangen en of u de vertaling wilt laten legaliseren door de notaris en\/of voorzien van een apostille (kanselarij) en of u een legalisatie via de ambassade of het consulaat nodig heeft.<\/li>\n<li style=\"text-align: justify;\">Ten derde zal een van onze projectmanagers u vervolgens snel een offerte toesturen met vermelding van de prijs en de doorlooptijd voor dit project. Wij antwoorden meestal binnen 30 minuten. Mocht u echter binnen een uur nog geen antwoord hebben ontvangen, gelieve dan telefonisch contact met ons op te nemen.<\/li>\n<li style=\"text-align: justify;\">Ten vierde, en het belangrijkste, zodra de offerte is aanvaard, starten wij het vertaal- of legalisatieproces en sturen wij u de be\u00ebdigde vertalingen en\/of legalisaties per post toe. Indien u ook een kopie van de vertaling en de legalisatie per e-mail wenst, gelieve dit aan de projectmanager door te geven en wij sturen het u per e-mail toe v\u00f3\u00f3r de originele verzending.<\/li>\n<\/ol>\n<p style=\"text-align: justify;\" data-start=\"1459\" data-end=\"1762\">Wat de doorlooptijd betreft: de be\u00ebdigde vertalingen worden per post of DHL en\/of per e-mail binnen 2-3 werkdagen verzonden. Dit hangt echter ook af van het volume en de moeilijkheidsgraad van de documenten. Zo ontvangt u bijvoorbeeld een document van \u00e9\u00e9n pagina doorgaans binnen 2 werkdagen per post.<\/p>\n<h3><strong>Talen die wij vanuit en naar het Afrikaans combineren:<\/strong><\/h3>\n<p style=\"text-align: justify;\" data-start=\"1833\" data-end=\"2696\">Albanees | Duits | Amerikaans | Amhaars | Engels | Arabisch | Armeens | Aymara | Azerbeidzjaans | Baskisch | Bengaals | Wit-Russisch | Birmees | Bosnisch | Braziliaans | Bulgaars | Cantonees | Catalaans | Singalees | Chinees | Vereenvoudigd Chinees | Traditioneel Chinees | Koreaans | Kroatisch | Deens | Dari | Ests | Ewe | Farsi | Fins | Georgisch | Grieks | Guaran\u00ed | Hebreeuws | Hindi | Hongaars | Indonesisch | Italiaans | Japans | Kazachs | Khmer | Kirgizisch | Koerdisch | Laotiaans | Lets | Lingala | Litouws | Macedonisch | Maleisisch | Malayalam | Mandarijn | Moldavisch | Mongools | Montenegrijns | Nederlands | Noors | Urdu | Oezbeeks | Pasjtoe | Punjabi | Perzisch | Fulani | Pools | Spaans | Quechua | Roemeens | Russisch | Servisch | Slowaaks | Sloveens | Zweeds | Tamil | Tsjechisch | Thais | Turks | Turkmen | Oekra\u00efens | Vietnamees | Portugees<\/p>\n<h3><strong>Hier is een lijst van documenten (deze lijst is niet volledig):<\/strong><\/h3>\n<p style=\"text-align: justify;\" data-start=\"2756\" data-end=\"3113\">Geboorteakte | huwelijksakte | akte burgerlijke stand | attest | patent | strafblad | certificaat | verklaring van ongehuwd zijn | overlijdensakte | familiecertificaat | werkverklaring | belastingaangifte | diploma | paspoort | rijbewijs | testament | visum | contract | echtscheidingscontract | huwelijkscontract | vonnis | procedure | volmacht | notulen<\/p>\n<h3 data-start=\"3115\" data-end=\"3215\"><strong data-start=\"3115\" data-end=\"3213\">Veelvoorkomende soorten certificeringen\/legalisaties (be\u00ebdigd vertaler Afrikaans Amsterdam):<\/strong><\/h3>\n<ul>\n<li style=\"text-align: justify;\" data-start=\"3218\" data-end=\"3302\"><strong data-start=\"3218\" data-end=\"3241\">Be\u00ebdigde vertaling:<\/strong> wij leveren de vertaling met onze stempel en handtekening.<\/li>\n<li style=\"text-align: justify;\" data-start=\"3218\" data-end=\"3302\"><strong data-start=\"85\" data-end=\"288\">Be\u00ebdigde vertaling: <\/strong>wij verzorgen offici\u00eble vertalingen die zijn ondertekend en afgestempeld door een be\u00ebdigd vertaler, geregistreerd in het Rbtv, en die rechtsgeldig zijn in Nederland en daarbuiten.<\/li>\n<li style=\"text-align: justify;\" data-start=\"3305\" data-end=\"3408\"><strong data-start=\"3305\" data-end=\"3334\">Gelegaliseerde vertaling:<\/strong> de notaris legaliseert de handtekening van de vertaler op de vertaling.<\/li>\n<li style=\"text-align: justify;\" data-start=\"3411\" data-end=\"3499\"><strong data-start=\"3411\" data-end=\"3439\">Vertaling met apostille:<\/strong> de kanselarij legaliseert de handtekening van de notaris.<\/li>\n<li style=\"text-align: justify;\" data-start=\"3502\" data-end=\"3642\"><strong data-start=\"3502\" data-end=\"3562\">Vertaling gelegaliseerd door een ambassade of consulaat:<\/strong> wij verzorgen de uiteindelijke legalisatie via de ambassade of het consulaat.<\/li>\n<\/ul>\n<p style=\"text-align: justify;\" data-start=\"3644\" data-end=\"3954\">Dankzij de juiste certificering worden de vertalingen geaccepteerd in Nederland en in het buitenland. Voor vragen over het type certificering dat u nodig heeft voor uw documenten, aarzel niet om contact op te nemen met ons team. Wij begeleiden u door het hele proces (be\u00ebdigd vertaler Afrikaans Amsterdam).<\/p>\n<p style=\"text-align: justify;\" data-start=\"3956\" data-end=\"4005\">Wij kijken ernaar uit om met u samen te werken.<\/p>\n<p data-start=\"4007\" data-end=\"4032\"><a href=\"https:\/\/abc-office.eu\/nl\/contact\/\"><strong data-start=\"4007\" data-end=\"4030\">ABC Translation LLC<\/strong><\/a><\/p>\n<p data-start=\"4007\" data-end=\"4032\"><img loading=\"lazy\" decoding=\"async\" class=\"aligncenter wp-image-271\" src=\"https:\/\/abc-office.ch\/wp-content\/uploads\/2018\/06\/imageedit_1_6241191614.gif\" alt=\"Be\u00ebdigd vertaler Afrikaans Amsterdam\" width=\"437\" height=\"437\" \/><\/p>\n","protected":false},"excerpt":{"rendered":"<p>Be\u00ebdigd vertaler Afrikaans Amsterdam Ons vertaalbureau is gespecialiseerd in be\u00ebdigde en gewaarmerkte vertalingen van en naar het Afrikaans. Onze be\u00ebdigde Afrikaanse vertalers in Amsterdam kunnen uw aanvraag snel verwerken. Wij hoeven alleen een kopie te ontvangen van de documenten die vertaald moeten worden (alle formaten worden geaccepteerd). De originele documenten zijn niet langer vereist (be\u00ebdigd&#8230;<\/p>\n","protected":false},"author":1,"featured_media":226211,"parent":226194,"menu_order":0,"comment_status":"closed","ping_status":"closed","template":"","meta":{"sfsi_plus_gutenberg_text_before_share":"","sfsi_plus_gutenberg_show_text_before_share":"","sfsi_plus_gutenberg_icon_type":"","sfsi_plus_gutenberg_icon_alignemt":"","sfsi_plus_gutenburg_max_per_row":"","footnotes":""},"class_list":["post-226210","page","type-page","status-publish","has-post-thumbnail","hentry"],"yoast_head":"<!-- This site is optimized with the Yoast SEO plugin v23.8 - https:\/\/yoast.com\/wordpress\/plugins\/seo\/ -->\n<title>Be\u00ebdigd vertaler Afrikaans Amsterdam | Be\u00ebdigd vertaler | Officieel<\/title>\n<meta name=\"description\" content=\"ABC Translation | Be\u00ebdigd vertaler Afrikaans Amsterdam | Be\u00ebdigd Afrikaanse vertaler Amsterdam | Offici\u00eble Afrikaanse vertaling Amsterdam\" \/>\n<meta name=\"robots\" content=\"index, follow, max-snippet:-1, max-image-preview:large, max-video-preview:-1\" \/>\n<link rel=\"canonical\" href=\"https:\/\/abc-office.eu\/nl\/nederland\/beedigde-vertaling-nederland\/beedigde-vertaling-amsterdam\/beedigd-vertaler-afrikaans-amsterdam\/\" \/>\n<meta property=\"og:locale\" content=\"nl_NL\" \/>\n<meta property=\"og:type\" content=\"article\" \/>\n<meta property=\"og:title\" content=\"Be\u00ebdigd vertaler Afrikaans Amsterdam | Be\u00ebdigd vertaler | Officieel\" \/>\n<meta property=\"og:description\" content=\"ABC Translation | Be\u00ebdigd vertaler Afrikaans Amsterdam | Be\u00ebdigd Afrikaanse vertaler Amsterdam | Offici\u00eble Afrikaanse vertaling Amsterdam\" \/>\n<meta property=\"og:url\" content=\"https:\/\/abc-office.eu\/nl\/nederland\/beedigde-vertaling-nederland\/beedigde-vertaling-amsterdam\/beedigd-vertaler-afrikaans-amsterdam\/\" \/>\n<meta property=\"og:site_name\" content=\"ABC Translation\" \/>\n<meta property=\"article:modified_time\" content=\"2025-10-17T07:46:49+00:00\" \/>\n<meta property=\"og:image\" content=\"https:\/\/abc-office.eu\/wp-content\/uploads\/2025\/10\/Afrikaans-1.jpg\" \/>\n\t<meta property=\"og:image:width\" content=\"669\" \/>\n\t<meta property=\"og:image:height\" content=\"491\" \/>\n\t<meta property=\"og:image:type\" content=\"image\/jpeg\" \/>\n<meta name=\"twitter:card\" content=\"summary_large_image\" \/>\n<meta name=\"twitter:label1\" content=\"Geschatte leestijd\" \/>\n\t<meta name=\"twitter:data1\" content=\"4 minuten\" \/>\n<script type=\"application\/ld+json\" class=\"yoast-schema-graph\">{\"@context\":\"https:\/\/schema.org\",\"@graph\":[{\"@type\":\"WebPage\",\"@id\":\"https:\/\/abc-office.eu\/nl\/nederland\/beedigde-vertaling-nederland\/beedigde-vertaling-amsterdam\/beedigd-vertaler-afrikaans-amsterdam\/\",\"url\":\"https:\/\/abc-office.eu\/nl\/nederland\/beedigde-vertaling-nederland\/beedigde-vertaling-amsterdam\/beedigd-vertaler-afrikaans-amsterdam\/\",\"name\":\"Be\u00ebdigd vertaler Afrikaans Amsterdam | Be\u00ebdigd vertaler | Officieel\",\"isPartOf\":{\"@id\":\"https:\/\/abc-office.eu\/nl\/#website\"},\"primaryImageOfPage\":{\"@id\":\"https:\/\/abc-office.eu\/nl\/nederland\/beedigde-vertaling-nederland\/beedigde-vertaling-amsterdam\/beedigd-vertaler-afrikaans-amsterdam\/#primaryimage\"},\"image\":{\"@id\":\"https:\/\/abc-office.eu\/nl\/nederland\/beedigde-vertaling-nederland\/beedigde-vertaling-amsterdam\/beedigd-vertaler-afrikaans-amsterdam\/#primaryimage\"},\"thumbnailUrl\":\"https:\/\/abc-office.eu\/wp-content\/uploads\/2025\/10\/Afrikaans-1.jpg\",\"datePublished\":\"2024-06-03T12:41:38+00:00\",\"dateModified\":\"2025-10-17T07:46:49+00:00\",\"description\":\"ABC Translation | Be\u00ebdigd vertaler Afrikaans Amsterdam | Be\u00ebdigd Afrikaanse vertaler Amsterdam | Offici\u00eble Afrikaanse vertaling Amsterdam\",\"breadcrumb\":{\"@id\":\"https:\/\/abc-office.eu\/nl\/nederland\/beedigde-vertaling-nederland\/beedigde-vertaling-amsterdam\/beedigd-vertaler-afrikaans-amsterdam\/#breadcrumb\"},\"inLanguage\":\"nl-NL\",\"potentialAction\":[{\"@type\":\"ReadAction\",\"target\":[\"https:\/\/abc-office.eu\/nl\/nederland\/beedigde-vertaling-nederland\/beedigde-vertaling-amsterdam\/beedigd-vertaler-afrikaans-amsterdam\/\"]}]},{\"@type\":\"ImageObject\",\"inLanguage\":\"nl-NL\",\"@id\":\"https:\/\/abc-office.eu\/nl\/nederland\/beedigde-vertaling-nederland\/beedigde-vertaling-amsterdam\/beedigd-vertaler-afrikaans-amsterdam\/#primaryimage\",\"url\":\"https:\/\/abc-office.eu\/wp-content\/uploads\/2025\/10\/Afrikaans-1.jpg\",\"contentUrl\":\"https:\/\/abc-office.eu\/wp-content\/uploads\/2025\/10\/Afrikaans-1.jpg\",\"width\":669,\"height\":491},{\"@type\":\"BreadcrumbList\",\"@id\":\"https:\/\/abc-office.eu\/nl\/nederland\/beedigde-vertaling-nederland\/beedigde-vertaling-amsterdam\/beedigd-vertaler-afrikaans-amsterdam\/#breadcrumb\",\"itemListElement\":[{\"@type\":\"ListItem\",\"position\":1,\"name\":\"Accueil\",\"item\":\"https:\/\/abc-office.eu\/nl\/\"},{\"@type\":\"ListItem\",\"position\":2,\"name\":\"Nederland\",\"item\":\"https:\/\/abc-office.eu\/nl\/nederland\/\"},{\"@type\":\"ListItem\",\"position\":3,\"name\":\"Be\u00ebdigde vertaling Nederland\",\"item\":\"https:\/\/abc-office.eu\/nl\/nederland\/beedigde-vertaling-nederland\/\"},{\"@type\":\"ListItem\",\"position\":4,\"name\":\"Be\u00ebdigde vertaling Amsterdam\",\"item\":\"https:\/\/abc-office.eu\/nl\/nederland\/beedigde-vertaling-nederland\/beedigde-vertaling-amsterdam\/\"},{\"@type\":\"ListItem\",\"position\":5,\"name\":\"Be\u00ebdigd vertaler Afrikaans Amsterdam\"}]},{\"@type\":\"WebSite\",\"@id\":\"https:\/\/abc-office.eu\/nl\/#website\",\"url\":\"https:\/\/abc-office.eu\/nl\/\",\"name\":\"ABC Translation\",\"description\":\"info@abc-office.eu\",\"potentialAction\":[{\"@type\":\"SearchAction\",\"target\":{\"@type\":\"EntryPoint\",\"urlTemplate\":\"https:\/\/abc-office.eu\/nl\/?s={search_term_string}\"},\"query-input\":{\"@type\":\"PropertyValueSpecification\",\"valueRequired\":true,\"valueName\":\"search_term_string\"}}],\"inLanguage\":\"nl-NL\"}]}<\/script>\n<!-- \/ Yoast SEO plugin. -->","yoast_head_json":{"title":"Be\u00ebdigd vertaler Afrikaans Amsterdam | Be\u00ebdigd vertaler | Officieel","description":"ABC Translation | Be\u00ebdigd vertaler Afrikaans Amsterdam | Be\u00ebdigd Afrikaanse vertaler Amsterdam | Offici\u00eble Afrikaanse vertaling Amsterdam","robots":{"index":"index","follow":"follow","max-snippet":"max-snippet:-1","max-image-preview":"max-image-preview:large","max-video-preview":"max-video-preview:-1"},"canonical":"https:\/\/abc-office.eu\/nl\/nederland\/beedigde-vertaling-nederland\/beedigde-vertaling-amsterdam\/beedigd-vertaler-afrikaans-amsterdam\/","og_locale":"nl_NL","og_type":"article","og_title":"Be\u00ebdigd vertaler Afrikaans Amsterdam | Be\u00ebdigd vertaler | Officieel","og_description":"ABC Translation | Be\u00ebdigd vertaler Afrikaans Amsterdam | Be\u00ebdigd Afrikaanse vertaler Amsterdam | Offici\u00eble Afrikaanse vertaling Amsterdam","og_url":"https:\/\/abc-office.eu\/nl\/nederland\/beedigde-vertaling-nederland\/beedigde-vertaling-amsterdam\/beedigd-vertaler-afrikaans-amsterdam\/","og_site_name":"ABC Translation","article_modified_time":"2025-10-17T07:46:49+00:00","og_image":[{"width":669,"height":491,"url":"https:\/\/abc-office.eu\/wp-content\/uploads\/2025\/10\/Afrikaans-1.jpg","type":"image\/jpeg"}],"twitter_card":"summary_large_image","twitter_misc":{"Geschatte leestijd":"4 minuten"},"schema":{"@context":"https:\/\/schema.org","@graph":[{"@type":"WebPage","@id":"https:\/\/abc-office.eu\/nl\/nederland\/beedigde-vertaling-nederland\/beedigde-vertaling-amsterdam\/beedigd-vertaler-afrikaans-amsterdam\/","url":"https:\/\/abc-office.eu\/nl\/nederland\/beedigde-vertaling-nederland\/beedigde-vertaling-amsterdam\/beedigd-vertaler-afrikaans-amsterdam\/","name":"Be\u00ebdigd vertaler Afrikaans Amsterdam | Be\u00ebdigd vertaler | Officieel","isPartOf":{"@id":"https:\/\/abc-office.eu\/nl\/#website"},"primaryImageOfPage":{"@id":"https:\/\/abc-office.eu\/nl\/nederland\/beedigde-vertaling-nederland\/beedigde-vertaling-amsterdam\/beedigd-vertaler-afrikaans-amsterdam\/#primaryimage"},"image":{"@id":"https:\/\/abc-office.eu\/nl\/nederland\/beedigde-vertaling-nederland\/beedigde-vertaling-amsterdam\/beedigd-vertaler-afrikaans-amsterdam\/#primaryimage"},"thumbnailUrl":"https:\/\/abc-office.eu\/wp-content\/uploads\/2025\/10\/Afrikaans-1.jpg","datePublished":"2024-06-03T12:41:38+00:00","dateModified":"2025-10-17T07:46:49+00:00","description":"ABC Translation | Be\u00ebdigd vertaler Afrikaans Amsterdam | Be\u00ebdigd Afrikaanse vertaler Amsterdam | Offici\u00eble Afrikaanse vertaling Amsterdam","breadcrumb":{"@id":"https:\/\/abc-office.eu\/nl\/nederland\/beedigde-vertaling-nederland\/beedigde-vertaling-amsterdam\/beedigd-vertaler-afrikaans-amsterdam\/#breadcrumb"},"inLanguage":"nl-NL","potentialAction":[{"@type":"ReadAction","target":["https:\/\/abc-office.eu\/nl\/nederland\/beedigde-vertaling-nederland\/beedigde-vertaling-amsterdam\/beedigd-vertaler-afrikaans-amsterdam\/"]}]},{"@type":"ImageObject","inLanguage":"nl-NL","@id":"https:\/\/abc-office.eu\/nl\/nederland\/beedigde-vertaling-nederland\/beedigde-vertaling-amsterdam\/beedigd-vertaler-afrikaans-amsterdam\/#primaryimage","url":"https:\/\/abc-office.eu\/wp-content\/uploads\/2025\/10\/Afrikaans-1.jpg","contentUrl":"https:\/\/abc-office.eu\/wp-content\/uploads\/2025\/10\/Afrikaans-1.jpg","width":669,"height":491},{"@type":"BreadcrumbList","@id":"https:\/\/abc-office.eu\/nl\/nederland\/beedigde-vertaling-nederland\/beedigde-vertaling-amsterdam\/beedigd-vertaler-afrikaans-amsterdam\/#breadcrumb","itemListElement":[{"@type":"ListItem","position":1,"name":"Accueil","item":"https:\/\/abc-office.eu\/nl\/"},{"@type":"ListItem","position":2,"name":"Nederland","item":"https:\/\/abc-office.eu\/nl\/nederland\/"},{"@type":"ListItem","position":3,"name":"Be\u00ebdigde vertaling Nederland","item":"https:\/\/abc-office.eu\/nl\/nederland\/beedigde-vertaling-nederland\/"},{"@type":"ListItem","position":4,"name":"Be\u00ebdigde vertaling Amsterdam","item":"https:\/\/abc-office.eu\/nl\/nederland\/beedigde-vertaling-nederland\/beedigde-vertaling-amsterdam\/"},{"@type":"ListItem","position":5,"name":"Be\u00ebdigd vertaler Afrikaans Amsterdam"}]},{"@type":"WebSite","@id":"https:\/\/abc-office.eu\/nl\/#website","url":"https:\/\/abc-office.eu\/nl\/","name":"ABC Translation","description":"info@abc-office.eu","potentialAction":[{"@type":"SearchAction","target":{"@type":"EntryPoint","urlTemplate":"https:\/\/abc-office.eu\/nl\/?s={search_term_string}"},"query-input":{"@type":"PropertyValueSpecification","valueRequired":true,"valueName":"search_term_string"}}],"inLanguage":"nl-NL"}]}},"_links":{"self":[{"href":"https:\/\/abc-office.eu\/nl\/wp-json\/wp\/v2\/pages\/226210","targetHints":{"allow":["GET"]}}],"collection":[{"href":"https:\/\/abc-office.eu\/nl\/wp-json\/wp\/v2\/pages"}],"about":[{"href":"https:\/\/abc-office.eu\/nl\/wp-json\/wp\/v2\/types\/page"}],"author":[{"embeddable":true,"href":"https:\/\/abc-office.eu\/nl\/wp-json\/wp\/v2\/users\/1"}],"replies":[{"embeddable":true,"href":"https:\/\/abc-office.eu\/nl\/wp-json\/wp\/v2\/comments?post=226210"}],"version-history":[{"count":3,"href":"https:\/\/abc-office.eu\/nl\/wp-json\/wp\/v2\/pages\/226210\/revisions"}],"predecessor-version":[{"id":227968,"href":"https:\/\/abc-office.eu\/nl\/wp-json\/wp\/v2\/pages\/226210\/revisions\/227968"}],"up":[{"embeddable":true,"href":"https:\/\/abc-office.eu\/nl\/wp-json\/wp\/v2\/pages\/226194"}],"wp:featuredmedia":[{"embeddable":true,"href":"https:\/\/abc-office.eu\/nl\/wp-json\/wp\/v2\/media\/226211"}],"wp:attachment":[{"href":"https:\/\/abc-office.eu\/nl\/wp-json\/wp\/v2\/media?parent=226210"}],"curies":[{"name":"wp","href":"https:\/\/api.w.org\/{rel}","templated":true}]}}