{"id":226194,"date":"2024-06-03T14:39:11","date_gmt":"2024-06-03T12:39:11","guid":{"rendered":"https:\/\/abc-office.eu\/?page_id=226194"},"modified":"2025-10-17T09:48:29","modified_gmt":"2025-10-17T07:48:29","slug":"beedigde-vertaling-amsterdam","status":"publish","type":"page","link":"https:\/\/abc-office.eu\/nl\/nederland\/beedigde-vertaling-nederland\/beedigde-vertaling-amsterdam\/","title":{"rendered":"Be\u00ebdigde vertaling Amsterdam"},"content":{"rendered":"<h2 data-start=\"74\" data-end=\"108\">Be\u00ebdigde vertaling Amsterdam<\/h2>\n<p style=\"text-align: justify;\">Ons vertaalbureau is gespecialiseerd in be\u00ebdigde en gewaarmerkte vertalingen in meer dan 80 talen. Ons team in Amsterdam kan uw aanvraag snel verwerken. Wij hoeven alleen een kopie te ontvangen van de documenten die vertaald moeten worden (alle formaten worden aanvaard). De originele documenten zijn niet langer vereist (be\u00ebdigde vertaling Amsterdam).<\/p>\n<ol>\n<li style=\"text-align: justify;\">Ten eerste kunt u gebruikmaken van ons e-mailadres (<a href=\"mailto:info@abc-office.eu\">info@abc-office.eu<\/a>), het contactformulier of u kunt ook onze WhatsApp-link gebruiken.<\/li>\n<li style=\"text-align: justify;\">Ten tweede vermeldt u de taal waarin u de vertaling wilt ontvangen en of u de vertaling wilt laten legaliseren door de notaris en\/of voorzien van een apostille (kanselarij) en of u een legalisatie via de ambassade of het consulaat nodig heeft.<\/li>\n<li style=\"text-align: justify;\">Ten derde zal een van onze projectmanagers u vervolgens snel een offerte toesturen met vermelding van de prijs en de doorlooptijd voor dit project. Wij antwoorden meestal binnen 30 minuten. Mocht u echter binnen een uur nog geen antwoord hebben ontvangen, gelieve dan telefonisch contact met ons op te nemen.<\/li>\n<li style=\"text-align: justify;\">Ten vierde, en het belangrijkste, zodra de offerte is aanvaard, starten wij het vertaal- of legalisatieproces en sturen wij u de be\u00ebdigde vertalingen en\/of legalisaties per post toe. Indien u ook een kopie van de vertaling en de legalisatie per e-mail wenst, gelieve dit aan de projectmanager door te geven en wij sturen het u per e-mail toe v\u00f3\u00f3r de originele verzending.<\/li>\n<\/ol>\n<p style=\"text-align: justify;\" data-start=\"1406\" data-end=\"1709\">Wat de doorlooptijd betreft: de be\u00ebdigde vertalingen worden per post of DHL en\/of per e-mail binnen 2-3 werkdagen verzonden. Dit hangt echter ook af van het volume en de moeilijkheidsgraad van de documenten. Zo ontvangt u bijvoorbeeld een document van \u00e9\u00e9n pagina doorgaans binnen 2 werkdagen per post.<\/p>\n<h3 data-start=\"1711\" data-end=\"1764\"><strong>Hier is een lijst met onze belangrijkste talen:<\/strong><\/h3>\n<p style=\"text-align: justify;\" data-start=\"1766\" data-end=\"2641\">Afrikaans | Albanees | Duits | Amerikaans | Amhaars | Engels | Arabisch | Armeens | Aymara | Azerbeidzjaans | Baskisch | Bengaals | Wit-Russisch | Birmees | Bosnisch | Braziliaans | Bulgaars | Cantonees | Catalaans | Singalees | Chinees | Vereenvoudigd Chinees | Traditioneel Chinees | Koreaans | Kroatisch | Deens | Dari | Spaans | Ests | Ewe | Farsi | Fins | Georgisch | Grieks | Guaran\u00ed | Hebreeuws | Hindi | Hongaars | Indonesisch | Italiaans | Japans | Kazachs | Khmer | Kirgizisch | Koerdisch | Laotiaans | Lets | Lingala | Litouws | Macedonisch | Maleisisch | Malayalam | Mandarijn | Moldavisch | Mongools | Montenegrijns | Nederlands | Noors | Urdu | Oezbeeks | Pasjtoe | Punjabi | Perzisch | Fulani | Pools | Portugees | Quechua | Roemeens | Russisch | Servisch | Slowaaks | Sloveens | Zweeds | Tamil | Tsjechisch | Thais | Turks | Turkmen | Oekra\u00efens | Vietnamees<\/p>\n<h3><strong>Hier is een \u00a0lijst van documenten (deze lijst is niet volledig):<\/strong><\/h3>\n<p style=\"text-align: justify;\" data-start=\"2701\" data-end=\"3058\">Geboorteakte | huwelijksakte | akte burgerlijke stand | attest | patent | strafblad | certificaat | verklaring van ongehuwd zijn | overlijdensakte | familiecertificaat | werkverklaring | belastingaangifte | diploma | paspoort | rijbewijs | testament | visum | contract | echtscheidingscontract | huwelijkscontract | vonnis | procedure | volmacht | notulen<\/p>\n<h3 data-start=\"3060\" data-end=\"3150\"><strong data-start=\"3060\" data-end=\"3148\">Veelvoorkomende soorten certificeringen\/legalisaties (be\u00ebdigde vertaling Amsterdam):<\/strong><\/h3>\n<ul>\n<li style=\"text-align: justify;\" data-start=\"3153\" data-end=\"3237\"><strong data-start=\"3153\" data-end=\"3176\">Be\u00ebdigde vertaling:<\/strong> wij leveren de vertaling met onze stempel en handtekening.<\/li>\n<li data-start=\"3153\" data-end=\"3237\"><strong data-start=\"85\" data-end=\"288\">Be\u00ebdigde vertaling: <\/strong>wij verzorgen offici\u00eble vertalingen die zijn ondertekend en afgestempeld door een be\u00ebdigd vertaler, geregistreerd in het Rbtv, en die rechtsgeldig zijn in Nederland en daarbuiten.<\/li>\n<li style=\"text-align: justify;\" data-start=\"3240\" data-end=\"3343\"><strong data-start=\"3240\" data-end=\"3269\">Gelegaliseerde vertaling:<\/strong> de notaris legaliseert de handtekening van de vertaler op de vertaling.<\/li>\n<li style=\"text-align: justify;\" data-start=\"3346\" data-end=\"3434\"><strong data-start=\"3346\" data-end=\"3374\">Vertaling met apostille:<\/strong> de kanselarij legaliseert de handtekening van de notaris.<\/li>\n<li data-start=\"3589\" data-end=\"3738\"><strong data-start=\"3589\" data-end=\"3649\">Vertaling gelegaliseerd door een ambassade of consulaat:<\/strong> de ambassade of het consulaat legaliseert de vertaling voor gebruik in het buitenland.<\/li>\n<\/ul>\n<p style=\"text-align: justify;\">Dankzij de juiste certificering worden de vertalingen aanvaard in Nederland en in het buitenland. Voor vragen over het type certificering dat u nodig heeft voor uw documenten, aarzel niet om contact op te nemen met ons team. Wij begeleiden u door het hele proces (be\u00ebdigde vertaling Amsterdam).<\/p>\n<p style=\"text-align: justify;\" data-start=\"3738\" data-end=\"3787\">Wij kijken ernaar uit om met u samen te werken.<\/p>\n<p style=\"text-align: justify;\" data-start=\"3789\" data-end=\"3814\"><a href=\"https:\/\/abc-office.eu\/nl\/contact\/\"><strong data-start=\"3789\" data-end=\"3812\">ABC Translation LLC<\/strong><\/a><\/p>\n<p data-start=\"3789\" data-end=\"3814\"><img loading=\"lazy\" decoding=\"async\" class=\"aligncenter wp-image-271\" src=\"https:\/\/abc-office.ch\/wp-content\/uploads\/2018\/06\/imageedit_1_6241191614.gif\" alt=\"Be\u00ebdigde vertaling Amsterdam\" width=\"437\" height=\"437\" \/><\/p>\n","protected":false},"excerpt":{"rendered":"<p>Be\u00ebdigde vertaling Amsterdam Ons vertaalbureau is gespecialiseerd in be\u00ebdigde en gewaarmerkte vertalingen in meer dan 80 talen. Ons team in Amsterdam kan uw aanvraag snel verwerken. Wij hoeven alleen een kopie te ontvangen van de documenten die vertaald moeten worden (alle formaten worden aanvaard). De originele documenten zijn niet langer vereist (be\u00ebdigde vertaling Amsterdam). Ten&#8230;<\/p>\n","protected":false},"author":1,"featured_media":226195,"parent":226180,"menu_order":0,"comment_status":"closed","ping_status":"closed","template":"","meta":{"sfsi_plus_gutenberg_text_before_share":"","sfsi_plus_gutenberg_show_text_before_share":"","sfsi_plus_gutenberg_icon_type":"","sfsi_plus_gutenberg_icon_alignemt":"","sfsi_plus_gutenburg_max_per_row":"","footnotes":""},"class_list":["post-226194","page","type-page","status-publish","has-post-thumbnail","hentry"],"yoast_head":"<!-- This site is optimized with the Yoast SEO plugin v23.8 - https:\/\/yoast.com\/wordpress\/plugins\/seo\/ -->\n<title>Be\u00ebdigde vertaling Amsterdam | Be\u00ebdigd vertaler | Officieel Notaris<\/title>\n<meta name=\"description\" content=\"ABC Translation | Be\u00ebdigde vertaling Amsterdam | Be\u00ebdigd vertaler Amsterdam | Offici\u00eble vertaling | Be\u00ebdigd vertaler Amsterdam\" \/>\n<meta name=\"robots\" content=\"index, follow, max-snippet:-1, max-image-preview:large, max-video-preview:-1\" \/>\n<link rel=\"canonical\" href=\"https:\/\/abc-office.eu\/nl\/nederland\/beedigde-vertaling-nederland\/beedigde-vertaling-amsterdam\/\" \/>\n<meta property=\"og:locale\" content=\"nl_NL\" \/>\n<meta property=\"og:type\" content=\"article\" \/>\n<meta property=\"og:title\" content=\"Be\u00ebdigde vertaling Amsterdam | Be\u00ebdigd vertaler | Officieel Notaris\" \/>\n<meta property=\"og:description\" content=\"ABC Translation | Be\u00ebdigde vertaling Amsterdam | Be\u00ebdigd vertaler Amsterdam | Offici\u00eble vertaling | Be\u00ebdigd vertaler Amsterdam\" \/>\n<meta property=\"og:url\" content=\"https:\/\/abc-office.eu\/nl\/nederland\/beedigde-vertaling-nederland\/beedigde-vertaling-amsterdam\/\" \/>\n<meta property=\"og:site_name\" content=\"ABC Translation\" \/>\n<meta property=\"article:modified_time\" content=\"2025-10-17T07:48:29+00:00\" \/>\n<meta property=\"og:image\" content=\"https:\/\/abc-office.eu\/wp-content\/uploads\/2025\/10\/KeizersgrachtReguliersgrachtAmsterdam-768x512-1.jpg\" \/>\n\t<meta property=\"og:image:width\" content=\"768\" \/>\n\t<meta property=\"og:image:height\" content=\"512\" \/>\n\t<meta property=\"og:image:type\" content=\"image\/jpeg\" \/>\n<meta name=\"twitter:card\" content=\"summary_large_image\" \/>\n<meta name=\"twitter:label1\" content=\"Geschatte leestijd\" \/>\n\t<meta name=\"twitter:data1\" content=\"4 minuten\" \/>\n<script type=\"application\/ld+json\" class=\"yoast-schema-graph\">{\"@context\":\"https:\/\/schema.org\",\"@graph\":[{\"@type\":\"WebPage\",\"@id\":\"https:\/\/abc-office.eu\/nl\/nederland\/beedigde-vertaling-nederland\/beedigde-vertaling-amsterdam\/\",\"url\":\"https:\/\/abc-office.eu\/nl\/nederland\/beedigde-vertaling-nederland\/beedigde-vertaling-amsterdam\/\",\"name\":\"Be\u00ebdigde vertaling Amsterdam | Be\u00ebdigd vertaler | Officieel Notaris\",\"isPartOf\":{\"@id\":\"https:\/\/abc-office.eu\/nl\/#website\"},\"primaryImageOfPage\":{\"@id\":\"https:\/\/abc-office.eu\/nl\/nederland\/beedigde-vertaling-nederland\/beedigde-vertaling-amsterdam\/#primaryimage\"},\"image\":{\"@id\":\"https:\/\/abc-office.eu\/nl\/nederland\/beedigde-vertaling-nederland\/beedigde-vertaling-amsterdam\/#primaryimage\"},\"thumbnailUrl\":\"https:\/\/abc-office.eu\/wp-content\/uploads\/2025\/10\/KeizersgrachtReguliersgrachtAmsterdam-768x512-1.jpg\",\"datePublished\":\"2024-06-03T12:39:11+00:00\",\"dateModified\":\"2025-10-17T07:48:29+00:00\",\"description\":\"ABC Translation | Be\u00ebdigde vertaling Amsterdam | Be\u00ebdigd vertaler Amsterdam | Offici\u00eble vertaling | Be\u00ebdigd vertaler Amsterdam\",\"breadcrumb\":{\"@id\":\"https:\/\/abc-office.eu\/nl\/nederland\/beedigde-vertaling-nederland\/beedigde-vertaling-amsterdam\/#breadcrumb\"},\"inLanguage\":\"nl-NL\",\"potentialAction\":[{\"@type\":\"ReadAction\",\"target\":[\"https:\/\/abc-office.eu\/nl\/nederland\/beedigde-vertaling-nederland\/beedigde-vertaling-amsterdam\/\"]}]},{\"@type\":\"ImageObject\",\"inLanguage\":\"nl-NL\",\"@id\":\"https:\/\/abc-office.eu\/nl\/nederland\/beedigde-vertaling-nederland\/beedigde-vertaling-amsterdam\/#primaryimage\",\"url\":\"https:\/\/abc-office.eu\/wp-content\/uploads\/2025\/10\/KeizersgrachtReguliersgrachtAmsterdam-768x512-1.jpg\",\"contentUrl\":\"https:\/\/abc-office.eu\/wp-content\/uploads\/2025\/10\/KeizersgrachtReguliersgrachtAmsterdam-768x512-1.jpg\",\"width\":768,\"height\":512},{\"@type\":\"BreadcrumbList\",\"@id\":\"https:\/\/abc-office.eu\/nl\/nederland\/beedigde-vertaling-nederland\/beedigde-vertaling-amsterdam\/#breadcrumb\",\"itemListElement\":[{\"@type\":\"ListItem\",\"position\":1,\"name\":\"Accueil\",\"item\":\"https:\/\/abc-office.eu\/nl\/\"},{\"@type\":\"ListItem\",\"position\":2,\"name\":\"Nederland\",\"item\":\"https:\/\/abc-office.eu\/nl\/nederland\/\"},{\"@type\":\"ListItem\",\"position\":3,\"name\":\"Be\u00ebdigde vertaling Nederland\",\"item\":\"https:\/\/abc-office.eu\/nl\/nederland\/beedigde-vertaling-nederland\/\"},{\"@type\":\"ListItem\",\"position\":4,\"name\":\"Be\u00ebdigde vertaling Amsterdam\"}]},{\"@type\":\"WebSite\",\"@id\":\"https:\/\/abc-office.eu\/nl\/#website\",\"url\":\"https:\/\/abc-office.eu\/nl\/\",\"name\":\"ABC Translation\",\"description\":\"info@abc-office.eu\",\"potentialAction\":[{\"@type\":\"SearchAction\",\"target\":{\"@type\":\"EntryPoint\",\"urlTemplate\":\"https:\/\/abc-office.eu\/nl\/?s={search_term_string}\"},\"query-input\":{\"@type\":\"PropertyValueSpecification\",\"valueRequired\":true,\"valueName\":\"search_term_string\"}}],\"inLanguage\":\"nl-NL\"}]}<\/script>\n<!-- \/ Yoast SEO plugin. -->","yoast_head_json":{"title":"Be\u00ebdigde vertaling Amsterdam | Be\u00ebdigd vertaler | Officieel Notaris","description":"ABC Translation | Be\u00ebdigde vertaling Amsterdam | Be\u00ebdigd vertaler Amsterdam | Offici\u00eble vertaling | Be\u00ebdigd vertaler Amsterdam","robots":{"index":"index","follow":"follow","max-snippet":"max-snippet:-1","max-image-preview":"max-image-preview:large","max-video-preview":"max-video-preview:-1"},"canonical":"https:\/\/abc-office.eu\/nl\/nederland\/beedigde-vertaling-nederland\/beedigde-vertaling-amsterdam\/","og_locale":"nl_NL","og_type":"article","og_title":"Be\u00ebdigde vertaling Amsterdam | Be\u00ebdigd vertaler | Officieel Notaris","og_description":"ABC Translation | Be\u00ebdigde vertaling Amsterdam | Be\u00ebdigd vertaler Amsterdam | Offici\u00eble vertaling | Be\u00ebdigd vertaler Amsterdam","og_url":"https:\/\/abc-office.eu\/nl\/nederland\/beedigde-vertaling-nederland\/beedigde-vertaling-amsterdam\/","og_site_name":"ABC Translation","article_modified_time":"2025-10-17T07:48:29+00:00","og_image":[{"width":768,"height":512,"url":"https:\/\/abc-office.eu\/wp-content\/uploads\/2025\/10\/KeizersgrachtReguliersgrachtAmsterdam-768x512-1.jpg","type":"image\/jpeg"}],"twitter_card":"summary_large_image","twitter_misc":{"Geschatte leestijd":"4 minuten"},"schema":{"@context":"https:\/\/schema.org","@graph":[{"@type":"WebPage","@id":"https:\/\/abc-office.eu\/nl\/nederland\/beedigde-vertaling-nederland\/beedigde-vertaling-amsterdam\/","url":"https:\/\/abc-office.eu\/nl\/nederland\/beedigde-vertaling-nederland\/beedigde-vertaling-amsterdam\/","name":"Be\u00ebdigde vertaling Amsterdam | Be\u00ebdigd vertaler | Officieel Notaris","isPartOf":{"@id":"https:\/\/abc-office.eu\/nl\/#website"},"primaryImageOfPage":{"@id":"https:\/\/abc-office.eu\/nl\/nederland\/beedigde-vertaling-nederland\/beedigde-vertaling-amsterdam\/#primaryimage"},"image":{"@id":"https:\/\/abc-office.eu\/nl\/nederland\/beedigde-vertaling-nederland\/beedigde-vertaling-amsterdam\/#primaryimage"},"thumbnailUrl":"https:\/\/abc-office.eu\/wp-content\/uploads\/2025\/10\/KeizersgrachtReguliersgrachtAmsterdam-768x512-1.jpg","datePublished":"2024-06-03T12:39:11+00:00","dateModified":"2025-10-17T07:48:29+00:00","description":"ABC Translation | Be\u00ebdigde vertaling Amsterdam | Be\u00ebdigd vertaler Amsterdam | Offici\u00eble vertaling | Be\u00ebdigd vertaler Amsterdam","breadcrumb":{"@id":"https:\/\/abc-office.eu\/nl\/nederland\/beedigde-vertaling-nederland\/beedigde-vertaling-amsterdam\/#breadcrumb"},"inLanguage":"nl-NL","potentialAction":[{"@type":"ReadAction","target":["https:\/\/abc-office.eu\/nl\/nederland\/beedigde-vertaling-nederland\/beedigde-vertaling-amsterdam\/"]}]},{"@type":"ImageObject","inLanguage":"nl-NL","@id":"https:\/\/abc-office.eu\/nl\/nederland\/beedigde-vertaling-nederland\/beedigde-vertaling-amsterdam\/#primaryimage","url":"https:\/\/abc-office.eu\/wp-content\/uploads\/2025\/10\/KeizersgrachtReguliersgrachtAmsterdam-768x512-1.jpg","contentUrl":"https:\/\/abc-office.eu\/wp-content\/uploads\/2025\/10\/KeizersgrachtReguliersgrachtAmsterdam-768x512-1.jpg","width":768,"height":512},{"@type":"BreadcrumbList","@id":"https:\/\/abc-office.eu\/nl\/nederland\/beedigde-vertaling-nederland\/beedigde-vertaling-amsterdam\/#breadcrumb","itemListElement":[{"@type":"ListItem","position":1,"name":"Accueil","item":"https:\/\/abc-office.eu\/nl\/"},{"@type":"ListItem","position":2,"name":"Nederland","item":"https:\/\/abc-office.eu\/nl\/nederland\/"},{"@type":"ListItem","position":3,"name":"Be\u00ebdigde vertaling Nederland","item":"https:\/\/abc-office.eu\/nl\/nederland\/beedigde-vertaling-nederland\/"},{"@type":"ListItem","position":4,"name":"Be\u00ebdigde vertaling Amsterdam"}]},{"@type":"WebSite","@id":"https:\/\/abc-office.eu\/nl\/#website","url":"https:\/\/abc-office.eu\/nl\/","name":"ABC Translation","description":"info@abc-office.eu","potentialAction":[{"@type":"SearchAction","target":{"@type":"EntryPoint","urlTemplate":"https:\/\/abc-office.eu\/nl\/?s={search_term_string}"},"query-input":{"@type":"PropertyValueSpecification","valueRequired":true,"valueName":"search_term_string"}}],"inLanguage":"nl-NL"}]}},"_links":{"self":[{"href":"https:\/\/abc-office.eu\/nl\/wp-json\/wp\/v2\/pages\/226194","targetHints":{"allow":["GET"]}}],"collection":[{"href":"https:\/\/abc-office.eu\/nl\/wp-json\/wp\/v2\/pages"}],"about":[{"href":"https:\/\/abc-office.eu\/nl\/wp-json\/wp\/v2\/types\/page"}],"author":[{"embeddable":true,"href":"https:\/\/abc-office.eu\/nl\/wp-json\/wp\/v2\/users\/1"}],"replies":[{"embeddable":true,"href":"https:\/\/abc-office.eu\/nl\/wp-json\/wp\/v2\/comments?post=226194"}],"version-history":[{"count":4,"href":"https:\/\/abc-office.eu\/nl\/wp-json\/wp\/v2\/pages\/226194\/revisions"}],"predecessor-version":[{"id":227969,"href":"https:\/\/abc-office.eu\/nl\/wp-json\/wp\/v2\/pages\/226194\/revisions\/227969"}],"up":[{"embeddable":true,"href":"https:\/\/abc-office.eu\/nl\/wp-json\/wp\/v2\/pages\/226180"}],"wp:featuredmedia":[{"embeddable":true,"href":"https:\/\/abc-office.eu\/nl\/wp-json\/wp\/v2\/media\/226195"}],"wp:attachment":[{"href":"https:\/\/abc-office.eu\/nl\/wp-json\/wp\/v2\/media?parent=226194"}],"curies":[{"name":"wp","href":"https:\/\/api.w.org\/{rel}","templated":true}]}}