{"id":226180,"date":"2024-05-29T20:06:09","date_gmt":"2024-05-29T18:06:09","guid":{"rendered":"https:\/\/abc-office.eu\/?page_id=226180"},"modified":"2025-10-17T09:32:15","modified_gmt":"2025-10-17T07:32:15","slug":"beedigde-vertaling-nederland","status":"publish","type":"page","link":"https:\/\/abc-office.eu\/nl\/nederland\/beedigde-vertaling-nederland\/","title":{"rendered":"Be\u00ebdigde vertaling Nederland"},"content":{"rendered":"<h2 data-start=\"73\" data-end=\"107\"><strong data-start=\"73\" data-end=\"105\">Be\u00ebdigde vertaling Nederland<\/strong><\/h2>\n<p style=\"text-align: justify;\">Ons bureau,\u00a0<strong>ABC Translation<\/strong>, is al vele jaren gespecialiseerd in het vakgebied van be\u00ebdigde vertalingen. Wij kunnen u alle diensten aanbieden die betrekking hebben op dit domein, of het nu gaat om een offici\u00eble vertaling, een eenvoudige vertaling of \u00a0tolken (be\u00ebdigde vertaling Nederland).<\/p>\n<p style=\"text-align: justify;\" data-start=\"424\" data-end=\"905\">Met een team van meer dan 500 vertalers en tolken weten wij hoe wij elk type project binnen uiterst korte deadlines moeten beheren. Kwaliteit en reactiviteit zijn onze sleutelwoorden voor resultaten die altijd voldoen aan de verwachtingen van onze klanten. Wij zijn aanwezig in heel Nederland. Dankzij deze aanwezigheid en onze flexibiliteit hebben wij ons kunnen ontwikkelen en bieden wij nu vertaaldiensten aan in meer dan 60 verschillende talen (be\u00ebdigde vertaling Nederland).<\/p>\n<h3 data-start=\"907\" data-end=\"933\"><strong data-start=\"907\" data-end=\"931\">Offici\u00eble vertaling:<\/strong><\/h3>\n<p style=\"text-align: justify;\" data-start=\"935\" data-end=\"1294\">Wij zijn gespecialiseerd in be\u00ebdigde vertalingen om het u gemakkelijker te maken zodra u in Nederland aankomt of voor een reis naar het buitenland. Vertalingen worden doorgaans gelegaliseerd door onze notaris en vervolgens gelegaliseerd bij de kanselarij met een apostille of legalisatie volgens de verdragen. De levertijden van klanten zijn vaak zeer kort.<\/p>\n<p style=\"text-align: justify;\" data-start=\"1296\" data-end=\"1677\">Daarom hebben wij een systeem opgezet waarmee documenten in recordtijd kunnen worden vertaald, gelegaliseerd en voorzien van een apostille. Voor een document van minder dan 5 pagina\u2019s hebben wij bijvoorbeeld twee dagen nodig om de verschillende stappen te doorlopen. Deze vertalingen kunnen indien nodig vervolgens worden gelegaliseerd door het consulaat van het bestemmingsland.<\/p>\n<p style=\"text-align: justify;\" data-start=\"1679\" data-end=\"2051\">De offici\u00eble vertaling voor de erkenning van uw buitenlandse diploma\u2019s in Nederland maakt eveneens deel uit van ons dienstenaanbod. Ook hier vertalen wij de documenten en laten wij ze vervolgens legaliseren bij onze notaris, zodat ze door de vereiste instanties kunnen worden geaccepteerd. Uw dossier zal volledig zijn voor analyse door de bevoegde erkenningsinstanties.<\/p>\n<h3 data-start=\"2053\" data-end=\"2065\"><strong data-start=\"2053\" data-end=\"2063\">Talen:<\/strong><\/h3>\n<p style=\"text-align: justify;\" data-start=\"2067\" data-end=\"2942\">Afrikaans | Albanees | Duits | Amerikaans | Amhaars | Engels | Arabisch | Armeens | Aymara | Azerbeidzjaans | Baskisch | Bengaals | Wit-Russisch | Birmees | Bosnisch | Braziliaans | Bulgaars | Cantonees | Catalaans | Singalees | Chinees | Vereenvoudigd Chinees | Traditioneel Chinees | Koreaans | Kroatisch | Deens | Dari | Spaans | Ests | Ewe | Farsi | Fins | Georgisch | Grieks | Guaran\u00ed | Hebreeuws | Hindi | Hongaars | Indonesisch | Italiaans | Japans | Kazachs | Khmer | Kirgizisch | Koerdisch | Laotiaans | Lets | Lingala | Litouws | Macedonisch | Maleisisch | Malayalam | Mandarijn | Moldavisch | Mongools | Montenegrijns | Nederlands | Noors | Urdu | Oezbeeks | Pasjtoe | Punjabi | Perzisch | Fulani | Pools | Portugees | Quechua | Roemeens | Russisch | Servisch | Slowaaks | Sloveens | Zweeds | Tamil | Tsjechisch | Thais | Turks | Turkmen | Oekra\u00efens | Vietnamees<\/p>\n<h3 data-start=\"2944\" data-end=\"2961\"><strong data-start=\"2944\" data-end=\"2959\">Documenten:<\/strong><\/h3>\n<p style=\"text-align: justify;\" data-start=\"2963\" data-end=\"3320\">Geboorteakte | huwelijksakte | akte burgerlijke stand | attest | patent | strafblad | certificaat | verklaring van ongehuwd zijn | overlijdensakte | familiecertificaat | werkverklaring | belastingaangifte | diploma | paspoort | rijbewijs | testament | visum | contract | echtscheidingscontract | huwelijkscontract | vonnis | procedure | volmacht | notulen<\/p>\n<p style=\"text-align: justify;\" data-start=\"3322\" data-end=\"3383\">Voor een andere taal kunt u altijd contact met ons <a href=\"https:\/\/abc-office.eu\/nl\/contact\/\">opnemen<\/a>.<\/p>\n<p data-start=\"3322\" data-end=\"3383\"><img loading=\"lazy\" decoding=\"async\" class=\"aligncenter wp-image-26 size-medium\" src=\"https:\/\/abc-office.ch\/wp-content\/uploads\/2018\/06\/imageedit_1_6241191614-300x300.gif\" alt=\"Be\u00ebdigde vertaling Nederland\" width=\"300\" height=\"300\" \/><\/p>\n","protected":false},"excerpt":{"rendered":"<p>Be\u00ebdigde vertaling Nederland Ons bureau,\u00a0ABC Translation, is al vele jaren gespecialiseerd in het vakgebied van be\u00ebdigde vertalingen. Wij kunnen u alle diensten aanbieden die betrekking hebben op dit domein, of het nu gaat om een offici\u00eble vertaling, een eenvoudige vertaling of \u00a0tolken (be\u00ebdigde vertaling Nederland). Met een team van meer dan 500 vertalers en tolken&#8230;<\/p>\n","protected":false},"author":1,"featured_media":226181,"parent":226160,"menu_order":0,"comment_status":"closed","ping_status":"closed","template":"","meta":{"sfsi_plus_gutenberg_text_before_share":"","sfsi_plus_gutenberg_show_text_before_share":"","sfsi_plus_gutenberg_icon_type":"","sfsi_plus_gutenberg_icon_alignemt":"","sfsi_plus_gutenburg_max_per_row":"","footnotes":""},"class_list":["post-226180","page","type-page","status-publish","has-post-thumbnail","hentry"],"yoast_head":"<!-- This site is optimized with the Yoast SEO plugin v23.8 - https:\/\/yoast.com\/wordpress\/plugins\/seo\/ -->\n<title>Be\u00ebdigde vertaling Nederland | Be\u00ebdigd vertaler Nederland<\/title>\n<meta name=\"description\" content=\"ABC Translation | Be\u00ebdigde vertaling Nederland | Be\u00ebdigd vertaler Nederland | Offici\u00eble vertaling Nederland | Be\u00ebdigd vertaler\" \/>\n<meta name=\"robots\" content=\"index, follow, max-snippet:-1, max-image-preview:large, max-video-preview:-1\" \/>\n<link rel=\"canonical\" href=\"https:\/\/abc-office.eu\/nl\/nederland\/beedigde-vertaling-nederland\/\" \/>\n<meta property=\"og:locale\" content=\"nl_NL\" \/>\n<meta property=\"og:type\" content=\"article\" \/>\n<meta property=\"og:title\" content=\"Be\u00ebdigde vertaling Nederland | Be\u00ebdigd vertaler Nederland\" \/>\n<meta property=\"og:description\" content=\"ABC Translation | Be\u00ebdigde vertaling Nederland | Be\u00ebdigd vertaler Nederland | Offici\u00eble vertaling Nederland | Be\u00ebdigd vertaler\" \/>\n<meta property=\"og:url\" content=\"https:\/\/abc-office.eu\/nl\/nederland\/beedigde-vertaling-nederland\/\" \/>\n<meta property=\"og:site_name\" content=\"ABC Translation\" \/>\n<meta property=\"article:modified_time\" content=\"2025-10-17T07:32:15+00:00\" \/>\n<meta property=\"og:image\" content=\"https:\/\/abc-office.eu\/wp-content\/uploads\/2025\/10\/1200px-Flag_of_the_Netherlands.svg_-768x512-1.png\" \/>\n\t<meta property=\"og:image:width\" content=\"768\" \/>\n\t<meta property=\"og:image:height\" content=\"512\" \/>\n\t<meta property=\"og:image:type\" content=\"image\/png\" \/>\n<meta name=\"twitter:card\" content=\"summary_large_image\" \/>\n<meta name=\"twitter:label1\" content=\"Geschatte leestijd\" \/>\n\t<meta name=\"twitter:data1\" content=\"3 minuten\" \/>\n<script type=\"application\/ld+json\" class=\"yoast-schema-graph\">{\"@context\":\"https:\/\/schema.org\",\"@graph\":[{\"@type\":\"WebPage\",\"@id\":\"https:\/\/abc-office.eu\/nl\/nederland\/beedigde-vertaling-nederland\/\",\"url\":\"https:\/\/abc-office.eu\/nl\/nederland\/beedigde-vertaling-nederland\/\",\"name\":\"Be\u00ebdigde vertaling Nederland | Be\u00ebdigd vertaler Nederland\",\"isPartOf\":{\"@id\":\"https:\/\/abc-office.eu\/nl\/#website\"},\"primaryImageOfPage\":{\"@id\":\"https:\/\/abc-office.eu\/nl\/nederland\/beedigde-vertaling-nederland\/#primaryimage\"},\"image\":{\"@id\":\"https:\/\/abc-office.eu\/nl\/nederland\/beedigde-vertaling-nederland\/#primaryimage\"},\"thumbnailUrl\":\"https:\/\/abc-office.eu\/wp-content\/uploads\/2025\/10\/1200px-Flag_of_the_Netherlands.svg_-768x512-1.png\",\"datePublished\":\"2024-05-29T18:06:09+00:00\",\"dateModified\":\"2025-10-17T07:32:15+00:00\",\"description\":\"ABC Translation | Be\u00ebdigde vertaling Nederland | Be\u00ebdigd vertaler Nederland | Offici\u00eble vertaling Nederland | Be\u00ebdigd vertaler\",\"breadcrumb\":{\"@id\":\"https:\/\/abc-office.eu\/nl\/nederland\/beedigde-vertaling-nederland\/#breadcrumb\"},\"inLanguage\":\"nl-NL\",\"potentialAction\":[{\"@type\":\"ReadAction\",\"target\":[\"https:\/\/abc-office.eu\/nl\/nederland\/beedigde-vertaling-nederland\/\"]}]},{\"@type\":\"ImageObject\",\"inLanguage\":\"nl-NL\",\"@id\":\"https:\/\/abc-office.eu\/nl\/nederland\/beedigde-vertaling-nederland\/#primaryimage\",\"url\":\"https:\/\/abc-office.eu\/wp-content\/uploads\/2025\/10\/1200px-Flag_of_the_Netherlands.svg_-768x512-1.png\",\"contentUrl\":\"https:\/\/abc-office.eu\/wp-content\/uploads\/2025\/10\/1200px-Flag_of_the_Netherlands.svg_-768x512-1.png\",\"width\":768,\"height\":512},{\"@type\":\"BreadcrumbList\",\"@id\":\"https:\/\/abc-office.eu\/nl\/nederland\/beedigde-vertaling-nederland\/#breadcrumb\",\"itemListElement\":[{\"@type\":\"ListItem\",\"position\":1,\"name\":\"Accueil\",\"item\":\"https:\/\/abc-office.eu\/nl\/\"},{\"@type\":\"ListItem\",\"position\":2,\"name\":\"Nederland\",\"item\":\"https:\/\/abc-office.eu\/nl\/nederland\/\"},{\"@type\":\"ListItem\",\"position\":3,\"name\":\"Be\u00ebdigde vertaling Nederland\"}]},{\"@type\":\"WebSite\",\"@id\":\"https:\/\/abc-office.eu\/nl\/#website\",\"url\":\"https:\/\/abc-office.eu\/nl\/\",\"name\":\"ABC Translation\",\"description\":\"info@abc-office.eu\",\"potentialAction\":[{\"@type\":\"SearchAction\",\"target\":{\"@type\":\"EntryPoint\",\"urlTemplate\":\"https:\/\/abc-office.eu\/nl\/?s={search_term_string}\"},\"query-input\":{\"@type\":\"PropertyValueSpecification\",\"valueRequired\":true,\"valueName\":\"search_term_string\"}}],\"inLanguage\":\"nl-NL\"}]}<\/script>\n<!-- \/ Yoast SEO plugin. -->","yoast_head_json":{"title":"Be\u00ebdigde vertaling Nederland | Be\u00ebdigd vertaler Nederland","description":"ABC Translation | Be\u00ebdigde vertaling Nederland | Be\u00ebdigd vertaler Nederland | Offici\u00eble vertaling Nederland | Be\u00ebdigd vertaler","robots":{"index":"index","follow":"follow","max-snippet":"max-snippet:-1","max-image-preview":"max-image-preview:large","max-video-preview":"max-video-preview:-1"},"canonical":"https:\/\/abc-office.eu\/nl\/nederland\/beedigde-vertaling-nederland\/","og_locale":"nl_NL","og_type":"article","og_title":"Be\u00ebdigde vertaling Nederland | Be\u00ebdigd vertaler Nederland","og_description":"ABC Translation | Be\u00ebdigde vertaling Nederland | Be\u00ebdigd vertaler Nederland | Offici\u00eble vertaling Nederland | Be\u00ebdigd vertaler","og_url":"https:\/\/abc-office.eu\/nl\/nederland\/beedigde-vertaling-nederland\/","og_site_name":"ABC Translation","article_modified_time":"2025-10-17T07:32:15+00:00","og_image":[{"width":768,"height":512,"url":"https:\/\/abc-office.eu\/wp-content\/uploads\/2025\/10\/1200px-Flag_of_the_Netherlands.svg_-768x512-1.png","type":"image\/png"}],"twitter_card":"summary_large_image","twitter_misc":{"Geschatte leestijd":"3 minuten"},"schema":{"@context":"https:\/\/schema.org","@graph":[{"@type":"WebPage","@id":"https:\/\/abc-office.eu\/nl\/nederland\/beedigde-vertaling-nederland\/","url":"https:\/\/abc-office.eu\/nl\/nederland\/beedigde-vertaling-nederland\/","name":"Be\u00ebdigde vertaling Nederland | Be\u00ebdigd vertaler Nederland","isPartOf":{"@id":"https:\/\/abc-office.eu\/nl\/#website"},"primaryImageOfPage":{"@id":"https:\/\/abc-office.eu\/nl\/nederland\/beedigde-vertaling-nederland\/#primaryimage"},"image":{"@id":"https:\/\/abc-office.eu\/nl\/nederland\/beedigde-vertaling-nederland\/#primaryimage"},"thumbnailUrl":"https:\/\/abc-office.eu\/wp-content\/uploads\/2025\/10\/1200px-Flag_of_the_Netherlands.svg_-768x512-1.png","datePublished":"2024-05-29T18:06:09+00:00","dateModified":"2025-10-17T07:32:15+00:00","description":"ABC Translation | Be\u00ebdigde vertaling Nederland | Be\u00ebdigd vertaler Nederland | Offici\u00eble vertaling Nederland | Be\u00ebdigd vertaler","breadcrumb":{"@id":"https:\/\/abc-office.eu\/nl\/nederland\/beedigde-vertaling-nederland\/#breadcrumb"},"inLanguage":"nl-NL","potentialAction":[{"@type":"ReadAction","target":["https:\/\/abc-office.eu\/nl\/nederland\/beedigde-vertaling-nederland\/"]}]},{"@type":"ImageObject","inLanguage":"nl-NL","@id":"https:\/\/abc-office.eu\/nl\/nederland\/beedigde-vertaling-nederland\/#primaryimage","url":"https:\/\/abc-office.eu\/wp-content\/uploads\/2025\/10\/1200px-Flag_of_the_Netherlands.svg_-768x512-1.png","contentUrl":"https:\/\/abc-office.eu\/wp-content\/uploads\/2025\/10\/1200px-Flag_of_the_Netherlands.svg_-768x512-1.png","width":768,"height":512},{"@type":"BreadcrumbList","@id":"https:\/\/abc-office.eu\/nl\/nederland\/beedigde-vertaling-nederland\/#breadcrumb","itemListElement":[{"@type":"ListItem","position":1,"name":"Accueil","item":"https:\/\/abc-office.eu\/nl\/"},{"@type":"ListItem","position":2,"name":"Nederland","item":"https:\/\/abc-office.eu\/nl\/nederland\/"},{"@type":"ListItem","position":3,"name":"Be\u00ebdigde vertaling Nederland"}]},{"@type":"WebSite","@id":"https:\/\/abc-office.eu\/nl\/#website","url":"https:\/\/abc-office.eu\/nl\/","name":"ABC Translation","description":"info@abc-office.eu","potentialAction":[{"@type":"SearchAction","target":{"@type":"EntryPoint","urlTemplate":"https:\/\/abc-office.eu\/nl\/?s={search_term_string}"},"query-input":{"@type":"PropertyValueSpecification","valueRequired":true,"valueName":"search_term_string"}}],"inLanguage":"nl-NL"}]}},"_links":{"self":[{"href":"https:\/\/abc-office.eu\/nl\/wp-json\/wp\/v2\/pages\/226180","targetHints":{"allow":["GET"]}}],"collection":[{"href":"https:\/\/abc-office.eu\/nl\/wp-json\/wp\/v2\/pages"}],"about":[{"href":"https:\/\/abc-office.eu\/nl\/wp-json\/wp\/v2\/types\/page"}],"author":[{"embeddable":true,"href":"https:\/\/abc-office.eu\/nl\/wp-json\/wp\/v2\/users\/1"}],"replies":[{"embeddable":true,"href":"https:\/\/abc-office.eu\/nl\/wp-json\/wp\/v2\/comments?post=226180"}],"version-history":[{"count":3,"href":"https:\/\/abc-office.eu\/nl\/wp-json\/wp\/v2\/pages\/226180\/revisions"}],"predecessor-version":[{"id":227964,"href":"https:\/\/abc-office.eu\/nl\/wp-json\/wp\/v2\/pages\/226180\/revisions\/227964"}],"up":[{"embeddable":true,"href":"https:\/\/abc-office.eu\/nl\/wp-json\/wp\/v2\/pages\/226160"}],"wp:featuredmedia":[{"embeddable":true,"href":"https:\/\/abc-office.eu\/nl\/wp-json\/wp\/v2\/media\/226181"}],"wp:attachment":[{"href":"https:\/\/abc-office.eu\/nl\/wp-json\/wp\/v2\/media?parent=226180"}],"curies":[{"name":"wp","href":"https:\/\/api.w.org\/{rel}","templated":true}]}}