{"id":226081,"date":"2017-02-16T09:17:00","date_gmt":"2017-02-16T08:17:00","guid":{"rendered":"https:\/\/abc-office.eu\/?page_id=226081"},"modified":"2025-10-15T06:32:15","modified_gmt":"2025-10-15T04:32:15","slug":"vertaling","status":"publish","type":"page","link":"https:\/\/abc-office.eu\/nl\/vertaling\/","title":{"rendered":"Vertaling"},"content":{"rendered":"<h2 data-start=\"80\" data-end=\"95\"><strong data-start=\"80\" data-end=\"93\">Vertaling<\/strong><\/h2>\n<p style=\"text-align: justify;\">Ons bureau,\u00a0<strong>ABC Translation<\/strong>, is al vele jaren gespecialiseerd in het vakgebied van vertalingen en tolkdiensten. Wij kunnen u alle diensten aanbieden die betrekking hebben op dit vakgebied, of het nu gaat om een offici\u00eble vertaling, een eenvoudige vertaling of simultaan tolken.<\/p>\n<p style=\"text-align: justify;\">Met een team van meer dan 800 vertalers en tolken weten wij hoe wij elk type project binnen uiterst korte deadlines moeten beheren. Kwaliteit en reactiviteit zijn onze sleutelwoorden voor resultaten die altijd voldoen aan de verwachtingen van onze klanten. Wij zijn aanwezig in de Europese Unie en het Verenigd Koninkrijk. Dankzij deze aanwezigheid en onze flexibiliteit hebben wij ons kunnen ontwikkelen en bieden wij nu vertaaldiensten aan in meer dan 60 verschillende talen.<\/p>\n<h3 data-start=\"877\" data-end=\"903\"><strong data-start=\"877\" data-end=\"901\">Offici\u00eble vertaling:<\/strong><\/h3>\n<p style=\"text-align: justify;\" data-start=\"877\" data-end=\"903\">Wij zijn gespecialiseerd in offici\u00eble vertalingen om het u gemakkelijker te maken zodra u in de EU of het VK aankomt of voor een reis naar het buitenland. Vertalingen worden doorgaans gelegaliseerd door onze notaris en vervolgens gelegaliseerd bij de kanselarij met een apostille of legalisatie volgens de verdragen. De levertijden van klanten zijn vaak zeer kort.<\/p>\n<p style=\"text-align: justify;\">Daarom hebben wij een systeem opgezet dat het mogelijk maakt om documenten in recordtijd te vertalen, te legaliseren en van een apostille te voorzien. Voor een document van minder dan 5 pagina\u2019s hebben wij bijvoorbeeld twee dagen nodig om de verschillende stappen te doorlopen. Deze vertalingen kunnen indien nodig vervolgens worden gelegaliseerd door het consulaat van het bestemmingsland.<\/p>\n<p style=\"text-align: justify;\">De offici\u00eble vertaling voor de erkenning van uw buitenlandse diploma\u2019s in de EU en\/of het VK maakt ook deel uit van ons dienstenaanbod. Ook hier vertalen wij de documenten en laten wij ze vervolgens legaliseren bij onze notaris, zodat ze kunnen worden aanvaard door de bevoegde erkenningsinstanties.<\/p>\n<p style=\"text-align: justify;\">Uw dossier zal volledig zijn voor analyse door de erkenningsinstanties<\/p>\n<h3 data-start=\"2049\" data-end=\"2061\"><strong data-start=\"2049\" data-end=\"2059\">Talen:<\/strong><\/h3>\n<p style=\"text-align: justify;\" data-start=\"2063\" data-end=\"2938\">Afrikaans | Albanees | Duits | Amerikaans | Amhaars | Engels | Arabisch | Armeens | Aymara | Azerbeidzjaans | Baskisch | Bengaals | Wit-Russisch | Birmees | Bosnisch | Braziliaans | Bulgaars | Cantonees | Catalaans | Singalees | Chinees | Vereenvoudigd Chinees | Traditioneel Chinees | Koreaans | Kroatisch | Deens | Dari | Spaans | Ests | Ewe | Farsi | Fins | Georgisch | Grieks | Guaran\u00ed | Hebreeuws | Hindi | Hongaars | Indonesisch | Italiaans | Japans | Kazachs | Khmer | Kirgizisch | Koerdisch | Laotiaans | Lets | Lingala | Litouws | Macedonisch | Maleisisch | Malayalam | Mandarijn | Moldavisch | Mongools | Montenegrijns | Nederlands | Noors | Urdu | Oezbeeks | Pasjtoe | Punjabi | Perzisch | Fulani | Pools | Portugees | Quechua | Roemeens | Russisch | Servisch | Slowaaks | Sloveens | Zweeds | Tamil | Tsjechisch | Thais | Turks | Turkmen | Oekra\u00efens | Vietnamees<\/p>\n<h3 data-start=\"2940\" data-end=\"2957\"><strong data-start=\"2940\" data-end=\"2955\">Documenten:<\/strong><\/h3>\n<p style=\"text-align: justify;\" data-start=\"2959\" data-end=\"3323\">Geboorteakte | huwelijksakte | akte van de burgerlijke stand | attest | patent | strafblad | certificaat | verklaring van ongehuwd zijn | overlijdensakte | familiecertificaat | werkverklaring | belastingaangifte | diploma | paspoort | rijbewijs | testament | visum | contract | echtscheidingscontract | huwelijkscontract | vonnis | procedure | volmacht | notulen<\/p>\n<p style=\"text-align: justify;\" data-start=\"3325\" data-end=\"3386\">Voor een andere taal kunt u altijd contact met ons opnemen.<\/p>\n<p data-start=\"3325\" data-end=\"3386\"><img loading=\"lazy\" decoding=\"async\" class=\"aligncenter wp-image-26 size-medium\" src=\"https:\/\/abc-office.ch\/wp-content\/uploads\/2018\/06\/imageedit_1_6241191614-300x300.gif\" alt=\"Vertaling\" width=\"300\" height=\"300\" \/><\/p>\n","protected":false},"excerpt":{"rendered":"<p>Vertaling Ons bureau,\u00a0ABC Translation, is al vele jaren gespecialiseerd in het vakgebied van vertalingen en tolkdiensten. Wij kunnen u alle diensten aanbieden die betrekking hebben op dit vakgebied, of het nu gaat om een offici\u00eble vertaling, een eenvoudige vertaling of simultaan tolken. Met een team van meer dan 800 vertalers en tolken weten wij hoe&#8230;<\/p>\n","protected":false},"author":1,"featured_media":226082,"parent":0,"menu_order":0,"comment_status":"closed","ping_status":"closed","template":"","meta":{"sfsi_plus_gutenberg_text_before_share":"","sfsi_plus_gutenberg_show_text_before_share":"","sfsi_plus_gutenberg_icon_type":"","sfsi_plus_gutenberg_icon_alignemt":"","sfsi_plus_gutenburg_max_per_row":"","footnotes":""},"class_list":["post-226081","page","type-page","status-publish","has-post-thumbnail","hentry"],"yoast_head":"<!-- This site is optimized with the Yoast SEO plugin v23.8 - https:\/\/yoast.com\/wordpress\/plugins\/seo\/ -->\n<title>Vertaling l Offici\u00eble vertaling l Professionele vertaling van hoge<\/title>\n<meta name=\"description\" content=\"Vertaling voor uw administratieve procedures l Be\u00ebdigde en offici\u00eble vertaling l Erkend door alle instellingen in de EU en daarbuiten\" \/>\n<meta name=\"robots\" content=\"index, follow, max-snippet:-1, max-image-preview:large, max-video-preview:-1\" \/>\n<link rel=\"canonical\" href=\"https:\/\/abc-office.eu\/nl\/vertaling\/\" \/>\n<meta property=\"og:locale\" content=\"nl_NL\" \/>\n<meta property=\"og:type\" content=\"article\" \/>\n<meta property=\"og:title\" content=\"Vertaling l Offici\u00eble vertaling l Professionele vertaling van hoge\" \/>\n<meta property=\"og:description\" content=\"Vertaling voor uw administratieve procedures l Be\u00ebdigde en offici\u00eble vertaling l Erkend door alle instellingen in de EU en daarbuiten\" \/>\n<meta property=\"og:url\" content=\"https:\/\/abc-office.eu\/nl\/vertaling\/\" \/>\n<meta property=\"og:site_name\" content=\"ABC Translation\" \/>\n<meta property=\"article:modified_time\" content=\"2025-10-15T04:32:15+00:00\" \/>\n<meta property=\"og:image\" content=\"https:\/\/abc-office.eu\/wp-content\/uploads\/2025\/10\/Traduction-1.jpg\" \/>\n\t<meta property=\"og:image:width\" content=\"650\" \/>\n\t<meta property=\"og:image:height\" content=\"400\" \/>\n\t<meta property=\"og:image:type\" content=\"image\/jpeg\" \/>\n<meta name=\"twitter:card\" content=\"summary_large_image\" \/>\n<meta name=\"twitter:label1\" content=\"Geschatte leestijd\" \/>\n\t<meta name=\"twitter:data1\" content=\"3 minuten\" \/>\n<script type=\"application\/ld+json\" class=\"yoast-schema-graph\">{\"@context\":\"https:\/\/schema.org\",\"@graph\":[{\"@type\":\"WebPage\",\"@id\":\"https:\/\/abc-office.eu\/nl\/vertaling\/\",\"url\":\"https:\/\/abc-office.eu\/nl\/vertaling\/\",\"name\":\"Vertaling l Offici\u00eble vertaling l Professionele vertaling van hoge\",\"isPartOf\":{\"@id\":\"https:\/\/abc-office.eu\/nl\/#website\"},\"primaryImageOfPage\":{\"@id\":\"https:\/\/abc-office.eu\/nl\/vertaling\/#primaryimage\"},\"image\":{\"@id\":\"https:\/\/abc-office.eu\/nl\/vertaling\/#primaryimage\"},\"thumbnailUrl\":\"https:\/\/abc-office.eu\/wp-content\/uploads\/2025\/10\/Traduction-1.jpg\",\"datePublished\":\"2017-02-16T08:17:00+00:00\",\"dateModified\":\"2025-10-15T04:32:15+00:00\",\"description\":\"Vertaling voor uw administratieve procedures l Be\u00ebdigde en offici\u00eble vertaling l Erkend door alle instellingen in de EU en daarbuiten\",\"breadcrumb\":{\"@id\":\"https:\/\/abc-office.eu\/nl\/vertaling\/#breadcrumb\"},\"inLanguage\":\"nl-NL\",\"potentialAction\":[{\"@type\":\"ReadAction\",\"target\":[\"https:\/\/abc-office.eu\/nl\/vertaling\/\"]}]},{\"@type\":\"ImageObject\",\"inLanguage\":\"nl-NL\",\"@id\":\"https:\/\/abc-office.eu\/nl\/vertaling\/#primaryimage\",\"url\":\"https:\/\/abc-office.eu\/wp-content\/uploads\/2025\/10\/Traduction-1.jpg\",\"contentUrl\":\"https:\/\/abc-office.eu\/wp-content\/uploads\/2025\/10\/Traduction-1.jpg\",\"width\":650,\"height\":400},{\"@type\":\"BreadcrumbList\",\"@id\":\"https:\/\/abc-office.eu\/nl\/vertaling\/#breadcrumb\",\"itemListElement\":[{\"@type\":\"ListItem\",\"position\":1,\"name\":\"Accueil\",\"item\":\"https:\/\/abc-office.eu\/nl\/\"},{\"@type\":\"ListItem\",\"position\":2,\"name\":\"Vertaling\"}]},{\"@type\":\"WebSite\",\"@id\":\"https:\/\/abc-office.eu\/nl\/#website\",\"url\":\"https:\/\/abc-office.eu\/nl\/\",\"name\":\"ABC Translation\",\"description\":\"info@abc-office.eu\",\"potentialAction\":[{\"@type\":\"SearchAction\",\"target\":{\"@type\":\"EntryPoint\",\"urlTemplate\":\"https:\/\/abc-office.eu\/nl\/?s={search_term_string}\"},\"query-input\":{\"@type\":\"PropertyValueSpecification\",\"valueRequired\":true,\"valueName\":\"search_term_string\"}}],\"inLanguage\":\"nl-NL\"}]}<\/script>\n<!-- \/ Yoast SEO plugin. -->","yoast_head_json":{"title":"Vertaling l Offici\u00eble vertaling l Professionele vertaling van hoge","description":"Vertaling voor uw administratieve procedures l Be\u00ebdigde en offici\u00eble vertaling l Erkend door alle instellingen in de EU en daarbuiten","robots":{"index":"index","follow":"follow","max-snippet":"max-snippet:-1","max-image-preview":"max-image-preview:large","max-video-preview":"max-video-preview:-1"},"canonical":"https:\/\/abc-office.eu\/nl\/vertaling\/","og_locale":"nl_NL","og_type":"article","og_title":"Vertaling l Offici\u00eble vertaling l Professionele vertaling van hoge","og_description":"Vertaling voor uw administratieve procedures l Be\u00ebdigde en offici\u00eble vertaling l Erkend door alle instellingen in de EU en daarbuiten","og_url":"https:\/\/abc-office.eu\/nl\/vertaling\/","og_site_name":"ABC Translation","article_modified_time":"2025-10-15T04:32:15+00:00","og_image":[{"width":650,"height":400,"url":"https:\/\/abc-office.eu\/wp-content\/uploads\/2025\/10\/Traduction-1.jpg","type":"image\/jpeg"}],"twitter_card":"summary_large_image","twitter_misc":{"Geschatte leestijd":"3 minuten"},"schema":{"@context":"https:\/\/schema.org","@graph":[{"@type":"WebPage","@id":"https:\/\/abc-office.eu\/nl\/vertaling\/","url":"https:\/\/abc-office.eu\/nl\/vertaling\/","name":"Vertaling l Offici\u00eble vertaling l Professionele vertaling van hoge","isPartOf":{"@id":"https:\/\/abc-office.eu\/nl\/#website"},"primaryImageOfPage":{"@id":"https:\/\/abc-office.eu\/nl\/vertaling\/#primaryimage"},"image":{"@id":"https:\/\/abc-office.eu\/nl\/vertaling\/#primaryimage"},"thumbnailUrl":"https:\/\/abc-office.eu\/wp-content\/uploads\/2025\/10\/Traduction-1.jpg","datePublished":"2017-02-16T08:17:00+00:00","dateModified":"2025-10-15T04:32:15+00:00","description":"Vertaling voor uw administratieve procedures l Be\u00ebdigde en offici\u00eble vertaling l Erkend door alle instellingen in de EU en daarbuiten","breadcrumb":{"@id":"https:\/\/abc-office.eu\/nl\/vertaling\/#breadcrumb"},"inLanguage":"nl-NL","potentialAction":[{"@type":"ReadAction","target":["https:\/\/abc-office.eu\/nl\/vertaling\/"]}]},{"@type":"ImageObject","inLanguage":"nl-NL","@id":"https:\/\/abc-office.eu\/nl\/vertaling\/#primaryimage","url":"https:\/\/abc-office.eu\/wp-content\/uploads\/2025\/10\/Traduction-1.jpg","contentUrl":"https:\/\/abc-office.eu\/wp-content\/uploads\/2025\/10\/Traduction-1.jpg","width":650,"height":400},{"@type":"BreadcrumbList","@id":"https:\/\/abc-office.eu\/nl\/vertaling\/#breadcrumb","itemListElement":[{"@type":"ListItem","position":1,"name":"Accueil","item":"https:\/\/abc-office.eu\/nl\/"},{"@type":"ListItem","position":2,"name":"Vertaling"}]},{"@type":"WebSite","@id":"https:\/\/abc-office.eu\/nl\/#website","url":"https:\/\/abc-office.eu\/nl\/","name":"ABC Translation","description":"info@abc-office.eu","potentialAction":[{"@type":"SearchAction","target":{"@type":"EntryPoint","urlTemplate":"https:\/\/abc-office.eu\/nl\/?s={search_term_string}"},"query-input":{"@type":"PropertyValueSpecification","valueRequired":true,"valueName":"search_term_string"}}],"inLanguage":"nl-NL"}]}},"_links":{"self":[{"href":"https:\/\/abc-office.eu\/nl\/wp-json\/wp\/v2\/pages\/226081","targetHints":{"allow":["GET"]}}],"collection":[{"href":"https:\/\/abc-office.eu\/nl\/wp-json\/wp\/v2\/pages"}],"about":[{"href":"https:\/\/abc-office.eu\/nl\/wp-json\/wp\/v2\/types\/page"}],"author":[{"embeddable":true,"href":"https:\/\/abc-office.eu\/nl\/wp-json\/wp\/v2\/users\/1"}],"replies":[{"embeddable":true,"href":"https:\/\/abc-office.eu\/nl\/wp-json\/wp\/v2\/comments?post=226081"}],"version-history":[{"count":3,"href":"https:\/\/abc-office.eu\/nl\/wp-json\/wp\/v2\/pages\/226081\/revisions"}],"predecessor-version":[{"id":226861,"href":"https:\/\/abc-office.eu\/nl\/wp-json\/wp\/v2\/pages\/226081\/revisions\/226861"}],"wp:featuredmedia":[{"embeddable":true,"href":"https:\/\/abc-office.eu\/nl\/wp-json\/wp\/v2\/media\/226082"}],"wp:attachment":[{"href":"https:\/\/abc-office.eu\/nl\/wp-json\/wp\/v2\/media?parent=226081"}],"curies":[{"name":"wp","href":"https:\/\/api.w.org\/{rel}","templated":true}]}}