{"id":232012,"date":"2024-11-12T08:18:15","date_gmt":"2024-11-12T07:18:15","guid":{"rendered":"https:\/\/abc-office.eu\/?page_id=232012"},"modified":"2025-10-28T08:43:42","modified_gmt":"2025-10-28T07:43:42","slug":"sertificets-afrikandu-valodas-tulkotajs-riga","status":"publish","type":"page","link":"https:\/\/abc-office.eu\/lv\/latvija\/sertificets-tulkojums-latvija\/sertificets-tulkojums-riga\/sertificets-afrikandu-valodas-tulkotajs-riga\/","title":{"rendered":"Sertific\u0113ts afrikandu valodas tulkot\u0101js R\u012bg\u0101"},"content":{"rendered":"<h2 data-start=\"130\" data-end=\"178\"><strong data-start=\"130\" data-end=\"178\">Sertific\u0113ts afrikandu valodas tulkot\u0101js R\u012bg\u0101<\/strong><\/h2>\n<p style=\"text-align: justify;\" data-start=\"180\" data-end=\"575\">M\u016bsu tulko\u0161anas a\u0123ent\u016bra specializ\u0113jas sertific\u0113tos un zv\u0113rin\u0101tos tulkojumos no un uz afrikandu valodu. M\u016bsu sertific\u0113tie afrikandu valodas tulkot\u0101ji, kas darbojas R\u012bg\u0101, var \u0101tri apstr\u0101d\u0101t j\u016bsu piepras\u012bjumu. Mums ir nepiecie\u0161ams tikai sa\u0146emt dokumentu kopijas, kuras j\u0101iztulko (pie\u0146emam visus form\u0101tus). Ori\u0123in\u0101lie dokumenti vairs nav nepiecie\u0161ami (sertific\u0113ts afrikandu valodas tulkot\u0101js R\u012bg\u0101).<\/p>\n<ol>\n<li style=\"text-align: justify;\" data-start=\"180\" data-end=\"575\">Pirmk\u0101rt, dro\u0161i izmantojiet m\u016bsu e-pasta adresi (<a class=\"decorated-link cursor-pointer\" href=\"mailto:info@abc-office.eu\" rel=\"noopener\" data-start=\"626\" data-end=\"644\">info@abc-office.eu<\/a>), kontaktformu vai ar\u012b m\u016bsu WhatsApp saiti.<\/li>\n<li style=\"text-align: justify;\" data-start=\"180\" data-end=\"575\">Otrk\u0101rt, l\u016bdzu, nor\u0101diet valodu, kur\u0101 v\u0113laties sa\u0146emt tulkojumu, k\u0101 ar\u012b to, vai nepiecie\u0161ama tulkojuma notari\u0101la legaliz\u0101cija un\/vai apostille (Kancelej\u0101), k\u0101 ar\u012b vai nepiecie\u0161ama legaliz\u0101cija caur v\u0113stniec\u012bbu vai konsul\u0101tu.<\/li>\n<li style=\"text-align: justify;\" data-start=\"180\" data-end=\"575\">Tre\u0161k\u0101rt, viens no m\u016bsu projektu vad\u012bt\u0101jiem \u0101tri sagatavos jums pied\u0101v\u0101jumu, nor\u0101dot \u0161\u012b projekta cenu un izpildes termi\u0146u. Parasti atbildam 30 min\u016b\u0161u laik\u0101. Tom\u0113r, ja atbildi neesat sa\u0146\u0113mu\u0161i vair\u0101k nek\u0101 stundu, aicin\u0101m m\u016bs piezvan\u012bt.<\/li>\n<li style=\"text-align: justify;\" data-start=\"180\" data-end=\"575\">Ceturtk\u0101rt, un pats svar\u012bg\u0101kais \u2014 p\u0113c pied\u0101v\u0101juma apstiprin\u0101\u0161anas m\u0113s nekav\u0113joties uzs\u0101ksim tulko\u0161anas procesu un nos\u016bt\u012bsim jums sertific\u0113tos tulkojumus pa pastu. Ja v\u0113laties elektronisku kopiju e-past\u0101 pirms ori\u0123in\u0101la nos\u016bt\u012b\u0161anas, l\u016bdzu, inform\u0113jiet projektu vad\u012bt\u0101ju.<\/li>\n<\/ol>\n<p style=\"text-align: justify;\" data-start=\"1425\" data-end=\"1677\">Izpildes termi\u0146i: sertific\u0113tie tulkojumi tiek nos\u016bt\u012bti pa pastu vai DHL un\/vai pa e-pastu 2\u20133 darba dienu laik\u0101. Tom\u0113r tas ir atkar\u012bgs ar\u012b no dokumentu apjoma un sare\u017e\u0123\u012bt\u012bbas. Piem\u0113ram, viena lappuse parasti tiek pieg\u0101d\u0101ta 2 darba dienu laik\u0101 pa pastu.<\/p>\n<h3 data-start=\"1679\" data-end=\"1745\"><strong data-start=\"1679\" data-end=\"1745\">Valodas, ar kur\u0101m veicam tulkojumus no un uz afrikandu valodu:<\/strong><\/h3>\n<p style=\"text-align: justify;\" data-start=\"1747\" data-end=\"2542\">Alb\u0101\u0146u | V\u0101cu | Amerik\u0101\u0146u | Amharu | Ang\u013cu | Ar\u0101bu | Arm\u0113\u0146u | Aimaru | Azerbaid\u017e\u0101\u0146u | Basku | Beng\u0101\u013cu | Baltkrievu | Birmie\u0161u | Bosnie\u0161u | Braz\u012blie\u0161u | Bulg\u0101ru | Kantonie\u0161u | Katal\u0101\u0146u | Sinhala | \u0136\u012bnie\u0161u | Vienk\u0101r\u0161ot\u0101 \u0137\u012bnie\u0161u | Tradicion\u0101l\u0101 \u0137\u012bnie\u0161u | Korejie\u0161u | Horv\u0101tu | D\u0101\u0146u | Dar\u012b | Sp\u0101\u0146u | Igau\u0146u | Eve | Farsi | Somu | Gruz\u012bnu | Grie\u0137u | Gvaranu | Ebreju | Hindi | Ung\u0101ru | Indon\u0113zie\u0161u | It\u0101\u013cu | Jap\u0101\u0146u | Kazahu | Khmeru | Kirg\u012bzu | Kurdu | Lao | Latvie\u0161u | Lingala | Lietuvie\u0161u | Ma\u0137edonie\u0161u | Malaizie\u0161u | Malajalu | Mandar\u012bnu | Mold\u0101vu | Mongol | Melnkalnie\u0161u | Holandie\u0161u | Norv\u0113\u0123u | Urd\u016b | Uzbeku | Pu\u0161tu | Pand\u017eabu | Persie\u0161u | Fulbhe | Po\u013cu | Portug\u0101\u013cu | Ke\u010dvu | Rum\u0101\u0146u | Krievu | Serbu | Slov\u0101ku | Slov\u0113\u0146u | Zviedru | Tamilu | \u010cehu | Taju | Turku | Turkm\u0113\u0146u | Ukrainu | Vjetnamie\u0161u<\/p>\n<h3 data-start=\"2544\" data-end=\"2574\"><strong data-start=\"2544\" data-end=\"2574\">Da\u013c\u0113js dokumentu saraksts:<\/strong><\/h3>\n<p style=\"text-align: justify;\" data-start=\"2576\" data-end=\"2969\">Dzim\u0161anas apliec\u012bba | Laul\u012bbas apliec\u012bba | Civilst\u0101vok\u013ca apliec\u012bba | Apliecin\u0101jums | Patents | Sod\u0101m\u012bbas izraksts | Sertifik\u0101ts | Neapprec\u0113\u0161an\u0101s apliec\u012bba | Mir\u0161anas apliec\u012bba | \u0122imenes apliec\u012bba | Darba apliec\u012bba | Nodok\u013cu deklar\u0101cija | Diploms | Pase | Vad\u012bt\u0101ja apliec\u012bba | Testament | V\u012bza | L\u012bgums | Laul\u012bbas \u0161\u0137ir\u0161anas l\u012bgums | Laul\u012bbu l\u012bgums | Spriedums | Proced\u016bra | Pilnvara | Protokols<\/p>\n<h3 data-start=\"2971\" data-end=\"3388\"><strong data-start=\"2971\" data-end=\"3020\">Izplat\u012bt\u0101kie sertifik\u0101ciju\/legaliz\u0101ciju veidi<\/strong> (sertific\u0113ts afrikandu valodas tulkot\u0101js R\u012bg\u0101):<\/h3>\n<ul>\n<li style=\"text-align: justify;\" data-start=\"2971\" data-end=\"3388\"><strong>Sertific\u0113ts tulkojums:<\/strong> tulkojums tiek apz\u012bmogots un parakst\u012bts.<\/li>\n<li style=\"text-align: justify;\" data-start=\"2971\" data-end=\"3388\"><strong>Zv\u0113rin\u0101ts tulkojums Latvij\u0101:<\/strong> Latvij\u0101 nav ofici\u0101la zv\u0113rin\u0101tu tulkot\u0101ju statusa t\u0101d\u0101 izpratn\u0113 k\u0101 cit\u0101s valst\u012bs, t\u0101d\u0113\u013c tulkojumi ofici\u0101lai iesnieg\u0161anai tiek sertific\u0113ti ar tulkot\u0101ja parakstu un notari\u0101lu apliecin\u0101jumu, k\u0101 ar\u012b, ja nepiecie\u0161ams, ar apostilli vai konsul\u0101ro legaliz\u0101ciju, lai tie tiktu atz\u012bti Latvij\u0101 un \u0101rzem\u0113s. M\u0113s nodro\u0161in\u0101m pilnu pakalpojumu ciklu \u2014 tulko\u0161anu, notari\u0101lu apliecin\u0101jumu un legaliz\u0101ciju \u2014 \u0101tri un profesion\u0101li.<\/li>\n<li style=\"text-align: justify;\" data-start=\"2971\" data-end=\"3388\"><strong>Legaliz\u0113ts tulkojums:<\/strong> not\u0101rs legaliz\u0113 tulkot\u0101ja parakstu uz tulkojuma.<\/li>\n<li style=\"text-align: justify;\" data-start=\"2971\" data-end=\"3388\"><strong>Apostille uz tulkojuma:<\/strong> Kanceleja legaliz\u0113 not\u0101ra parakstu.<\/li>\n<li style=\"text-align: justify;\" data-start=\"2971\" data-end=\"3388\"><strong>Tulkojums ar legaliz\u0101ciju v\u0113stniec\u012bb\u0101 vai konsul\u0101t\u0101:<\/strong> m\u0113s noorganiz\u0113jam gal\u012bgo legaliz\u0101ciju izmanto\u0161anai \u0101rvalst\u012bs.<\/li>\n<\/ul>\n<p style=\"text-align: justify;\" data-start=\"3390\" data-end=\"3700\">Pateicoties atbilsto\u0161ai sertifik\u0101cijai, tulkojumi un legaliz\u0101cijas tiks pie\u0146emtas Latvij\u0101 un \u0101rvalst\u012bs. Ja jums ir jaut\u0101jumi par to, k\u0101ds sertifik\u0101cijas veids ir nepiecie\u0161ams j\u016bsu dokumentiem, dro\u0161i sazinieties ar m\u016bsu komandu. M\u0113s pal\u012bdz\u0113sim jums vis\u0101 proces\u0101 (sertific\u0113ts afrikandu valodas tulkot\u0101js R\u012bg\u0101).<\/p>\n<p style=\"text-align: justify;\" data-start=\"3702\" data-end=\"3734\">Ar nepaciet\u012bbu gaid\u0101m sadarb\u012bbu.<\/p>\n<p style=\"text-align: justify;\" data-start=\"3736\" data-end=\"3759\"><a href=\"https:\/\/abc-office.eu\/lv\/\"><strong data-start=\"3736\" data-end=\"3759\">ABC Translation LLC<\/strong><\/a><\/p>\n<p data-start=\"3736\" data-end=\"3759\"><img loading=\"lazy\" decoding=\"async\" class=\"aligncenter wp-image-271\" src=\"https:\/\/abc-office.ch\/wp-content\/uploads\/2018\/06\/imageedit_1_6241191614.gif\" alt=\"Sertific\u0113ts afrikandu valodas tulkot\u0101js R\u012bg\u0101\" width=\"437\" height=\"437\" \/><\/p>\n","protected":false},"excerpt":{"rendered":"<p>Sertific\u0113ts afrikandu valodas tulkot\u0101js R\u012bg\u0101 M\u016bsu tulko\u0161anas a\u0123ent\u016bra specializ\u0113jas sertific\u0113tos un zv\u0113rin\u0101tos tulkojumos no un uz afrikandu valodu. M\u016bsu sertific\u0113tie afrikandu valodas tulkot\u0101ji, kas darbojas R\u012bg\u0101, var \u0101tri apstr\u0101d\u0101t j\u016bsu piepras\u012bjumu. Mums ir nepiecie\u0161ams tikai sa\u0146emt dokumentu kopijas, kuras j\u0101iztulko (pie\u0146emam visus form\u0101tus). Ori\u0123in\u0101lie dokumenti vairs nav nepiecie\u0161ami (sertific\u0113ts afrikandu valodas tulkot\u0101js R\u012bg\u0101). Pirmk\u0101rt, dro\u0161i&#8230;<\/p>\n","protected":false},"author":1,"featured_media":232013,"parent":231983,"menu_order":0,"comment_status":"closed","ping_status":"closed","template":"","meta":{"sfsi_plus_gutenberg_text_before_share":"","sfsi_plus_gutenberg_show_text_before_share":"","sfsi_plus_gutenberg_icon_type":"","sfsi_plus_gutenberg_icon_alignemt":"","sfsi_plus_gutenburg_max_per_row":"","footnotes":""},"class_list":["post-232012","page","type-page","status-publish","has-post-thumbnail","hentry"],"yoast_head":"<!-- This site is optimized with the Yoast SEO plugin v23.8 - https:\/\/yoast.com\/wordpress\/plugins\/seo\/ -->\n<title>Sertific\u0113ts afrikandu valodas tulkot\u0101js R\u012bg\u0101 | Zv\u0113rin\u0101ts afrikandu<\/title>\n<meta name=\"description\" content=\"ABC Translation | Sertific\u0113ts afrikandu valodas tulkot\u0101js R\u012bg\u0101 | Zv\u0113rin\u0101ts afrikandu valodas tulkot\u0101js R\u012bg\u0101 | Ofici\u0101ls afrikandu valodas\" \/>\n<meta name=\"robots\" content=\"index, follow, max-snippet:-1, max-image-preview:large, max-video-preview:-1\" \/>\n<link rel=\"canonical\" href=\"https:\/\/abc-office.eu\/lv\/latvija\/sertificets-tulkojums-latvija\/sertificets-tulkojums-riga\/sertificets-afrikandu-valodas-tulkotajs-riga\/\" \/>\n<meta property=\"og:locale\" content=\"lv_LV\" \/>\n<meta property=\"og:type\" content=\"article\" \/>\n<meta property=\"og:title\" content=\"Sertific\u0113ts afrikandu valodas tulkot\u0101js R\u012bg\u0101 | Zv\u0113rin\u0101ts afrikandu\" \/>\n<meta property=\"og:description\" content=\"ABC Translation | Sertific\u0113ts afrikandu valodas tulkot\u0101js R\u012bg\u0101 | Zv\u0113rin\u0101ts afrikandu valodas tulkot\u0101js R\u012bg\u0101 | Ofici\u0101ls afrikandu valodas\" \/>\n<meta property=\"og:url\" content=\"https:\/\/abc-office.eu\/lv\/latvija\/sertificets-tulkojums-latvija\/sertificets-tulkojums-riga\/sertificets-afrikandu-valodas-tulkotajs-riga\/\" \/>\n<meta property=\"og:site_name\" content=\"ABC Translation\" \/>\n<meta property=\"article:modified_time\" content=\"2025-10-28T07:43:42+00:00\" \/>\n<meta property=\"og:image\" content=\"https:\/\/abc-office.eu\/wp-content\/uploads\/2025\/10\/Afrikaans-14.jpg\" \/>\n\t<meta property=\"og:image:width\" content=\"669\" \/>\n\t<meta property=\"og:image:height\" content=\"491\" \/>\n\t<meta property=\"og:image:type\" content=\"image\/jpeg\" \/>\n<meta name=\"twitter:card\" content=\"summary_large_image\" \/>\n<meta name=\"twitter:label1\" content=\"Est. reading time\" \/>\n\t<meta name=\"twitter:data1\" content=\"3 minutes\" \/>\n<script type=\"application\/ld+json\" class=\"yoast-schema-graph\">{\"@context\":\"https:\/\/schema.org\",\"@graph\":[{\"@type\":\"WebPage\",\"@id\":\"https:\/\/abc-office.eu\/lv\/latvija\/sertificets-tulkojums-latvija\/sertificets-tulkojums-riga\/sertificets-afrikandu-valodas-tulkotajs-riga\/\",\"url\":\"https:\/\/abc-office.eu\/lv\/latvija\/sertificets-tulkojums-latvija\/sertificets-tulkojums-riga\/sertificets-afrikandu-valodas-tulkotajs-riga\/\",\"name\":\"Sertific\u0113ts afrikandu valodas tulkot\u0101js R\u012bg\u0101 | Zv\u0113rin\u0101ts afrikandu\",\"isPartOf\":{\"@id\":\"https:\/\/abc-office.eu\/lv\/#website\"},\"primaryImageOfPage\":{\"@id\":\"https:\/\/abc-office.eu\/lv\/latvija\/sertificets-tulkojums-latvija\/sertificets-tulkojums-riga\/sertificets-afrikandu-valodas-tulkotajs-riga\/#primaryimage\"},\"image\":{\"@id\":\"https:\/\/abc-office.eu\/lv\/latvija\/sertificets-tulkojums-latvija\/sertificets-tulkojums-riga\/sertificets-afrikandu-valodas-tulkotajs-riga\/#primaryimage\"},\"thumbnailUrl\":\"https:\/\/abc-office.eu\/wp-content\/uploads\/2025\/10\/Afrikaans-14.jpg\",\"datePublished\":\"2024-11-12T07:18:15+00:00\",\"dateModified\":\"2025-10-28T07:43:42+00:00\",\"description\":\"ABC Translation | Sertific\u0113ts afrikandu valodas tulkot\u0101js R\u012bg\u0101 | Zv\u0113rin\u0101ts afrikandu valodas tulkot\u0101js R\u012bg\u0101 | Ofici\u0101ls afrikandu valodas\",\"breadcrumb\":{\"@id\":\"https:\/\/abc-office.eu\/lv\/latvija\/sertificets-tulkojums-latvija\/sertificets-tulkojums-riga\/sertificets-afrikandu-valodas-tulkotajs-riga\/#breadcrumb\"},\"inLanguage\":\"lv-LV\",\"potentialAction\":[{\"@type\":\"ReadAction\",\"target\":[\"https:\/\/abc-office.eu\/lv\/latvija\/sertificets-tulkojums-latvija\/sertificets-tulkojums-riga\/sertificets-afrikandu-valodas-tulkotajs-riga\/\"]}]},{\"@type\":\"ImageObject\",\"inLanguage\":\"lv-LV\",\"@id\":\"https:\/\/abc-office.eu\/lv\/latvija\/sertificets-tulkojums-latvija\/sertificets-tulkojums-riga\/sertificets-afrikandu-valodas-tulkotajs-riga\/#primaryimage\",\"url\":\"https:\/\/abc-office.eu\/wp-content\/uploads\/2025\/10\/Afrikaans-14.jpg\",\"contentUrl\":\"https:\/\/abc-office.eu\/wp-content\/uploads\/2025\/10\/Afrikaans-14.jpg\",\"width\":669,\"height\":491},{\"@type\":\"BreadcrumbList\",\"@id\":\"https:\/\/abc-office.eu\/lv\/latvija\/sertificets-tulkojums-latvija\/sertificets-tulkojums-riga\/sertificets-afrikandu-valodas-tulkotajs-riga\/#breadcrumb\",\"itemListElement\":[{\"@type\":\"ListItem\",\"position\":1,\"name\":\"Accueil\",\"item\":\"https:\/\/abc-office.eu\/lv\/\"},{\"@type\":\"ListItem\",\"position\":2,\"name\":\"Latvija\",\"item\":\"https:\/\/abc-office.eu\/lv\/latvija\/\"},{\"@type\":\"ListItem\",\"position\":3,\"name\":\"Sertific\u0113ts tulkojums Latvij\u0101\",\"item\":\"https:\/\/abc-office.eu\/lv\/latvija\/sertificets-tulkojums-latvija\/\"},{\"@type\":\"ListItem\",\"position\":4,\"name\":\"Sertific\u0113ts tulkojums R\u012bg\u0101\",\"item\":\"https:\/\/abc-office.eu\/lv\/latvija\/sertificets-tulkojums-latvija\/sertificets-tulkojums-riga\/\"},{\"@type\":\"ListItem\",\"position\":5,\"name\":\"Sertific\u0113ts afrikandu valodas tulkot\u0101js R\u012bg\u0101\"}]},{\"@type\":\"WebSite\",\"@id\":\"https:\/\/abc-office.eu\/lv\/#website\",\"url\":\"https:\/\/abc-office.eu\/lv\/\",\"name\":\"ABC Translation\",\"description\":\"info@abc-office.eu\",\"potentialAction\":[{\"@type\":\"SearchAction\",\"target\":{\"@type\":\"EntryPoint\",\"urlTemplate\":\"https:\/\/abc-office.eu\/lv\/?s={search_term_string}\"},\"query-input\":{\"@type\":\"PropertyValueSpecification\",\"valueRequired\":true,\"valueName\":\"search_term_string\"}}],\"inLanguage\":\"lv-LV\"}]}<\/script>\n<!-- \/ Yoast SEO plugin. -->","yoast_head_json":{"title":"Sertific\u0113ts afrikandu valodas tulkot\u0101js R\u012bg\u0101 | Zv\u0113rin\u0101ts afrikandu","description":"ABC Translation | Sertific\u0113ts afrikandu valodas tulkot\u0101js R\u012bg\u0101 | Zv\u0113rin\u0101ts afrikandu valodas tulkot\u0101js R\u012bg\u0101 | Ofici\u0101ls afrikandu valodas","robots":{"index":"index","follow":"follow","max-snippet":"max-snippet:-1","max-image-preview":"max-image-preview:large","max-video-preview":"max-video-preview:-1"},"canonical":"https:\/\/abc-office.eu\/lv\/latvija\/sertificets-tulkojums-latvija\/sertificets-tulkojums-riga\/sertificets-afrikandu-valodas-tulkotajs-riga\/","og_locale":"lv_LV","og_type":"article","og_title":"Sertific\u0113ts afrikandu valodas tulkot\u0101js R\u012bg\u0101 | Zv\u0113rin\u0101ts afrikandu","og_description":"ABC Translation | Sertific\u0113ts afrikandu valodas tulkot\u0101js R\u012bg\u0101 | Zv\u0113rin\u0101ts afrikandu valodas tulkot\u0101js R\u012bg\u0101 | Ofici\u0101ls afrikandu valodas","og_url":"https:\/\/abc-office.eu\/lv\/latvija\/sertificets-tulkojums-latvija\/sertificets-tulkojums-riga\/sertificets-afrikandu-valodas-tulkotajs-riga\/","og_site_name":"ABC Translation","article_modified_time":"2025-10-28T07:43:42+00:00","og_image":[{"width":669,"height":491,"url":"https:\/\/abc-office.eu\/wp-content\/uploads\/2025\/10\/Afrikaans-14.jpg","type":"image\/jpeg"}],"twitter_card":"summary_large_image","twitter_misc":{"Est. reading time":"3 minutes"},"schema":{"@context":"https:\/\/schema.org","@graph":[{"@type":"WebPage","@id":"https:\/\/abc-office.eu\/lv\/latvija\/sertificets-tulkojums-latvija\/sertificets-tulkojums-riga\/sertificets-afrikandu-valodas-tulkotajs-riga\/","url":"https:\/\/abc-office.eu\/lv\/latvija\/sertificets-tulkojums-latvija\/sertificets-tulkojums-riga\/sertificets-afrikandu-valodas-tulkotajs-riga\/","name":"Sertific\u0113ts afrikandu valodas tulkot\u0101js R\u012bg\u0101 | Zv\u0113rin\u0101ts afrikandu","isPartOf":{"@id":"https:\/\/abc-office.eu\/lv\/#website"},"primaryImageOfPage":{"@id":"https:\/\/abc-office.eu\/lv\/latvija\/sertificets-tulkojums-latvija\/sertificets-tulkojums-riga\/sertificets-afrikandu-valodas-tulkotajs-riga\/#primaryimage"},"image":{"@id":"https:\/\/abc-office.eu\/lv\/latvija\/sertificets-tulkojums-latvija\/sertificets-tulkojums-riga\/sertificets-afrikandu-valodas-tulkotajs-riga\/#primaryimage"},"thumbnailUrl":"https:\/\/abc-office.eu\/wp-content\/uploads\/2025\/10\/Afrikaans-14.jpg","datePublished":"2024-11-12T07:18:15+00:00","dateModified":"2025-10-28T07:43:42+00:00","description":"ABC Translation | Sertific\u0113ts afrikandu valodas tulkot\u0101js R\u012bg\u0101 | Zv\u0113rin\u0101ts afrikandu valodas tulkot\u0101js R\u012bg\u0101 | Ofici\u0101ls afrikandu valodas","breadcrumb":{"@id":"https:\/\/abc-office.eu\/lv\/latvija\/sertificets-tulkojums-latvija\/sertificets-tulkojums-riga\/sertificets-afrikandu-valodas-tulkotajs-riga\/#breadcrumb"},"inLanguage":"lv-LV","potentialAction":[{"@type":"ReadAction","target":["https:\/\/abc-office.eu\/lv\/latvija\/sertificets-tulkojums-latvija\/sertificets-tulkojums-riga\/sertificets-afrikandu-valodas-tulkotajs-riga\/"]}]},{"@type":"ImageObject","inLanguage":"lv-LV","@id":"https:\/\/abc-office.eu\/lv\/latvija\/sertificets-tulkojums-latvija\/sertificets-tulkojums-riga\/sertificets-afrikandu-valodas-tulkotajs-riga\/#primaryimage","url":"https:\/\/abc-office.eu\/wp-content\/uploads\/2025\/10\/Afrikaans-14.jpg","contentUrl":"https:\/\/abc-office.eu\/wp-content\/uploads\/2025\/10\/Afrikaans-14.jpg","width":669,"height":491},{"@type":"BreadcrumbList","@id":"https:\/\/abc-office.eu\/lv\/latvija\/sertificets-tulkojums-latvija\/sertificets-tulkojums-riga\/sertificets-afrikandu-valodas-tulkotajs-riga\/#breadcrumb","itemListElement":[{"@type":"ListItem","position":1,"name":"Accueil","item":"https:\/\/abc-office.eu\/lv\/"},{"@type":"ListItem","position":2,"name":"Latvija","item":"https:\/\/abc-office.eu\/lv\/latvija\/"},{"@type":"ListItem","position":3,"name":"Sertific\u0113ts tulkojums Latvij\u0101","item":"https:\/\/abc-office.eu\/lv\/latvija\/sertificets-tulkojums-latvija\/"},{"@type":"ListItem","position":4,"name":"Sertific\u0113ts tulkojums R\u012bg\u0101","item":"https:\/\/abc-office.eu\/lv\/latvija\/sertificets-tulkojums-latvija\/sertificets-tulkojums-riga\/"},{"@type":"ListItem","position":5,"name":"Sertific\u0113ts afrikandu valodas tulkot\u0101js R\u012bg\u0101"}]},{"@type":"WebSite","@id":"https:\/\/abc-office.eu\/lv\/#website","url":"https:\/\/abc-office.eu\/lv\/","name":"ABC Translation","description":"info@abc-office.eu","potentialAction":[{"@type":"SearchAction","target":{"@type":"EntryPoint","urlTemplate":"https:\/\/abc-office.eu\/lv\/?s={search_term_string}"},"query-input":{"@type":"PropertyValueSpecification","valueRequired":true,"valueName":"search_term_string"}}],"inLanguage":"lv-LV"}]}},"_links":{"self":[{"href":"https:\/\/abc-office.eu\/lv\/wp-json\/wp\/v2\/pages\/232012","targetHints":{"allow":["GET"]}}],"collection":[{"href":"https:\/\/abc-office.eu\/lv\/wp-json\/wp\/v2\/pages"}],"about":[{"href":"https:\/\/abc-office.eu\/lv\/wp-json\/wp\/v2\/types\/page"}],"author":[{"embeddable":true,"href":"https:\/\/abc-office.eu\/lv\/wp-json\/wp\/v2\/users\/1"}],"replies":[{"embeddable":true,"href":"https:\/\/abc-office.eu\/lv\/wp-json\/wp\/v2\/comments?post=232012"}],"version-history":[{"count":1,"href":"https:\/\/abc-office.eu\/lv\/wp-json\/wp\/v2\/pages\/232012\/revisions"}],"predecessor-version":[{"id":232040,"href":"https:\/\/abc-office.eu\/lv\/wp-json\/wp\/v2\/pages\/232012\/revisions\/232040"}],"up":[{"embeddable":true,"href":"https:\/\/abc-office.eu\/lv\/wp-json\/wp\/v2\/pages\/231983"}],"wp:featuredmedia":[{"embeddable":true,"href":"https:\/\/abc-office.eu\/lv\/wp-json\/wp\/v2\/media\/232013"}],"wp:attachment":[{"href":"https:\/\/abc-office.eu\/lv\/wp-json\/wp\/v2\/media?parent=232012"}],"curies":[{"name":"wp","href":"https:\/\/api.w.org\/{rel}","templated":true}]}}