{"id":231983,"date":"2024-11-12T08:14:56","date_gmt":"2024-11-12T07:14:56","guid":{"rendered":"https:\/\/abc-office.eu\/?page_id=231983"},"modified":"2025-10-28T08:42:52","modified_gmt":"2025-10-28T07:42:52","slug":"sertificets-tulkojums-riga","status":"publish","type":"page","link":"https:\/\/abc-office.eu\/lv\/latvija\/sertificets-tulkojums-latvija\/sertificets-tulkojums-riga\/","title":{"rendered":"Sertific\u0113ts tulkojums R\u012bg\u0101"},"content":{"rendered":"<h2 data-start=\"97\" data-end=\"127\"><strong data-start=\"97\" data-end=\"127\">Sertific\u0113ts tulkojums R\u012bg\u0101<\/strong><\/h2>\n<p style=\"text-align: justify;\" data-start=\"129\" data-end=\"462\">M\u016bsu tulko\u0161anas a\u0123ent\u016bra specializ\u0113jas sertific\u0113tos un zv\u0113rin\u0101tos tulkojumos vair\u0101k nek\u0101 80 valod\u0101s. M\u016bsu komanda, kas atrodas R\u012bg\u0101, var \u0101tri apstr\u0101d\u0101t j\u016bsu piepras\u012bjumu. Mums ir nepiecie\u0161ama tikai dokumentu kopija, kuri j\u0101iztulko (visi form\u0101ti ir pie\u0146emami). Ori\u0123in\u0101lie dokumenti vairs nav nepiecie\u0161ami (sertific\u0113ts tulkojums R\u012bg\u0101).<\/p>\n<ol>\n<li style=\"text-align: justify;\" data-start=\"129\" data-end=\"462\">Pirmk\u0101rt, dro\u0161i izmantojiet m\u016bsu e-pasta adresi (<a class=\"decorated-link cursor-pointer\" href=\"mailto:info@abc-office.eu\" rel=\"noopener\" data-start=\"513\" data-end=\"531\">info@abc-office.eu<\/a>), kontaktformu vai varat izmantot m\u016bsu WhatsApp saiti.<\/li>\n<li style=\"text-align: justify;\" data-start=\"129\" data-end=\"462\">Otrk\u0101rt, l\u016bdzu nor\u0101diet valodu, kur\u0101 v\u0113laties sa\u0146emt tulkojumu, un vai nepiecie\u0161ama tulkojuma legaliz\u0101cija pie not\u0101ra un\/vai apostille (kancelej\u0101).<\/li>\n<li style=\"text-align: justify;\" data-start=\"129\" data-end=\"462\"><br data-start=\"736\" data-end=\"739\" \/>Tre\u0161k\u0101rt, viens no m\u016bsu projektu vad\u012bt\u0101jiem \u0101tri sagatavos jums izmaksu pied\u0101v\u0101jumu, nor\u0101dot cenu un izpildes termi\u0146u. Parasti atbildam 30 min\u016b\u0161u laik\u0101. Tom\u0113r, ja atbilde nesekos vair\u0101k nek\u0101 stundu, l\u016bdzu, sazinieties ar mums telefoniski.<\/li>\n<li style=\"text-align: justify;\" data-start=\"129\" data-end=\"462\"><br data-start=\"977\" data-end=\"980\" \/>Ceturtk\u0101rt un pats svar\u012bg\u0101kais \u2014 p\u0113c t\u0101mes apstiprin\u0101\u0161anas m\u0113s uzs\u0101ksim tulko\u0161anas procesu un nos\u016bt\u012bsim jums sertific\u0113tos tulkojumus pa pastu. Ja v\u0113laties sa\u0146emt ar\u012b tulkojuma kopiju e-past\u0101, l\u016bdzu inform\u0113jiet projektu vad\u012bt\u0101ju, un m\u0113s to nos\u016bt\u012bsim pirms ori\u0123in\u0101la izs\u016bt\u012b\u0161anas.<\/li>\n<\/ol>\n<p style=\"text-align: justify;\" data-start=\"1259\" data-end=\"1513\">Izpildes termi\u0146i: sertific\u0113ti tulkojumi tiek nos\u016bt\u012bti pa pastu vai ar DHL un\/vai e-past\u0101 2\u20133 darba dienu laik\u0101. Tas tom\u0113r ir atkar\u012bgs no dokumentu apjoma un sare\u017e\u0123\u012bt\u012bbas. Piem\u0113ram, vienas lapas dokumentu parasti varat sa\u0146emt 2 darba dienu laik\u0101 ar pastu.<\/p>\n<h3 data-start=\"1520\" data-end=\"1546\"><strong data-start=\"1520\" data-end=\"1546\">M\u016bsu galven\u0101s valodas:<\/strong><\/h3>\n<p style=\"text-align: justify;\" data-start=\"1548\" data-end=\"2354\">Afrikandu | Alb\u0101\u0146u | V\u0101cu | Amerik\u0101\u0146u | Amh\u0101ru | Ang\u013cu | Ar\u0101bu | Arm\u0113\u0146u | Aimaru | Azerbaid\u017e\u0101\u0146u | Basku | Bengals | Baltkrievu | Birmie\u0161u | Bosnie\u0161u | Braz\u012blie\u0161u | Bulg\u0101ru | Kantonie\u0161u | Katal\u0101\u0146u | Sinhala | \u0136\u012bnie\u0161u | Vienk\u0101r\u0161ot\u0101 \u0137\u012bnie\u0161u | Tradicion\u0101l\u0101 \u0137\u012bnie\u0161u | Korejie\u0161u | Horv\u0101tu | D\u0101\u0146u | Dar\u012b | Sp\u0101\u0146u | Igau\u0146u | Ewe | Farsi | Somu | Gruz\u012bnu | Grie\u0137u | Gvarani | Ivrits | Hindu | Ung\u0101ru | Indon\u0113zie\u0161u | It\u0101\u013cu | Jap\u0101\u0146u | Kazahu | Khmeru | Kirg\u012bzu | Kurdu | Lao | Latvie\u0161u | Lingala | Lietuvie\u0161u | Ma\u0137edonie\u0161u | Malajie\u0161u | Malayalam | Mandar\u012bnu | Mold\u0101vu | Mongo\u013cu | Melnkalnie\u0161u | Holandie\u0161u | Norv\u0113\u0123u | Urd\u016b | Uzbeku | Pu\u0161tu | Pand\u017eabu | Persie\u0161u | Fula | Po\u013cu | Portug\u0101\u013cu | Ke\u010dvu | Rum\u0101\u0146u | Krievu | Serbu | Slov\u0101ku | Slov\u0113\u0146u | Zviedru | Tamilu | \u010cehu | Taju | Turku | Turkm\u0113\u0146u | Ukrainu | Vjetnamie\u0161u<\/p>\n<h3 data-start=\"2361\" data-end=\"2375\"><strong data-start=\"2361\" data-end=\"2375\">Dokumenti:<\/strong><\/h3>\n<p style=\"text-align: justify;\" data-start=\"2377\" data-end=\"2795\">Dzim\u0161anas apliec\u012bba | laul\u012bbas apliec\u012bba | civilst\u0101vok\u013ca apliec\u012bba | apliecin\u0101jums | patenta dokumenti | sod\u0101m\u012bbas re\u0123istra izzi\u0146a | sertifik\u0101ts | neprec\u0113t\u012bbas apliec\u012bba | mir\u0161anas apliec\u012bba | \u0123imenes apliec\u012bba | darba apliec\u012bba | nodok\u013cu deklar\u0101cija | diploms | pase | vad\u012bt\u0101ja apliec\u012bba | testaments | v\u012bza | l\u012bgums | laul\u012bbas \u0161\u0137ir\u0161anas l\u012bgums | laul\u012bbas l\u012bgums | spriedums | procesa dokumenti | pilnvara | protokols<\/p>\n<h3 data-start=\"2802\" data-end=\"3104\"><strong data-start=\"2802\" data-end=\"2879\">Bie\u017e\u0101kie sertifik\u0101cijas\/legaliz\u0101cijas veidi (sertific\u0113ts tulkojums R\u012bg\u0101):<\/strong><\/h3>\n<ul>\n<li style=\"text-align: justify;\" data-start=\"2802\" data-end=\"3104\"><strong data-start=\"2882\" data-end=\"2908\">Sertific\u0113ts tulkojums:<\/strong> tulkojums tiek nodro\u0161in\u0101ts ar m\u016bsu z\u012bmogu un parakstu.<\/li>\n<li style=\"text-align: justify;\" data-start=\"2802\" data-end=\"3104\"><strong>Zv\u0113rin\u0101ts tulkojums Latvij\u0101:<\/strong> Latvij\u0101 nav ofici\u0101la zv\u0113rin\u0101tu tulkot\u0101ju statusa t\u0101d\u0101 izpratn\u0113 k\u0101 cit\u0101s valst\u012bs, t\u0101d\u0113\u013c tulkojumi ofici\u0101lai iesnieg\u0161anai tiek sertific\u0113ti ar tulkot\u0101ja parakstu un notari\u0101lu apliecin\u0101jumu, k\u0101 ar\u012b, ja nepiecie\u0161ams, ar apostilli vai konsul\u0101ro legaliz\u0101ciju, lai tie tiktu atz\u012bti Latvij\u0101 un \u0101rzem\u0113s. M\u0113s nodro\u0161in\u0101m pilnu pakalpojumu ciklu \u2014 tulko\u0161anu, notari\u0101lu apliecin\u0101jumu un legaliz\u0101ciju \u2014 \u0101tri un profesion\u0101li.<\/li>\n<li style=\"text-align: justify;\" data-start=\"2802\" data-end=\"3104\"><strong data-start=\"2966\" data-end=\"2991\">Legaliz\u0113ts tulkojums:<\/strong> not\u0101rs legaliz\u0113 tulkot\u0101ja parakstu uz tulkojuma.<\/li>\n<li style=\"text-align: justify;\" data-start=\"2802\" data-end=\"3104\"><strong data-start=\"3043\" data-end=\"3068\">Apostille tulkojumam:<\/strong> kanceleja legaliz\u0113 not\u0101ra parakstu.<\/li>\n<li style=\"text-align: justify;\" data-start=\"2802\" data-end=\"3104\"><strong data-start=\"3202\" data-end=\"3250\">Tulkojums, legaliz\u0113ts v\u0113stniec\u012bb\u0101\/konsul\u0101t\u0101:<\/strong> v\u0113stniec\u012bba vai konsul\u0101ts legaliz\u0113 dokumentu izmanto\u0161anai \u0101rzem\u0113s.<\/li>\n<\/ul>\n<p style=\"text-align: justify;\" data-start=\"3111\" data-end=\"3375\">Pateicoties pareizai sertifik\u0101cijai, tulkojumi tiks pie\u0146emti Latvij\u0101 un \u0101rvalst\u012bs. Ja rodas jaut\u0101jumi par nepiecie\u0161amo sertifik\u0101cijas vai legaliz\u0101cijas veidu, nevilcinieties sazin\u0101ties ar m\u016bsu komandu. M\u0113s pal\u012bdz\u0113sim jums vis\u0101 proces\u0101 (sertific\u0113ts tulkojums R\u012bg\u0101).<\/p>\n<p style=\"text-align: justify;\" data-start=\"3382\" data-end=\"3414\">Ar cie\u0146u un cer\u012bb\u0101 uz sadarb\u012bbu,<\/p>\n<p style=\"text-align: justify;\" data-start=\"3416\" data-end=\"3439\"><a href=\"https:\/\/abc-office.eu\/lv\/\"><strong data-start=\"3416\" data-end=\"3439\">ABC Translation LLC<\/strong><\/a><\/p>\n<p data-start=\"3416\" data-end=\"3439\"><img loading=\"lazy\" decoding=\"async\" class=\"aligncenter wp-image-271\" src=\"https:\/\/abc-office.ch\/wp-content\/uploads\/2018\/06\/imageedit_1_6241191614.gif\" alt=\"Sertific\u0113ts tulkojums R\u012bg\u0101\" width=\"437\" height=\"437\" \/><\/p>\n","protected":false},"excerpt":{"rendered":"<p>Sertific\u0113ts tulkojums R\u012bg\u0101 M\u016bsu tulko\u0161anas a\u0123ent\u016bra specializ\u0113jas sertific\u0113tos un zv\u0113rin\u0101tos tulkojumos vair\u0101k nek\u0101 80 valod\u0101s. M\u016bsu komanda, kas atrodas R\u012bg\u0101, var \u0101tri apstr\u0101d\u0101t j\u016bsu piepras\u012bjumu. Mums ir nepiecie\u0161ama tikai dokumentu kopija, kuri j\u0101iztulko (visi form\u0101ti ir pie\u0146emami). Ori\u0123in\u0101lie dokumenti vairs nav nepiecie\u0161ami (sertific\u0113ts tulkojums R\u012bg\u0101). Pirmk\u0101rt, dro\u0161i izmantojiet m\u016bsu e-pasta adresi (info@abc-office.eu), kontaktformu vai varat&#8230;<\/p>\n","protected":false},"author":1,"featured_media":231984,"parent":231981,"menu_order":0,"comment_status":"closed","ping_status":"closed","template":"","meta":{"sfsi_plus_gutenberg_text_before_share":"","sfsi_plus_gutenberg_show_text_before_share":"","sfsi_plus_gutenberg_icon_type":"","sfsi_plus_gutenberg_icon_alignemt":"","sfsi_plus_gutenburg_max_per_row":"","footnotes":""},"class_list":["post-231983","page","type-page","status-publish","has-post-thumbnail","hentry"],"yoast_head":"<!-- This site is optimized with the Yoast SEO plugin v23.8 - https:\/\/yoast.com\/wordpress\/plugins\/seo\/ -->\n<title>Sertific\u0113ts tulkojums R\u012bg\u0101 | Zv\u0113rin\u0101ts ofici\u0101lais tulkot\u0101js R\u012bg\u0101<\/title>\n<meta name=\"description\" content=\"ABC Translation | Sertific\u0113ts tulkojums R\u012bg\u0101 | Zv\u0113rin\u0101ts tulkot\u0101js R\u012bg\u0101 | Ofici\u0101ls tulkojums R\u012bg\u0101 | Sertific\u0113ts tulkot\u0101js R\u012bg\u0101\" \/>\n<meta name=\"robots\" content=\"index, follow, max-snippet:-1, max-image-preview:large, max-video-preview:-1\" \/>\n<link rel=\"canonical\" href=\"https:\/\/abc-office.eu\/lv\/latvija\/sertificets-tulkojums-latvija\/sertificets-tulkojums-riga\/\" \/>\n<meta property=\"og:locale\" content=\"lv_LV\" \/>\n<meta property=\"og:type\" content=\"article\" \/>\n<meta property=\"og:title\" content=\"Sertific\u0113ts tulkojums R\u012bg\u0101 | Zv\u0113rin\u0101ts ofici\u0101lais tulkot\u0101js R\u012bg\u0101\" \/>\n<meta property=\"og:description\" content=\"ABC Translation | Sertific\u0113ts tulkojums R\u012bg\u0101 | Zv\u0113rin\u0101ts tulkot\u0101js R\u012bg\u0101 | Ofici\u0101ls tulkojums R\u012bg\u0101 | Sertific\u0113ts tulkot\u0101js R\u012bg\u0101\" \/>\n<meta property=\"og:url\" content=\"https:\/\/abc-office.eu\/lv\/latvija\/sertificets-tulkojums-latvija\/sertificets-tulkojums-riga\/\" \/>\n<meta property=\"og:site_name\" content=\"ABC Translation\" \/>\n<meta property=\"article:modified_time\" content=\"2025-10-28T07:42:52+00:00\" \/>\n<meta property=\"og:image\" content=\"https:\/\/abc-office.eu\/wp-content\/uploads\/2025\/10\/Latvia-768x439-1.jpg\" \/>\n\t<meta property=\"og:image:width\" content=\"768\" \/>\n\t<meta property=\"og:image:height\" content=\"439\" \/>\n\t<meta property=\"og:image:type\" content=\"image\/jpeg\" \/>\n<meta name=\"twitter:card\" content=\"summary_large_image\" \/>\n<meta name=\"twitter:label1\" content=\"Est. reading time\" \/>\n\t<meta name=\"twitter:data1\" content=\"3 minutes\" \/>\n<script type=\"application\/ld+json\" class=\"yoast-schema-graph\">{\"@context\":\"https:\/\/schema.org\",\"@graph\":[{\"@type\":\"WebPage\",\"@id\":\"https:\/\/abc-office.eu\/lv\/latvija\/sertificets-tulkojums-latvija\/sertificets-tulkojums-riga\/\",\"url\":\"https:\/\/abc-office.eu\/lv\/latvija\/sertificets-tulkojums-latvija\/sertificets-tulkojums-riga\/\",\"name\":\"Sertific\u0113ts tulkojums R\u012bg\u0101 | Zv\u0113rin\u0101ts ofici\u0101lais tulkot\u0101js R\u012bg\u0101\",\"isPartOf\":{\"@id\":\"https:\/\/abc-office.eu\/lv\/#website\"},\"primaryImageOfPage\":{\"@id\":\"https:\/\/abc-office.eu\/lv\/latvija\/sertificets-tulkojums-latvija\/sertificets-tulkojums-riga\/#primaryimage\"},\"image\":{\"@id\":\"https:\/\/abc-office.eu\/lv\/latvija\/sertificets-tulkojums-latvija\/sertificets-tulkojums-riga\/#primaryimage\"},\"thumbnailUrl\":\"https:\/\/abc-office.eu\/wp-content\/uploads\/2025\/10\/Latvia-768x439-1.jpg\",\"datePublished\":\"2024-11-12T07:14:56+00:00\",\"dateModified\":\"2025-10-28T07:42:52+00:00\",\"description\":\"ABC Translation | Sertific\u0113ts tulkojums R\u012bg\u0101 | Zv\u0113rin\u0101ts tulkot\u0101js R\u012bg\u0101 | Ofici\u0101ls tulkojums R\u012bg\u0101 | Sertific\u0113ts tulkot\u0101js R\u012bg\u0101\",\"breadcrumb\":{\"@id\":\"https:\/\/abc-office.eu\/lv\/latvija\/sertificets-tulkojums-latvija\/sertificets-tulkojums-riga\/#breadcrumb\"},\"inLanguage\":\"lv-LV\",\"potentialAction\":[{\"@type\":\"ReadAction\",\"target\":[\"https:\/\/abc-office.eu\/lv\/latvija\/sertificets-tulkojums-latvija\/sertificets-tulkojums-riga\/\"]}]},{\"@type\":\"ImageObject\",\"inLanguage\":\"lv-LV\",\"@id\":\"https:\/\/abc-office.eu\/lv\/latvija\/sertificets-tulkojums-latvija\/sertificets-tulkojums-riga\/#primaryimage\",\"url\":\"https:\/\/abc-office.eu\/wp-content\/uploads\/2025\/10\/Latvia-768x439-1.jpg\",\"contentUrl\":\"https:\/\/abc-office.eu\/wp-content\/uploads\/2025\/10\/Latvia-768x439-1.jpg\",\"width\":768,\"height\":439},{\"@type\":\"BreadcrumbList\",\"@id\":\"https:\/\/abc-office.eu\/lv\/latvija\/sertificets-tulkojums-latvija\/sertificets-tulkojums-riga\/#breadcrumb\",\"itemListElement\":[{\"@type\":\"ListItem\",\"position\":1,\"name\":\"Accueil\",\"item\":\"https:\/\/abc-office.eu\/lv\/\"},{\"@type\":\"ListItem\",\"position\":2,\"name\":\"Latvija\",\"item\":\"https:\/\/abc-office.eu\/lv\/latvija\/\"},{\"@type\":\"ListItem\",\"position\":3,\"name\":\"Sertific\u0113ts tulkojums Latvij\u0101\",\"item\":\"https:\/\/abc-office.eu\/lv\/latvija\/sertificets-tulkojums-latvija\/\"},{\"@type\":\"ListItem\",\"position\":4,\"name\":\"Sertific\u0113ts tulkojums R\u012bg\u0101\"}]},{\"@type\":\"WebSite\",\"@id\":\"https:\/\/abc-office.eu\/lv\/#website\",\"url\":\"https:\/\/abc-office.eu\/lv\/\",\"name\":\"ABC Translation\",\"description\":\"info@abc-office.eu\",\"potentialAction\":[{\"@type\":\"SearchAction\",\"target\":{\"@type\":\"EntryPoint\",\"urlTemplate\":\"https:\/\/abc-office.eu\/lv\/?s={search_term_string}\"},\"query-input\":{\"@type\":\"PropertyValueSpecification\",\"valueRequired\":true,\"valueName\":\"search_term_string\"}}],\"inLanguage\":\"lv-LV\"}]}<\/script>\n<!-- \/ Yoast SEO plugin. -->","yoast_head_json":{"title":"Sertific\u0113ts tulkojums R\u012bg\u0101 | Zv\u0113rin\u0101ts ofici\u0101lais tulkot\u0101js R\u012bg\u0101","description":"ABC Translation | Sertific\u0113ts tulkojums R\u012bg\u0101 | Zv\u0113rin\u0101ts tulkot\u0101js R\u012bg\u0101 | Ofici\u0101ls tulkojums R\u012bg\u0101 | Sertific\u0113ts tulkot\u0101js R\u012bg\u0101","robots":{"index":"index","follow":"follow","max-snippet":"max-snippet:-1","max-image-preview":"max-image-preview:large","max-video-preview":"max-video-preview:-1"},"canonical":"https:\/\/abc-office.eu\/lv\/latvija\/sertificets-tulkojums-latvija\/sertificets-tulkojums-riga\/","og_locale":"lv_LV","og_type":"article","og_title":"Sertific\u0113ts tulkojums R\u012bg\u0101 | Zv\u0113rin\u0101ts ofici\u0101lais tulkot\u0101js R\u012bg\u0101","og_description":"ABC Translation | Sertific\u0113ts tulkojums R\u012bg\u0101 | Zv\u0113rin\u0101ts tulkot\u0101js R\u012bg\u0101 | Ofici\u0101ls tulkojums R\u012bg\u0101 | Sertific\u0113ts tulkot\u0101js R\u012bg\u0101","og_url":"https:\/\/abc-office.eu\/lv\/latvija\/sertificets-tulkojums-latvija\/sertificets-tulkojums-riga\/","og_site_name":"ABC Translation","article_modified_time":"2025-10-28T07:42:52+00:00","og_image":[{"width":768,"height":439,"url":"https:\/\/abc-office.eu\/wp-content\/uploads\/2025\/10\/Latvia-768x439-1.jpg","type":"image\/jpeg"}],"twitter_card":"summary_large_image","twitter_misc":{"Est. reading time":"3 minutes"},"schema":{"@context":"https:\/\/schema.org","@graph":[{"@type":"WebPage","@id":"https:\/\/abc-office.eu\/lv\/latvija\/sertificets-tulkojums-latvija\/sertificets-tulkojums-riga\/","url":"https:\/\/abc-office.eu\/lv\/latvija\/sertificets-tulkojums-latvija\/sertificets-tulkojums-riga\/","name":"Sertific\u0113ts tulkojums R\u012bg\u0101 | Zv\u0113rin\u0101ts ofici\u0101lais tulkot\u0101js R\u012bg\u0101","isPartOf":{"@id":"https:\/\/abc-office.eu\/lv\/#website"},"primaryImageOfPage":{"@id":"https:\/\/abc-office.eu\/lv\/latvija\/sertificets-tulkojums-latvija\/sertificets-tulkojums-riga\/#primaryimage"},"image":{"@id":"https:\/\/abc-office.eu\/lv\/latvija\/sertificets-tulkojums-latvija\/sertificets-tulkojums-riga\/#primaryimage"},"thumbnailUrl":"https:\/\/abc-office.eu\/wp-content\/uploads\/2025\/10\/Latvia-768x439-1.jpg","datePublished":"2024-11-12T07:14:56+00:00","dateModified":"2025-10-28T07:42:52+00:00","description":"ABC Translation | Sertific\u0113ts tulkojums R\u012bg\u0101 | Zv\u0113rin\u0101ts tulkot\u0101js R\u012bg\u0101 | Ofici\u0101ls tulkojums R\u012bg\u0101 | Sertific\u0113ts tulkot\u0101js R\u012bg\u0101","breadcrumb":{"@id":"https:\/\/abc-office.eu\/lv\/latvija\/sertificets-tulkojums-latvija\/sertificets-tulkojums-riga\/#breadcrumb"},"inLanguage":"lv-LV","potentialAction":[{"@type":"ReadAction","target":["https:\/\/abc-office.eu\/lv\/latvija\/sertificets-tulkojums-latvija\/sertificets-tulkojums-riga\/"]}]},{"@type":"ImageObject","inLanguage":"lv-LV","@id":"https:\/\/abc-office.eu\/lv\/latvija\/sertificets-tulkojums-latvija\/sertificets-tulkojums-riga\/#primaryimage","url":"https:\/\/abc-office.eu\/wp-content\/uploads\/2025\/10\/Latvia-768x439-1.jpg","contentUrl":"https:\/\/abc-office.eu\/wp-content\/uploads\/2025\/10\/Latvia-768x439-1.jpg","width":768,"height":439},{"@type":"BreadcrumbList","@id":"https:\/\/abc-office.eu\/lv\/latvija\/sertificets-tulkojums-latvija\/sertificets-tulkojums-riga\/#breadcrumb","itemListElement":[{"@type":"ListItem","position":1,"name":"Accueil","item":"https:\/\/abc-office.eu\/lv\/"},{"@type":"ListItem","position":2,"name":"Latvija","item":"https:\/\/abc-office.eu\/lv\/latvija\/"},{"@type":"ListItem","position":3,"name":"Sertific\u0113ts tulkojums Latvij\u0101","item":"https:\/\/abc-office.eu\/lv\/latvija\/sertificets-tulkojums-latvija\/"},{"@type":"ListItem","position":4,"name":"Sertific\u0113ts tulkojums R\u012bg\u0101"}]},{"@type":"WebSite","@id":"https:\/\/abc-office.eu\/lv\/#website","url":"https:\/\/abc-office.eu\/lv\/","name":"ABC Translation","description":"info@abc-office.eu","potentialAction":[{"@type":"SearchAction","target":{"@type":"EntryPoint","urlTemplate":"https:\/\/abc-office.eu\/lv\/?s={search_term_string}"},"query-input":{"@type":"PropertyValueSpecification","valueRequired":true,"valueName":"search_term_string"}}],"inLanguage":"lv-LV"}]}},"_links":{"self":[{"href":"https:\/\/abc-office.eu\/lv\/wp-json\/wp\/v2\/pages\/231983","targetHints":{"allow":["GET"]}}],"collection":[{"href":"https:\/\/abc-office.eu\/lv\/wp-json\/wp\/v2\/pages"}],"about":[{"href":"https:\/\/abc-office.eu\/lv\/wp-json\/wp\/v2\/types\/page"}],"author":[{"embeddable":true,"href":"https:\/\/abc-office.eu\/lv\/wp-json\/wp\/v2\/users\/1"}],"replies":[{"embeddable":true,"href":"https:\/\/abc-office.eu\/lv\/wp-json\/wp\/v2\/comments?post=231983"}],"version-history":[{"count":1,"href":"https:\/\/abc-office.eu\/lv\/wp-json\/wp\/v2\/pages\/231983\/revisions"}],"predecessor-version":[{"id":232011,"href":"https:\/\/abc-office.eu\/lv\/wp-json\/wp\/v2\/pages\/231983\/revisions\/232011"}],"up":[{"embeddable":true,"href":"https:\/\/abc-office.eu\/lv\/wp-json\/wp\/v2\/pages\/231981"}],"wp:featuredmedia":[{"embeddable":true,"href":"https:\/\/abc-office.eu\/lv\/wp-json\/wp\/v2\/media\/231984"}],"wp:attachment":[{"href":"https:\/\/abc-office.eu\/lv\/wp-json\/wp\/v2\/media?parent=231983"}],"curies":[{"name":"wp","href":"https:\/\/api.w.org\/{rel}","templated":true}]}}