{"id":231981,"date":"2024-11-12T08:10:44","date_gmt":"2024-11-12T07:10:44","guid":{"rendered":"https:\/\/abc-office.eu\/?page_id=231981"},"modified":"2025-10-28T08:41:50","modified_gmt":"2025-10-28T07:41:50","slug":"sertificets-tulkojums-latvija","status":"publish","type":"page","link":"https:\/\/abc-office.eu\/lv\/latvija\/sertificets-tulkojums-latvija\/","title":{"rendered":"Sertific\u0113ts tulkojums Latvij\u0101"},"content":{"rendered":"<h2 data-start=\"127\" data-end=\"160\"><strong data-start=\"127\" data-end=\"160\">Sertific\u0113ts tulkojums Latvij\u0101<\/strong><\/h2>\n<p style=\"text-align: justify;\" data-start=\"162\" data-end=\"449\">M\u016bsu a\u0123ent\u016bra, <strong data-start=\"177\" data-end=\"196\">ABC Translation<\/strong>, jau daudzus gadus specializ\u0113jas sertific\u0113to tulkojumu jom\u0101. M\u0113s varam nodro\u0161in\u0101t visus ar \u0161o jomu saist\u012btos pakalpojumus, neatkar\u012bgi no t\u0101, vai nepiecie\u0161ams ofici\u0101ls tulkojums, vienk\u0101r\u0161s tulkojums vai mutisk\u0101 tulko\u0161ana (sertific\u0113ts tulkojums Latvij\u0101).<\/p>\n<p style=\"text-align: justify;\" data-start=\"451\" data-end=\"906\">Ar vair\u0101k nek\u0101 500 tulkot\u0101ju un tulku komandu m\u0113s sp\u0113jam vad\u012bt jebkura veida projektus \u012bpa\u0161i \u012bsos termi\u0146os. Kvalit\u0101te un atsauc\u012bba ir m\u016bsu galvenie principi, nodro\u0161inot rezult\u0101tus, kas vienm\u0113r atbilst m\u016bsu klientu augstaj\u0101m pras\u012bb\u0101m. M\u0113s str\u0101d\u0101jam vis\u0101 Latvijas teritorij\u0101. Pateicoties \u0161ai kl\u0101tb\u016btnei un m\u016bsu \u0101trajai reakcijai, esam att\u012bst\u012bju\u0161ies un \u0161obr\u012bd pied\u0101v\u0101jam tulko\u0161anas pakalpojumus vair\u0101k nek\u0101 60 da\u017e\u0101d\u0101s valod\u0101s (sertific\u0113ts tulkojums Latvij\u0101).<\/p>\n<h3 data-start=\"908\" data-end=\"931\"><strong data-start=\"908\" data-end=\"931\">Ofici\u0101ls tulkojums:<\/strong><\/h3>\n<p style=\"text-align: justify;\" data-start=\"933\" data-end=\"1273\">M\u0113s specializ\u0113jamies sertific\u0113tajos tulkojumos, lai atvieglotu j\u016bsu administrat\u012bv\u0101s proced\u016bras Latvij\u0101 vai ce\u013cojumos uz \u0101rzem\u0113m. Tulkojumi parasti tiek legaliz\u0113ti pie m\u016bsu not\u0101ra un p\u0113c tam legaliz\u0113ti kancelej\u0101 ar apostilli vai ar citiem legaliz\u0101cijas veidiem atbilsto\u0161i starptautiskaj\u0101m konvencij\u0101m. Klientu termi\u0146i bie\u017ei vien ir \u013coti \u012bsi.<\/p>\n<p style=\"text-align: justify;\" data-start=\"1275\" data-end=\"1595\">Tie\u0161i t\u0101p\u0113c m\u0113s esam izveidoju\u0161i sist\u0113mu, kas \u013cauj dokumentus iztulkot, legaliz\u0113t un apostil\u0113t rekord\u012bs\u0101 laik\u0101. Piem\u0113ram, dokumentam l\u012bdz 5 lap\u0101m mums nepiecie\u0161amas aptuveni divas dienas, lai veiktu visas nepiecie\u0161am\u0101s darb\u012bbas. Ja nepiecie\u0161ams, \u0161ie tulkojumi var tikt papildus legaliz\u0113ti ar\u012b galam\u0113r\u0137a valsts konsul\u0101t\u0101.<\/p>\n<p style=\"text-align: justify;\" data-start=\"1597\" data-end=\"1858\">\u0100rvalst\u012bs ieg\u016btu diplomu atz\u012b\u0161anai Latvij\u0101 m\u0113s nodro\u0161in\u0101m visu procesu \u2014 dokumentu tulko\u0161anu un p\u0113c tam to legaliz\u0101ciju pie not\u0101ra, lai tie tiktu akcept\u0113ti attiec\u012bgaj\u0101s instit\u016bcij\u0101s. J\u016bsu lietas materi\u0101li b\u016bs piln\u012bgi, lai tos var\u0113tu izv\u0113rt\u0113t atz\u012b\u0161anas iest\u0101des.<\/p>\n<h3 data-start=\"1860\" data-end=\"1872\"><strong data-start=\"1860\" data-end=\"1872\">Valodas:<\/strong><\/h3>\n<p style=\"text-align: justify;\" data-start=\"1874\" data-end=\"2685\">Afrikandu | Alb\u0101\u0146u | V\u0101cu | Amerik\u0101\u0146u | Amharu | Ang\u013cu | Ar\u0101bu | Arm\u0113\u0146u | Aimaru | Azerbaid\u017e\u0101\u0146u | Basku | Beng\u0101\u013cu | Baltkrievu | Birmie\u0161u | Bosnie\u0161u | Braz\u012b\u013cu | Bulg\u0101ru | Kantonie\u0161u | Katal\u0101\u0146u | Sinh\u0101lie\u0161u | \u0136\u012bnie\u0161u | Vienk\u0101r\u0161ot\u0101 \u0137\u012bnie\u0161u | Tradicion\u0101l\u0101 \u0137\u012bnie\u0161u | Korejie\u0161u | Horv\u0101tu | D\u0101\u0146u | Daru | Sp\u0101\u0146u | Igau\u0146u | Eves | Farsi | Somu | Gruz\u012bnu | Grie\u0137u | Gvaranu | Ivritu | Hindu | Ung\u0101ru | Indon\u0113zie\u0161u | It\u0101\u013cu | Jap\u0101\u0146u | Kazahu | Khmeru | Kirg\u012bzu | Kurdu | Lao | Latvie\u0161u | Lingala | Lietuvie\u0161u | Ma\u0137edonie\u0161u | Malaizie\u0161u | Malayalam | Mandar\u012bnu | Mold\u0101vu | Mongo\u013cu | Melnkalnie\u0161u | Holandie\u0161u | Norv\u0113\u0123u | Urdu | Uzbeku | Pu\u0161tu | Pand\u017eabu | Persie\u0161u | Fula | Po\u013cu | Portug\u0101\u013cu | Ke\u010dvu | Rum\u0101\u0146u | Krievu | Serbu | Slov\u0101ku | Slov\u0113\u0146u | Zviedru | Tamilu | \u010cehijas | Taju | Turku | Turkm\u0113\u0146u | Ukrainu | Vjetnamie\u0161u<\/p>\n<h3 data-start=\"2687\" data-end=\"2701\"><strong data-start=\"2687\" data-end=\"2701\">Dokumenti:<\/strong><\/h3>\n<p style=\"text-align: justify;\" data-start=\"2703\" data-end=\"3099\">Dzim\u0161anas apliec\u012bba | Laul\u012bbas apliec\u012bba | Civilst\u0101vok\u013ca apliec\u012bba | Izzi\u0146a | Patents | Sod\u0101m\u012bbas izzi\u0146a | Sertifik\u0101ts | Neaprec\u012bbas apliec\u012bba | N\u0101ves apliec\u012bba | \u0122imenes apliec\u012bba | Darba izzi\u0146a | Nodok\u013cu deklar\u0101cija | Diploms | Pase | Vad\u012bt\u0101ja apliec\u012bba | Testaments | V\u012bza | L\u012bgums | Laul\u012bbas \u0161\u0137ir\u0161anas l\u012bgums | Laul\u012bbas l\u012bgums | Tiesas spriedums | Tiesved\u012bbas materi\u0101li | Pilnvara | Protokols<\/p>\n<p style=\"text-align: justify;\" data-start=\"3101\" data-end=\"3157\">Ja nepiecie\u0161ama cita valoda, l\u016bdzu, sazinieties ar <a href=\"https:\/\/abc-office.eu\/lv\/\">mums<\/a>.<\/p>\n<p data-start=\"3101\" data-end=\"3157\"><img loading=\"lazy\" decoding=\"async\" class=\"aligncenter wp-image-26 size-medium\" src=\"https:\/\/abc-office.ch\/wp-content\/uploads\/2018\/06\/imageedit_1_6241191614-300x300.gif\" alt=\"Sertific\u0113ts tulkojums Latvij\u0101\" width=\"300\" height=\"300\" \/><\/p>\n","protected":false},"excerpt":{"rendered":"<p>Sertific\u0113ts tulkojums Latvij\u0101 M\u016bsu a\u0123ent\u016bra, ABC Translation, jau daudzus gadus specializ\u0113jas sertific\u0113to tulkojumu jom\u0101. M\u0113s varam nodro\u0161in\u0101t visus ar \u0161o jomu saist\u012btos pakalpojumus, neatkar\u012bgi no t\u0101, vai nepiecie\u0161ams ofici\u0101ls tulkojums, vienk\u0101r\u0161s tulkojums vai mutisk\u0101 tulko\u0161ana (sertific\u0113ts tulkojums Latvij\u0101). Ar vair\u0101k nek\u0101 500 tulkot\u0101ju un tulku komandu m\u0113s sp\u0113jam vad\u012bt jebkura veida projektus \u012bpa\u0161i \u012bsos termi\u0146os&#8230;.<\/p>\n","protected":false},"author":1,"featured_media":231953,"parent":231952,"menu_order":0,"comment_status":"closed","ping_status":"closed","template":"","meta":{"sfsi_plus_gutenberg_text_before_share":"","sfsi_plus_gutenberg_show_text_before_share":"","sfsi_plus_gutenberg_icon_type":"","sfsi_plus_gutenberg_icon_alignemt":"","sfsi_plus_gutenburg_max_per_row":"","footnotes":""},"class_list":["post-231981","page","type-page","status-publish","has-post-thumbnail","hentry"],"yoast_head":"<!-- This site is optimized with the Yoast SEO plugin v23.8 - https:\/\/yoast.com\/wordpress\/plugins\/seo\/ -->\n<title>Sertific\u0113ts tulkojums Latvij\u0101 | Zv\u0113rin\u0101ts tulkot\u0101js Latvij\u0101 | Sertific\u0113ts<\/title>\n<meta name=\"description\" content=\"ABC Translation | Sertific\u0113ts tulkojums Latvij\u0101 | Zv\u0113rin\u0101ts tulkot\u0101js Latvij\u0101 | Ofici\u0101ls tulkojums Latvij\u0101 | Sertific\u0113ts tulkot\u0101js Latvij\u0101\" \/>\n<meta name=\"robots\" content=\"index, follow, max-snippet:-1, max-image-preview:large, max-video-preview:-1\" \/>\n<link rel=\"canonical\" href=\"https:\/\/abc-office.eu\/lv\/latvija\/sertificets-tulkojums-latvija\/\" \/>\n<meta property=\"og:locale\" content=\"lv_LV\" \/>\n<meta property=\"og:type\" content=\"article\" \/>\n<meta property=\"og:title\" content=\"Sertific\u0113ts tulkojums Latvij\u0101 | Zv\u0113rin\u0101ts tulkot\u0101js Latvij\u0101 | Sertific\u0113ts\" \/>\n<meta property=\"og:description\" content=\"ABC Translation | Sertific\u0113ts tulkojums Latvij\u0101 | Zv\u0113rin\u0101ts tulkot\u0101js Latvij\u0101 | Ofici\u0101ls tulkojums Latvij\u0101 | Sertific\u0113ts tulkot\u0101js Latvij\u0101\" \/>\n<meta property=\"og:url\" content=\"https:\/\/abc-office.eu\/lv\/latvija\/sertificets-tulkojums-latvija\/\" \/>\n<meta property=\"og:site_name\" content=\"ABC Translation\" \/>\n<meta property=\"article:modified_time\" content=\"2025-10-28T07:41:50+00:00\" \/>\n<meta property=\"og:image\" content=\"https:\/\/abc-office.eu\/wp-content\/uploads\/2025\/10\/latvia-flag-wallpaper-52176-53884-hd-wallpapers-1024x576-1-768x432-1.jpg\" \/>\n\t<meta property=\"og:image:width\" content=\"768\" \/>\n\t<meta property=\"og:image:height\" content=\"432\" \/>\n\t<meta property=\"og:image:type\" content=\"image\/jpeg\" \/>\n<meta name=\"twitter:card\" content=\"summary_large_image\" \/>\n<meta name=\"twitter:label1\" content=\"Est. reading time\" \/>\n\t<meta name=\"twitter:data1\" content=\"3 minutes\" \/>\n<script type=\"application\/ld+json\" class=\"yoast-schema-graph\">{\"@context\":\"https:\/\/schema.org\",\"@graph\":[{\"@type\":\"WebPage\",\"@id\":\"https:\/\/abc-office.eu\/lv\/latvija\/sertificets-tulkojums-latvija\/\",\"url\":\"https:\/\/abc-office.eu\/lv\/latvija\/sertificets-tulkojums-latvija\/\",\"name\":\"Sertific\u0113ts tulkojums Latvij\u0101 | Zv\u0113rin\u0101ts tulkot\u0101js Latvij\u0101 | Sertific\u0113ts\",\"isPartOf\":{\"@id\":\"https:\/\/abc-office.eu\/lv\/#website\"},\"primaryImageOfPage\":{\"@id\":\"https:\/\/abc-office.eu\/lv\/latvija\/sertificets-tulkojums-latvija\/#primaryimage\"},\"image\":{\"@id\":\"https:\/\/abc-office.eu\/lv\/latvija\/sertificets-tulkojums-latvija\/#primaryimage\"},\"thumbnailUrl\":\"https:\/\/abc-office.eu\/wp-content\/uploads\/2025\/10\/latvia-flag-wallpaper-52176-53884-hd-wallpapers-1024x576-1-768x432-1.jpg\",\"datePublished\":\"2024-11-12T07:10:44+00:00\",\"dateModified\":\"2025-10-28T07:41:50+00:00\",\"description\":\"ABC Translation | Sertific\u0113ts tulkojums Latvij\u0101 | Zv\u0113rin\u0101ts tulkot\u0101js Latvij\u0101 | Ofici\u0101ls tulkojums Latvij\u0101 | Sertific\u0113ts tulkot\u0101js Latvij\u0101\",\"breadcrumb\":{\"@id\":\"https:\/\/abc-office.eu\/lv\/latvija\/sertificets-tulkojums-latvija\/#breadcrumb\"},\"inLanguage\":\"lv-LV\",\"potentialAction\":[{\"@type\":\"ReadAction\",\"target\":[\"https:\/\/abc-office.eu\/lv\/latvija\/sertificets-tulkojums-latvija\/\"]}]},{\"@type\":\"ImageObject\",\"inLanguage\":\"lv-LV\",\"@id\":\"https:\/\/abc-office.eu\/lv\/latvija\/sertificets-tulkojums-latvija\/#primaryimage\",\"url\":\"https:\/\/abc-office.eu\/wp-content\/uploads\/2025\/10\/latvia-flag-wallpaper-52176-53884-hd-wallpapers-1024x576-1-768x432-1.jpg\",\"contentUrl\":\"https:\/\/abc-office.eu\/wp-content\/uploads\/2025\/10\/latvia-flag-wallpaper-52176-53884-hd-wallpapers-1024x576-1-768x432-1.jpg\",\"width\":768,\"height\":432},{\"@type\":\"BreadcrumbList\",\"@id\":\"https:\/\/abc-office.eu\/lv\/latvija\/sertificets-tulkojums-latvija\/#breadcrumb\",\"itemListElement\":[{\"@type\":\"ListItem\",\"position\":1,\"name\":\"Accueil\",\"item\":\"https:\/\/abc-office.eu\/lv\/\"},{\"@type\":\"ListItem\",\"position\":2,\"name\":\"Latvija\",\"item\":\"https:\/\/abc-office.eu\/lv\/latvija\/\"},{\"@type\":\"ListItem\",\"position\":3,\"name\":\"Sertific\u0113ts tulkojums Latvij\u0101\"}]},{\"@type\":\"WebSite\",\"@id\":\"https:\/\/abc-office.eu\/lv\/#website\",\"url\":\"https:\/\/abc-office.eu\/lv\/\",\"name\":\"ABC Translation\",\"description\":\"info@abc-office.eu\",\"potentialAction\":[{\"@type\":\"SearchAction\",\"target\":{\"@type\":\"EntryPoint\",\"urlTemplate\":\"https:\/\/abc-office.eu\/lv\/?s={search_term_string}\"},\"query-input\":{\"@type\":\"PropertyValueSpecification\",\"valueRequired\":true,\"valueName\":\"search_term_string\"}}],\"inLanguage\":\"lv-LV\"}]}<\/script>\n<!-- \/ Yoast SEO plugin. -->","yoast_head_json":{"title":"Sertific\u0113ts tulkojums Latvij\u0101 | Zv\u0113rin\u0101ts tulkot\u0101js Latvij\u0101 | Sertific\u0113ts","description":"ABC Translation | Sertific\u0113ts tulkojums Latvij\u0101 | Zv\u0113rin\u0101ts tulkot\u0101js Latvij\u0101 | Ofici\u0101ls tulkojums Latvij\u0101 | Sertific\u0113ts tulkot\u0101js Latvij\u0101","robots":{"index":"index","follow":"follow","max-snippet":"max-snippet:-1","max-image-preview":"max-image-preview:large","max-video-preview":"max-video-preview:-1"},"canonical":"https:\/\/abc-office.eu\/lv\/latvija\/sertificets-tulkojums-latvija\/","og_locale":"lv_LV","og_type":"article","og_title":"Sertific\u0113ts tulkojums Latvij\u0101 | Zv\u0113rin\u0101ts tulkot\u0101js Latvij\u0101 | Sertific\u0113ts","og_description":"ABC Translation | Sertific\u0113ts tulkojums Latvij\u0101 | Zv\u0113rin\u0101ts tulkot\u0101js Latvij\u0101 | Ofici\u0101ls tulkojums Latvij\u0101 | Sertific\u0113ts tulkot\u0101js Latvij\u0101","og_url":"https:\/\/abc-office.eu\/lv\/latvija\/sertificets-tulkojums-latvija\/","og_site_name":"ABC Translation","article_modified_time":"2025-10-28T07:41:50+00:00","og_image":[{"width":768,"height":432,"url":"https:\/\/abc-office.eu\/wp-content\/uploads\/2025\/10\/latvia-flag-wallpaper-52176-53884-hd-wallpapers-1024x576-1-768x432-1.jpg","type":"image\/jpeg"}],"twitter_card":"summary_large_image","twitter_misc":{"Est. reading time":"3 minutes"},"schema":{"@context":"https:\/\/schema.org","@graph":[{"@type":"WebPage","@id":"https:\/\/abc-office.eu\/lv\/latvija\/sertificets-tulkojums-latvija\/","url":"https:\/\/abc-office.eu\/lv\/latvija\/sertificets-tulkojums-latvija\/","name":"Sertific\u0113ts tulkojums Latvij\u0101 | Zv\u0113rin\u0101ts tulkot\u0101js Latvij\u0101 | Sertific\u0113ts","isPartOf":{"@id":"https:\/\/abc-office.eu\/lv\/#website"},"primaryImageOfPage":{"@id":"https:\/\/abc-office.eu\/lv\/latvija\/sertificets-tulkojums-latvija\/#primaryimage"},"image":{"@id":"https:\/\/abc-office.eu\/lv\/latvija\/sertificets-tulkojums-latvija\/#primaryimage"},"thumbnailUrl":"https:\/\/abc-office.eu\/wp-content\/uploads\/2025\/10\/latvia-flag-wallpaper-52176-53884-hd-wallpapers-1024x576-1-768x432-1.jpg","datePublished":"2024-11-12T07:10:44+00:00","dateModified":"2025-10-28T07:41:50+00:00","description":"ABC Translation | Sertific\u0113ts tulkojums Latvij\u0101 | Zv\u0113rin\u0101ts tulkot\u0101js Latvij\u0101 | Ofici\u0101ls tulkojums Latvij\u0101 | Sertific\u0113ts tulkot\u0101js Latvij\u0101","breadcrumb":{"@id":"https:\/\/abc-office.eu\/lv\/latvija\/sertificets-tulkojums-latvija\/#breadcrumb"},"inLanguage":"lv-LV","potentialAction":[{"@type":"ReadAction","target":["https:\/\/abc-office.eu\/lv\/latvija\/sertificets-tulkojums-latvija\/"]}]},{"@type":"ImageObject","inLanguage":"lv-LV","@id":"https:\/\/abc-office.eu\/lv\/latvija\/sertificets-tulkojums-latvija\/#primaryimage","url":"https:\/\/abc-office.eu\/wp-content\/uploads\/2025\/10\/latvia-flag-wallpaper-52176-53884-hd-wallpapers-1024x576-1-768x432-1.jpg","contentUrl":"https:\/\/abc-office.eu\/wp-content\/uploads\/2025\/10\/latvia-flag-wallpaper-52176-53884-hd-wallpapers-1024x576-1-768x432-1.jpg","width":768,"height":432},{"@type":"BreadcrumbList","@id":"https:\/\/abc-office.eu\/lv\/latvija\/sertificets-tulkojums-latvija\/#breadcrumb","itemListElement":[{"@type":"ListItem","position":1,"name":"Accueil","item":"https:\/\/abc-office.eu\/lv\/"},{"@type":"ListItem","position":2,"name":"Latvija","item":"https:\/\/abc-office.eu\/lv\/latvija\/"},{"@type":"ListItem","position":3,"name":"Sertific\u0113ts tulkojums Latvij\u0101"}]},{"@type":"WebSite","@id":"https:\/\/abc-office.eu\/lv\/#website","url":"https:\/\/abc-office.eu\/lv\/","name":"ABC Translation","description":"info@abc-office.eu","potentialAction":[{"@type":"SearchAction","target":{"@type":"EntryPoint","urlTemplate":"https:\/\/abc-office.eu\/lv\/?s={search_term_string}"},"query-input":{"@type":"PropertyValueSpecification","valueRequired":true,"valueName":"search_term_string"}}],"inLanguage":"lv-LV"}]}},"_links":{"self":[{"href":"https:\/\/abc-office.eu\/lv\/wp-json\/wp\/v2\/pages\/231981","targetHints":{"allow":["GET"]}}],"collection":[{"href":"https:\/\/abc-office.eu\/lv\/wp-json\/wp\/v2\/pages"}],"about":[{"href":"https:\/\/abc-office.eu\/lv\/wp-json\/wp\/v2\/types\/page"}],"author":[{"embeddable":true,"href":"https:\/\/abc-office.eu\/lv\/wp-json\/wp\/v2\/users\/1"}],"replies":[{"embeddable":true,"href":"https:\/\/abc-office.eu\/lv\/wp-json\/wp\/v2\/comments?post=231981"}],"version-history":[{"count":1,"href":"https:\/\/abc-office.eu\/lv\/wp-json\/wp\/v2\/pages\/231981\/revisions"}],"predecessor-version":[{"id":231982,"href":"https:\/\/abc-office.eu\/lv\/wp-json\/wp\/v2\/pages\/231981\/revisions\/231982"}],"up":[{"embeddable":true,"href":"https:\/\/abc-office.eu\/lv\/wp-json\/wp\/v2\/pages\/231952"}],"wp:featuredmedia":[{"embeddable":true,"href":"https:\/\/abc-office.eu\/lv\/wp-json\/wp\/v2\/media\/231953"}],"wp:attachment":[{"href":"https:\/\/abc-office.eu\/lv\/wp-json\/wp\/v2\/media?parent=231981"}],"curies":[{"name":"wp","href":"https:\/\/api.w.org\/{rel}","templated":true}]}}