{"id":231952,"date":"2024-04-13T09:48:09","date_gmt":"2024-04-13T07:48:09","guid":{"rendered":"https:\/\/abc-office.eu\/?page_id=231952"},"modified":"2025-10-28T07:49:14","modified_gmt":"2025-10-28T06:49:14","slug":"latvija","status":"publish","type":"page","link":"https:\/\/abc-office.eu\/lv\/latvija\/","title":{"rendered":"Latvija"},"content":{"rendered":"<h2 data-start=\"111\" data-end=\"122\"><strong data-start=\"111\" data-end=\"122\">Latvija<\/strong><\/h2>\n<p style=\"text-align: justify;\" data-start=\"124\" data-end=\"482\">M\u016bsu tulko\u0161anas un legaliz\u0101cijas a\u0123ent\u016bra specializ\u0113jas zv\u0113rin\u0101tos un sertific\u0113tos tulkojumos vair\u0101k nek\u0101 80 valod\u0101s, k\u0101 ar\u012b dokumentu legaliz\u0101cij\u0101. M\u016bsu komanda, kas atrodas Latvij\u0101, var \u0101tri apstr\u0101d\u0101t j\u016bsu piepras\u012bjumu. Mums ir nepiecie\u0161ama tikai dokumentu kopija, kuri ir j\u0101iztulko (tiek pie\u0146emti visi form\u0101ti). Ori\u0123in\u0101li vairs nav nepiecie\u0161ami (Latvija).<\/p>\n<ol>\n<li style=\"text-align: justify;\" data-start=\"124\" data-end=\"482\">Pirmk\u0101rt, varat br\u012bvi izmantot m\u016bsu e-pasta adresi (<a class=\"decorated-link cursor-pointer\" href=\"mailto:info@abc-office.eu\" rel=\"noopener\" data-start=\"536\" data-end=\"554\">info@abc-office.eu<\/a>), kontaktformu vai ar\u012b WhatsApp saiti.<\/li>\n<li style=\"text-align: justify;\" data-start=\"124\" data-end=\"482\">Otrk\u0101rt, l\u016bdzu nor\u0101diet, k\u0101d\u0101 valod\u0101 v\u0113laties sa\u0146emt tulkojumu un vai jums ir nepiecie\u0161ama notari\u0101la legaliz\u0101cija un\/vai apostille (kanceleja), k\u0101 ar\u012b vai nepiecie\u0161ama legaliz\u0101cija v\u0113stniec\u012bb\u0101 vai konsul\u0101t\u0101.<\/li>\n<li style=\"text-align: justify;\" data-start=\"124\" data-end=\"482\">Tre\u0161k\u0101rt, viens no m\u016bsu projektu vad\u012bt\u0101jiem \u0101tri nos\u016bt\u012bs jums cenu pied\u0101v\u0101jumu ar izmaks\u0101m un izpildes termi\u0146u. Parasti atbildam 30 min\u016b\u0161u laik\u0101. Tom\u0113r, ja vair\u0101k nek\u0101 stundu neesat sa\u0146\u0113mis atbildi, l\u016bdzu, piezvaniet mums.<\/li>\n<li style=\"text-align: justify;\" data-start=\"124\" data-end=\"482\">Ceturtk\u0101rt un vissvar\u012bg\u0101kais \u2014 p\u0113c pied\u0101v\u0101juma apstiprin\u0101\u0161anas m\u0113s uzs\u0101ksim tulko\u0161anas vai legaliz\u0101cijas procesu un nos\u016bt\u012bsim jums dokumentus pa pastu. Ja nepiecie\u0161ama ar\u012b tulkojuma vai legaliz\u0101cijas kopija e-past\u0101, l\u016bdzu inform\u0113jiet projektu vad\u012bt\u0101ju, un m\u0113s to nos\u016bt\u012bsim pirms ori\u0123in\u0101la izs\u016bt\u012b\u0161anas.<\/li>\n<\/ol>\n<p style=\"text-align: justify;\">Izpildes termi\u0146\u0161: sertific\u0113tie tulkojumi un\/vai legaliz\u0101cijas tiek nos\u016bt\u012btas ar pastu vai DHL un\/vai e-pastu 2\u20133 darba dienu laik\u0101. Ta\u010du tas ir atkar\u012bgs no dokumentu apjoma un sare\u017e\u0123\u012bt\u012bbas. Piem\u0113ram, viena dokumenta lapa tiek pieg\u0101d\u0101ta apm\u0113ram 2 darba dienu laik\u0101 ar pastu.<\/p>\n<h3 data-start=\"1609\" data-end=\"1643\"><strong data-start=\"1609\" data-end=\"1643\">\u0160eit ir m\u016bsu galven\u0101s valodas:<\/strong><\/h3>\n<p style=\"text-align: justify;\" data-start=\"1645\" data-end=\"2462\">Afrikandu | Alb\u0101\u0146u | V\u0101cu | Amerik\u0101\u0146u (ang\u013cu) | Amh\u0101ru | Ang\u013cu | Ar\u0101bu | Arm\u0113\u0146u | Aimaru | Azerbaid\u017e\u0101\u0146u | Basku | Beng\u0101\u013cu | Baltkrievu | Birmie\u0161u | Bosnie\u0161u | Braz\u012blie\u0161u | Bulg\u0101ru | Kantonie\u0161u | Katal\u0101\u0146u | Sinhala | \u0136\u012bnie\u0161u | Vienk\u0101r\u0161ot\u0101 \u0137\u012bnie\u0161u | Tradicion\u0101l\u0101 \u0137\u012bnie\u0161u | Korejie\u0161u | Horv\u0101tu | D\u0101\u0146u | Daru | Sp\u0101\u0146u | Igau\u0146u | Eve | Persie\u0161u | Somu | Gruz\u012bnu | Grie\u0137u | Gvaranu | Ivrits | Hindu | Ung\u0101ru | Indon\u0113zie\u0161u | It\u0101\u013cu | Jap\u0101\u0146u | Kazahu | Khmeru | Kirg\u012bzu | Kurdu | Lao | Latvie\u0161u | Lingala | Lietuvie\u0161u | Ma\u0137edonie\u0161u | Malaizie\u0161u | Malajalu | Mandar\u012bnu | Mold\u0101vu | Mongo\u013cu | Melnkalnie\u0161u | Holandie\u0161u | Norv\u0113\u0123u | Urdu | Uzbeku | Pu\u0161tu | Pand\u017eabu | Persie\u0161u | Fula | Po\u013cu | Portug\u0101\u013cu | Ke\u010dvu | Rum\u0101\u0146u | Krievu | Serbu | Slov\u0101ku | Slov\u0113\u0146u | Zviedru | Tamilu | \u010cehu | Taju | Turku | Turkm\u0113\u0146u | Ukrainu | Vjetnamie\u0161u<\/p>\n<h3 data-start=\"2464\" data-end=\"2507\"><strong data-start=\"2464\" data-end=\"2507\">\u0160eit ir dokumentu neizsme\u013co\u0161s saraksts:<\/strong><\/h3>\n<p style=\"text-align: justify;\" data-start=\"2509\" data-end=\"2914\">Dzim\u0161anas apliec\u012bba | Laul\u012bbas apliec\u012bba | Civilst\u0101vok\u013ca apliec\u012bba | Apliecin\u0101jums | Patents | Sodu re\u0123istrs | Sertifik\u0101ts | Neatkar\u012bbas apliec\u012bba | Mir\u0161anas apliec\u012bba | \u0122imenes apliec\u012bba | Darba apliec\u012bba | Nodok\u013cu deklar\u0101cija | Diploms | Pase | Autovad\u012bt\u0101ja apliec\u012bba | Testaments | V\u012bza | L\u012bgums | Laul\u012bbas \u0161\u0137ir\u0161anas l\u012bgums | Laul\u012bbu l\u012bgums | Tiesas spriedums | Procesa dokumenti | Pilnvara | Protokoli<\/p>\n<h3 data-start=\"2921\" data-end=\"2989\">Bie\u017e\u0101kie tulkojuma sertifik\u0101cijas\/legaliz\u0101cijas veidi (Latvija):<\/h3>\n<ul>\n<li style=\"text-align: justify;\" data-start=\"2991\" data-end=\"3317\"><strong data-start=\"2991\" data-end=\"3017\">Sertific\u0113ts tulkojums:<\/strong> tulkojums ar m\u016bsu z\u012bmogu un parakstu.<\/li>\n<li style=\"text-align: justify;\" data-start=\"2991\" data-end=\"3317\"><strong>Zv\u0113rin\u0101ts tulkojums Latvij\u0101:<\/strong> Latvij\u0101 nav ofici\u0101la zv\u0113rin\u0101tu tulkot\u0101ju statusa t\u0101d\u0101 izpratn\u0113 k\u0101 cit\u0101s valst\u012bs, t\u0101d\u0113\u013c tulkojumi ofici\u0101lai iesnieg\u0161anai tiek sertific\u0113ti ar tulkot\u0101ja parakstu un notari\u0101lu apliecin\u0101jumu, k\u0101 ar\u012b, ja nepiecie\u0161ams, ar apostilli vai konsul\u0101ro legaliz\u0101ciju, lai tie tiktu atz\u012bti Latvij\u0101 un \u0101rzem\u0113s. M\u0113s nodro\u0161in\u0101m pilnu pakalpojumu ciklu \u2014 tulko\u0161anu, notari\u0101lu apliecin\u0101jumu un legaliz\u0101ciju \u2014 \u0101tri un profesion\u0101li.<\/li>\n<li style=\"text-align: justify;\" data-start=\"2991\" data-end=\"3317\"><strong data-start=\"3058\" data-end=\"3083\">Legaliz\u0113ts tulkojums:<\/strong> not\u0101rs apliecina tulkot\u0101ja parakstu uz tulkojuma.<\/li>\n<li style=\"text-align: justify;\" data-start=\"2991\" data-end=\"3317\"><strong data-start=\"3136\" data-end=\"3163\">Tulkojums ar apostilli:<\/strong> kanceleja legaliz\u0113 not\u0101ra parakstu.<\/li>\n<li style=\"text-align: justify;\" data-start=\"2991\" data-end=\"3317\"><strong data-start=\"3202\" data-end=\"3250\">Tulkojums, legaliz\u0113ts v\u0113stniec\u012bb\u0101\/konsul\u0101t\u0101:<\/strong> v\u0113stniec\u012bba vai konsul\u0101ts legaliz\u0113 dokumentu izmanto\u0161anai \u0101rzem\u0113s.<\/li>\n<\/ul>\n<h3 data-start=\"3324\" data-end=\"3390\">Bie\u017e\u0101kie legaliz\u0101cijas veidi ofici\u0101lai izmanto\u0161anai (Latvija):<\/h3>\n<ul>\n<li data-start=\"3392\" data-end=\"3885\"><strong data-start=\"3392\" data-end=\"3419\">Apostille legaliz\u0101cija:<\/strong> dokumentus atz\u012bst valstis, kas parakst\u012bju\u0161as H\u0101gas konvenciju, ja tiem ir apostille.<\/li>\n<li data-start=\"3392\" data-end=\"3885\"><strong data-start=\"3507\" data-end=\"3546\">Legaliz\u0101cija v\u0113stniec\u012bb\u0101\/konsul\u0101t\u0101:<\/strong> nepiecie\u0161ama valst\u012bm, kas nav pievienoju\u0161\u0101s H\u0101gas konvencijai (piem., \u0136\u012bna).<\/li>\n<li data-start=\"3392\" data-end=\"3885\"><strong data-start=\"3626\" data-end=\"3649\">Apliecin\u0101ta kopija:<\/strong> not\u0101rs apliecina kopijas atbilst\u012bbu ori\u0123in\u0101lam (Vidimus\/Brevet).<\/li>\n<li data-start=\"3392\" data-end=\"3885\"><strong data-start=\"3717\" data-end=\"3726\">V\u012bza:<\/strong> legaliz\u0101cija, kas veikta uz dokumenta kopijas, ja ori\u0123in\u0101ls nav pieejams.<\/li>\n<li data-start=\"3392\" data-end=\"3885\"><strong data-start=\"3803\" data-end=\"3829\">Paraksta legaliz\u0101cija:<\/strong> not\u0101rs apliecina paraksta \u012bstumu (visbie\u017e\u0101k pilnvar\u0101m).<\/li>\n<\/ul>\n<p style=\"text-align: justify;\" data-start=\"3892\" data-end=\"4170\">Pateicoties pareizam sertifik\u0101cijas risin\u0101jumam, tulkojumi un legaliz\u0101cijas tiks pie\u0146emtas Latvij\u0101 un \u0101rvalst\u012bs. Ja jums ir k\u0101di jaut\u0101jumi par nepiecie\u0161amo legaliz\u0101cijas vai sertifik\u0101cijas veidu, l\u016bdzu, sazinieties ar m\u016bsu komandu \u2014 m\u0113s pal\u012bdz\u0113sim orient\u0113ties proces\u0101 (Latvija).<\/p>\n<p style=\"text-align: justify;\" data-start=\"4172\" data-end=\"4204\">Ar nepaciet\u012bbu gaid\u0101m sadarb\u012bbu.<\/p>\n<p style=\"text-align: justify;\" data-start=\"4206\" data-end=\"4229\"><a href=\"https:\/\/abc-office.eu\/lv\/\"><strong data-start=\"4206\" data-end=\"4229\">ABC Translation LLC<\/strong><\/a><\/p>\n<p data-start=\"4206\" data-end=\"4229\"><img loading=\"lazy\" decoding=\"async\" class=\"aligncenter wp-image-271\" src=\"https:\/\/abc-office.ch\/wp-content\/uploads\/2018\/06\/imageedit_1_6241191614.gif\" alt=\"Latvija\" width=\"437\" height=\"437\" \/><\/p>\n","protected":false},"excerpt":{"rendered":"<p>Latvija M\u016bsu tulko\u0161anas un legaliz\u0101cijas a\u0123ent\u016bra specializ\u0113jas zv\u0113rin\u0101tos un sertific\u0113tos tulkojumos vair\u0101k nek\u0101 80 valod\u0101s, k\u0101 ar\u012b dokumentu legaliz\u0101cij\u0101. M\u016bsu komanda, kas atrodas Latvij\u0101, var \u0101tri apstr\u0101d\u0101t j\u016bsu piepras\u012bjumu. Mums ir nepiecie\u0161ama tikai dokumentu kopija, kuri ir j\u0101iztulko (tiek pie\u0146emti visi form\u0101ti). Ori\u0123in\u0101li vairs nav nepiecie\u0161ami (Latvija). Pirmk\u0101rt, varat br\u012bvi izmantot m\u016bsu e-pasta adresi (info@abc-office.eu),&#8230;<\/p>\n","protected":false},"author":1,"featured_media":231953,"parent":0,"menu_order":0,"comment_status":"closed","ping_status":"closed","template":"","meta":{"sfsi_plus_gutenberg_text_before_share":"","sfsi_plus_gutenberg_show_text_before_share":"","sfsi_plus_gutenberg_icon_type":"","sfsi_plus_gutenberg_icon_alignemt":"","sfsi_plus_gutenburg_max_per_row":"","footnotes":""},"class_list":["post-231952","page","type-page","status-publish","has-post-thumbnail","hentry"],"yoast_head":"<!-- This site is optimized with the Yoast SEO plugin v23.8 - https:\/\/yoast.com\/wordpress\/plugins\/seo\/ -->\n<title>Sertific\u0113ts tulkojums Latvija | Zv\u0113rin\u0101ts tulks Latvija | Legaliz\u0113ts<\/title>\n<meta name=\"description\" content=\"ABC Translation | Sertific\u0113ts tulkojums Latvija | Zv\u0113rin\u0101ts tulks Latvija | Legaliz\u0101cija pie not\u0101ra | apostille | Konsul\u0101ts | V\u0113stniec\u012bba\" \/>\n<meta name=\"robots\" content=\"index, follow, max-snippet:-1, max-image-preview:large, max-video-preview:-1\" \/>\n<link rel=\"canonical\" href=\"https:\/\/abc-office.eu\/lv\/latvija\/\" \/>\n<meta property=\"og:locale\" content=\"lv_LV\" \/>\n<meta property=\"og:type\" content=\"article\" \/>\n<meta property=\"og:title\" content=\"Sertific\u0113ts tulkojums Latvija | Zv\u0113rin\u0101ts tulks Latvija | Legaliz\u0113ts\" \/>\n<meta property=\"og:description\" content=\"ABC Translation | Sertific\u0113ts tulkojums Latvija | Zv\u0113rin\u0101ts tulks Latvija | Legaliz\u0101cija pie not\u0101ra | apostille | Konsul\u0101ts | V\u0113stniec\u012bba\" \/>\n<meta property=\"og:url\" content=\"https:\/\/abc-office.eu\/lv\/latvija\/\" \/>\n<meta property=\"og:site_name\" content=\"ABC Translation\" \/>\n<meta property=\"article:modified_time\" content=\"2025-10-28T06:49:14+00:00\" \/>\n<meta property=\"og:image\" content=\"https:\/\/abc-office.eu\/wp-content\/uploads\/2025\/10\/latvia-flag-wallpaper-52176-53884-hd-wallpapers-1024x576-1-768x432-1.jpg\" \/>\n\t<meta property=\"og:image:width\" content=\"768\" \/>\n\t<meta property=\"og:image:height\" content=\"432\" \/>\n\t<meta property=\"og:image:type\" content=\"image\/jpeg\" \/>\n<meta name=\"twitter:card\" content=\"summary_large_image\" \/>\n<meta name=\"twitter:label1\" content=\"Est. reading time\" \/>\n\t<meta name=\"twitter:data1\" content=\"4 minutes\" \/>\n<script type=\"application\/ld+json\" class=\"yoast-schema-graph\">{\"@context\":\"https:\/\/schema.org\",\"@graph\":[{\"@type\":\"WebPage\",\"@id\":\"https:\/\/abc-office.eu\/lv\/latvija\/\",\"url\":\"https:\/\/abc-office.eu\/lv\/latvija\/\",\"name\":\"Sertific\u0113ts tulkojums Latvija | Zv\u0113rin\u0101ts tulks Latvija | Legaliz\u0113ts\",\"isPartOf\":{\"@id\":\"https:\/\/abc-office.eu\/lv\/#website\"},\"primaryImageOfPage\":{\"@id\":\"https:\/\/abc-office.eu\/lv\/latvija\/#primaryimage\"},\"image\":{\"@id\":\"https:\/\/abc-office.eu\/lv\/latvija\/#primaryimage\"},\"thumbnailUrl\":\"https:\/\/abc-office.eu\/wp-content\/uploads\/2025\/10\/latvia-flag-wallpaper-52176-53884-hd-wallpapers-1024x576-1-768x432-1.jpg\",\"datePublished\":\"2024-04-13T07:48:09+00:00\",\"dateModified\":\"2025-10-28T06:49:14+00:00\",\"description\":\"ABC Translation | Sertific\u0113ts tulkojums Latvija | Zv\u0113rin\u0101ts tulks Latvija | Legaliz\u0101cija pie not\u0101ra | apostille | Konsul\u0101ts | V\u0113stniec\u012bba\",\"breadcrumb\":{\"@id\":\"https:\/\/abc-office.eu\/lv\/latvija\/#breadcrumb\"},\"inLanguage\":\"lv-LV\",\"potentialAction\":[{\"@type\":\"ReadAction\",\"target\":[\"https:\/\/abc-office.eu\/lv\/latvija\/\"]}]},{\"@type\":\"ImageObject\",\"inLanguage\":\"lv-LV\",\"@id\":\"https:\/\/abc-office.eu\/lv\/latvija\/#primaryimage\",\"url\":\"https:\/\/abc-office.eu\/wp-content\/uploads\/2025\/10\/latvia-flag-wallpaper-52176-53884-hd-wallpapers-1024x576-1-768x432-1.jpg\",\"contentUrl\":\"https:\/\/abc-office.eu\/wp-content\/uploads\/2025\/10\/latvia-flag-wallpaper-52176-53884-hd-wallpapers-1024x576-1-768x432-1.jpg\",\"width\":768,\"height\":432},{\"@type\":\"BreadcrumbList\",\"@id\":\"https:\/\/abc-office.eu\/lv\/latvija\/#breadcrumb\",\"itemListElement\":[{\"@type\":\"ListItem\",\"position\":1,\"name\":\"Accueil\",\"item\":\"https:\/\/abc-office.eu\/lv\/\"},{\"@type\":\"ListItem\",\"position\":2,\"name\":\"Latvija\"}]},{\"@type\":\"WebSite\",\"@id\":\"https:\/\/abc-office.eu\/lv\/#website\",\"url\":\"https:\/\/abc-office.eu\/lv\/\",\"name\":\"ABC Translation\",\"description\":\"info@abc-office.eu\",\"potentialAction\":[{\"@type\":\"SearchAction\",\"target\":{\"@type\":\"EntryPoint\",\"urlTemplate\":\"https:\/\/abc-office.eu\/lv\/?s={search_term_string}\"},\"query-input\":{\"@type\":\"PropertyValueSpecification\",\"valueRequired\":true,\"valueName\":\"search_term_string\"}}],\"inLanguage\":\"lv-LV\"}]}<\/script>\n<!-- \/ Yoast SEO plugin. -->","yoast_head_json":{"title":"Sertific\u0113ts tulkojums Latvija | Zv\u0113rin\u0101ts tulks Latvija | Legaliz\u0113ts","description":"ABC Translation | Sertific\u0113ts tulkojums Latvija | Zv\u0113rin\u0101ts tulks Latvija | Legaliz\u0101cija pie not\u0101ra | apostille | Konsul\u0101ts | V\u0113stniec\u012bba","robots":{"index":"index","follow":"follow","max-snippet":"max-snippet:-1","max-image-preview":"max-image-preview:large","max-video-preview":"max-video-preview:-1"},"canonical":"https:\/\/abc-office.eu\/lv\/latvija\/","og_locale":"lv_LV","og_type":"article","og_title":"Sertific\u0113ts tulkojums Latvija | Zv\u0113rin\u0101ts tulks Latvija | Legaliz\u0113ts","og_description":"ABC Translation | Sertific\u0113ts tulkojums Latvija | Zv\u0113rin\u0101ts tulks Latvija | Legaliz\u0101cija pie not\u0101ra | apostille | Konsul\u0101ts | V\u0113stniec\u012bba","og_url":"https:\/\/abc-office.eu\/lv\/latvija\/","og_site_name":"ABC Translation","article_modified_time":"2025-10-28T06:49:14+00:00","og_image":[{"width":768,"height":432,"url":"https:\/\/abc-office.eu\/wp-content\/uploads\/2025\/10\/latvia-flag-wallpaper-52176-53884-hd-wallpapers-1024x576-1-768x432-1.jpg","type":"image\/jpeg"}],"twitter_card":"summary_large_image","twitter_misc":{"Est. reading time":"4 minutes"},"schema":{"@context":"https:\/\/schema.org","@graph":[{"@type":"WebPage","@id":"https:\/\/abc-office.eu\/lv\/latvija\/","url":"https:\/\/abc-office.eu\/lv\/latvija\/","name":"Sertific\u0113ts tulkojums Latvija | Zv\u0113rin\u0101ts tulks Latvija | Legaliz\u0113ts","isPartOf":{"@id":"https:\/\/abc-office.eu\/lv\/#website"},"primaryImageOfPage":{"@id":"https:\/\/abc-office.eu\/lv\/latvija\/#primaryimage"},"image":{"@id":"https:\/\/abc-office.eu\/lv\/latvija\/#primaryimage"},"thumbnailUrl":"https:\/\/abc-office.eu\/wp-content\/uploads\/2025\/10\/latvia-flag-wallpaper-52176-53884-hd-wallpapers-1024x576-1-768x432-1.jpg","datePublished":"2024-04-13T07:48:09+00:00","dateModified":"2025-10-28T06:49:14+00:00","description":"ABC Translation | Sertific\u0113ts tulkojums Latvija | Zv\u0113rin\u0101ts tulks Latvija | Legaliz\u0101cija pie not\u0101ra | apostille | Konsul\u0101ts | V\u0113stniec\u012bba","breadcrumb":{"@id":"https:\/\/abc-office.eu\/lv\/latvija\/#breadcrumb"},"inLanguage":"lv-LV","potentialAction":[{"@type":"ReadAction","target":["https:\/\/abc-office.eu\/lv\/latvija\/"]}]},{"@type":"ImageObject","inLanguage":"lv-LV","@id":"https:\/\/abc-office.eu\/lv\/latvija\/#primaryimage","url":"https:\/\/abc-office.eu\/wp-content\/uploads\/2025\/10\/latvia-flag-wallpaper-52176-53884-hd-wallpapers-1024x576-1-768x432-1.jpg","contentUrl":"https:\/\/abc-office.eu\/wp-content\/uploads\/2025\/10\/latvia-flag-wallpaper-52176-53884-hd-wallpapers-1024x576-1-768x432-1.jpg","width":768,"height":432},{"@type":"BreadcrumbList","@id":"https:\/\/abc-office.eu\/lv\/latvija\/#breadcrumb","itemListElement":[{"@type":"ListItem","position":1,"name":"Accueil","item":"https:\/\/abc-office.eu\/lv\/"},{"@type":"ListItem","position":2,"name":"Latvija"}]},{"@type":"WebSite","@id":"https:\/\/abc-office.eu\/lv\/#website","url":"https:\/\/abc-office.eu\/lv\/","name":"ABC Translation","description":"info@abc-office.eu","potentialAction":[{"@type":"SearchAction","target":{"@type":"EntryPoint","urlTemplate":"https:\/\/abc-office.eu\/lv\/?s={search_term_string}"},"query-input":{"@type":"PropertyValueSpecification","valueRequired":true,"valueName":"search_term_string"}}],"inLanguage":"lv-LV"}]}},"_links":{"self":[{"href":"https:\/\/abc-office.eu\/lv\/wp-json\/wp\/v2\/pages\/231952","targetHints":{"allow":["GET"]}}],"collection":[{"href":"https:\/\/abc-office.eu\/lv\/wp-json\/wp\/v2\/pages"}],"about":[{"href":"https:\/\/abc-office.eu\/lv\/wp-json\/wp\/v2\/types\/page"}],"author":[{"embeddable":true,"href":"https:\/\/abc-office.eu\/lv\/wp-json\/wp\/v2\/users\/1"}],"replies":[{"embeddable":true,"href":"https:\/\/abc-office.eu\/lv\/wp-json\/wp\/v2\/comments?post=231952"}],"version-history":[{"count":1,"href":"https:\/\/abc-office.eu\/lv\/wp-json\/wp\/v2\/pages\/231952\/revisions"}],"predecessor-version":[{"id":231980,"href":"https:\/\/abc-office.eu\/lv\/wp-json\/wp\/v2\/pages\/231952\/revisions\/231980"}],"wp:featuredmedia":[{"embeddable":true,"href":"https:\/\/abc-office.eu\/lv\/wp-json\/wp\/v2\/media\/231953"}],"wp:attachment":[{"href":"https:\/\/abc-office.eu\/lv\/wp-json\/wp\/v2\/media?parent=231952"}],"curies":[{"name":"wp","href":"https:\/\/api.w.org\/{rel}","templated":true}]}}