{"id":231914,"date":"2022-04-25T10:26:44","date_gmt":"2022-04-25T08:26:44","guid":{"rendered":"https:\/\/abc-office.eu\/?page_id=231914"},"modified":"2025-10-28T07:02:07","modified_gmt":"2025-10-28T06:02:07","slug":"kontakti","status":"publish","type":"page","link":"https:\/\/abc-office.eu\/lv\/kontakti\/","title":{"rendered":"Kontakti"},"content":{"rendered":"<h2><strong data-start=\"0\" data-end=\"57\">Kontakti \u2013 j\u016bsu tulko\u0161anas a\u0123ent\u016bra Eiropas Savien\u012bb\u0101<\/strong><\/h2>\n<p><br data-start=\"57\" data-end=\"60\" \/>E-pasts: <a class=\"decorated-link cursor-pointer\" href=\"mailto:info@abc-office.eu\" rel=\"noopener\" data-start=\"73\" data-end=\"91\">info@abc-office.eu<\/a><\/p>\n<p data-start=\"95\" data-end=\"116\"><strong data-start=\"95\" data-end=\"114\">ABC Translation<\/strong><\/p>\n<p style=\"text-align: justify;\" data-start=\"118\" data-end=\"769\">M\u016bsu tulkot\u0101ji un redaktori, kas atrodas Eiropas Savien\u012bb\u0101, visi ir ieguvu\u0161i ma\u0123istra gr\u0101du tulko\u0161an\u0101. Vi\u0146i specializ\u0113jas da\u017e\u0101d\u0101s jom\u0101s, piem\u0113ram, m\u0101rketing\u0101, ekonomik\u0101, politik\u0101, jurisprudenc\u0113 un medic\u012bn\u0101. Lai sa\u0146emtu \u0101tru atbildi, l\u016bdzu, aizpildiet formu ekr\u0101na labaj\u0101 pus\u0113. P\u0113c tam m\u016bsu komanda nos\u016bt\u012bs jums pied\u0101v\u0101jumu ar tulkojuma izmaks\u0101m un izpildes termi\u0146u. M\u016bsu pied\u0101v\u0101jum\u0101 ietilpst teksta tulko\u0161ana un korekt\u016bra, ko veic cits tulkot\u0101js, lai nodro\u0161in\u0101tu tulkojuma kvalit\u0101ti. Kad teksts ir p\u0101rtulkots un p\u0101rbaud\u012bts, m\u0113s to jums nos\u016bt\u0101m pa e-pastu vai pa pastu, ja tas ir sertific\u0113ts tulkojums.<\/p>\n<p style=\"text-align: justify;\" data-start=\"771\" data-end=\"1088\">Tulkojumam j\u0101b\u016bt nevainojamas kvalit\u0101tes. Pateicoties m\u016bsu galvenaj\u0101m v\u0113rt\u012bb\u0101m \u2014 precizit\u0101tei, efektivit\u0101tei un punktualit\u0101tei, m\u0113s ikdien\u0101 sadarbojamies ar daudziem uz\u0146\u0113mumiem un priv\u0101tperson\u0101m. M\u0113s nodarbojamies ar m\u0101jaslapu tulko\u0161anu, ofici\u0101lo dokumentu tulko\u0161anu un specializ\u0113tu tekstu apstr\u0101di.<\/p>\n<p style=\"text-align: justify;\" data-start=\"1090\" data-end=\"1523\" data-is-last-node=\"\" data-is-only-node=\"\">M\u0113s nosak\u0101m savas cenas saska\u0146\u0101 ar prec\u012bzu ES sist\u0113mu. \u0160\u012b sist\u0113ma tika izveidota, lai noteiktu cenr\u0101di, kas \u0146em v\u0113r\u0101 avota teksta sare\u017e\u0123\u012bt\u012bbas pak\u0101pi. Cena var tikt apr\u0113\u0137in\u0101ta p\u0113c v\u0101rdu skaita vai p\u0113c rindi\u0146as (55 rakstz\u012bmes). \u0160\u012b pieeja nodro\u0161ina piln\u012bgu caursp\u012bd\u012bgumu klientam un \u013cauj izstr\u0101d\u0101t korektus pied\u0101v\u0101jumus. M\u0113s str\u0101d\u0101jam gan ar uz\u0146\u0113mumiem, gan ar priv\u0101tperson\u0101m vis\u0101 Eiropas <a href=\"https:\/\/abc-office.eu\/lv\/\">Savien\u012bb\u0101<\/a>.<\/p>\n<p data-start=\"1090\" data-end=\"1523\" data-is-last-node=\"\" data-is-only-node=\"\"><img loading=\"lazy\" decoding=\"async\" class=\"aligncenter wp-image-28719\" src=\"https:\/\/abc-office.eu\/wp-content\/uploads\/2017\/02\/second_image-300x200.jpg\" alt=\"Kontakti\" width=\"715\" height=\"476\" srcset=\"https:\/\/abc-office.eu\/wp-content\/uploads\/2017\/02\/second_image-300x200.jpg 300w, https:\/\/abc-office.eu\/wp-content\/uploads\/2017\/02\/second_image-1024x682.jpg 1024w, https:\/\/abc-office.eu\/wp-content\/uploads\/2017\/02\/second_image-768x512.jpg 768w, https:\/\/abc-office.eu\/wp-content\/uploads\/2017\/02\/second_image-1080x720.jpg 1080w, https:\/\/abc-office.eu\/wp-content\/uploads\/2017\/02\/second_image-1280x853.jpg 1280w, https:\/\/abc-office.eu\/wp-content\/uploads\/2017\/02\/second_image-980x653.jpg 980w, https:\/\/abc-office.eu\/wp-content\/uploads\/2017\/02\/second_image-480x320.jpg 480w, https:\/\/abc-office.eu\/wp-content\/uploads\/2017\/02\/second_image.jpg 1400w\" sizes=\"auto, (max-width: 715px) 100vw, 715px\" \/><\/p>\n","protected":false},"excerpt":{"rendered":"<p>Kontakti \u2013 j\u016bsu tulko\u0161anas a\u0123ent\u016bra Eiropas Savien\u012bb\u0101 E-pasts: info@abc-office.eu ABC Translation M\u016bsu tulkot\u0101ji un redaktori, kas atrodas Eiropas Savien\u012bb\u0101, visi ir ieguvu\u0161i ma\u0123istra gr\u0101du tulko\u0161an\u0101. Vi\u0146i specializ\u0113jas da\u017e\u0101d\u0101s jom\u0101s, piem\u0113ram, m\u0101rketing\u0101, ekonomik\u0101, politik\u0101, jurisprudenc\u0113 un medic\u012bn\u0101. Lai sa\u0146emtu \u0101tru atbildi, l\u016bdzu, aizpildiet formu ekr\u0101na labaj\u0101 pus\u0113. P\u0113c tam m\u016bsu komanda nos\u016bt\u012bs jums pied\u0101v\u0101jumu ar tulkojuma&#8230;<\/p>\n","protected":false},"author":1,"featured_media":231915,"parent":0,"menu_order":0,"comment_status":"closed","ping_status":"closed","template":"","meta":{"sfsi_plus_gutenberg_text_before_share":"","sfsi_plus_gutenberg_show_text_before_share":"","sfsi_plus_gutenberg_icon_type":"","sfsi_plus_gutenberg_icon_alignemt":"","sfsi_plus_gutenburg_max_per_row":"","footnotes":""},"class_list":["post-231914","page","type-page","status-publish","has-post-thumbnail","hentry"],"yoast_head":"<!-- This site is optimized with the Yoast SEO plugin v23.8 - https:\/\/yoast.com\/wordpress\/plugins\/seo\/ -->\n<title>Kontaktinform\u0101cija | Tulkojums | Tulkot\u0101js | Eiropas Savien\u012bba<\/title>\n<meta name=\"description\" content=\"ABC Translation: Kontakti | M\u0101jaslapu tulko\u0161ana | Ofici\u0101lo dokumentu tulko\u0161ana | Specializ\u0113tie tulkojumi | Eiropas Savien\u012bba\" \/>\n<meta name=\"robots\" content=\"index, follow, max-snippet:-1, max-image-preview:large, max-video-preview:-1\" \/>\n<link rel=\"canonical\" href=\"https:\/\/abc-office.eu\/lv\/kontakti\/\" \/>\n<meta property=\"og:locale\" content=\"lv_LV\" \/>\n<meta property=\"og:type\" content=\"article\" \/>\n<meta property=\"og:title\" content=\"Kontaktinform\u0101cija | Tulkojums | Tulkot\u0101js | Eiropas Savien\u012bba\" \/>\n<meta property=\"og:description\" content=\"ABC Translation: Kontakti | M\u0101jaslapu tulko\u0161ana | Ofici\u0101lo dokumentu tulko\u0161ana | Specializ\u0113tie tulkojumi | Eiropas Savien\u012bba\" \/>\n<meta property=\"og:url\" content=\"https:\/\/abc-office.eu\/lv\/kontakti\/\" \/>\n<meta property=\"og:site_name\" content=\"ABC Translation\" \/>\n<meta property=\"article:modified_time\" content=\"2025-10-28T06:02:07+00:00\" \/>\n<meta property=\"og:image\" content=\"https:\/\/abc-office.eu\/wp-content\/uploads\/2025\/10\/Flag_of_Europe-2-768x512-15.png\" \/>\n\t<meta property=\"og:image:width\" content=\"768\" \/>\n\t<meta property=\"og:image:height\" content=\"512\" \/>\n\t<meta property=\"og:image:type\" content=\"image\/png\" \/>\n<meta name=\"twitter:card\" content=\"summary_large_image\" \/>\n<meta name=\"twitter:label1\" content=\"Est. reading time\" \/>\n\t<meta name=\"twitter:data1\" content=\"2 minutes\" \/>\n<script type=\"application\/ld+json\" class=\"yoast-schema-graph\">{\"@context\":\"https:\/\/schema.org\",\"@graph\":[{\"@type\":\"WebPage\",\"@id\":\"https:\/\/abc-office.eu\/lv\/kontakti\/\",\"url\":\"https:\/\/abc-office.eu\/lv\/kontakti\/\",\"name\":\"Kontaktinform\u0101cija | Tulkojums | Tulkot\u0101js | Eiropas Savien\u012bba\",\"isPartOf\":{\"@id\":\"https:\/\/abc-office.eu\/lv\/#website\"},\"primaryImageOfPage\":{\"@id\":\"https:\/\/abc-office.eu\/lv\/kontakti\/#primaryimage\"},\"image\":{\"@id\":\"https:\/\/abc-office.eu\/lv\/kontakti\/#primaryimage\"},\"thumbnailUrl\":\"https:\/\/abc-office.eu\/wp-content\/uploads\/2025\/10\/Flag_of_Europe-2-768x512-15.png\",\"datePublished\":\"2022-04-25T08:26:44+00:00\",\"dateModified\":\"2025-10-28T06:02:07+00:00\",\"description\":\"ABC Translation: Kontakti | M\u0101jaslapu tulko\u0161ana | Ofici\u0101lo dokumentu tulko\u0161ana | Specializ\u0113tie tulkojumi | Eiropas Savien\u012bba\",\"breadcrumb\":{\"@id\":\"https:\/\/abc-office.eu\/lv\/kontakti\/#breadcrumb\"},\"inLanguage\":\"lv-LV\",\"potentialAction\":[{\"@type\":\"ReadAction\",\"target\":[\"https:\/\/abc-office.eu\/lv\/kontakti\/\"]}]},{\"@type\":\"ImageObject\",\"inLanguage\":\"lv-LV\",\"@id\":\"https:\/\/abc-office.eu\/lv\/kontakti\/#primaryimage\",\"url\":\"https:\/\/abc-office.eu\/wp-content\/uploads\/2025\/10\/Flag_of_Europe-2-768x512-15.png\",\"contentUrl\":\"https:\/\/abc-office.eu\/wp-content\/uploads\/2025\/10\/Flag_of_Europe-2-768x512-15.png\",\"width\":768,\"height\":512},{\"@type\":\"BreadcrumbList\",\"@id\":\"https:\/\/abc-office.eu\/lv\/kontakti\/#breadcrumb\",\"itemListElement\":[{\"@type\":\"ListItem\",\"position\":1,\"name\":\"Accueil\",\"item\":\"https:\/\/abc-office.eu\/lv\/\"},{\"@type\":\"ListItem\",\"position\":2,\"name\":\"Kontakti\"}]},{\"@type\":\"WebSite\",\"@id\":\"https:\/\/abc-office.eu\/lv\/#website\",\"url\":\"https:\/\/abc-office.eu\/lv\/\",\"name\":\"ABC Translation\",\"description\":\"info@abc-office.eu\",\"potentialAction\":[{\"@type\":\"SearchAction\",\"target\":{\"@type\":\"EntryPoint\",\"urlTemplate\":\"https:\/\/abc-office.eu\/lv\/?s={search_term_string}\"},\"query-input\":{\"@type\":\"PropertyValueSpecification\",\"valueRequired\":true,\"valueName\":\"search_term_string\"}}],\"inLanguage\":\"lv-LV\"}]}<\/script>\n<!-- \/ Yoast SEO plugin. -->","yoast_head_json":{"title":"Kontaktinform\u0101cija | Tulkojums | Tulkot\u0101js | Eiropas Savien\u012bba","description":"ABC Translation: Kontakti | M\u0101jaslapu tulko\u0161ana | Ofici\u0101lo dokumentu tulko\u0161ana | Specializ\u0113tie tulkojumi | Eiropas Savien\u012bba","robots":{"index":"index","follow":"follow","max-snippet":"max-snippet:-1","max-image-preview":"max-image-preview:large","max-video-preview":"max-video-preview:-1"},"canonical":"https:\/\/abc-office.eu\/lv\/kontakti\/","og_locale":"lv_LV","og_type":"article","og_title":"Kontaktinform\u0101cija | Tulkojums | Tulkot\u0101js | Eiropas Savien\u012bba","og_description":"ABC Translation: Kontakti | M\u0101jaslapu tulko\u0161ana | Ofici\u0101lo dokumentu tulko\u0161ana | Specializ\u0113tie tulkojumi | Eiropas Savien\u012bba","og_url":"https:\/\/abc-office.eu\/lv\/kontakti\/","og_site_name":"ABC Translation","article_modified_time":"2025-10-28T06:02:07+00:00","og_image":[{"width":768,"height":512,"url":"https:\/\/abc-office.eu\/wp-content\/uploads\/2025\/10\/Flag_of_Europe-2-768x512-15.png","type":"image\/png"}],"twitter_card":"summary_large_image","twitter_misc":{"Est. reading time":"2 minutes"},"schema":{"@context":"https:\/\/schema.org","@graph":[{"@type":"WebPage","@id":"https:\/\/abc-office.eu\/lv\/kontakti\/","url":"https:\/\/abc-office.eu\/lv\/kontakti\/","name":"Kontaktinform\u0101cija | Tulkojums | Tulkot\u0101js | Eiropas Savien\u012bba","isPartOf":{"@id":"https:\/\/abc-office.eu\/lv\/#website"},"primaryImageOfPage":{"@id":"https:\/\/abc-office.eu\/lv\/kontakti\/#primaryimage"},"image":{"@id":"https:\/\/abc-office.eu\/lv\/kontakti\/#primaryimage"},"thumbnailUrl":"https:\/\/abc-office.eu\/wp-content\/uploads\/2025\/10\/Flag_of_Europe-2-768x512-15.png","datePublished":"2022-04-25T08:26:44+00:00","dateModified":"2025-10-28T06:02:07+00:00","description":"ABC Translation: Kontakti | M\u0101jaslapu tulko\u0161ana | Ofici\u0101lo dokumentu tulko\u0161ana | Specializ\u0113tie tulkojumi | Eiropas Savien\u012bba","breadcrumb":{"@id":"https:\/\/abc-office.eu\/lv\/kontakti\/#breadcrumb"},"inLanguage":"lv-LV","potentialAction":[{"@type":"ReadAction","target":["https:\/\/abc-office.eu\/lv\/kontakti\/"]}]},{"@type":"ImageObject","inLanguage":"lv-LV","@id":"https:\/\/abc-office.eu\/lv\/kontakti\/#primaryimage","url":"https:\/\/abc-office.eu\/wp-content\/uploads\/2025\/10\/Flag_of_Europe-2-768x512-15.png","contentUrl":"https:\/\/abc-office.eu\/wp-content\/uploads\/2025\/10\/Flag_of_Europe-2-768x512-15.png","width":768,"height":512},{"@type":"BreadcrumbList","@id":"https:\/\/abc-office.eu\/lv\/kontakti\/#breadcrumb","itemListElement":[{"@type":"ListItem","position":1,"name":"Accueil","item":"https:\/\/abc-office.eu\/lv\/"},{"@type":"ListItem","position":2,"name":"Kontakti"}]},{"@type":"WebSite","@id":"https:\/\/abc-office.eu\/lv\/#website","url":"https:\/\/abc-office.eu\/lv\/","name":"ABC Translation","description":"info@abc-office.eu","potentialAction":[{"@type":"SearchAction","target":{"@type":"EntryPoint","urlTemplate":"https:\/\/abc-office.eu\/lv\/?s={search_term_string}"},"query-input":{"@type":"PropertyValueSpecification","valueRequired":true,"valueName":"search_term_string"}}],"inLanguage":"lv-LV"}]}},"_links":{"self":[{"href":"https:\/\/abc-office.eu\/lv\/wp-json\/wp\/v2\/pages\/231914","targetHints":{"allow":["GET"]}}],"collection":[{"href":"https:\/\/abc-office.eu\/lv\/wp-json\/wp\/v2\/pages"}],"about":[{"href":"https:\/\/abc-office.eu\/lv\/wp-json\/wp\/v2\/types\/page"}],"author":[{"embeddable":true,"href":"https:\/\/abc-office.eu\/lv\/wp-json\/wp\/v2\/users\/1"}],"replies":[{"embeddable":true,"href":"https:\/\/abc-office.eu\/lv\/wp-json\/wp\/v2\/comments?post=231914"}],"version-history":[{"count":1,"href":"https:\/\/abc-office.eu\/lv\/wp-json\/wp\/v2\/pages\/231914\/revisions"}],"predecessor-version":[{"id":231949,"href":"https:\/\/abc-office.eu\/lv\/wp-json\/wp\/v2\/pages\/231914\/revisions\/231949"}],"wp:featuredmedia":[{"embeddable":true,"href":"https:\/\/abc-office.eu\/lv\/wp-json\/wp\/v2\/media\/231915"}],"wp:attachment":[{"href":"https:\/\/abc-office.eu\/lv\/wp-json\/wp\/v2\/media?parent=231914"}],"curies":[{"name":"wp","href":"https:\/\/api.w.org\/{rel}","templated":true}]}}