{"id":231885,"date":"2022-04-25T09:58:57","date_gmt":"2022-04-25T07:58:57","guid":{"rendered":"https:\/\/abc-office.eu\/?page_id=231885"},"modified":"2025-10-28T08:37:42","modified_gmt":"2025-10-28T07:37:42","slug":"tiesibas","status":"publish","type":"page","link":"https:\/\/abc-office.eu\/lv\/tiesibas\/","title":{"rendered":"Ties\u012bbas"},"content":{"rendered":"<div class=\"flex max-w-full flex-col grow\">\n<div class=\"min-h-8 text-message relative flex w-full flex-col items-end gap-2 text-start break-words whitespace-normal [.text-message+&amp;]:mt-1\" dir=\"auto\" data-message-author-role=\"assistant\" data-message-id=\"6626f766-f673-480f-b08c-984f2f2c3dab\" data-message-model-slug=\"gpt-5\">\n<div class=\"flex w-full flex-col gap-1 empty:hidden first:pt-[1px]\">\n<div class=\"markdown prose dark:prose-invert w-full break-words dark markdown-new-styling\">\n<h2 data-start=\"0\" data-end=\"14\"><strong data-start=\"0\" data-end=\"12\">Ties\u012bbas<\/strong><\/h2>\n<p style=\"text-align: justify;\" data-start=\"16\" data-end=\"301\">M\u016bsu uz\u0146\u0113mums ABC Translation specializ\u0113jas vair\u0101k\u0101s jom\u0101s, kas bie\u017ei ir saist\u012btas ar Eiropas Savien\u012bbas un starptautiskaj\u0101m ties\u012bb\u0101m. M\u0113s ikdien\u0101 sadarbojamies ar not\u0101riem, advok\u0101tiem un juristiem, lai apmierin\u0101tu visus j\u016bsu juridiskos vajadz\u012bbas vis\u0101 Eiropas Savien\u012bb\u0101 (ties\u012bbas).<\/p>\n<h3 data-start=\"303\" data-end=\"316\"><strong data-start=\"303\" data-end=\"314\">Not\u0101rs:<\/strong><\/h3>\n<p style=\"text-align: justify;\" data-start=\"318\" data-end=\"720\">M\u0113s sadarbojamies ar not\u0101ru, lai sniegtu konsult\u0101cijas un pied\u0101v\u0101tu kvalitat\u012bvus pakalpojumus visu j\u016bsu dokumentu sagatavo\u0161an\u0101 un legaliz\u0101cij\u0101. M\u0113s specializ\u0113jamies \u013coti specifisk\u0101s jom\u0101s, piem\u0113ram, \u0123imenes un zemes ties\u012bb\u0101s, \u012bpa\u0161uma p\u0101rvald\u012bb\u0101, uz\u0146\u0113mumu un komercties\u012bb\u0101s, k\u0101 ar\u012b liet\u0101s, kas saist\u012btas ar starptautiskiem vai p\u0101rrobe\u017eu klientiem, pilnvar\u0101m un autentifik\u0101ciju.<\/p>\n<h3 data-start=\"722\" data-end=\"744\"><strong data-start=\"722\" data-end=\"742\">Advok\u0101tu birojs:<\/strong><\/h3>\n<p style=\"text-align: justify;\" data-start=\"746\" data-end=\"1680\">M\u016bsu birojs apvieno juristus, kas ir str\u0101d\u0101ju\u0161i bank\u0101s, starptautiskos uz\u0146\u0113mumos, trasta sabiedr\u012bb\u0101s un juridiskajos birojos gan Eiropas Savien\u012bb\u0101, gan \u0101rpus t\u0101s. Vi\u0146i specializ\u0113jas \u0161\u0101d\u0101s jom\u0101s: darba ties\u012bbas, atlai\u0161ana, \u012bre, nodevas, p\u0101rskat\u012b\u0161ana, atva\u013cin\u0101jumi, izlik\u0161ana, iek\u0161\u0113jie un starptautiskie l\u012bgumi, dar\u012bjumi, izplat\u012b\u0161ana, p\u0101rdo\u0161ana, fran\u0161\u012bze, konkurence, uz\u0146\u0113mumi, \u012bpa\u0161uma p\u0101rvedumi, \u0123imenes ties\u012bbas, laul\u012bbas \u0161\u0137ir\u0161anas procesi, mantojumi, testamentu sast\u0101d\u012b\u0161ana, kop\u012bpa\u0161ums, sadale, l\u012bdzsvars, nekustamais \u012bpa\u0161ums, kop\u012bpa\u0161uma p\u0101rvald\u012bba, b\u016bvniec\u012bba, ekspert\u012bzes, apvieno\u0161an\u0101s un ieg\u0101des (M&amp;A), atbild\u012bbas garantija, krimin\u0101lties\u012bbas, komercties\u012bbas, viltojumi, kr\u0101p\u0161ana, bankas un aizdevumi, apdro\u0161in\u0101\u0161ana, piedzi\u0146a, izpilde, zaud\u0113jumu atl\u012bdz\u012bba, depoz\u012bti, \u012bpa\u0161uma aresti, pirm\u0101 piepras\u012bjuma garantijas, IT, internets, licences, profesion\u0101l\u0101 \u0113tika, gr\u016bt\u012bb\u0101s non\u0101ku\u0161i uz\u0146\u0113mumi, likvid\u0101cija un publisk\u0101s ties\u012bbas.<\/p>\n<h3 data-start=\"1682\" data-end=\"1712\"><strong data-start=\"1682\" data-end=\"1710\">Juridiskais konsultants:<\/strong><\/h3>\n<p style=\"text-align: justify;\" data-start=\"1714\" data-end=\"2179\">M\u016bsu juridiskie konsultanti tiek regul\u0101ri konsult\u0113ti par visiem ties\u012bbu jaut\u0101jumiem (komerci\u0101lajiem, nodok\u013cu, vides utt.). Profilaktisk\u0101 posm\u0101 vi\u0146i sniedz ieteikumus l\u012bgumu sagatavo\u0161an\u0101 un sarun\u0101s, savuk\u0101rt str\u012bdu gad\u012bjumos vi\u0146i sniedz juridisku pal\u012bdz\u012bbu un anal\u012bzi, pat ja vi\u0146i nep\u0101rst\u0101v klientus ties\u0101, jo nav advok\u0101tu kol\u0113\u0123ijas biedri. Vi\u0146i ar\u012b nodro\u0161ina uz\u0146\u0113muma l\u0113mumu tiesiskumu, piem\u0113ram, sagatavojot valdes s\u0113\u017eu dokument\u0101ciju.<\/p>\n<h3 data-start=\"2181\" data-end=\"2212\"><strong data-start=\"2181\" data-end=\"2210\">Juridisk\u0101s konsult\u0101cijas:<\/strong><\/h3>\n<p style=\"text-align: justify;\" data-start=\"2214\" data-end=\"2497\" data-is-last-node=\"\" data-is-only-node=\"\">M\u016bsu birojs pied\u0101v\u0101 juridiskas konsult\u0101cijas, kas sniedz iesp\u0113ju jebkurai personai, neatkar\u012bgi no ien\u0101kumiem, sa\u0146emt kvalific\u0113tu padomu un inform\u0101ciju. Konsult\u0101cijas sniedz advok\u0101ti un juridiskie konsultanti, t\u0101s ir anon\u012bmas, konfidenci\u0101las un pieejamas <a href=\"https:\/\/abc-office.eu\/lv\/\">ikvienam<\/a>.<\/p>\n<\/div>\n<\/div>\n<\/div>\n<\/div>\n<div><img loading=\"lazy\" decoding=\"async\" class=\"aligncenter wp-image-141\" src=\"https:\/\/abc-office.ch\/wp-content\/uploads\/2018\/06\/Droit11-300x225.jpg\" alt=\"Ties\u012bbas\" width=\"383\" height=\"287\" \/><\/div>\n","protected":false},"excerpt":{"rendered":"<p>Ties\u012bbas M\u016bsu uz\u0146\u0113mums ABC Translation specializ\u0113jas vair\u0101k\u0101s jom\u0101s, kas bie\u017ei ir saist\u012btas ar Eiropas Savien\u012bbas un starptautiskaj\u0101m ties\u012bb\u0101m. M\u0113s ikdien\u0101 sadarbojamies ar not\u0101riem, advok\u0101tiem un juristiem, lai apmierin\u0101tu visus j\u016bsu juridiskos vajadz\u012bbas vis\u0101 Eiropas Savien\u012bb\u0101 (ties\u012bbas). Not\u0101rs: M\u0113s sadarbojamies ar not\u0101ru, lai sniegtu konsult\u0101cijas un pied\u0101v\u0101tu kvalitat\u012bvus pakalpojumus visu j\u016bsu dokumentu sagatavo\u0161an\u0101 un legaliz\u0101cij\u0101. M\u0113s&#8230;<\/p>\n","protected":false},"author":1,"featured_media":231886,"parent":0,"menu_order":0,"comment_status":"closed","ping_status":"closed","template":"","meta":{"sfsi_plus_gutenberg_text_before_share":"","sfsi_plus_gutenberg_show_text_before_share":"","sfsi_plus_gutenberg_icon_type":"","sfsi_plus_gutenberg_icon_alignemt":"","sfsi_plus_gutenburg_max_per_row":"","footnotes":""},"class_list":["post-231885","page","type-page","status-publish","has-post-thumbnail","hentry"],"yoast_head":"<!-- This site is optimized with the Yoast SEO plugin v23.8 - https:\/\/yoast.com\/wordpress\/plugins\/seo\/ -->\n<title>Ties\u012bbas l ABC Translation l Not\u0101rs l Advok\u0101tu birojs l Juridiskais<\/title>\n<meta name=\"description\" content=\"ABC Translation l Ties\u012bbas l Not\u0101rs l Advok\u0101tu birojs l Juridiskais konsultants l Juridisk\u0101s konsult\u0101cijas l Eiropas Savien\u012bbas un\" \/>\n<meta name=\"robots\" content=\"index, follow, max-snippet:-1, max-image-preview:large, max-video-preview:-1\" \/>\n<link rel=\"canonical\" href=\"https:\/\/abc-office.eu\/lv\/tiesibas\/\" \/>\n<meta property=\"og:locale\" content=\"lv_LV\" \/>\n<meta property=\"og:type\" content=\"article\" \/>\n<meta property=\"og:title\" content=\"Ties\u012bbas l ABC Translation l Not\u0101rs l Advok\u0101tu birojs l Juridiskais\" \/>\n<meta property=\"og:description\" content=\"ABC Translation l Ties\u012bbas l Not\u0101rs l Advok\u0101tu birojs l Juridiskais konsultants l Juridisk\u0101s konsult\u0101cijas l Eiropas Savien\u012bbas un\" \/>\n<meta property=\"og:url\" content=\"https:\/\/abc-office.eu\/lv\/tiesibas\/\" \/>\n<meta property=\"og:site_name\" content=\"ABC Translation\" \/>\n<meta property=\"article:modified_time\" content=\"2025-10-28T07:37:42+00:00\" \/>\n<meta property=\"og:image\" content=\"https:\/\/abc-office.eu\/wp-content\/uploads\/2025\/10\/Droit1-768x432-15.jpg\" \/>\n\t<meta property=\"og:image:width\" content=\"768\" \/>\n\t<meta property=\"og:image:height\" content=\"432\" \/>\n\t<meta property=\"og:image:type\" content=\"image\/jpeg\" \/>\n<meta name=\"twitter:card\" content=\"summary_large_image\" \/>\n<meta name=\"twitter:label1\" content=\"Est. reading time\" \/>\n\t<meta name=\"twitter:data1\" content=\"2 minutes\" \/>\n<script type=\"application\/ld+json\" class=\"yoast-schema-graph\">{\"@context\":\"https:\/\/schema.org\",\"@graph\":[{\"@type\":\"WebPage\",\"@id\":\"https:\/\/abc-office.eu\/lv\/tiesibas\/\",\"url\":\"https:\/\/abc-office.eu\/lv\/tiesibas\/\",\"name\":\"Ties\u012bbas l ABC Translation l Not\u0101rs l Advok\u0101tu birojs l Juridiskais\",\"isPartOf\":{\"@id\":\"https:\/\/abc-office.eu\/lv\/#website\"},\"primaryImageOfPage\":{\"@id\":\"https:\/\/abc-office.eu\/lv\/tiesibas\/#primaryimage\"},\"image\":{\"@id\":\"https:\/\/abc-office.eu\/lv\/tiesibas\/#primaryimage\"},\"thumbnailUrl\":\"https:\/\/abc-office.eu\/wp-content\/uploads\/2025\/10\/Droit1-768x432-15.jpg\",\"datePublished\":\"2022-04-25T07:58:57+00:00\",\"dateModified\":\"2025-10-28T07:37:42+00:00\",\"description\":\"ABC Translation l Ties\u012bbas l Not\u0101rs l Advok\u0101tu birojs l Juridiskais konsultants l Juridisk\u0101s konsult\u0101cijas l Eiropas Savien\u012bbas un\",\"breadcrumb\":{\"@id\":\"https:\/\/abc-office.eu\/lv\/tiesibas\/#breadcrumb\"},\"inLanguage\":\"lv-LV\",\"potentialAction\":[{\"@type\":\"ReadAction\",\"target\":[\"https:\/\/abc-office.eu\/lv\/tiesibas\/\"]}]},{\"@type\":\"ImageObject\",\"inLanguage\":\"lv-LV\",\"@id\":\"https:\/\/abc-office.eu\/lv\/tiesibas\/#primaryimage\",\"url\":\"https:\/\/abc-office.eu\/wp-content\/uploads\/2025\/10\/Droit1-768x432-15.jpg\",\"contentUrl\":\"https:\/\/abc-office.eu\/wp-content\/uploads\/2025\/10\/Droit1-768x432-15.jpg\",\"width\":768,\"height\":432},{\"@type\":\"BreadcrumbList\",\"@id\":\"https:\/\/abc-office.eu\/lv\/tiesibas\/#breadcrumb\",\"itemListElement\":[{\"@type\":\"ListItem\",\"position\":1,\"name\":\"Accueil\",\"item\":\"https:\/\/abc-office.eu\/lv\/\"},{\"@type\":\"ListItem\",\"position\":2,\"name\":\"Ties\u012bbas\"}]},{\"@type\":\"WebSite\",\"@id\":\"https:\/\/abc-office.eu\/lv\/#website\",\"url\":\"https:\/\/abc-office.eu\/lv\/\",\"name\":\"ABC Translation\",\"description\":\"info@abc-office.eu\",\"potentialAction\":[{\"@type\":\"SearchAction\",\"target\":{\"@type\":\"EntryPoint\",\"urlTemplate\":\"https:\/\/abc-office.eu\/lv\/?s={search_term_string}\"},\"query-input\":{\"@type\":\"PropertyValueSpecification\",\"valueRequired\":true,\"valueName\":\"search_term_string\"}}],\"inLanguage\":\"lv-LV\"}]}<\/script>\n<!-- \/ Yoast SEO plugin. -->","yoast_head_json":{"title":"Ties\u012bbas l ABC Translation l Not\u0101rs l Advok\u0101tu birojs l Juridiskais","description":"ABC Translation l Ties\u012bbas l Not\u0101rs l Advok\u0101tu birojs l Juridiskais konsultants l Juridisk\u0101s konsult\u0101cijas l Eiropas Savien\u012bbas un","robots":{"index":"index","follow":"follow","max-snippet":"max-snippet:-1","max-image-preview":"max-image-preview:large","max-video-preview":"max-video-preview:-1"},"canonical":"https:\/\/abc-office.eu\/lv\/tiesibas\/","og_locale":"lv_LV","og_type":"article","og_title":"Ties\u012bbas l ABC Translation l Not\u0101rs l Advok\u0101tu birojs l Juridiskais","og_description":"ABC Translation l Ties\u012bbas l Not\u0101rs l Advok\u0101tu birojs l Juridiskais konsultants l Juridisk\u0101s konsult\u0101cijas l Eiropas Savien\u012bbas un","og_url":"https:\/\/abc-office.eu\/lv\/tiesibas\/","og_site_name":"ABC Translation","article_modified_time":"2025-10-28T07:37:42+00:00","og_image":[{"width":768,"height":432,"url":"https:\/\/abc-office.eu\/wp-content\/uploads\/2025\/10\/Droit1-768x432-15.jpg","type":"image\/jpeg"}],"twitter_card":"summary_large_image","twitter_misc":{"Est. reading time":"2 minutes"},"schema":{"@context":"https:\/\/schema.org","@graph":[{"@type":"WebPage","@id":"https:\/\/abc-office.eu\/lv\/tiesibas\/","url":"https:\/\/abc-office.eu\/lv\/tiesibas\/","name":"Ties\u012bbas l ABC Translation l Not\u0101rs l Advok\u0101tu birojs l Juridiskais","isPartOf":{"@id":"https:\/\/abc-office.eu\/lv\/#website"},"primaryImageOfPage":{"@id":"https:\/\/abc-office.eu\/lv\/tiesibas\/#primaryimage"},"image":{"@id":"https:\/\/abc-office.eu\/lv\/tiesibas\/#primaryimage"},"thumbnailUrl":"https:\/\/abc-office.eu\/wp-content\/uploads\/2025\/10\/Droit1-768x432-15.jpg","datePublished":"2022-04-25T07:58:57+00:00","dateModified":"2025-10-28T07:37:42+00:00","description":"ABC Translation l Ties\u012bbas l Not\u0101rs l Advok\u0101tu birojs l Juridiskais konsultants l Juridisk\u0101s konsult\u0101cijas l Eiropas Savien\u012bbas un","breadcrumb":{"@id":"https:\/\/abc-office.eu\/lv\/tiesibas\/#breadcrumb"},"inLanguage":"lv-LV","potentialAction":[{"@type":"ReadAction","target":["https:\/\/abc-office.eu\/lv\/tiesibas\/"]}]},{"@type":"ImageObject","inLanguage":"lv-LV","@id":"https:\/\/abc-office.eu\/lv\/tiesibas\/#primaryimage","url":"https:\/\/abc-office.eu\/wp-content\/uploads\/2025\/10\/Droit1-768x432-15.jpg","contentUrl":"https:\/\/abc-office.eu\/wp-content\/uploads\/2025\/10\/Droit1-768x432-15.jpg","width":768,"height":432},{"@type":"BreadcrumbList","@id":"https:\/\/abc-office.eu\/lv\/tiesibas\/#breadcrumb","itemListElement":[{"@type":"ListItem","position":1,"name":"Accueil","item":"https:\/\/abc-office.eu\/lv\/"},{"@type":"ListItem","position":2,"name":"Ties\u012bbas"}]},{"@type":"WebSite","@id":"https:\/\/abc-office.eu\/lv\/#website","url":"https:\/\/abc-office.eu\/lv\/","name":"ABC Translation","description":"info@abc-office.eu","potentialAction":[{"@type":"SearchAction","target":{"@type":"EntryPoint","urlTemplate":"https:\/\/abc-office.eu\/lv\/?s={search_term_string}"},"query-input":{"@type":"PropertyValueSpecification","valueRequired":true,"valueName":"search_term_string"}}],"inLanguage":"lv-LV"}]}},"_links":{"self":[{"href":"https:\/\/abc-office.eu\/lv\/wp-json\/wp\/v2\/pages\/231885","targetHints":{"allow":["GET"]}}],"collection":[{"href":"https:\/\/abc-office.eu\/lv\/wp-json\/wp\/v2\/pages"}],"about":[{"href":"https:\/\/abc-office.eu\/lv\/wp-json\/wp\/v2\/types\/page"}],"author":[{"embeddable":true,"href":"https:\/\/abc-office.eu\/lv\/wp-json\/wp\/v2\/users\/1"}],"replies":[{"embeddable":true,"href":"https:\/\/abc-office.eu\/lv\/wp-json\/wp\/v2\/comments?post=231885"}],"version-history":[{"count":1,"href":"https:\/\/abc-office.eu\/lv\/wp-json\/wp\/v2\/pages\/231885\/revisions"}],"predecessor-version":[{"id":231913,"href":"https:\/\/abc-office.eu\/lv\/wp-json\/wp\/v2\/pages\/231885\/revisions\/231913"}],"wp:featuredmedia":[{"embeddable":true,"href":"https:\/\/abc-office.eu\/lv\/wp-json\/wp\/v2\/media\/231886"}],"wp:attachment":[{"href":"https:\/\/abc-office.eu\/lv\/wp-json\/wp\/v2\/media?parent=231885"}],"curies":[{"name":"wp","href":"https:\/\/api.w.org\/{rel}","templated":true}]}}