{"id":231856,"date":"2017-02-16T09:16:01","date_gmt":"2017-02-16T08:16:01","guid":{"rendered":"https:\/\/abc-office.eu\/?page_id=231856"},"modified":"2025-10-28T08:36:36","modified_gmt":"2025-10-28T07:36:36","slug":"nekustamais-ipasums","status":"publish","type":"page","link":"https:\/\/abc-office.eu\/lv\/nekustamais-ipasums\/","title":{"rendered":"Nekustamais \u012bpa\u0161ums"},"content":{"rendered":"<div class=\"flex max-w-full flex-col grow\">\n<div class=\"min-h-8 text-message relative flex w-full flex-col items-end gap-2 text-start break-words whitespace-normal [.text-message+&amp;]:mt-1\" dir=\"auto\" data-message-author-role=\"assistant\" data-message-id=\"590b9fc7-e876-41bc-93a0-69ea374de7af\" data-message-model-slug=\"gpt-5\">\n<div class=\"flex w-full flex-col gap-1 empty:hidden first:pt-[1px]\">\n<div class=\"markdown prose dark:prose-invert w-full break-words dark markdown-new-styling\">\n<h2 data-start=\"0\" data-end=\"25\"><strong data-start=\"0\" data-end=\"23\">Nekustamais \u012bpa\u0161ums<\/strong><\/h2>\n<p style=\"text-align: justify;\" data-start=\"27\" data-end=\"459\">M\u016bsu nekustam\u0101 \u012bpa\u0161uma a\u0123ent\u016bra ABC Translation s\u0101ka savu darb\u012bbu 2017. gad\u0101, ieg\u0101d\u0101joties 5,5 istabu dz\u012bvokli \u0160veic\u0113, lai to p\u0101rv\u0113rstu par starptautisku studentu rezidenci. \u0145emot v\u0113r\u0101 tuvum\u0101 eso\u0161o Lozannas Universit\u0101ti un EPFL, rezidence k\u013cuva par pan\u0101kumu st\u0101stu jau kop\u0161 t\u0101s atv\u0113r\u0161anas 2017. gada septembr\u012b. Visas \u010detras istabas tika iz\u012br\u0113tas da\u017eu dienu laik\u0101, un t\u0101 rad\u0101s m\u016bsu nekustam\u0101 \u012bpa\u0161uma noda\u013ca.<\/p>\n<p style=\"text-align: justify;\" data-start=\"461\" data-end=\"651\">Kop\u0161 \u0161\u012bs pirm\u0101s pieredzes m\u0113s esam turpin\u0101ju\u0161i att\u012bst\u012bties, un tagad varam pied\u0101v\u0101t \u012bpa\u0161umu pirk\u0161anas, p\u0101rdo\u0161anas, iz\u012br\u0113\u0161anas un p\u0101rvald\u012bbas pakalpojumus gan \u0160veic\u0113, gan \u0101rvalst\u012bs.<\/p>\n<h3 data-start=\"653\" data-end=\"668\"><strong data-start=\"653\" data-end=\"666\">Pirk\u0161ana:<\/strong><\/h3>\n<p style=\"text-align: justify;\" data-start=\"670\" data-end=\"1075\">Nekustam\u0101 \u012bpa\u0161uma ieg\u0101de ir \u013coti noz\u012bm\u012bgs l\u0113mums, kas ietekm\u0113s j\u016bsu n\u0101kotni vair\u0101ku gadu garum\u0101. \u0160\u0101du soli nedr\u012bkst spert vieglpr\u0101t\u012bgi. T\u0101p\u0113c ir b\u016btiski izv\u0113l\u0113ties pareizo partneri, kas sp\u0113s j\u016bs konsult\u0113t par svar\u012bgiem aspektiem, piem\u0113ram, \u012bpa\u0161uma st\u0101vokli, hipotek\u0101ro kred\u012btu apr\u0113\u0137inu un ieguld\u012bjuma ilgtermi\u0146a dz\u012bvotsp\u0113ju. R\u016bp\u012bga situ\u0101cijas anal\u012bze garant\u0113s dro\u0161u un veiksm\u012bgu pirkumu.<\/p>\n<h3 data-start=\"1077\" data-end=\"1093\"><strong data-start=\"1077\" data-end=\"1091\">P\u0101rdo\u0161ana:<\/strong><\/h3>\n<p style=\"text-align: justify;\" data-start=\"1095\" data-end=\"1579\">\u0160veices nekustam\u0101 \u012bpa\u0161uma tirgus turpina att\u012bst\u012bties, un cenas past\u0101v\u012bgi pieaug. Esam sasniegu\u0161i iz\u0161\u0137iro\u0161u br\u012bdi, kad pied\u0101v\u0101jums p\u0101rsniedz piepras\u012bjumu, kas noz\u012bm\u0113, ka \u012bpa\u0161uma p\u0101rdo\u0161ana k\u013cuvusi sare\u017e\u0123\u012bt\u0101ka, \u0146emot v\u0113r\u0101 lielo m\u0101jok\u013cu daudzumu tirg\u016b. Uzticoties ekspertiem, j\u016bs palielin\u0101t savas iesp\u0113jas p\u0101rdot \u012bpa\u0161umu \u012bs\u0101k\u0101 laik\u0101 un par v\u0113lamo cenu. Izmantojiet m\u016bsu pla\u0161o kontaktu t\u012bklu \u0160veic\u0113 un starptautiski, lai paaugstin\u0101tu savas izredzes uz pan\u0101kumiem.<\/p>\n<h3 data-start=\"1581\" data-end=\"1591\"><strong data-start=\"1581\" data-end=\"1589\">\u012are:<\/strong><\/h3>\n<p style=\"text-align: justify;\" data-start=\"1593\" data-end=\"2038\">\u012apa\u0161uma iz\u012br\u0113\u0161ana var \u0161\u0137ist vienk\u0101r\u0161a, ta\u010du ir vair\u0101ki slazdi, no kuriem j\u0101izvair\u0101s, ja v\u0113laties iz\u012br\u0113t savu dz\u012bvokli, m\u0101ju vai pat istabu. Pirms var apsv\u0113rt iesp\u0113jamo \u012brnieku, j\u0101izveido piln\u012bgs dokumentu kopums, piem\u0113ram, izraksts no tiesved\u012bb\u0101m un p\u0113d\u0113jie tr\u012bs algas maks\u0101jumu izraksti. P\u0113c tam dro\u0161\u012bbas depoz\u012bts ir j\u0101samaks\u0101 ar bankas p\u0101rskait\u012bjumu vai izmantojot \u012bres garantiju ar apdro\u0161in\u0101\u0161anas sabiedr\u012bbu.<\/p>\n<h3 data-start=\"2040\" data-end=\"2061\"><strong data-start=\"2040\" data-end=\"2059\">Studentu m\u012btne:<\/strong><\/h3>\n<p style=\"text-align: justify;\" data-start=\"2063\" data-end=\"2386\">Mums ir pieejamas vair\u0101kas studentu dz\u012bvesvietas gan \u012bslaic\u012bgai, gan ilgtermi\u0146a \u012brei. Liel\u0101k\u0101 da\u013ca m\u016bsu naktsm\u012bt\u0146u atrodas net\u0101lu no Lozannas Universit\u0101tes, EPFL, ECAL un EHL. Vispiepras\u012bt\u0101k\u0101s ir kopm\u012btnes un studijas tipa dz\u012bvok\u013ci. Lai nodro\u0161in\u0101tu sev vietu studiju s\u0101kum\u0101, ieteicams rezerv\u0113t laikus.<\/p>\n<h3 data-start=\"2388\" data-end=\"2435\"><strong data-start=\"2388\" data-end=\"2433\">Dz\u012bvok\u013cu mekl\u0113t\u0101js (nekustamais \u012bpa\u0161ums):<\/strong><\/h3>\n<p style=\"text-align: justify;\" data-start=\"2437\" data-end=\"2766\">Vai jums ir gr\u016bt\u012bbas atrast dz\u012bvesvietu p\u0113c saviem krit\u0113rijiem vai probl\u0113mas ar \u012bres dz\u012bvok\u013ca atra\u0161anu? M\u016bsu dz\u012bvok\u013cu mekl\u0113t\u0101ji ir j\u016bsu r\u012bc\u012bb\u0101, lai pal\u012bdz\u0113tu atrast \u012bpa\u0161umu p\u0113c iesp\u0113jas \u0101tr\u0101k. Pateicoties m\u016bsu t\u012bklam un profesionalit\u0101tei, m\u0113s jums atrad\u012bsim piem\u0113rotu m\u0101jokli atbilsto\u0161i j\u016bsu v\u0113lm\u0113m un iesp\u0113j\u0101m.<\/p>\n<h3 data-start=\"2768\" data-end=\"2819\"><strong data-start=\"2768\" data-end=\"2817\">M\u0101jas sagatavo\u0161ana p\u0101rdo\u0161anai (Home Staging):<\/strong><\/h3>\n<p style=\"text-align: justify;\" data-start=\"2821\" data-end=\"3170\">Vai jums ir gr\u016bt\u012bbas p\u0101rdot savu \u012bpa\u0161umu? \u0160\u0101d\u0101 gad\u012bjum\u0101 varat izmantot m\u016bsu Home Staging komandas pakalpojumus, kas specializ\u0113jas dz\u012bvok\u013cu un m\u0101ju vizu\u0101laj\u0101 uzlabo\u0161an\u0101, lai veicin\u0101tu p\u0101rdo\u0161anu. \u0160\u012b metode ir pier\u0101d\u012bjusi savu efektivit\u0101ti \u012bpa\u0161umiem, kuriem nepiecie\u0161ami nelieli uzlabojumi vai \u0101tra renov\u0101cija, lai rad\u012btu at\u0161\u0137ir\u012bbu tirg\u016b.<\/p>\n<h3 data-start=\"3172\" data-end=\"3204\"><strong data-start=\"3172\" data-end=\"3202\">\u012apa\u0161uma cenas nov\u0113rt\u0113jums:<\/strong><\/h3>\n<p style=\"text-align: justify;\" data-start=\"3206\" data-end=\"3491\" data-is-last-node=\"\" data-is-only-node=\"\">Pareizs \u012bpa\u0161uma nov\u0113rt\u0113jums atbilsto\u0161i tirgus cenai ir iz\u0161\u0137iro\u0161s faktors veiksm\u012bgai un taisn\u012bgai p\u0101rdo\u0161anai. Balstoties uz t\u0101diem krit\u0113rijiem k\u0101 celtniec\u012bbas gads un atra\u0161an\u0101s vieta, m\u0113s varam prec\u012bzi nov\u0113rt\u0113t j\u016bsu \u012bpa\u0161uma re\u0101lo v\u0113rt\u012bbu eso\u0161aj\u0101 nekustam\u0101 \u012bpa\u0161uma <a href=\"https:\/\/abc-office.eu\/lv\/\">tirg\u016b<\/a>.<\/p>\n<p data-start=\"3206\" data-end=\"3491\" data-is-last-node=\"\" data-is-only-node=\"\"><a href=\"https:\/\/www.instagram.com\/dr_immo\/?hl=fr\"><img loading=\"lazy\" decoding=\"async\" class=\"aligncenter wp-image-109\" src=\"https:\/\/abc-office.ch\/wp-content\/uploads\/2018\/06\/Dr_Immo.jpg\" alt=\"Nekustamais \u012bpa\u0161ums\" width=\"222\" height=\"222\" \/><\/a><\/p>\n<\/div>\n<\/div>\n<\/div>\n<\/div>\n<div class=\"z-0 flex min-h-[46px] justify-start\"><\/div>\n","protected":false},"excerpt":{"rendered":"<p>Nekustamais \u012bpa\u0161ums M\u016bsu nekustam\u0101 \u012bpa\u0161uma a\u0123ent\u016bra ABC Translation s\u0101ka savu darb\u012bbu 2017. gad\u0101, ieg\u0101d\u0101joties 5,5 istabu dz\u012bvokli \u0160veic\u0113, lai to p\u0101rv\u0113rstu par starptautisku studentu rezidenci. \u0145emot v\u0113r\u0101 tuvum\u0101 eso\u0161o Lozannas Universit\u0101ti un EPFL, rezidence k\u013cuva par pan\u0101kumu st\u0101stu jau kop\u0161 t\u0101s atv\u0113r\u0161anas 2017. gada septembr\u012b. Visas \u010detras istabas tika iz\u012br\u0113tas da\u017eu dienu laik\u0101, un t\u0101&#8230;<\/p>\n","protected":false},"author":1,"featured_media":231857,"parent":0,"menu_order":0,"comment_status":"closed","ping_status":"closed","template":"","meta":{"sfsi_plus_gutenberg_text_before_share":"","sfsi_plus_gutenberg_show_text_before_share":"","sfsi_plus_gutenberg_icon_type":"","sfsi_plus_gutenberg_icon_alignemt":"","sfsi_plus_gutenburg_max_per_row":"","footnotes":""},"class_list":["post-231856","page","type-page","status-publish","has-post-thumbnail","hentry"],"yoast_head":"<!-- This site is optimized with the Yoast SEO plugin v23.8 - https:\/\/yoast.com\/wordpress\/plugins\/seo\/ -->\n<title>Nekustamais \u012bpa\u0161ums l ABC Translation l Pirkt l P\u0101rdot l Iz\u012br\u0113t<\/title>\n<meta name=\"description\" content=\"ABC Translation l Nekustamais \u012bpa\u0161ums l Pirkt l P\u0101rdot l Iz\u012br\u0113t l \u012ar\u0113t l Studentu naktsm\u012btnes l Home Staging l Nekustam\u0101 \u012bpa\u0161uma a\u0123ent\u016bra\" \/>\n<meta name=\"robots\" content=\"index, follow, max-snippet:-1, max-image-preview:large, max-video-preview:-1\" \/>\n<link rel=\"canonical\" href=\"https:\/\/abc-office.eu\/lv\/nekustamais-ipasums\/\" \/>\n<meta property=\"og:locale\" content=\"lv_LV\" \/>\n<meta property=\"og:type\" content=\"article\" \/>\n<meta property=\"og:title\" content=\"Nekustamais \u012bpa\u0161ums l ABC Translation l Pirkt l P\u0101rdot l Iz\u012br\u0113t\" \/>\n<meta property=\"og:description\" content=\"ABC Translation l Nekustamais \u012bpa\u0161ums l Pirkt l P\u0101rdot l Iz\u012br\u0113t l \u012ar\u0113t l Studentu naktsm\u012btnes l Home Staging l Nekustam\u0101 \u012bpa\u0161uma a\u0123ent\u016bra\" \/>\n<meta property=\"og:url\" content=\"https:\/\/abc-office.eu\/lv\/nekustamais-ipasums\/\" \/>\n<meta property=\"og:site_name\" content=\"ABC Translation\" \/>\n<meta property=\"article:modified_time\" content=\"2025-10-28T07:36:36+00:00\" \/>\n<meta property=\"og:image\" content=\"https:\/\/abc-office.eu\/wp-content\/uploads\/2025\/10\/Immo-768x513-15.jpg\" \/>\n\t<meta property=\"og:image:width\" content=\"768\" \/>\n\t<meta property=\"og:image:height\" content=\"513\" \/>\n\t<meta property=\"og:image:type\" content=\"image\/jpeg\" \/>\n<meta name=\"twitter:card\" content=\"summary_large_image\" \/>\n<meta name=\"twitter:label1\" content=\"Est. reading time\" \/>\n\t<meta name=\"twitter:data1\" content=\"3 minutes\" \/>\n<script type=\"application\/ld+json\" class=\"yoast-schema-graph\">{\"@context\":\"https:\/\/schema.org\",\"@graph\":[{\"@type\":\"WebPage\",\"@id\":\"https:\/\/abc-office.eu\/lv\/nekustamais-ipasums\/\",\"url\":\"https:\/\/abc-office.eu\/lv\/nekustamais-ipasums\/\",\"name\":\"Nekustamais \u012bpa\u0161ums l ABC Translation l Pirkt l P\u0101rdot l Iz\u012br\u0113t\",\"isPartOf\":{\"@id\":\"https:\/\/abc-office.eu\/lv\/#website\"},\"primaryImageOfPage\":{\"@id\":\"https:\/\/abc-office.eu\/lv\/nekustamais-ipasums\/#primaryimage\"},\"image\":{\"@id\":\"https:\/\/abc-office.eu\/lv\/nekustamais-ipasums\/#primaryimage\"},\"thumbnailUrl\":\"https:\/\/abc-office.eu\/wp-content\/uploads\/2025\/10\/Immo-768x513-15.jpg\",\"datePublished\":\"2017-02-16T08:16:01+00:00\",\"dateModified\":\"2025-10-28T07:36:36+00:00\",\"description\":\"ABC Translation l Nekustamais \u012bpa\u0161ums l Pirkt l P\u0101rdot l Iz\u012br\u0113t l \u012ar\u0113t l Studentu naktsm\u012btnes l Home Staging l Nekustam\u0101 \u012bpa\u0161uma a\u0123ent\u016bra\",\"breadcrumb\":{\"@id\":\"https:\/\/abc-office.eu\/lv\/nekustamais-ipasums\/#breadcrumb\"},\"inLanguage\":\"lv-LV\",\"potentialAction\":[{\"@type\":\"ReadAction\",\"target\":[\"https:\/\/abc-office.eu\/lv\/nekustamais-ipasums\/\"]}]},{\"@type\":\"ImageObject\",\"inLanguage\":\"lv-LV\",\"@id\":\"https:\/\/abc-office.eu\/lv\/nekustamais-ipasums\/#primaryimage\",\"url\":\"https:\/\/abc-office.eu\/wp-content\/uploads\/2025\/10\/Immo-768x513-15.jpg\",\"contentUrl\":\"https:\/\/abc-office.eu\/wp-content\/uploads\/2025\/10\/Immo-768x513-15.jpg\",\"width\":768,\"height\":513},{\"@type\":\"BreadcrumbList\",\"@id\":\"https:\/\/abc-office.eu\/lv\/nekustamais-ipasums\/#breadcrumb\",\"itemListElement\":[{\"@type\":\"ListItem\",\"position\":1,\"name\":\"Accueil\",\"item\":\"https:\/\/abc-office.eu\/lv\/\"},{\"@type\":\"ListItem\",\"position\":2,\"name\":\"Nekustamais \u012bpa\u0161ums\"}]},{\"@type\":\"WebSite\",\"@id\":\"https:\/\/abc-office.eu\/lv\/#website\",\"url\":\"https:\/\/abc-office.eu\/lv\/\",\"name\":\"ABC Translation\",\"description\":\"info@abc-office.eu\",\"potentialAction\":[{\"@type\":\"SearchAction\",\"target\":{\"@type\":\"EntryPoint\",\"urlTemplate\":\"https:\/\/abc-office.eu\/lv\/?s={search_term_string}\"},\"query-input\":{\"@type\":\"PropertyValueSpecification\",\"valueRequired\":true,\"valueName\":\"search_term_string\"}}],\"inLanguage\":\"lv-LV\"}]}<\/script>\n<!-- \/ Yoast SEO plugin. -->","yoast_head_json":{"title":"Nekustamais \u012bpa\u0161ums l ABC Translation l Pirkt l P\u0101rdot l Iz\u012br\u0113t","description":"ABC Translation l Nekustamais \u012bpa\u0161ums l Pirkt l P\u0101rdot l Iz\u012br\u0113t l \u012ar\u0113t l Studentu naktsm\u012btnes l Home Staging l Nekustam\u0101 \u012bpa\u0161uma a\u0123ent\u016bra","robots":{"index":"index","follow":"follow","max-snippet":"max-snippet:-1","max-image-preview":"max-image-preview:large","max-video-preview":"max-video-preview:-1"},"canonical":"https:\/\/abc-office.eu\/lv\/nekustamais-ipasums\/","og_locale":"lv_LV","og_type":"article","og_title":"Nekustamais \u012bpa\u0161ums l ABC Translation l Pirkt l P\u0101rdot l Iz\u012br\u0113t","og_description":"ABC Translation l Nekustamais \u012bpa\u0161ums l Pirkt l P\u0101rdot l Iz\u012br\u0113t l \u012ar\u0113t l Studentu naktsm\u012btnes l Home Staging l Nekustam\u0101 \u012bpa\u0161uma a\u0123ent\u016bra","og_url":"https:\/\/abc-office.eu\/lv\/nekustamais-ipasums\/","og_site_name":"ABC Translation","article_modified_time":"2025-10-28T07:36:36+00:00","og_image":[{"width":768,"height":513,"url":"https:\/\/abc-office.eu\/wp-content\/uploads\/2025\/10\/Immo-768x513-15.jpg","type":"image\/jpeg"}],"twitter_card":"summary_large_image","twitter_misc":{"Est. reading time":"3 minutes"},"schema":{"@context":"https:\/\/schema.org","@graph":[{"@type":"WebPage","@id":"https:\/\/abc-office.eu\/lv\/nekustamais-ipasums\/","url":"https:\/\/abc-office.eu\/lv\/nekustamais-ipasums\/","name":"Nekustamais \u012bpa\u0161ums l ABC Translation l Pirkt l P\u0101rdot l Iz\u012br\u0113t","isPartOf":{"@id":"https:\/\/abc-office.eu\/lv\/#website"},"primaryImageOfPage":{"@id":"https:\/\/abc-office.eu\/lv\/nekustamais-ipasums\/#primaryimage"},"image":{"@id":"https:\/\/abc-office.eu\/lv\/nekustamais-ipasums\/#primaryimage"},"thumbnailUrl":"https:\/\/abc-office.eu\/wp-content\/uploads\/2025\/10\/Immo-768x513-15.jpg","datePublished":"2017-02-16T08:16:01+00:00","dateModified":"2025-10-28T07:36:36+00:00","description":"ABC Translation l Nekustamais \u012bpa\u0161ums l Pirkt l P\u0101rdot l Iz\u012br\u0113t l \u012ar\u0113t l Studentu naktsm\u012btnes l Home Staging l Nekustam\u0101 \u012bpa\u0161uma a\u0123ent\u016bra","breadcrumb":{"@id":"https:\/\/abc-office.eu\/lv\/nekustamais-ipasums\/#breadcrumb"},"inLanguage":"lv-LV","potentialAction":[{"@type":"ReadAction","target":["https:\/\/abc-office.eu\/lv\/nekustamais-ipasums\/"]}]},{"@type":"ImageObject","inLanguage":"lv-LV","@id":"https:\/\/abc-office.eu\/lv\/nekustamais-ipasums\/#primaryimage","url":"https:\/\/abc-office.eu\/wp-content\/uploads\/2025\/10\/Immo-768x513-15.jpg","contentUrl":"https:\/\/abc-office.eu\/wp-content\/uploads\/2025\/10\/Immo-768x513-15.jpg","width":768,"height":513},{"@type":"BreadcrumbList","@id":"https:\/\/abc-office.eu\/lv\/nekustamais-ipasums\/#breadcrumb","itemListElement":[{"@type":"ListItem","position":1,"name":"Accueil","item":"https:\/\/abc-office.eu\/lv\/"},{"@type":"ListItem","position":2,"name":"Nekustamais \u012bpa\u0161ums"}]},{"@type":"WebSite","@id":"https:\/\/abc-office.eu\/lv\/#website","url":"https:\/\/abc-office.eu\/lv\/","name":"ABC Translation","description":"info@abc-office.eu","potentialAction":[{"@type":"SearchAction","target":{"@type":"EntryPoint","urlTemplate":"https:\/\/abc-office.eu\/lv\/?s={search_term_string}"},"query-input":{"@type":"PropertyValueSpecification","valueRequired":true,"valueName":"search_term_string"}}],"inLanguage":"lv-LV"}]}},"_links":{"self":[{"href":"https:\/\/abc-office.eu\/lv\/wp-json\/wp\/v2\/pages\/231856","targetHints":{"allow":["GET"]}}],"collection":[{"href":"https:\/\/abc-office.eu\/lv\/wp-json\/wp\/v2\/pages"}],"about":[{"href":"https:\/\/abc-office.eu\/lv\/wp-json\/wp\/v2\/types\/page"}],"author":[{"embeddable":true,"href":"https:\/\/abc-office.eu\/lv\/wp-json\/wp\/v2\/users\/1"}],"replies":[{"embeddable":true,"href":"https:\/\/abc-office.eu\/lv\/wp-json\/wp\/v2\/comments?post=231856"}],"version-history":[{"count":1,"href":"https:\/\/abc-office.eu\/lv\/wp-json\/wp\/v2\/pages\/231856\/revisions"}],"predecessor-version":[{"id":231884,"href":"https:\/\/abc-office.eu\/lv\/wp-json\/wp\/v2\/pages\/231856\/revisions\/231884"}],"wp:featuredmedia":[{"embeddable":true,"href":"https:\/\/abc-office.eu\/lv\/wp-json\/wp\/v2\/media\/231857"}],"wp:attachment":[{"href":"https:\/\/abc-office.eu\/lv\/wp-json\/wp\/v2\/media?parent=231856"}],"curies":[{"name":"wp","href":"https:\/\/api.w.org\/{rel}","templated":true}]}}