{"id":231798,"date":"2017-02-16T09:17:00","date_gmt":"2017-02-16T08:17:00","guid":{"rendered":"https:\/\/abc-office.eu\/?page_id=231798"},"modified":"2025-10-28T08:34:21","modified_gmt":"2025-10-28T07:34:21","slug":"tulkosana","status":"publish","type":"page","link":"https:\/\/abc-office.eu\/lv\/tulkosana\/","title":{"rendered":"Tulko\u0161ana"},"content":{"rendered":"<h2 data-start=\"0\" data-end=\"15\"><strong data-start=\"0\" data-end=\"13\">Tulko\u0161ana<\/strong><\/h2>\n<p style=\"text-align: justify;\" data-start=\"17\" data-end=\"293\">M\u016bsu a\u0123ent\u016bra ABC Translation jau daudzus gadus ir specializ\u0113jusies tulko\u0161anas un mutisk\u0101s tulko\u0161anas jom\u0101. M\u0113s nodro\u0161in\u0101m visus ar \u0161o jomu saist\u012btos pakalpojumus \u2014 gan ofici\u0101lus tulkojumus, gan vienk\u0101r\u0161us tulkojumus, gan ar\u012b mutisko tulko\u0161anu (dz\u012bvaj\u0101) (Tulko\u0161ana).<\/p>\n<p style=\"text-align: justify;\" data-start=\"295\" data-end=\"760\">Ar vair\u0101k nek\u0101 800 tulkot\u0101ju un tulku komandu m\u0113s sp\u0113jam p\u0101rvald\u012bt jebkura veida projektus \u012bpa\u0161i \u012bsos termi\u0146os. Kvalit\u0101te un operativit\u0101te ir m\u016bsu galvenie principi, lai nodro\u0161in\u0101tu rezult\u0101tus, kas vienm\u0113r atbilst klientu cer\u012bb\u0101m. M\u0113s darbojamies Eiropas Savien\u012bb\u0101 un Apvienotaj\u0101 Karalist\u0113. Pateicoties \u0161ai kl\u0101tb\u016btnei un m\u016bsu elast\u012bgumam, m\u0113s esam sp\u0113ju\u0161i att\u012bst\u012bties un tagad pied\u0101v\u0101jam tulko\u0161anas pakalpojumus vair\u0101k nek\u0101 60 da\u017e\u0101d\u0101s valod\u0101s.<\/p>\n<h3 data-start=\"762\" data-end=\"788\"><strong data-start=\"762\" data-end=\"786\">Ofici\u0101lie tulkojumi:<\/strong><\/h3>\n<p style=\"text-align: justify;\" data-start=\"790\" data-end=\"1157\">M\u0113s specializ\u0113jamies ofici\u0101lajos tulkojumos, lai atvieglotu j\u016bsu administrat\u012bv\u0101s proced\u016bras p\u0113c iera\u0161an\u0101s ES vai Apvienotaj\u0101 Karalist\u0113, k\u0101 ar\u012b ce\u013co\u0161anai uz \u0101rzem\u0113m. Tulkojumi parasti tiek apliecin\u0101ti pie not\u0101ra, p\u0113c tam legaliz\u0113ti kancelej\u0101 ar apostilli vai cit\u0101 form\u0101, saska\u0146\u0101 ar starptautiskaj\u0101m konvencij\u0101m. Klientu termi\u0146i bie\u017ei ir \u013coti \u012bsi.<\/p>\n<p style=\"text-align: justify;\" data-start=\"1159\" data-end=\"1454\">T\u0101p\u0113c m\u0113s esam izveidoju\u0161i sist\u0113mu, kas \u013cauj dokumentus tulkot, legaliz\u0113t un apz\u012bmogot ar apostilli rekord\u012bs\u0101 laik\u0101. Piem\u0113ram, dokumentam l\u012bdz 5 lap\u0101m m\u0113s varam pabeigt visus so\u013cus divu dienu laik\u0101. \u0160ie tulkojumi p\u0113c nepiecie\u0161am\u012bbas var tikt legaliz\u0113ti attiec\u012bg\u0101s valsts konsul\u0101t\u0101.<\/p>\n<p style=\"text-align: justify;\" data-start=\"1456\" data-end=\"1791\">Ofici\u0101lie tulkojumi \u0101rvalstu diplomu atz\u012b\u0161anai ES un\/vai Apvienotaj\u0101 Karalist\u0113 ir ar\u012b da\u013ca no m\u016bsu pakalpojumu kl\u0101sta. M\u0113s sagatavojam tulkojumus un tos apliecin\u0101m pie not\u0101ra, lai tie tiktu pie\u0146emti atbilsto\u0161aj\u0101s instit\u016bcij\u0101s.<br data-start=\"1694\" data-end=\"1697\" \/>J\u016bsu dokumentu lieta b\u016bs piln\u012bga un gatava izv\u0113rt\u0113\u0161anai attiec\u012bgaj\u0101s atz\u012b\u0161anas iest\u0101d\u0113s (Tulko\u0161ana).<\/p>\n<h3 data-start=\"1793\" data-end=\"1807\"><strong data-start=\"1793\" data-end=\"1805\">Valodas:<\/strong><\/h3>\n<p style=\"text-align: justify;\" data-start=\"1809\" data-end=\"2637\">Afrikandu | Alb\u0101\u0146u | V\u0101cu | Amerik\u0101\u0146u | Amharu | Ang\u013cu | Ar\u0101bu | Arm\u0113\u0146u | Aimaru | Azerbaid\u017e\u0101\u0146u | Basku | Bengalsu | Baltkrievu | Birmie\u0161u | Bosnie\u0161u | Braz\u012blie\u0161u | Bulg\u0101ru | Kantonie\u0161u | Katal\u0101\u0146u | Sinh\u0101lu | \u0136\u012bnie\u0161u | Vienk\u0101r\u0161ot\u0101 \u0137\u012bnie\u0161u | Tradicion\u0101l\u0101 \u0137\u012bnie\u0161u | Korejie\u0161u | Horv\u0101tu | D\u0101\u0146u | Dari | Sp\u0101\u0146u | Igau\u0146u | Ewe | Persie\u0161u (Farsi) | Somu | Gruz\u012bnu | Grie\u0137u | Guaranu | Ivritu | Hindu | Ung\u0101ru | Indon\u0113zie\u0161u | It\u0101\u013cu | Jap\u0101\u0146u | Kazahu | Khmeru | Kirg\u012bzu | Kurdu | Laosas | Latvie\u0161u | Lingala | Lietuvie\u0161u | Ma\u0137edonie\u0161u | Malaizie\u0161u | Malajalu | Mandar\u012bnu | Mold\u0101vu | Mongolijas | Melnkalnie\u0161u | Holandie\u0161u | Norv\u0113\u0123u | Urdu | Uzbeku | Pa\u0161t\u016bnu | Pand\u017eabu | Persie\u0161u | Fula | Po\u013cu | Portug\u0101\u013cu | Ke\u010dvu | Rum\u0101\u0146u | Krievu | Serbu | Slov\u0101ku | Slov\u0113\u0146u | Zviedru | Tamilu | \u010cehu | Taju | Turku | Turkme\u0146u | Ukrainu | Vjetnamie\u0161u<\/p>\n<h3 data-start=\"2639\" data-end=\"2655\"><strong data-start=\"2639\" data-end=\"2653\">Dokumenti:<\/strong><\/h3>\n<p style=\"text-align: justify;\" data-start=\"2657\" data-end=\"3067\">Dzim\u0161anas apliec\u012bba | Laul\u012bbas apliec\u012bba | Civilst\u0101vok\u013ca apliec\u012bba | Apliecin\u0101jums | Patents | Sod\u0101m\u012bbas neesam\u012bbas izzi\u0146a | Sertifik\u0101ts | Neprec\u0113t\u012bbas apliec\u012bba | N\u0101ves apliec\u012bba | \u0122imenes apliec\u012bba | Darba apliec\u012bba | Nodok\u013cu deklar\u0101cija | Diploms | Pase | Vad\u012bt\u0101ja apliec\u012bba | Testamenta kopija | V\u012bza | L\u012bgums | \u0160\u0137ir\u0161an\u0101s l\u012bgums | Laul\u012bbas l\u012bgums | Spriedums | Proced\u016bras dokumenti | Pilnvara | Protokols<\/p>\n<p style=\"text-align: justify;\" data-start=\"3069\" data-end=\"3154\" data-is-last-node=\"\" data-is-only-node=\"\">Ja jums ir nepiecie\u0161ams tulkojums cit\u0101 valod\u0101, nevilcinieties sazin\u0101ties ar <a href=\"https:\/\/abc-office.eu\/lv\/\">mums<\/a>.<\/p>\n<p data-start=\"3069\" data-end=\"3154\" data-is-last-node=\"\" data-is-only-node=\"\"><img loading=\"lazy\" decoding=\"async\" class=\"aligncenter wp-image-26 size-medium\" src=\"https:\/\/abc-office.ch\/wp-content\/uploads\/2018\/06\/imageedit_1_6241191614-300x300.gif\" alt=\"Tulko\u0161ana\" width=\"300\" height=\"300\" \/><\/p>\n","protected":false},"excerpt":{"rendered":"<p>Tulko\u0161ana M\u016bsu a\u0123ent\u016bra ABC Translation jau daudzus gadus ir specializ\u0113jusies tulko\u0161anas un mutisk\u0101s tulko\u0161anas jom\u0101. M\u0113s nodro\u0161in\u0101m visus ar \u0161o jomu saist\u012btos pakalpojumus \u2014 gan ofici\u0101lus tulkojumus, gan vienk\u0101r\u0161us tulkojumus, gan ar\u012b mutisko tulko\u0161anu (dz\u012bvaj\u0101) (Tulko\u0161ana). Ar vair\u0101k nek\u0101 800 tulkot\u0101ju un tulku komandu m\u0113s sp\u0113jam p\u0101rvald\u012bt jebkura veida projektus \u012bpa\u0161i \u012bsos termi\u0146os. Kvalit\u0101te un&#8230;<\/p>\n","protected":false},"author":1,"featured_media":231799,"parent":0,"menu_order":0,"comment_status":"closed","ping_status":"closed","template":"","meta":{"sfsi_plus_gutenberg_text_before_share":"","sfsi_plus_gutenberg_show_text_before_share":"","sfsi_plus_gutenberg_icon_type":"","sfsi_plus_gutenberg_icon_alignemt":"","sfsi_plus_gutenburg_max_per_row":"","footnotes":""},"class_list":["post-231798","page","type-page","status-publish","has-post-thumbnail","hentry"],"yoast_head":"<!-- This site is optimized with the Yoast SEO plugin v23.8 - https:\/\/yoast.com\/wordpress\/plugins\/seo\/ -->\n<title>Tulko\u0161ana l Ofici\u0101ls tulkojums l Profesion\u0101ls augstas kvalit\u0101tes<\/title>\n<meta name=\"description\" content=\"Tulkojums j\u016bsu administrat\u012bvaj\u0101m proced\u016br\u0101m l Sertific\u0113ts un ofici\u0101ls tulkojums l Atz\u012bts vis\u0101s ES un \u0101rvalstu iest\u0101d\u0113s l Tulko\u0161ana\" \/>\n<meta name=\"robots\" content=\"index, follow, max-snippet:-1, max-image-preview:large, max-video-preview:-1\" \/>\n<link rel=\"canonical\" href=\"https:\/\/abc-office.eu\/lv\/tulkosana\/\" \/>\n<meta property=\"og:locale\" content=\"lv_LV\" \/>\n<meta property=\"og:type\" content=\"article\" \/>\n<meta property=\"og:title\" content=\"Tulko\u0161ana l Ofici\u0101ls tulkojums l Profesion\u0101ls augstas kvalit\u0101tes\" \/>\n<meta property=\"og:description\" content=\"Tulkojums j\u016bsu administrat\u012bvaj\u0101m proced\u016br\u0101m l Sertific\u0113ts un ofici\u0101ls tulkojums l Atz\u012bts vis\u0101s ES un \u0101rvalstu iest\u0101d\u0113s l Tulko\u0161ana\" \/>\n<meta property=\"og:url\" content=\"https:\/\/abc-office.eu\/lv\/tulkosana\/\" \/>\n<meta property=\"og:site_name\" content=\"ABC Translation\" \/>\n<meta property=\"article:modified_time\" content=\"2025-10-28T07:34:21+00:00\" \/>\n<meta property=\"og:image\" content=\"https:\/\/abc-office.eu\/wp-content\/uploads\/2025\/10\/Traduction-13.jpg\" \/>\n\t<meta property=\"og:image:width\" content=\"650\" \/>\n\t<meta property=\"og:image:height\" content=\"400\" \/>\n\t<meta property=\"og:image:type\" content=\"image\/jpeg\" \/>\n<meta name=\"twitter:card\" content=\"summary_large_image\" \/>\n<meta name=\"twitter:label1\" content=\"Est. reading time\" \/>\n\t<meta name=\"twitter:data1\" content=\"3 minutes\" \/>\n<script type=\"application\/ld+json\" class=\"yoast-schema-graph\">{\"@context\":\"https:\/\/schema.org\",\"@graph\":[{\"@type\":\"WebPage\",\"@id\":\"https:\/\/abc-office.eu\/lv\/tulkosana\/\",\"url\":\"https:\/\/abc-office.eu\/lv\/tulkosana\/\",\"name\":\"Tulko\u0161ana l Ofici\u0101ls tulkojums l Profesion\u0101ls augstas kvalit\u0101tes\",\"isPartOf\":{\"@id\":\"https:\/\/abc-office.eu\/lv\/#website\"},\"primaryImageOfPage\":{\"@id\":\"https:\/\/abc-office.eu\/lv\/tulkosana\/#primaryimage\"},\"image\":{\"@id\":\"https:\/\/abc-office.eu\/lv\/tulkosana\/#primaryimage\"},\"thumbnailUrl\":\"https:\/\/abc-office.eu\/wp-content\/uploads\/2025\/10\/Traduction-13.jpg\",\"datePublished\":\"2017-02-16T08:17:00+00:00\",\"dateModified\":\"2025-10-28T07:34:21+00:00\",\"description\":\"Tulkojums j\u016bsu administrat\u012bvaj\u0101m proced\u016br\u0101m l Sertific\u0113ts un ofici\u0101ls tulkojums l Atz\u012bts vis\u0101s ES un \u0101rvalstu iest\u0101d\u0113s l Tulko\u0161ana\",\"breadcrumb\":{\"@id\":\"https:\/\/abc-office.eu\/lv\/tulkosana\/#breadcrumb\"},\"inLanguage\":\"lv-LV\",\"potentialAction\":[{\"@type\":\"ReadAction\",\"target\":[\"https:\/\/abc-office.eu\/lv\/tulkosana\/\"]}]},{\"@type\":\"ImageObject\",\"inLanguage\":\"lv-LV\",\"@id\":\"https:\/\/abc-office.eu\/lv\/tulkosana\/#primaryimage\",\"url\":\"https:\/\/abc-office.eu\/wp-content\/uploads\/2025\/10\/Traduction-13.jpg\",\"contentUrl\":\"https:\/\/abc-office.eu\/wp-content\/uploads\/2025\/10\/Traduction-13.jpg\",\"width\":650,\"height\":400},{\"@type\":\"BreadcrumbList\",\"@id\":\"https:\/\/abc-office.eu\/lv\/tulkosana\/#breadcrumb\",\"itemListElement\":[{\"@type\":\"ListItem\",\"position\":1,\"name\":\"Accueil\",\"item\":\"https:\/\/abc-office.eu\/lv\/\"},{\"@type\":\"ListItem\",\"position\":2,\"name\":\"Tulko\u0161ana\"}]},{\"@type\":\"WebSite\",\"@id\":\"https:\/\/abc-office.eu\/lv\/#website\",\"url\":\"https:\/\/abc-office.eu\/lv\/\",\"name\":\"ABC Translation\",\"description\":\"info@abc-office.eu\",\"potentialAction\":[{\"@type\":\"SearchAction\",\"target\":{\"@type\":\"EntryPoint\",\"urlTemplate\":\"https:\/\/abc-office.eu\/lv\/?s={search_term_string}\"},\"query-input\":{\"@type\":\"PropertyValueSpecification\",\"valueRequired\":true,\"valueName\":\"search_term_string\"}}],\"inLanguage\":\"lv-LV\"}]}<\/script>\n<!-- \/ Yoast SEO plugin. -->","yoast_head_json":{"title":"Tulko\u0161ana l Ofici\u0101ls tulkojums l Profesion\u0101ls augstas kvalit\u0101tes","description":"Tulkojums j\u016bsu administrat\u012bvaj\u0101m proced\u016br\u0101m l Sertific\u0113ts un ofici\u0101ls tulkojums l Atz\u012bts vis\u0101s ES un \u0101rvalstu iest\u0101d\u0113s l Tulko\u0161ana","robots":{"index":"index","follow":"follow","max-snippet":"max-snippet:-1","max-image-preview":"max-image-preview:large","max-video-preview":"max-video-preview:-1"},"canonical":"https:\/\/abc-office.eu\/lv\/tulkosana\/","og_locale":"lv_LV","og_type":"article","og_title":"Tulko\u0161ana l Ofici\u0101ls tulkojums l Profesion\u0101ls augstas kvalit\u0101tes","og_description":"Tulkojums j\u016bsu administrat\u012bvaj\u0101m proced\u016br\u0101m l Sertific\u0113ts un ofici\u0101ls tulkojums l Atz\u012bts vis\u0101s ES un \u0101rvalstu iest\u0101d\u0113s l Tulko\u0161ana","og_url":"https:\/\/abc-office.eu\/lv\/tulkosana\/","og_site_name":"ABC Translation","article_modified_time":"2025-10-28T07:34:21+00:00","og_image":[{"width":650,"height":400,"url":"https:\/\/abc-office.eu\/wp-content\/uploads\/2025\/10\/Traduction-13.jpg","type":"image\/jpeg"}],"twitter_card":"summary_large_image","twitter_misc":{"Est. reading time":"3 minutes"},"schema":{"@context":"https:\/\/schema.org","@graph":[{"@type":"WebPage","@id":"https:\/\/abc-office.eu\/lv\/tulkosana\/","url":"https:\/\/abc-office.eu\/lv\/tulkosana\/","name":"Tulko\u0161ana l Ofici\u0101ls tulkojums l Profesion\u0101ls augstas kvalit\u0101tes","isPartOf":{"@id":"https:\/\/abc-office.eu\/lv\/#website"},"primaryImageOfPage":{"@id":"https:\/\/abc-office.eu\/lv\/tulkosana\/#primaryimage"},"image":{"@id":"https:\/\/abc-office.eu\/lv\/tulkosana\/#primaryimage"},"thumbnailUrl":"https:\/\/abc-office.eu\/wp-content\/uploads\/2025\/10\/Traduction-13.jpg","datePublished":"2017-02-16T08:17:00+00:00","dateModified":"2025-10-28T07:34:21+00:00","description":"Tulkojums j\u016bsu administrat\u012bvaj\u0101m proced\u016br\u0101m l Sertific\u0113ts un ofici\u0101ls tulkojums l Atz\u012bts vis\u0101s ES un \u0101rvalstu iest\u0101d\u0113s l Tulko\u0161ana","breadcrumb":{"@id":"https:\/\/abc-office.eu\/lv\/tulkosana\/#breadcrumb"},"inLanguage":"lv-LV","potentialAction":[{"@type":"ReadAction","target":["https:\/\/abc-office.eu\/lv\/tulkosana\/"]}]},{"@type":"ImageObject","inLanguage":"lv-LV","@id":"https:\/\/abc-office.eu\/lv\/tulkosana\/#primaryimage","url":"https:\/\/abc-office.eu\/wp-content\/uploads\/2025\/10\/Traduction-13.jpg","contentUrl":"https:\/\/abc-office.eu\/wp-content\/uploads\/2025\/10\/Traduction-13.jpg","width":650,"height":400},{"@type":"BreadcrumbList","@id":"https:\/\/abc-office.eu\/lv\/tulkosana\/#breadcrumb","itemListElement":[{"@type":"ListItem","position":1,"name":"Accueil","item":"https:\/\/abc-office.eu\/lv\/"},{"@type":"ListItem","position":2,"name":"Tulko\u0161ana"}]},{"@type":"WebSite","@id":"https:\/\/abc-office.eu\/lv\/#website","url":"https:\/\/abc-office.eu\/lv\/","name":"ABC Translation","description":"info@abc-office.eu","potentialAction":[{"@type":"SearchAction","target":{"@type":"EntryPoint","urlTemplate":"https:\/\/abc-office.eu\/lv\/?s={search_term_string}"},"query-input":{"@type":"PropertyValueSpecification","valueRequired":true,"valueName":"search_term_string"}}],"inLanguage":"lv-LV"}]}},"_links":{"self":[{"href":"https:\/\/abc-office.eu\/lv\/wp-json\/wp\/v2\/pages\/231798","targetHints":{"allow":["GET"]}}],"collection":[{"href":"https:\/\/abc-office.eu\/lv\/wp-json\/wp\/v2\/pages"}],"about":[{"href":"https:\/\/abc-office.eu\/lv\/wp-json\/wp\/v2\/types\/page"}],"author":[{"embeddable":true,"href":"https:\/\/abc-office.eu\/lv\/wp-json\/wp\/v2\/users\/1"}],"replies":[{"embeddable":true,"href":"https:\/\/abc-office.eu\/lv\/wp-json\/wp\/v2\/comments?post=231798"}],"version-history":[{"count":1,"href":"https:\/\/abc-office.eu\/lv\/wp-json\/wp\/v2\/pages\/231798\/revisions"}],"predecessor-version":[{"id":231826,"href":"https:\/\/abc-office.eu\/lv\/wp-json\/wp\/v2\/pages\/231798\/revisions\/231826"}],"wp:featuredmedia":[{"embeddable":true,"href":"https:\/\/abc-office.eu\/lv\/wp-json\/wp\/v2\/media\/231799"}],"wp:attachment":[{"href":"https:\/\/abc-office.eu\/lv\/wp-json\/wp\/v2\/media?parent=231798"}],"curies":[{"name":"wp","href":"https:\/\/api.w.org\/{rel}","templated":true}]}}