{"id":231769,"date":"2017-02-16T09:13:19","date_gmt":"2017-02-16T08:13:19","guid":{"rendered":"https:\/\/abc-office.eu\/?page_id=231769"},"modified":"2025-10-28T06:21:49","modified_gmt":"2025-10-28T05:21:49","slug":"s-kums","status":"publish","type":"page","link":"https:\/\/abc-office.eu\/lv\/","title":{"rendered":"S\u0101kums"},"content":{"rendered":"<h2 data-start=\"0\" data-end=\"21\"><strong data-start=\"0\" data-end=\"19\">ABC Translation<\/strong><\/h2>\n<p style=\"text-align: justify;\" data-start=\"23\" data-end=\"570\">ABC Translation specializ\u0113jas vair\u0101k\u0101s jom\u0101s, piem\u0113ram, tulko\u0161an\u0101, nekustamaj\u0101 \u012bpa\u0161um\u0101, dokumentu legaliz\u0101cij\u0101, jurisprudenc\u0113 un p\u0101rcel\u0161an\u0101s pakalpojumos. Ar vair\u0101k nek\u0101 500 darbinieku komandu vis\u0101 pasaul\u0113, ABC Translation ir l\u012bderis \u0161aj\u0101s nozar\u0113s un sp\u0113j r\u012bkoties \u013coti \u0101tri, pateicoties lielai kvalific\u0113tu speci\u0101listu komandai. Uz\u0146\u0113mumu p\u0101rst\u0101v 55 da\u017e\u0101das taut\u012bbas, un tam ir sadarb\u012bbas partneri vair\u0101k nek\u0101 85 valst\u012bs. Tas ir veiksm\u012bgi izmantojis globaliz\u0101cijas priek\u0161roc\u012bbas, lai piesaist\u012btu arvien pras\u012bg\u0101ku klientu loku.<\/p>\n<h3 data-start=\"572\" data-end=\"603\"><strong data-start=\"572\" data-end=\"601\">ABC Translation skait\u013cos:<\/strong><\/h3>\n<ul>\n<li data-start=\"605\" data-end=\"791\">500 darbinieku vis\u0101 pasaul\u0113<\/li>\n<li data-start=\"605\" data-end=\"791\">60 run\u0101t\u0101s valodas<\/li>\n<li data-start=\"605\" data-end=\"791\">4000 projekti gad\u0101<\/li>\n<li data-start=\"605\" data-end=\"791\">Vair\u0101k nek\u0101 10 gadu pieredze<\/li>\n<li data-start=\"605\" data-end=\"791\">Vair\u0101k nek\u0101 1000 regul\u0101ru biznesa klientu<\/li>\n<li data-start=\"605\" data-end=\"791\">Vair\u0101k nek\u0101 2000 priv\u0101to klientu gad\u0101<\/li>\n<\/ul>\n<p style=\"text-align: justify;\" data-start=\"793\" data-end=\"1392\">M\u0113s sadarbojamies ar vair\u0101k\u0101m not\u0101ru birojiem, lai dokumentu legaliz\u0101ciju var\u0113tu veikt p\u0113c iesp\u0113jas \u0101tr\u0101k. Dokumentiem, kas paredz\u0113ti izmanto\u0161anai \u0101rvalst\u012bs, m\u0113s sadarbojamies ar v\u0113stniec\u012bb\u0101m, konsul\u0101tiem un kancelej\u0101m. \u0160\u012b sadarb\u012bba starp da\u017e\u0101d\u0101m iest\u0101d\u0113m \u013cauj mums b\u016bt \u0101rk\u0101rt\u012bgi operat\u012bviem, nodro\u0161inot j\u016bsu dokumentu tulko\u0161anu un legaliz\u0101ciju rekord\u012bs\u0101 laik\u0101. Turkl\u0101t m\u016bsu velokurjeri nodro\u0161ina dokumentu pieg\u0101di uz da\u017e\u0101diem birojiem, vienlaikus r\u016bp\u0113joties par vidi. P\u0113c tam m\u0113s izmantojam Eiropas pasta pakalpojumus un DHL, lai nos\u016bt\u012btu dokumentus pa visu Eiropu un pasauli.<\/p>\n<p style=\"text-align: justify;\" data-start=\"1394\" data-end=\"1954\">M\u016bsu pakalpojumu kvalit\u0101te un \u0101trums gadu gait\u0101 ir padar\u012bju\u0161i m\u016bs at\u0161\u0137ir\u012bgus no citiem. \u0160aj\u0101 nozar\u0113 reakcijas \u0101trums ir pan\u0101kumu atsl\u0113ga. M\u016bsu infrastrukt\u016bra ir izveidota t\u0101, lai m\u0113s var\u0113tu p\u0113c iesp\u0113jas \u0101tr\u0101k rea\u0123\u0113t uz klientu piepras\u012bjumiem. Lai sazin\u0101tos \u0101tri, j\u016bs varat ar mums sazin\u0101ties pa t\u0101lruni vai e-pastu. \u0160\u012bs lapas labaj\u0101 pus\u0113 eso\u0161\u0101 kontaktforma ar\u012b ir pieejama, \u012bpa\u0161i dokumentu nos\u016bt\u012b\u0161anai. Parasti m\u0113s nos\u016bt\u0101m pied\u0101v\u0101jumu 10\u201320 min\u016b\u0161u laik\u0101 p\u0113c failu sa\u0146em\u0161anas. Taj\u0101 ir iek\u013cauta kop\u0113j\u0101 cena un projekta izpildes termi\u0146\u0161.<\/p>\n<p style=\"text-align: justify;\" data-start=\"1956\" data-end=\"2042\" data-is-last-node=\"\" data-is-only-node=\"\">Visa m\u016bsu komanda ir j\u016bsu r\u012bc\u012bb\u0101, un m\u0113s ar prieku gaid\u0101m iesp\u0113ju sadarboties ar jums.<\/p>\n<p data-start=\"1956\" data-end=\"2042\" data-is-last-node=\"\" data-is-only-node=\"\"><img loading=\"lazy\" decoding=\"async\" class=\"wp-image-298 aligncenter\" src=\"https:\/\/abc-office.ch\/wp-content\/uploads\/2020\/03\/bim91-1024x682.jpg\" alt=\"ABC Translation\" width=\"634\" height=\"422\" \/><\/p>\n","protected":false},"excerpt":{"rendered":"<p>ABC Translation ABC Translation specializ\u0113jas vair\u0101k\u0101s jom\u0101s, piem\u0113ram, tulko\u0161an\u0101, nekustamaj\u0101 \u012bpa\u0161um\u0101, dokumentu legaliz\u0101cij\u0101, jurisprudenc\u0113 un p\u0101rcel\u0161an\u0101s pakalpojumos. Ar vair\u0101k nek\u0101 500 darbinieku komandu vis\u0101 pasaul\u0113, ABC Translation ir l\u012bderis \u0161aj\u0101s nozar\u0113s un sp\u0113j r\u012bkoties \u013coti \u0101tri, pateicoties lielai kvalific\u0113tu speci\u0101listu komandai. Uz\u0146\u0113mumu p\u0101rst\u0101v 55 da\u017e\u0101das taut\u012bbas, un tam ir sadarb\u012bbas partneri vair\u0101k nek\u0101 85 valst\u012bs&#8230;.<\/p>\n","protected":false},"author":1,"featured_media":231771,"parent":0,"menu_order":0,"comment_status":"closed","ping_status":"closed","template":"","meta":{"sfsi_plus_gutenberg_text_before_share":"","sfsi_plus_gutenberg_show_text_before_share":"","sfsi_plus_gutenberg_icon_type":"","sfsi_plus_gutenberg_icon_alignemt":"","sfsi_plus_gutenburg_max_per_row":"","footnotes":""},"class_list":["post-231769","page","type-page","status-publish","has-post-thumbnail","hentry"],"yoast_head":"<!-- This site is optimized with the Yoast SEO plugin v23.8 - https:\/\/yoast.com\/wordpress\/plugins\/seo\/ -->\n<title>ABC Translation l Tulko\u0161ana l Legaliz\u0101cija l Nekustamais \u012bpa\u0161ums<\/title>\n<meta name=\"description\" content=\"ABC Translation l Legaliz\u0101cija l Nekustamais \u012bpa\u0161ums l Ekspatrianti l Tulkot\u0101js l Not\u0101rs l Juridiskais birojs l Personu p\u0101rcel\u0161an\u0101s\" \/>\n<meta name=\"robots\" content=\"index, follow, max-snippet:-1, max-image-preview:large, max-video-preview:-1\" \/>\n<link rel=\"canonical\" href=\"https:\/\/abc-office.eu\/lv\/\" \/>\n<meta property=\"og:locale\" content=\"lv_LV\" \/>\n<meta property=\"og:type\" content=\"article\" \/>\n<meta property=\"og:title\" content=\"ABC Translation l Tulko\u0161ana l Legaliz\u0101cija l Nekustamais \u012bpa\u0161ums\" \/>\n<meta property=\"og:description\" content=\"ABC Translation l Legaliz\u0101cija l Nekustamais \u012bpa\u0161ums l Ekspatrianti l Tulkot\u0101js l Not\u0101rs l Juridiskais birojs l Personu p\u0101rcel\u0161an\u0101s\" \/>\n<meta property=\"og:url\" content=\"https:\/\/abc-office.eu\/lv\/\" \/>\n<meta property=\"og:site_name\" content=\"ABC Translation\" \/>\n<meta property=\"article:modified_time\" content=\"2025-10-28T05:21:49+00:00\" \/>\n<meta property=\"og:image\" content=\"https:\/\/abc-office.eu\/wp-content\/uploads\/2025\/10\/6190976a-768x433-15.jpg\" \/>\n\t<meta property=\"og:image:width\" content=\"768\" \/>\n\t<meta property=\"og:image:height\" content=\"433\" \/>\n\t<meta property=\"og:image:type\" content=\"image\/jpeg\" \/>\n<meta name=\"twitter:card\" content=\"summary_large_image\" \/>\n<meta name=\"twitter:label1\" content=\"Est. reading time\" \/>\n\t<meta name=\"twitter:data1\" content=\"2 minutes\" \/>\n<script type=\"application\/ld+json\" class=\"yoast-schema-graph\">{\"@context\":\"https:\/\/schema.org\",\"@graph\":[{\"@type\":\"WebPage\",\"@id\":\"https:\/\/abc-office.eu\/lv\/\",\"url\":\"https:\/\/abc-office.eu\/lv\/\",\"name\":\"ABC Translation l Tulko\u0161ana l Legaliz\u0101cija l Nekustamais \u012bpa\u0161ums\",\"isPartOf\":{\"@id\":\"https:\/\/abc-office.eu\/lv\/#website\"},\"primaryImageOfPage\":{\"@id\":\"https:\/\/abc-office.eu\/lv\/#primaryimage\"},\"image\":{\"@id\":\"https:\/\/abc-office.eu\/lv\/#primaryimage\"},\"thumbnailUrl\":\"https:\/\/abc-office.eu\/wp-content\/uploads\/2025\/10\/6190976a-768x433-15.jpg\",\"datePublished\":\"2017-02-16T08:13:19+00:00\",\"dateModified\":\"2025-10-28T05:21:49+00:00\",\"description\":\"ABC Translation l Legaliz\u0101cija l Nekustamais \u012bpa\u0161ums l Ekspatrianti l Tulkot\u0101js l Not\u0101rs l Juridiskais birojs l Personu p\u0101rcel\u0161an\u0101s\",\"breadcrumb\":{\"@id\":\"https:\/\/abc-office.eu\/lv\/#breadcrumb\"},\"inLanguage\":\"lv-LV\",\"potentialAction\":[{\"@type\":\"ReadAction\",\"target\":[\"https:\/\/abc-office.eu\/lv\/\"]}]},{\"@type\":\"ImageObject\",\"inLanguage\":\"lv-LV\",\"@id\":\"https:\/\/abc-office.eu\/lv\/#primaryimage\",\"url\":\"https:\/\/abc-office.eu\/wp-content\/uploads\/2025\/10\/6190976a-768x433-15.jpg\",\"contentUrl\":\"https:\/\/abc-office.eu\/wp-content\/uploads\/2025\/10\/6190976a-768x433-15.jpg\",\"width\":768,\"height\":433},{\"@type\":\"BreadcrumbList\",\"@id\":\"https:\/\/abc-office.eu\/lv\/#breadcrumb\",\"itemListElement\":[{\"@type\":\"ListItem\",\"position\":1,\"name\":\"Accueil\",\"item\":\"https:\/\/abc-office.eu\/lv\/\"},{\"@type\":\"ListItem\",\"position\":2,\"name\":\"S\u0101kums\"}]},{\"@type\":\"WebSite\",\"@id\":\"https:\/\/abc-office.eu\/lv\/#website\",\"url\":\"https:\/\/abc-office.eu\/lv\/\",\"name\":\"ABC Translation\",\"description\":\"info@abc-office.eu\",\"potentialAction\":[{\"@type\":\"SearchAction\",\"target\":{\"@type\":\"EntryPoint\",\"urlTemplate\":\"https:\/\/abc-office.eu\/lv\/?s={search_term_string}\"},\"query-input\":{\"@type\":\"PropertyValueSpecification\",\"valueRequired\":true,\"valueName\":\"search_term_string\"}}],\"inLanguage\":\"lv-LV\"}]}<\/script>\n<!-- \/ Yoast SEO plugin. -->","yoast_head_json":{"title":"ABC Translation l Tulko\u0161ana l Legaliz\u0101cija l Nekustamais \u012bpa\u0161ums","description":"ABC Translation l Legaliz\u0101cija l Nekustamais \u012bpa\u0161ums l Ekspatrianti l Tulkot\u0101js l Not\u0101rs l Juridiskais birojs l Personu p\u0101rcel\u0161an\u0101s","robots":{"index":"index","follow":"follow","max-snippet":"max-snippet:-1","max-image-preview":"max-image-preview:large","max-video-preview":"max-video-preview:-1"},"canonical":"https:\/\/abc-office.eu\/lv\/","og_locale":"lv_LV","og_type":"article","og_title":"ABC Translation l Tulko\u0161ana l Legaliz\u0101cija l Nekustamais \u012bpa\u0161ums","og_description":"ABC Translation l Legaliz\u0101cija l Nekustamais \u012bpa\u0161ums l Ekspatrianti l Tulkot\u0101js l Not\u0101rs l Juridiskais birojs l Personu p\u0101rcel\u0161an\u0101s","og_url":"https:\/\/abc-office.eu\/lv\/","og_site_name":"ABC Translation","article_modified_time":"2025-10-28T05:21:49+00:00","og_image":[{"width":768,"height":433,"url":"https:\/\/abc-office.eu\/wp-content\/uploads\/2025\/10\/6190976a-768x433-15.jpg","type":"image\/jpeg"}],"twitter_card":"summary_large_image","twitter_misc":{"Est. reading time":"2 minutes"},"schema":{"@context":"https:\/\/schema.org","@graph":[{"@type":"WebPage","@id":"https:\/\/abc-office.eu\/lv\/","url":"https:\/\/abc-office.eu\/lv\/","name":"ABC Translation l Tulko\u0161ana l Legaliz\u0101cija l Nekustamais \u012bpa\u0161ums","isPartOf":{"@id":"https:\/\/abc-office.eu\/lv\/#website"},"primaryImageOfPage":{"@id":"https:\/\/abc-office.eu\/lv\/#primaryimage"},"image":{"@id":"https:\/\/abc-office.eu\/lv\/#primaryimage"},"thumbnailUrl":"https:\/\/abc-office.eu\/wp-content\/uploads\/2025\/10\/6190976a-768x433-15.jpg","datePublished":"2017-02-16T08:13:19+00:00","dateModified":"2025-10-28T05:21:49+00:00","description":"ABC Translation l Legaliz\u0101cija l Nekustamais \u012bpa\u0161ums l Ekspatrianti l Tulkot\u0101js l Not\u0101rs l Juridiskais birojs l Personu p\u0101rcel\u0161an\u0101s","breadcrumb":{"@id":"https:\/\/abc-office.eu\/lv\/#breadcrumb"},"inLanguage":"lv-LV","potentialAction":[{"@type":"ReadAction","target":["https:\/\/abc-office.eu\/lv\/"]}]},{"@type":"ImageObject","inLanguage":"lv-LV","@id":"https:\/\/abc-office.eu\/lv\/#primaryimage","url":"https:\/\/abc-office.eu\/wp-content\/uploads\/2025\/10\/6190976a-768x433-15.jpg","contentUrl":"https:\/\/abc-office.eu\/wp-content\/uploads\/2025\/10\/6190976a-768x433-15.jpg","width":768,"height":433},{"@type":"BreadcrumbList","@id":"https:\/\/abc-office.eu\/lv\/#breadcrumb","itemListElement":[{"@type":"ListItem","position":1,"name":"Accueil","item":"https:\/\/abc-office.eu\/lv\/"},{"@type":"ListItem","position":2,"name":"S\u0101kums"}]},{"@type":"WebSite","@id":"https:\/\/abc-office.eu\/lv\/#website","url":"https:\/\/abc-office.eu\/lv\/","name":"ABC Translation","description":"info@abc-office.eu","potentialAction":[{"@type":"SearchAction","target":{"@type":"EntryPoint","urlTemplate":"https:\/\/abc-office.eu\/lv\/?s={search_term_string}"},"query-input":{"@type":"PropertyValueSpecification","valueRequired":true,"valueName":"search_term_string"}}],"inLanguage":"lv-LV"}]}},"_links":{"self":[{"href":"https:\/\/abc-office.eu\/lv\/wp-json\/wp\/v2\/pages\/231769","targetHints":{"allow":["GET"]}}],"collection":[{"href":"https:\/\/abc-office.eu\/lv\/wp-json\/wp\/v2\/pages"}],"about":[{"href":"https:\/\/abc-office.eu\/lv\/wp-json\/wp\/v2\/types\/page"}],"author":[{"embeddable":true,"href":"https:\/\/abc-office.eu\/lv\/wp-json\/wp\/v2\/users\/1"}],"replies":[{"embeddable":true,"href":"https:\/\/abc-office.eu\/lv\/wp-json\/wp\/v2\/comments?post=231769"}],"version-history":[{"count":1,"href":"https:\/\/abc-office.eu\/lv\/wp-json\/wp\/v2\/pages\/231769\/revisions"}],"predecessor-version":[{"id":231797,"href":"https:\/\/abc-office.eu\/lv\/wp-json\/wp\/v2\/pages\/231769\/revisions\/231797"}],"wp:featuredmedia":[{"embeddable":true,"href":"https:\/\/abc-office.eu\/lv\/wp-json\/wp\/v2\/media\/231771"}],"wp:attachment":[{"href":"https:\/\/abc-office.eu\/lv\/wp-json\/wp\/v2\/media?parent=231769"}],"curies":[{"name":"wp","href":"https:\/\/api.w.org\/{rel}","templated":true}]}}