{"id":231048,"date":"2024-04-13T09:42:29","date_gmt":"2024-04-13T07:42:29","guid":{"rendered":"https:\/\/abc-office.eu\/?page_id=231048"},"modified":"2025-10-31T12:54:25","modified_gmt":"2025-10-31T11:54:25","slug":"lietuva","status":"publish","type":"page","link":"https:\/\/abc-office.eu\/lt\/lietuva\/","title":{"rendered":"Lietuva"},"content":{"rendered":"<h2 data-start=\"0\" data-end=\"13\"><strong data-start=\"0\" data-end=\"11\">Lietuva<\/strong><\/h2>\n<p style=\"text-align: justify;\">M\u016bs\u0173 vertim\u0173 ir legalizavimo biuras specializuojasi patvirtintuose ir prisiekusi\u0173 vert\u0117j\u0173 vertimuose daugiau nei 80-yje kalb\u0173, taip pat dokument\u0173 legalizavime. M\u016bs\u0173 komanda, \u012fsik\u016brusi Lietuvoje, gali greitai apdoroti j\u016bs\u0173 u\u017eklaus\u0105. Mums tereikia gauti verstin\u0173 dokument\u0173 kopijas (priimami visi formatai). Originali\u0173 dokument\u0173 pateikti nereikia (Lietuva).<\/p>\n<ol>\n<li style=\"text-align: justify;\">Pirmiausia, galite naudotis m\u016bs\u0173 el. pa\u0161to adresu (<a href=\"mailto:info@abc-office.eu\">info@abc-office.eu<\/a>), kontaktine forma arba \u201eWhatsApp\u201c nuoroda.<\/li>\n<li style=\"text-align: justify;\">Antra, nurodykite kalb\u0105, \u012f kuri\u0105 norite gauti vertim\u0105, ir ar reikia, kad vertimas b\u016bt\u0173 patvirtintas notaro ir (arba) patvirtintas apostille (Kanceliarijoje), bei ar reikia legalizavimo ambasadoje ar konsulate.<\/li>\n<li style=\"text-align: justify;\">Tre\u010dia, vienas i\u0161 m\u016bs\u0173 projekt\u0173 vadov\u0173 greitai pateiks jums pasi\u016blym\u0105 su kaina ir atlikimo terminu. Paprastai atsakome per 30 minu\u010di\u0173, ta\u010diau jei atsakymo negautum\u0117te per valand\u0105, pra\u0161ome paskambinti mums.<\/li>\n<li style=\"text-align: justify;\">Ketvirta ir svarbiausia \u2013 kai pasi\u016blymas yra patvirtinamas, pradedame vertimo arba legalizavimo proces\u0105 ir i\u0161siun\u010diame jums patvirtintus vertimus ir (arba) legalizuotus dokumentus pa\u0161tu. Jei norite gauti vertimo ir legalizavimo kopijas ir el. pa\u0161tu, informuokite projekto vadov\u0105 \u2013 mes jas atsi\u0173sime prie\u0161 i\u0161siun\u010diant originalus.<\/li>\n<\/ol>\n<p style=\"text-align: justify;\">Kalbant apie atlikimo termin\u0105, patvirtinti vertimai ir (arba) legalizacijos siun\u010diami pa\u0161tu, per DHL ir (arba) el. pa\u0161tu per 2\u20133 darbo dienas. Ta\u010diau tai priklauso nuo dokument\u0173 apimties ir sud\u0117tingumo. Pavyzd\u017eiui, vieno puslapio dokument\u0105 pa\u0161tu paprastai gausite per 2 darbo dienas.<\/p>\n<h3 data-start=\"1649\" data-end=\"1685\"><strong data-start=\"1649\" data-end=\"1683\">Pagrindin\u0117s m\u016bs\u0173 darbo kalbos:<\/strong><\/h3>\n<p style=\"text-align: justify;\">Afrikan\u0173 | Alban\u0173 | Vokie\u010di\u0173 | Amerikie\u010di\u0173 | Amhar\u0173 | Angl\u0173 | Arab\u0173 | Arm\u0117n\u0173 | Aimar\u0173 | Azerbaid\u017eanie\u010di\u0173 | Bask\u0173 | Bengal\u0173 | Baltarusi\u0173 | Birmie\u010di\u0173 | Bosni\u0173 | Brazil\u0173 | Bulgar\u0173 | Kantono | Katalon\u0173 | Sinhal\u0173 | Kin\u0173 | Supaprastintoji kin\u0173 | Tradicin\u0117 kin\u0173 | Kor\u0117jie\u010di\u0173 | Kroat\u0173 | Dan\u0173 | Dari | Ispan\u0173 | Est\u0173 | Evi\u0173 | Farsi | Suomi\u0173 | Gruzin\u0173 | Graik\u0173 | Gvarani\u0173 | Hebraj\u0173 | Hindi | Vengr\u0173 | Indonezie\u010di\u0173 | Ital\u0173 | Japon\u0173 | Kazach\u0173 | Chmer\u0173 | Kirgiz\u0173 | Kurd\u0173 | Laosie\u010di\u0173 | Latvi\u0173 | Ngal\u0173 | Lietuvi\u0173 | Makedon\u0173 | Malaizijos | Malajali\u0173 | Mandarin\u0173 | Moldav\u0173 | Mongol\u0173 | Juodkalnie\u010di\u0173 | Oland\u0173 | Norveg\u0173 | Urdu | Uzbek\u0173 | Pu\u0161t\u016bn\u0173 | Pand\u017eab\u0173 | Pers\u0173 | Ful\u0173 | Lenk\u0173 | Portugal\u0173 | Ke\u010duj\u0173 | Rumun\u0173 | Rus\u0173 | Serb\u0173 | Slovak\u0173 | Slov\u0117n\u0173 | \u0160ved\u0173 | Tamil\u0173 | \u010cek\u0173 | Taj\u0173 | Turk\u0173 | Turkm\u0117n\u0173 | Ukrainie\u010di\u0173 | Vietnamie\u010di\u0173<\/p>\n<h3 data-start=\"2496\" data-end=\"2534\"><strong data-start=\"2496\" data-end=\"2532\">Da\u017eniausiai ver\u010diami dokumentai:<\/strong><\/h3>\n<p style=\"text-align: justify;\">Gimimo liudijimas | Santuokos liudijimas | Civilin\u0117s b\u016bkl\u0117s pa\u017eyma | Pa\u017eyma | Patentas | (Ne)teistumo pa\u017eyma | Sertifikatas | Viengungyst\u0117s pa\u017eyma | Mirties liudijimas | Pa\u017eyma apie \u0161eimin\u0119 pad\u0117t\u012f| Darbo pa\u017eyma | Mokes\u010di\u0173 deklaracija | Diplomas | Pasas | Vairuotojo pa\u017eym\u0117jimas | Testamentas | Viza | Sutartis | Skyryb\u0173 sutartis | Santuokos sutartis | Sprendimas | Procesas | \u012egaliojimas | Protokolas<\/p>\n<h3 style=\"text-align: justify;\"><strong>Da\u017eniausi vertim\u0173 tvirtinimo \/ legalizavimo tipai (Lietuva):<\/strong><\/h3>\n<ul>\n<li style=\"text-align: justify;\"><strong>Patvirtintas vertimas:<\/strong>vertim\u0105 pateikiame su m\u016bs\u0173 antspaudu ir para\u0161u.<\/li>\n<li style=\"text-align: justify;\"><strong>Prisiekusi\u0173 vert\u0117j\u0173 sistema Lietuvoje:<\/strong>Lietuvoje oficialiai n\u0117ra prisiekusi\u0173 vert\u0117j\u0173, ta\u010diau patvirtinti vertimai atliekami pagal notarin\u0117s tvirtinimo sistemos princip\u0105. Vertim\u0105 parengia profesionalus vert\u0117jas, kuris pasira\u0161o patvirtinimo deklaracij\u0105, o notaras patvirtina vert\u0117jo para\u0161\u0105. Tokiu b\u016bdu parengtas vertimas turi toki\u0105 pa\u010di\u0105 teisin\u0119 gali\u0105 kaip ir prisiekusio vert\u0117jo vertimas kitose Europos S\u0105jungos \u0161alyse. M\u016bs\u0173 vertim\u0173 biuras si\u016blo tiek notaro patvirtintus, tiek biuro antspaudu patvirtintus vertimus, kurie galioja Lietuvoje ir u\u017esienyje.<\/li>\n<li style=\"text-align: justify;\"><strong>Notaro patvirtintas vertimas:<\/strong>notaras patvirtina vert\u0117jo para\u0161\u0105 ant vertimo.<\/li>\n<li style=\"text-align: justify;\"><strong>Vertimas su apostile:<\/strong>kanceliarija patvirtina notaro para\u0161\u0105 ant vertimo.<\/li>\n<li style=\"text-align: justify;\"><strong>Vertimas, legalizuotas ambasadoje arba konsulate:<\/strong>ambasada arba konsulatas patvirtina vertim\u0105 naudoti u\u017esienyje.<\/li>\n<\/ul>\n<h3 data-start=\"3376\" data-end=\"3455\"><strong data-start=\"3376\" data-end=\"3453\">Da\u017eniausi dokument\u0173 legalizavimo tipai oficialiam naudojimui (Lietuvia):<\/strong><\/h3>\n<ul>\n<li style=\"text-align: justify;\"><strong>Legalizavimas su apostile:<\/strong>\u0161alys, pasira\u0161iusios Hagos konvencij\u0105, pripa\u017e\u012fsta dokumento galiojim\u0105 be konsulato ar ambasados vizos, jei dokumentas turi apostil\u0119.<\/li>\n<li style=\"text-align: justify;\"><strong>Legalizavimas ambasadoje ar konsulate:<\/strong>kai kurioms \u0161alims (pvz., Kinijai) reikalingas ambasados ar konsulato patvirtinimas. Visi dokumentai prie\u0161 tai turi b\u016bti patvirtinti\u00a0<strong>notaro ir Kanceliarijos\/Prefekt\u016bros<\/strong>.<\/li>\n<li style=\"text-align: justify;\"><strong>Tikra notaro patvirtinta kopija:<\/strong>notaras patvirtina, kad kopija atitinka original\u0105 (vadinama\u00a0<strong>Vidimus<\/strong>\u00a0arba\u00a0<strong>Brevet<\/strong>). Kai kurie u\u017esienio dokumentai turi b\u016bti pateikiami kaip notaro patvirtintos kopijos.<\/li>\n<li style=\"text-align: justify;\"><strong>Viza:<\/strong>tai legalizavimas atliekamas dokumento kopijoje. Jei neturite originalo, vis tiek galime legalizuoti kopij\u0105.<\/li>\n<li style=\"text-align: justify;\"><strong>Para\u0161o patvirtinimas:<\/strong>notaras patvirtina para\u0161o autenti\u0161kum\u0105, t. y. kad para\u0161as dokumento apa\u010dioje priklauso asmeniui, kuris j\u012f pasira\u0161\u0117. Da\u017eniausiai naudojama\u00a0<strong>\u012fgaliojimams<\/strong>.<\/li>\n<\/ul>\n<p style=\"text-align: justify;\">D\u0117l tinkam\u0173 patvirtinim\u0173 vertimai ir legalizacijos bus priimtini Lietuvoje ir u\u017esienyje. Jei turite klausim\u0173 d\u0117l reikiamo patvirtinimo ar legalizavimo tipo savo dokumentams, nedvejodami susisiekite su m\u016bs\u0173 komanda \u2013 mes pad\u0117sime jums viso proceso metu (Lietuva).<\/p>\n<p>Laukiame galimyb\u0117s bendradarbiauti su\u00a0<a href=\"https:\/\/abc-office.eu\/lt\/\">jumis<\/a>.<\/p>\n<p data-start=\"4710\" data-end=\"4733\" data-is-last-node=\"\" data-is-only-node=\"\"><a href=\"https:\/\/abc-office.eu\/lt\/\">ABC Translation LLC<\/a><\/p>\n<p data-start=\"4710\" data-end=\"4733\" data-is-last-node=\"\" data-is-only-node=\"\"><img loading=\"lazy\" decoding=\"async\" class=\"aligncenter wp-image-271\" src=\"https:\/\/abc-office.ch\/wp-content\/uploads\/2018\/06\/imageedit_1_6241191614.gif\" alt=\"Lietuva\" width=\"437\" height=\"437\" \/><\/p>\n","protected":false},"excerpt":{"rendered":"<p>Lietuva M\u016bs\u0173 vertim\u0173 ir legalizavimo biuras specializuojasi patvirtintuose ir prisiekusi\u0173 vert\u0117j\u0173 vertimuose daugiau nei 80-yje kalb\u0173, taip pat dokument\u0173 legalizavime. M\u016bs\u0173 komanda, \u012fsik\u016brusi Lietuvoje, gali greitai apdoroti j\u016bs\u0173 u\u017eklaus\u0105. Mums tereikia gauti verstin\u0173 dokument\u0173 kopijas (priimami visi formatai). Originali\u0173 dokument\u0173 pateikti nereikia (Lietuva). Pirmiausia, galite naudotis m\u016bs\u0173 el. pa\u0161to adresu (info@abc-office.eu), kontaktine forma arba \u201eWhatsApp\u201c&#8230;<\/p>\n","protected":false},"author":1,"featured_media":231049,"parent":0,"menu_order":0,"comment_status":"closed","ping_status":"closed","template":"","meta":{"sfsi_plus_gutenberg_text_before_share":"","sfsi_plus_gutenberg_show_text_before_share":"","sfsi_plus_gutenberg_icon_type":"","sfsi_plus_gutenberg_icon_alignemt":"","sfsi_plus_gutenburg_max_per_row":"","footnotes":""},"class_list":["post-231048","page","type-page","status-publish","has-post-thumbnail","hentry"],"yoast_head":"<!-- This site is optimized with the Yoast SEO plugin v23.8 - https:\/\/yoast.com\/wordpress\/plugins\/seo\/ -->\n<title>Patvirtintas vertimas Lietuva | Prisiek\u0119s vert\u0117jas Lietuva<\/title>\n<meta name=\"description\" content=\"ABC Translation | Patvirtintas vertimas Lietuva | Prisiek\u0119s vert\u0117jas Lietuva | Notaro legalizavimas | Apostil\u0117 | Konsulatas | Ambasada\" \/>\n<meta name=\"robots\" content=\"index, follow, max-snippet:-1, max-image-preview:large, max-video-preview:-1\" \/>\n<link rel=\"canonical\" href=\"https:\/\/abc-office.eu\/lt\/lietuva\/\" \/>\n<meta property=\"og:locale\" content=\"lt_LT\" \/>\n<meta property=\"og:type\" content=\"article\" \/>\n<meta property=\"og:title\" content=\"Patvirtintas vertimas Lietuva | Prisiek\u0119s vert\u0117jas Lietuva\" \/>\n<meta property=\"og:description\" content=\"ABC Translation | Patvirtintas vertimas Lietuva | Prisiek\u0119s vert\u0117jas Lietuva | Notaro legalizavimas | Apostil\u0117 | Konsulatas | Ambasada\" \/>\n<meta property=\"og:url\" content=\"https:\/\/abc-office.eu\/lt\/lietuva\/\" \/>\n<meta property=\"og:site_name\" content=\"ABC Translation\" \/>\n<meta property=\"article:modified_time\" content=\"2025-10-31T11:54:25+00:00\" \/>\n<meta property=\"og:image\" content=\"https:\/\/abc-office.eu\/wp-content\/uploads\/2025\/10\/lithuania-flag-1080x1920-4k-full-hd-for-iphone-mobile-large-1371058590-542x340-1.jpg\" \/>\n\t<meta property=\"og:image:width\" content=\"542\" \/>\n\t<meta property=\"og:image:height\" content=\"340\" \/>\n\t<meta property=\"og:image:type\" content=\"image\/jpeg\" \/>\n<meta name=\"twitter:card\" content=\"summary_large_image\" \/>\n<meta name=\"twitter:label1\" content=\"Est. reading time\" \/>\n\t<meta name=\"twitter:data1\" content=\"4 minut\u0117s\" \/>\n<script type=\"application\/ld+json\" class=\"yoast-schema-graph\">{\"@context\":\"https:\/\/schema.org\",\"@graph\":[{\"@type\":\"WebPage\",\"@id\":\"https:\/\/abc-office.eu\/lt\/lietuva\/\",\"url\":\"https:\/\/abc-office.eu\/lt\/lietuva\/\",\"name\":\"Patvirtintas vertimas Lietuva | Prisiek\u0119s vert\u0117jas Lietuva\",\"isPartOf\":{\"@id\":\"https:\/\/abc-office.eu\/lt\/#website\"},\"primaryImageOfPage\":{\"@id\":\"https:\/\/abc-office.eu\/lt\/lietuva\/#primaryimage\"},\"image\":{\"@id\":\"https:\/\/abc-office.eu\/lt\/lietuva\/#primaryimage\"},\"thumbnailUrl\":\"https:\/\/abc-office.eu\/wp-content\/uploads\/2025\/10\/lithuania-flag-1080x1920-4k-full-hd-for-iphone-mobile-large-1371058590-542x340-1.jpg\",\"datePublished\":\"2024-04-13T07:42:29+00:00\",\"dateModified\":\"2025-10-31T11:54:25+00:00\",\"description\":\"ABC Translation | Patvirtintas vertimas Lietuva | Prisiek\u0119s vert\u0117jas Lietuva | Notaro legalizavimas | Apostil\u0117 | Konsulatas | Ambasada\",\"breadcrumb\":{\"@id\":\"https:\/\/abc-office.eu\/lt\/lietuva\/#breadcrumb\"},\"inLanguage\":\"lt-LT\",\"potentialAction\":[{\"@type\":\"ReadAction\",\"target\":[\"https:\/\/abc-office.eu\/lt\/lietuva\/\"]}]},{\"@type\":\"ImageObject\",\"inLanguage\":\"lt-LT\",\"@id\":\"https:\/\/abc-office.eu\/lt\/lietuva\/#primaryimage\",\"url\":\"https:\/\/abc-office.eu\/wp-content\/uploads\/2025\/10\/lithuania-flag-1080x1920-4k-full-hd-for-iphone-mobile-large-1371058590-542x340-1.jpg\",\"contentUrl\":\"https:\/\/abc-office.eu\/wp-content\/uploads\/2025\/10\/lithuania-flag-1080x1920-4k-full-hd-for-iphone-mobile-large-1371058590-542x340-1.jpg\",\"width\":542,\"height\":340},{\"@type\":\"BreadcrumbList\",\"@id\":\"https:\/\/abc-office.eu\/lt\/lietuva\/#breadcrumb\",\"itemListElement\":[{\"@type\":\"ListItem\",\"position\":1,\"name\":\"Accueil\",\"item\":\"https:\/\/abc-office.eu\/lt\/\"},{\"@type\":\"ListItem\",\"position\":2,\"name\":\"Lietuva\"}]},{\"@type\":\"WebSite\",\"@id\":\"https:\/\/abc-office.eu\/lt\/#website\",\"url\":\"https:\/\/abc-office.eu\/lt\/\",\"name\":\"ABC Translation\",\"description\":\"info@abc-office.eu\",\"potentialAction\":[{\"@type\":\"SearchAction\",\"target\":{\"@type\":\"EntryPoint\",\"urlTemplate\":\"https:\/\/abc-office.eu\/lt\/?s={search_term_string}\"},\"query-input\":{\"@type\":\"PropertyValueSpecification\",\"valueRequired\":true,\"valueName\":\"search_term_string\"}}],\"inLanguage\":\"lt-LT\"}]}<\/script>\n<!-- \/ Yoast SEO plugin. -->","yoast_head_json":{"title":"Patvirtintas vertimas Lietuva | Prisiek\u0119s vert\u0117jas Lietuva","description":"ABC Translation | Patvirtintas vertimas Lietuva | Prisiek\u0119s vert\u0117jas Lietuva | Notaro legalizavimas | Apostil\u0117 | Konsulatas | Ambasada","robots":{"index":"index","follow":"follow","max-snippet":"max-snippet:-1","max-image-preview":"max-image-preview:large","max-video-preview":"max-video-preview:-1"},"canonical":"https:\/\/abc-office.eu\/lt\/lietuva\/","og_locale":"lt_LT","og_type":"article","og_title":"Patvirtintas vertimas Lietuva | Prisiek\u0119s vert\u0117jas Lietuva","og_description":"ABC Translation | Patvirtintas vertimas Lietuva | Prisiek\u0119s vert\u0117jas Lietuva | Notaro legalizavimas | Apostil\u0117 | Konsulatas | Ambasada","og_url":"https:\/\/abc-office.eu\/lt\/lietuva\/","og_site_name":"ABC Translation","article_modified_time":"2025-10-31T11:54:25+00:00","og_image":[{"width":542,"height":340,"url":"https:\/\/abc-office.eu\/wp-content\/uploads\/2025\/10\/lithuania-flag-1080x1920-4k-full-hd-for-iphone-mobile-large-1371058590-542x340-1.jpg","type":"image\/jpeg"}],"twitter_card":"summary_large_image","twitter_misc":{"Est. reading time":"4 minut\u0117s"},"schema":{"@context":"https:\/\/schema.org","@graph":[{"@type":"WebPage","@id":"https:\/\/abc-office.eu\/lt\/lietuva\/","url":"https:\/\/abc-office.eu\/lt\/lietuva\/","name":"Patvirtintas vertimas Lietuva | Prisiek\u0119s vert\u0117jas Lietuva","isPartOf":{"@id":"https:\/\/abc-office.eu\/lt\/#website"},"primaryImageOfPage":{"@id":"https:\/\/abc-office.eu\/lt\/lietuva\/#primaryimage"},"image":{"@id":"https:\/\/abc-office.eu\/lt\/lietuva\/#primaryimage"},"thumbnailUrl":"https:\/\/abc-office.eu\/wp-content\/uploads\/2025\/10\/lithuania-flag-1080x1920-4k-full-hd-for-iphone-mobile-large-1371058590-542x340-1.jpg","datePublished":"2024-04-13T07:42:29+00:00","dateModified":"2025-10-31T11:54:25+00:00","description":"ABC Translation | Patvirtintas vertimas Lietuva | Prisiek\u0119s vert\u0117jas Lietuva | Notaro legalizavimas | Apostil\u0117 | Konsulatas | Ambasada","breadcrumb":{"@id":"https:\/\/abc-office.eu\/lt\/lietuva\/#breadcrumb"},"inLanguage":"lt-LT","potentialAction":[{"@type":"ReadAction","target":["https:\/\/abc-office.eu\/lt\/lietuva\/"]}]},{"@type":"ImageObject","inLanguage":"lt-LT","@id":"https:\/\/abc-office.eu\/lt\/lietuva\/#primaryimage","url":"https:\/\/abc-office.eu\/wp-content\/uploads\/2025\/10\/lithuania-flag-1080x1920-4k-full-hd-for-iphone-mobile-large-1371058590-542x340-1.jpg","contentUrl":"https:\/\/abc-office.eu\/wp-content\/uploads\/2025\/10\/lithuania-flag-1080x1920-4k-full-hd-for-iphone-mobile-large-1371058590-542x340-1.jpg","width":542,"height":340},{"@type":"BreadcrumbList","@id":"https:\/\/abc-office.eu\/lt\/lietuva\/#breadcrumb","itemListElement":[{"@type":"ListItem","position":1,"name":"Accueil","item":"https:\/\/abc-office.eu\/lt\/"},{"@type":"ListItem","position":2,"name":"Lietuva"}]},{"@type":"WebSite","@id":"https:\/\/abc-office.eu\/lt\/#website","url":"https:\/\/abc-office.eu\/lt\/","name":"ABC Translation","description":"info@abc-office.eu","potentialAction":[{"@type":"SearchAction","target":{"@type":"EntryPoint","urlTemplate":"https:\/\/abc-office.eu\/lt\/?s={search_term_string}"},"query-input":{"@type":"PropertyValueSpecification","valueRequired":true,"valueName":"search_term_string"}}],"inLanguage":"lt-LT"}]}},"_links":{"self":[{"href":"https:\/\/abc-office.eu\/lt\/wp-json\/wp\/v2\/pages\/231048","targetHints":{"allow":["GET"]}}],"collection":[{"href":"https:\/\/abc-office.eu\/lt\/wp-json\/wp\/v2\/pages"}],"about":[{"href":"https:\/\/abc-office.eu\/lt\/wp-json\/wp\/v2\/types\/page"}],"author":[{"embeddable":true,"href":"https:\/\/abc-office.eu\/lt\/wp-json\/wp\/v2\/users\/1"}],"replies":[{"embeddable":true,"href":"https:\/\/abc-office.eu\/lt\/wp-json\/wp\/v2\/comments?post=231048"}],"version-history":[{"count":3,"href":"https:\/\/abc-office.eu\/lt\/wp-json\/wp\/v2\/pages\/231048\/revisions"}],"predecessor-version":[{"id":233237,"href":"https:\/\/abc-office.eu\/lt\/wp-json\/wp\/v2\/pages\/231048\/revisions\/233237"}],"wp:featuredmedia":[{"embeddable":true,"href":"https:\/\/abc-office.eu\/lt\/wp-json\/wp\/v2\/media\/231049"}],"wp:attachment":[{"href":"https:\/\/abc-office.eu\/lt\/wp-json\/wp\/v2\/media?parent=231048"}],"curies":[{"name":"wp","href":"https:\/\/api.w.org\/{rel}","templated":true}]}}