{"id":231009,"date":"2022-04-25T10:26:44","date_gmt":"2022-04-25T08:26:44","guid":{"rendered":"https:\/\/abc-office.eu\/?page_id=231009"},"modified":"2025-10-31T07:37:47","modified_gmt":"2025-10-31T06:37:47","slug":"kontaktai","status":"publish","type":"page","link":"https:\/\/abc-office.eu\/lt\/kontaktai\/","title":{"rendered":"Kontaktai"},"content":{"rendered":"<h2><strong>Kontaktai \u2013 j\u016bs\u0173 vertim\u0173 biuras Europos S\u0105jungoje<\/strong><\/h2>\n<p><br data-start=\"55\" data-end=\"58\" \/>El. pa\u0161tas: <a class=\"decorated-link cursor-pointer\" href=\"mailto:info@abc-office.eu\" rel=\"noopener\" data-start=\"72\" data-end=\"90\">info@abc-office.eu<\/a><\/p>\n<h3 data-start=\"0\" data-end=\"21\"><strong data-start=\"0\" data-end=\"19\">ABC Translation<\/strong><\/h3>\n<p style=\"text-align: justify;\">Visi m\u016bs\u0173 vert\u0117jai ir redaktoriai, \u012fsik\u016br\u0119 Europos S\u0105jungoje, yra baig\u0119 vertimo magistrant\u016bros studijas. Jie specializuojasi \u012fvairiose srityse, tokiose kaip rinkodara, ekonomika, politika, teis\u0117 ir medicina. Jei turite greit\u0105 u\u017eklaus\u0105, u\u017epildykite form\u0105 de\u0161in\u0117je ekrano pus\u0117je. Tuomet m\u016bs\u0173 komanda atsi\u0173s jums pasi\u016blym\u0105, kuriame bus nurodyta vertimo kaina ir atlikimo terminas. M\u016bs\u0173 pasi\u016blymas apima teksto vertim\u0105 ir redagavimo etap\u0105, atliekam\u0105 kito vert\u0117jo, kad b\u016bt\u0173 u\u017etikrinta vertimo kokyb\u0117. I\u0161verst\u0105 ir suredaguot\u0105 tekst\u0105 atsi\u0173sime jums el. Pa\u0161tu. Jei tai yra notaro patvirtintas vertimas, atsi\u0173sime jums j\u012f pa\u0161tu.<\/p>\n<p style=\"text-align: justify;\">Vertimo kokyb\u0117 turi b\u016bti nepriekai\u0161tinga. D\u0117l m\u016bs\u0173 pagrindini\u0173 prana\u0161um\u0173 \u2013 tikslumo, efektyvumo ir punktualumo \u2013 mes kasdien bendradarbiaujame su daugybe \u012fmoni\u0173 ir priva\u010di\u0173 klient\u0173. Atliekame internetini\u0173 svetaini\u0173, oficiali\u0173 dokument\u0173 ir dalykini\u0173 tekst\u0173 vertimus.<\/p>\n<p style=\"text-align: justify;\" data-start=\"962\" data-end=\"1458\" data-is-last-node=\"\" data-is-only-node=\"\">M\u016bs\u0173 kainodara nustatoma pagal tiksli\u0105 Europos S\u0105jungos sistem\u0105. \u0160i asociacija buvo sukurta siekiant sukurti kain\u0173 nustatymo sistem\u0105, kuri atsi\u017evelgia \u012f \u0161altinio teksto sud\u0117tingum\u0105. Kaina gali b\u016bti apskai\u010diuojama pagal \u017eod\u017ei\u0173 skai\u010di\u0173 arba pagal 55 \u017eenkl\u0173 eilut\u0119. \u0160i sistema leid\u017eia i\u0161laikyti visi\u0161k\u0105 skaidrum\u0105 klient\u0173 at\u017evilgiu ir parengti tikslius komercinius pasi\u016blymus. Mes dirbame tiek su \u012fmon\u0117mis, tiek su fiziniais asmenimis visoje Europos <a href=\"https:\/\/abc-office.eu\/lt\/\">S\u0105jungoje<\/a>.<\/p>\n<p data-start=\"962\" data-end=\"1458\" data-is-last-node=\"\" data-is-only-node=\"\"><img loading=\"lazy\" decoding=\"async\" class=\"aligncenter wp-image-28719\" src=\"https:\/\/abc-office.eu\/wp-content\/uploads\/2017\/02\/second_image-300x200.jpg\" alt=\"Kontaktai\" width=\"715\" height=\"476\" srcset=\"https:\/\/abc-office.eu\/wp-content\/uploads\/2017\/02\/second_image-300x200.jpg 300w, https:\/\/abc-office.eu\/wp-content\/uploads\/2017\/02\/second_image-1024x682.jpg 1024w, https:\/\/abc-office.eu\/wp-content\/uploads\/2017\/02\/second_image-768x512.jpg 768w, https:\/\/abc-office.eu\/wp-content\/uploads\/2017\/02\/second_image-1080x720.jpg 1080w, https:\/\/abc-office.eu\/wp-content\/uploads\/2017\/02\/second_image-1280x853.jpg 1280w, https:\/\/abc-office.eu\/wp-content\/uploads\/2017\/02\/second_image-980x653.jpg 980w, https:\/\/abc-office.eu\/wp-content\/uploads\/2017\/02\/second_image-480x320.jpg 480w, https:\/\/abc-office.eu\/wp-content\/uploads\/2017\/02\/second_image.jpg 1400w\" sizes=\"auto, (max-width: 715px) 100vw, 715px\" \/><\/p>\n","protected":false},"excerpt":{"rendered":"<p>Kontaktai \u2013 j\u016bs\u0173 vertim\u0173 biuras Europos S\u0105jungoje El. pa\u0161tas: info@abc-office.eu ABC Translation Visi m\u016bs\u0173 vert\u0117jai ir redaktoriai, \u012fsik\u016br\u0119 Europos S\u0105jungoje, yra baig\u0119 vertimo magistrant\u016bros studijas. Jie specializuojasi \u012fvairiose srityse, tokiose kaip rinkodara, ekonomika, politika, teis\u0117 ir medicina. Jei turite greit\u0105 u\u017eklaus\u0105, u\u017epildykite form\u0105 de\u0161in\u0117je ekrano pus\u0117je. Tuomet m\u016bs\u0173 komanda atsi\u0173s jums pasi\u016blym\u0105, kuriame bus nurodyta&#8230;<\/p>\n","protected":false},"author":1,"featured_media":231010,"parent":0,"menu_order":0,"comment_status":"closed","ping_status":"closed","template":"","meta":{"sfsi_plus_gutenberg_text_before_share":"","sfsi_plus_gutenberg_show_text_before_share":"","sfsi_plus_gutenberg_icon_type":"","sfsi_plus_gutenberg_icon_alignemt":"","sfsi_plus_gutenburg_max_per_row":"","footnotes":""},"class_list":["post-231009","page","type-page","status-publish","has-post-thumbnail","hentry"],"yoast_head":"<!-- This site is optimized with the Yoast SEO plugin v23.8 - https:\/\/yoast.com\/wordpress\/plugins\/seo\/ -->\n<title>Kontaktai | Vertimas | Vert\u0117jas | Europos S\u0105junga | Jungtin\u0117<\/title>\n<meta name=\"description\" content=\"ABC Translation: Kontaktai | Svetaini\u0173 vertimas | Oficiali\u0173 dokument\u0173 vertimas | Specializuoti vertimai | Europos S\u0105junga\" \/>\n<meta name=\"robots\" content=\"index, follow, max-snippet:-1, max-image-preview:large, max-video-preview:-1\" \/>\n<link rel=\"canonical\" href=\"https:\/\/abc-office.eu\/lt\/kontaktai\/\" \/>\n<meta property=\"og:locale\" content=\"lt_LT\" \/>\n<meta property=\"og:type\" content=\"article\" \/>\n<meta property=\"og:title\" content=\"Kontaktai | Vertimas | Vert\u0117jas | Europos S\u0105junga | Jungtin\u0117\" \/>\n<meta property=\"og:description\" content=\"ABC Translation: Kontaktai | Svetaini\u0173 vertimas | Oficiali\u0173 dokument\u0173 vertimas | Specializuoti vertimai | Europos S\u0105junga\" \/>\n<meta property=\"og:url\" content=\"https:\/\/abc-office.eu\/lt\/kontaktai\/\" \/>\n<meta property=\"og:site_name\" content=\"ABC Translation\" \/>\n<meta property=\"article:modified_time\" content=\"2025-10-31T06:37:47+00:00\" \/>\n<meta property=\"og:image\" content=\"https:\/\/abc-office.eu\/wp-content\/uploads\/2025\/10\/Flag_of_Europe-2-768x512-12.png\" \/>\n\t<meta property=\"og:image:width\" content=\"768\" \/>\n\t<meta property=\"og:image:height\" content=\"512\" \/>\n\t<meta property=\"og:image:type\" content=\"image\/png\" \/>\n<meta name=\"twitter:card\" content=\"summary_large_image\" \/>\n<meta name=\"twitter:label1\" content=\"Est. reading time\" \/>\n\t<meta name=\"twitter:data1\" content=\"2 minut\u0117s\" \/>\n<script type=\"application\/ld+json\" class=\"yoast-schema-graph\">{\"@context\":\"https:\/\/schema.org\",\"@graph\":[{\"@type\":\"WebPage\",\"@id\":\"https:\/\/abc-office.eu\/lt\/kontaktai\/\",\"url\":\"https:\/\/abc-office.eu\/lt\/kontaktai\/\",\"name\":\"Kontaktai | Vertimas | Vert\u0117jas | Europos S\u0105junga | Jungtin\u0117\",\"isPartOf\":{\"@id\":\"https:\/\/abc-office.eu\/lt\/#website\"},\"primaryImageOfPage\":{\"@id\":\"https:\/\/abc-office.eu\/lt\/kontaktai\/#primaryimage\"},\"image\":{\"@id\":\"https:\/\/abc-office.eu\/lt\/kontaktai\/#primaryimage\"},\"thumbnailUrl\":\"https:\/\/abc-office.eu\/wp-content\/uploads\/2025\/10\/Flag_of_Europe-2-768x512-12.png\",\"datePublished\":\"2022-04-25T08:26:44+00:00\",\"dateModified\":\"2025-10-31T06:37:47+00:00\",\"description\":\"ABC Translation: Kontaktai | Svetaini\u0173 vertimas | Oficiali\u0173 dokument\u0173 vertimas | Specializuoti vertimai | Europos S\u0105junga\",\"breadcrumb\":{\"@id\":\"https:\/\/abc-office.eu\/lt\/kontaktai\/#breadcrumb\"},\"inLanguage\":\"lt-LT\",\"potentialAction\":[{\"@type\":\"ReadAction\",\"target\":[\"https:\/\/abc-office.eu\/lt\/kontaktai\/\"]}]},{\"@type\":\"ImageObject\",\"inLanguage\":\"lt-LT\",\"@id\":\"https:\/\/abc-office.eu\/lt\/kontaktai\/#primaryimage\",\"url\":\"https:\/\/abc-office.eu\/wp-content\/uploads\/2025\/10\/Flag_of_Europe-2-768x512-12.png\",\"contentUrl\":\"https:\/\/abc-office.eu\/wp-content\/uploads\/2025\/10\/Flag_of_Europe-2-768x512-12.png\",\"width\":768,\"height\":512},{\"@type\":\"BreadcrumbList\",\"@id\":\"https:\/\/abc-office.eu\/lt\/kontaktai\/#breadcrumb\",\"itemListElement\":[{\"@type\":\"ListItem\",\"position\":1,\"name\":\"Accueil\",\"item\":\"https:\/\/abc-office.eu\/lt\/\"},{\"@type\":\"ListItem\",\"position\":2,\"name\":\"Kontaktai\"}]},{\"@type\":\"WebSite\",\"@id\":\"https:\/\/abc-office.eu\/lt\/#website\",\"url\":\"https:\/\/abc-office.eu\/lt\/\",\"name\":\"ABC Translation\",\"description\":\"info@abc-office.eu\",\"potentialAction\":[{\"@type\":\"SearchAction\",\"target\":{\"@type\":\"EntryPoint\",\"urlTemplate\":\"https:\/\/abc-office.eu\/lt\/?s={search_term_string}\"},\"query-input\":{\"@type\":\"PropertyValueSpecification\",\"valueRequired\":true,\"valueName\":\"search_term_string\"}}],\"inLanguage\":\"lt-LT\"}]}<\/script>\n<!-- \/ Yoast SEO plugin. -->","yoast_head_json":{"title":"Kontaktai | Vertimas | Vert\u0117jas | Europos S\u0105junga | Jungtin\u0117","description":"ABC Translation: Kontaktai | Svetaini\u0173 vertimas | Oficiali\u0173 dokument\u0173 vertimas | Specializuoti vertimai | Europos S\u0105junga","robots":{"index":"index","follow":"follow","max-snippet":"max-snippet:-1","max-image-preview":"max-image-preview:large","max-video-preview":"max-video-preview:-1"},"canonical":"https:\/\/abc-office.eu\/lt\/kontaktai\/","og_locale":"lt_LT","og_type":"article","og_title":"Kontaktai | Vertimas | Vert\u0117jas | Europos S\u0105junga | Jungtin\u0117","og_description":"ABC Translation: Kontaktai | Svetaini\u0173 vertimas | Oficiali\u0173 dokument\u0173 vertimas | Specializuoti vertimai | Europos S\u0105junga","og_url":"https:\/\/abc-office.eu\/lt\/kontaktai\/","og_site_name":"ABC Translation","article_modified_time":"2025-10-31T06:37:47+00:00","og_image":[{"width":768,"height":512,"url":"https:\/\/abc-office.eu\/wp-content\/uploads\/2025\/10\/Flag_of_Europe-2-768x512-12.png","type":"image\/png"}],"twitter_card":"summary_large_image","twitter_misc":{"Est. reading time":"2 minut\u0117s"},"schema":{"@context":"https:\/\/schema.org","@graph":[{"@type":"WebPage","@id":"https:\/\/abc-office.eu\/lt\/kontaktai\/","url":"https:\/\/abc-office.eu\/lt\/kontaktai\/","name":"Kontaktai | Vertimas | Vert\u0117jas | Europos S\u0105junga | Jungtin\u0117","isPartOf":{"@id":"https:\/\/abc-office.eu\/lt\/#website"},"primaryImageOfPage":{"@id":"https:\/\/abc-office.eu\/lt\/kontaktai\/#primaryimage"},"image":{"@id":"https:\/\/abc-office.eu\/lt\/kontaktai\/#primaryimage"},"thumbnailUrl":"https:\/\/abc-office.eu\/wp-content\/uploads\/2025\/10\/Flag_of_Europe-2-768x512-12.png","datePublished":"2022-04-25T08:26:44+00:00","dateModified":"2025-10-31T06:37:47+00:00","description":"ABC Translation: Kontaktai | Svetaini\u0173 vertimas | Oficiali\u0173 dokument\u0173 vertimas | Specializuoti vertimai | Europos S\u0105junga","breadcrumb":{"@id":"https:\/\/abc-office.eu\/lt\/kontaktai\/#breadcrumb"},"inLanguage":"lt-LT","potentialAction":[{"@type":"ReadAction","target":["https:\/\/abc-office.eu\/lt\/kontaktai\/"]}]},{"@type":"ImageObject","inLanguage":"lt-LT","@id":"https:\/\/abc-office.eu\/lt\/kontaktai\/#primaryimage","url":"https:\/\/abc-office.eu\/wp-content\/uploads\/2025\/10\/Flag_of_Europe-2-768x512-12.png","contentUrl":"https:\/\/abc-office.eu\/wp-content\/uploads\/2025\/10\/Flag_of_Europe-2-768x512-12.png","width":768,"height":512},{"@type":"BreadcrumbList","@id":"https:\/\/abc-office.eu\/lt\/kontaktai\/#breadcrumb","itemListElement":[{"@type":"ListItem","position":1,"name":"Accueil","item":"https:\/\/abc-office.eu\/lt\/"},{"@type":"ListItem","position":2,"name":"Kontaktai"}]},{"@type":"WebSite","@id":"https:\/\/abc-office.eu\/lt\/#website","url":"https:\/\/abc-office.eu\/lt\/","name":"ABC Translation","description":"info@abc-office.eu","potentialAction":[{"@type":"SearchAction","target":{"@type":"EntryPoint","urlTemplate":"https:\/\/abc-office.eu\/lt\/?s={search_term_string}"},"query-input":{"@type":"PropertyValueSpecification","valueRequired":true,"valueName":"search_term_string"}}],"inLanguage":"lt-LT"}]}},"_links":{"self":[{"href":"https:\/\/abc-office.eu\/lt\/wp-json\/wp\/v2\/pages\/231009","targetHints":{"allow":["GET"]}}],"collection":[{"href":"https:\/\/abc-office.eu\/lt\/wp-json\/wp\/v2\/pages"}],"about":[{"href":"https:\/\/abc-office.eu\/lt\/wp-json\/wp\/v2\/types\/page"}],"author":[{"embeddable":true,"href":"https:\/\/abc-office.eu\/lt\/wp-json\/wp\/v2\/users\/1"}],"replies":[{"embeddable":true,"href":"https:\/\/abc-office.eu\/lt\/wp-json\/wp\/v2\/comments?post=231009"}],"version-history":[{"count":2,"href":"https:\/\/abc-office.eu\/lt\/wp-json\/wp\/v2\/pages\/231009\/revisions"}],"predecessor-version":[{"id":233227,"href":"https:\/\/abc-office.eu\/lt\/wp-json\/wp\/v2\/pages\/231009\/revisions\/233227"}],"wp:featuredmedia":[{"embeddable":true,"href":"https:\/\/abc-office.eu\/lt\/wp-json\/wp\/v2\/media\/231010"}],"wp:attachment":[{"href":"https:\/\/abc-office.eu\/lt\/wp-json\/wp\/v2\/media?parent=231009"}],"curies":[{"name":"wp","href":"https:\/\/api.w.org\/{rel}","templated":true}]}}