{"id":230983,"date":"2022-04-25T09:58:57","date_gmt":"2022-04-25T07:58:57","guid":{"rendered":"https:\/\/abc-office.eu\/?page_id=230983"},"modified":"2025-10-31T07:35:35","modified_gmt":"2025-10-31T06:35:35","slug":"teise","status":"publish","type":"page","link":"https:\/\/abc-office.eu\/lt\/teise\/","title":{"rendered":"Teis\u0117"},"content":{"rendered":"<h2 data-start=\"0\" data-end=\"7\">Teis\u0117<\/h2>\n<p style=\"text-align: justify;\" data-start=\"9\" data-end=\"287\">M\u016bs\u0173 \u012fmon\u0117 ABC Translation specializuojasi keliose srityse, kurios da\u017enai susijusios su Europos S\u0105jungos ir tarptautine teise. Kasdien bendradarbiaujame su notarais, advokatais ir teisininkais. Galime patenkinti visus j\u016bs\u0173 teisinius poreikius visoje Europos S\u0105jungoje.<\/p>\n<h3 data-start=\"289\" data-end=\"303\"><strong data-start=\"289\" data-end=\"301\">Notaras:<\/strong><\/h3>\n<p style=\"text-align: justify;\">Mes bendradarbiaujame su notaru, kad gal\u0117tume jums patarti ir pasi\u016blyti kokybi\u0161kas paslaugas, susijusias su vis\u0173 j\u016bs\u0173 dokument\u0173 rengimu ir tvirtinimu. Specializuojam\u0117s labai specifin\u0117se srityse, tokiose kaip \u0161eimos ir \u017eem\u0117s teis\u0117, turto valdymas, \u012fmoni\u0173 teis\u0117, tarptautiniai ar tarpvalstybiniai klient\u0173 klausimai, \u012fgaliojimai ir autentifikacija.<\/p>\n<h3 data-start=\"693\" data-end=\"716\"><strong data-start=\"693\" data-end=\"714\">Advokat\u0173 kontora:<\/strong><\/h3>\n<p style=\"text-align: justify;\">M\u016bs\u0173 kontora sub\u016br\u0117 advokatus, dirbusius bankuose, tarptautin\u0117se \u012fmon\u0117se, patikos bendrov\u0117se ir teisin\u0117se firmose tiek Europos S\u0105jungoje, tiek ir u\u017e jos rib\u0173. Jie specializuojasi \u0161iose srityse: darbo teis\u0117, atleidimas i\u0161 darbo, nuoma, mokes\u010diai, patikrinimai, atostogos, i\u0161keldinimas, vidaus ir tarptautin\u0117s sutartys, sandoriai, paskirstymas, pardavimas, fran\u0161iz\u0117, konkurencija, \u012fmon\u0117s, verslo perleidimas, \u0161eimos teis\u0117, skyrybos, paveld\u0117jimas, testamentai, bendrasavininkyst\u0117, turto dalybos, balansai, nekilnojamasis turtas, bendrasavininki\u0173 teis\u0117, statybos teis\u0117, ekspertiz\u0117s, susijungimai ir \u012fsigijimai (M&amp;A), atsakomyb\u0117s garantijos, baud\u017eiamoji teis\u0117, verslo teis\u0117, klastot\u0117s, suk\u010diavimai, bankininkyst\u0117, paskolos, prie\u0161taravimai, draudimas, skol\u0173 i\u0161ie\u0161kojimas, vykdymas, \u017ealos atlyginimas, u\u017estatai, turto are\u0161tai, pirmojo pareikalavimo garantijos, IT, internetas, internetin\u0117s svetain\u0117s, licencijos, atsakomyb\u0117, etika, profesijos, \u012fmoni\u0173 restrukt\u016brizavimas, likvidavimas ir vie\u0161oji teis\u0117.<\/p>\n<h3 data-start=\"1697\" data-end=\"1727\"><strong data-start=\"1697\" data-end=\"1725\">Teisininkas:<\/strong><\/h3>\n<p style=\"text-align: justify;\">M\u016bs\u0173 komandos teisininkai kasdien konsultuoja \u012fvairiais teis\u0117s klausimais (komerciniais, mokes\u010di\u0173, aplinkosaugos ir kt.). Prevencin\u0117je stadijoje jie teikia patarimus, pavyzd\u017eiui, rengiant ir derinant sutartis. Jie taip pat \u012fsitraukia \u201egydomajame\u201c etape, kai i\u0161kyla teismini\u0173 gin\u010d\u0173, nors patys neatstovauja klientams teisme, nes n\u0117ra advokat\u016bros nariai. Galiausiai jie u\u017etikrina \u012fmon\u0117s sprendim\u0173 pri\u0117mimo proced\u016br\u0173 teis\u0117tum\u0105, pavyzd\u017eiui, rengdami valdybos pos\u0117d\u017eius.<\/p>\n<h3 data-start=\"2210\" data-end=\"2239\"><strong data-start=\"2210\" data-end=\"2237\">Teisin\u0117s konsultacijos:<\/strong><\/h3>\n<p style=\"text-align: justify;\">M\u016bs\u0173 firmos teisin\u0117s konsultacijos suteikia galimyb\u0119 kiekvienam asmeniui, nepriklausomai nuo jo pajam\u0173, gauti patarim\u0173 ir informacijos. Juos teikia m\u016bs\u0173 teis\u0117s skyriaus advokatai ir teisininkai, o konsultacijos yra anonimin\u0117s, konfidencialios ir prieinamos\u00a0<a href=\"https:\/\/abc-office.eu\/lt\/\">visiems<\/a>.<\/p>\n<p data-start=\"2241\" data-end=\"2517\" data-is-last-node=\"\" data-is-only-node=\"\"><img loading=\"lazy\" decoding=\"async\" class=\"aligncenter wp-image-141\" src=\"https:\/\/abc-office.ch\/wp-content\/uploads\/2018\/06\/Droit11-300x225.jpg\" alt=\"Teis\u0117\" width=\"383\" height=\"287\" \/><\/p>\n","protected":false},"excerpt":{"rendered":"<p>Teis\u0117 M\u016bs\u0173 \u012fmon\u0117 ABC Translation specializuojasi keliose srityse, kurios da\u017enai susijusios su Europos S\u0105jungos ir tarptautine teise. Kasdien bendradarbiaujame su notarais, advokatais ir teisininkais. Galime patenkinti visus j\u016bs\u0173 teisinius poreikius visoje Europos S\u0105jungoje. Notaras: Mes bendradarbiaujame su notaru, kad gal\u0117tume jums patarti ir pasi\u016blyti kokybi\u0161kas paslaugas, susijusias su vis\u0173 j\u016bs\u0173 dokument\u0173 rengimu ir tvirtinimu. Specializuojam\u0117s&#8230;<\/p>\n","protected":false},"author":1,"featured_media":230984,"parent":0,"menu_order":0,"comment_status":"closed","ping_status":"closed","template":"","meta":{"sfsi_plus_gutenberg_text_before_share":"","sfsi_plus_gutenberg_show_text_before_share":"","sfsi_plus_gutenberg_icon_type":"","sfsi_plus_gutenberg_icon_alignemt":"","sfsi_plus_gutenburg_max_per_row":"","footnotes":""},"class_list":["post-230983","page","type-page","status-publish","has-post-thumbnail","hentry"],"yoast_head":"<!-- This site is optimized with the Yoast SEO plugin v23.8 - https:\/\/yoast.com\/wordpress\/plugins\/seo\/ -->\n<title>Teis\u0117 l ABC Translation l Notaras l Advokat\u0173 kontora l Teisininkas<\/title>\n<meta name=\"description\" content=\"ABC Translation l Teis\u0117 l Notaras l Advokat\u0173 kontora l Teisininkas l Teisin\u0117s konsultacijos l Europos S\u0105junga ir tarptautin\u0117 teis\u0117 l \u017dem\u0117s\" \/>\n<meta name=\"robots\" content=\"index, follow, max-snippet:-1, max-image-preview:large, max-video-preview:-1\" \/>\n<link rel=\"canonical\" href=\"https:\/\/abc-office.eu\/lt\/teise\/\" \/>\n<meta property=\"og:locale\" content=\"lt_LT\" \/>\n<meta property=\"og:type\" content=\"article\" \/>\n<meta property=\"og:title\" content=\"Teis\u0117 l ABC Translation l Notaras l Advokat\u0173 kontora l Teisininkas\" \/>\n<meta property=\"og:description\" content=\"ABC Translation l Teis\u0117 l Notaras l Advokat\u0173 kontora l Teisininkas l Teisin\u0117s konsultacijos l Europos S\u0105junga ir tarptautin\u0117 teis\u0117 l \u017dem\u0117s\" \/>\n<meta property=\"og:url\" content=\"https:\/\/abc-office.eu\/lt\/teise\/\" \/>\n<meta property=\"og:site_name\" content=\"ABC Translation\" \/>\n<meta property=\"article:modified_time\" content=\"2025-10-31T06:35:35+00:00\" \/>\n<meta property=\"og:image\" content=\"https:\/\/abc-office.eu\/wp-content\/uploads\/2025\/10\/Droit1-768x432-12.jpg\" \/>\n\t<meta property=\"og:image:width\" content=\"768\" \/>\n\t<meta property=\"og:image:height\" content=\"432\" \/>\n\t<meta property=\"og:image:type\" content=\"image\/jpeg\" \/>\n<meta name=\"twitter:card\" content=\"summary_large_image\" \/>\n<meta name=\"twitter:label1\" content=\"Est. reading time\" \/>\n\t<meta name=\"twitter:data1\" content=\"2 minut\u0117s\" \/>\n<script type=\"application\/ld+json\" class=\"yoast-schema-graph\">{\"@context\":\"https:\/\/schema.org\",\"@graph\":[{\"@type\":\"WebPage\",\"@id\":\"https:\/\/abc-office.eu\/lt\/teise\/\",\"url\":\"https:\/\/abc-office.eu\/lt\/teise\/\",\"name\":\"Teis\u0117 l ABC Translation l Notaras l Advokat\u0173 kontora l Teisininkas\",\"isPartOf\":{\"@id\":\"https:\/\/abc-office.eu\/lt\/#website\"},\"primaryImageOfPage\":{\"@id\":\"https:\/\/abc-office.eu\/lt\/teise\/#primaryimage\"},\"image\":{\"@id\":\"https:\/\/abc-office.eu\/lt\/teise\/#primaryimage\"},\"thumbnailUrl\":\"https:\/\/abc-office.eu\/wp-content\/uploads\/2025\/10\/Droit1-768x432-12.jpg\",\"datePublished\":\"2022-04-25T07:58:57+00:00\",\"dateModified\":\"2025-10-31T06:35:35+00:00\",\"description\":\"ABC Translation l Teis\u0117 l Notaras l Advokat\u0173 kontora l Teisininkas l Teisin\u0117s konsultacijos l Europos S\u0105junga ir tarptautin\u0117 teis\u0117 l \u017dem\u0117s\",\"breadcrumb\":{\"@id\":\"https:\/\/abc-office.eu\/lt\/teise\/#breadcrumb\"},\"inLanguage\":\"lt-LT\",\"potentialAction\":[{\"@type\":\"ReadAction\",\"target\":[\"https:\/\/abc-office.eu\/lt\/teise\/\"]}]},{\"@type\":\"ImageObject\",\"inLanguage\":\"lt-LT\",\"@id\":\"https:\/\/abc-office.eu\/lt\/teise\/#primaryimage\",\"url\":\"https:\/\/abc-office.eu\/wp-content\/uploads\/2025\/10\/Droit1-768x432-12.jpg\",\"contentUrl\":\"https:\/\/abc-office.eu\/wp-content\/uploads\/2025\/10\/Droit1-768x432-12.jpg\",\"width\":768,\"height\":432},{\"@type\":\"BreadcrumbList\",\"@id\":\"https:\/\/abc-office.eu\/lt\/teise\/#breadcrumb\",\"itemListElement\":[{\"@type\":\"ListItem\",\"position\":1,\"name\":\"Accueil\",\"item\":\"https:\/\/abc-office.eu\/lt\/\"},{\"@type\":\"ListItem\",\"position\":2,\"name\":\"Teis\u0117\"}]},{\"@type\":\"WebSite\",\"@id\":\"https:\/\/abc-office.eu\/lt\/#website\",\"url\":\"https:\/\/abc-office.eu\/lt\/\",\"name\":\"ABC Translation\",\"description\":\"info@abc-office.eu\",\"potentialAction\":[{\"@type\":\"SearchAction\",\"target\":{\"@type\":\"EntryPoint\",\"urlTemplate\":\"https:\/\/abc-office.eu\/lt\/?s={search_term_string}\"},\"query-input\":{\"@type\":\"PropertyValueSpecification\",\"valueRequired\":true,\"valueName\":\"search_term_string\"}}],\"inLanguage\":\"lt-LT\"}]}<\/script>\n<!-- \/ Yoast SEO plugin. -->","yoast_head_json":{"title":"Teis\u0117 l ABC Translation l Notaras l Advokat\u0173 kontora l Teisininkas","description":"ABC Translation l Teis\u0117 l Notaras l Advokat\u0173 kontora l Teisininkas l Teisin\u0117s konsultacijos l Europos S\u0105junga ir tarptautin\u0117 teis\u0117 l \u017dem\u0117s","robots":{"index":"index","follow":"follow","max-snippet":"max-snippet:-1","max-image-preview":"max-image-preview:large","max-video-preview":"max-video-preview:-1"},"canonical":"https:\/\/abc-office.eu\/lt\/teise\/","og_locale":"lt_LT","og_type":"article","og_title":"Teis\u0117 l ABC Translation l Notaras l Advokat\u0173 kontora l Teisininkas","og_description":"ABC Translation l Teis\u0117 l Notaras l Advokat\u0173 kontora l Teisininkas l Teisin\u0117s konsultacijos l Europos S\u0105junga ir tarptautin\u0117 teis\u0117 l \u017dem\u0117s","og_url":"https:\/\/abc-office.eu\/lt\/teise\/","og_site_name":"ABC Translation","article_modified_time":"2025-10-31T06:35:35+00:00","og_image":[{"width":768,"height":432,"url":"https:\/\/abc-office.eu\/wp-content\/uploads\/2025\/10\/Droit1-768x432-12.jpg","type":"image\/jpeg"}],"twitter_card":"summary_large_image","twitter_misc":{"Est. reading time":"2 minut\u0117s"},"schema":{"@context":"https:\/\/schema.org","@graph":[{"@type":"WebPage","@id":"https:\/\/abc-office.eu\/lt\/teise\/","url":"https:\/\/abc-office.eu\/lt\/teise\/","name":"Teis\u0117 l ABC Translation l Notaras l Advokat\u0173 kontora l Teisininkas","isPartOf":{"@id":"https:\/\/abc-office.eu\/lt\/#website"},"primaryImageOfPage":{"@id":"https:\/\/abc-office.eu\/lt\/teise\/#primaryimage"},"image":{"@id":"https:\/\/abc-office.eu\/lt\/teise\/#primaryimage"},"thumbnailUrl":"https:\/\/abc-office.eu\/wp-content\/uploads\/2025\/10\/Droit1-768x432-12.jpg","datePublished":"2022-04-25T07:58:57+00:00","dateModified":"2025-10-31T06:35:35+00:00","description":"ABC Translation l Teis\u0117 l Notaras l Advokat\u0173 kontora l Teisininkas l Teisin\u0117s konsultacijos l Europos S\u0105junga ir tarptautin\u0117 teis\u0117 l \u017dem\u0117s","breadcrumb":{"@id":"https:\/\/abc-office.eu\/lt\/teise\/#breadcrumb"},"inLanguage":"lt-LT","potentialAction":[{"@type":"ReadAction","target":["https:\/\/abc-office.eu\/lt\/teise\/"]}]},{"@type":"ImageObject","inLanguage":"lt-LT","@id":"https:\/\/abc-office.eu\/lt\/teise\/#primaryimage","url":"https:\/\/abc-office.eu\/wp-content\/uploads\/2025\/10\/Droit1-768x432-12.jpg","contentUrl":"https:\/\/abc-office.eu\/wp-content\/uploads\/2025\/10\/Droit1-768x432-12.jpg","width":768,"height":432},{"@type":"BreadcrumbList","@id":"https:\/\/abc-office.eu\/lt\/teise\/#breadcrumb","itemListElement":[{"@type":"ListItem","position":1,"name":"Accueil","item":"https:\/\/abc-office.eu\/lt\/"},{"@type":"ListItem","position":2,"name":"Teis\u0117"}]},{"@type":"WebSite","@id":"https:\/\/abc-office.eu\/lt\/#website","url":"https:\/\/abc-office.eu\/lt\/","name":"ABC Translation","description":"info@abc-office.eu","potentialAction":[{"@type":"SearchAction","target":{"@type":"EntryPoint","urlTemplate":"https:\/\/abc-office.eu\/lt\/?s={search_term_string}"},"query-input":{"@type":"PropertyValueSpecification","valueRequired":true,"valueName":"search_term_string"}}],"inLanguage":"lt-LT"}]}},"_links":{"self":[{"href":"https:\/\/abc-office.eu\/lt\/wp-json\/wp\/v2\/pages\/230983","targetHints":{"allow":["GET"]}}],"collection":[{"href":"https:\/\/abc-office.eu\/lt\/wp-json\/wp\/v2\/pages"}],"about":[{"href":"https:\/\/abc-office.eu\/lt\/wp-json\/wp\/v2\/types\/page"}],"author":[{"embeddable":true,"href":"https:\/\/abc-office.eu\/lt\/wp-json\/wp\/v2\/users\/1"}],"replies":[{"embeddable":true,"href":"https:\/\/abc-office.eu\/lt\/wp-json\/wp\/v2\/comments?post=230983"}],"version-history":[{"count":3,"href":"https:\/\/abc-office.eu\/lt\/wp-json\/wp\/v2\/pages\/230983\/revisions"}],"predecessor-version":[{"id":233226,"href":"https:\/\/abc-office.eu\/lt\/wp-json\/wp\/v2\/pages\/230983\/revisions\/233226"}],"wp:featuredmedia":[{"embeddable":true,"href":"https:\/\/abc-office.eu\/lt\/wp-json\/wp\/v2\/media\/230984"}],"wp:attachment":[{"href":"https:\/\/abc-office.eu\/lt\/wp-json\/wp\/v2\/media?parent=230983"}],"curies":[{"name":"wp","href":"https:\/\/api.w.org\/{rel}","templated":true}]}}