{"id":230859,"date":"2017-02-16T09:16:01","date_gmt":"2017-02-16T08:16:01","guid":{"rendered":"https:\/\/abc-office.eu\/?page_id=230859"},"modified":"2025-10-30T17:01:05","modified_gmt":"2025-10-30T16:01:05","slug":"nekilnojamasis-turtas","status":"publish","type":"page","link":"https:\/\/abc-office.eu\/lt\/nekilnojamasis-turtas\/","title":{"rendered":"Nekilnojamasis turtas"},"content":{"rendered":"<h2 data-start=\"0\" data-end=\"23\">Nekilnojamasis turtas<\/h2>\n<p style=\"text-align: justify;\">M\u016bs\u0173 nekilnojamojo turto agent\u016bra\u00a0<strong>ABC Translation<\/strong>\u00a0prad\u0117jo savo veikl\u0105 2017 metais, \u012fsigydama 5,5 kambario but\u0105 \u0160veicarijoje, siekdama paversti j\u012f tarptautini\u0173 student\u0173 bendrabu\u010diu. Kadangi netoliese yra Lozanos universitetas ir EPFL, rezidencija tapo s\u0117kminga vos tik jai atsidarius 2017 m. rugs\u0117j\u012f. 4 kambariai buvo i\u0161nuomoti per kelias dienas, ir taip gim\u0117 m\u016bs\u0173 nekilnojamojo turto skyrius.<\/p>\n<p style=\"text-align: justify;\">Nuo \u0161ios pirmosios patirties mes nuolat augame ir dabar galime valdyti j\u016bs\u0173 turto pirkim\u0105, pardavim\u0105, nuom\u0105 bei administravim\u0105 tiek \u0160veicarijoje, tiek ir kitose \u0161alyse.<\/p>\n<h3 data-start=\"591\" data-end=\"606\"><strong data-start=\"591\" data-end=\"604\">Pirkimas:<\/strong><\/h3>\n<p style=\"text-align: justify;\">Nekilnojamojo turto pirkimas yra itin svarbus sprendimas, kuris tur\u0117s \u012ftakos j\u016bs\u0173 atei\u010diai daugel\u012f met\u0173. Toks sprendimas netur\u0117t\u0173 b\u016bti priimamas lengvab\u016bdi\u0161kai. Tod\u0117l svarbu pasirinkti tinkam\u0105 partner\u012f, kuris gal\u0117t\u0173 patarti keliais svarbiais klausimais, tokiais kaip turto b\u016bkl\u0117, hipotekos apskai\u010diavimas ir ilgalaikio investavimo perspektyvos. Tinkama situacijos analiz\u0117 u\u017etikrins patikim\u0105 ir saug\u0173 pirkim\u0105.<\/p>\n<h3 data-start=\"1016\" data-end=\"1033\"><strong data-start=\"1016\" data-end=\"1031\">Pardavimas:<\/strong><\/h3>\n<p style=\"text-align: justify;\">\u0160veicarijos nekilnojamojo turto rinka nuolat vystosi, o kainos nuolat kyla. Esame pasiek\u0119 lemiam\u0105 moment\u0105, kai pasi\u016bla vir\u0161ija paklaus\u0105, ir dabar tampa sud\u0117tinga parduoti turt\u0105, atsi\u017evelgiant \u012f didel\u012f parduodam\u0173 b\u016bst\u0173 kiek\u012f. Kreipdamiesi \u012f ekspertus, j\u016bs padidinate savo galimybes parduoti turt\u0105 per trumpesn\u012f laik\u0105 ir u\u017e pageidaujam\u0105 kain\u0105. Pasinaudokite m\u016bs\u0173 tinklu visoje \u0160veicarijoje ir pasaulyje, kad padidintum\u0117te s\u0117km\u0117s tikimyb\u0119.<\/p>\n<h3 data-start=\"1484\" data-end=\"1496\"><strong data-start=\"1484\" data-end=\"1494\">Nuoma:<\/strong><\/h3>\n<p style=\"text-align: justify;\">Atrodo, kad i\u0161nuomoti savo turt\u0105 yra paprasta, ta\u010diau yra daug sp\u0105st\u0173, kuri\u0173 reik\u0117t\u0173 vengti, kai norite i\u0161nuomoti but\u0105, nam\u0105 ar net kambar\u012f. Prie\u0161 pasirenkant potencial\u0173 nuominink\u0105, b\u016btina sudaryti jo dosj\u0117, pavyzd\u017eiui, gauti jo skol\u0173 i\u0161ra\u0161\u0105 ir paskutinius tris algalapius. Po to turi b\u016bti sumok\u0117tas u\u017estatas \u2013 bankiniu pavedimu arba u\u017etikrinant u\u017estato sumok\u0117jim\u0105 per draudimo bendrov\u0119.<\/p>\n<h3 data-start=\"1893\" data-end=\"1923\"><strong data-start=\"1893\" data-end=\"1921\">Student\u0173 apgyvendinimas:<\/strong><\/h3>\n<p style=\"text-align: justify;\">Turime kelet\u0105 student\u0173 apgyvendinimo viet\u0173 tiek trumpam, tiek ir ilgesniam laikotarpiui. Dauguma m\u016bs\u0173 apgyvendinimo viet\u0173 yra netoli Lozanos universiteto, EPFL, ECAL ir EHL. Populiariausi yra bendri kambariai ir studijos. Reik\u0117t\u0173 planuoti i\u0161 anksto, kad b\u016btum\u0117te tikri, jog tur\u0117site kur gyventi mokslo met\u0173 prad\u017eiai.<\/p>\n<h3><strong>B\u016bsto paie\u0161ka (nekilnojamas turtas):<\/strong><\/h3>\n<p style=\"text-align: justify;\">Sunku rasti b\u016bst\u0105 pagal j\u016bs\u0173 kriterijus, o gal susiduriate su problemomis ie\u0161kodami nuomojamo buto? M\u016bs\u0173 paie\u0161kos specialistai pasiruo\u0161\u0119 jums pad\u0117ti rasti b\u016bst\u0105 kuo grei\u010diau. Pasitelkdami m\u016bs\u0173 tinkl\u0105 ir profesionalum\u0105, surasime jums b\u016bst\u0105, atitinkant\u012f j\u016bs\u0173 poreikius ir kriterijus.<\/p>\n<h3><strong>Nam\u0173 apstatymas pardavimui:<\/strong><\/h3>\n<p style=\"text-align: justify;\">Sunku parduoti savo turt\u0105? Tokiu atveju galite kreiptis \u012f m\u016bs\u0173\u00a0<strong>Home Staging (nam\u0173 apstatymo pardavimui)<\/strong>\u00a0komand\u0105, kuri specializuojasi but\u0173 ir nam\u0173 i\u0161vaizdos gerinime, siekiant palengvinti j\u0173 pardavim\u0105. \u0160is metodas pasiteisino turtui, kuriam reikia greito atnaujinimo ar keli\u0173 pakeitim\u0173, kad i\u0161siskirt\u0173 rinkoje.<\/p>\n<h3 data-start=\"2947\" data-end=\"2970\"><strong data-start=\"2947\" data-end=\"2968\">Turto vertinimas:<\/strong><\/h3>\n<p style=\"text-align: justify;\" data-start=\"2972\" data-end=\"3242\" data-is-last-node=\"\" data-is-only-node=\"\">Tinkamas turto \u012fvertinimas, atsi\u017evelgiant \u012f rinkos kain\u0105, yra labai svarbus s\u0117kmingam pardavimui u\u017e teising\u0105 kain\u0105. Atsi\u017evelgdami \u012f tokius kriterijus kaip statybos metai ir vieta, galime \u012fvertinti j\u016bs\u0173 turt\u0105 kuo tiksliau pagal dabartin\u0119 nekilnojamojo turto rinkos <a href=\"https:\/\/abc-office.eu\/lt\/\">vert\u0119<\/a>.<\/p>\n<p data-start=\"2972\" data-end=\"3242\" data-is-last-node=\"\" data-is-only-node=\"\"><a href=\"https:\/\/www.instagram.com\/dr_immo\/?hl=fr\"><img loading=\"lazy\" decoding=\"async\" class=\"aligncenter wp-image-109\" src=\"https:\/\/abc-office.ch\/wp-content\/uploads\/2018\/06\/Dr_Immo.jpg\" alt=\"Nekilnojamasis turtas\" width=\"222\" height=\"222\" \/><\/a><\/p>\n","protected":false},"excerpt":{"rendered":"<p>Nekilnojamasis turtas M\u016bs\u0173 nekilnojamojo turto agent\u016bra\u00a0ABC Translation\u00a0prad\u0117jo savo veikl\u0105 2017 metais, \u012fsigydama 5,5 kambario but\u0105 \u0160veicarijoje, siekdama paversti j\u012f tarptautini\u0173 student\u0173 bendrabu\u010diu. Kadangi netoliese yra Lozanos universitetas ir EPFL, rezidencija tapo s\u0117kminga vos tik jai atsidarius 2017 m. rugs\u0117j\u012f. 4 kambariai buvo i\u0161nuomoti per kelias dienas, ir taip gim\u0117 m\u016bs\u0173 nekilnojamojo turto skyrius. Nuo \u0161ios&#8230;<\/p>\n","protected":false},"author":1,"featured_media":230860,"parent":0,"menu_order":0,"comment_status":"closed","ping_status":"closed","template":"","meta":{"sfsi_plus_gutenberg_text_before_share":"","sfsi_plus_gutenberg_show_text_before_share":"","sfsi_plus_gutenberg_icon_type":"","sfsi_plus_gutenberg_icon_alignemt":"","sfsi_plus_gutenburg_max_per_row":"","footnotes":""},"class_list":["post-230859","page","type-page","status-publish","has-post-thumbnail","hentry"],"yoast_head":"<!-- This site is optimized with the Yoast SEO plugin v23.8 - https:\/\/yoast.com\/wordpress\/plugins\/seo\/ -->\n<title>Nekilnojamasis turtas l ABC Translation l Pirkti l Parduoti l Nuomoti<\/title>\n<meta name=\"description\" content=\"ABC Translation l Nekilnojamasis turtas l Pirkti l Parduoti l Nuomoti l I\u0161nuomoti l Student\u0173 apgyvendinimas l Nam\u0173 paruo\u0161imas pardavimui\" \/>\n<meta name=\"robots\" content=\"index, follow, max-snippet:-1, max-image-preview:large, max-video-preview:-1\" \/>\n<link rel=\"canonical\" href=\"https:\/\/abc-office.eu\/lt\/nekilnojamasis-turtas\/\" \/>\n<meta property=\"og:locale\" content=\"lt_LT\" \/>\n<meta property=\"og:type\" content=\"article\" \/>\n<meta property=\"og:title\" content=\"Nekilnojamasis turtas l ABC Translation l Pirkti l Parduoti l Nuomoti\" \/>\n<meta property=\"og:description\" content=\"ABC Translation l Nekilnojamasis turtas l Pirkti l Parduoti l Nuomoti l I\u0161nuomoti l Student\u0173 apgyvendinimas l Nam\u0173 paruo\u0161imas pardavimui\" \/>\n<meta property=\"og:url\" content=\"https:\/\/abc-office.eu\/lt\/nekilnojamasis-turtas\/\" \/>\n<meta property=\"og:site_name\" content=\"ABC Translation\" \/>\n<meta property=\"article:modified_time\" content=\"2025-10-30T16:01:05+00:00\" \/>\n<meta property=\"og:image\" content=\"https:\/\/abc-office.eu\/wp-content\/uploads\/2025\/10\/Immo-768x513-12.jpg\" \/>\n\t<meta property=\"og:image:width\" content=\"768\" \/>\n\t<meta property=\"og:image:height\" content=\"513\" \/>\n\t<meta property=\"og:image:type\" content=\"image\/jpeg\" \/>\n<meta name=\"twitter:card\" content=\"summary_large_image\" \/>\n<meta name=\"twitter:label1\" content=\"Est. reading time\" \/>\n\t<meta name=\"twitter:data1\" content=\"3 minut\u0117s\" \/>\n<script type=\"application\/ld+json\" class=\"yoast-schema-graph\">{\"@context\":\"https:\/\/schema.org\",\"@graph\":[{\"@type\":\"WebPage\",\"@id\":\"https:\/\/abc-office.eu\/lt\/nekilnojamasis-turtas\/\",\"url\":\"https:\/\/abc-office.eu\/lt\/nekilnojamasis-turtas\/\",\"name\":\"Nekilnojamasis turtas l ABC Translation l Pirkti l Parduoti l Nuomoti\",\"isPartOf\":{\"@id\":\"https:\/\/abc-office.eu\/lt\/#website\"},\"primaryImageOfPage\":{\"@id\":\"https:\/\/abc-office.eu\/lt\/nekilnojamasis-turtas\/#primaryimage\"},\"image\":{\"@id\":\"https:\/\/abc-office.eu\/lt\/nekilnojamasis-turtas\/#primaryimage\"},\"thumbnailUrl\":\"https:\/\/abc-office.eu\/wp-content\/uploads\/2025\/10\/Immo-768x513-12.jpg\",\"datePublished\":\"2017-02-16T08:16:01+00:00\",\"dateModified\":\"2025-10-30T16:01:05+00:00\",\"description\":\"ABC Translation l Nekilnojamasis turtas l Pirkti l Parduoti l Nuomoti l I\u0161nuomoti l Student\u0173 apgyvendinimas l Nam\u0173 paruo\u0161imas pardavimui\",\"breadcrumb\":{\"@id\":\"https:\/\/abc-office.eu\/lt\/nekilnojamasis-turtas\/#breadcrumb\"},\"inLanguage\":\"lt-LT\",\"potentialAction\":[{\"@type\":\"ReadAction\",\"target\":[\"https:\/\/abc-office.eu\/lt\/nekilnojamasis-turtas\/\"]}]},{\"@type\":\"ImageObject\",\"inLanguage\":\"lt-LT\",\"@id\":\"https:\/\/abc-office.eu\/lt\/nekilnojamasis-turtas\/#primaryimage\",\"url\":\"https:\/\/abc-office.eu\/wp-content\/uploads\/2025\/10\/Immo-768x513-12.jpg\",\"contentUrl\":\"https:\/\/abc-office.eu\/wp-content\/uploads\/2025\/10\/Immo-768x513-12.jpg\",\"width\":768,\"height\":513},{\"@type\":\"BreadcrumbList\",\"@id\":\"https:\/\/abc-office.eu\/lt\/nekilnojamasis-turtas\/#breadcrumb\",\"itemListElement\":[{\"@type\":\"ListItem\",\"position\":1,\"name\":\"Accueil\",\"item\":\"https:\/\/abc-office.eu\/lt\/\"},{\"@type\":\"ListItem\",\"position\":2,\"name\":\"Nekilnojamasis turtas\"}]},{\"@type\":\"WebSite\",\"@id\":\"https:\/\/abc-office.eu\/lt\/#website\",\"url\":\"https:\/\/abc-office.eu\/lt\/\",\"name\":\"ABC Translation\",\"description\":\"info@abc-office.eu\",\"potentialAction\":[{\"@type\":\"SearchAction\",\"target\":{\"@type\":\"EntryPoint\",\"urlTemplate\":\"https:\/\/abc-office.eu\/lt\/?s={search_term_string}\"},\"query-input\":{\"@type\":\"PropertyValueSpecification\",\"valueRequired\":true,\"valueName\":\"search_term_string\"}}],\"inLanguage\":\"lt-LT\"}]}<\/script>\n<!-- \/ Yoast SEO plugin. -->","yoast_head_json":{"title":"Nekilnojamasis turtas l ABC Translation l Pirkti l Parduoti l Nuomoti","description":"ABC Translation l Nekilnojamasis turtas l Pirkti l Parduoti l Nuomoti l I\u0161nuomoti l Student\u0173 apgyvendinimas l Nam\u0173 paruo\u0161imas pardavimui","robots":{"index":"index","follow":"follow","max-snippet":"max-snippet:-1","max-image-preview":"max-image-preview:large","max-video-preview":"max-video-preview:-1"},"canonical":"https:\/\/abc-office.eu\/lt\/nekilnojamasis-turtas\/","og_locale":"lt_LT","og_type":"article","og_title":"Nekilnojamasis turtas l ABC Translation l Pirkti l Parduoti l Nuomoti","og_description":"ABC Translation l Nekilnojamasis turtas l Pirkti l Parduoti l Nuomoti l I\u0161nuomoti l Student\u0173 apgyvendinimas l Nam\u0173 paruo\u0161imas pardavimui","og_url":"https:\/\/abc-office.eu\/lt\/nekilnojamasis-turtas\/","og_site_name":"ABC Translation","article_modified_time":"2025-10-30T16:01:05+00:00","og_image":[{"width":768,"height":513,"url":"https:\/\/abc-office.eu\/wp-content\/uploads\/2025\/10\/Immo-768x513-12.jpg","type":"image\/jpeg"}],"twitter_card":"summary_large_image","twitter_misc":{"Est. reading time":"3 minut\u0117s"},"schema":{"@context":"https:\/\/schema.org","@graph":[{"@type":"WebPage","@id":"https:\/\/abc-office.eu\/lt\/nekilnojamasis-turtas\/","url":"https:\/\/abc-office.eu\/lt\/nekilnojamasis-turtas\/","name":"Nekilnojamasis turtas l ABC Translation l Pirkti l Parduoti l Nuomoti","isPartOf":{"@id":"https:\/\/abc-office.eu\/lt\/#website"},"primaryImageOfPage":{"@id":"https:\/\/abc-office.eu\/lt\/nekilnojamasis-turtas\/#primaryimage"},"image":{"@id":"https:\/\/abc-office.eu\/lt\/nekilnojamasis-turtas\/#primaryimage"},"thumbnailUrl":"https:\/\/abc-office.eu\/wp-content\/uploads\/2025\/10\/Immo-768x513-12.jpg","datePublished":"2017-02-16T08:16:01+00:00","dateModified":"2025-10-30T16:01:05+00:00","description":"ABC Translation l Nekilnojamasis turtas l Pirkti l Parduoti l Nuomoti l I\u0161nuomoti l Student\u0173 apgyvendinimas l Nam\u0173 paruo\u0161imas pardavimui","breadcrumb":{"@id":"https:\/\/abc-office.eu\/lt\/nekilnojamasis-turtas\/#breadcrumb"},"inLanguage":"lt-LT","potentialAction":[{"@type":"ReadAction","target":["https:\/\/abc-office.eu\/lt\/nekilnojamasis-turtas\/"]}]},{"@type":"ImageObject","inLanguage":"lt-LT","@id":"https:\/\/abc-office.eu\/lt\/nekilnojamasis-turtas\/#primaryimage","url":"https:\/\/abc-office.eu\/wp-content\/uploads\/2025\/10\/Immo-768x513-12.jpg","contentUrl":"https:\/\/abc-office.eu\/wp-content\/uploads\/2025\/10\/Immo-768x513-12.jpg","width":768,"height":513},{"@type":"BreadcrumbList","@id":"https:\/\/abc-office.eu\/lt\/nekilnojamasis-turtas\/#breadcrumb","itemListElement":[{"@type":"ListItem","position":1,"name":"Accueil","item":"https:\/\/abc-office.eu\/lt\/"},{"@type":"ListItem","position":2,"name":"Nekilnojamasis turtas"}]},{"@type":"WebSite","@id":"https:\/\/abc-office.eu\/lt\/#website","url":"https:\/\/abc-office.eu\/lt\/","name":"ABC Translation","description":"info@abc-office.eu","potentialAction":[{"@type":"SearchAction","target":{"@type":"EntryPoint","urlTemplate":"https:\/\/abc-office.eu\/lt\/?s={search_term_string}"},"query-input":{"@type":"PropertyValueSpecification","valueRequired":true,"valueName":"search_term_string"}}],"inLanguage":"lt-LT"}]}},"_links":{"self":[{"href":"https:\/\/abc-office.eu\/lt\/wp-json\/wp\/v2\/pages\/230859","targetHints":{"allow":["GET"]}}],"collection":[{"href":"https:\/\/abc-office.eu\/lt\/wp-json\/wp\/v2\/pages"}],"about":[{"href":"https:\/\/abc-office.eu\/lt\/wp-json\/wp\/v2\/types\/page"}],"author":[{"embeddable":true,"href":"https:\/\/abc-office.eu\/lt\/wp-json\/wp\/v2\/users\/1"}],"replies":[{"embeddable":true,"href":"https:\/\/abc-office.eu\/lt\/wp-json\/wp\/v2\/comments?post=230859"}],"version-history":[{"count":3,"href":"https:\/\/abc-office.eu\/lt\/wp-json\/wp\/v2\/pages\/230859\/revisions"}],"predecessor-version":[{"id":233190,"href":"https:\/\/abc-office.eu\/lt\/wp-json\/wp\/v2\/pages\/230859\/revisions\/233190"}],"wp:featuredmedia":[{"embeddable":true,"href":"https:\/\/abc-office.eu\/lt\/wp-json\/wp\/v2\/media\/230860"}],"wp:attachment":[{"href":"https:\/\/abc-office.eu\/lt\/wp-json\/wp\/v2\/media?parent=230859"}],"curies":[{"name":"wp","href":"https:\/\/api.w.org\/{rel}","templated":true}]}}