{"id":230748,"date":"2017-02-16T09:13:19","date_gmt":"2017-02-16T08:13:19","guid":{"rendered":"https:\/\/abc-office.eu\/?page_id=230748"},"modified":"2025-10-30T16:53:31","modified_gmt":"2025-10-30T15:53:31","slug":"pagrindinis-puslapis","status":"publish","type":"page","link":"https:\/\/abc-office.eu\/lt\/","title":{"rendered":"Pagrindinis puslapis"},"content":{"rendered":"<h2 data-start=\"138\" data-end=\"161\"><strong data-start=\"142\" data-end=\"161\">ABC Translation<\/strong><\/h2>\n<p style=\"text-align: justify;\"><strong>ABC Translation<\/strong>\u00a0specializuojasi keliose srityse, tokiose kaip vertimai, nekilnojamasis turtas, legalizacija, teis\u0117 ir relokacija. Tur\u0117dama daugiau nei 500 darbuotoj\u0173 visame pasaulyje,\u00a0<strong>ABC Translation<\/strong>\u00a0yra \u0161i\u0173 sri\u010di\u0173 lyder\u0117 ir didel\u0117s kvalifikuot\u0173 specialist\u0173 komandos d\u0117ka gali veikti itin greitai. \u012emon\u0119 sudaro atstovai i\u0161 55 skirting\u0173 tautybi\u0173, o ry\u0161iai palaikomi daugiau nei 85 \u0161alyse. \u012emon\u0117 pasinaudojo globalizacija, kad pritraukt\u0173 vis reiklesn\u0119 klient\u016br\u0105.<\/p>\n<p><strong data-start=\"647\" data-end=\"677\">ABC Translation skai\u010diais:<\/strong><\/p>\n<ul>\n<li data-start=\"679\" data-end=\"886\">500 darbuotoj\u0173 visame pasaulyje<\/li>\n<li data-start=\"679\" data-end=\"886\">60 kalb\u0173, kuriomis kalbama<\/li>\n<li data-start=\"679\" data-end=\"886\">4000 projekt\u0173 per metus<\/li>\n<li data-start=\"679\" data-end=\"886\">Daugiau nei 10 met\u0173 patirtis<\/li>\n<li data-start=\"679\" data-end=\"886\">Daugiau nei 1000 nuolatini\u0173 verslo klient\u0173<\/li>\n<li data-start=\"679\" data-end=\"886\">Daugiau nei 2000 priva\u010di\u0173 klient\u0173 kasmet<\/li>\n<\/ul>\n<p style=\"text-align: justify;\">Mes bendradarbiaujame su keliais notar\u0173 biurais, kad gal\u0117tume kuo grei\u010diau legalizuoti \u012fvairius dokumentus. Kai reikia dokument\u0173 i\u0161vykstantiems \u012f u\u017esien\u012f, dirbame su ambasadomis, konsulatais ir kanceliarijomis. \u0160i\u0173 skirting\u0173 \u012fstaig\u0173 bendradarbiavimas leid\u017eia mums b\u016bti itin operatyviais, kai reikia i\u0161versti ir legalizuoti j\u016bs\u0173 dokumentus rekordi\u0161kai greitai. Be to, m\u016bs\u0173 dvira\u010di\u0173 kurjeriai u\u017etikrina dokument\u0173 pristatym\u0105 \u012f \u012fvairius biurus, tausodami aplink\u0105. V\u0117liau galutiniam siuntimui Europoje ir visame pasaulyje naudojam\u0117s Europos pa\u0161to paslaugomis ir DHL.<\/p>\n<p style=\"text-align: justify;\">M\u016bs\u0173 paslaug\u0173 kokyb\u0117 ir greitis per daugel\u012f met\u0173 \u017eenkliai pager\u0117jo. \u0160ioje srityje greita reakcija yra s\u0117km\u0117s raktas. M\u016bs\u0173 infrastrukt\u016bra sukurta taip, kad gal\u0117tume dar grei\u010diau reaguoti \u012f klient\u0173 u\u017eklausas. Nor\u0117dami greitai susisiekti, galite su mums paskambinti telefonu arba para\u0161yti el. lai\u0161k\u0105. Taip pat galima naudotis de\u0161in\u0117je pus\u0117je esan\u010dia kontaktine forma, ypa\u010d siun\u010diant dokumentus. Paprastai pasi\u016blym\u0105 atsiun\u010diame per 10\u201320 minu\u010di\u0173 nuo fail\u0173 gavimo. Jame bus nurodyta bendra projekto kaina ir \u012fvykdymo terminas.<\/p>\n<p style=\"text-align: justify;\" data-start=\"1979\" data-end=\"2061\">Visa komanda yra j\u016bs\u0173 paslaugoms ir nekantriai laukia galimyb\u0117s bendradarbiauti.<\/p>\n<p data-start=\"1979\" data-end=\"2061\"><img loading=\"lazy\" decoding=\"async\" class=\"wp-image-298 aligncenter\" src=\"https:\/\/abc-office.ch\/wp-content\/uploads\/2020\/03\/bim91-1024x682.jpg\" alt=\"ABC Translation\" width=\"634\" height=\"422\" \/><\/p>\n","protected":false},"excerpt":{"rendered":"<p>ABC Translation ABC Translation\u00a0specializuojasi keliose srityse, tokiose kaip vertimai, nekilnojamasis turtas, legalizacija, teis\u0117 ir relokacija. Tur\u0117dama daugiau nei 500 darbuotoj\u0173 visame pasaulyje,\u00a0ABC Translation\u00a0yra \u0161i\u0173 sri\u010di\u0173 lyder\u0117 ir didel\u0117s kvalifikuot\u0173 specialist\u0173 komandos d\u0117ka gali veikti itin greitai. \u012emon\u0119 sudaro atstovai i\u0161 55 skirting\u0173 tautybi\u0173, o ry\u0161iai palaikomi daugiau nei 85 \u0161alyse. \u012emon\u0117 pasinaudojo globalizacija, kad pritraukt\u0173&#8230;<\/p>\n","protected":false},"author":1,"featured_media":230749,"parent":0,"menu_order":0,"comment_status":"closed","ping_status":"closed","template":"","meta":{"sfsi_plus_gutenberg_text_before_share":"","sfsi_plus_gutenberg_show_text_before_share":"","sfsi_plus_gutenberg_icon_type":"","sfsi_plus_gutenberg_icon_alignemt":"","sfsi_plus_gutenburg_max_per_row":"","footnotes":""},"class_list":["post-230748","page","type-page","status-publish","has-post-thumbnail","hentry"],"yoast_head":"<!-- This site is optimized with the Yoast SEO plugin v23.8 - https:\/\/yoast.com\/wordpress\/plugins\/seo\/ -->\n<title>ABC Translation | Vertimai | Legalizacija | Nekilnojamasis turtas<\/title>\n<meta name=\"description\" content=\"ABC Translation | Legalizacija | Nekilnojamasis turtas | Ekspatams | Vertimas \u017eod\u017eiu | Notaras | Advokat\u0173 kontora | Asmen\u0173 relokacija | \u012emon\u0117\" \/>\n<meta name=\"robots\" content=\"index, follow, max-snippet:-1, max-image-preview:large, max-video-preview:-1\" \/>\n<link rel=\"canonical\" href=\"https:\/\/abc-office.eu\/lt\/\" \/>\n<meta property=\"og:locale\" content=\"lt_LT\" \/>\n<meta property=\"og:type\" content=\"article\" \/>\n<meta property=\"og:title\" content=\"ABC Translation | Vertimai | Legalizacija | Nekilnojamasis turtas\" \/>\n<meta property=\"og:description\" content=\"ABC Translation | Legalizacija | Nekilnojamasis turtas | Ekspatams | Vertimas \u017eod\u017eiu | Notaras | Advokat\u0173 kontora | Asmen\u0173 relokacija | \u012emon\u0117\" \/>\n<meta property=\"og:url\" content=\"https:\/\/abc-office.eu\/lt\/\" \/>\n<meta property=\"og:site_name\" content=\"ABC Translation\" \/>\n<meta property=\"article:modified_time\" content=\"2025-10-30T15:53:31+00:00\" \/>\n<meta property=\"og:image\" content=\"https:\/\/abc-office.eu\/wp-content\/uploads\/2025\/10\/6190976a-768x433-12.jpg\" \/>\n\t<meta property=\"og:image:width\" content=\"768\" \/>\n\t<meta property=\"og:image:height\" content=\"433\" \/>\n\t<meta property=\"og:image:type\" content=\"image\/jpeg\" \/>\n<meta name=\"twitter:card\" content=\"summary_large_image\" \/>\n<meta name=\"twitter:label1\" content=\"Est. reading time\" \/>\n\t<meta name=\"twitter:data1\" content=\"2 minut\u0117s\" \/>\n<script type=\"application\/ld+json\" class=\"yoast-schema-graph\">{\"@context\":\"https:\/\/schema.org\",\"@graph\":[{\"@type\":\"WebPage\",\"@id\":\"https:\/\/abc-office.eu\/lt\/\",\"url\":\"https:\/\/abc-office.eu\/lt\/\",\"name\":\"ABC Translation | Vertimai | Legalizacija | Nekilnojamasis turtas\",\"isPartOf\":{\"@id\":\"https:\/\/abc-office.eu\/lt\/#website\"},\"primaryImageOfPage\":{\"@id\":\"https:\/\/abc-office.eu\/lt\/#primaryimage\"},\"image\":{\"@id\":\"https:\/\/abc-office.eu\/lt\/#primaryimage\"},\"thumbnailUrl\":\"https:\/\/abc-office.eu\/wp-content\/uploads\/2025\/10\/6190976a-768x433-12.jpg\",\"datePublished\":\"2017-02-16T08:13:19+00:00\",\"dateModified\":\"2025-10-30T15:53:31+00:00\",\"description\":\"ABC Translation | Legalizacija | Nekilnojamasis turtas | Ekspatams | Vertimas \u017eod\u017eiu | Notaras | Advokat\u0173 kontora | Asmen\u0173 relokacija | \u012emon\u0117\",\"breadcrumb\":{\"@id\":\"https:\/\/abc-office.eu\/lt\/#breadcrumb\"},\"inLanguage\":\"lt-LT\",\"potentialAction\":[{\"@type\":\"ReadAction\",\"target\":[\"https:\/\/abc-office.eu\/lt\/\"]}]},{\"@type\":\"ImageObject\",\"inLanguage\":\"lt-LT\",\"@id\":\"https:\/\/abc-office.eu\/lt\/#primaryimage\",\"url\":\"https:\/\/abc-office.eu\/wp-content\/uploads\/2025\/10\/6190976a-768x433-12.jpg\",\"contentUrl\":\"https:\/\/abc-office.eu\/wp-content\/uploads\/2025\/10\/6190976a-768x433-12.jpg\",\"width\":768,\"height\":433},{\"@type\":\"BreadcrumbList\",\"@id\":\"https:\/\/abc-office.eu\/lt\/#breadcrumb\",\"itemListElement\":[{\"@type\":\"ListItem\",\"position\":1,\"name\":\"Accueil\",\"item\":\"https:\/\/abc-office.eu\/lt\/\"},{\"@type\":\"ListItem\",\"position\":2,\"name\":\"Pagrindinis puslapis\"}]},{\"@type\":\"WebSite\",\"@id\":\"https:\/\/abc-office.eu\/lt\/#website\",\"url\":\"https:\/\/abc-office.eu\/lt\/\",\"name\":\"ABC Translation\",\"description\":\"info@abc-office.eu\",\"potentialAction\":[{\"@type\":\"SearchAction\",\"target\":{\"@type\":\"EntryPoint\",\"urlTemplate\":\"https:\/\/abc-office.eu\/lt\/?s={search_term_string}\"},\"query-input\":{\"@type\":\"PropertyValueSpecification\",\"valueRequired\":true,\"valueName\":\"search_term_string\"}}],\"inLanguage\":\"lt-LT\"}]}<\/script>\n<!-- \/ Yoast SEO plugin. -->","yoast_head_json":{"title":"ABC Translation | Vertimai | Legalizacija | Nekilnojamasis turtas","description":"ABC Translation | Legalizacija | Nekilnojamasis turtas | Ekspatams | Vertimas \u017eod\u017eiu | Notaras | Advokat\u0173 kontora | Asmen\u0173 relokacija | \u012emon\u0117","robots":{"index":"index","follow":"follow","max-snippet":"max-snippet:-1","max-image-preview":"max-image-preview:large","max-video-preview":"max-video-preview:-1"},"canonical":"https:\/\/abc-office.eu\/lt\/","og_locale":"lt_LT","og_type":"article","og_title":"ABC Translation | Vertimai | Legalizacija | Nekilnojamasis turtas","og_description":"ABC Translation | Legalizacija | Nekilnojamasis turtas | Ekspatams | Vertimas \u017eod\u017eiu | Notaras | Advokat\u0173 kontora | Asmen\u0173 relokacija | \u012emon\u0117","og_url":"https:\/\/abc-office.eu\/lt\/","og_site_name":"ABC Translation","article_modified_time":"2025-10-30T15:53:31+00:00","og_image":[{"width":768,"height":433,"url":"https:\/\/abc-office.eu\/wp-content\/uploads\/2025\/10\/6190976a-768x433-12.jpg","type":"image\/jpeg"}],"twitter_card":"summary_large_image","twitter_misc":{"Est. reading time":"2 minut\u0117s"},"schema":{"@context":"https:\/\/schema.org","@graph":[{"@type":"WebPage","@id":"https:\/\/abc-office.eu\/lt\/","url":"https:\/\/abc-office.eu\/lt\/","name":"ABC Translation | Vertimai | Legalizacija | Nekilnojamasis turtas","isPartOf":{"@id":"https:\/\/abc-office.eu\/lt\/#website"},"primaryImageOfPage":{"@id":"https:\/\/abc-office.eu\/lt\/#primaryimage"},"image":{"@id":"https:\/\/abc-office.eu\/lt\/#primaryimage"},"thumbnailUrl":"https:\/\/abc-office.eu\/wp-content\/uploads\/2025\/10\/6190976a-768x433-12.jpg","datePublished":"2017-02-16T08:13:19+00:00","dateModified":"2025-10-30T15:53:31+00:00","description":"ABC Translation | Legalizacija | Nekilnojamasis turtas | Ekspatams | Vertimas \u017eod\u017eiu | Notaras | Advokat\u0173 kontora | Asmen\u0173 relokacija | \u012emon\u0117","breadcrumb":{"@id":"https:\/\/abc-office.eu\/lt\/#breadcrumb"},"inLanguage":"lt-LT","potentialAction":[{"@type":"ReadAction","target":["https:\/\/abc-office.eu\/lt\/"]}]},{"@type":"ImageObject","inLanguage":"lt-LT","@id":"https:\/\/abc-office.eu\/lt\/#primaryimage","url":"https:\/\/abc-office.eu\/wp-content\/uploads\/2025\/10\/6190976a-768x433-12.jpg","contentUrl":"https:\/\/abc-office.eu\/wp-content\/uploads\/2025\/10\/6190976a-768x433-12.jpg","width":768,"height":433},{"@type":"BreadcrumbList","@id":"https:\/\/abc-office.eu\/lt\/#breadcrumb","itemListElement":[{"@type":"ListItem","position":1,"name":"Accueil","item":"https:\/\/abc-office.eu\/lt\/"},{"@type":"ListItem","position":2,"name":"Pagrindinis puslapis"}]},{"@type":"WebSite","@id":"https:\/\/abc-office.eu\/lt\/#website","url":"https:\/\/abc-office.eu\/lt\/","name":"ABC Translation","description":"info@abc-office.eu","potentialAction":[{"@type":"SearchAction","target":{"@type":"EntryPoint","urlTemplate":"https:\/\/abc-office.eu\/lt\/?s={search_term_string}"},"query-input":{"@type":"PropertyValueSpecification","valueRequired":true,"valueName":"search_term_string"}}],"inLanguage":"lt-LT"}]}},"_links":{"self":[{"href":"https:\/\/abc-office.eu\/lt\/wp-json\/wp\/v2\/pages\/230748","targetHints":{"allow":["GET"]}}],"collection":[{"href":"https:\/\/abc-office.eu\/lt\/wp-json\/wp\/v2\/pages"}],"about":[{"href":"https:\/\/abc-office.eu\/lt\/wp-json\/wp\/v2\/types\/page"}],"author":[{"embeddable":true,"href":"https:\/\/abc-office.eu\/lt\/wp-json\/wp\/v2\/users\/1"}],"replies":[{"embeddable":true,"href":"https:\/\/abc-office.eu\/lt\/wp-json\/wp\/v2\/comments?post=230748"}],"version-history":[{"count":3,"href":"https:\/\/abc-office.eu\/lt\/wp-json\/wp\/v2\/pages\/230748\/revisions"}],"predecessor-version":[{"id":233188,"href":"https:\/\/abc-office.eu\/lt\/wp-json\/wp\/v2\/pages\/230748\/revisions\/233188"}],"wp:featuredmedia":[{"embeddable":true,"href":"https:\/\/abc-office.eu\/lt\/wp-json\/wp\/v2\/media\/230749"}],"wp:attachment":[{"href":"https:\/\/abc-office.eu\/lt\/wp-json\/wp\/v2\/media?parent=230748"}],"curies":[{"name":"wp","href":"https:\/\/api.w.org\/{rel}","templated":true}]}}