{"id":225797,"date":"2023-09-25T10:17:10","date_gmt":"2023-09-25T08:17:10","guid":{"rendered":"https:\/\/abc-office.eu\/?page_id=225797"},"modified":"2025-10-15T04:01:55","modified_gmt":"2025-10-15T02:01:55","slug":"traduzione-giurata-italia","status":"publish","type":"page","link":"https:\/\/abc-office.eu\/it\/italia\/traduzione-giurata-italia\/","title":{"rendered":"Traduzione giurata Italia"},"content":{"rendered":"<h2 data-start=\"108\" data-end=\"143\">Traduzione giurata Italia<\/h2>\n<p style=\"text-align: justify;\">Da molti anni la nostra agenzia, ABC Translation, \u00e8 specializzata nel settore della traduzione giurata. Siamo infatti in grado di fornirvi tutti i servizi legati a questo settore, che si tratti di una traduzione ufficiale (giurata), di una traduzione semplice o di un servizio di interpretariato (traduzione giurata Italia).<\/p>\n<p style=\"text-align: justify;\">Con un team di oltre 500 traduttori e interpreti, sappiamo gestire qualsiasi tipo di progetto entro tempistiche estremamente brevi. Qualit\u00e0 e prontezza ed efficacia nella risposta sono le nostre parole d\u2019ordine per risultati sempre all\u2019altezza delle aspettative dei nostri clienti. Siamo presenti su tutto il territorio francese. Presenza e rapidit\u00e0 sono stati gli elementi determinanti della nostra crescita ed oggi offriamo servizi di traduzione in oltre 60 lingue diverse (traduzione giurata Italia).<\/p>\n<h3>Traduzione ufficiale (giurata):<\/h3>\n<p style=\"text-align: justify;\">Siamo specializzati nella traduzione ufficiale (giurata), un servizio essenziale per agevolarvi al vostro\u00a0arrivo\u00a0in Italia o per un viaggio all\u2019estero. Le traduzioni sono generalmente legalizzate presso il nostro notaio e successivamente presso la Cancelleria con apostille o legalizzazione a seconda della convenzione cui aderiscono i Paesi destinatari. I tempi richiesti dai clienti sono spesso molto brevi.<\/p>\n<p style=\"text-align: justify;\" data-start=\"1318\" data-end=\"1662\">Per questo motivo abbiamo predisposto un sistema che consente di tradurre, legalizzare e apostillare i documenti in tempi record. Ad esempio, ci occorrono due giorni per svolgere le varie fasi relative a un documento di meno di 5 pagine. Queste traduzioni possono poi essere legalizzate dal consolato del paese di destinazione, se necessario.<\/p>\n<p style=\"text-align: justify;\">La traduzione ufficiale (giurata) per il riconoscimento in Italia dei diplomi a voi rilasciati nei vostri paesi d&#8217;origine rientra anch\u2019essa nella gamma di servizi che mettiamo a disposizione. Anche in questo caso, traduciamo i documenti e li legalizziamo presso il nostro notaio affinch\u00e9 possano essere accettati dagli dagli enti competenti. Il vostro fascicolo sar\u00e0 cos\u00ec pronto per essere analizzato dagli organi di riconoscimento.<\/p>\n<h3 data-start=\"2033\" data-end=\"2046\"><strong data-start=\"2033\" data-end=\"2044\">Lingue:<\/strong><\/h3>\n<p style=\"text-align: justify;\" data-start=\"2048\" data-end=\"2871\">Afrikaans | Albanese | Tedesco | Americano | Amarico | Inglese | Arabo | Armeno | Aymara | Azero | Basco | Bengalese | Bielorusso | Birmano | Bosniaco | Brasiliano | Bulgaro | Cantonese | Catalano | Singalese | Cinese | Cinese semplificato | Cinese tradizionale | Coreano | Croato | Danese | Dari | Spagnolo | Estone | Ewe | Farsi | Finlandese | Georgiano | Greco | Guaran\u00ed | Ebraico | Hindi | Ungherese | Indonesiano | Italiano | Giapponese | Kazako | Khmer | Kirghiso | Curdo | Lao | Lettone | Lingala | Lituano | Macedone | Malese | Malayalam | Mandarino | Moldavo | Mongolo | Montenegrino | Olandese | Norvegese | Urdu | Uzbeco | Pashtu | Punjabi | Persiano | Fula | Polacco | Portoghese | Quechua | Romeno | Russo | Serbo | Slovacco | Sloveno | Svedese | Tamil | Ceco | Thai | Turco | Turkmeno | Ucraino | Vietnamita<\/p>\n<h3 data-start=\"2873\" data-end=\"2889\"><strong data-start=\"2873\" data-end=\"2887\">Documenti:<\/strong><\/h3>\n<p style=\"text-align: justify;\">Certificato di nascita | Certificato di matrimonio | Certificato di stato civile | Attestato | Brevetto | Casellario giudiziale | Certificato | Certificato di stato libero | Certificato di morte | Stato di famiglia | Certificato di lavoro | Dichiarazione dei redditi | Diploma | Passaporto | Patente di guida | Testamento | Visto | Contratto | Contratto di divorzio | Contratto di matrimonio | Sentenza | Procedura | Procura | Verbale<\/p>\n<p style=\"text-align: justify;\">Per qualsiasi altra lingua, non esitate a <a href=\"https:\/\/abc-office.eu\/it\/\">contattarci<\/a>.<\/p>\n<p data-start=\"3325\" data-end=\"3374\"><img loading=\"lazy\" decoding=\"async\" class=\"aligncenter wp-image-26 size-medium\" src=\"https:\/\/abc-office.ch\/wp-content\/uploads\/2018\/06\/imageedit_1_6241191614-300x300.gif\" alt=\"Traduzione giurata Italia\" width=\"300\" height=\"300\" \/><\/p>\n","protected":false},"excerpt":{"rendered":"<p>Traduzione giurata Italia Da molti anni la nostra agenzia, ABC Translation, \u00e8 specializzata nel settore della traduzione giurata. Siamo infatti in grado di fornirvi tutti i servizi legati a questo settore, che si tratti di una traduzione ufficiale (giurata), di una traduzione semplice o di un servizio di interpretariato (traduzione giurata Italia). Con un team&#8230;<\/p>\n","protected":false},"author":1,"featured_media":54423,"parent":225795,"menu_order":0,"comment_status":"closed","ping_status":"closed","template":"","meta":{"sfsi_plus_gutenberg_text_before_share":"","sfsi_plus_gutenberg_show_text_before_share":"","sfsi_plus_gutenberg_icon_type":"","sfsi_plus_gutenberg_icon_alignemt":"","sfsi_plus_gutenburg_max_per_row":"","footnotes":""},"class_list":["post-225797","page","type-page","status-publish","has-post-thumbnail","hentry"],"yoast_head":"<!-- This site is optimized with the Yoast SEO plugin v23.8 - https:\/\/yoast.com\/wordpress\/plugins\/seo\/ -->\n<title>Traduzione giurata Italia | Traduttore giurato Italia | Ufficiale<\/title>\n<meta name=\"description\" content=\"ABC Translation | Traduzione giurata Italia | Traduttore giurato Italia | Traduzione ufficiale Italia | Traduttore certificato Italia\" \/>\n<meta name=\"robots\" content=\"index, follow, max-snippet:-1, max-image-preview:large, max-video-preview:-1\" \/>\n<link rel=\"canonical\" href=\"https:\/\/abc-office.eu\/it\/italia\/traduzione-giurata-italia\/\" \/>\n<meta property=\"og:locale\" content=\"it_IT\" \/>\n<meta property=\"og:type\" content=\"article\" \/>\n<meta property=\"og:title\" content=\"Traduzione giurata Italia | Traduttore giurato Italia | Ufficiale\" \/>\n<meta property=\"og:description\" content=\"ABC Translation | Traduzione giurata Italia | Traduttore giurato Italia | Traduzione ufficiale Italia | Traduttore certificato Italia\" \/>\n<meta property=\"og:url\" content=\"https:\/\/abc-office.eu\/it\/italia\/traduzione-giurata-italia\/\" \/>\n<meta property=\"og:site_name\" content=\"ABC Translation\" \/>\n<meta property=\"article:modified_time\" content=\"2025-10-15T02:01:55+00:00\" \/>\n<meta property=\"og:image\" content=\"https:\/\/abc-office.eu\/wp-content\/uploads\/2023\/02\/flag-italy.jpg\" \/>\n\t<meta property=\"og:image:width\" content=\"1920\" \/>\n\t<meta property=\"og:image:height\" content=\"1344\" \/>\n\t<meta property=\"og:image:type\" content=\"image\/jpeg\" \/>\n<meta name=\"twitter:card\" content=\"summary_large_image\" \/>\n<meta name=\"twitter:label1\" content=\"Tempo di lettura stimato\" \/>\n\t<meta name=\"twitter:data1\" content=\"3 minuti\" \/>\n<script type=\"application\/ld+json\" class=\"yoast-schema-graph\">{\"@context\":\"https:\/\/schema.org\",\"@graph\":[{\"@type\":\"WebPage\",\"@id\":\"https:\/\/abc-office.eu\/it\/italia\/traduzione-giurata-italia\/\",\"url\":\"https:\/\/abc-office.eu\/it\/italia\/traduzione-giurata-italia\/\",\"name\":\"Traduzione giurata Italia | Traduttore giurato Italia | Ufficiale\",\"isPartOf\":{\"@id\":\"https:\/\/abc-office.eu\/it\/#website\"},\"primaryImageOfPage\":{\"@id\":\"https:\/\/abc-office.eu\/it\/italia\/traduzione-giurata-italia\/#primaryimage\"},\"image\":{\"@id\":\"https:\/\/abc-office.eu\/it\/italia\/traduzione-giurata-italia\/#primaryimage\"},\"thumbnailUrl\":\"https:\/\/abc-office.eu\/wp-content\/uploads\/2023\/02\/flag-italy.jpg\",\"datePublished\":\"2023-09-25T08:17:10+00:00\",\"dateModified\":\"2025-10-15T02:01:55+00:00\",\"description\":\"ABC Translation | Traduzione giurata Italia | Traduttore giurato Italia | Traduzione ufficiale Italia | Traduttore certificato Italia\",\"breadcrumb\":{\"@id\":\"https:\/\/abc-office.eu\/it\/italia\/traduzione-giurata-italia\/#breadcrumb\"},\"inLanguage\":\"it-IT\",\"potentialAction\":[{\"@type\":\"ReadAction\",\"target\":[\"https:\/\/abc-office.eu\/it\/italia\/traduzione-giurata-italia\/\"]}]},{\"@type\":\"ImageObject\",\"inLanguage\":\"it-IT\",\"@id\":\"https:\/\/abc-office.eu\/it\/italia\/traduzione-giurata-italia\/#primaryimage\",\"url\":\"https:\/\/abc-office.eu\/wp-content\/uploads\/2023\/02\/flag-italy.jpg\",\"contentUrl\":\"https:\/\/abc-office.eu\/wp-content\/uploads\/2023\/02\/flag-italy.jpg\",\"width\":1920,\"height\":1344},{\"@type\":\"BreadcrumbList\",\"@id\":\"https:\/\/abc-office.eu\/it\/italia\/traduzione-giurata-italia\/#breadcrumb\",\"itemListElement\":[{\"@type\":\"ListItem\",\"position\":1,\"name\":\"Accueil\",\"item\":\"https:\/\/abc-office.eu\/it\/\"},{\"@type\":\"ListItem\",\"position\":2,\"name\":\"Italia\",\"item\":\"https:\/\/abc-office.eu\/it\/italia\/\"},{\"@type\":\"ListItem\",\"position\":3,\"name\":\"Traduzione giurata Italia\"}]},{\"@type\":\"WebSite\",\"@id\":\"https:\/\/abc-office.eu\/it\/#website\",\"url\":\"https:\/\/abc-office.eu\/it\/\",\"name\":\"ABC Translation\",\"description\":\"info@abc-office.eu\",\"potentialAction\":[{\"@type\":\"SearchAction\",\"target\":{\"@type\":\"EntryPoint\",\"urlTemplate\":\"https:\/\/abc-office.eu\/it\/?s={search_term_string}\"},\"query-input\":{\"@type\":\"PropertyValueSpecification\",\"valueRequired\":true,\"valueName\":\"search_term_string\"}}],\"inLanguage\":\"it-IT\"}]}<\/script>\n<!-- \/ Yoast SEO plugin. -->","yoast_head_json":{"title":"Traduzione giurata Italia | Traduttore giurato Italia | Ufficiale","description":"ABC Translation | Traduzione giurata Italia | Traduttore giurato Italia | Traduzione ufficiale Italia | Traduttore certificato Italia","robots":{"index":"index","follow":"follow","max-snippet":"max-snippet:-1","max-image-preview":"max-image-preview:large","max-video-preview":"max-video-preview:-1"},"canonical":"https:\/\/abc-office.eu\/it\/italia\/traduzione-giurata-italia\/","og_locale":"it_IT","og_type":"article","og_title":"Traduzione giurata Italia | Traduttore giurato Italia | Ufficiale","og_description":"ABC Translation | Traduzione giurata Italia | Traduttore giurato Italia | Traduzione ufficiale Italia | Traduttore certificato Italia","og_url":"https:\/\/abc-office.eu\/it\/italia\/traduzione-giurata-italia\/","og_site_name":"ABC Translation","article_modified_time":"2025-10-15T02:01:55+00:00","og_image":[{"width":1920,"height":1344,"url":"https:\/\/abc-office.eu\/wp-content\/uploads\/2023\/02\/flag-italy.jpg","type":"image\/jpeg"}],"twitter_card":"summary_large_image","twitter_misc":{"Tempo di lettura stimato":"3 minuti"},"schema":{"@context":"https:\/\/schema.org","@graph":[{"@type":"WebPage","@id":"https:\/\/abc-office.eu\/it\/italia\/traduzione-giurata-italia\/","url":"https:\/\/abc-office.eu\/it\/italia\/traduzione-giurata-italia\/","name":"Traduzione giurata Italia | Traduttore giurato Italia | Ufficiale","isPartOf":{"@id":"https:\/\/abc-office.eu\/it\/#website"},"primaryImageOfPage":{"@id":"https:\/\/abc-office.eu\/it\/italia\/traduzione-giurata-italia\/#primaryimage"},"image":{"@id":"https:\/\/abc-office.eu\/it\/italia\/traduzione-giurata-italia\/#primaryimage"},"thumbnailUrl":"https:\/\/abc-office.eu\/wp-content\/uploads\/2023\/02\/flag-italy.jpg","datePublished":"2023-09-25T08:17:10+00:00","dateModified":"2025-10-15T02:01:55+00:00","description":"ABC Translation | Traduzione giurata Italia | Traduttore giurato Italia | Traduzione ufficiale Italia | Traduttore certificato Italia","breadcrumb":{"@id":"https:\/\/abc-office.eu\/it\/italia\/traduzione-giurata-italia\/#breadcrumb"},"inLanguage":"it-IT","potentialAction":[{"@type":"ReadAction","target":["https:\/\/abc-office.eu\/it\/italia\/traduzione-giurata-italia\/"]}]},{"@type":"ImageObject","inLanguage":"it-IT","@id":"https:\/\/abc-office.eu\/it\/italia\/traduzione-giurata-italia\/#primaryimage","url":"https:\/\/abc-office.eu\/wp-content\/uploads\/2023\/02\/flag-italy.jpg","contentUrl":"https:\/\/abc-office.eu\/wp-content\/uploads\/2023\/02\/flag-italy.jpg","width":1920,"height":1344},{"@type":"BreadcrumbList","@id":"https:\/\/abc-office.eu\/it\/italia\/traduzione-giurata-italia\/#breadcrumb","itemListElement":[{"@type":"ListItem","position":1,"name":"Accueil","item":"https:\/\/abc-office.eu\/it\/"},{"@type":"ListItem","position":2,"name":"Italia","item":"https:\/\/abc-office.eu\/it\/italia\/"},{"@type":"ListItem","position":3,"name":"Traduzione giurata Italia"}]},{"@type":"WebSite","@id":"https:\/\/abc-office.eu\/it\/#website","url":"https:\/\/abc-office.eu\/it\/","name":"ABC Translation","description":"info@abc-office.eu","potentialAction":[{"@type":"SearchAction","target":{"@type":"EntryPoint","urlTemplate":"https:\/\/abc-office.eu\/it\/?s={search_term_string}"},"query-input":{"@type":"PropertyValueSpecification","valueRequired":true,"valueName":"search_term_string"}}],"inLanguage":"it-IT"}]}},"_links":{"self":[{"href":"https:\/\/abc-office.eu\/it\/wp-json\/wp\/v2\/pages\/225797","targetHints":{"allow":["GET"]}}],"collection":[{"href":"https:\/\/abc-office.eu\/it\/wp-json\/wp\/v2\/pages"}],"about":[{"href":"https:\/\/abc-office.eu\/it\/wp-json\/wp\/v2\/types\/page"}],"author":[{"embeddable":true,"href":"https:\/\/abc-office.eu\/it\/wp-json\/wp\/v2\/users\/1"}],"replies":[{"embeddable":true,"href":"https:\/\/abc-office.eu\/it\/wp-json\/wp\/v2\/comments?post=225797"}],"version-history":[{"count":4,"href":"https:\/\/abc-office.eu\/it\/wp-json\/wp\/v2\/pages\/225797\/revisions"}],"predecessor-version":[{"id":226813,"href":"https:\/\/abc-office.eu\/it\/wp-json\/wp\/v2\/pages\/225797\/revisions\/226813"}],"up":[{"embeddable":true,"href":"https:\/\/abc-office.eu\/it\/wp-json\/wp\/v2\/pages\/225795"}],"wp:featuredmedia":[{"embeddable":true,"href":"https:\/\/abc-office.eu\/it\/wp-json\/wp\/v2\/media\/54423"}],"wp:attachment":[{"href":"https:\/\/abc-office.eu\/it\/wp-json\/wp\/v2\/media?parent=225797"}],"curies":[{"name":"wp","href":"https:\/\/api.w.org\/{rel}","templated":true}]}}