{"id":225529,"date":"2022-04-25T10:26:44","date_gmt":"2022-04-25T08:26:44","guid":{"rendered":"https:\/\/abc-office.eu\/?page_id=225529"},"modified":"2025-10-14T17:21:17","modified_gmt":"2025-10-14T15:21:17","slug":"contatti","status":"publish","type":"page","link":"https:\/\/abc-office.eu\/it\/contatti\/","title":{"rendered":"Contatti"},"content":{"rendered":"<h2><strong data-start=\"103\" data-end=\"169\">Contatti \u2013 le vostre agenzie di traduzione nell\u2019Unione Europea<\/strong><\/h2>\n<p>Email: <a class=\"decorated-link cursor-pointer\" href=\"mailto:info@abc-office.eu\" rel=\"noopener\" data-start=\"179\" data-end=\"197\">info@abc-office.eu<\/a><\/p>\n<p data-start=\"201\" data-end=\"222\"><strong data-start=\"201\" data-end=\"220\">ABC Translation<\/strong><\/p>\n<p style=\"text-align: justify;\">I nostri traduttori e revisori, con sede nell\u2019Unione Europea, sono tutti titolari di un diploma di Master in Traduzione. Sono specializzati in diversi settori quali marketing, economia, politica, diritto e medicina. Per una richiesta rapida, vi invitiamo a compilare il modulo che trovate sul lato destro dello schermo. Una volta ricevuto, il nostro team vi invier\u00e0 un preventivo che indicher\u00e0 costi e tempi di consegna della traduzione. La nostra offerta comprende la traduzione del testo nonch\u00e9 una revisione effettuata da un altro traduttore al fine di garantire la qualit\u00e0 della traduzione. Una volta tradotto e revisionato, il testo vi sar\u00e0 inviato per e-mail o per posta in caso di traduzione certificata (asseverata).<\/p>\n<p style=\"text-align: justify;\">Quando si tratta di traduzione, la qualit\u00e0 del lavoro deve essere impeccabile. I nostri principali punti di forza \u2013 precisione, efficienza e puntualit\u00e0 \u2013 ci consentono una collaborazione quotidiana con un numero elevato di aziende e privati. Ci occupiamo della traduzione di siti web, documenti ufficiali e testi specialistici.<\/p>\n<p style=\"text-align: justify;\">Stabiliamo la nostra fascia di prezzo secondo un sistema accurato in uso nell\u2019UE, un sistema tariffario che tenga conto della difficolt\u00e0 del testo di partenza. Il prezzo pu\u00f2 essere calcolato in base al numero di parole o per riga di 55 caratteri. Questo sistema permette la massima trasparenza nei confronti del cliente e consente di elaborare preventivi corretti. Lavoriamo con aziende e privati in tutta l\u2019Unione Europea.<\/p>\n<p data-start=\"1241\" data-end=\"1708\"><img loading=\"lazy\" decoding=\"async\" class=\"aligncenter wp-image-28719\" src=\"https:\/\/abc-office.eu\/wp-content\/uploads\/2017\/02\/second_image-300x200.jpg\" alt=\"Contatti\" width=\"715\" height=\"476\" srcset=\"https:\/\/abc-office.eu\/wp-content\/uploads\/2017\/02\/second_image-300x200.jpg 300w, https:\/\/abc-office.eu\/wp-content\/uploads\/2017\/02\/second_image-1024x682.jpg 1024w, https:\/\/abc-office.eu\/wp-content\/uploads\/2017\/02\/second_image-768x512.jpg 768w, https:\/\/abc-office.eu\/wp-content\/uploads\/2017\/02\/second_image-1080x720.jpg 1080w, https:\/\/abc-office.eu\/wp-content\/uploads\/2017\/02\/second_image-1280x853.jpg 1280w, https:\/\/abc-office.eu\/wp-content\/uploads\/2017\/02\/second_image-980x653.jpg 980w, https:\/\/abc-office.eu\/wp-content\/uploads\/2017\/02\/second_image-480x320.jpg 480w, https:\/\/abc-office.eu\/wp-content\/uploads\/2017\/02\/second_image.jpg 1400w\" sizes=\"auto, (max-width: 715px) 100vw, 715px\" \/><\/p>\n","protected":false},"excerpt":{"rendered":"<p>Contatti \u2013 le vostre agenzie di traduzione nell\u2019Unione Europea Email: info@abc-office.eu ABC Translation I nostri traduttori e revisori, con sede nell\u2019Unione Europea, sono tutti titolari di un diploma di Master in Traduzione. Sono specializzati in diversi settori quali marketing, economia, politica, diritto e medicina. Per una richiesta rapida, vi invitiamo a compilare il modulo che&#8230;<\/p>\n","protected":false},"author":1,"featured_media":29129,"parent":0,"menu_order":0,"comment_status":"closed","ping_status":"closed","template":"","meta":{"sfsi_plus_gutenberg_text_before_share":"","sfsi_plus_gutenberg_show_text_before_share":"","sfsi_plus_gutenberg_icon_type":"","sfsi_plus_gutenberg_icon_alignemt":"","sfsi_plus_gutenburg_max_per_row":"","footnotes":""},"class_list":["post-225529","page","type-page","status-publish","has-post-thumbnail","hentry"],"yoast_head":"<!-- This site is optimized with the Yoast SEO plugin v23.8 - https:\/\/yoast.com\/wordpress\/plugins\/seo\/ -->\n<title>Contatti | Traduttore | Unione Europea | Regno Unito<\/title>\n<meta name=\"description\" content=\"ABC Translation: Contatti | Traduzione di siti web | Traduzione di documenti ufficiali | Traduzione specialistica | Unione Europea\" \/>\n<meta name=\"robots\" content=\"index, follow, max-snippet:-1, max-image-preview:large, max-video-preview:-1\" \/>\n<link rel=\"canonical\" href=\"https:\/\/abc-office.eu\/it\/contatti\/\" \/>\n<meta property=\"og:locale\" content=\"it_IT\" \/>\n<meta property=\"og:type\" content=\"article\" \/>\n<meta property=\"og:title\" content=\"Contatti | Traduttore | Unione Europea | Regno Unito\" \/>\n<meta property=\"og:description\" content=\"ABC Translation: Contatti | Traduzione di siti web | Traduzione di documenti ufficiali | Traduzione specialistica | Unione Europea\" \/>\n<meta property=\"og:url\" content=\"https:\/\/abc-office.eu\/it\/contatti\/\" \/>\n<meta property=\"og:site_name\" content=\"ABC Translation\" \/>\n<meta property=\"article:modified_time\" content=\"2025-10-14T15:21:17+00:00\" \/>\n<meta property=\"og:image\" content=\"https:\/\/abc-office.eu\/wp-content\/uploads\/2022\/04\/Flag_of_Europe-2.png\" \/>\n\t<meta property=\"og:image:width\" content=\"2560\" \/>\n\t<meta property=\"og:image:height\" content=\"1707\" \/>\n\t<meta property=\"og:image:type\" content=\"image\/png\" \/>\n<meta name=\"twitter:card\" content=\"summary_large_image\" \/>\n<meta name=\"twitter:label1\" content=\"Tempo di lettura stimato\" \/>\n\t<meta name=\"twitter:data1\" content=\"2 minuti\" \/>\n<script type=\"application\/ld+json\" class=\"yoast-schema-graph\">{\"@context\":\"https:\/\/schema.org\",\"@graph\":[{\"@type\":\"WebPage\",\"@id\":\"https:\/\/abc-office.eu\/it\/contatti\/\",\"url\":\"https:\/\/abc-office.eu\/it\/contatti\/\",\"name\":\"Contatti | Traduttore | Unione Europea | Regno Unito\",\"isPartOf\":{\"@id\":\"https:\/\/abc-office.eu\/it\/#website\"},\"primaryImageOfPage\":{\"@id\":\"https:\/\/abc-office.eu\/it\/contatti\/#primaryimage\"},\"image\":{\"@id\":\"https:\/\/abc-office.eu\/it\/contatti\/#primaryimage\"},\"thumbnailUrl\":\"https:\/\/abc-office.eu\/wp-content\/uploads\/2022\/04\/Flag_of_Europe-2.png\",\"datePublished\":\"2022-04-25T08:26:44+00:00\",\"dateModified\":\"2025-10-14T15:21:17+00:00\",\"description\":\"ABC Translation: Contatti | Traduzione di siti web | Traduzione di documenti ufficiali | Traduzione specialistica | Unione Europea\",\"breadcrumb\":{\"@id\":\"https:\/\/abc-office.eu\/it\/contatti\/#breadcrumb\"},\"inLanguage\":\"it-IT\",\"potentialAction\":[{\"@type\":\"ReadAction\",\"target\":[\"https:\/\/abc-office.eu\/it\/contatti\/\"]}]},{\"@type\":\"ImageObject\",\"inLanguage\":\"it-IT\",\"@id\":\"https:\/\/abc-office.eu\/it\/contatti\/#primaryimage\",\"url\":\"https:\/\/abc-office.eu\/wp-content\/uploads\/2022\/04\/Flag_of_Europe-2.png\",\"contentUrl\":\"https:\/\/abc-office.eu\/wp-content\/uploads\/2022\/04\/Flag_of_Europe-2.png\",\"width\":2560,\"height\":1707},{\"@type\":\"BreadcrumbList\",\"@id\":\"https:\/\/abc-office.eu\/it\/contatti\/#breadcrumb\",\"itemListElement\":[{\"@type\":\"ListItem\",\"position\":1,\"name\":\"Accueil\",\"item\":\"https:\/\/abc-office.eu\/it\/\"},{\"@type\":\"ListItem\",\"position\":2,\"name\":\"Contatti\"}]},{\"@type\":\"WebSite\",\"@id\":\"https:\/\/abc-office.eu\/it\/#website\",\"url\":\"https:\/\/abc-office.eu\/it\/\",\"name\":\"ABC Translation\",\"description\":\"info@abc-office.eu\",\"potentialAction\":[{\"@type\":\"SearchAction\",\"target\":{\"@type\":\"EntryPoint\",\"urlTemplate\":\"https:\/\/abc-office.eu\/it\/?s={search_term_string}\"},\"query-input\":{\"@type\":\"PropertyValueSpecification\",\"valueRequired\":true,\"valueName\":\"search_term_string\"}}],\"inLanguage\":\"it-IT\"}]}<\/script>\n<!-- \/ Yoast SEO plugin. -->","yoast_head_json":{"title":"Contatti | Traduttore | Unione Europea | Regno Unito","description":"ABC Translation: Contatti | Traduzione di siti web | Traduzione di documenti ufficiali | Traduzione specialistica | Unione Europea","robots":{"index":"index","follow":"follow","max-snippet":"max-snippet:-1","max-image-preview":"max-image-preview:large","max-video-preview":"max-video-preview:-1"},"canonical":"https:\/\/abc-office.eu\/it\/contatti\/","og_locale":"it_IT","og_type":"article","og_title":"Contatti | Traduttore | Unione Europea | Regno Unito","og_description":"ABC Translation: Contatti | Traduzione di siti web | Traduzione di documenti ufficiali | Traduzione specialistica | Unione Europea","og_url":"https:\/\/abc-office.eu\/it\/contatti\/","og_site_name":"ABC Translation","article_modified_time":"2025-10-14T15:21:17+00:00","og_image":[{"width":2560,"height":1707,"url":"https:\/\/abc-office.eu\/wp-content\/uploads\/2022\/04\/Flag_of_Europe-2.png","type":"image\/png"}],"twitter_card":"summary_large_image","twitter_misc":{"Tempo di lettura stimato":"2 minuti"},"schema":{"@context":"https:\/\/schema.org","@graph":[{"@type":"WebPage","@id":"https:\/\/abc-office.eu\/it\/contatti\/","url":"https:\/\/abc-office.eu\/it\/contatti\/","name":"Contatti | Traduttore | Unione Europea | Regno Unito","isPartOf":{"@id":"https:\/\/abc-office.eu\/it\/#website"},"primaryImageOfPage":{"@id":"https:\/\/abc-office.eu\/it\/contatti\/#primaryimage"},"image":{"@id":"https:\/\/abc-office.eu\/it\/contatti\/#primaryimage"},"thumbnailUrl":"https:\/\/abc-office.eu\/wp-content\/uploads\/2022\/04\/Flag_of_Europe-2.png","datePublished":"2022-04-25T08:26:44+00:00","dateModified":"2025-10-14T15:21:17+00:00","description":"ABC Translation: Contatti | Traduzione di siti web | Traduzione di documenti ufficiali | Traduzione specialistica | Unione Europea","breadcrumb":{"@id":"https:\/\/abc-office.eu\/it\/contatti\/#breadcrumb"},"inLanguage":"it-IT","potentialAction":[{"@type":"ReadAction","target":["https:\/\/abc-office.eu\/it\/contatti\/"]}]},{"@type":"ImageObject","inLanguage":"it-IT","@id":"https:\/\/abc-office.eu\/it\/contatti\/#primaryimage","url":"https:\/\/abc-office.eu\/wp-content\/uploads\/2022\/04\/Flag_of_Europe-2.png","contentUrl":"https:\/\/abc-office.eu\/wp-content\/uploads\/2022\/04\/Flag_of_Europe-2.png","width":2560,"height":1707},{"@type":"BreadcrumbList","@id":"https:\/\/abc-office.eu\/it\/contatti\/#breadcrumb","itemListElement":[{"@type":"ListItem","position":1,"name":"Accueil","item":"https:\/\/abc-office.eu\/it\/"},{"@type":"ListItem","position":2,"name":"Contatti"}]},{"@type":"WebSite","@id":"https:\/\/abc-office.eu\/it\/#website","url":"https:\/\/abc-office.eu\/it\/","name":"ABC Translation","description":"info@abc-office.eu","potentialAction":[{"@type":"SearchAction","target":{"@type":"EntryPoint","urlTemplate":"https:\/\/abc-office.eu\/it\/?s={search_term_string}"},"query-input":{"@type":"PropertyValueSpecification","valueRequired":true,"valueName":"search_term_string"}}],"inLanguage":"it-IT"}]}},"_links":{"self":[{"href":"https:\/\/abc-office.eu\/it\/wp-json\/wp\/v2\/pages\/225529","targetHints":{"allow":["GET"]}}],"collection":[{"href":"https:\/\/abc-office.eu\/it\/wp-json\/wp\/v2\/pages"}],"about":[{"href":"https:\/\/abc-office.eu\/it\/wp-json\/wp\/v2\/types\/page"}],"author":[{"embeddable":true,"href":"https:\/\/abc-office.eu\/it\/wp-json\/wp\/v2\/users\/1"}],"replies":[{"embeddable":true,"href":"https:\/\/abc-office.eu\/it\/wp-json\/wp\/v2\/comments?post=225529"}],"version-history":[{"count":2,"href":"https:\/\/abc-office.eu\/it\/wp-json\/wp\/v2\/pages\/225529\/revisions"}],"predecessor-version":[{"id":226707,"href":"https:\/\/abc-office.eu\/it\/wp-json\/wp\/v2\/pages\/225529\/revisions\/226707"}],"wp:featuredmedia":[{"embeddable":true,"href":"https:\/\/abc-office.eu\/it\/wp-json\/wp\/v2\/media\/29129"}],"wp:attachment":[{"href":"https:\/\/abc-office.eu\/it\/wp-json\/wp\/v2\/media?parent=225529"}],"curies":[{"name":"wp","href":"https:\/\/api.w.org\/{rel}","templated":true}]}}