{"id":225526,"date":"2022-04-25T09:58:57","date_gmt":"2022-04-25T07:58:57","guid":{"rendered":"https:\/\/abc-office.eu\/?page_id=225526"},"modified":"2025-10-14T17:19:51","modified_gmt":"2025-10-14T15:19:51","slug":"diritto","status":"publish","type":"page","link":"https:\/\/abc-office.eu\/it\/diritto\/","title":{"rendered":"Diritto"},"content":{"rendered":"<h2 data-start=\"103\" data-end=\"116\"><strong data-start=\"103\" data-end=\"114\">Diritto<\/strong><\/h2>\n<p style=\"text-align: justify;\" data-start=\"118\" data-end=\"437\">La nostra societ\u00e0, <strong data-start=\"137\" data-end=\"156\">ABC Translation<\/strong>, \u00e8 specializzata in diversi settori che molto spesso riguardano il diritto dell\u2019Unione Europea e il diritto internazionale. Lavoriamo quotidianamente con notai, avvocati e consulenti legali. Siamo in grado di soddisfare tutte le vostre esigenze legali in tutta l\u2019Unione Europea.<\/p>\n<h3 data-start=\"439\" data-end=\"452\"><strong data-start=\"439\" data-end=\"450\">Notaio:<\/strong><\/h3>\n<p style=\"text-align: justify;\">Lavoriamo in collaborazione con studi notarili per consigliarvi e offrirvi servizi di qualit\u00e0 nella redazione e legalizzazione di tutti i vostri documenti. Siamo specializzati in aree molto specifiche quali diritto di famiglia e immobiliare, gestione patrimoniale, diritto societario e commerciale, il disbrigo di pratiche relative a clienti internazionali o transfrontalieri, procure e autentiche.<\/p>\n<h3 data-start=\"838\" data-end=\"858\"><strong data-start=\"838\" data-end=\"856\">Studio legale:<\/strong><\/h3>\n<p style=\"text-align: justify;\" data-start=\"860\" data-end=\"1772\">Il nostro studio riunisce avvocati che hanno lavorato in banche, multinazionali, trust internazionali e studi legali nell\u2019Unione Europea e all\u2019estero. Sono specializzati nei seguenti ambiti: lavoro, licenziamenti, locazioni, oneri, revisioni, congedi, espulsioni, contratti interni e internazionali, transazioni, distribuzione, vendita, franchising, concorrenza, societ\u00e0, avviamento, cessioni, famiglia, divorzi, successioni, testamenti, comunione, divisione, bilanci, immobiliare, compropriet\u00e0, edilizia, perizie, fusioni e acquisizioni (M&amp;A), garanzie di responsabilit\u00e0, penale, commerciale, falsificazione, truffa, ABS, bancario, prestiti, opposizioni, assicurazioni, recupero crediti, esecuzioni, risarcimenti, depositi, pignoramenti, fideiussioni a prima richiesta, informatica, internet, siti web, licenze, responsabilit\u00e0, deontologia, professioni, societ\u00e0 in difficolt\u00e0, liquidazioni e diritto pubblico.<\/p>\n<h3 data-start=\"1774\" data-end=\"1798\"><strong data-start=\"1774\" data-end=\"1796\">Consulente legale:<\/strong><\/h3>\n<p style=\"text-align: justify;\" data-start=\"1800\" data-end=\"2338\">I consulenti legali del nostro team vengono consultati quotidianamente per tutte le questioni relative al diritto (commerciale, fiscale, ambientale, ecc.). In fase preventiva, forniscono consulenza ad esempio nella redazione e negoziazione dei contratti. Intervengono in fase \u201ccurativa\u201d in caso di contenzioso, anche se non rappresentano i clienti in giudizio non essendo iscritti all\u2019Albo. Infine, garantiscono la legalit\u00e0 delle varie procedure decisionali all\u2019interno dell\u2019impresa, ad esempio preparando i consigli di amministrazione.<\/p>\n<h3 data-start=\"2340\" data-end=\"2364\"><strong data-start=\"2340\" data-end=\"2362\">Consulenza legale:<\/strong><\/h3>\n<p style=\"text-align: justify;\">La consulenza legale offerta dal nostro studio consente a chiunque, indipendentemente dal reddito, di ricevere consulenze e informazioni. \u00c8 fornita da avvocati e consulenti legali del nostro dipartimento giuridico ed \u00e8 anonima, riservata e accessibile a tutti.<\/p>\n<p data-start=\"2366\" data-end=\"2630\"><img loading=\"lazy\" decoding=\"async\" class=\"aligncenter wp-image-141\" src=\"https:\/\/abc-office.ch\/wp-content\/uploads\/2018\/06\/Droit11-300x225.jpg\" alt=\"Diritto\" width=\"383\" height=\"287\" \/><\/p>\n","protected":false},"excerpt":{"rendered":"<p>Diritto La nostra societ\u00e0, ABC Translation, \u00e8 specializzata in diversi settori che molto spesso riguardano il diritto dell\u2019Unione Europea e il diritto internazionale. Lavoriamo quotidianamente con notai, avvocati e consulenti legali. Siamo in grado di soddisfare tutte le vostre esigenze legali in tutta l\u2019Unione Europea. Notaio: Lavoriamo in collaborazione con studi notarili per consigliarvi e&#8230;<\/p>\n","protected":false},"author":1,"featured_media":29114,"parent":0,"menu_order":0,"comment_status":"closed","ping_status":"closed","template":"","meta":{"sfsi_plus_gutenberg_text_before_share":"","sfsi_plus_gutenberg_show_text_before_share":"","sfsi_plus_gutenberg_icon_type":"","sfsi_plus_gutenberg_icon_alignemt":"","sfsi_plus_gutenburg_max_per_row":"","footnotes":""},"class_list":["post-225526","page","type-page","status-publish","has-post-thumbnail","hentry"],"yoast_head":"<!-- This site is optimized with the Yoast SEO plugin v23.8 - https:\/\/yoast.com\/wordpress\/plugins\/seo\/ -->\n<title>Diritto l ABC Translation l Notaio l Studio legale l Consulente legale<\/title>\n<meta name=\"description\" content=\"ABC Translation l Diritto l Notaio l Studio legale l Consulente legale l Consulenza legale l Unione Europea e internazionale l Immobiliare\" \/>\n<meta name=\"robots\" content=\"index, follow, max-snippet:-1, max-image-preview:large, max-video-preview:-1\" \/>\n<link rel=\"canonical\" href=\"https:\/\/abc-office.eu\/it\/diritto\/\" \/>\n<meta property=\"og:locale\" content=\"it_IT\" \/>\n<meta property=\"og:type\" content=\"article\" \/>\n<meta property=\"og:title\" content=\"Diritto l ABC Translation l Notaio l Studio legale l Consulente legale\" \/>\n<meta property=\"og:description\" content=\"ABC Translation l Diritto l Notaio l Studio legale l Consulente legale l Consulenza legale l Unione Europea e internazionale l Immobiliare\" \/>\n<meta property=\"og:url\" content=\"https:\/\/abc-office.eu\/it\/diritto\/\" \/>\n<meta property=\"og:site_name\" content=\"ABC Translation\" \/>\n<meta property=\"article:modified_time\" content=\"2025-10-14T15:19:51+00:00\" \/>\n<meta property=\"og:image\" content=\"https:\/\/abc-office.eu\/wp-content\/uploads\/2022\/04\/Droit1.jpg\" \/>\n\t<meta property=\"og:image:width\" content=\"805\" \/>\n\t<meta property=\"og:image:height\" content=\"453\" \/>\n\t<meta property=\"og:image:type\" content=\"image\/jpeg\" \/>\n<meta name=\"twitter:card\" content=\"summary_large_image\" \/>\n<meta name=\"twitter:label1\" content=\"Tempo di lettura stimato\" \/>\n\t<meta name=\"twitter:data1\" content=\"2 minuti\" \/>\n<script type=\"application\/ld+json\" class=\"yoast-schema-graph\">{\"@context\":\"https:\/\/schema.org\",\"@graph\":[{\"@type\":\"WebPage\",\"@id\":\"https:\/\/abc-office.eu\/it\/diritto\/\",\"url\":\"https:\/\/abc-office.eu\/it\/diritto\/\",\"name\":\"Diritto l ABC Translation l Notaio l Studio legale l Consulente legale\",\"isPartOf\":{\"@id\":\"https:\/\/abc-office.eu\/it\/#website\"},\"primaryImageOfPage\":{\"@id\":\"https:\/\/abc-office.eu\/it\/diritto\/#primaryimage\"},\"image\":{\"@id\":\"https:\/\/abc-office.eu\/it\/diritto\/#primaryimage\"},\"thumbnailUrl\":\"https:\/\/abc-office.eu\/wp-content\/uploads\/2022\/04\/Droit1.jpg\",\"datePublished\":\"2022-04-25T07:58:57+00:00\",\"dateModified\":\"2025-10-14T15:19:51+00:00\",\"description\":\"ABC Translation l Diritto l Notaio l Studio legale l Consulente legale l Consulenza legale l Unione Europea e internazionale l Immobiliare\",\"breadcrumb\":{\"@id\":\"https:\/\/abc-office.eu\/it\/diritto\/#breadcrumb\"},\"inLanguage\":\"it-IT\",\"potentialAction\":[{\"@type\":\"ReadAction\",\"target\":[\"https:\/\/abc-office.eu\/it\/diritto\/\"]}]},{\"@type\":\"ImageObject\",\"inLanguage\":\"it-IT\",\"@id\":\"https:\/\/abc-office.eu\/it\/diritto\/#primaryimage\",\"url\":\"https:\/\/abc-office.eu\/wp-content\/uploads\/2022\/04\/Droit1.jpg\",\"contentUrl\":\"https:\/\/abc-office.eu\/wp-content\/uploads\/2022\/04\/Droit1.jpg\",\"width\":805,\"height\":453},{\"@type\":\"BreadcrumbList\",\"@id\":\"https:\/\/abc-office.eu\/it\/diritto\/#breadcrumb\",\"itemListElement\":[{\"@type\":\"ListItem\",\"position\":1,\"name\":\"Accueil\",\"item\":\"https:\/\/abc-office.eu\/it\/\"},{\"@type\":\"ListItem\",\"position\":2,\"name\":\"Diritto\"}]},{\"@type\":\"WebSite\",\"@id\":\"https:\/\/abc-office.eu\/it\/#website\",\"url\":\"https:\/\/abc-office.eu\/it\/\",\"name\":\"ABC Translation\",\"description\":\"info@abc-office.eu\",\"potentialAction\":[{\"@type\":\"SearchAction\",\"target\":{\"@type\":\"EntryPoint\",\"urlTemplate\":\"https:\/\/abc-office.eu\/it\/?s={search_term_string}\"},\"query-input\":{\"@type\":\"PropertyValueSpecification\",\"valueRequired\":true,\"valueName\":\"search_term_string\"}}],\"inLanguage\":\"it-IT\"}]}<\/script>\n<!-- \/ Yoast SEO plugin. -->","yoast_head_json":{"title":"Diritto l ABC Translation l Notaio l Studio legale l Consulente legale","description":"ABC Translation l Diritto l Notaio l Studio legale l Consulente legale l Consulenza legale l Unione Europea e internazionale l Immobiliare","robots":{"index":"index","follow":"follow","max-snippet":"max-snippet:-1","max-image-preview":"max-image-preview:large","max-video-preview":"max-video-preview:-1"},"canonical":"https:\/\/abc-office.eu\/it\/diritto\/","og_locale":"it_IT","og_type":"article","og_title":"Diritto l ABC Translation l Notaio l Studio legale l Consulente legale","og_description":"ABC Translation l Diritto l Notaio l Studio legale l Consulente legale l Consulenza legale l Unione Europea e internazionale l Immobiliare","og_url":"https:\/\/abc-office.eu\/it\/diritto\/","og_site_name":"ABC Translation","article_modified_time":"2025-10-14T15:19:51+00:00","og_image":[{"width":805,"height":453,"url":"https:\/\/abc-office.eu\/wp-content\/uploads\/2022\/04\/Droit1.jpg","type":"image\/jpeg"}],"twitter_card":"summary_large_image","twitter_misc":{"Tempo di lettura stimato":"2 minuti"},"schema":{"@context":"https:\/\/schema.org","@graph":[{"@type":"WebPage","@id":"https:\/\/abc-office.eu\/it\/diritto\/","url":"https:\/\/abc-office.eu\/it\/diritto\/","name":"Diritto l ABC Translation l Notaio l Studio legale l Consulente legale","isPartOf":{"@id":"https:\/\/abc-office.eu\/it\/#website"},"primaryImageOfPage":{"@id":"https:\/\/abc-office.eu\/it\/diritto\/#primaryimage"},"image":{"@id":"https:\/\/abc-office.eu\/it\/diritto\/#primaryimage"},"thumbnailUrl":"https:\/\/abc-office.eu\/wp-content\/uploads\/2022\/04\/Droit1.jpg","datePublished":"2022-04-25T07:58:57+00:00","dateModified":"2025-10-14T15:19:51+00:00","description":"ABC Translation l Diritto l Notaio l Studio legale l Consulente legale l Consulenza legale l Unione Europea e internazionale l Immobiliare","breadcrumb":{"@id":"https:\/\/abc-office.eu\/it\/diritto\/#breadcrumb"},"inLanguage":"it-IT","potentialAction":[{"@type":"ReadAction","target":["https:\/\/abc-office.eu\/it\/diritto\/"]}]},{"@type":"ImageObject","inLanguage":"it-IT","@id":"https:\/\/abc-office.eu\/it\/diritto\/#primaryimage","url":"https:\/\/abc-office.eu\/wp-content\/uploads\/2022\/04\/Droit1.jpg","contentUrl":"https:\/\/abc-office.eu\/wp-content\/uploads\/2022\/04\/Droit1.jpg","width":805,"height":453},{"@type":"BreadcrumbList","@id":"https:\/\/abc-office.eu\/it\/diritto\/#breadcrumb","itemListElement":[{"@type":"ListItem","position":1,"name":"Accueil","item":"https:\/\/abc-office.eu\/it\/"},{"@type":"ListItem","position":2,"name":"Diritto"}]},{"@type":"WebSite","@id":"https:\/\/abc-office.eu\/it\/#website","url":"https:\/\/abc-office.eu\/it\/","name":"ABC Translation","description":"info@abc-office.eu","potentialAction":[{"@type":"SearchAction","target":{"@type":"EntryPoint","urlTemplate":"https:\/\/abc-office.eu\/it\/?s={search_term_string}"},"query-input":{"@type":"PropertyValueSpecification","valueRequired":true,"valueName":"search_term_string"}}],"inLanguage":"it-IT"}]}},"_links":{"self":[{"href":"https:\/\/abc-office.eu\/it\/wp-json\/wp\/v2\/pages\/225526","targetHints":{"allow":["GET"]}}],"collection":[{"href":"https:\/\/abc-office.eu\/it\/wp-json\/wp\/v2\/pages"}],"about":[{"href":"https:\/\/abc-office.eu\/it\/wp-json\/wp\/v2\/types\/page"}],"author":[{"embeddable":true,"href":"https:\/\/abc-office.eu\/it\/wp-json\/wp\/v2\/users\/1"}],"replies":[{"embeddable":true,"href":"https:\/\/abc-office.eu\/it\/wp-json\/wp\/v2\/comments?post=225526"}],"version-history":[{"count":2,"href":"https:\/\/abc-office.eu\/it\/wp-json\/wp\/v2\/pages\/225526\/revisions"}],"predecessor-version":[{"id":226706,"href":"https:\/\/abc-office.eu\/it\/wp-json\/wp\/v2\/pages\/225526\/revisions\/226706"}],"wp:featuredmedia":[{"embeddable":true,"href":"https:\/\/abc-office.eu\/it\/wp-json\/wp\/v2\/media\/29114"}],"wp:attachment":[{"href":"https:\/\/abc-office.eu\/it\/wp-json\/wp\/v2\/media?parent=225526"}],"curies":[{"name":"wp","href":"https:\/\/api.w.org\/{rel}","templated":true}]}}