{"id":225524,"date":"2017-02-16T09:16:01","date_gmt":"2017-02-16T08:16:01","guid":{"rendered":"https:\/\/abc-office.eu\/?page_id=225524"},"modified":"2025-10-14T17:17:04","modified_gmt":"2025-10-14T15:17:04","slug":"immobiliare","status":"publish","type":"page","link":"https:\/\/abc-office.eu\/it\/immobiliare\/","title":{"rendered":"Immobiliare"},"content":{"rendered":"<h2 data-start=\"109\" data-end=\"126\"><strong data-start=\"109\" data-end=\"124\">Immobiliare<\/strong><\/h2>\n<p style=\"text-align: justify;\">La nostra agenzia immobiliare, ABC Translation, ha iniziato la sua attivit\u00e0 nel 2017 con l\u2019acquisto di un appartamento di 5,5 locali in Svizzera, destinato a diventare una residenza per studenti internazionali. Con l\u2019Universit\u00e0 di Losanna e l\u2019EPFL nelle vicinanze, la residenza \u00e8 stata infatti un successo fin dalla sua apertura nel settembre 2017. Le 4 camere sono state affittate in pochi giorni e cos\u00ec \u00e8 nato il nostro dipartimento immobiliare.<\/p>\n<p style=\"text-align: justify;\">Da quella prima esperienza non abbiamo mai smesso di crescere e oggi siamo in grado di gestire l\u2019acquisto, la vendita, l\u2019affitto e l\u2019amministrazione dei vostri immobili sia in Svizzera che all\u2019estero.<\/p>\n<h3 data-start=\"783\" data-end=\"798\">Acquisto:<\/h3>\n<p style=\"text-align: justify;\">Comprare un immobile \u00e8 una decisione estremamente importante che influenzer\u00e0 il vostro futuro per diversi anni: si tratta dunque di una decisione da non prendere alla leggera. \u00c8 quindi fondamentale scegliere il partner giusto, in grado di consigliarvi su vari punti importanti quali lo stato dell\u2019immobile, il calcolo dell&#8217;importo del mutuo e la redditivit\u00e0 dell\u2019investimento a lungo termine. Una buona analisi della situazione garantir\u00e0 un acquisto sicuro e senza rischi.<\/p>\n<h3 data-start=\"1256\" data-end=\"1270\"><strong data-start=\"1256\" data-end=\"1268\">Vendita:<\/strong><\/h3>\n<p style=\"text-align: justify;\">Il mercato immobiliare in Svizzera ha continuato a svilupparsi, con prezzi in costante aumento. Siamo ormai giunti ad un momento decisivo in cui l\u2019offerta supera la domanda: oggi \u00e8 quindi difficile vendere il proprio immobile data la quantit\u00e0 di abitazioni disponibili sul mercato. Rivolgendovi ad un esperto, vi garantite maggiori possibilit\u00e0 di vendere il vostro immobile in tempi pi\u00f9 brevi e al prezzo desiderato. Approfittate della nostra rete su tutto il territorio svizzero e all&#8217;estero, per aumentare le vostre probabilit\u00e0 di successo.<\/p>\n<h3 data-start=\"1805\" data-end=\"1819\"><strong data-start=\"1805\" data-end=\"1817\">Affitto:<\/strong><\/h3>\n<p style=\"text-align: justify;\">Affittare il proprio immobile pu\u00f2 sembrare facile, ma \u00e8 necessario che siano evitati diversi ostacoli quando si vuole affittare un appartamento, una casa o anche solo una stanza. \u00c8 innanzi tutto necessario predisporre un dossier completo per la valutazione del potenziale inquilino, nel quale siano presenti, ad esempio, un estratto del registro delle esecuzioni e le ultime tre buste paga. Dovr\u00e0 poi essere versata la cauzione tramite bonifico bancario o polizza assicurativa per l\u2019affitto rilasciata da una compagnia assicurativa.<\/p>\n<h3 data-start=\"2311\" data-end=\"2338\"><strong data-start=\"2311\" data-end=\"2336\">Alloggi per studenti:<\/strong><\/h3>\n<p style=\"text-align: justify;\">Disponiamo di diversi alloggi per studenti, disponibili sia per periodi brevi che lunghi. La maggior parte dei nostri alloggi \u00e8 situata a breve distanza dall\u2019Universit\u00e0 di Losanna, dall\u2019EPFL, dall\u2019ECAL e dall\u2019EHL. Le pi\u00f9 richieste sono le camere condivise e i monolocali. \u00c8 necessario pianificare in anticipo per essere sicuri di poter ottenere un alloggio entro l\u2019inizio dell\u2019anno accademico.<\/p>\n<h3>Procacciatore di appartamenti (immobiliare):<\/h3>\n<p style=\"text-align: justify;\">Avete difficolt\u00e0 a trovare un alloggio che corrisponda ai vostri criteri o un appartamento in affitto? I nostri procacciatori di appartamenti sono a vostra disposizione per aiutarvi a trovare un immobile il pi\u00f9 rapidamente possibile. Grazie alla nostra rete e alla nostra professionalit\u00e0, vi troveremo nel pi\u00f9 breve tempo un alloggio che corrisponda alle vostre esigenze.<\/p>\n<h3 data-start=\"3150\" data-end=\"3169\"><strong data-start=\"3150\" data-end=\"3167\">Home Staging:<\/strong><\/h3>\n<p style=\"text-align: justify;\">Avete difficolt\u00e0 a vendere il vostro immobile? Se la risposta \u00e8 s\u00ec, potete rivolgervi al nostro team di Home Staging, specializzato nella valorizzazione di appartamenti e case al fine di facilitarne la vendita. Si tratta di un sistema di provata efficacia per gli immobili che necessitano di una rapida ristrutturazione o di alcune modifiche in grado di fare la differenza.<\/p>\n<h3 data-start=\"3524\" data-end=\"3561\"><strong data-start=\"3524\" data-end=\"3559\">Stima del prezzo (immobiliare):<\/strong><\/h3>\n<p style=\"text-align: justify;\">Una corretta valutazione di un immobile rispetto al prezzo di mercato \u00e8 cruciale per la felice riuscita di una vendita al giusto prezzo. Grazie a criteri quali l\u2019anno di costruzione e la posizione, saremo in grado di fornire una valutazione del vostro immobile il pi\u00f9 vicina possibile al suo reale valore sul mercato immobiliare attuale.<\/p>\n<p data-start=\"3889\" data-end=\"3960\"><a href=\"https:\/\/www.instagram.com\/dr_immo\/?hl=fr\"><img loading=\"lazy\" decoding=\"async\" class=\"aligncenter wp-image-109\" src=\"https:\/\/abc-office.ch\/wp-content\/uploads\/2018\/06\/Dr_Immo.jpg\" alt=\"Immobiliare\" width=\"222\" height=\"222\" \/><\/a><\/p>\n","protected":false},"excerpt":{"rendered":"<p>Immobiliare La nostra agenzia immobiliare, ABC Translation, ha iniziato la sua attivit\u00e0 nel 2017 con l\u2019acquisto di un appartamento di 5,5 locali in Svizzera, destinato a diventare una residenza per studenti internazionali. Con l\u2019Universit\u00e0 di Losanna e l\u2019EPFL nelle vicinanze, la residenza \u00e8 stata infatti un successo fin dalla sua apertura nel settembre 2017. Le&#8230;<\/p>\n","protected":false},"author":1,"featured_media":29099,"parent":0,"menu_order":0,"comment_status":"closed","ping_status":"closed","template":"","meta":{"sfsi_plus_gutenberg_text_before_share":"","sfsi_plus_gutenberg_show_text_before_share":"","sfsi_plus_gutenberg_icon_type":"","sfsi_plus_gutenberg_icon_alignemt":"","sfsi_plus_gutenburg_max_per_row":"","footnotes":""},"class_list":["post-225524","page","type-page","status-publish","has-post-thumbnail","hentry"],"yoast_head":"<!-- This site is optimized with the Yoast SEO plugin v23.8 - https:\/\/yoast.com\/wordpress\/plugins\/seo\/ -->\n<title>Immobiliare l ABC Translation l Acquisto l Vendita l Affitto l Alloggi<\/title>\n<meta name=\"description\" content=\"ABC Translation l Immobiliare l Acquisto l Vendita l Affitto l Locazione l Alloggi per studenti l Home Staging l Agenzia immobiliare\" \/>\n<meta name=\"robots\" content=\"index, follow, max-snippet:-1, max-image-preview:large, max-video-preview:-1\" \/>\n<link rel=\"canonical\" href=\"https:\/\/abc-office.eu\/it\/immobiliare\/\" \/>\n<meta property=\"og:locale\" content=\"it_IT\" \/>\n<meta property=\"og:type\" content=\"article\" \/>\n<meta property=\"og:title\" content=\"Immobiliare l ABC Translation l Acquisto l Vendita l Affitto l Alloggi\" \/>\n<meta property=\"og:description\" content=\"ABC Translation l Immobiliare l Acquisto l Vendita l Affitto l Locazione l Alloggi per studenti l Home Staging l Agenzia immobiliare\" \/>\n<meta property=\"og:url\" content=\"https:\/\/abc-office.eu\/it\/immobiliare\/\" \/>\n<meta property=\"og:site_name\" content=\"ABC Translation\" \/>\n<meta property=\"article:modified_time\" content=\"2025-10-14T15:17:04+00:00\" \/>\n<meta property=\"og:image\" content=\"https:\/\/abc-office.eu\/wp-content\/uploads\/2022\/04\/Immo.jpg\" \/>\n\t<meta property=\"og:image:width\" content=\"1500\" \/>\n\t<meta property=\"og:image:height\" content=\"1001\" \/>\n\t<meta property=\"og:image:type\" content=\"image\/jpeg\" \/>\n<meta name=\"twitter:card\" content=\"summary_large_image\" \/>\n<meta name=\"twitter:label1\" content=\"Tempo di lettura stimato\" \/>\n\t<meta name=\"twitter:data1\" content=\"3 minuti\" \/>\n<script type=\"application\/ld+json\" class=\"yoast-schema-graph\">{\"@context\":\"https:\/\/schema.org\",\"@graph\":[{\"@type\":\"WebPage\",\"@id\":\"https:\/\/abc-office.eu\/it\/immobiliare\/\",\"url\":\"https:\/\/abc-office.eu\/it\/immobiliare\/\",\"name\":\"Immobiliare l ABC Translation l Acquisto l Vendita l Affitto l Alloggi\",\"isPartOf\":{\"@id\":\"https:\/\/abc-office.eu\/it\/#website\"},\"primaryImageOfPage\":{\"@id\":\"https:\/\/abc-office.eu\/it\/immobiliare\/#primaryimage\"},\"image\":{\"@id\":\"https:\/\/abc-office.eu\/it\/immobiliare\/#primaryimage\"},\"thumbnailUrl\":\"https:\/\/abc-office.eu\/wp-content\/uploads\/2022\/04\/Immo.jpg\",\"datePublished\":\"2017-02-16T08:16:01+00:00\",\"dateModified\":\"2025-10-14T15:17:04+00:00\",\"description\":\"ABC Translation l Immobiliare l Acquisto l Vendita l Affitto l Locazione l Alloggi per studenti l Home Staging l Agenzia immobiliare\",\"breadcrumb\":{\"@id\":\"https:\/\/abc-office.eu\/it\/immobiliare\/#breadcrumb\"},\"inLanguage\":\"it-IT\",\"potentialAction\":[{\"@type\":\"ReadAction\",\"target\":[\"https:\/\/abc-office.eu\/it\/immobiliare\/\"]}]},{\"@type\":\"ImageObject\",\"inLanguage\":\"it-IT\",\"@id\":\"https:\/\/abc-office.eu\/it\/immobiliare\/#primaryimage\",\"url\":\"https:\/\/abc-office.eu\/wp-content\/uploads\/2022\/04\/Immo.jpg\",\"contentUrl\":\"https:\/\/abc-office.eu\/wp-content\/uploads\/2022\/04\/Immo.jpg\",\"width\":1500,\"height\":1001},{\"@type\":\"BreadcrumbList\",\"@id\":\"https:\/\/abc-office.eu\/it\/immobiliare\/#breadcrumb\",\"itemListElement\":[{\"@type\":\"ListItem\",\"position\":1,\"name\":\"Accueil\",\"item\":\"https:\/\/abc-office.eu\/it\/\"},{\"@type\":\"ListItem\",\"position\":2,\"name\":\"Immobiliare\"}]},{\"@type\":\"WebSite\",\"@id\":\"https:\/\/abc-office.eu\/it\/#website\",\"url\":\"https:\/\/abc-office.eu\/it\/\",\"name\":\"ABC Translation\",\"description\":\"info@abc-office.eu\",\"potentialAction\":[{\"@type\":\"SearchAction\",\"target\":{\"@type\":\"EntryPoint\",\"urlTemplate\":\"https:\/\/abc-office.eu\/it\/?s={search_term_string}\"},\"query-input\":{\"@type\":\"PropertyValueSpecification\",\"valueRequired\":true,\"valueName\":\"search_term_string\"}}],\"inLanguage\":\"it-IT\"}]}<\/script>\n<!-- \/ Yoast SEO plugin. -->","yoast_head_json":{"title":"Immobiliare l ABC Translation l Acquisto l Vendita l Affitto l Alloggi","description":"ABC Translation l Immobiliare l Acquisto l Vendita l Affitto l Locazione l Alloggi per studenti l Home Staging l Agenzia immobiliare","robots":{"index":"index","follow":"follow","max-snippet":"max-snippet:-1","max-image-preview":"max-image-preview:large","max-video-preview":"max-video-preview:-1"},"canonical":"https:\/\/abc-office.eu\/it\/immobiliare\/","og_locale":"it_IT","og_type":"article","og_title":"Immobiliare l ABC Translation l Acquisto l Vendita l Affitto l Alloggi","og_description":"ABC Translation l Immobiliare l Acquisto l Vendita l Affitto l Locazione l Alloggi per studenti l Home Staging l Agenzia immobiliare","og_url":"https:\/\/abc-office.eu\/it\/immobiliare\/","og_site_name":"ABC Translation","article_modified_time":"2025-10-14T15:17:04+00:00","og_image":[{"width":1500,"height":1001,"url":"https:\/\/abc-office.eu\/wp-content\/uploads\/2022\/04\/Immo.jpg","type":"image\/jpeg"}],"twitter_card":"summary_large_image","twitter_misc":{"Tempo di lettura stimato":"3 minuti"},"schema":{"@context":"https:\/\/schema.org","@graph":[{"@type":"WebPage","@id":"https:\/\/abc-office.eu\/it\/immobiliare\/","url":"https:\/\/abc-office.eu\/it\/immobiliare\/","name":"Immobiliare l ABC Translation l Acquisto l Vendita l Affitto l Alloggi","isPartOf":{"@id":"https:\/\/abc-office.eu\/it\/#website"},"primaryImageOfPage":{"@id":"https:\/\/abc-office.eu\/it\/immobiliare\/#primaryimage"},"image":{"@id":"https:\/\/abc-office.eu\/it\/immobiliare\/#primaryimage"},"thumbnailUrl":"https:\/\/abc-office.eu\/wp-content\/uploads\/2022\/04\/Immo.jpg","datePublished":"2017-02-16T08:16:01+00:00","dateModified":"2025-10-14T15:17:04+00:00","description":"ABC Translation l Immobiliare l Acquisto l Vendita l Affitto l Locazione l Alloggi per studenti l Home Staging l Agenzia immobiliare","breadcrumb":{"@id":"https:\/\/abc-office.eu\/it\/immobiliare\/#breadcrumb"},"inLanguage":"it-IT","potentialAction":[{"@type":"ReadAction","target":["https:\/\/abc-office.eu\/it\/immobiliare\/"]}]},{"@type":"ImageObject","inLanguage":"it-IT","@id":"https:\/\/abc-office.eu\/it\/immobiliare\/#primaryimage","url":"https:\/\/abc-office.eu\/wp-content\/uploads\/2022\/04\/Immo.jpg","contentUrl":"https:\/\/abc-office.eu\/wp-content\/uploads\/2022\/04\/Immo.jpg","width":1500,"height":1001},{"@type":"BreadcrumbList","@id":"https:\/\/abc-office.eu\/it\/immobiliare\/#breadcrumb","itemListElement":[{"@type":"ListItem","position":1,"name":"Accueil","item":"https:\/\/abc-office.eu\/it\/"},{"@type":"ListItem","position":2,"name":"Immobiliare"}]},{"@type":"WebSite","@id":"https:\/\/abc-office.eu\/it\/#website","url":"https:\/\/abc-office.eu\/it\/","name":"ABC Translation","description":"info@abc-office.eu","potentialAction":[{"@type":"SearchAction","target":{"@type":"EntryPoint","urlTemplate":"https:\/\/abc-office.eu\/it\/?s={search_term_string}"},"query-input":{"@type":"PropertyValueSpecification","valueRequired":true,"valueName":"search_term_string"}}],"inLanguage":"it-IT"}]}},"_links":{"self":[{"href":"https:\/\/abc-office.eu\/it\/wp-json\/wp\/v2\/pages\/225524","targetHints":{"allow":["GET"]}}],"collection":[{"href":"https:\/\/abc-office.eu\/it\/wp-json\/wp\/v2\/pages"}],"about":[{"href":"https:\/\/abc-office.eu\/it\/wp-json\/wp\/v2\/types\/page"}],"author":[{"embeddable":true,"href":"https:\/\/abc-office.eu\/it\/wp-json\/wp\/v2\/users\/1"}],"replies":[{"embeddable":true,"href":"https:\/\/abc-office.eu\/it\/wp-json\/wp\/v2\/comments?post=225524"}],"version-history":[{"count":3,"href":"https:\/\/abc-office.eu\/it\/wp-json\/wp\/v2\/pages\/225524\/revisions"}],"predecessor-version":[{"id":226705,"href":"https:\/\/abc-office.eu\/it\/wp-json\/wp\/v2\/pages\/225524\/revisions\/226705"}],"wp:featuredmedia":[{"embeddable":true,"href":"https:\/\/abc-office.eu\/it\/wp-json\/wp\/v2\/media\/29099"}],"wp:attachment":[{"href":"https:\/\/abc-office.eu\/it\/wp-json\/wp\/v2\/media?parent=225524"}],"curies":[{"name":"wp","href":"https:\/\/api.w.org\/{rel}","templated":true}]}}