{"id":225518,"date":"2017-02-16T09:13:19","date_gmt":"2017-02-16T08:13:19","guid":{"rendered":"https:\/\/abc-office.eu\/?page_id=225518"},"modified":"2025-10-14T17:02:10","modified_gmt":"2025-10-14T15:02:10","slug":"pagina-iniziale","status":"publish","type":"page","link":"https:\/\/abc-office.eu\/it\/","title":{"rendered":"Pagina iniziale"},"content":{"rendered":"<h2 data-start=\"114\" data-end=\"133\">ABC Translation<\/h2>\n<p style=\"text-align: justify;\">ABC Translation \u00e8 specializzata in diversi settori fornendo servizi di traduzione, legalizzazione, di consulenza in materia immobiliare, diritto e relocation. Con un team di oltre 500 collaboratori in tutto il mondo, ABC Translation \u00e8 leader nei settori specialistici summenzionati ed \u00e8 in grado di fornire i propri servizi in maniera rapida ed efficace potendo disporre di un vasto gruppo di professionisti qualificati che la assistono. L\u2019azienda rappresenta 55 diverse nazionalit\u00e0 ed \u00e8 presente in pi\u00f9 di 85 paesi. Ha saputo utilizzare al meglio la globalizzazione per attrarre una clientela sempre pi\u00f9 esigente.<\/p>\n<p data-start=\"618\" data-end=\"649\"><strong data-start=\"618\" data-end=\"647\">ABC Translation in cifre:<\/strong><\/p>\n<ul>\n<li>500 collaboratori nel mondo<\/li>\n<li>60 lingue parlate<\/li>\n<li>4000 progetti all\u2019anno<\/li>\n<li>Oltre 10 anni di esperienza<\/li>\n<li>Oltre 1.000 clienti business abituali<\/li>\n<li>Oltre 2000 clienti privati ogni anno<\/li>\n<\/ul>\n<p style=\"text-align: justify;\">Collaboriamo con diversi studi notarili per poter legalizzare i vari documenti nel pi\u00f9 breve tempo possibile. Per i documenti destinati all\u2019estero, lavoriamo con ambasciate, consolati e cancellerie. \u00c8 proprio questa sinergia tra le diverse entit\u00e0 a consentirci di rispondere prontamente e con efficacia quando si tratta di tradurre e legalizzare i vostri documenti in tempi record. I nostri corrieri in bicicletta consentono la consegna dei documenti ai vari uffici nel pieno rispetto dell\u2019ambiente. Allo stadio successivo, per la spedizione finale in Europa e in tutto il mondo, utilizziamo i servizi postali europei e DHL.<\/p>\n<p>Sono state proprio la qualit\u00e0 e la rapidit\u00e0 dei nostri servizi a fare la differenza negli anni. In questo settore, la prontezza e l&#8217;efficacia nella risposta rappresentano la chiave del successo. Abbiamo predisposto tale infrastruttura con l&#8217;obiettivo di rispondere in maniera pi\u00f9 rapida alle richieste dei clienti. Per un contatto rapido, potete contattarci telefonicamente o per e-mail. \u00c8 inoltre possibile utilizzare il modulo di contatto che trovate sul lato destro di questa pagina, particolarmente utile per l\u2019invio dei documenti. Il linea di massima inviamo il preventivo entro 10-20 minuti dal ricevimento del file. Nel preventivo saranno indicati il prezzo complessivo e i tempi di consegna del progetto.<\/p>\n<p style=\"text-align: justify;\">Augurandosi di poter collaborare con voi quanto prima, l\u2019intero team rimane a vostra completa disposizione per qualsiasi ulteriore informazione.<\/p>\n<p data-start=\"2042\" data-end=\"2136\"><img loading=\"lazy\" decoding=\"async\" class=\"aligncenter wp-image-298\" src=\"https:\/\/abc-office.ch\/wp-content\/uploads\/2020\/03\/bim91-1024x682.jpg\" alt=\"ABC Translation\" width=\"680\" height=\"453\" \/><\/p>\n","protected":false},"excerpt":{"rendered":"<p>ABC Translation ABC Translation \u00e8 specializzata in diversi settori fornendo servizi di traduzione, legalizzazione, di consulenza in materia immobiliare, diritto e relocation. Con un team di oltre 500 collaboratori in tutto il mondo, ABC Translation \u00e8 leader nei settori specialistici summenzionati ed \u00e8 in grado di fornire i propri servizi in maniera rapida ed efficace&#8230;<\/p>\n","protected":false},"author":1,"featured_media":29059,"parent":0,"menu_order":0,"comment_status":"closed","ping_status":"closed","template":"","meta":{"sfsi_plus_gutenberg_text_before_share":"","sfsi_plus_gutenberg_show_text_before_share":"","sfsi_plus_gutenberg_icon_type":"","sfsi_plus_gutenberg_icon_alignemt":"","sfsi_plus_gutenburg_max_per_row":"","footnotes":""},"class_list":["post-225518","page","type-page","status-publish","has-post-thumbnail","hentry"],"yoast_head":"<!-- This site is optimized with the Yoast SEO plugin v23.8 - https:\/\/yoast.com\/wordpress\/plugins\/seo\/ -->\n<title>ABC Translation l Traduzione l Legalizzazione l Immobiliare<\/title>\n<meta name=\"description\" content=\"ABC Translation l Legalizzazione l Immobiliare l Espatriati l Interpretariato l Notaio l Studio legale l Trasferimento di persone Traduzione\" \/>\n<meta name=\"robots\" content=\"index, follow, max-snippet:-1, max-image-preview:large, max-video-preview:-1\" \/>\n<link rel=\"canonical\" href=\"https:\/\/abc-office.eu\/it\/\" \/>\n<meta property=\"og:locale\" content=\"it_IT\" \/>\n<meta property=\"og:type\" content=\"article\" \/>\n<meta property=\"og:title\" content=\"ABC Translation l Traduzione l Legalizzazione l Immobiliare\" \/>\n<meta property=\"og:description\" content=\"ABC Translation l Legalizzazione l Immobiliare l Espatriati l Interpretariato l Notaio l Studio legale l Trasferimento di persone Traduzione\" \/>\n<meta property=\"og:url\" content=\"https:\/\/abc-office.eu\/it\/\" \/>\n<meta property=\"og:site_name\" content=\"ABC Translation\" \/>\n<meta property=\"article:modified_time\" content=\"2025-10-14T15:02:10+00:00\" \/>\n<meta property=\"og:image\" content=\"https:\/\/abc-office.eu\/wp-content\/uploads\/2022\/04\/6190976a.jpg\" \/>\n\t<meta property=\"og:image:width\" content=\"852\" \/>\n\t<meta property=\"og:image:height\" content=\"480\" \/>\n\t<meta property=\"og:image:type\" content=\"image\/jpeg\" \/>\n<meta name=\"twitter:card\" content=\"summary_large_image\" \/>\n<meta name=\"twitter:label1\" content=\"Tempo di lettura stimato\" \/>\n\t<meta name=\"twitter:data1\" content=\"2 minuti\" \/>\n<script type=\"application\/ld+json\" class=\"yoast-schema-graph\">{\"@context\":\"https:\/\/schema.org\",\"@graph\":[{\"@type\":\"WebPage\",\"@id\":\"https:\/\/abc-office.eu\/it\/\",\"url\":\"https:\/\/abc-office.eu\/it\/\",\"name\":\"ABC Translation l Traduzione l Legalizzazione l Immobiliare\",\"isPartOf\":{\"@id\":\"https:\/\/abc-office.eu\/it\/#website\"},\"primaryImageOfPage\":{\"@id\":\"https:\/\/abc-office.eu\/it\/#primaryimage\"},\"image\":{\"@id\":\"https:\/\/abc-office.eu\/it\/#primaryimage\"},\"thumbnailUrl\":\"https:\/\/abc-office.eu\/wp-content\/uploads\/2022\/04\/6190976a.jpg\",\"datePublished\":\"2017-02-16T08:13:19+00:00\",\"dateModified\":\"2025-10-14T15:02:10+00:00\",\"description\":\"ABC Translation l Legalizzazione l Immobiliare l Espatriati l Interpretariato l Notaio l Studio legale l Trasferimento di persone Traduzione\",\"breadcrumb\":{\"@id\":\"https:\/\/abc-office.eu\/it\/#breadcrumb\"},\"inLanguage\":\"it-IT\",\"potentialAction\":[{\"@type\":\"ReadAction\",\"target\":[\"https:\/\/abc-office.eu\/it\/\"]}]},{\"@type\":\"ImageObject\",\"inLanguage\":\"it-IT\",\"@id\":\"https:\/\/abc-office.eu\/it\/#primaryimage\",\"url\":\"https:\/\/abc-office.eu\/wp-content\/uploads\/2022\/04\/6190976a.jpg\",\"contentUrl\":\"https:\/\/abc-office.eu\/wp-content\/uploads\/2022\/04\/6190976a.jpg\",\"width\":852,\"height\":480},{\"@type\":\"BreadcrumbList\",\"@id\":\"https:\/\/abc-office.eu\/it\/#breadcrumb\",\"itemListElement\":[{\"@type\":\"ListItem\",\"position\":1,\"name\":\"Accueil\",\"item\":\"https:\/\/abc-office.eu\/it\/\"},{\"@type\":\"ListItem\",\"position\":2,\"name\":\"Pagina iniziale\"}]},{\"@type\":\"WebSite\",\"@id\":\"https:\/\/abc-office.eu\/it\/#website\",\"url\":\"https:\/\/abc-office.eu\/it\/\",\"name\":\"ABC Translation\",\"description\":\"info@abc-office.eu\",\"potentialAction\":[{\"@type\":\"SearchAction\",\"target\":{\"@type\":\"EntryPoint\",\"urlTemplate\":\"https:\/\/abc-office.eu\/it\/?s={search_term_string}\"},\"query-input\":{\"@type\":\"PropertyValueSpecification\",\"valueRequired\":true,\"valueName\":\"search_term_string\"}}],\"inLanguage\":\"it-IT\"}]}<\/script>\n<!-- \/ Yoast SEO plugin. -->","yoast_head_json":{"title":"ABC Translation l Traduzione l Legalizzazione l Immobiliare","description":"ABC Translation l Legalizzazione l Immobiliare l Espatriati l Interpretariato l Notaio l Studio legale l Trasferimento di persone Traduzione","robots":{"index":"index","follow":"follow","max-snippet":"max-snippet:-1","max-image-preview":"max-image-preview:large","max-video-preview":"max-video-preview:-1"},"canonical":"https:\/\/abc-office.eu\/it\/","og_locale":"it_IT","og_type":"article","og_title":"ABC Translation l Traduzione l Legalizzazione l Immobiliare","og_description":"ABC Translation l Legalizzazione l Immobiliare l Espatriati l Interpretariato l Notaio l Studio legale l Trasferimento di persone Traduzione","og_url":"https:\/\/abc-office.eu\/it\/","og_site_name":"ABC Translation","article_modified_time":"2025-10-14T15:02:10+00:00","og_image":[{"width":852,"height":480,"url":"https:\/\/abc-office.eu\/wp-content\/uploads\/2022\/04\/6190976a.jpg","type":"image\/jpeg"}],"twitter_card":"summary_large_image","twitter_misc":{"Tempo di lettura stimato":"2 minuti"},"schema":{"@context":"https:\/\/schema.org","@graph":[{"@type":"WebPage","@id":"https:\/\/abc-office.eu\/it\/","url":"https:\/\/abc-office.eu\/it\/","name":"ABC Translation l Traduzione l Legalizzazione l Immobiliare","isPartOf":{"@id":"https:\/\/abc-office.eu\/it\/#website"},"primaryImageOfPage":{"@id":"https:\/\/abc-office.eu\/it\/#primaryimage"},"image":{"@id":"https:\/\/abc-office.eu\/it\/#primaryimage"},"thumbnailUrl":"https:\/\/abc-office.eu\/wp-content\/uploads\/2022\/04\/6190976a.jpg","datePublished":"2017-02-16T08:13:19+00:00","dateModified":"2025-10-14T15:02:10+00:00","description":"ABC Translation l Legalizzazione l Immobiliare l Espatriati l Interpretariato l Notaio l Studio legale l Trasferimento di persone Traduzione","breadcrumb":{"@id":"https:\/\/abc-office.eu\/it\/#breadcrumb"},"inLanguage":"it-IT","potentialAction":[{"@type":"ReadAction","target":["https:\/\/abc-office.eu\/it\/"]}]},{"@type":"ImageObject","inLanguage":"it-IT","@id":"https:\/\/abc-office.eu\/it\/#primaryimage","url":"https:\/\/abc-office.eu\/wp-content\/uploads\/2022\/04\/6190976a.jpg","contentUrl":"https:\/\/abc-office.eu\/wp-content\/uploads\/2022\/04\/6190976a.jpg","width":852,"height":480},{"@type":"BreadcrumbList","@id":"https:\/\/abc-office.eu\/it\/#breadcrumb","itemListElement":[{"@type":"ListItem","position":1,"name":"Accueil","item":"https:\/\/abc-office.eu\/it\/"},{"@type":"ListItem","position":2,"name":"Pagina iniziale"}]},{"@type":"WebSite","@id":"https:\/\/abc-office.eu\/it\/#website","url":"https:\/\/abc-office.eu\/it\/","name":"ABC Translation","description":"info@abc-office.eu","potentialAction":[{"@type":"SearchAction","target":{"@type":"EntryPoint","urlTemplate":"https:\/\/abc-office.eu\/it\/?s={search_term_string}"},"query-input":{"@type":"PropertyValueSpecification","valueRequired":true,"valueName":"search_term_string"}}],"inLanguage":"it-IT"}]}},"_links":{"self":[{"href":"https:\/\/abc-office.eu\/it\/wp-json\/wp\/v2\/pages\/225518","targetHints":{"allow":["GET"]}}],"collection":[{"href":"https:\/\/abc-office.eu\/it\/wp-json\/wp\/v2\/pages"}],"about":[{"href":"https:\/\/abc-office.eu\/it\/wp-json\/wp\/v2\/types\/page"}],"author":[{"embeddable":true,"href":"https:\/\/abc-office.eu\/it\/wp-json\/wp\/v2\/users\/1"}],"replies":[{"embeddable":true,"href":"https:\/\/abc-office.eu\/it\/wp-json\/wp\/v2\/comments?post=225518"}],"version-history":[{"count":3,"href":"https:\/\/abc-office.eu\/it\/wp-json\/wp\/v2\/pages\/225518\/revisions"}],"predecessor-version":[{"id":226699,"href":"https:\/\/abc-office.eu\/it\/wp-json\/wp\/v2\/pages\/225518\/revisions\/226699"}],"wp:featuredmedia":[{"embeddable":true,"href":"https:\/\/abc-office.eu\/it\/wp-json\/wp\/v2\/media\/29059"}],"wp:attachment":[{"href":"https:\/\/abc-office.eu\/it\/wp-json\/wp\/v2\/media?parent=225518"}],"curies":[{"name":"wp","href":"https:\/\/api.w.org\/{rel}","templated":true}]}}