{"id":234344,"date":"2024-09-15T03:23:55","date_gmt":"2024-09-15T01:23:55","guid":{"rendered":"https:\/\/abc-office.eu\/?page_id=234344"},"modified":"2025-11-04T08:42:18","modified_gmt":"2025-11-04T07:42:18","slug":"loggilt-thyding-reykjavik","status":"publish","type":"page","link":"https:\/\/abc-office.eu\/is\/island\/loggilt-thyding-island\/loggilt-thyding-reykjavik\/","title":{"rendered":"L\u00f6ggilt \u00fe\u00fd\u00f0ing Reykjav\u00edk"},"content":{"rendered":"<h2 data-start=\"138\" data-end=\"166\"><strong data-start=\"138\" data-end=\"166\">L\u00f6ggilt \u00fe\u00fd\u00f0ing Reykjav\u00edk<\/strong><\/h2>\n<p style=\"text-align: justify;\" data-start=\"168\" data-end=\"478\">\u00de\u00fd\u00f0ingastofan okkar s\u00e9rh\u00e6fir sig \u00ed l\u00f6ggiltum og ei\u00f0svarnum \u00fe\u00fd\u00f0ingum \u00e1 meira en 80 tungum\u00e1lum. Teymi\u00f0 okkar \u00ed Reykjav\u00edk getur unni\u00f0 \u00far bei\u00f0ni \u00feinni hratt. Okkur n\u00e6gir a\u00f0 f\u00e1 afrit af skj\u00f6lunum sem \u00fearf a\u00f0 \u00fe\u00fd\u00f0a (\u00f6ll skr\u00e1arsni\u00f0 eru sam\u00feykkt). Upprunaleg skj\u00f6l eru ekki lengur nau\u00f0synleg (l\u00f6ggilt \u00fe\u00fd\u00f0ing Reykjav\u00edk).<\/p>\n<ol>\n<li style=\"text-align: justify;\" data-start=\"168\" data-end=\"478\">\u00cd fyrsta lagi getur\u00f0u nota\u00f0 netfangi\u00f0 okkar (<a class=\"decorated-link cursor-pointer\" href=\"mailto:info@abc-office.eu\" rel=\"noopener\" data-start=\"525\" data-end=\"543\">info@abc-office.eu<\/a>), samskiptaformi\u00f0 e\u00f0a WhatsApp-tengilinn okkar.<\/li>\n<li style=\"text-align: justify;\" data-start=\"168\" data-end=\"478\">\u00cd \u00f6\u00f0ru lagi vinsamlegast tilgreindu tungum\u00e1li\u00f0 sem \u00fe\u00fa vilt f\u00e1 \u00fe\u00fd\u00f0inguna \u00e1 og hvort \u00fe\u00fa \u00fearft a\u00f0 \u00fe\u00fd\u00f0ingin s\u00e9 l\u00f6ggilt af s\u00fdslumanni og\/e\u00f0a apostillu\u00f0 (kansell\u00eda).<\/li>\n<li style=\"text-align: justify;\" data-start=\"168\" data-end=\"478\">\u00cd \u00feri\u00f0ja lagi mun einn verkefnastj\u00f3ri okkar senda \u00fe\u00e9r flj\u00f3tt tilbo\u00f0 sem s\u00fdnir ver\u00f0 og afhendingart\u00edma verkefnisins. Vi\u00f0 sv\u00f6rum venjulega innan 30 m\u00edn\u00fatna. Vinsamlegast hringdu \u00ed okkur ef \u00fe\u00fa hefur ekki fengi\u00f0 svar innan klukkustundar.<\/li>\n<li style=\"text-align: justify;\" data-start=\"168\" data-end=\"478\">\u00cd fj\u00f3r\u00f0a lagi, og ekki s\u00edst, \u00feegar tilbo\u00f0i\u00f0 hefur veri\u00f0 sam\u00feykkt, hefjum vi\u00f0 \u00fe\u00fd\u00f0ingarferli\u00f0 og sendum \u00fe\u00e9r l\u00f6ggildu \u00fe\u00fd\u00f0ingarnar me\u00f0 p\u00f3sti. Ef \u00fe\u00fa \u00fearfnast einnig rafr\u00e6ns afrits, vinsamlegast l\u00e1ttu verkefnastj\u00f3rann vita og vi\u00f0 sendum \u00fea\u00f0 me\u00f0 t\u00f6lvup\u00f3sti \u00e1\u00f0ur en upprunalega \u00fatg\u00e1fan er send.<\/li>\n<\/ol>\n<p style=\"text-align: justify;\">Var\u00f0andi afhendingart\u00edma eru l\u00f6ggiltar \u00fe\u00fd\u00f0ingar sendar me\u00f0 p\u00f3sti e\u00f0a DHL og\/e\u00f0a me\u00f0 t\u00f6lvup\u00f3sti innan 2\u20133 virkra daga. Hins vegar fer \u00feetta eftir magni og erfi\u00f0leikastigi skjala. Til d\u00e6mis f\u00e6r\u00f0u eins s\u00ed\u00f0u skjal venjulega innan 2 virkra daga me\u00f0 p\u00f3sti.<\/p>\n<h3 data-start=\"1532\" data-end=\"1572\">H\u00e9r er listi yfir helstu tungum\u00e1l okkar:<\/h3>\n<p style=\"text-align: justify;\" data-start=\"1574\" data-end=\"2482\">Afr\u00edkanska | Albanska | \u00de\u00fdska | Bandar\u00edska | Amhar\u00edska | Enska | Arab\u00edska | Armenska | Aymara | Aserbajdsjanska | Baskneska | Bengalska | Hv\u00edtr\u00fassneska | B\u00farm\u00edska | Bosn\u00edska | Brasil\u00edska | B\u00falgarska | Kantonska | Katal\u00f3nska | Singaleska | K\u00ednverska | Einf\u00f6ldu\u00f0 k\u00ednverska | Hef\u00f0bundin k\u00ednverska | K\u00f3reska | Kr\u00f3at\u00edska | Danska | Dar\u00ed | Sp\u00e6nska | Eistneska | Ewe | Fars\u00ed | Finnska | Georg\u00edska | Gr\u00edska | Guaran\u00ed | Hebreska | Hind\u00ed | Ungverska | Ind\u00f3nes\u00edska | \u00cdtalska | Japanska | Kasakska | Khmerska | Kirgiska | K\u00fard\u00edska | La\u00f3 | Lettneska | Lingala | Lith\u00e1\u00edska | Maked\u00f3nska | Mala\u00edska | Mala\u00edalam | Mandar\u00ednska | Mold\u00f3vska | Mong\u00f3lska | Svartfellska | Hollenska | Norska | \u00dard\u00fa | \u00dasbek\u00edska | Past\u00f3 | Punjabi | Persneska | Fula | P\u00f3lska | Port\u00fagalska | Quechua | R\u00famenska | R\u00fassneska | Serbneska | Sl\u00f3vak\u00edska | Sl\u00f3venska | S\u00e6nska | Tam\u00edlska | T\u00e9kkneska | T\u00e6lska | Tyrkneska | T\u00farkmenska | \u00dakra\u00ednska | V\u00edetnamska<\/p>\n<h3 data-start=\"2484\" data-end=\"2521\">H\u00e9r er ekki t\u00e6mandi listi yfir skj\u00f6l:<\/h3>\n<p style=\"text-align: justify;\" data-start=\"2523\" data-end=\"2875\">F\u00e6\u00f0ingarvottor\u00f0 | Hj\u00f3navottor\u00f0 | Vottor\u00f0 um hj\u00faskaparst\u00f6\u00f0u | Yfirl\u00fdsing | Einkaleyfi | Sakavottor\u00f0 | Vottor\u00f0 | Hj\u00f3nfr\u00e6\u00f0isvottor\u00f0 | D\u00e1narvottor\u00f0 | Fj\u00f6lskylduvottor\u00f0 | Vinnuvottor\u00f0 | Skattframtal | Dipl\u00f3ma | Vegabr\u00e9f | \u00d6kusk\u00edrteini | Erf\u00f0askr\u00e1 | V\u00edsum | Samningur | Hj\u00f3naskilna\u00f0arsamningur | Hj\u00f3nabandssamningur | D\u00f3mur | M\u00e1lsme\u00f0fer\u00f0 | Umbo\u00f0 | Fundarger\u00f0<\/p>\n<h3 data-start=\"2877\" data-end=\"3189\">Algengar tegundir sta\u00f0festinga\/l\u00f6ggildinga (l\u00f6ggilt \u00fe\u00fd\u00f0ing Reykjav\u00edk):<\/h3>\n<ul>\n<li style=\"text-align: justify;\" data-start=\"2877\" data-end=\"3189\"><strong data-start=\"2950\" data-end=\"2969\">L\u00f6ggilt \u00fe\u00fd\u00f0ing:<\/strong> vi\u00f0 \u00fatvegum \u00fe\u00fd\u00f0inguna me\u00f0 stimpli okkar og undirritun.<\/li>\n<li style=\"text-align: justify;\" data-start=\"2877\" data-end=\"3189\"><strong>L\u00f6ggilt \u00fe\u00fd\u00f0ing:<\/strong> \u00c1 \u00cdslandi er \u00fe\u00fd\u00f0ingin sta\u00f0fest af \u00fe\u00fd\u00f0anda me\u00f0 undirskrift og stimpli, s\u00ed\u00f0an l\u00f6ggilt af s\u00fdslumanni og, ef skj\u00f6lin eiga a\u00f0 fara erlendis, apostillu\u00f0 hj\u00e1 kansell\u00edunni til a\u00f0 tryggja fullt lagagildi. Vi\u00f0 sj\u00e1um um \u00f6ll skref ferlisins hratt og \u00f6rugglega og sendum \u00fe\u00e9r tilb\u00fana \u00fe\u00fd\u00f0ingu me\u00f0 p\u00f3sti e\u00f0a t\u00f6lvup\u00f3sti.<\/li>\n<li style=\"text-align: justify;\" data-start=\"2877\" data-end=\"3189\"><strong data-start=\"3027\" data-end=\"3061\">L\u00f6ggilt \u00fe\u00fd\u00f0ing me\u00f0 s\u00fdslumanni:<\/strong> s\u00fdsluma\u00f0ur l\u00f6ggildir undirritun \u00fe\u00fd\u00f0andans \u00e1 \u00fe\u00fd\u00f0ingunni.<\/li>\n<li style=\"text-align: justify;\" data-start=\"2877\" data-end=\"3189\"><strong data-start=\"3120\" data-end=\"3145\">\u00de\u00fd\u00f0ing me\u00f0 apostille:<\/strong> kansell\u00eda l\u00f6ggildir undirskrift s\u00fdslumanns.<\/li>\n<li style=\"text-align: justify;\" data-start=\"2877\" data-end=\"3189\"><strong data-start=\"3309\" data-end=\"3361\">\u00de\u00fd\u00f0ing l\u00f6ggilt af sendir\u00e1\u00f0i e\u00f0a r\u00e6\u00f0isskrifstofu:<\/strong> sendir\u00e1\u00f0 e\u00f0a r\u00e6\u00f0isskrifstofa l\u00f6ggildir \u00fe\u00fd\u00f0ingu til notkunar erlendis.<\/li>\n<\/ul>\n<p style=\"text-align: justify;\" data-start=\"3191\" data-end=\"3451\">\u00de\u00f6kk s\u00e9 r\u00e9ttri l\u00f6ggildingu ver\u00f0a \u00fe\u00fd\u00f0ingarnar sam\u00feykktar \u00e1 \u00cdslandi og erlendis. Ef \u00fe\u00fa hefur spurningar um hva\u00f0a tegund l\u00f6ggildingar skj\u00f6lin \u00fe\u00edn \u00feurfa, ekki hika vi\u00f0 a\u00f0 hafa samband vi\u00f0 teymi\u00f0 okkar. Vi\u00f0 lei\u00f0beinum \u00fe\u00e9r \u00ed gegnum ferli\u00f0 (l\u00f6ggilt \u00fe\u00fd\u00f0ing Reykjav\u00edk).<\/p>\n<p style=\"text-align: justify;\" data-start=\"3453\" data-end=\"3479\">Vi\u00f0 hl\u00f6kkum til samstarfs.<\/p>\n<p style=\"text-align: justify;\" data-start=\"3481\" data-end=\"3504\"><a href=\"https:\/\/abc-office.eu\/is\/\"><strong data-start=\"3481\" data-end=\"3504\">ABC Translation LLC<\/strong><\/a><\/p>\n<p data-start=\"3481\" data-end=\"3504\"><img loading=\"lazy\" decoding=\"async\" class=\"aligncenter wp-image-271\" src=\"https:\/\/abc-office.ch\/wp-content\/uploads\/2018\/06\/imageedit_1_6241191614.gif\" alt=\"L\u00f6ggilt \u00fe\u00fd\u00f0ing Reykjav\u00edk\" width=\"437\" height=\"437\" \/><\/p>\n","protected":false},"excerpt":{"rendered":"<p>L\u00f6ggilt \u00fe\u00fd\u00f0ing Reykjav\u00edk \u00de\u00fd\u00f0ingastofan okkar s\u00e9rh\u00e6fir sig \u00ed l\u00f6ggiltum og ei\u00f0svarnum \u00fe\u00fd\u00f0ingum \u00e1 meira en 80 tungum\u00e1lum. Teymi\u00f0 okkar \u00ed Reykjav\u00edk getur unni\u00f0 \u00far bei\u00f0ni \u00feinni hratt. Okkur n\u00e6gir a\u00f0 f\u00e1 afrit af skj\u00f6lunum sem \u00fearf a\u00f0 \u00fe\u00fd\u00f0a (\u00f6ll skr\u00e1arsni\u00f0 eru sam\u00feykkt). Upprunaleg skj\u00f6l eru ekki lengur nau\u00f0synleg (l\u00f6ggilt \u00fe\u00fd\u00f0ing Reykjav\u00edk). \u00cd fyrsta lagi getur\u00f0u&#8230;<\/p>\n","protected":false},"author":1,"featured_media":234345,"parent":234313,"menu_order":0,"comment_status":"closed","ping_status":"closed","template":"","meta":{"sfsi_plus_gutenberg_text_before_share":"","sfsi_plus_gutenberg_show_text_before_share":"","sfsi_plus_gutenberg_icon_type":"","sfsi_plus_gutenberg_icon_alignemt":"","sfsi_plus_gutenburg_max_per_row":"","footnotes":""},"class_list":["post-234344","page","type-page","status-publish","has-post-thumbnail","hentry"],"yoast_head":"<!-- This site is optimized with the Yoast SEO plugin v23.8 - https:\/\/yoast.com\/wordpress\/plugins\/seo\/ -->\n<title>L\u00f6ggilt \u00fe\u00fd\u00f0ing Reykjav\u00edk | L\u00f6ggiltur \u00fe\u00fd\u00f0andi Reykjav\u00edk | Opinber<\/title>\n<meta name=\"description\" content=\"ABC Translation | L\u00f6ggilt \u00fe\u00fd\u00f0ing Reykjav\u00edk | L\u00f6ggiltur \u00fe\u00fd\u00f0andi Reykjav\u00edk | Opinber \u00fe\u00fd\u00f0ing | L\u00f6ggilding hj\u00e1 s\u00fdslumanni | Opinbert\" \/>\n<meta name=\"robots\" content=\"index, follow, max-snippet:-1, max-image-preview:large, max-video-preview:-1\" \/>\n<link rel=\"canonical\" href=\"https:\/\/abc-office.eu\/is\/island\/loggilt-thyding-island\/loggilt-thyding-reykjavik\/\" \/>\n<meta property=\"og:locale\" content=\"is_IS\" \/>\n<meta property=\"og:type\" content=\"article\" \/>\n<meta property=\"og:title\" content=\"L\u00f6ggilt \u00fe\u00fd\u00f0ing Reykjav\u00edk | L\u00f6ggiltur \u00fe\u00fd\u00f0andi Reykjav\u00edk | Opinber\" \/>\n<meta property=\"og:description\" content=\"ABC Translation | L\u00f6ggilt \u00fe\u00fd\u00f0ing Reykjav\u00edk | L\u00f6ggiltur \u00fe\u00fd\u00f0andi Reykjav\u00edk | Opinber \u00fe\u00fd\u00f0ing | L\u00f6ggilding hj\u00e1 s\u00fdslumanni | Opinbert\" \/>\n<meta property=\"og:url\" content=\"https:\/\/abc-office.eu\/is\/island\/loggilt-thyding-island\/loggilt-thyding-reykjavik\/\" \/>\n<meta property=\"og:site_name\" content=\"ABC Translation\" \/>\n<meta property=\"article:modified_time\" content=\"2025-11-04T07:42:18+00:00\" \/>\n<meta property=\"og:image\" content=\"https:\/\/abc-office.eu\/wp-content\/uploads\/2025\/11\/Reykjavik_sed_ur_Hallgrimskirkju_6-542x410-1.jpg\" \/>\n\t<meta property=\"og:image:width\" content=\"542\" \/>\n\t<meta property=\"og:image:height\" content=\"410\" \/>\n\t<meta property=\"og:image:type\" content=\"image\/jpeg\" \/>\n<meta name=\"twitter:card\" content=\"summary_large_image\" \/>\n<meta name=\"twitter:label1\" content=\"Est. reading time\" \/>\n\t<meta name=\"twitter:data1\" content=\"3 minutes\" \/>\n<script type=\"application\/ld+json\" class=\"yoast-schema-graph\">{\"@context\":\"https:\/\/schema.org\",\"@graph\":[{\"@type\":\"WebPage\",\"@id\":\"https:\/\/abc-office.eu\/is\/island\/loggilt-thyding-island\/loggilt-thyding-reykjavik\/\",\"url\":\"https:\/\/abc-office.eu\/is\/island\/loggilt-thyding-island\/loggilt-thyding-reykjavik\/\",\"name\":\"L\u00f6ggilt \u00fe\u00fd\u00f0ing Reykjav\u00edk | L\u00f6ggiltur \u00fe\u00fd\u00f0andi Reykjav\u00edk | Opinber\",\"isPartOf\":{\"@id\":\"https:\/\/abc-office.eu\/is\/#website\"},\"primaryImageOfPage\":{\"@id\":\"https:\/\/abc-office.eu\/is\/island\/loggilt-thyding-island\/loggilt-thyding-reykjavik\/#primaryimage\"},\"image\":{\"@id\":\"https:\/\/abc-office.eu\/is\/island\/loggilt-thyding-island\/loggilt-thyding-reykjavik\/#primaryimage\"},\"thumbnailUrl\":\"https:\/\/abc-office.eu\/wp-content\/uploads\/2025\/11\/Reykjavik_sed_ur_Hallgrimskirkju_6-542x410-1.jpg\",\"datePublished\":\"2024-09-15T01:23:55+00:00\",\"dateModified\":\"2025-11-04T07:42:18+00:00\",\"description\":\"ABC Translation | L\u00f6ggilt \u00fe\u00fd\u00f0ing Reykjav\u00edk | L\u00f6ggiltur \u00fe\u00fd\u00f0andi Reykjav\u00edk | Opinber \u00fe\u00fd\u00f0ing | L\u00f6ggilding hj\u00e1 s\u00fdslumanni | Opinbert\",\"breadcrumb\":{\"@id\":\"https:\/\/abc-office.eu\/is\/island\/loggilt-thyding-island\/loggilt-thyding-reykjavik\/#breadcrumb\"},\"inLanguage\":\"is\",\"potentialAction\":[{\"@type\":\"ReadAction\",\"target\":[\"https:\/\/abc-office.eu\/is\/island\/loggilt-thyding-island\/loggilt-thyding-reykjavik\/\"]}]},{\"@type\":\"ImageObject\",\"inLanguage\":\"is\",\"@id\":\"https:\/\/abc-office.eu\/is\/island\/loggilt-thyding-island\/loggilt-thyding-reykjavik\/#primaryimage\",\"url\":\"https:\/\/abc-office.eu\/wp-content\/uploads\/2025\/11\/Reykjavik_sed_ur_Hallgrimskirkju_6-542x410-1.jpg\",\"contentUrl\":\"https:\/\/abc-office.eu\/wp-content\/uploads\/2025\/11\/Reykjavik_sed_ur_Hallgrimskirkju_6-542x410-1.jpg\",\"width\":542,\"height\":410},{\"@type\":\"BreadcrumbList\",\"@id\":\"https:\/\/abc-office.eu\/is\/island\/loggilt-thyding-island\/loggilt-thyding-reykjavik\/#breadcrumb\",\"itemListElement\":[{\"@type\":\"ListItem\",\"position\":1,\"name\":\"Accueil\",\"item\":\"https:\/\/abc-office.eu\/is\/\"},{\"@type\":\"ListItem\",\"position\":2,\"name\":\"\u00cdsland\",\"item\":\"https:\/\/abc-office.eu\/is\/island\/\"},{\"@type\":\"ListItem\",\"position\":3,\"name\":\"L\u00f6ggilt \u00fe\u00fd\u00f0ing \u00cdsland\",\"item\":\"https:\/\/abc-office.eu\/is\/island\/loggilt-thyding-island\/\"},{\"@type\":\"ListItem\",\"position\":4,\"name\":\"L\u00f6ggilt \u00fe\u00fd\u00f0ing Reykjav\u00edk\"}]},{\"@type\":\"WebSite\",\"@id\":\"https:\/\/abc-office.eu\/is\/#website\",\"url\":\"https:\/\/abc-office.eu\/is\/\",\"name\":\"ABC Translation\",\"description\":\"info@abc-office.eu\",\"potentialAction\":[{\"@type\":\"SearchAction\",\"target\":{\"@type\":\"EntryPoint\",\"urlTemplate\":\"https:\/\/abc-office.eu\/is\/?s={search_term_string}\"},\"query-input\":{\"@type\":\"PropertyValueSpecification\",\"valueRequired\":true,\"valueName\":\"search_term_string\"}}],\"inLanguage\":\"is\"}]}<\/script>\n<!-- \/ Yoast SEO plugin. -->","yoast_head_json":{"title":"L\u00f6ggilt \u00fe\u00fd\u00f0ing Reykjav\u00edk | L\u00f6ggiltur \u00fe\u00fd\u00f0andi Reykjav\u00edk | Opinber","description":"ABC Translation | L\u00f6ggilt \u00fe\u00fd\u00f0ing Reykjav\u00edk | L\u00f6ggiltur \u00fe\u00fd\u00f0andi Reykjav\u00edk | Opinber \u00fe\u00fd\u00f0ing | L\u00f6ggilding hj\u00e1 s\u00fdslumanni | Opinbert","robots":{"index":"index","follow":"follow","max-snippet":"max-snippet:-1","max-image-preview":"max-image-preview:large","max-video-preview":"max-video-preview:-1"},"canonical":"https:\/\/abc-office.eu\/is\/island\/loggilt-thyding-island\/loggilt-thyding-reykjavik\/","og_locale":"is_IS","og_type":"article","og_title":"L\u00f6ggilt \u00fe\u00fd\u00f0ing Reykjav\u00edk | L\u00f6ggiltur \u00fe\u00fd\u00f0andi Reykjav\u00edk | Opinber","og_description":"ABC Translation | L\u00f6ggilt \u00fe\u00fd\u00f0ing Reykjav\u00edk | L\u00f6ggiltur \u00fe\u00fd\u00f0andi Reykjav\u00edk | Opinber \u00fe\u00fd\u00f0ing | L\u00f6ggilding hj\u00e1 s\u00fdslumanni | Opinbert","og_url":"https:\/\/abc-office.eu\/is\/island\/loggilt-thyding-island\/loggilt-thyding-reykjavik\/","og_site_name":"ABC Translation","article_modified_time":"2025-11-04T07:42:18+00:00","og_image":[{"width":542,"height":410,"url":"https:\/\/abc-office.eu\/wp-content\/uploads\/2025\/11\/Reykjavik_sed_ur_Hallgrimskirkju_6-542x410-1.jpg","type":"image\/jpeg"}],"twitter_card":"summary_large_image","twitter_misc":{"Est. reading time":"3 minutes"},"schema":{"@context":"https:\/\/schema.org","@graph":[{"@type":"WebPage","@id":"https:\/\/abc-office.eu\/is\/island\/loggilt-thyding-island\/loggilt-thyding-reykjavik\/","url":"https:\/\/abc-office.eu\/is\/island\/loggilt-thyding-island\/loggilt-thyding-reykjavik\/","name":"L\u00f6ggilt \u00fe\u00fd\u00f0ing Reykjav\u00edk | L\u00f6ggiltur \u00fe\u00fd\u00f0andi Reykjav\u00edk | Opinber","isPartOf":{"@id":"https:\/\/abc-office.eu\/is\/#website"},"primaryImageOfPage":{"@id":"https:\/\/abc-office.eu\/is\/island\/loggilt-thyding-island\/loggilt-thyding-reykjavik\/#primaryimage"},"image":{"@id":"https:\/\/abc-office.eu\/is\/island\/loggilt-thyding-island\/loggilt-thyding-reykjavik\/#primaryimage"},"thumbnailUrl":"https:\/\/abc-office.eu\/wp-content\/uploads\/2025\/11\/Reykjavik_sed_ur_Hallgrimskirkju_6-542x410-1.jpg","datePublished":"2024-09-15T01:23:55+00:00","dateModified":"2025-11-04T07:42:18+00:00","description":"ABC Translation | L\u00f6ggilt \u00fe\u00fd\u00f0ing Reykjav\u00edk | L\u00f6ggiltur \u00fe\u00fd\u00f0andi Reykjav\u00edk | Opinber \u00fe\u00fd\u00f0ing | L\u00f6ggilding hj\u00e1 s\u00fdslumanni | Opinbert","breadcrumb":{"@id":"https:\/\/abc-office.eu\/is\/island\/loggilt-thyding-island\/loggilt-thyding-reykjavik\/#breadcrumb"},"inLanguage":"is","potentialAction":[{"@type":"ReadAction","target":["https:\/\/abc-office.eu\/is\/island\/loggilt-thyding-island\/loggilt-thyding-reykjavik\/"]}]},{"@type":"ImageObject","inLanguage":"is","@id":"https:\/\/abc-office.eu\/is\/island\/loggilt-thyding-island\/loggilt-thyding-reykjavik\/#primaryimage","url":"https:\/\/abc-office.eu\/wp-content\/uploads\/2025\/11\/Reykjavik_sed_ur_Hallgrimskirkju_6-542x410-1.jpg","contentUrl":"https:\/\/abc-office.eu\/wp-content\/uploads\/2025\/11\/Reykjavik_sed_ur_Hallgrimskirkju_6-542x410-1.jpg","width":542,"height":410},{"@type":"BreadcrumbList","@id":"https:\/\/abc-office.eu\/is\/island\/loggilt-thyding-island\/loggilt-thyding-reykjavik\/#breadcrumb","itemListElement":[{"@type":"ListItem","position":1,"name":"Accueil","item":"https:\/\/abc-office.eu\/is\/"},{"@type":"ListItem","position":2,"name":"\u00cdsland","item":"https:\/\/abc-office.eu\/is\/island\/"},{"@type":"ListItem","position":3,"name":"L\u00f6ggilt \u00fe\u00fd\u00f0ing \u00cdsland","item":"https:\/\/abc-office.eu\/is\/island\/loggilt-thyding-island\/"},{"@type":"ListItem","position":4,"name":"L\u00f6ggilt \u00fe\u00fd\u00f0ing Reykjav\u00edk"}]},{"@type":"WebSite","@id":"https:\/\/abc-office.eu\/is\/#website","url":"https:\/\/abc-office.eu\/is\/","name":"ABC Translation","description":"info@abc-office.eu","potentialAction":[{"@type":"SearchAction","target":{"@type":"EntryPoint","urlTemplate":"https:\/\/abc-office.eu\/is\/?s={search_term_string}"},"query-input":{"@type":"PropertyValueSpecification","valueRequired":true,"valueName":"search_term_string"}}],"inLanguage":"is"}]}},"_links":{"self":[{"href":"https:\/\/abc-office.eu\/is\/wp-json\/wp\/v2\/pages\/234344","targetHints":{"allow":["GET"]}}],"collection":[{"href":"https:\/\/abc-office.eu\/is\/wp-json\/wp\/v2\/pages"}],"about":[{"href":"https:\/\/abc-office.eu\/is\/wp-json\/wp\/v2\/types\/page"}],"author":[{"embeddable":true,"href":"https:\/\/abc-office.eu\/is\/wp-json\/wp\/v2\/users\/1"}],"replies":[{"embeddable":true,"href":"https:\/\/abc-office.eu\/is\/wp-json\/wp\/v2\/comments?post=234344"}],"version-history":[{"count":1,"href":"https:\/\/abc-office.eu\/is\/wp-json\/wp\/v2\/pages\/234344\/revisions"}],"predecessor-version":[{"id":234375,"href":"https:\/\/abc-office.eu\/is\/wp-json\/wp\/v2\/pages\/234344\/revisions\/234375"}],"up":[{"embeddable":true,"href":"https:\/\/abc-office.eu\/is\/wp-json\/wp\/v2\/pages\/234313"}],"wp:featuredmedia":[{"embeddable":true,"href":"https:\/\/abc-office.eu\/is\/wp-json\/wp\/v2\/media\/234345"}],"wp:attachment":[{"href":"https:\/\/abc-office.eu\/is\/wp-json\/wp\/v2\/media?parent=234344"}],"curies":[{"name":"wp","href":"https:\/\/api.w.org\/{rel}","templated":true}]}}