{"id":234281,"date":"2024-04-13T10:05:35","date_gmt":"2024-04-13T08:05:35","guid":{"rendered":"https:\/\/abc-office.eu\/?page_id=234281"},"modified":"2025-11-04T08:46:34","modified_gmt":"2025-11-04T07:46:34","slug":"island","status":"publish","type":"page","link":"https:\/\/abc-office.eu\/is\/island\/","title":{"rendered":"\u00cdsland"},"content":{"rendered":"<h2 data-start=\"134\" data-end=\"144\"><strong data-start=\"134\" data-end=\"144\">\u00cdsland<\/strong><\/h2>\n<p style=\"text-align: justify;\" data-start=\"146\" data-end=\"468\">\u00de\u00fd\u00f0inga- og l\u00f6ggildingarstofan okkar s\u00e9rh\u00e6fir sig \u00ed l\u00f6ggiltum og ei\u00f0svottu\u00f0um \u00fe\u00fd\u00f0ingum \u00e1 meira en 80 tungum\u00e1lum \u00e1samt l\u00f6ggildingum. Teymi\u00f0 okkar \u00e1 \u00cdslandi getur unni\u00f0 \u00far bei\u00f0ni \u00feinni hratt. Okkur n\u00e6gir a\u00f0 f\u00e1 afrit af skj\u00f6lunum sem \u00fearf a\u00f0 \u00fe\u00fd\u00f0a (\u00f6ll sni\u00f0 eru sam\u00feykkt). Upprunaleg skj\u00f6l eru ekki lengur nau\u00f0synleg (\u00cdsland).<\/p>\n<ol>\n<li style=\"text-align: justify;\" data-start=\"146\" data-end=\"468\">\u00cd fyrsta lagi getur\u00f0u nota\u00f0 netfangi\u00f0 okkar (<a href=\"mailto:info@abc-office.eu\">info@abc-office.eu<\/a>), samskiptareitinn e\u00f0a WhatsApp-tengilinn okkar.<\/li>\n<li style=\"text-align: justify;\" data-start=\"146\" data-end=\"468\">\u00cd \u00f6\u00f0ru lagi vinsamlegast tilgreindu tungum\u00e1li\u00f0 sem \u00fe\u00fa vilt f\u00e1 \u00fe\u00fd\u00f0ingu \u00e1 og hvort \u00fe\u00fa \u00fearfnast \u00feess a\u00f0 \u00fe\u00fd\u00f0ingin s\u00e9 l\u00f6ggilt hj\u00e1 s\u00fdslumanni og\/e\u00f0a apostillu\u00f0 (Kansell\u00eda) og hvort \u00fe\u00fa \u00feurfir l\u00f6ggildingu \u00ed sendir\u00e1\u00f0i e\u00f0a r\u00e6\u00f0isskrifstofu.<\/li>\n<li style=\"text-align: justify;\" data-start=\"146\" data-end=\"468\">\u00cd \u00feri\u00f0ja lagi mun einn verkefnastj\u00f3ra okkar senda \u00fe\u00e9r flj\u00f3tt tilbo\u00f0 sem s\u00fdnir ver\u00f0 og afhendingart\u00edma verkefnisins. Vi\u00f0 sv\u00f6rum yfirleitt innan 30 m\u00edn\u00fatna. Vinsamlegast hringdu \u00ed okkur ef \u00fe\u00fa hefur ekki fengi\u00f0 svar eftir meira en klukkustund.<\/li>\n<li style=\"text-align: justify;\" data-start=\"146\" data-end=\"468\">\u00cd fj\u00f3r\u00f0a og mikilv\u00e6gasta lagi, \u00feegar tilbo\u00f0i\u00f0 hefur veri\u00f0 sam\u00feykkt, hefjum vi\u00f0 \u00fe\u00fd\u00f0ingar- e\u00f0a l\u00f6ggildingarferli\u00f0 og sendum \u00fe\u00e9r l\u00f6ggiltu \u00fe\u00fd\u00f0ingarnar og\/e\u00f0a l\u00f6ggildingarnar me\u00f0 p\u00f3sti. Ef \u00fe\u00fa \u00fearfnast einnig rafr\u00e6ns afrits af \u00fe\u00fd\u00f0ingunni og l\u00f6ggildingunni, l\u00e1ttu verkefnastj\u00f3rann vita og vi\u00f0 sendum \u00fea\u00f0 me\u00f0 t\u00f6lvup\u00f3sti \u00e1\u00f0ur en upprunalegu skj\u00f6lin eru send.<\/li>\n<\/ol>\n<p style=\"text-align: justify;\" data-start=\"1405\" data-end=\"1680\">Var\u00f0andi afhendingart\u00edma eru l\u00f6ggiltar \u00fe\u00fd\u00f0ingar og\/e\u00f0a l\u00f6ggildingar sendar me\u00f0 p\u00f3sti e\u00f0a DHL og\/e\u00f0a me\u00f0 t\u00f6lvup\u00f3sti innan 2\u20133 virkra daga. Hins vegar fer \u00fea\u00f0 einnig eftir magni og erfi\u00f0leikastigi skjala. Til d\u00e6mis f\u00e6r\u00f0u eins s\u00ed\u00f0u skjal venjulega innan 2 virkra daga me\u00f0 p\u00f3sti.<\/p>\n<h3 data-start=\"1682\" data-end=\"1722\">H\u00e9r er listi yfir helstu tungum\u00e1l okkar:<\/h3>\n<p style=\"text-align: justify;\" data-start=\"1724\" data-end=\"2634\">Afr\u00edkanska | Albanska | \u00de\u00fdska | Bandar\u00edska | Amhar\u00edska | Enska | Arab\u00edska | Armenska | Aymara | Aserbajdsjanska | Baskneska | Bengalska | Hv\u00edtr\u00fassneska | B\u00farm\u00edska | Bosn\u00edska | Brasil\u00edska | B\u00falgarska | Kantonska | Katal\u00f3nska | Singaleska | K\u00ednverska | Einf\u00f6ldu\u00f0 k\u00ednverska | Hef\u00f0bundin k\u00ednverska | K\u00f3reska | Kr\u00f3at\u00edska | Danska | Dar\u00ed | Sp\u00e6nska | Eistneska | Ewe | Fars\u00ed | Finnska | Georg\u00edska | Gr\u00edska | Guaran\u00ed | Hebreska | Hind\u00ed | Ungverska | Ind\u00f3nes\u00edska | \u00cdtalska | Japanska | Kasakska | Khmerska | Kirgiska | K\u00fard\u00edska | La\u00f3 | Lettneska | Lingala | Lith\u00e1\u00edska | Maked\u00f3nska | Mala\u00edska | Mala\u00edalam | Mandar\u00ednska | Mold\u00f3vska | Mong\u00f3lska | Svartfellska | Hollenska | Norska | \u00dard\u00fa | \u00dasbek\u00edska | Past\u00f3 | Punjabi | Persneska | Fulani | P\u00f3lska | Port\u00fagalska | Quechua | R\u00famenska | R\u00fassneska | Serbneska | Sl\u00f3vak\u00edska | Sl\u00f3venska | S\u00e6nska | Tam\u00edlska | T\u00e9kkneska | T\u00e6lska | Tyrkneska | T\u00farkmenska | \u00dakra\u00ednska | V\u00edetnamska<\/p>\n<h3 data-start=\"2636\" data-end=\"2673\">H\u00e9r er ekki t\u00e6mandi listi yfir skj\u00f6l:<\/h3>\n<p style=\"text-align: justify;\" data-start=\"2675\" data-end=\"3025\">F\u00e6\u00f0ingarvottor\u00f0 | Hj\u00f3navottor\u00f0 | Sta\u00f0festing \u00e1 hj\u00faskaparst\u00f6\u00f0u | Vottor\u00f0 | Einkaleyfi | Sakavottor\u00f0 | Skjal | Hj\u00f3nfr\u00e6\u00f0isvottor\u00f0 | D\u00e1narvottor\u00f0 | Fj\u00f6lskylduvottor\u00f0 | Vinnuvottor\u00f0 | Skattframtal | Dipl\u00f3ma | Vegabr\u00e9f | \u00d6kusk\u00edrteini | Erf\u00f0askr\u00e1 | V\u00edsum | Samningur | Hj\u00f3naskilna\u00f0arsamningur | Hj\u00f3nabandssamningur | D\u00f3mur | M\u00e1lsme\u00f0fer\u00f0 | Umbo\u00f0 | Fundarger\u00f0<\/p>\n<h3 data-start=\"3027\" data-end=\"3431\">Algengar tegundir l\u00f6ggiltra \u00fe\u00fd\u00f0inga (\u00cdsland):<\/h3>\n<ul>\n<li style=\"text-align: justify;\" data-start=\"3027\" data-end=\"3431\"><strong data-start=\"3073\" data-end=\"3092\">L\u00f6ggilt \u00fe\u00fd\u00f0ing:<\/strong> vi\u00f0 \u00fatvegum \u00fe\u00fd\u00f0inguna me\u00f0 stimpli okkar og undirskrift.<\/li>\n<li style=\"text-align: justify;\" data-start=\"3027\" data-end=\"3431\"><strong>L\u00f6ggilt \u00fe\u00fd\u00f0ing:<\/strong> \u00c1 \u00cdslandi er \u00fe\u00fd\u00f0ingin sta\u00f0fest af \u00fe\u00fd\u00f0anda me\u00f0 undirskrift og stimpli, s\u00ed\u00f0an l\u00f6ggilt af s\u00fdslumanni og, ef skj\u00f6lin eiga a\u00f0 fara erlendis, apostillu\u00f0 hj\u00e1 kansell\u00edunni til a\u00f0 tryggja fullt lagagildi. Vi\u00f0 sj\u00e1um um \u00f6ll skref ferlisins hratt og \u00f6rugglega og sendum \u00fe\u00e9r tilb\u00fana \u00fe\u00fd\u00f0ingu me\u00f0 p\u00f3sti e\u00f0a t\u00f6lvup\u00f3sti.<\/li>\n<li style=\"text-align: justify;\" data-start=\"3027\" data-end=\"3431\"><strong data-start=\"3149\" data-end=\"3183\">L\u00f6ggilt \u00fe\u00fd\u00f0ing hj\u00e1 s\u00fdslumanni:<\/strong> s\u00fdsluma\u00f0ur l\u00f6ggildir undirritun \u00fe\u00fd\u00f0andans \u00e1 \u00fe\u00fd\u00f0ingunni.<\/li>\n<li style=\"text-align: justify;\" data-start=\"3027\" data-end=\"3431\"><strong data-start=\"3240\" data-end=\"3265\">\u00de\u00fd\u00f0ing me\u00f0 apostille:<\/strong> kansell\u00eda l\u00f6ggildir undirritun s\u00fdslumanns.<\/li>\n<li style=\"text-align: justify;\" data-start=\"3027\" data-end=\"3431\"><strong data-start=\"3309\" data-end=\"3361\">\u00de\u00fd\u00f0ing l\u00f6ggilt af sendir\u00e1\u00f0i e\u00f0a r\u00e6\u00f0isskrifstofu:<\/strong> sendir\u00e1\u00f0 e\u00f0a r\u00e6\u00f0isskrifstofa l\u00f6ggildir \u00fe\u00fd\u00f0ingu til notkunar erlendis.<\/li>\n<\/ul>\n<h3>Algengar tegundir l\u00f6ggildinga til opinberrar notkunar (\u00cdsland):<\/h3>\n<ul>\n<li><strong data-start=\"3497\" data-end=\"3526\">L\u00f6ggilding me\u00f0 apostille:<\/strong> l\u00f6nd sem hafa undirrita\u00f0 Haag-samninginn vi\u00f0urkenna skjal \u00e1n\u00e1ritunar sendir\u00e1\u00f0s\/r\u00e6\u00f0isskrifstofu, a\u00f0 \u00fev\u00ed gefnu a\u00f0 \u00fea\u00f0 beri apostille.<\/li>\n<li data-start=\"3433\" data-end=\"4487\"><strong data-start=\"3660\" data-end=\"3709\">L\u00f6ggilding hj\u00e1 sendir\u00e1\u00f0i e\u00f0a r\u00e6\u00f0isskrifstofu:<\/strong> til a\u00f0 skj\u00f6l s\u00e9u gild \u00ed sumum l\u00f6ndum, t.d. K\u00edna, ver\u00f0a \u00feau l\u00f6ggilt \u00ed sendir\u00e1\u00f0i e\u00f0a r\u00e6\u00f0isskrifstofu. \u00d6ll skj\u00f6l ver\u00f0a a\u00f0 vera l\u00f6ggilt af s\u00fdslumanni og kansell\u00edu\/borgaryfirv\u00f6ldum \u00e1\u00f0ur en sendir\u00e1\u00f0 e\u00f0a r\u00e6\u00f0isskrifstofa setur s\u00edn merki.<\/li>\n<li data-start=\"3433\" data-end=\"4487\"><strong data-start=\"3940\" data-end=\"3959\">Sta\u00f0fest afrit:<\/strong> sta\u00f0fest afrit, einnig kalla\u00f0 Vidimus e\u00f0a Brevet, er afrit \u00fear sem samr\u00e6mi vi\u00f0 frumrit hefur veri\u00f0 vi\u00f0urkennt af s\u00fdslumanni. \u00deegar skj\u00f6l hafa veri\u00f0 gefin \u00fat af erlendum yfirv\u00f6ldum geta stofnanir krafist sl\u00edkra afrita til notkunar erlendis.<\/li>\n<li data-start=\"3433\" data-end=\"4487\"><strong data-start=\"4200\" data-end=\"4210\">V\u00edsun:<\/strong> v\u00edsun er l\u00f6ggilding fram \u00e1 afriti frumrits. Ef \u00fe\u00fa \u00e1tt ekki frumrit enn er h\u00e6gt a\u00f0 l\u00f6ggilda afriti\u00f0.<\/li>\n<li data-start=\"3433\" data-end=\"4487\"><strong data-start=\"4311\" data-end=\"4340\">L\u00f6ggilding undirskriftar:<\/strong> s\u00fdsluma\u00f0ur sta\u00f0festir a\u00f0 undirskriftin s\u00e9 ekta; a\u00f0 h\u00fan s\u00e9 ger\u00f0 af \u00feeim a\u00f0ila sem kve\u00f0ur sig hafa skrifa\u00f0 undir. \u00deetta er einkum nota\u00f0 fyrir umbo\u00f0.<\/li>\n<\/ul>\n<p style=\"text-align: justify;\" data-start=\"4489\" data-end=\"4753\">\u00de\u00f6kk s\u00e9 r\u00e9ttri l\u00f6ggildingu ver\u00f0a \u00fe\u00fd\u00f0ingar og l\u00f6ggildingar sam\u00feykktar \u00e1 \u00cdslandi og erlendis. Ef \u00fe\u00fa hefur spurningar um hva\u00f0a tegund l\u00f6ggildingar e\u00f0a sta\u00f0festingar skj\u00f6l \u00fe\u00edn \u00feurfa, haf\u00f0u endilega samband vi\u00f0 teymi\u00f0 okkar. Vi\u00f0 lei\u00f0beinum \u00fe\u00e9r \u00ed gegnum ferli\u00f0 (\u00cdsland).<\/p>\n<p style=\"text-align: justify;\" data-start=\"4755\" data-end=\"4781\">Vi\u00f0 hl\u00f6kkum til <a href=\"https:\/\/abc-office.eu\/is\/\">samstarfs<\/a>.<\/p>\n<p style=\"text-align: justify;\" data-start=\"4783\" data-end=\"4806\"><strong data-start=\"4783\" data-end=\"4806\">ABC Translation LLC<\/strong><\/p>\n<p data-start=\"4783\" data-end=\"4806\"><img loading=\"lazy\" decoding=\"async\" class=\"aligncenter wp-image-271\" src=\"https:\/\/abc-office.ch\/wp-content\/uploads\/2018\/06\/imageedit_1_6241191614.gif\" alt=\"\u00cdsland\" width=\"437\" height=\"437\" \/><\/p>\n","protected":false},"excerpt":{"rendered":"<p>\u00cdsland \u00de\u00fd\u00f0inga- og l\u00f6ggildingarstofan okkar s\u00e9rh\u00e6fir sig \u00ed l\u00f6ggiltum og ei\u00f0svottu\u00f0um \u00fe\u00fd\u00f0ingum \u00e1 meira en 80 tungum\u00e1lum \u00e1samt l\u00f6ggildingum. Teymi\u00f0 okkar \u00e1 \u00cdslandi getur unni\u00f0 \u00far bei\u00f0ni \u00feinni hratt. Okkur n\u00e6gir a\u00f0 f\u00e1 afrit af skj\u00f6lunum sem \u00fearf a\u00f0 \u00fe\u00fd\u00f0a (\u00f6ll sni\u00f0 eru sam\u00feykkt). Upprunaleg skj\u00f6l eru ekki lengur nau\u00f0synleg (\u00cdsland). \u00cd fyrsta lagi getur\u00f0u&#8230;<\/p>\n","protected":false},"author":1,"featured_media":234282,"parent":0,"menu_order":0,"comment_status":"closed","ping_status":"closed","template":"","meta":{"sfsi_plus_gutenberg_text_before_share":"","sfsi_plus_gutenberg_show_text_before_share":"","sfsi_plus_gutenberg_icon_type":"","sfsi_plus_gutenberg_icon_alignemt":"","sfsi_plus_gutenburg_max_per_row":"","footnotes":""},"class_list":["post-234281","page","type-page","status-publish","has-post-thumbnail","hentry"],"yoast_head":"<!-- This site is optimized with the Yoast SEO plugin v23.8 - https:\/\/yoast.com\/wordpress\/plugins\/seo\/ -->\n<title>L\u00f6ggilt \u00fe\u00fd\u00f0ing \u00cdsland | L\u00f6ggiltur \u00fe\u00fd\u00f0andi \u00cdsland | L\u00f6ggilt<\/title>\n<meta name=\"description\" content=\"ABC Translation | L\u00f6ggilt \u00fe\u00fd\u00f0ing \u00cdsland | L\u00f6ggiltur \u00fe\u00fd\u00f0andi \u00cdsland | L\u00f6ggilding hj\u00e1 s\u00fdslumanni | Apostille | R\u00e6\u00f0isskrifstofa | Sendir\u00e1\u00f0\" \/>\n<meta name=\"robots\" content=\"index, follow, max-snippet:-1, max-image-preview:large, max-video-preview:-1\" \/>\n<link rel=\"canonical\" href=\"https:\/\/abc-office.eu\/is\/island\/\" \/>\n<meta property=\"og:locale\" content=\"is_IS\" \/>\n<meta property=\"og:type\" content=\"article\" \/>\n<meta property=\"og:title\" content=\"L\u00f6ggilt \u00fe\u00fd\u00f0ing \u00cdsland | L\u00f6ggiltur \u00fe\u00fd\u00f0andi \u00cdsland | L\u00f6ggilt\" \/>\n<meta property=\"og:description\" content=\"ABC Translation | L\u00f6ggilt \u00fe\u00fd\u00f0ing \u00cdsland | L\u00f6ggiltur \u00fe\u00fd\u00f0andi \u00cdsland | L\u00f6ggilding hj\u00e1 s\u00fdslumanni | Apostille | R\u00e6\u00f0isskrifstofa | Sendir\u00e1\u00f0\" \/>\n<meta property=\"og:url\" content=\"https:\/\/abc-office.eu\/is\/island\/\" \/>\n<meta property=\"og:site_name\" content=\"ABC Translation\" \/>\n<meta property=\"article:modified_time\" content=\"2025-11-04T07:46:34+00:00\" \/>\n<meta property=\"og:image\" content=\"https:\/\/abc-office.eu\/wp-content\/uploads\/2025\/11\/Iceland-768x561-1.webp\" \/>\n\t<meta property=\"og:image:width\" content=\"768\" \/>\n\t<meta property=\"og:image:height\" content=\"561\" \/>\n\t<meta property=\"og:image:type\" content=\"image\/webp\" \/>\n<meta name=\"twitter:card\" content=\"summary_large_image\" \/>\n<meta name=\"twitter:label1\" content=\"Est. reading time\" \/>\n\t<meta name=\"twitter:data1\" content=\"4 minutes\" \/>\n<script type=\"application\/ld+json\" class=\"yoast-schema-graph\">{\"@context\":\"https:\/\/schema.org\",\"@graph\":[{\"@type\":\"WebPage\",\"@id\":\"https:\/\/abc-office.eu\/is\/island\/\",\"url\":\"https:\/\/abc-office.eu\/is\/island\/\",\"name\":\"L\u00f6ggilt \u00fe\u00fd\u00f0ing \u00cdsland | L\u00f6ggiltur \u00fe\u00fd\u00f0andi \u00cdsland | L\u00f6ggilt\",\"isPartOf\":{\"@id\":\"https:\/\/abc-office.eu\/is\/#website\"},\"primaryImageOfPage\":{\"@id\":\"https:\/\/abc-office.eu\/is\/island\/#primaryimage\"},\"image\":{\"@id\":\"https:\/\/abc-office.eu\/is\/island\/#primaryimage\"},\"thumbnailUrl\":\"https:\/\/abc-office.eu\/wp-content\/uploads\/2025\/11\/Iceland-768x561-1.webp\",\"datePublished\":\"2024-04-13T08:05:35+00:00\",\"dateModified\":\"2025-11-04T07:46:34+00:00\",\"description\":\"ABC Translation | L\u00f6ggilt \u00fe\u00fd\u00f0ing \u00cdsland | L\u00f6ggiltur \u00fe\u00fd\u00f0andi \u00cdsland | L\u00f6ggilding hj\u00e1 s\u00fdslumanni | Apostille | R\u00e6\u00f0isskrifstofa | Sendir\u00e1\u00f0\",\"breadcrumb\":{\"@id\":\"https:\/\/abc-office.eu\/is\/island\/#breadcrumb\"},\"inLanguage\":\"is\",\"potentialAction\":[{\"@type\":\"ReadAction\",\"target\":[\"https:\/\/abc-office.eu\/is\/island\/\"]}]},{\"@type\":\"ImageObject\",\"inLanguage\":\"is\",\"@id\":\"https:\/\/abc-office.eu\/is\/island\/#primaryimage\",\"url\":\"https:\/\/abc-office.eu\/wp-content\/uploads\/2025\/11\/Iceland-768x561-1.webp\",\"contentUrl\":\"https:\/\/abc-office.eu\/wp-content\/uploads\/2025\/11\/Iceland-768x561-1.webp\",\"width\":768,\"height\":561},{\"@type\":\"BreadcrumbList\",\"@id\":\"https:\/\/abc-office.eu\/is\/island\/#breadcrumb\",\"itemListElement\":[{\"@type\":\"ListItem\",\"position\":1,\"name\":\"Accueil\",\"item\":\"https:\/\/abc-office.eu\/is\/\"},{\"@type\":\"ListItem\",\"position\":2,\"name\":\"\u00cdsland\"}]},{\"@type\":\"WebSite\",\"@id\":\"https:\/\/abc-office.eu\/is\/#website\",\"url\":\"https:\/\/abc-office.eu\/is\/\",\"name\":\"ABC Translation\",\"description\":\"info@abc-office.eu\",\"potentialAction\":[{\"@type\":\"SearchAction\",\"target\":{\"@type\":\"EntryPoint\",\"urlTemplate\":\"https:\/\/abc-office.eu\/is\/?s={search_term_string}\"},\"query-input\":{\"@type\":\"PropertyValueSpecification\",\"valueRequired\":true,\"valueName\":\"search_term_string\"}}],\"inLanguage\":\"is\"}]}<\/script>\n<!-- \/ Yoast SEO plugin. -->","yoast_head_json":{"title":"L\u00f6ggilt \u00fe\u00fd\u00f0ing \u00cdsland | L\u00f6ggiltur \u00fe\u00fd\u00f0andi \u00cdsland | L\u00f6ggilt","description":"ABC Translation | L\u00f6ggilt \u00fe\u00fd\u00f0ing \u00cdsland | L\u00f6ggiltur \u00fe\u00fd\u00f0andi \u00cdsland | L\u00f6ggilding hj\u00e1 s\u00fdslumanni | Apostille | R\u00e6\u00f0isskrifstofa | Sendir\u00e1\u00f0","robots":{"index":"index","follow":"follow","max-snippet":"max-snippet:-1","max-image-preview":"max-image-preview:large","max-video-preview":"max-video-preview:-1"},"canonical":"https:\/\/abc-office.eu\/is\/island\/","og_locale":"is_IS","og_type":"article","og_title":"L\u00f6ggilt \u00fe\u00fd\u00f0ing \u00cdsland | L\u00f6ggiltur \u00fe\u00fd\u00f0andi \u00cdsland | L\u00f6ggilt","og_description":"ABC Translation | L\u00f6ggilt \u00fe\u00fd\u00f0ing \u00cdsland | L\u00f6ggiltur \u00fe\u00fd\u00f0andi \u00cdsland | L\u00f6ggilding hj\u00e1 s\u00fdslumanni | Apostille | R\u00e6\u00f0isskrifstofa | Sendir\u00e1\u00f0","og_url":"https:\/\/abc-office.eu\/is\/island\/","og_site_name":"ABC Translation","article_modified_time":"2025-11-04T07:46:34+00:00","og_image":[{"width":768,"height":561,"url":"https:\/\/abc-office.eu\/wp-content\/uploads\/2025\/11\/Iceland-768x561-1.webp","type":"image\/webp"}],"twitter_card":"summary_large_image","twitter_misc":{"Est. reading time":"4 minutes"},"schema":{"@context":"https:\/\/schema.org","@graph":[{"@type":"WebPage","@id":"https:\/\/abc-office.eu\/is\/island\/","url":"https:\/\/abc-office.eu\/is\/island\/","name":"L\u00f6ggilt \u00fe\u00fd\u00f0ing \u00cdsland | L\u00f6ggiltur \u00fe\u00fd\u00f0andi \u00cdsland | L\u00f6ggilt","isPartOf":{"@id":"https:\/\/abc-office.eu\/is\/#website"},"primaryImageOfPage":{"@id":"https:\/\/abc-office.eu\/is\/island\/#primaryimage"},"image":{"@id":"https:\/\/abc-office.eu\/is\/island\/#primaryimage"},"thumbnailUrl":"https:\/\/abc-office.eu\/wp-content\/uploads\/2025\/11\/Iceland-768x561-1.webp","datePublished":"2024-04-13T08:05:35+00:00","dateModified":"2025-11-04T07:46:34+00:00","description":"ABC Translation | L\u00f6ggilt \u00fe\u00fd\u00f0ing \u00cdsland | L\u00f6ggiltur \u00fe\u00fd\u00f0andi \u00cdsland | L\u00f6ggilding hj\u00e1 s\u00fdslumanni | Apostille | R\u00e6\u00f0isskrifstofa | Sendir\u00e1\u00f0","breadcrumb":{"@id":"https:\/\/abc-office.eu\/is\/island\/#breadcrumb"},"inLanguage":"is","potentialAction":[{"@type":"ReadAction","target":["https:\/\/abc-office.eu\/is\/island\/"]}]},{"@type":"ImageObject","inLanguage":"is","@id":"https:\/\/abc-office.eu\/is\/island\/#primaryimage","url":"https:\/\/abc-office.eu\/wp-content\/uploads\/2025\/11\/Iceland-768x561-1.webp","contentUrl":"https:\/\/abc-office.eu\/wp-content\/uploads\/2025\/11\/Iceland-768x561-1.webp","width":768,"height":561},{"@type":"BreadcrumbList","@id":"https:\/\/abc-office.eu\/is\/island\/#breadcrumb","itemListElement":[{"@type":"ListItem","position":1,"name":"Accueil","item":"https:\/\/abc-office.eu\/is\/"},{"@type":"ListItem","position":2,"name":"\u00cdsland"}]},{"@type":"WebSite","@id":"https:\/\/abc-office.eu\/is\/#website","url":"https:\/\/abc-office.eu\/is\/","name":"ABC Translation","description":"info@abc-office.eu","potentialAction":[{"@type":"SearchAction","target":{"@type":"EntryPoint","urlTemplate":"https:\/\/abc-office.eu\/is\/?s={search_term_string}"},"query-input":{"@type":"PropertyValueSpecification","valueRequired":true,"valueName":"search_term_string"}}],"inLanguage":"is"}]}},"_links":{"self":[{"href":"https:\/\/abc-office.eu\/is\/wp-json\/wp\/v2\/pages\/234281","targetHints":{"allow":["GET"]}}],"collection":[{"href":"https:\/\/abc-office.eu\/is\/wp-json\/wp\/v2\/pages"}],"about":[{"href":"https:\/\/abc-office.eu\/is\/wp-json\/wp\/v2\/types\/page"}],"author":[{"embeddable":true,"href":"https:\/\/abc-office.eu\/is\/wp-json\/wp\/v2\/users\/1"}],"replies":[{"embeddable":true,"href":"https:\/\/abc-office.eu\/is\/wp-json\/wp\/v2\/comments?post=234281"}],"version-history":[{"count":2,"href":"https:\/\/abc-office.eu\/is\/wp-json\/wp\/v2\/pages\/234281\/revisions"}],"predecessor-version":[{"id":234376,"href":"https:\/\/abc-office.eu\/is\/wp-json\/wp\/v2\/pages\/234281\/revisions\/234376"}],"wp:featuredmedia":[{"embeddable":true,"href":"https:\/\/abc-office.eu\/is\/wp-json\/wp\/v2\/media\/234282"}],"wp:attachment":[{"href":"https:\/\/abc-office.eu\/is\/wp-json\/wp\/v2\/media?parent=234281"}],"curies":[{"name":"wp","href":"https:\/\/api.w.org\/{rel}","templated":true}]}}