{"id":234240,"date":"2022-04-25T10:26:44","date_gmt":"2022-04-25T08:26:44","guid":{"rendered":"https:\/\/abc-office.eu\/?page_id=234240"},"modified":"2025-11-04T07:53:01","modified_gmt":"2025-11-04T06:53:01","slug":"hafa-samband","status":"publish","type":"page","link":"https:\/\/abc-office.eu\/is\/hafa-samband\/","title":{"rendered":"Hafa samband"},"content":{"rendered":"<h2><strong data-start=\"131\" data-end=\"193\">Hafa samband \u2013 \u00fe\u00fd\u00f0ingastofur \u00fe\u00ednar innan Evr\u00f3pusambandsins<\/strong><\/h2>\n<p>Email: <a class=\"decorated-link cursor-pointer\" href=\"mailto:info@abc-office.eu\" rel=\"noopener\" data-start=\"203\" data-end=\"221\">info@abc-office.eu<\/a><\/p>\n<h3 data-start=\"223\" data-end=\"242\"><strong data-start=\"223\" data-end=\"242\">ABC Translation<\/strong><\/h3>\n<p style=\"text-align: justify;\" data-start=\"244\" data-end=\"920\">\u00de\u00fd\u00f0endur og pr\u00f3farkalesarar okkar, sta\u00f0settir innan Evr\u00f3pusambandsins, hafa allir loki\u00f0 meistaran\u00e1mi \u00ed \u00fe\u00fd\u00f0ingafr\u00e6\u00f0i. \u00deeir s\u00e9rh\u00e6fa sig \u00e1 mismunandi svi\u00f0um eins og marka\u00f0sfr\u00e6\u00f0i, hagfr\u00e6\u00f0i, stj\u00f3rnm\u00e1lum, l\u00f6gfr\u00e6\u00f0i og l\u00e6knisfr\u00e6\u00f0i. Fyrir hra\u00f0a fyrirspurn vinsamlegast fylltu \u00fat ey\u00f0ubla\u00f0i\u00f0 h\u00e6gra megin \u00e1 skj\u00e1num. Teymi\u00f0 okkar mun \u00fe\u00e1 senda tilbo\u00f0 sem s\u00fdnir kostna\u00f0 \u00e1samt afhendingart\u00edma \u00fe\u00fd\u00f0ingarinnar. Tilbo\u00f0i\u00f0 inniheldur \u00fe\u00fd\u00f0ingu textans \u00e1samt pr\u00f3farkalestri sem framkv\u00e6mdur er af \u00f6\u00f0rum \u00fe\u00fd\u00f0anda til a\u00f0 tryggja g\u00e6\u00f0i \u00fe\u00fd\u00f0ingarinnar. \u00deegar textinn hefur veri\u00f0 \u00fe\u00fdddur og pr\u00f3farkalesinn sendum vi\u00f0 hann aftur til \u00fe\u00edn me\u00f0 t\u00f6lvup\u00f3sti e\u00f0a me\u00f0 p\u00f3sti ef um er a\u00f0 r\u00e6\u00f0a l\u00f6ggilta (certified) \u00fe\u00fd\u00f0ingu.<\/p>\n<p style=\"text-align: justify;\" data-start=\"922\" data-end=\"1197\">G\u00e6\u00f0i verksins ver\u00f0a a\u00f0 vera fullkomin \u00feegar kemur a\u00f0 \u00fe\u00fd\u00f0ingu. \u00de\u00f6kk s\u00e9 helstu styrkleikum okkar, sem eru n\u00e1kv\u00e6mni, skilvirkni og stundv\u00edsi, vinnum vi\u00f0 daglega me\u00f0 fj\u00f6lda fyrirt\u00e6kja og einstaklinga. Vi\u00f0 t\u00f6kum a\u00f0 okkur \u00fe\u00fd\u00f0ingar \u00e1 vefs\u00ed\u00f0um, opinberum skj\u00f6lum og s\u00e9rh\u00e6f\u00f0um textum.<\/p>\n<p style=\"text-align: justify;\" data-start=\"1199\" data-end=\"1618\">Vi\u00f0 setjum ver\u00f0flokkana okkar samkv\u00e6mt n\u00e1kv\u00e6mu ESB-kerfi. \u00deessi samt\u00f6k voru stofnu\u00f0 til a\u00f0 koma \u00e1 ver\u00f0lagningarkerfi sem tekur tillit til erfi\u00f0leika frumtextans. Ver\u00f0i\u00f0 er h\u00e6gt a\u00f0 reikna \u00fat eftir fj\u00f6lda or\u00f0a e\u00f0a \u00e1 hverja l\u00ednu me\u00f0 55 st\u00f6fum. \u00deetta kerfi tryggir fullkomi\u00f0 gagns\u00e6i gagnvart vi\u00f0skiptavininum og gerir kleift a\u00f0 \u00fatb\u00faa r\u00e9tt ver\u00f0tilbo\u00f0. Vi\u00f0 vinnum me\u00f0 fyrirt\u00e6kjum sem og einstaklingum um allt <a href=\"https:\/\/abc-office.eu\/is\/\">Evr\u00f3pusambandi\u00f0<\/a>.<\/p>\n<p data-start=\"1199\" data-end=\"1618\"><img loading=\"lazy\" decoding=\"async\" class=\"aligncenter wp-image-28719\" src=\"https:\/\/abc-office.eu\/wp-content\/uploads\/2017\/02\/second_image-300x200.jpg\" alt=\"Hafa samband\" width=\"715\" height=\"476\" srcset=\"https:\/\/abc-office.eu\/wp-content\/uploads\/2017\/02\/second_image-300x200.jpg 300w, https:\/\/abc-office.eu\/wp-content\/uploads\/2017\/02\/second_image-1024x682.jpg 1024w, https:\/\/abc-office.eu\/wp-content\/uploads\/2017\/02\/second_image-768x512.jpg 768w, https:\/\/abc-office.eu\/wp-content\/uploads\/2017\/02\/second_image-1080x720.jpg 1080w, https:\/\/abc-office.eu\/wp-content\/uploads\/2017\/02\/second_image-1280x853.jpg 1280w, https:\/\/abc-office.eu\/wp-content\/uploads\/2017\/02\/second_image-980x653.jpg 980w, https:\/\/abc-office.eu\/wp-content\/uploads\/2017\/02\/second_image-480x320.jpg 480w, https:\/\/abc-office.eu\/wp-content\/uploads\/2017\/02\/second_image.jpg 1400w\" sizes=\"auto, (max-width: 715px) 100vw, 715px\" \/><\/p>\n","protected":false},"excerpt":{"rendered":"<p>Hafa samband \u2013 \u00fe\u00fd\u00f0ingastofur \u00fe\u00ednar innan Evr\u00f3pusambandsins Email: info@abc-office.eu ABC Translation \u00de\u00fd\u00f0endur og pr\u00f3farkalesarar okkar, sta\u00f0settir innan Evr\u00f3pusambandsins, hafa allir loki\u00f0 meistaran\u00e1mi \u00ed \u00fe\u00fd\u00f0ingafr\u00e6\u00f0i. \u00deeir s\u00e9rh\u00e6fa sig \u00e1 mismunandi svi\u00f0um eins og marka\u00f0sfr\u00e6\u00f0i, hagfr\u00e6\u00f0i, stj\u00f3rnm\u00e1lum, l\u00f6gfr\u00e6\u00f0i og l\u00e6knisfr\u00e6\u00f0i. Fyrir hra\u00f0a fyrirspurn vinsamlegast fylltu \u00fat ey\u00f0ubla\u00f0i\u00f0 h\u00e6gra megin \u00e1 skj\u00e1num. Teymi\u00f0 okkar mun \u00fe\u00e1 senda tilbo\u00f0&#8230;<\/p>\n","protected":false},"author":1,"featured_media":234241,"parent":0,"menu_order":0,"comment_status":"closed","ping_status":"closed","template":"","meta":{"sfsi_plus_gutenberg_text_before_share":"","sfsi_plus_gutenberg_show_text_before_share":"","sfsi_plus_gutenberg_icon_type":"","sfsi_plus_gutenberg_icon_alignemt":"","sfsi_plus_gutenburg_max_per_row":"","footnotes":""},"class_list":["post-234240","page","type-page","status-publish","has-post-thumbnail","hentry"],"yoast_head":"<!-- This site is optimized with the Yoast SEO plugin v23.8 - https:\/\/yoast.com\/wordpress\/plugins\/seo\/ -->\n<title>Hafa samband \u00fe\u00fd\u00f0ing | \u00de\u00fd\u00f0andi | Evr\u00f3pusambandi\u00f0 | Bretland<\/title>\n<meta name=\"description\" content=\"ABC Translation: Hafa samband | \u00de\u00fd\u00f0ing vefs\u00ed\u00f0na | \u00de\u00fd\u00f0ing opinberra skjala | S\u00e9rh\u00e6f\u00f0 \u00fe\u00fd\u00f0ing | Evr\u00f3pusambandi\u00f0\" \/>\n<meta name=\"robots\" content=\"index, follow, max-snippet:-1, max-image-preview:large, max-video-preview:-1\" \/>\n<link rel=\"canonical\" href=\"https:\/\/abc-office.eu\/is\/hafa-samband\/\" \/>\n<meta property=\"og:locale\" content=\"is_IS\" \/>\n<meta property=\"og:type\" content=\"article\" \/>\n<meta property=\"og:title\" content=\"Hafa samband \u00fe\u00fd\u00f0ing | \u00de\u00fd\u00f0andi | Evr\u00f3pusambandi\u00f0 | Bretland\" \/>\n<meta property=\"og:description\" content=\"ABC Translation: Hafa samband | \u00de\u00fd\u00f0ing vefs\u00ed\u00f0na | \u00de\u00fd\u00f0ing opinberra skjala | S\u00e9rh\u00e6f\u00f0 \u00fe\u00fd\u00f0ing | Evr\u00f3pusambandi\u00f0\" \/>\n<meta property=\"og:url\" content=\"https:\/\/abc-office.eu\/is\/hafa-samband\/\" \/>\n<meta property=\"og:site_name\" content=\"ABC Translation\" \/>\n<meta property=\"article:modified_time\" content=\"2025-11-04T06:53:01+00:00\" \/>\n<meta property=\"og:image\" content=\"https:\/\/abc-office.eu\/wp-content\/uploads\/2025\/11\/Flag_of_Europe-2-768x512-1.png\" \/>\n\t<meta property=\"og:image:width\" content=\"768\" \/>\n\t<meta property=\"og:image:height\" content=\"512\" \/>\n\t<meta property=\"og:image:type\" content=\"image\/png\" \/>\n<meta name=\"twitter:card\" content=\"summary_large_image\" \/>\n<meta name=\"twitter:label1\" content=\"Est. reading time\" \/>\n\t<meta name=\"twitter:data1\" content=\"2 minutes\" \/>\n<script type=\"application\/ld+json\" class=\"yoast-schema-graph\">{\"@context\":\"https:\/\/schema.org\",\"@graph\":[{\"@type\":\"WebPage\",\"@id\":\"https:\/\/abc-office.eu\/is\/hafa-samband\/\",\"url\":\"https:\/\/abc-office.eu\/is\/hafa-samband\/\",\"name\":\"Hafa samband \u00fe\u00fd\u00f0ing | \u00de\u00fd\u00f0andi | Evr\u00f3pusambandi\u00f0 | Bretland\",\"isPartOf\":{\"@id\":\"https:\/\/abc-office.eu\/is\/#website\"},\"primaryImageOfPage\":{\"@id\":\"https:\/\/abc-office.eu\/is\/hafa-samband\/#primaryimage\"},\"image\":{\"@id\":\"https:\/\/abc-office.eu\/is\/hafa-samband\/#primaryimage\"},\"thumbnailUrl\":\"https:\/\/abc-office.eu\/wp-content\/uploads\/2025\/11\/Flag_of_Europe-2-768x512-1.png\",\"datePublished\":\"2022-04-25T08:26:44+00:00\",\"dateModified\":\"2025-11-04T06:53:01+00:00\",\"description\":\"ABC Translation: Hafa samband | \u00de\u00fd\u00f0ing vefs\u00ed\u00f0na | \u00de\u00fd\u00f0ing opinberra skjala | S\u00e9rh\u00e6f\u00f0 \u00fe\u00fd\u00f0ing | Evr\u00f3pusambandi\u00f0\",\"breadcrumb\":{\"@id\":\"https:\/\/abc-office.eu\/is\/hafa-samband\/#breadcrumb\"},\"inLanguage\":\"is\",\"potentialAction\":[{\"@type\":\"ReadAction\",\"target\":[\"https:\/\/abc-office.eu\/is\/hafa-samband\/\"]}]},{\"@type\":\"ImageObject\",\"inLanguage\":\"is\",\"@id\":\"https:\/\/abc-office.eu\/is\/hafa-samband\/#primaryimage\",\"url\":\"https:\/\/abc-office.eu\/wp-content\/uploads\/2025\/11\/Flag_of_Europe-2-768x512-1.png\",\"contentUrl\":\"https:\/\/abc-office.eu\/wp-content\/uploads\/2025\/11\/Flag_of_Europe-2-768x512-1.png\",\"width\":768,\"height\":512},{\"@type\":\"BreadcrumbList\",\"@id\":\"https:\/\/abc-office.eu\/is\/hafa-samband\/#breadcrumb\",\"itemListElement\":[{\"@type\":\"ListItem\",\"position\":1,\"name\":\"Accueil\",\"item\":\"https:\/\/abc-office.eu\/is\/\"},{\"@type\":\"ListItem\",\"position\":2,\"name\":\"Hafa samband\"}]},{\"@type\":\"WebSite\",\"@id\":\"https:\/\/abc-office.eu\/is\/#website\",\"url\":\"https:\/\/abc-office.eu\/is\/\",\"name\":\"ABC Translation\",\"description\":\"info@abc-office.eu\",\"potentialAction\":[{\"@type\":\"SearchAction\",\"target\":{\"@type\":\"EntryPoint\",\"urlTemplate\":\"https:\/\/abc-office.eu\/is\/?s={search_term_string}\"},\"query-input\":{\"@type\":\"PropertyValueSpecification\",\"valueRequired\":true,\"valueName\":\"search_term_string\"}}],\"inLanguage\":\"is\"}]}<\/script>\n<!-- \/ Yoast SEO plugin. -->","yoast_head_json":{"title":"Hafa samband \u00fe\u00fd\u00f0ing | \u00de\u00fd\u00f0andi | Evr\u00f3pusambandi\u00f0 | Bretland","description":"ABC Translation: Hafa samband | \u00de\u00fd\u00f0ing vefs\u00ed\u00f0na | \u00de\u00fd\u00f0ing opinberra skjala | S\u00e9rh\u00e6f\u00f0 \u00fe\u00fd\u00f0ing | Evr\u00f3pusambandi\u00f0","robots":{"index":"index","follow":"follow","max-snippet":"max-snippet:-1","max-image-preview":"max-image-preview:large","max-video-preview":"max-video-preview:-1"},"canonical":"https:\/\/abc-office.eu\/is\/hafa-samband\/","og_locale":"is_IS","og_type":"article","og_title":"Hafa samband \u00fe\u00fd\u00f0ing | \u00de\u00fd\u00f0andi | Evr\u00f3pusambandi\u00f0 | Bretland","og_description":"ABC Translation: Hafa samband | \u00de\u00fd\u00f0ing vefs\u00ed\u00f0na | \u00de\u00fd\u00f0ing opinberra skjala | S\u00e9rh\u00e6f\u00f0 \u00fe\u00fd\u00f0ing | Evr\u00f3pusambandi\u00f0","og_url":"https:\/\/abc-office.eu\/is\/hafa-samband\/","og_site_name":"ABC Translation","article_modified_time":"2025-11-04T06:53:01+00:00","og_image":[{"width":768,"height":512,"url":"https:\/\/abc-office.eu\/wp-content\/uploads\/2025\/11\/Flag_of_Europe-2-768x512-1.png","type":"image\/png"}],"twitter_card":"summary_large_image","twitter_misc":{"Est. reading time":"2 minutes"},"schema":{"@context":"https:\/\/schema.org","@graph":[{"@type":"WebPage","@id":"https:\/\/abc-office.eu\/is\/hafa-samband\/","url":"https:\/\/abc-office.eu\/is\/hafa-samband\/","name":"Hafa samband \u00fe\u00fd\u00f0ing | \u00de\u00fd\u00f0andi | Evr\u00f3pusambandi\u00f0 | Bretland","isPartOf":{"@id":"https:\/\/abc-office.eu\/is\/#website"},"primaryImageOfPage":{"@id":"https:\/\/abc-office.eu\/is\/hafa-samband\/#primaryimage"},"image":{"@id":"https:\/\/abc-office.eu\/is\/hafa-samband\/#primaryimage"},"thumbnailUrl":"https:\/\/abc-office.eu\/wp-content\/uploads\/2025\/11\/Flag_of_Europe-2-768x512-1.png","datePublished":"2022-04-25T08:26:44+00:00","dateModified":"2025-11-04T06:53:01+00:00","description":"ABC Translation: Hafa samband | \u00de\u00fd\u00f0ing vefs\u00ed\u00f0na | \u00de\u00fd\u00f0ing opinberra skjala | S\u00e9rh\u00e6f\u00f0 \u00fe\u00fd\u00f0ing | Evr\u00f3pusambandi\u00f0","breadcrumb":{"@id":"https:\/\/abc-office.eu\/is\/hafa-samband\/#breadcrumb"},"inLanguage":"is","potentialAction":[{"@type":"ReadAction","target":["https:\/\/abc-office.eu\/is\/hafa-samband\/"]}]},{"@type":"ImageObject","inLanguage":"is","@id":"https:\/\/abc-office.eu\/is\/hafa-samband\/#primaryimage","url":"https:\/\/abc-office.eu\/wp-content\/uploads\/2025\/11\/Flag_of_Europe-2-768x512-1.png","contentUrl":"https:\/\/abc-office.eu\/wp-content\/uploads\/2025\/11\/Flag_of_Europe-2-768x512-1.png","width":768,"height":512},{"@type":"BreadcrumbList","@id":"https:\/\/abc-office.eu\/is\/hafa-samband\/#breadcrumb","itemListElement":[{"@type":"ListItem","position":1,"name":"Accueil","item":"https:\/\/abc-office.eu\/is\/"},{"@type":"ListItem","position":2,"name":"Hafa samband"}]},{"@type":"WebSite","@id":"https:\/\/abc-office.eu\/is\/#website","url":"https:\/\/abc-office.eu\/is\/","name":"ABC Translation","description":"info@abc-office.eu","potentialAction":[{"@type":"SearchAction","target":{"@type":"EntryPoint","urlTemplate":"https:\/\/abc-office.eu\/is\/?s={search_term_string}"},"query-input":{"@type":"PropertyValueSpecification","valueRequired":true,"valueName":"search_term_string"}}],"inLanguage":"is"}]}},"_links":{"self":[{"href":"https:\/\/abc-office.eu\/is\/wp-json\/wp\/v2\/pages\/234240","targetHints":{"allow":["GET"]}}],"collection":[{"href":"https:\/\/abc-office.eu\/is\/wp-json\/wp\/v2\/pages"}],"about":[{"href":"https:\/\/abc-office.eu\/is\/wp-json\/wp\/v2\/types\/page"}],"author":[{"embeddable":true,"href":"https:\/\/abc-office.eu\/is\/wp-json\/wp\/v2\/users\/1"}],"replies":[{"embeddable":true,"href":"https:\/\/abc-office.eu\/is\/wp-json\/wp\/v2\/comments?post=234240"}],"version-history":[{"count":1,"href":"https:\/\/abc-office.eu\/is\/wp-json\/wp\/v2\/pages\/234240\/revisions"}],"predecessor-version":[{"id":234278,"href":"https:\/\/abc-office.eu\/is\/wp-json\/wp\/v2\/pages\/234240\/revisions\/234278"}],"wp:featuredmedia":[{"embeddable":true,"href":"https:\/\/abc-office.eu\/is\/wp-json\/wp\/v2\/media\/234241"}],"wp:attachment":[{"href":"https:\/\/abc-office.eu\/is\/wp-json\/wp\/v2\/media?parent=234240"}],"curies":[{"name":"wp","href":"https:\/\/api.w.org\/{rel}","templated":true}]}}