{"id":233920,"date":"2017-02-16T09:16:01","date_gmt":"2017-02-16T08:16:01","guid":{"rendered":"https:\/\/abc-office.eu\/?page_id=233920"},"modified":"2025-11-03T14:10:32","modified_gmt":"2025-11-03T13:10:32","slug":"fasteignir","status":"publish","type":"page","link":"https:\/\/abc-office.eu\/is\/fasteignir\/","title":{"rendered":"Fasteignir"},"content":{"rendered":"<h2 data-start=\"127\" data-end=\"141\"><strong data-start=\"127\" data-end=\"141\">Fasteignir<\/strong><\/h2>\n<p style=\"text-align: justify;\" data-start=\"143\" data-end=\"488\">Fasteignasalan okkar, ABC Translation, h\u00f3f starfsemi s\u00edna \u00e1ri\u00f0 2017 me\u00f0 kaupum \u00e1 5,5 herbergja \u00edb\u00fa\u00f0 \u00ed Sviss til \u00feess a\u00f0 breyta henni \u00ed al\u00fej\u00f3\u00f0lega nemendab\u00fa\u00f0. Me\u00f0 H\u00e1sk\u00f3lann \u00ed Lausanne og EPFL \u00ed n\u00e1grenninu var\u00f0 b\u00fa\u00f0in strax a\u00f0 g\u00f3\u00f0um \u00e1rangri vi\u00f0 opnun \u00ed september 2017. Herbergin fj\u00f6gur voru leig\u00f0 \u00fat \u00e1 \u00f6rf\u00e1um d\u00f6gum og fasteignadeild okkar var\u00f0 til.<\/p>\n<p style=\"text-align: justify;\" data-start=\"490\" data-end=\"653\">S\u00ed\u00f0an \u00feessi fyrsta reynsla \u00e1tti s\u00e9r sta\u00f0 h\u00f6fum vi\u00f0 haldi\u00f0 \u00e1fram a\u00f0 vaxa og getum n\u00fa s\u00e9\u00f0 um kaup, s\u00f6lu, leigu og ums\u00fdslu fasteigna \u00feinna \u00ed Sviss og einnig erlendis.<\/p>\n<h3 data-start=\"655\" data-end=\"664\"><strong data-start=\"655\" data-end=\"664\">Kaup:<\/strong><\/h3>\n<p style=\"text-align: justify;\" data-start=\"666\" data-end=\"1058\">Kaup \u00e1 fasteign eru afar mikilv\u00e6gt \u00e1kv\u00f6r\u00f0un sem mun hafa \u00e1hrif \u00e1 framt\u00ed\u00f0 \u00fe\u00edna til nokkurra \u00e1ra. Sl\u00edk \u00e1kv\u00f6r\u00f0un \u00e1 ekki a\u00f0 taka l\u00e9ttv\u00e6glega. \u00deess vegna er mikilv\u00e6gt a\u00f0 velja r\u00e9ttan samstarfsa\u00f0ila sem getur r\u00e1\u00f0lagt \u00fe\u00e9r um nokkra mikilv\u00e6ga \u00fe\u00e6tti eins og \u00e1stand fasteignarinnar, ve\u00f0l\u00e1ns\u00fatreikninga og hagkv\u00e6mni fj\u00e1rfestingar til lengri t\u00edma. G\u00f3\u00f0 greining \u00e1 a\u00f0st\u00e6\u00f0um tryggir heilbrig\u00f0 og \u00f6rugg kaup.<\/p>\n<h3 data-start=\"1060\" data-end=\"1069\"><strong data-start=\"1060\" data-end=\"1069\">Sala:<\/strong><\/h3>\n<p style=\"text-align: justify;\" data-start=\"1071\" data-end=\"1472\">Fasteignamarka\u00f0urinn \u00ed Sviss hefur haldi\u00f0 \u00e1fram a\u00f0 \u00fer\u00f3ast me\u00f0 st\u00f6\u00f0ugum ver\u00f0h\u00e6kkunum. Vi\u00f0 st\u00f6ndum \u00e1 t\u00edmam\u00f3tum \u00fear sem frambo\u00f0 er or\u00f0i\u00f0 meira en eftirspurn og hefur \u00fev\u00ed or\u00f0i\u00f0 erfi\u00f0ara a\u00f0 selja fasteign vegna mikils frambo\u00f0s \u00e1 marka\u00f0i. Me\u00f0 \u00fev\u00ed a\u00f0 f\u00e1 s\u00e9rfr\u00e6\u00f0ing tryggir \u00fe\u00fa l\u00edkurnar \u00e1 hra\u00f0ari s\u00f6lu og \u00e1 r\u00e9ttu ver\u00f0i. N\u00fdttu \u00fe\u00e9r tengslanet okkar um alla Sviss og erlendis til a\u00f0 auka m\u00f6guleika \u00fe\u00edna \u00e1 \u00e1rangri.<\/p>\n<h3 data-start=\"1474\" data-end=\"1484\"><strong data-start=\"1474\" data-end=\"1484\">Leiga:<\/strong><\/h3>\n<p style=\"text-align: justify;\" data-start=\"1486\" data-end=\"1875\">Leiga fasteignar g\u00e6ti liti\u00f0 \u00fat fyrir a\u00f0 vera einf\u00f6ld, en \u00f3tal fallgildrur eru til sta\u00f0ar \u00feegar leigja \u00e1 \u00fat \u00edb\u00fa\u00f0, h\u00fas e\u00f0a jafnvel herbergi. Fullkomi\u00f0 skjalasafn \u00fearf a\u00f0 liggja fyrir \u00e1\u00f0ur en h\u00e6gt er a\u00f0 \u00edhuga hugsanlegan leigjanda, til d\u00e6mis me\u00f0 yfirliti \u00far m\u00e1laferlum og s\u00ed\u00f0ustu \u00feremur launase\u00f0lum. S\u00ed\u00f0an \u00fearf tryggingarf\u00e9 a\u00f0 grei\u00f0ast me\u00f0 millif\u00e6rslu e\u00f0a me\u00f0 leigu\u00e1byrg\u00f0 fr\u00e1 tryggingaf\u00e9lagi.<\/p>\n<h3 data-start=\"1877\" data-end=\"1896\"><strong data-start=\"1877\" data-end=\"1896\">Nemendah\u00fasn\u00e6\u00f0i:<\/strong><\/h3>\n<p style=\"text-align: justify;\" data-start=\"1898\" data-end=\"2199\">Vi\u00f0 h\u00f6fum nokkur nemendah\u00fasn\u00e6\u00f0i \u00ed bo\u00f0i, b\u00e6\u00f0i til skemmri og lengri t\u00edma. Flest h\u00fasn\u00e6\u00f0in eru sta\u00f0sett n\u00e1l\u00e6gt H\u00e1sk\u00f3lanum \u00ed Lausanne, EPFL, ECAL og EHL. Mestu eftirspurn er eftir samn\u00fdttu h\u00fasn\u00e6\u00f0i og st\u00fad\u00ed\u00f3\u00edb\u00fa\u00f0um. Nau\u00f0synlegt er a\u00f0 skipuleggja sig t\u00edmanlega til a\u00f0 tryggja s\u00e9r h\u00fasn\u00e6\u00f0i vi\u00f0 upphaf sk\u00f3la\u00e1rs.<\/p>\n<h3 data-start=\"2201\" data-end=\"2234\"><strong data-start=\"2201\" data-end=\"2234\">H\u00fasn\u00e6\u00f0isleit (fasteignaleit):<\/strong><\/h3>\n<p style=\"text-align: justify;\" data-start=\"2236\" data-end=\"2529\">\u00c1ttu \u00ed erfi\u00f0leikum me\u00f0 a\u00f0 finna h\u00fasn\u00e6\u00f0i samkv\u00e6mt \u00fe\u00ednum skilyr\u00f0um e\u00f0a vi\u00f0 a\u00f0 finna leigu\u00edb\u00fa\u00f0? H\u00fasn\u00e6\u00f0isleitendur okkar eru til sta\u00f0ar til a\u00f0 hj\u00e1lpa \u00fe\u00e9r a\u00f0 finna fasteign eins flj\u00f3tt og au\u00f0i\u00f0 er. \u00de\u00f6kk s\u00e9 tengslaneti okkar og fagmennsku finnum vi\u00f0 h\u00fasn\u00e6\u00f0i fyrir \u00feig sem fyrst og eftir \u00fe\u00ednum \u00f3skum.<\/p>\n<h3 data-start=\"2531\" data-end=\"2548\"><strong data-start=\"2531\" data-end=\"2548\">Home Staging:<\/strong><\/h3>\n<p style=\"text-align: justify;\" data-start=\"2550\" data-end=\"2853\">\u00c1ttu \u00ed vandr\u00e6\u00f0um me\u00f0 a\u00f0 selja fasteignina? \u00cd sl\u00edku tilviki getur\u00f0u leita\u00f0 til Home Staging teymis okkar, sem s\u00e9rh\u00e6fir sig \u00ed a\u00f0 gera \u00edb\u00fa\u00f0ir og h\u00fas a\u00f0la\u00f0andi til a\u00f0 au\u00f0velda s\u00f6lu \u00feeirra. \u00deetta kerfi hefur reynst vel fyrir fasteignir sem \u00feurfa hra\u00f0ar endurb\u00e6tur e\u00f0a nokkrar breytingar til a\u00f0 skila muninum.<\/p>\n<h3 data-start=\"2855\" data-end=\"2880\"><strong data-start=\"2855\" data-end=\"2880\">Ver\u00f0mat (fasteignir):<\/strong><\/h3>\n<p style=\"text-align: justify;\" data-start=\"2882\" data-end=\"3146\">R\u00e9tt ver\u00f0mat fasteignar mi\u00f0a\u00f0 vi\u00f0 marka\u00f0sver\u00f0 er lykilatri\u00f0i fyrir vel heppna\u00f0a s\u00f6lu \u00e1 r\u00e9ttum ver\u00f0punkti. \u00de\u00f6kk s\u00e9 vi\u00f0mi\u00f0um eins og byggingar\u00e1ri og sta\u00f0setningu getum vi\u00f0 meti\u00f0 fasteignina eins n\u00e1l\u00e6gt raunvir\u00f0i hennar og h\u00e6gt er mi\u00f0a\u00f0 vi\u00f0 n\u00faverandi <a href=\"https:\/\/abc-office.eu\/is\/\">fasteignamarka\u00f0<\/a>.<\/p>\n<p data-start=\"2882\" data-end=\"3146\"><a href=\"https:\/\/www.instagram.com\/dr_immo\/?hl=fr\"><img loading=\"lazy\" decoding=\"async\" class=\"aligncenter wp-image-109\" src=\"https:\/\/abc-office.ch\/wp-content\/uploads\/2018\/06\/Dr_Immo.jpg\" alt=\"Fasteignir\" width=\"222\" height=\"222\" \/><\/a><\/p>\n","protected":false},"excerpt":{"rendered":"<p>Fasteignir Fasteignasalan okkar, ABC Translation, h\u00f3f starfsemi s\u00edna \u00e1ri\u00f0 2017 me\u00f0 kaupum \u00e1 5,5 herbergja \u00edb\u00fa\u00f0 \u00ed Sviss til \u00feess a\u00f0 breyta henni \u00ed al\u00fej\u00f3\u00f0lega nemendab\u00fa\u00f0. Me\u00f0 H\u00e1sk\u00f3lann \u00ed Lausanne og EPFL \u00ed n\u00e1grenninu var\u00f0 b\u00fa\u00f0in strax a\u00f0 g\u00f3\u00f0um \u00e1rangri vi\u00f0 opnun \u00ed september 2017. Herbergin fj\u00f6gur voru leig\u00f0 \u00fat \u00e1 \u00f6rf\u00e1um d\u00f6gum og fasteignadeild&#8230;<\/p>\n","protected":false},"author":1,"featured_media":233921,"parent":0,"menu_order":0,"comment_status":"closed","ping_status":"closed","template":"","meta":{"sfsi_plus_gutenberg_text_before_share":"","sfsi_plus_gutenberg_show_text_before_share":"","sfsi_plus_gutenberg_icon_type":"","sfsi_plus_gutenberg_icon_alignemt":"","sfsi_plus_gutenburg_max_per_row":"","footnotes":""},"class_list":["post-233920","page","type-page","status-publish","has-post-thumbnail","hentry"],"yoast_head":"<!-- This site is optimized with the Yoast SEO plugin v23.8 - https:\/\/yoast.com\/wordpress\/plugins\/seo\/ -->\n<title>Fasteignir l ABC Translation l Kaup l Sala l Leiga Nemendah\u00fasn\u00e6\u00f0i<\/title>\n<meta name=\"description\" content=\"ABC Translation l Fasteignir l Kaup l Sala l Leiga l \u00datleiga l Nemendah\u00fasn\u00e6\u00f0i l Home Staging l Fasteignasala innan Evr\u00f3pusambandsins\" \/>\n<meta name=\"robots\" content=\"index, follow, max-snippet:-1, max-image-preview:large, max-video-preview:-1\" \/>\n<link rel=\"canonical\" href=\"https:\/\/abc-office.eu\/is\/fasteignir\/\" \/>\n<meta property=\"og:locale\" content=\"is_IS\" \/>\n<meta property=\"og:type\" content=\"article\" \/>\n<meta property=\"og:title\" content=\"Fasteignir l ABC Translation l Kaup l Sala l Leiga Nemendah\u00fasn\u00e6\u00f0i\" \/>\n<meta property=\"og:description\" content=\"ABC Translation l Fasteignir l Kaup l Sala l Leiga l \u00datleiga l Nemendah\u00fasn\u00e6\u00f0i l Home Staging l Fasteignasala innan Evr\u00f3pusambandsins\" \/>\n<meta property=\"og:url\" content=\"https:\/\/abc-office.eu\/is\/fasteignir\/\" \/>\n<meta property=\"og:site_name\" content=\"ABC Translation\" \/>\n<meta property=\"article:modified_time\" content=\"2025-11-03T13:10:32+00:00\" \/>\n<meta property=\"og:image\" content=\"https:\/\/abc-office.eu\/wp-content\/uploads\/2025\/11\/Immo-768x513-1.jpg\" \/>\n\t<meta property=\"og:image:width\" content=\"768\" \/>\n\t<meta property=\"og:image:height\" content=\"513\" \/>\n\t<meta property=\"og:image:type\" content=\"image\/jpeg\" \/>\n<meta name=\"twitter:card\" content=\"summary_large_image\" \/>\n<meta name=\"twitter:label1\" content=\"Est. reading time\" \/>\n\t<meta name=\"twitter:data1\" content=\"3 minutes\" \/>\n<script type=\"application\/ld+json\" class=\"yoast-schema-graph\">{\"@context\":\"https:\/\/schema.org\",\"@graph\":[{\"@type\":\"WebPage\",\"@id\":\"https:\/\/abc-office.eu\/is\/fasteignir\/\",\"url\":\"https:\/\/abc-office.eu\/is\/fasteignir\/\",\"name\":\"Fasteignir l ABC Translation l Kaup l Sala l Leiga Nemendah\u00fasn\u00e6\u00f0i\",\"isPartOf\":{\"@id\":\"https:\/\/abc-office.eu\/is\/#website\"},\"primaryImageOfPage\":{\"@id\":\"https:\/\/abc-office.eu\/is\/fasteignir\/#primaryimage\"},\"image\":{\"@id\":\"https:\/\/abc-office.eu\/is\/fasteignir\/#primaryimage\"},\"thumbnailUrl\":\"https:\/\/abc-office.eu\/wp-content\/uploads\/2025\/11\/Immo-768x513-1.jpg\",\"datePublished\":\"2017-02-16T08:16:01+00:00\",\"dateModified\":\"2025-11-03T13:10:32+00:00\",\"description\":\"ABC Translation l Fasteignir l Kaup l Sala l Leiga l \u00datleiga l Nemendah\u00fasn\u00e6\u00f0i l Home Staging l Fasteignasala innan Evr\u00f3pusambandsins\",\"breadcrumb\":{\"@id\":\"https:\/\/abc-office.eu\/is\/fasteignir\/#breadcrumb\"},\"inLanguage\":\"is\",\"potentialAction\":[{\"@type\":\"ReadAction\",\"target\":[\"https:\/\/abc-office.eu\/is\/fasteignir\/\"]}]},{\"@type\":\"ImageObject\",\"inLanguage\":\"is\",\"@id\":\"https:\/\/abc-office.eu\/is\/fasteignir\/#primaryimage\",\"url\":\"https:\/\/abc-office.eu\/wp-content\/uploads\/2025\/11\/Immo-768x513-1.jpg\",\"contentUrl\":\"https:\/\/abc-office.eu\/wp-content\/uploads\/2025\/11\/Immo-768x513-1.jpg\",\"width\":768,\"height\":513},{\"@type\":\"BreadcrumbList\",\"@id\":\"https:\/\/abc-office.eu\/is\/fasteignir\/#breadcrumb\",\"itemListElement\":[{\"@type\":\"ListItem\",\"position\":1,\"name\":\"Accueil\",\"item\":\"https:\/\/abc-office.eu\/is\/\"},{\"@type\":\"ListItem\",\"position\":2,\"name\":\"Fasteignir\"}]},{\"@type\":\"WebSite\",\"@id\":\"https:\/\/abc-office.eu\/is\/#website\",\"url\":\"https:\/\/abc-office.eu\/is\/\",\"name\":\"ABC Translation\",\"description\":\"info@abc-office.eu\",\"potentialAction\":[{\"@type\":\"SearchAction\",\"target\":{\"@type\":\"EntryPoint\",\"urlTemplate\":\"https:\/\/abc-office.eu\/is\/?s={search_term_string}\"},\"query-input\":{\"@type\":\"PropertyValueSpecification\",\"valueRequired\":true,\"valueName\":\"search_term_string\"}}],\"inLanguage\":\"is\"}]}<\/script>\n<!-- \/ Yoast SEO plugin. -->","yoast_head_json":{"title":"Fasteignir l ABC Translation l Kaup l Sala l Leiga Nemendah\u00fasn\u00e6\u00f0i","description":"ABC Translation l Fasteignir l Kaup l Sala l Leiga l \u00datleiga l Nemendah\u00fasn\u00e6\u00f0i l Home Staging l Fasteignasala innan Evr\u00f3pusambandsins","robots":{"index":"index","follow":"follow","max-snippet":"max-snippet:-1","max-image-preview":"max-image-preview:large","max-video-preview":"max-video-preview:-1"},"canonical":"https:\/\/abc-office.eu\/is\/fasteignir\/","og_locale":"is_IS","og_type":"article","og_title":"Fasteignir l ABC Translation l Kaup l Sala l Leiga Nemendah\u00fasn\u00e6\u00f0i","og_description":"ABC Translation l Fasteignir l Kaup l Sala l Leiga l \u00datleiga l Nemendah\u00fasn\u00e6\u00f0i l Home Staging l Fasteignasala innan Evr\u00f3pusambandsins","og_url":"https:\/\/abc-office.eu\/is\/fasteignir\/","og_site_name":"ABC Translation","article_modified_time":"2025-11-03T13:10:32+00:00","og_image":[{"width":768,"height":513,"url":"https:\/\/abc-office.eu\/wp-content\/uploads\/2025\/11\/Immo-768x513-1.jpg","type":"image\/jpeg"}],"twitter_card":"summary_large_image","twitter_misc":{"Est. reading time":"3 minutes"},"schema":{"@context":"https:\/\/schema.org","@graph":[{"@type":"WebPage","@id":"https:\/\/abc-office.eu\/is\/fasteignir\/","url":"https:\/\/abc-office.eu\/is\/fasteignir\/","name":"Fasteignir l ABC Translation l Kaup l Sala l Leiga Nemendah\u00fasn\u00e6\u00f0i","isPartOf":{"@id":"https:\/\/abc-office.eu\/is\/#website"},"primaryImageOfPage":{"@id":"https:\/\/abc-office.eu\/is\/fasteignir\/#primaryimage"},"image":{"@id":"https:\/\/abc-office.eu\/is\/fasteignir\/#primaryimage"},"thumbnailUrl":"https:\/\/abc-office.eu\/wp-content\/uploads\/2025\/11\/Immo-768x513-1.jpg","datePublished":"2017-02-16T08:16:01+00:00","dateModified":"2025-11-03T13:10:32+00:00","description":"ABC Translation l Fasteignir l Kaup l Sala l Leiga l \u00datleiga l Nemendah\u00fasn\u00e6\u00f0i l Home Staging l Fasteignasala innan Evr\u00f3pusambandsins","breadcrumb":{"@id":"https:\/\/abc-office.eu\/is\/fasteignir\/#breadcrumb"},"inLanguage":"is","potentialAction":[{"@type":"ReadAction","target":["https:\/\/abc-office.eu\/is\/fasteignir\/"]}]},{"@type":"ImageObject","inLanguage":"is","@id":"https:\/\/abc-office.eu\/is\/fasteignir\/#primaryimage","url":"https:\/\/abc-office.eu\/wp-content\/uploads\/2025\/11\/Immo-768x513-1.jpg","contentUrl":"https:\/\/abc-office.eu\/wp-content\/uploads\/2025\/11\/Immo-768x513-1.jpg","width":768,"height":513},{"@type":"BreadcrumbList","@id":"https:\/\/abc-office.eu\/is\/fasteignir\/#breadcrumb","itemListElement":[{"@type":"ListItem","position":1,"name":"Accueil","item":"https:\/\/abc-office.eu\/is\/"},{"@type":"ListItem","position":2,"name":"Fasteignir"}]},{"@type":"WebSite","@id":"https:\/\/abc-office.eu\/is\/#website","url":"https:\/\/abc-office.eu\/is\/","name":"ABC Translation","description":"info@abc-office.eu","potentialAction":[{"@type":"SearchAction","target":{"@type":"EntryPoint","urlTemplate":"https:\/\/abc-office.eu\/is\/?s={search_term_string}"},"query-input":{"@type":"PropertyValueSpecification","valueRequired":true,"valueName":"search_term_string"}}],"inLanguage":"is"}]}},"_links":{"self":[{"href":"https:\/\/abc-office.eu\/is\/wp-json\/wp\/v2\/pages\/233920","targetHints":{"allow":["GET"]}}],"collection":[{"href":"https:\/\/abc-office.eu\/is\/wp-json\/wp\/v2\/pages"}],"about":[{"href":"https:\/\/abc-office.eu\/is\/wp-json\/wp\/v2\/types\/page"}],"author":[{"embeddable":true,"href":"https:\/\/abc-office.eu\/is\/wp-json\/wp\/v2\/users\/1"}],"replies":[{"embeddable":true,"href":"https:\/\/abc-office.eu\/is\/wp-json\/wp\/v2\/comments?post=233920"}],"version-history":[{"count":1,"href":"https:\/\/abc-office.eu\/is\/wp-json\/wp\/v2\/pages\/233920\/revisions"}],"predecessor-version":[{"id":233951,"href":"https:\/\/abc-office.eu\/is\/wp-json\/wp\/v2\/pages\/233920\/revisions\/233951"}],"wp:featuredmedia":[{"embeddable":true,"href":"https:\/\/abc-office.eu\/is\/wp-json\/wp\/v2\/media\/233921"}],"wp:attachment":[{"href":"https:\/\/abc-office.eu\/is\/wp-json\/wp\/v2\/media?parent=233920"}],"curies":[{"name":"wp","href":"https:\/\/api.w.org\/{rel}","templated":true}]}}