{"id":233822,"date":"2017-02-16T09:13:19","date_gmt":"2017-02-16T08:13:19","guid":{"rendered":"https:\/\/abc-office.eu\/?page_id=233822"},"modified":"2025-11-03T10:59:48","modified_gmt":"2025-11-03T09:59:48","slug":"heim","status":"publish","type":"page","link":"https:\/\/abc-office.eu\/is\/","title":{"rendered":"Heim"},"content":{"rendered":"<h2 data-start=\"102\" data-end=\"121\"><strong data-start=\"102\" data-end=\"121\">ABC Translation<\/strong><\/h2>\n<p style=\"text-align: justify;\" data-start=\"123\" data-end=\"581\">ABC Translation s\u00e9rh\u00e6fir sig \u00e1 nokkrum svi\u00f0um eins og \u00fe\u00fd\u00f0ingum, fasteignavi\u00f0skiptum, l\u00f6ggildingum, l\u00f6gfr\u00e6\u00f0i og flutningum. Me\u00f0 teymi sem telur yfir 500 starfsmenn um allan heim er ABC Translation lei\u00f0andi \u00e1 \u00feessum svi\u00f0um og getur brug\u00f0ist hratt vi\u00f0 \u00fe\u00f6kk s\u00e9 st\u00f3rum h\u00f3pi h\u00e6fra fagmanna. Fyrirt\u00e6ki\u00f0 samanstendur af 55 mismunandi \u00fej\u00f3\u00f0ernum og hefur tengsl \u00ed meira en 85 l\u00f6ndum. \u00dea\u00f0 hefur n\u00fdtt s\u00e9r hnattv\u00e6\u00f0inguna til a\u00f0 la\u00f0a a\u00f0 s\u00edfellt kr\u00f6fuhar\u00f0ari vi\u00f0skiptavini.<\/p>\n<h3 data-start=\"583\" data-end=\"611\"><strong data-start=\"583\" data-end=\"611\">ABC Translation \u00ed t\u00f6lum:<\/strong><\/h3>\n<ul>\n<li data-start=\"613\" data-end=\"807\">500 starfsmenn um allan heim<\/li>\n<li data-start=\"613\" data-end=\"807\">60 t\u00f6lu\u00f0 tungum\u00e1l<\/li>\n<li data-start=\"613\" data-end=\"807\">4000 verkefni \u00e1 \u00e1ri<\/li>\n<li data-start=\"613\" data-end=\"807\">Yfir 10 \u00e1ra reynsla<\/li>\n<li data-start=\"613\" data-end=\"807\">Yfir 1.000 reglulegir vi\u00f0skiptavinir \u00ed fyrirt\u00e6kjum<\/li>\n<li data-start=\"613\" data-end=\"807\">Meira en 2000 einkavi\u00f0skiptavinir \u00e1 hverju \u00e1ri<\/li>\n<\/ul>\n<p style=\"text-align: justify;\" data-start=\"809\" data-end=\"1340\">Vi\u00f0 vinnum me\u00f0 nokkrum s\u00fdslumannsemb\u00e6ttum til a\u00f0 geta l\u00f6ggilt \u00fdmis skj\u00f6l eins flj\u00f3tt og au\u00f0i\u00f0 er. Fyrir skj\u00f6l sem fara til \u00fatlanda st\u00f6rfum vi\u00f0 me\u00f0 sendir\u00e1\u00f0um, r\u00e6\u00f0isskrifstofum og kansell\u00edum. \u00deetta samstarf hinna \u00fdmsu stofnana gerir okkur kleift a\u00f0 breg\u00f0ast mj\u00f6g hratt vi\u00f0 \u00feegar kemur a\u00f0 \u00fev\u00ed a\u00f0 \u00fe\u00fd\u00f0a og l\u00f6ggilda skj\u00f6lin \u00fe\u00edn \u00e1 methra\u00f0a. A\u00f0 auki sj\u00e1 rei\u00f0hj\u00f3lasendlar okkar um afhendingu skjalanna til mismunandi skrifstofa \u00e1 umhverfisv\u00e6nan h\u00e1tt. Vi\u00f0 notum s\u00ed\u00f0an evr\u00f3psk p\u00f3stkerfi og DHL fyrir lokaafhendingu \u00ed Evr\u00f3pu og um allan heim.<\/p>\n<p style=\"text-align: justify;\" data-start=\"1342\" data-end=\"1876\">G\u00e6\u00f0i og hra\u00f0i \u00fej\u00f3nustu okkar hafa skipt sk\u00f6pum \u00ed gegnum \u00e1rin. \u00c1 \u00feessu svi\u00f0i er vi\u00f0brag\u00f0sh\u00e6fni lykillinn a\u00f0 velgengni. Innvi\u00f0ir okkar hafa veri\u00f0 bygg\u00f0ir upp til a\u00f0 geta svara\u00f0 fyrirspurnum vi\u00f0skiptavina hra\u00f0ar. Fyrir flj\u00f3tleg samskipti er h\u00e6gt a\u00f0 hafa samband vi\u00f0 okkur \u00ed gegnum s\u00edma e\u00f0a t\u00f6lvup\u00f3st. Einnig er h\u00e6gt a\u00f0 nota tengili\u00f0aformi\u00f0 h\u00e6gra megin \u00e1 \u00feessari s\u00ed\u00f0u, s\u00e9rstaklega til a\u00f0 senda skj\u00f6l. Vi\u00f0 sendum venjulega tilbo\u00f0 innan 10 til 20 m\u00edn\u00fatna fr\u00e1 m\u00f3tt\u00f6ku skjalanna. \u00dear mun koma fram heildarver\u00f0 og afhendingart\u00edmi verkefnisins.<\/p>\n<p style=\"text-align: justify;\" data-start=\"1878\" data-end=\"1962\">Allt teymi\u00f0 er \u00fe\u00e9r alfari\u00f0 til \u00fej\u00f3nustu rei\u00f0ub\u00fai\u00f0 og vi\u00f0 hl\u00f6kkum til a\u00f0 vinna saman.<\/p>\n<p data-start=\"1878\" data-end=\"1962\"><img loading=\"lazy\" decoding=\"async\" class=\"wp-image-298 aligncenter\" src=\"https:\/\/abc-office.ch\/wp-content\/uploads\/2020\/03\/bim91-1024x682.jpg\" alt=\"ABC Translation\" width=\"595\" height=\"396\" \/><\/p>\n","protected":false},"excerpt":{"rendered":"<p>ABC Translation ABC Translation s\u00e9rh\u00e6fir sig \u00e1 nokkrum svi\u00f0um eins og \u00fe\u00fd\u00f0ingum, fasteignavi\u00f0skiptum, l\u00f6ggildingum, l\u00f6gfr\u00e6\u00f0i og flutningum. Me\u00f0 teymi sem telur yfir 500 starfsmenn um allan heim er ABC Translation lei\u00f0andi \u00e1 \u00feessum svi\u00f0um og getur brug\u00f0ist hratt vi\u00f0 \u00fe\u00f6kk s\u00e9 st\u00f3rum h\u00f3pi h\u00e6fra fagmanna. Fyrirt\u00e6ki\u00f0 samanstendur af 55 mismunandi \u00fej\u00f3\u00f0ernum og hefur tengsl \u00ed&#8230;<\/p>\n","protected":false},"author":1,"featured_media":233823,"parent":0,"menu_order":0,"comment_status":"closed","ping_status":"closed","template":"","meta":{"sfsi_plus_gutenberg_text_before_share":"","sfsi_plus_gutenberg_show_text_before_share":"","sfsi_plus_gutenberg_icon_type":"","sfsi_plus_gutenberg_icon_alignemt":"","sfsi_plus_gutenburg_max_per_row":"","footnotes":""},"class_list":["post-233822","page","type-page","status-publish","has-post-thumbnail","hentry"],"yoast_head":"<!-- This site is optimized with the Yoast SEO plugin v23.8 - https:\/\/yoast.com\/wordpress\/plugins\/seo\/ -->\n<title>ABC Translation l \u00de\u00fd\u00f0ingar l L\u00f6ggilding l Fasteignir<\/title>\n<meta name=\"description\" content=\"ABC Translation l L\u00f6ggilding l Fasteignir l \u00datlendinga\u00fej\u00f3nusta l T\u00falkun l S\u00fdsluma\u00f0ur (Notarius publicus) l L\u00f6gmannsstofa l Flutningur\" \/>\n<meta name=\"robots\" content=\"index, follow, max-snippet:-1, max-image-preview:large, max-video-preview:-1\" \/>\n<link rel=\"canonical\" href=\"https:\/\/abc-office.eu\/is\/\" \/>\n<meta property=\"og:locale\" content=\"is_IS\" \/>\n<meta property=\"og:type\" content=\"article\" \/>\n<meta property=\"og:title\" content=\"ABC Translation l \u00de\u00fd\u00f0ingar l L\u00f6ggilding l Fasteignir\" \/>\n<meta property=\"og:description\" content=\"ABC Translation l L\u00f6ggilding l Fasteignir l \u00datlendinga\u00fej\u00f3nusta l T\u00falkun l S\u00fdsluma\u00f0ur (Notarius publicus) l L\u00f6gmannsstofa l Flutningur\" \/>\n<meta property=\"og:url\" content=\"https:\/\/abc-office.eu\/is\/\" \/>\n<meta property=\"og:site_name\" content=\"ABC Translation\" \/>\n<meta property=\"article:modified_time\" content=\"2025-11-03T09:59:48+00:00\" \/>\n<meta property=\"og:image\" content=\"https:\/\/abc-office.eu\/wp-content\/uploads\/2025\/11\/6190976a-768x433-1.jpg\" \/>\n\t<meta property=\"og:image:width\" content=\"768\" \/>\n\t<meta property=\"og:image:height\" content=\"433\" \/>\n\t<meta property=\"og:image:type\" content=\"image\/jpeg\" \/>\n<meta name=\"twitter:card\" content=\"summary_large_image\" \/>\n<meta name=\"twitter:label1\" content=\"Est. reading time\" \/>\n\t<meta name=\"twitter:data1\" content=\"2 minutes\" \/>\n<script type=\"application\/ld+json\" class=\"yoast-schema-graph\">{\"@context\":\"https:\/\/schema.org\",\"@graph\":[{\"@type\":\"WebPage\",\"@id\":\"https:\/\/abc-office.eu\/is\/\",\"url\":\"https:\/\/abc-office.eu\/is\/\",\"name\":\"ABC Translation l \u00de\u00fd\u00f0ingar l L\u00f6ggilding l Fasteignir\",\"isPartOf\":{\"@id\":\"https:\/\/abc-office.eu\/is\/#website\"},\"primaryImageOfPage\":{\"@id\":\"https:\/\/abc-office.eu\/is\/#primaryimage\"},\"image\":{\"@id\":\"https:\/\/abc-office.eu\/is\/#primaryimage\"},\"thumbnailUrl\":\"https:\/\/abc-office.eu\/wp-content\/uploads\/2025\/11\/6190976a-768x433-1.jpg\",\"datePublished\":\"2017-02-16T08:13:19+00:00\",\"dateModified\":\"2025-11-03T09:59:48+00:00\",\"description\":\"ABC Translation l L\u00f6ggilding l Fasteignir l \u00datlendinga\u00fej\u00f3nusta l T\u00falkun l S\u00fdsluma\u00f0ur (Notarius publicus) l L\u00f6gmannsstofa l Flutningur\",\"breadcrumb\":{\"@id\":\"https:\/\/abc-office.eu\/is\/#breadcrumb\"},\"inLanguage\":\"is\",\"potentialAction\":[{\"@type\":\"ReadAction\",\"target\":[\"https:\/\/abc-office.eu\/is\/\"]}]},{\"@type\":\"ImageObject\",\"inLanguage\":\"is\",\"@id\":\"https:\/\/abc-office.eu\/is\/#primaryimage\",\"url\":\"https:\/\/abc-office.eu\/wp-content\/uploads\/2025\/11\/6190976a-768x433-1.jpg\",\"contentUrl\":\"https:\/\/abc-office.eu\/wp-content\/uploads\/2025\/11\/6190976a-768x433-1.jpg\",\"width\":768,\"height\":433},{\"@type\":\"BreadcrumbList\",\"@id\":\"https:\/\/abc-office.eu\/is\/#breadcrumb\",\"itemListElement\":[{\"@type\":\"ListItem\",\"position\":1,\"name\":\"Accueil\",\"item\":\"https:\/\/abc-office.eu\/is\/\"},{\"@type\":\"ListItem\",\"position\":2,\"name\":\"Heim\"}]},{\"@type\":\"WebSite\",\"@id\":\"https:\/\/abc-office.eu\/is\/#website\",\"url\":\"https:\/\/abc-office.eu\/is\/\",\"name\":\"ABC Translation\",\"description\":\"info@abc-office.eu\",\"potentialAction\":[{\"@type\":\"SearchAction\",\"target\":{\"@type\":\"EntryPoint\",\"urlTemplate\":\"https:\/\/abc-office.eu\/is\/?s={search_term_string}\"},\"query-input\":{\"@type\":\"PropertyValueSpecification\",\"valueRequired\":true,\"valueName\":\"search_term_string\"}}],\"inLanguage\":\"is\"}]}<\/script>\n<!-- \/ Yoast SEO plugin. -->","yoast_head_json":{"title":"ABC Translation l \u00de\u00fd\u00f0ingar l L\u00f6ggilding l Fasteignir","description":"ABC Translation l L\u00f6ggilding l Fasteignir l \u00datlendinga\u00fej\u00f3nusta l T\u00falkun l S\u00fdsluma\u00f0ur (Notarius publicus) l L\u00f6gmannsstofa l Flutningur","robots":{"index":"index","follow":"follow","max-snippet":"max-snippet:-1","max-image-preview":"max-image-preview:large","max-video-preview":"max-video-preview:-1"},"canonical":"https:\/\/abc-office.eu\/is\/","og_locale":"is_IS","og_type":"article","og_title":"ABC Translation l \u00de\u00fd\u00f0ingar l L\u00f6ggilding l Fasteignir","og_description":"ABC Translation l L\u00f6ggilding l Fasteignir l \u00datlendinga\u00fej\u00f3nusta l T\u00falkun l S\u00fdsluma\u00f0ur (Notarius publicus) l L\u00f6gmannsstofa l Flutningur","og_url":"https:\/\/abc-office.eu\/is\/","og_site_name":"ABC Translation","article_modified_time":"2025-11-03T09:59:48+00:00","og_image":[{"width":768,"height":433,"url":"https:\/\/abc-office.eu\/wp-content\/uploads\/2025\/11\/6190976a-768x433-1.jpg","type":"image\/jpeg"}],"twitter_card":"summary_large_image","twitter_misc":{"Est. reading time":"2 minutes"},"schema":{"@context":"https:\/\/schema.org","@graph":[{"@type":"WebPage","@id":"https:\/\/abc-office.eu\/is\/","url":"https:\/\/abc-office.eu\/is\/","name":"ABC Translation l \u00de\u00fd\u00f0ingar l L\u00f6ggilding l Fasteignir","isPartOf":{"@id":"https:\/\/abc-office.eu\/is\/#website"},"primaryImageOfPage":{"@id":"https:\/\/abc-office.eu\/is\/#primaryimage"},"image":{"@id":"https:\/\/abc-office.eu\/is\/#primaryimage"},"thumbnailUrl":"https:\/\/abc-office.eu\/wp-content\/uploads\/2025\/11\/6190976a-768x433-1.jpg","datePublished":"2017-02-16T08:13:19+00:00","dateModified":"2025-11-03T09:59:48+00:00","description":"ABC Translation l L\u00f6ggilding l Fasteignir l \u00datlendinga\u00fej\u00f3nusta l T\u00falkun l S\u00fdsluma\u00f0ur (Notarius publicus) l L\u00f6gmannsstofa l Flutningur","breadcrumb":{"@id":"https:\/\/abc-office.eu\/is\/#breadcrumb"},"inLanguage":"is","potentialAction":[{"@type":"ReadAction","target":["https:\/\/abc-office.eu\/is\/"]}]},{"@type":"ImageObject","inLanguage":"is","@id":"https:\/\/abc-office.eu\/is\/#primaryimage","url":"https:\/\/abc-office.eu\/wp-content\/uploads\/2025\/11\/6190976a-768x433-1.jpg","contentUrl":"https:\/\/abc-office.eu\/wp-content\/uploads\/2025\/11\/6190976a-768x433-1.jpg","width":768,"height":433},{"@type":"BreadcrumbList","@id":"https:\/\/abc-office.eu\/is\/#breadcrumb","itemListElement":[{"@type":"ListItem","position":1,"name":"Accueil","item":"https:\/\/abc-office.eu\/is\/"},{"@type":"ListItem","position":2,"name":"Heim"}]},{"@type":"WebSite","@id":"https:\/\/abc-office.eu\/is\/#website","url":"https:\/\/abc-office.eu\/is\/","name":"ABC Translation","description":"info@abc-office.eu","potentialAction":[{"@type":"SearchAction","target":{"@type":"EntryPoint","urlTemplate":"https:\/\/abc-office.eu\/is\/?s={search_term_string}"},"query-input":{"@type":"PropertyValueSpecification","valueRequired":true,"valueName":"search_term_string"}}],"inLanguage":"is"}]}},"_links":{"self":[{"href":"https:\/\/abc-office.eu\/is\/wp-json\/wp\/v2\/pages\/233822","targetHints":{"allow":["GET"]}}],"collection":[{"href":"https:\/\/abc-office.eu\/is\/wp-json\/wp\/v2\/pages"}],"about":[{"href":"https:\/\/abc-office.eu\/is\/wp-json\/wp\/v2\/types\/page"}],"author":[{"embeddable":true,"href":"https:\/\/abc-office.eu\/is\/wp-json\/wp\/v2\/users\/1"}],"replies":[{"embeddable":true,"href":"https:\/\/abc-office.eu\/is\/wp-json\/wp\/v2\/comments?post=233822"}],"version-history":[{"count":1,"href":"https:\/\/abc-office.eu\/is\/wp-json\/wp\/v2\/pages\/233822\/revisions"}],"predecessor-version":[{"id":233853,"href":"https:\/\/abc-office.eu\/is\/wp-json\/wp\/v2\/pages\/233822\/revisions\/233853"}],"wp:featuredmedia":[{"embeddable":true,"href":"https:\/\/abc-office.eu\/is\/wp-json\/wp\/v2\/media\/233823"}],"wp:attachment":[{"href":"https:\/\/abc-office.eu\/is\/wp-json\/wp\/v2\/media?parent=233822"}],"curies":[{"name":"wp","href":"https:\/\/api.w.org\/{rel}","templated":true}]}}