{"id":227023,"date":"2024-09-25T08:47:07","date_gmt":"2024-09-25T06:47:07","guid":{"rendered":"https:\/\/abc-office.eu\/?page_id=227023"},"modified":"2025-10-17T15:07:00","modified_gmt":"2025-10-17T13:07:00","slug":"hiteles-forditas-magyarorszag","status":"publish","type":"page","link":"https:\/\/abc-office.eu\/hu\/magyarorszag\/hiteles-forditas-magyarorszag\/","title":{"rendered":"Hiteles ford\u00edt\u00e1s Magyarorsz\u00e1g"},"content":{"rendered":"<h2 data-start=\"101\" data-end=\"136\"><strong data-start=\"101\" data-end=\"134\">Hiteles ford\u00edt\u00e1s Magyarorsz\u00e1g<\/strong><\/h2>\n<p style=\"text-align: justify;\" data-start=\"138\" data-end=\"445\">\u00dcgyn\u00f6ks\u00e9g\u00fcnk, az ABC Ford\u00edt\u00f3iroda, m\u00e1r hossz\u00fa \u00e9vek \u00f3ta a hiteles ford\u00edt\u00e1s ter\u00fclet\u00e9re szakosodott. Val\u00f3ban, minden olyan szolg\u00e1ltat\u00e1st biztos\u00edtani tudunk \u00d6nnek, amely ehhez a ter\u00fclethez kapcsol\u00f3dik, legyen sz\u00f3 hivatalos ford\u00edt\u00e1sr\u00f3l, egyszer\u0171 ford\u00edt\u00e1sr\u00f3l vagy tolm\u00e1csol\u00e1sr\u00f3l (hiteles ford\u00edt\u00e1s Magyarorsz\u00e1g).<\/p>\n<p style=\"text-align: justify;\" data-start=\"447\" data-end=\"945\">T\u00f6bb mint 500 ford\u00edt\u00f3b\u00f3l \u00e9s tolm\u00e1csb\u00f3l \u00e1ll\u00f3 csapatunkkal b\u00e1rmilyen t\u00edpus\u00fa projektet k\u00e9pesek vagyunk rendk\u00edv\u00fcl r\u00f6vid hat\u00e1rid\u0151kkel lebonyol\u00edtani. A min\u0151s\u00e9g \u00e9s a gyorsas\u00e1g a legfontosabb szempontjaink, hogy mindig \u00fcgyfeleink elv\u00e1r\u00e1sainak megfelel\u0151 eredm\u00e9nyeket biztos\u00edtsunk. Jelen vagyunk Magyarorsz\u00e1g teljes ter\u00fclet\u00e9n. Ennek a jelenl\u00e9tnek \u00e9s gyorsas\u00e1gunknak k\u00f6sz\u00f6nhet\u0151en fejl\u0151dni tudtunk, \u00e9s ma m\u00e1r t\u00f6bb mint 60 k\u00fcl\u00f6nb\u00f6z\u0151 nyelven k\u00edn\u00e1lunk ford\u00edt\u00e1si szolg\u00e1ltat\u00e1sokat (hiteles ford\u00edt\u00e1s Magyarorsz\u00e1g).<\/p>\n<h3 data-start=\"947\" data-end=\"972\"><strong data-start=\"947\" data-end=\"970\">Hivatalos ford\u00edt\u00e1s:<\/strong><\/h3>\n<p style=\"text-align: justify;\" data-start=\"974\" data-end=\"1295\">Hiteles ford\u00edt\u00e1sra szakosodtunk, hogy megk\u00f6nny\u00edts\u00fck \u00d6nnek az \u00fcgyint\u00e9z\u00e9st Magyarorsz\u00e1gra \u00e9rkez\u00e9skor vagy k\u00fclf\u00f6ldi utaz\u00e1s sor\u00e1n. A ford\u00edt\u00e1sokat \u00e1ltal\u00e1ban k\u00f6zjegyz\u0151nkkel hiteles\u00edtj\u00fck, majd a b\u00edr\u00f3s\u00e1gi irod\u00e1ban apostille-lal vagy az egyezm\u00e9nyeknek megfelel\u0151 honos\u00edt\u00e1ssal l\u00e1tj\u00e1k el. \u00dcgyfeleink hat\u00e1rid\u0151i gyakran rendk\u00edv\u00fcl r\u00f6videk.<\/p>\n<p style=\"text-align: justify;\" data-start=\"1297\" data-end=\"1638\">Ez\u00e9rt hoztunk l\u00e9tre egy olyan rendszert, amely lehet\u0151v\u00e9 teszi a dokumentumok ford\u00edt\u00e1s\u00e1t, hiteles\u00edt\u00e9s\u00e9t \u00e9s apostille-lal val\u00f3 ell\u00e1t\u00e1s\u00e1t rekordid\u0151 alatt. P\u00e9ld\u00e1ul egy 5 oldaln\u00e1l r\u00f6videbb dokumentum eset\u00e9ben k\u00e9t nap alatt elv\u00e9gezz\u00fck a sz\u00fcks\u00e9ges l\u00e9p\u00e9seket. Ezeket a ford\u00edt\u00e1sokat ezut\u00e1n \u2013 ha sz\u00fcks\u00e9ges \u2013 a c\u00e9lorsz\u00e1g konzul\u00e1tusa is hiteles\u00edtheti.<\/p>\n<p style=\"text-align: justify;\" data-start=\"1640\" data-end=\"1943\">A k\u00fclf\u00f6ldi diplom\u00e1k magyarorsz\u00e1gi elismertet\u00e9s\u00e9hez sz\u00fcks\u00e9ges hivatalos ford\u00edt\u00e1s szint\u00e9n szolg\u00e1ltat\u00e1saink k\u00f6z\u00e9 tartozik. Ilyenkor leford\u00edtjuk a dokumentumokat, majd k\u00f6zjegyz\u0151vel hiteles\u00edtj\u00fck, hogy az illet\u00e9kes szervek elfogadj\u00e1k azokat. \u00cdgy az \u00d6n \u00fcgye teljes lesz a k\u00e9relmet elb\u00edr\u00e1l\u00f3 hat\u00f3s\u00e1gok sz\u00e1m\u00e1ra.<\/p>\n<h3 data-start=\"1945\" data-end=\"1959\"><strong data-start=\"1945\" data-end=\"1957\">Nyelvek:<\/strong><\/h3>\n<p style=\"text-align: justify;\" data-start=\"1961\" data-end=\"2706\">Afrikaans | Alb\u00e1n | N\u00e9met | Amerikai angol | Amhara | Angol | Arab | \u00d6rm\u00e9ny | Ajmara | Azeri | Baszk | Beng\u00e1li | Belorusz | Burmai | Bosny\u00e1k | Brazil portug\u00e1l | Bolg\u00e1r | Kantoni | Katal\u00e1n | Szingal\u00e9z | K\u00ednai | Egyszer\u0171s\u00edtett k\u00ednai | Hagyom\u00e1nyos k\u00ednai | Koreai | Horv\u00e1t | D\u00e1n | Dari | Spanyol | \u00c9szt | Ewe | F\u00e1rszi | Finn | Gr\u00faz | G\u00f6r\u00f6g | Guarani | H\u00e9ber | Hindi | Magyar | Indon\u00e9z | Olasz | Jap\u00e1n | Kazah | Khmer | Kirgiz | Kurd | Lao | Lett | Lingala | Litv\u00e1n | Maced\u00f3n | Mal\u00e1j | Malayalam | Mandarin | Mold\u00e1v | Mongol | Montenegr\u00f3i | Holland | Norv\u00e9g | Urdu | \u00dczb\u00e9g | Pastu | Pandzs\u00e1bi | Perzsa | Fula | Lengyel | Portug\u00e1l | Kecsua | Rom\u00e1n | Orosz | Szerb | Szlov\u00e1k | Szlov\u00e9n | Sv\u00e9d | Tamil | Cseh | Thai | T\u00f6r\u00f6k | T\u00fcrkm\u00e9n | Ukr\u00e1n | Vietn\u00e1mi<\/p>\n<h3 data-start=\"2708\" data-end=\"2727\"><strong data-start=\"2708\" data-end=\"2725\">Dokumentumok:<\/strong><\/h3>\n<p style=\"text-align: justify;\" data-start=\"2729\" data-end=\"3150\">Sz\u00fclet\u00e9si anyak\u00f6nyvi kivonat | H\u00e1zass\u00e1gi anyak\u00f6nyvi kivonat | Csal\u00e1di \u00e1llapot igazol\u00e1s | Igazol\u00e1s | Szabadalom | Erk\u00f6lcsi bizony\u00edtv\u00e1ny | Tan\u00fas\u00edtv\u00e1ny | N\u0151tlen\/hajadon igazol\u00e1s | Halotti anyak\u00f6nyvi kivonat | Csal\u00e1di igazolv\u00e1ny | Munk\u00e1ltat\u00f3i igazol\u00e1s | Ad\u00f3bevall\u00e1s | Diploma | \u00datlev\u00e9l | Jogos\u00edtv\u00e1ny | V\u00e9grendelet | V\u00edzum | Szerz\u0151d\u00e9s | V\u00e1l\u00e1si szerz\u0151d\u00e9s | H\u00e1zass\u00e1gi szerz\u0151d\u00e9s | \u00cdt\u00e9let | Elj\u00e1r\u00e1s | Meghatalmaz\u00e1s | Jegyz\u0151k\u00f6nyv<\/p>\n<p style=\"text-align: justify;\" data-start=\"3152\" data-end=\"3206\">M\u00e1s nyelvek eset\u00e9n forduljon hozz\u00e1nk <a href=\"https:\/\/abc-office.eu\/hu\/\">bizalommal<\/a>.<\/p>\n<p data-start=\"3152\" data-end=\"3206\"><img loading=\"lazy\" decoding=\"async\" class=\"aligncenter wp-image-26 size-medium\" src=\"https:\/\/abc-office.ch\/wp-content\/uploads\/2018\/06\/imageedit_1_6241191614-300x300.gif\" alt=\"Hiteles ford\u00edt\u00e1s Magyarorsz\u00e1g\" width=\"300\" height=\"300\" \/><\/p>\n","protected":false},"excerpt":{"rendered":"<p>Hiteles ford\u00edt\u00e1s Magyarorsz\u00e1g \u00dcgyn\u00f6ks\u00e9g\u00fcnk, az ABC Ford\u00edt\u00f3iroda, m\u00e1r hossz\u00fa \u00e9vek \u00f3ta a hiteles ford\u00edt\u00e1s ter\u00fclet\u00e9re szakosodott. Val\u00f3ban, minden olyan szolg\u00e1ltat\u00e1st biztos\u00edtani tudunk \u00d6nnek, amely ehhez a ter\u00fclethez kapcsol\u00f3dik, legyen sz\u00f3 hivatalos ford\u00edt\u00e1sr\u00f3l, egyszer\u0171 ford\u00edt\u00e1sr\u00f3l vagy tolm\u00e1csol\u00e1sr\u00f3l (hiteles ford\u00edt\u00e1s Magyarorsz\u00e1g). T\u00f6bb mint 500 ford\u00edt\u00f3b\u00f3l \u00e9s tolm\u00e1csb\u00f3l \u00e1ll\u00f3 csapatunkkal b\u00e1rmilyen t\u00edpus\u00fa projektet k\u00e9pesek vagyunk rendk\u00edv\u00fcl r\u00f6vid hat\u00e1rid\u0151kkel&#8230;<\/p>\n","protected":false},"author":1,"featured_media":226988,"parent":226987,"menu_order":0,"comment_status":"closed","ping_status":"closed","template":"","meta":{"sfsi_plus_gutenberg_text_before_share":"","sfsi_plus_gutenberg_show_text_before_share":"","sfsi_plus_gutenberg_icon_type":"","sfsi_plus_gutenberg_icon_alignemt":"","sfsi_plus_gutenburg_max_per_row":"","footnotes":""},"class_list":["post-227023","page","type-page","status-publish","has-post-thumbnail","hentry"],"yoast_head":"<!-- This site is optimized with the Yoast SEO plugin v23.8 - https:\/\/yoast.com\/wordpress\/plugins\/seo\/ -->\n<title>Hiteles ford\u00edt\u00e1s Magyarorsz\u00e1g | Hiteles ford\u00edt\u00f3 Magyarorsz\u00e1g<\/title>\n<meta name=\"description\" content=\"ABC Ford\u00edt\u00f3iroda | Hiteles ford\u00edt\u00e1s Magyarorsz\u00e1g | Hiteles ford\u00edt\u00f3 Magyarorsz\u00e1g | Hivatalos ford\u00edt\u00e1s Magyarorsz\u00e1g | Hiteles ford\u00edt\u00f3\" \/>\n<meta name=\"robots\" content=\"index, follow, max-snippet:-1, max-image-preview:large, max-video-preview:-1\" \/>\n<link rel=\"canonical\" href=\"https:\/\/abc-office.eu\/hu\/magyarorszag\/hiteles-forditas-magyarorszag\/\" \/>\n<meta property=\"og:locale\" content=\"hu_HU\" \/>\n<meta property=\"og:type\" content=\"article\" \/>\n<meta property=\"og:title\" content=\"Hiteles ford\u00edt\u00e1s Magyarorsz\u00e1g | Hiteles ford\u00edt\u00f3 Magyarorsz\u00e1g\" \/>\n<meta property=\"og:description\" content=\"ABC Ford\u00edt\u00f3iroda | Hiteles ford\u00edt\u00e1s Magyarorsz\u00e1g | Hiteles ford\u00edt\u00f3 Magyarorsz\u00e1g | Hivatalos ford\u00edt\u00e1s Magyarorsz\u00e1g | Hiteles ford\u00edt\u00f3\" \/>\n<meta property=\"og:url\" content=\"https:\/\/abc-office.eu\/hu\/magyarorszag\/hiteles-forditas-magyarorszag\/\" \/>\n<meta property=\"og:site_name\" content=\"ABC Translation\" \/>\n<meta property=\"article:modified_time\" content=\"2025-10-17T13:07:00+00:00\" \/>\n<meta property=\"og:image\" content=\"https:\/\/abc-office.eu\/wp-content\/uploads\/2025\/10\/istockphoto-500625270-612x612-1.jpg\" \/>\n\t<meta property=\"og:image:width\" content=\"612\" \/>\n\t<meta property=\"og:image:height\" content=\"408\" \/>\n\t<meta property=\"og:image:type\" content=\"image\/jpeg\" \/>\n<meta name=\"twitter:card\" content=\"summary_large_image\" \/>\n<meta name=\"twitter:label1\" content=\"Becs\u00fclt olvas\u00e1si id\u0151\" \/>\n\t<meta name=\"twitter:data1\" content=\"3 perc\" \/>\n<script type=\"application\/ld+json\" class=\"yoast-schema-graph\">{\"@context\":\"https:\/\/schema.org\",\"@graph\":[{\"@type\":\"WebPage\",\"@id\":\"https:\/\/abc-office.eu\/hu\/magyarorszag\/hiteles-forditas-magyarorszag\/\",\"url\":\"https:\/\/abc-office.eu\/hu\/magyarorszag\/hiteles-forditas-magyarorszag\/\",\"name\":\"Hiteles ford\u00edt\u00e1s Magyarorsz\u00e1g | Hiteles ford\u00edt\u00f3 Magyarorsz\u00e1g\",\"isPartOf\":{\"@id\":\"https:\/\/abc-office.eu\/hu\/#website\"},\"primaryImageOfPage\":{\"@id\":\"https:\/\/abc-office.eu\/hu\/magyarorszag\/hiteles-forditas-magyarorszag\/#primaryimage\"},\"image\":{\"@id\":\"https:\/\/abc-office.eu\/hu\/magyarorszag\/hiteles-forditas-magyarorszag\/#primaryimage\"},\"thumbnailUrl\":\"https:\/\/abc-office.eu\/wp-content\/uploads\/2025\/10\/istockphoto-500625270-612x612-1.jpg\",\"datePublished\":\"2024-09-25T06:47:07+00:00\",\"dateModified\":\"2025-10-17T13:07:00+00:00\",\"description\":\"ABC Ford\u00edt\u00f3iroda | Hiteles ford\u00edt\u00e1s Magyarorsz\u00e1g | Hiteles ford\u00edt\u00f3 Magyarorsz\u00e1g | Hivatalos ford\u00edt\u00e1s Magyarorsz\u00e1g | Hiteles ford\u00edt\u00f3\",\"breadcrumb\":{\"@id\":\"https:\/\/abc-office.eu\/hu\/magyarorszag\/hiteles-forditas-magyarorszag\/#breadcrumb\"},\"inLanguage\":\"hu\",\"potentialAction\":[{\"@type\":\"ReadAction\",\"target\":[\"https:\/\/abc-office.eu\/hu\/magyarorszag\/hiteles-forditas-magyarorszag\/\"]}]},{\"@type\":\"ImageObject\",\"inLanguage\":\"hu\",\"@id\":\"https:\/\/abc-office.eu\/hu\/magyarorszag\/hiteles-forditas-magyarorszag\/#primaryimage\",\"url\":\"https:\/\/abc-office.eu\/wp-content\/uploads\/2025\/10\/istockphoto-500625270-612x612-1.jpg\",\"contentUrl\":\"https:\/\/abc-office.eu\/wp-content\/uploads\/2025\/10\/istockphoto-500625270-612x612-1.jpg\",\"width\":612,\"height\":408,\"caption\":\"3D rendering of the flag of Hungary on satin texture.\"},{\"@type\":\"BreadcrumbList\",\"@id\":\"https:\/\/abc-office.eu\/hu\/magyarorszag\/hiteles-forditas-magyarorszag\/#breadcrumb\",\"itemListElement\":[{\"@type\":\"ListItem\",\"position\":1,\"name\":\"Accueil\",\"item\":\"https:\/\/abc-office.eu\/hu\/\"},{\"@type\":\"ListItem\",\"position\":2,\"name\":\"Magyarorsz\u00e1g\",\"item\":\"https:\/\/abc-office.eu\/hu\/magyarorszag\/\"},{\"@type\":\"ListItem\",\"position\":3,\"name\":\"Hiteles ford\u00edt\u00e1s Magyarorsz\u00e1g\"}]},{\"@type\":\"WebSite\",\"@id\":\"https:\/\/abc-office.eu\/hu\/#website\",\"url\":\"https:\/\/abc-office.eu\/hu\/\",\"name\":\"ABC Translation\",\"description\":\"info@abc-office.eu\",\"potentialAction\":[{\"@type\":\"SearchAction\",\"target\":{\"@type\":\"EntryPoint\",\"urlTemplate\":\"https:\/\/abc-office.eu\/hu\/?s={search_term_string}\"},\"query-input\":{\"@type\":\"PropertyValueSpecification\",\"valueRequired\":true,\"valueName\":\"search_term_string\"}}],\"inLanguage\":\"hu\"}]}<\/script>\n<!-- \/ Yoast SEO plugin. -->","yoast_head_json":{"title":"Hiteles ford\u00edt\u00e1s Magyarorsz\u00e1g | Hiteles ford\u00edt\u00f3 Magyarorsz\u00e1g","description":"ABC Ford\u00edt\u00f3iroda | Hiteles ford\u00edt\u00e1s Magyarorsz\u00e1g | Hiteles ford\u00edt\u00f3 Magyarorsz\u00e1g | Hivatalos ford\u00edt\u00e1s Magyarorsz\u00e1g | Hiteles ford\u00edt\u00f3","robots":{"index":"index","follow":"follow","max-snippet":"max-snippet:-1","max-image-preview":"max-image-preview:large","max-video-preview":"max-video-preview:-1"},"canonical":"https:\/\/abc-office.eu\/hu\/magyarorszag\/hiteles-forditas-magyarorszag\/","og_locale":"hu_HU","og_type":"article","og_title":"Hiteles ford\u00edt\u00e1s Magyarorsz\u00e1g | Hiteles ford\u00edt\u00f3 Magyarorsz\u00e1g","og_description":"ABC Ford\u00edt\u00f3iroda | Hiteles ford\u00edt\u00e1s Magyarorsz\u00e1g | Hiteles ford\u00edt\u00f3 Magyarorsz\u00e1g | Hivatalos ford\u00edt\u00e1s Magyarorsz\u00e1g | Hiteles ford\u00edt\u00f3","og_url":"https:\/\/abc-office.eu\/hu\/magyarorszag\/hiteles-forditas-magyarorszag\/","og_site_name":"ABC Translation","article_modified_time":"2025-10-17T13:07:00+00:00","og_image":[{"width":612,"height":408,"url":"https:\/\/abc-office.eu\/wp-content\/uploads\/2025\/10\/istockphoto-500625270-612x612-1.jpg","type":"image\/jpeg"}],"twitter_card":"summary_large_image","twitter_misc":{"Becs\u00fclt olvas\u00e1si id\u0151":"3 perc"},"schema":{"@context":"https:\/\/schema.org","@graph":[{"@type":"WebPage","@id":"https:\/\/abc-office.eu\/hu\/magyarorszag\/hiteles-forditas-magyarorszag\/","url":"https:\/\/abc-office.eu\/hu\/magyarorszag\/hiteles-forditas-magyarorszag\/","name":"Hiteles ford\u00edt\u00e1s Magyarorsz\u00e1g | Hiteles ford\u00edt\u00f3 Magyarorsz\u00e1g","isPartOf":{"@id":"https:\/\/abc-office.eu\/hu\/#website"},"primaryImageOfPage":{"@id":"https:\/\/abc-office.eu\/hu\/magyarorszag\/hiteles-forditas-magyarorszag\/#primaryimage"},"image":{"@id":"https:\/\/abc-office.eu\/hu\/magyarorszag\/hiteles-forditas-magyarorszag\/#primaryimage"},"thumbnailUrl":"https:\/\/abc-office.eu\/wp-content\/uploads\/2025\/10\/istockphoto-500625270-612x612-1.jpg","datePublished":"2024-09-25T06:47:07+00:00","dateModified":"2025-10-17T13:07:00+00:00","description":"ABC Ford\u00edt\u00f3iroda | Hiteles ford\u00edt\u00e1s Magyarorsz\u00e1g | Hiteles ford\u00edt\u00f3 Magyarorsz\u00e1g | Hivatalos ford\u00edt\u00e1s Magyarorsz\u00e1g | Hiteles ford\u00edt\u00f3","breadcrumb":{"@id":"https:\/\/abc-office.eu\/hu\/magyarorszag\/hiteles-forditas-magyarorszag\/#breadcrumb"},"inLanguage":"hu","potentialAction":[{"@type":"ReadAction","target":["https:\/\/abc-office.eu\/hu\/magyarorszag\/hiteles-forditas-magyarorszag\/"]}]},{"@type":"ImageObject","inLanguage":"hu","@id":"https:\/\/abc-office.eu\/hu\/magyarorszag\/hiteles-forditas-magyarorszag\/#primaryimage","url":"https:\/\/abc-office.eu\/wp-content\/uploads\/2025\/10\/istockphoto-500625270-612x612-1.jpg","contentUrl":"https:\/\/abc-office.eu\/wp-content\/uploads\/2025\/10\/istockphoto-500625270-612x612-1.jpg","width":612,"height":408,"caption":"3D rendering of the flag of Hungary on satin texture."},{"@type":"BreadcrumbList","@id":"https:\/\/abc-office.eu\/hu\/magyarorszag\/hiteles-forditas-magyarorszag\/#breadcrumb","itemListElement":[{"@type":"ListItem","position":1,"name":"Accueil","item":"https:\/\/abc-office.eu\/hu\/"},{"@type":"ListItem","position":2,"name":"Magyarorsz\u00e1g","item":"https:\/\/abc-office.eu\/hu\/magyarorszag\/"},{"@type":"ListItem","position":3,"name":"Hiteles ford\u00edt\u00e1s Magyarorsz\u00e1g"}]},{"@type":"WebSite","@id":"https:\/\/abc-office.eu\/hu\/#website","url":"https:\/\/abc-office.eu\/hu\/","name":"ABC Translation","description":"info@abc-office.eu","potentialAction":[{"@type":"SearchAction","target":{"@type":"EntryPoint","urlTemplate":"https:\/\/abc-office.eu\/hu\/?s={search_term_string}"},"query-input":{"@type":"PropertyValueSpecification","valueRequired":true,"valueName":"search_term_string"}}],"inLanguage":"hu"}]}},"_links":{"self":[{"href":"https:\/\/abc-office.eu\/hu\/wp-json\/wp\/v2\/pages\/227023","targetHints":{"allow":["GET"]}}],"collection":[{"href":"https:\/\/abc-office.eu\/hu\/wp-json\/wp\/v2\/pages"}],"about":[{"href":"https:\/\/abc-office.eu\/hu\/wp-json\/wp\/v2\/types\/page"}],"author":[{"embeddable":true,"href":"https:\/\/abc-office.eu\/hu\/wp-json\/wp\/v2\/users\/1"}],"replies":[{"embeddable":true,"href":"https:\/\/abc-office.eu\/hu\/wp-json\/wp\/v2\/comments?post=227023"}],"version-history":[{"count":2,"href":"https:\/\/abc-office.eu\/hu\/wp-json\/wp\/v2\/pages\/227023\/revisions"}],"predecessor-version":[{"id":228011,"href":"https:\/\/abc-office.eu\/hu\/wp-json\/wp\/v2\/pages\/227023\/revisions\/228011"}],"up":[{"embeddable":true,"href":"https:\/\/abc-office.eu\/hu\/wp-json\/wp\/v2\/pages\/226987"}],"wp:featuredmedia":[{"embeddable":true,"href":"https:\/\/abc-office.eu\/hu\/wp-json\/wp\/v2\/media\/226988"}],"wp:attachment":[{"href":"https:\/\/abc-office.eu\/hu\/wp-json\/wp\/v2\/media?parent=227023"}],"curies":[{"name":"wp","href":"https:\/\/api.w.org\/{rel}","templated":true}]}}