{"id":226987,"date":"2024-04-13T09:17:46","date_gmt":"2024-04-13T07:17:46","guid":{"rendered":"https:\/\/abc-office.eu\/?page_id=226987"},"modified":"2025-10-17T15:04:56","modified_gmt":"2025-10-17T13:04:56","slug":"magyarorszag","status":"publish","type":"page","link":"https:\/\/abc-office.eu\/hu\/magyarorszag\/","title":{"rendered":"Magyarorsz\u00e1g"},"content":{"rendered":"<h2 data-start=\"118\" data-end=\"136\"><strong data-start=\"118\" data-end=\"134\">Magyarorsz\u00e1g<\/strong><\/h2>\n<p style=\"text-align: justify;\" data-start=\"138\" data-end=\"457\">Ford\u00edt\u00f3- \u00e9s honos\u00edt\u00f3 irod\u00e1nk t\u00f6bb mint 80 nyelven v\u00e1llal hiteles \u00e9s esk\u00fcdt ford\u00edt\u00e1sokat, valamint honos\u00edt\u00e1sokat. Magyarorsz\u00e1gi csapatunk gyorsan feldolgozza k\u00e9r\u00e9s\u00e9t. Mind\u00f6ssze a ford\u00edtand\u00f3 dokumentumok m\u00e1solat\u00e1ra van sz\u00fcks\u00e9g\u00fcnk (minden form\u00e1tum elfogadott). Az eredeti dokumentumokra m\u00e1r nincs sz\u00fcks\u00e9g (Magyarorsz\u00e1g).<\/p>\n<ol>\n<li style=\"text-align: justify;\">El\u0151sz\u00f6r is, b\u00e1tran haszn\u00e1lja e-mail c\u00edm\u00fcnket (<a href=\"mailto:info@abc-office.eu\">info@abc-office.eu<\/a>), a kapcsolatfelv\u00e9teli \u0171rlapot, vagy WhatsApp-link\u00fcnket.<\/li>\n<li style=\"text-align: justify;\">M\u00e1sodszor, k\u00e9rj\u00fck jelezze, milyen nyelvre szeretn\u00e9 a ford\u00edt\u00e1st, \u00e9s hogy sz\u00fcks\u00e9ges-e A ford\u00edt\u00e1sokat \u00e1ltal\u00e1ban k\u00f6zjegyz\u0151nkkel hiteles\u00edtj\u00fck, majd a b\u00edr\u00f3s\u00e1gi irod\u00e1ban apostille-lal vagy az egyezm\u00e9nyeknek megfelel\u0151 honos\u00edt\u00e1ssal l\u00e1tj\u00e1k el.<\/li>\n<li style=\"text-align: justify;\">Harmadszor, egyik projektmenedzser\u00fcnk gyorsan elk\u00fcldi \u00d6nnek az \u00e1raj\u00e1nlatot, amely tartalmazza az \u00e1rat \u00e9s a teljes\u00edt\u00e9s hat\u00e1ridej\u00e9t. \u00c1ltal\u00e1ban 30 percen bel\u00fcl v\u00e1laszolunk. Amennyiben egy \u00f3r\u00e1n bel\u00fcl sem \u00e9rkezik v\u00e1lasz, k\u00e9rj\u00fck h\u00edvjon minket.<\/li>\n<li style=\"text-align: justify;\">Negyedszer \u00e9s legfontosabbk\u00e9nt, amint az \u00e1raj\u00e1nlatot elfogadja, megkezdj\u00fck a ford\u00edt\u00e1st vagy a honos\u00edt\u00e1si folyamatot, \u00e9s a hiteles ford\u00edt\u00e1sokat, illetve honos\u00edt\u00e1sokat post\u00e1n k\u00fcldj\u00fck el \u00d6nnek. Ha e-mailben is szeretn\u00e9 megkapni a ford\u00edt\u00e1st \u00e9s a honos\u00edt\u00e1st, k\u00e9rj\u00fck jelezze projektmenedzser\u00e9nek, \u00e9s az eredeti post\u00e1z\u00e1sa el\u0151tt e-mailben elk\u00fcldj\u00fck.<\/li>\n<\/ol>\n<p style=\"text-align: justify;\">A hat\u00e1rid\u0151ket tekintve a hiteles ford\u00edt\u00e1sokat \u00e9s\/vagy honos\u00edt\u00e1sokat 2\u20133 munkanapon bel\u00fcl post\u00e1n vagy DHL-lel, illetve e-mailben k\u00fcldj\u00fck. Ez azonban a dokumentumok terjedelm\u00e9t\u0151l \u00e9s neh\u00e9zs\u00e9gi fok\u00e1t\u00f3l is f\u00fcgg. P\u00e9ld\u00e1ul egyoldalas dokumentumot \u00e1ltal\u00e1ban 2 munkanapon bel\u00fcl post\u00e1n k\u00e9zhez kaphat.<\/p>\n<h3><strong data-start=\"1694\" data-end=\"1721\">F\u0151bb nyelveink list\u00e1ja:<\/strong><\/h3>\n<p style=\"text-align: justify;\">Afrikaans | Alb\u00e1n | N\u00e9met | Amerikai angol | Amhara | Angol | Arab | \u00d6rm\u00e9ny | Ajmara | Azeri | Baszk | Beng\u00e1li | Belorusz | Burmai | Bosny\u00e1k | Brazil portug\u00e1l | Bolg\u00e1r | Kantoni | Katal\u00e1n | Szingal\u00e9z | K\u00ednai | Egyszer\u0171s\u00edtett k\u00ednai | Hagyom\u00e1nyos k\u00ednai | Koreai | Horv\u00e1t | D\u00e1n | Dari | Spanyol | \u00c9szt | Ewe | F\u00e1rszi | Finn | Gr\u00faz | G\u00f6r\u00f6g | Guarani | H\u00e9ber | Hindi | Magyar | Indon\u00e9z | Olasz | Jap\u00e1n | Kazah | Khmer | Kirgiz | Kurd | Lao | Lett | Lingala | Litv\u00e1n | Maced\u00f3n | Mal\u00e1j | Malayalam | Mandarin | Mold\u00e1v | Mongol | Montenegr\u00f3i | Holland | Norv\u00e9g | Urdu | \u00dczb\u00e9g | Pastu | Pandzs\u00e1bi | Perzsa | Fula | Lengyel | Portug\u00e1l | Kecsua | Rom\u00e1n | Orosz | Szerb | Szlov\u00e1k | Szlov\u00e9n | Sv\u00e9d | Tamil | Cseh | Thai | T\u00f6r\u00f6k | T\u00fcrkm\u00e9n | Ukr\u00e1n | Vietn\u00e1mi<\/p>\n<h3 data-start=\"2472\" data-end=\"2510\"><strong data-start=\"2472\" data-end=\"2508\">Nem teljes k\u00f6r\u0171 dokumentumlista:<\/strong><\/h3>\n<p style=\"text-align: justify;\" data-start=\"2512\" data-end=\"2937\">Sz\u00fclet\u00e9si anyak\u00f6nyvi kivonat | H\u00e1zass\u00e1gi anyak\u00f6nyvi kivonat | Csal\u00e1di \u00e1llapot igazol\u00e1s | Igazol\u00e1s | Szabadalom | Erk\u00f6lcsi bizony\u00edtv\u00e1ny | Bizony\u00edtv\u00e1ny | N\u0151tlen\/hajadon igazol\u00e1s | Halotti anyak\u00f6nyvi kivonat | Csal\u00e1di igazolv\u00e1ny | Munk\u00e1ltat\u00f3i igazol\u00e1s | Ad\u00f3bevall\u00e1s | Diploma | \u00datlev\u00e9l | Jogos\u00edtv\u00e1ny | V\u00e9grendelet | V\u00edzum | Szerz\u0151d\u00e9s | V\u00e1l\u00e1si meg\u00e1llapod\u00e1s | H\u00e1zass\u00e1gi szerz\u0151d\u00e9s | \u00cdt\u00e9let | Elj\u00e1r\u00e1s | Meghatalmaz\u00e1s | Jegyz\u0151k\u00f6nyv<\/p>\n<h3 data-start=\"2939\" data-end=\"3025\"><strong data-start=\"2939\" data-end=\"3023\">Ford\u00edt\u00e1sokhoz kapcsol\u00f3d\u00f3 gyakori hiteles\u00edt\u00e9si\/honos\u00edt\u00e1si t\u00edpusok (Magyarorsz\u00e1g):<\/strong><\/h3>\n<ul>\n<li data-start=\"3028\" data-end=\"3105\"><strong data-start=\"3028\" data-end=\"3049\">Hiteles ford\u00edt\u00e1s:<\/strong> irod\u00e1nk pecs\u00e9ttel \u00e9s al\u00e1\u00edr\u00e1ssal l\u00e1tja el a ford\u00edt\u00e1st.<\/li>\n<li><strong>Esk\u00fcdt ford\u00edt\u00e1s:<\/strong> Magyarorsz\u00e1gon a hivatalosan elfogadott hiteles ford\u00edt\u00e1sokat kiz\u00e1r\u00f3lag az OFFI (Orsz\u00e1gos Ford\u00edt\u00f3 \u00e9s Ford\u00edt\u00e1shiteles\u00edt\u0151 Iroda) k\u00e9sz\u00edtheti, ugyanakkor irod\u00e1nk seg\u00edt eligazodni a rendszerben, \u00e9s gondoskodik arr\u00f3l, hogy dokumentumai a megfelel\u0151 hiteles\u00edt\u00e9ssel b\u00edrjanak belf\u00f6ld\u00f6n \u00e9s k\u00fclf\u00f6ld\u00f6n egyar\u00e1nt.<\/li>\n<li data-start=\"3108\" data-end=\"3209\"><strong data-start=\"3108\" data-end=\"3150\">K\u00f6zjegyz\u0151 \u00e1ltal hiteles\u00edtett ford\u00edt\u00e1s:<\/strong> a k\u00f6zjegyz\u0151 hiteles\u00edti a ford\u00edt\u00f3 al\u00e1\u00edr\u00e1s\u00e1t a ford\u00edt\u00e1son.<\/li>\n<li data-start=\"3212\" data-end=\"3298\"><b><span lang=\"EN-GB\">Apostille-lal ell\u00e1tott ford\u00edt\u00e1s:<\/span><\/b><span lang=\"EN-GB\">\u00a0a B\u00edr\u00f3s\u00e1gi iroda hiteles\u00edti a k\u00f6zjegyz\u0151 al\u00e1\u00edr\u00e1s\u00e1t.<\/span><\/li>\n<li data-start=\"3301\" data-end=\"3450\"><strong data-start=\"3301\" data-end=\"3362\">Nagyk\u00f6vets\u00e9g vagy konzul\u00e1tus \u00e1ltal hiteles\u00edtett ford\u00edt\u00e1s:<\/strong> a nagyk\u00f6vets\u00e9g vagy konzul\u00e1tus hiteles\u00edti a ford\u00edt\u00e1st k\u00fclf\u00f6ldi felhaszn\u00e1l\u00e1s c\u00e9lj\u00e1b\u00f3l.<\/li>\n<\/ul>\n<h3 data-start=\"3452\" data-end=\"3535\"><strong data-start=\"3452\" data-end=\"3533\">Hivatalos felhaszn\u00e1l\u00e1sra vonatkoz\u00f3 gyakori honos\u00edt\u00e1si t\u00edpusok (Magyarorsz\u00e1g):<\/strong><\/h3>\n<ul>\n<li data-start=\"3538\" data-end=\"3720\"><b><span lang=\"EN-GB\">Apostille honos\u00edt\u00e1s:<\/span><\/b><span lang=\"EN-GB\">\u00a0a H\u00e1gai Egyezm\u00e9nyt al\u00e1\u00edr\u00f3 orsz\u00e1gok elfogadj\u00e1k a dokumentum \u00e9rv\u00e9nyess\u00e9g\u00e9t konzul\u00e1tusi vagy nagyk\u00f6vets\u00e9gi l\u00e1ttamoz\u00e1sa n\u00e9lk\u00fcl, amennyiben apostille-lal van ell\u00e1tva.<\/span><\/li>\n<li data-start=\"3723\" data-end=\"3941\"><strong data-start=\"3723\" data-end=\"3773\">Nagyk\u00f6vets\u00e9g vagy konzul\u00e1tus \u00e1ltali honos\u00edt\u00e1s:<\/strong> bizonyos orsz\u00e1gokban (pl. K\u00edna) a dokumentumokat a nagyk\u00f6vets\u00e9g vagy konzul\u00e1tus hiteles\u00edti. Ehhez el\u0151bb k\u00f6zjegyz\u0151 \u00e9s a B\u00edr\u00f3s\u00e1gi iroda\/Prefekt\u00fara hiteles\u00edt\u00e9se sz\u00fcks\u00e9ges.<\/li>\n<li data-start=\"3944\" data-end=\"4270\"><strong data-start=\"3944\" data-end=\"3964\">Hiteles m\u00e1solat:<\/strong> a hiteles m\u00e1solat, m\u00e1s n\u00e9ven Vidimus vagy Brevet, olyan m\u00e1solat, amelynek eredetivel val\u00f3 egyez\u0151s\u00e9g\u00e9t a k\u00f6zjegyz\u0151 igazolta. K\u00fclf\u00f6ldi hat\u00f3s\u00e1gok \u00e1ltal kiadott eredeti dokumentumok eset\u00e9n egyes int\u00e9zm\u00e9nyek k\u00f6zjegyz\u0151 \u00e1ltal hiteles\u00edtett m\u00e1solatot k\u00e9rnek. Ugyanez \u00e9rv\u00e9nyes a k\u00fclf\u00f6ldre sz\u00e1nt dokumentumokra is.<\/li>\n<li data-start=\"4273\" data-end=\"4420\"><strong data-start=\"4273\" data-end=\"4283\">V\u00edzum:<\/strong> a v\u00edzum az eredeti dokumentum m\u00e1solat\u00e1n v\u00e9gzett hiteles\u00edt\u00e9s. Ha az eredeti nincs birtok\u00e1ban, a m\u00e1solatot akkor is tudjuk hiteles\u00edteni.<\/li>\n<li data-start=\"4423\" data-end=\"4618\"><strong data-start=\"4423\" data-end=\"4448\">Al\u00e1\u00edr\u00e1s hiteles\u00edt\u00e9se:<\/strong> a k\u00f6zjegyz\u0151 igazolja az al\u00e1\u00edr\u00e1s val\u00f3dis\u00e1g\u00e1t: az al\u00e1\u00edr\u00e1s val\u00f3ban att\u00f3l a szem\u00e9lyt\u0151l sz\u00e1rmazik, aki a dokumentumot al\u00e1\u00edrta. Leggyakrabban meghatalmaz\u00e1sokn\u00e1l haszn\u00e1latos.<\/li>\n<\/ul>\n<p style=\"text-align: justify;\" data-start=\"4620\" data-end=\"4925\">A megfelel\u0151 hiteles\u00edt\u00e9snek k\u00f6sz\u00f6nhet\u0151en a ford\u00edt\u00e1sokat \u00e9s honos\u00edt\u00e1sokat Magyarorsz\u00e1gon \u00e9s k\u00fclf\u00f6ld\u00f6n egyar\u00e1nt elfogadj\u00e1k. Ha b\u00e1rmilyen k\u00e9rd\u00e9se van a dokumentumaihoz sz\u00fcks\u00e9ges hiteles\u00edt\u00e9s vagy honos\u00edt\u00e1s t\u00edpus\u00e1t illet\u0151en, forduljon bizalommal csapatunkhoz. V\u00e9gigvezetj\u00fck a teljes folyamaton (Magyarorsz\u00e1g).<\/p>\n<p style=\"text-align: justify;\" data-start=\"4927\" data-end=\"4954\">V\u00e1rjuk az egy\u00fcttm\u0171k\u00f6d\u00e9st.<\/p>\n<p style=\"text-align: justify;\" data-start=\"4956\" data-end=\"4982\"><a href=\"https:\/\/abc-office.eu\/hu\/\"><strong data-start=\"4956\" data-end=\"4980\">ABC Translation Kft.<\/strong><\/a><\/p>\n<p data-start=\"4956\" data-end=\"4982\"><img loading=\"lazy\" decoding=\"async\" class=\"aligncenter wp-image-271\" src=\"https:\/\/abc-office.ch\/wp-content\/uploads\/2018\/06\/imageedit_1_6241191614.gif\" alt=\"Magyarorsz\u00e1g\" width=\"437\" height=\"437\" \/><\/p>\n","protected":false},"excerpt":{"rendered":"<p>Magyarorsz\u00e1g Ford\u00edt\u00f3- \u00e9s honos\u00edt\u00f3 irod\u00e1nk t\u00f6bb mint 80 nyelven v\u00e1llal hiteles \u00e9s esk\u00fcdt ford\u00edt\u00e1sokat, valamint honos\u00edt\u00e1sokat. Magyarorsz\u00e1gi csapatunk gyorsan feldolgozza k\u00e9r\u00e9s\u00e9t. Mind\u00f6ssze a ford\u00edtand\u00f3 dokumentumok m\u00e1solat\u00e1ra van sz\u00fcks\u00e9g\u00fcnk (minden form\u00e1tum elfogadott). Az eredeti dokumentumokra m\u00e1r nincs sz\u00fcks\u00e9g (Magyarorsz\u00e1g). El\u0151sz\u00f6r is, b\u00e1tran haszn\u00e1lja e-mail c\u00edm\u00fcnket (info@abc-office.eu), a kapcsolatfelv\u00e9teli \u0171rlapot, vagy WhatsApp-link\u00fcnket. M\u00e1sodszor, k\u00e9rj\u00fck jelezze, milyen nyelvre&#8230;<\/p>\n","protected":false},"author":1,"featured_media":226988,"parent":0,"menu_order":0,"comment_status":"closed","ping_status":"closed","template":"","meta":{"sfsi_plus_gutenberg_text_before_share":"","sfsi_plus_gutenberg_show_text_before_share":"","sfsi_plus_gutenberg_icon_type":"","sfsi_plus_gutenberg_icon_alignemt":"","sfsi_plus_gutenburg_max_per_row":"","footnotes":""},"class_list":["post-226987","page","type-page","status-publish","has-post-thumbnail","hentry"],"yoast_head":"<!-- This site is optimized with the Yoast SEO plugin v23.8 - https:\/\/yoast.com\/wordpress\/plugins\/seo\/ -->\n<title>Hiteles ford\u00edt\u00e1s Magyarorsz\u00e1g | Esk\u00fcdt ford\u00edt\u00f3 Magyarorsz\u00e1g<\/title>\n<meta name=\"description\" content=\"ABC Ford\u00edt\u00f3iroda | Hiteles ford\u00edt\u00e1s Magyarorsz\u00e1g | Esk\u00fcdt ford\u00edt\u00f3 Magyarorsz\u00e1g | K\u00f6zjegyz\u0151i hiteles\u00edt\u00e9s | Apostille | Konzul\u00e1tus\" \/>\n<meta name=\"robots\" content=\"index, follow, max-snippet:-1, max-image-preview:large, max-video-preview:-1\" \/>\n<link rel=\"canonical\" href=\"https:\/\/abc-office.eu\/hu\/magyarorszag\/\" \/>\n<meta property=\"og:locale\" content=\"hu_HU\" \/>\n<meta property=\"og:type\" content=\"article\" \/>\n<meta property=\"og:title\" content=\"Hiteles ford\u00edt\u00e1s Magyarorsz\u00e1g | Esk\u00fcdt ford\u00edt\u00f3 Magyarorsz\u00e1g\" \/>\n<meta property=\"og:description\" content=\"ABC Ford\u00edt\u00f3iroda | Hiteles ford\u00edt\u00e1s Magyarorsz\u00e1g | Esk\u00fcdt ford\u00edt\u00f3 Magyarorsz\u00e1g | K\u00f6zjegyz\u0151i hiteles\u00edt\u00e9s | Apostille | Konzul\u00e1tus\" \/>\n<meta property=\"og:url\" content=\"https:\/\/abc-office.eu\/hu\/magyarorszag\/\" \/>\n<meta property=\"og:site_name\" content=\"ABC Translation\" \/>\n<meta property=\"article:modified_time\" content=\"2025-10-17T13:04:56+00:00\" \/>\n<meta property=\"og:image\" content=\"https:\/\/abc-office.eu\/wp-content\/uploads\/2025\/10\/istockphoto-500625270-612x612-1.jpg\" \/>\n\t<meta property=\"og:image:width\" content=\"612\" \/>\n\t<meta property=\"og:image:height\" content=\"408\" \/>\n\t<meta property=\"og:image:type\" content=\"image\/jpeg\" \/>\n<meta name=\"twitter:card\" content=\"summary_large_image\" \/>\n<meta name=\"twitter:label1\" content=\"Becs\u00fclt olvas\u00e1si id\u0151\" \/>\n\t<meta name=\"twitter:data1\" content=\"4 perc\" \/>\n<script type=\"application\/ld+json\" class=\"yoast-schema-graph\">{\"@context\":\"https:\/\/schema.org\",\"@graph\":[{\"@type\":\"WebPage\",\"@id\":\"https:\/\/abc-office.eu\/hu\/magyarorszag\/\",\"url\":\"https:\/\/abc-office.eu\/hu\/magyarorszag\/\",\"name\":\"Hiteles ford\u00edt\u00e1s Magyarorsz\u00e1g | Esk\u00fcdt ford\u00edt\u00f3 Magyarorsz\u00e1g\",\"isPartOf\":{\"@id\":\"https:\/\/abc-office.eu\/hu\/#website\"},\"primaryImageOfPage\":{\"@id\":\"https:\/\/abc-office.eu\/hu\/magyarorszag\/#primaryimage\"},\"image\":{\"@id\":\"https:\/\/abc-office.eu\/hu\/magyarorszag\/#primaryimage\"},\"thumbnailUrl\":\"https:\/\/abc-office.eu\/wp-content\/uploads\/2025\/10\/istockphoto-500625270-612x612-1.jpg\",\"datePublished\":\"2024-04-13T07:17:46+00:00\",\"dateModified\":\"2025-10-17T13:04:56+00:00\",\"description\":\"ABC Ford\u00edt\u00f3iroda | Hiteles ford\u00edt\u00e1s Magyarorsz\u00e1g | Esk\u00fcdt ford\u00edt\u00f3 Magyarorsz\u00e1g | K\u00f6zjegyz\u0151i hiteles\u00edt\u00e9s | Apostille | Konzul\u00e1tus\",\"breadcrumb\":{\"@id\":\"https:\/\/abc-office.eu\/hu\/magyarorszag\/#breadcrumb\"},\"inLanguage\":\"hu\",\"potentialAction\":[{\"@type\":\"ReadAction\",\"target\":[\"https:\/\/abc-office.eu\/hu\/magyarorszag\/\"]}]},{\"@type\":\"ImageObject\",\"inLanguage\":\"hu\",\"@id\":\"https:\/\/abc-office.eu\/hu\/magyarorszag\/#primaryimage\",\"url\":\"https:\/\/abc-office.eu\/wp-content\/uploads\/2025\/10\/istockphoto-500625270-612x612-1.jpg\",\"contentUrl\":\"https:\/\/abc-office.eu\/wp-content\/uploads\/2025\/10\/istockphoto-500625270-612x612-1.jpg\",\"width\":612,\"height\":408,\"caption\":\"3D rendering of the flag of Hungary on satin texture.\"},{\"@type\":\"BreadcrumbList\",\"@id\":\"https:\/\/abc-office.eu\/hu\/magyarorszag\/#breadcrumb\",\"itemListElement\":[{\"@type\":\"ListItem\",\"position\":1,\"name\":\"Accueil\",\"item\":\"https:\/\/abc-office.eu\/hu\/\"},{\"@type\":\"ListItem\",\"position\":2,\"name\":\"Magyarorsz\u00e1g\"}]},{\"@type\":\"WebSite\",\"@id\":\"https:\/\/abc-office.eu\/hu\/#website\",\"url\":\"https:\/\/abc-office.eu\/hu\/\",\"name\":\"ABC Translation\",\"description\":\"info@abc-office.eu\",\"potentialAction\":[{\"@type\":\"SearchAction\",\"target\":{\"@type\":\"EntryPoint\",\"urlTemplate\":\"https:\/\/abc-office.eu\/hu\/?s={search_term_string}\"},\"query-input\":{\"@type\":\"PropertyValueSpecification\",\"valueRequired\":true,\"valueName\":\"search_term_string\"}}],\"inLanguage\":\"hu\"}]}<\/script>\n<!-- \/ Yoast SEO plugin. -->","yoast_head_json":{"title":"Hiteles ford\u00edt\u00e1s Magyarorsz\u00e1g | Esk\u00fcdt ford\u00edt\u00f3 Magyarorsz\u00e1g","description":"ABC Ford\u00edt\u00f3iroda | Hiteles ford\u00edt\u00e1s Magyarorsz\u00e1g | Esk\u00fcdt ford\u00edt\u00f3 Magyarorsz\u00e1g | K\u00f6zjegyz\u0151i hiteles\u00edt\u00e9s | Apostille | Konzul\u00e1tus","robots":{"index":"index","follow":"follow","max-snippet":"max-snippet:-1","max-image-preview":"max-image-preview:large","max-video-preview":"max-video-preview:-1"},"canonical":"https:\/\/abc-office.eu\/hu\/magyarorszag\/","og_locale":"hu_HU","og_type":"article","og_title":"Hiteles ford\u00edt\u00e1s Magyarorsz\u00e1g | Esk\u00fcdt ford\u00edt\u00f3 Magyarorsz\u00e1g","og_description":"ABC Ford\u00edt\u00f3iroda | Hiteles ford\u00edt\u00e1s Magyarorsz\u00e1g | Esk\u00fcdt ford\u00edt\u00f3 Magyarorsz\u00e1g | K\u00f6zjegyz\u0151i hiteles\u00edt\u00e9s | Apostille | Konzul\u00e1tus","og_url":"https:\/\/abc-office.eu\/hu\/magyarorszag\/","og_site_name":"ABC Translation","article_modified_time":"2025-10-17T13:04:56+00:00","og_image":[{"width":612,"height":408,"url":"https:\/\/abc-office.eu\/wp-content\/uploads\/2025\/10\/istockphoto-500625270-612x612-1.jpg","type":"image\/jpeg"}],"twitter_card":"summary_large_image","twitter_misc":{"Becs\u00fclt olvas\u00e1si id\u0151":"4 perc"},"schema":{"@context":"https:\/\/schema.org","@graph":[{"@type":"WebPage","@id":"https:\/\/abc-office.eu\/hu\/magyarorszag\/","url":"https:\/\/abc-office.eu\/hu\/magyarorszag\/","name":"Hiteles ford\u00edt\u00e1s Magyarorsz\u00e1g | Esk\u00fcdt ford\u00edt\u00f3 Magyarorsz\u00e1g","isPartOf":{"@id":"https:\/\/abc-office.eu\/hu\/#website"},"primaryImageOfPage":{"@id":"https:\/\/abc-office.eu\/hu\/magyarorszag\/#primaryimage"},"image":{"@id":"https:\/\/abc-office.eu\/hu\/magyarorszag\/#primaryimage"},"thumbnailUrl":"https:\/\/abc-office.eu\/wp-content\/uploads\/2025\/10\/istockphoto-500625270-612x612-1.jpg","datePublished":"2024-04-13T07:17:46+00:00","dateModified":"2025-10-17T13:04:56+00:00","description":"ABC Ford\u00edt\u00f3iroda | Hiteles ford\u00edt\u00e1s Magyarorsz\u00e1g | Esk\u00fcdt ford\u00edt\u00f3 Magyarorsz\u00e1g | K\u00f6zjegyz\u0151i hiteles\u00edt\u00e9s | Apostille | Konzul\u00e1tus","breadcrumb":{"@id":"https:\/\/abc-office.eu\/hu\/magyarorszag\/#breadcrumb"},"inLanguage":"hu","potentialAction":[{"@type":"ReadAction","target":["https:\/\/abc-office.eu\/hu\/magyarorszag\/"]}]},{"@type":"ImageObject","inLanguage":"hu","@id":"https:\/\/abc-office.eu\/hu\/magyarorszag\/#primaryimage","url":"https:\/\/abc-office.eu\/wp-content\/uploads\/2025\/10\/istockphoto-500625270-612x612-1.jpg","contentUrl":"https:\/\/abc-office.eu\/wp-content\/uploads\/2025\/10\/istockphoto-500625270-612x612-1.jpg","width":612,"height":408,"caption":"3D rendering of the flag of Hungary on satin texture."},{"@type":"BreadcrumbList","@id":"https:\/\/abc-office.eu\/hu\/magyarorszag\/#breadcrumb","itemListElement":[{"@type":"ListItem","position":1,"name":"Accueil","item":"https:\/\/abc-office.eu\/hu\/"},{"@type":"ListItem","position":2,"name":"Magyarorsz\u00e1g"}]},{"@type":"WebSite","@id":"https:\/\/abc-office.eu\/hu\/#website","url":"https:\/\/abc-office.eu\/hu\/","name":"ABC Translation","description":"info@abc-office.eu","potentialAction":[{"@type":"SearchAction","target":{"@type":"EntryPoint","urlTemplate":"https:\/\/abc-office.eu\/hu\/?s={search_term_string}"},"query-input":{"@type":"PropertyValueSpecification","valueRequired":true,"valueName":"search_term_string"}}],"inLanguage":"hu"}]}},"_links":{"self":[{"href":"https:\/\/abc-office.eu\/hu\/wp-json\/wp\/v2\/pages\/226987","targetHints":{"allow":["GET"]}}],"collection":[{"href":"https:\/\/abc-office.eu\/hu\/wp-json\/wp\/v2\/pages"}],"about":[{"href":"https:\/\/abc-office.eu\/hu\/wp-json\/wp\/v2\/types\/page"}],"author":[{"embeddable":true,"href":"https:\/\/abc-office.eu\/hu\/wp-json\/wp\/v2\/users\/1"}],"replies":[{"embeddable":true,"href":"https:\/\/abc-office.eu\/hu\/wp-json\/wp\/v2\/comments?post=226987"}],"version-history":[{"count":3,"href":"https:\/\/abc-office.eu\/hu\/wp-json\/wp\/v2\/pages\/226987\/revisions"}],"predecessor-version":[{"id":228010,"href":"https:\/\/abc-office.eu\/hu\/wp-json\/wp\/v2\/pages\/226987\/revisions\/228010"}],"wp:featuredmedia":[{"embeddable":true,"href":"https:\/\/abc-office.eu\/hu\/wp-json\/wp\/v2\/media\/226988"}],"wp:attachment":[{"href":"https:\/\/abc-office.eu\/hu\/wp-json\/wp\/v2\/media?parent=226987"}],"curies":[{"name":"wp","href":"https:\/\/api.w.org\/{rel}","templated":true}]}}