{"id":226958,"date":"2022-04-25T10:26:44","date_gmt":"2022-04-25T08:26:44","guid":{"rendered":"https:\/\/abc-office.eu\/?page_id=226958"},"modified":"2025-10-17T14:56:56","modified_gmt":"2025-10-17T12:56:56","slug":"kapcsolat","status":"publish","type":"page","link":"https:\/\/abc-office.eu\/hu\/kapcsolat\/","title":{"rendered":"Kapcsolat"},"content":{"rendered":"<h2><strong data-start=\"96\" data-end=\"144\">Kapcsolat \u2013 ford\u00edt\u00f3irod\u00e1i az Eur\u00f3pai Uni\u00f3ban<\/strong><\/h2>\n<p><br data-start=\"144\" data-end=\"147\" \/>E-mail: <a class=\"decorated-link cursor-pointer\" href=\"mailto:info@abc-office.eu\" rel=\"noopener\" data-start=\"155\" data-end=\"173\">info@abc-office.eu<\/a><\/p>\n<p data-start=\"177\" data-end=\"199\"><strong data-start=\"177\" data-end=\"197\">ABC Translation<\/strong><\/p>\n<p style=\"text-align: justify;\" data-start=\"201\" data-end=\"881\">Ford\u00edt\u00f3ink \u00e9s lektoraink, akik az Eur\u00f3pai Uni\u00f3ban dolgoznak, mind rendelkeznek ford\u00edt\u00f3i mesterdiplom\u00e1val. K\u00fcl\u00f6nb\u00f6z\u0151 szakter\u00fcletekre specializ\u00e1l\u00f3dtak, mint p\u00e9ld\u00e1ul marketing, gazdas\u00e1g, politika, jog \u00e9s orvostudom\u00e1ny. Gyors megkeres\u00e9s eset\u00e9n k\u00e9rj\u00fck, t\u00f6ltse ki a k\u00e9perny\u0151 jobb oldal\u00e1n tal\u00e1lhat\u00f3 \u0171rlapot. Ezt k\u00f6vet\u0151en csapatunk elk\u00fcldi \u00d6nnek az \u00e1raj\u00e1nlatot, amely tartalmazza a ford\u00edt\u00e1s k\u00f6lts\u00e9g\u00e9t \u00e9s hat\u00e1ridej\u00e9t is. Aj\u00e1nlatunk mag\u00e1ban foglalja a sz\u00f6veg ford\u00edt\u00e1s\u00e1t, valamint egy m\u00e1sik ford\u00edt\u00f3 \u00e1ltal v\u00e9gzett lektor\u00e1l\u00e1st, amely biztos\u00edtja a ford\u00edt\u00e1s min\u0151s\u00e9g\u00e9t. Miut\u00e1n a sz\u00f6veget leford\u00edtottuk \u00e9s lektor\u00e1ltuk, e-mailben vagy \u2013 hiteles ford\u00edt\u00e1s eset\u00e9n \u2013 postai \u00faton k\u00fcldj\u00fck vissza \u00d6nnek.<\/p>\n<p style=\"text-align: justify;\" data-start=\"883\" data-end=\"1138\">A ford\u00edt\u00e1s min\u0151s\u00e9g\u00e9nek t\u00f6k\u00e9letesnek kell lennie. F\u0151 er\u0151ss\u00e9geink \u2013 a precizit\u00e1s, a hat\u00e9konys\u00e1g \u00e9s a pontoss\u00e1g \u2013 r\u00e9v\u00e9n naponta sz\u00e1mos v\u00e1llalattal \u00e9s mag\u00e1nszem\u00e9llyel dolgozunk egy\u00fctt. Ford\u00edtunk weboldalakat, hivatalos dokumentumokat \u00e9s szakmai sz\u00f6vegeket is.<\/p>\n<p style=\"text-align: justify;\" data-start=\"1140\" data-end=\"1609\">\u00c1rk\u00e9pz\u00e9s\u00fcnket egy pontos EU-rendszer alapj\u00e1n hat\u00e1rozzuk meg. Ezt a rendszert az\u00e9rt hozt\u00e1k l\u00e9tre, hogy olyan d\u00edjszab\u00e1si rendszert alak\u00edtsanak ki, amely figyelembe veszi a forr\u00e1ssz\u00f6veg neh\u00e9zs\u00e9gi fok\u00e1t. Az \u00e1r kisz\u00e1m\u00edthat\u00f3 szavank\u00e9nt vagy 55 karakterb\u0151l \u00e1ll\u00f3 soronk\u00e9nt. Ez a rendszer teljes \u00e1tl\u00e1that\u00f3s\u00e1got biztos\u00edt az \u00fcgyf\u00e9l fel\u00e9, \u00e9s lehet\u0151v\u00e9 teszi a korrekt \u00e1raj\u00e1nlatok elk\u00e9sz\u00edt\u00e9s\u00e9t. Az Eur\u00f3pai Uni\u00f3 eg\u00e9sz ter\u00fclet\u00e9n dolgozunk v\u00e1llalatokkal \u00e9s mag\u00e1nszem\u00e9lyekkel <a href=\"https:\/\/abc-office.eu\/hu\/\">egyar\u00e1nt<\/a>.<\/p>\n<p data-start=\"1140\" data-end=\"1609\"><img loading=\"lazy\" decoding=\"async\" class=\"aligncenter wp-image-28719\" src=\"https:\/\/abc-office.eu\/wp-content\/uploads\/2017\/02\/second_image-300x200.jpg\" alt=\"Kapcsolat\" width=\"715\" height=\"476\" srcset=\"https:\/\/abc-office.eu\/wp-content\/uploads\/2017\/02\/second_image-300x200.jpg 300w, https:\/\/abc-office.eu\/wp-content\/uploads\/2017\/02\/second_image-1024x682.jpg 1024w, https:\/\/abc-office.eu\/wp-content\/uploads\/2017\/02\/second_image-768x512.jpg 768w, https:\/\/abc-office.eu\/wp-content\/uploads\/2017\/02\/second_image-1080x720.jpg 1080w, https:\/\/abc-office.eu\/wp-content\/uploads\/2017\/02\/second_image-1280x853.jpg 1280w, https:\/\/abc-office.eu\/wp-content\/uploads\/2017\/02\/second_image-980x653.jpg 980w, https:\/\/abc-office.eu\/wp-content\/uploads\/2017\/02\/second_image-480x320.jpg 480w, https:\/\/abc-office.eu\/wp-content\/uploads\/2017\/02\/second_image.jpg 1400w\" sizes=\"auto, (max-width: 715px) 100vw, 715px\" \/><\/p>\n","protected":false},"excerpt":{"rendered":"<p>Kapcsolat \u2013 ford\u00edt\u00f3irod\u00e1i az Eur\u00f3pai Uni\u00f3ban E-mail: info@abc-office.eu ABC Translation Ford\u00edt\u00f3ink \u00e9s lektoraink, akik az Eur\u00f3pai Uni\u00f3ban dolgoznak, mind rendelkeznek ford\u00edt\u00f3i mesterdiplom\u00e1val. K\u00fcl\u00f6nb\u00f6z\u0151 szakter\u00fcletekre specializ\u00e1l\u00f3dtak, mint p\u00e9ld\u00e1ul marketing, gazdas\u00e1g, politika, jog \u00e9s orvostudom\u00e1ny. Gyors megkeres\u00e9s eset\u00e9n k\u00e9rj\u00fck, t\u00f6ltse ki a k\u00e9perny\u0151 jobb oldal\u00e1n tal\u00e1lhat\u00f3 \u0171rlapot. Ezt k\u00f6vet\u0151en csapatunk elk\u00fcldi \u00d6nnek az \u00e1raj\u00e1nlatot, amely tartalmazza a&#8230;<\/p>\n","protected":false},"author":1,"featured_media":226959,"parent":0,"menu_order":0,"comment_status":"closed","ping_status":"closed","template":"","meta":{"sfsi_plus_gutenberg_text_before_share":"","sfsi_plus_gutenberg_show_text_before_share":"","sfsi_plus_gutenberg_icon_type":"","sfsi_plus_gutenberg_icon_alignemt":"","sfsi_plus_gutenburg_max_per_row":"","footnotes":""},"class_list":["post-226958","page","type-page","status-publish","has-post-thumbnail","hentry"],"yoast_head":"<!-- This site is optimized with the Yoast SEO plugin v23.8 - https:\/\/yoast.com\/wordpress\/plugins\/seo\/ -->\n<title>Kapcsolat ford\u00edt\u00e1s | Ford\u00edt\u00f3 | Eur\u00f3pai Uni\u00f3 | Egyes\u00fclt Kir\u00e1lys\u00e1g<\/title>\n<meta name=\"description\" content=\"ABC Translation: Kapcsolat | weboldal ford\u00edt\u00e1s | hivatalos dokumentumok ford\u00edt\u00e1sa | szakford\u00edt\u00e1s | Eur\u00f3pai Uni\u00f3\" \/>\n<meta name=\"robots\" content=\"index, follow, max-snippet:-1, max-image-preview:large, max-video-preview:-1\" \/>\n<link rel=\"canonical\" href=\"https:\/\/abc-office.eu\/hu\/kapcsolat\/\" \/>\n<meta property=\"og:locale\" content=\"hu_HU\" \/>\n<meta property=\"og:type\" content=\"article\" \/>\n<meta property=\"og:title\" content=\"Kapcsolat ford\u00edt\u00e1s | Ford\u00edt\u00f3 | Eur\u00f3pai Uni\u00f3 | Egyes\u00fclt Kir\u00e1lys\u00e1g\" \/>\n<meta property=\"og:description\" content=\"ABC Translation: Kapcsolat | weboldal ford\u00edt\u00e1s | hivatalos dokumentumok ford\u00edt\u00e1sa | szakford\u00edt\u00e1s | Eur\u00f3pai Uni\u00f3\" \/>\n<meta property=\"og:url\" content=\"https:\/\/abc-office.eu\/hu\/kapcsolat\/\" \/>\n<meta property=\"og:site_name\" content=\"ABC Translation\" \/>\n<meta property=\"article:modified_time\" content=\"2025-10-17T12:56:56+00:00\" \/>\n<meta property=\"og:image\" content=\"https:\/\/abc-office.eu\/wp-content\/uploads\/2025\/10\/Flag_of_Europe-2-768x512-4.png\" \/>\n\t<meta property=\"og:image:width\" content=\"768\" \/>\n\t<meta property=\"og:image:height\" content=\"512\" \/>\n\t<meta property=\"og:image:type\" content=\"image\/png\" \/>\n<meta name=\"twitter:card\" content=\"summary_large_image\" \/>\n<meta name=\"twitter:label1\" content=\"Becs\u00fclt olvas\u00e1si id\u0151\" \/>\n\t<meta name=\"twitter:data1\" content=\"2 perc\" \/>\n<script type=\"application\/ld+json\" class=\"yoast-schema-graph\">{\"@context\":\"https:\/\/schema.org\",\"@graph\":[{\"@type\":\"WebPage\",\"@id\":\"https:\/\/abc-office.eu\/hu\/kapcsolat\/\",\"url\":\"https:\/\/abc-office.eu\/hu\/kapcsolat\/\",\"name\":\"Kapcsolat ford\u00edt\u00e1s | Ford\u00edt\u00f3 | Eur\u00f3pai Uni\u00f3 | Egyes\u00fclt Kir\u00e1lys\u00e1g\",\"isPartOf\":{\"@id\":\"https:\/\/abc-office.eu\/hu\/#website\"},\"primaryImageOfPage\":{\"@id\":\"https:\/\/abc-office.eu\/hu\/kapcsolat\/#primaryimage\"},\"image\":{\"@id\":\"https:\/\/abc-office.eu\/hu\/kapcsolat\/#primaryimage\"},\"thumbnailUrl\":\"https:\/\/abc-office.eu\/wp-content\/uploads\/2025\/10\/Flag_of_Europe-2-768x512-4.png\",\"datePublished\":\"2022-04-25T08:26:44+00:00\",\"dateModified\":\"2025-10-17T12:56:56+00:00\",\"description\":\"ABC Translation: Kapcsolat | weboldal ford\u00edt\u00e1s | hivatalos dokumentumok ford\u00edt\u00e1sa | szakford\u00edt\u00e1s | Eur\u00f3pai Uni\u00f3\",\"breadcrumb\":{\"@id\":\"https:\/\/abc-office.eu\/hu\/kapcsolat\/#breadcrumb\"},\"inLanguage\":\"hu\",\"potentialAction\":[{\"@type\":\"ReadAction\",\"target\":[\"https:\/\/abc-office.eu\/hu\/kapcsolat\/\"]}]},{\"@type\":\"ImageObject\",\"inLanguage\":\"hu\",\"@id\":\"https:\/\/abc-office.eu\/hu\/kapcsolat\/#primaryimage\",\"url\":\"https:\/\/abc-office.eu\/wp-content\/uploads\/2025\/10\/Flag_of_Europe-2-768x512-4.png\",\"contentUrl\":\"https:\/\/abc-office.eu\/wp-content\/uploads\/2025\/10\/Flag_of_Europe-2-768x512-4.png\",\"width\":768,\"height\":512},{\"@type\":\"BreadcrumbList\",\"@id\":\"https:\/\/abc-office.eu\/hu\/kapcsolat\/#breadcrumb\",\"itemListElement\":[{\"@type\":\"ListItem\",\"position\":1,\"name\":\"Accueil\",\"item\":\"https:\/\/abc-office.eu\/hu\/\"},{\"@type\":\"ListItem\",\"position\":2,\"name\":\"Kapcsolat\"}]},{\"@type\":\"WebSite\",\"@id\":\"https:\/\/abc-office.eu\/hu\/#website\",\"url\":\"https:\/\/abc-office.eu\/hu\/\",\"name\":\"ABC Translation\",\"description\":\"info@abc-office.eu\",\"potentialAction\":[{\"@type\":\"SearchAction\",\"target\":{\"@type\":\"EntryPoint\",\"urlTemplate\":\"https:\/\/abc-office.eu\/hu\/?s={search_term_string}\"},\"query-input\":{\"@type\":\"PropertyValueSpecification\",\"valueRequired\":true,\"valueName\":\"search_term_string\"}}],\"inLanguage\":\"hu\"}]}<\/script>\n<!-- \/ Yoast SEO plugin. -->","yoast_head_json":{"title":"Kapcsolat ford\u00edt\u00e1s | Ford\u00edt\u00f3 | Eur\u00f3pai Uni\u00f3 | Egyes\u00fclt Kir\u00e1lys\u00e1g","description":"ABC Translation: Kapcsolat | weboldal ford\u00edt\u00e1s | hivatalos dokumentumok ford\u00edt\u00e1sa | szakford\u00edt\u00e1s | Eur\u00f3pai Uni\u00f3","robots":{"index":"index","follow":"follow","max-snippet":"max-snippet:-1","max-image-preview":"max-image-preview:large","max-video-preview":"max-video-preview:-1"},"canonical":"https:\/\/abc-office.eu\/hu\/kapcsolat\/","og_locale":"hu_HU","og_type":"article","og_title":"Kapcsolat ford\u00edt\u00e1s | Ford\u00edt\u00f3 | Eur\u00f3pai Uni\u00f3 | Egyes\u00fclt Kir\u00e1lys\u00e1g","og_description":"ABC Translation: Kapcsolat | weboldal ford\u00edt\u00e1s | hivatalos dokumentumok ford\u00edt\u00e1sa | szakford\u00edt\u00e1s | Eur\u00f3pai Uni\u00f3","og_url":"https:\/\/abc-office.eu\/hu\/kapcsolat\/","og_site_name":"ABC Translation","article_modified_time":"2025-10-17T12:56:56+00:00","og_image":[{"width":768,"height":512,"url":"https:\/\/abc-office.eu\/wp-content\/uploads\/2025\/10\/Flag_of_Europe-2-768x512-4.png","type":"image\/png"}],"twitter_card":"summary_large_image","twitter_misc":{"Becs\u00fclt olvas\u00e1si id\u0151":"2 perc"},"schema":{"@context":"https:\/\/schema.org","@graph":[{"@type":"WebPage","@id":"https:\/\/abc-office.eu\/hu\/kapcsolat\/","url":"https:\/\/abc-office.eu\/hu\/kapcsolat\/","name":"Kapcsolat ford\u00edt\u00e1s | Ford\u00edt\u00f3 | Eur\u00f3pai Uni\u00f3 | Egyes\u00fclt Kir\u00e1lys\u00e1g","isPartOf":{"@id":"https:\/\/abc-office.eu\/hu\/#website"},"primaryImageOfPage":{"@id":"https:\/\/abc-office.eu\/hu\/kapcsolat\/#primaryimage"},"image":{"@id":"https:\/\/abc-office.eu\/hu\/kapcsolat\/#primaryimage"},"thumbnailUrl":"https:\/\/abc-office.eu\/wp-content\/uploads\/2025\/10\/Flag_of_Europe-2-768x512-4.png","datePublished":"2022-04-25T08:26:44+00:00","dateModified":"2025-10-17T12:56:56+00:00","description":"ABC Translation: Kapcsolat | weboldal ford\u00edt\u00e1s | hivatalos dokumentumok ford\u00edt\u00e1sa | szakford\u00edt\u00e1s | Eur\u00f3pai Uni\u00f3","breadcrumb":{"@id":"https:\/\/abc-office.eu\/hu\/kapcsolat\/#breadcrumb"},"inLanguage":"hu","potentialAction":[{"@type":"ReadAction","target":["https:\/\/abc-office.eu\/hu\/kapcsolat\/"]}]},{"@type":"ImageObject","inLanguage":"hu","@id":"https:\/\/abc-office.eu\/hu\/kapcsolat\/#primaryimage","url":"https:\/\/abc-office.eu\/wp-content\/uploads\/2025\/10\/Flag_of_Europe-2-768x512-4.png","contentUrl":"https:\/\/abc-office.eu\/wp-content\/uploads\/2025\/10\/Flag_of_Europe-2-768x512-4.png","width":768,"height":512},{"@type":"BreadcrumbList","@id":"https:\/\/abc-office.eu\/hu\/kapcsolat\/#breadcrumb","itemListElement":[{"@type":"ListItem","position":1,"name":"Accueil","item":"https:\/\/abc-office.eu\/hu\/"},{"@type":"ListItem","position":2,"name":"Kapcsolat"}]},{"@type":"WebSite","@id":"https:\/\/abc-office.eu\/hu\/#website","url":"https:\/\/abc-office.eu\/hu\/","name":"ABC Translation","description":"info@abc-office.eu","potentialAction":[{"@type":"SearchAction","target":{"@type":"EntryPoint","urlTemplate":"https:\/\/abc-office.eu\/hu\/?s={search_term_string}"},"query-input":{"@type":"PropertyValueSpecification","valueRequired":true,"valueName":"search_term_string"}}],"inLanguage":"hu"}]}},"_links":{"self":[{"href":"https:\/\/abc-office.eu\/hu\/wp-json\/wp\/v2\/pages\/226958","targetHints":{"allow":["GET"]}}],"collection":[{"href":"https:\/\/abc-office.eu\/hu\/wp-json\/wp\/v2\/pages"}],"about":[{"href":"https:\/\/abc-office.eu\/hu\/wp-json\/wp\/v2\/types\/page"}],"author":[{"embeddable":true,"href":"https:\/\/abc-office.eu\/hu\/wp-json\/wp\/v2\/users\/1"}],"replies":[{"embeddable":true,"href":"https:\/\/abc-office.eu\/hu\/wp-json\/wp\/v2\/comments?post=226958"}],"version-history":[{"count":2,"href":"https:\/\/abc-office.eu\/hu\/wp-json\/wp\/v2\/pages\/226958\/revisions"}],"predecessor-version":[{"id":228006,"href":"https:\/\/abc-office.eu\/hu\/wp-json\/wp\/v2\/pages\/226958\/revisions\/228006"}],"wp:featuredmedia":[{"embeddable":true,"href":"https:\/\/abc-office.eu\/hu\/wp-json\/wp\/v2\/media\/226959"}],"wp:attachment":[{"href":"https:\/\/abc-office.eu\/hu\/wp-json\/wp\/v2\/media?parent=226958"}],"curies":[{"name":"wp","href":"https:\/\/api.w.org\/{rel}","templated":true}]}}