{"id":226920,"date":"2017-02-16T09:16:01","date_gmt":"2017-02-16T08:16:01","guid":{"rendered":"https:\/\/abc-office.eu\/?page_id=226920"},"modified":"2025-10-17T14:55:31","modified_gmt":"2025-10-17T12:55:31","slug":"ingatlan","status":"publish","type":"page","link":"https:\/\/abc-office.eu\/hu\/ingatlan\/","title":{"rendered":"Ingatlan"},"content":{"rendered":"<h2 data-start=\"111\" data-end=\"125\"><strong data-start=\"111\" data-end=\"123\">Ingatlan<\/strong><\/h2>\n<p style=\"text-align: justify;\" data-start=\"127\" data-end=\"497\">Ingatlanirod\u00e1nk, az ABC Translation, 2017-ben v\u00e1s\u00e1rolt el\u0151sz\u00f6r egy 5,5 szob\u00e1s lak\u00e1st Sv\u00e1jcban, hogy abb\u00f3l nemzetk\u00f6zi di\u00e1krezidenci\u00e1t hozzon l\u00e9tre. Tekintettel arra, hogy a Lausanne-i Egyetem \u00e9s az EPFL k\u00f6zel tal\u00e1lhat\u00f3, a rezidencia m\u00e1r a 2017. szeptemberi megnyit\u00e1skor sikeres lett. A 4 szoba n\u00e9h\u00e1ny nap alatt b\u00e9rl\u0151re tal\u00e1lt, \u00e9s \u00edgy megsz\u00fcletett ingatlanos r\u00e9szleg\u00fcnk.<\/p>\n<p style=\"text-align: justify;\" data-start=\"499\" data-end=\"682\">Az els\u0151 tapasztalat \u00f3ta folyamatosan n\u00f6vekedt\u00fcnk, \u00e9s ma m\u00e1r k\u00e9pesek vagyunk kezelni ingatlan\u00e1nak v\u00e1s\u00e1rl\u00e1s\u00e1t, elad\u00e1s\u00e1t, b\u00e9rbead\u00e1s\u00e1t \u00e9s menedzsmentj\u00e9t Sv\u00e1jcban, valamint k\u00fclf\u00f6ld\u00f6n is.<\/p>\n<h3 data-start=\"684\" data-end=\"699\"><strong data-start=\"684\" data-end=\"697\">V\u00e1s\u00e1rl\u00e1s:<\/strong><\/h3>\n<p style=\"text-align: justify;\" data-start=\"701\" data-end=\"1131\">Egy ingatlan megv\u00e1s\u00e1rl\u00e1sa rendk\u00edv\u00fcl fontos d\u00f6nt\u00e9s, amely t\u00f6bb \u00e9vre meghat\u00e1rozza j\u00f6v\u0151j\u00e9t. Egy ilyen d\u00f6nt\u00e9st nem szabad f\u00e9lv\u00e1llr\u00f3l venni. Ez\u00e9rt elengedhetetlen a megfelel\u0151 partner kiv\u00e1laszt\u00e1sa, aki t\u00f6bb fontos szempontb\u00f3l is tud tan\u00e1csot adni, p\u00e9ld\u00e1ul az ingatlan \u00e1llapot\u00e1ban, a jelz\u00e1loghitel kisz\u00e1m\u00edt\u00e1s\u00e1ban \u00e9s a befektet\u00e9s hossz\u00fa t\u00e1v\u00fa \u00e9letk\u00e9pess\u00e9g\u00e9ben. A helyzet alapos elemz\u00e9se garant\u00e1lja az eg\u00e9szs\u00e9ges \u00e9s biztons\u00e1gos v\u00e1s\u00e1rl\u00e1st.<\/p>\n<h3 data-start=\"1133\" data-end=\"1146\"><strong data-start=\"1133\" data-end=\"1144\">Elad\u00e1s:<\/strong><\/h3>\n<p style=\"text-align: justify;\" data-start=\"1148\" data-end=\"1576\">A sv\u00e1jci ingatlanpiac folyamatosan fejl\u0151dik, az \u00e1rak pedig \u00e1lland\u00f3an emelkednek. El\u00e9rt\u00fcnk egy d\u00f6nt\u0151 pillanatot, amikor a k\u00edn\u00e1lat meghaladja a keresletet, \u00edgy az ingatlan elad\u00e1sa a jelenlegi t\u00falk\u00edn\u00e1lat mellett neh\u00e9zz\u00e9 v\u00e1lt. Szak\u00e9rt\u0151 bevon\u00e1s\u00e1val garant\u00e1lhatja es\u00e9lyeit arra, hogy ingatlan\u00e1t r\u00f6videbb id\u0151n bel\u00fcl \u00e9s a k\u00edv\u00e1nt \u00e1ron tudja \u00e9rt\u00e9kes\u00edteni. Haszn\u00e1lja ki sv\u00e1jci \u00e9s nemzetk\u00f6zi h\u00e1l\u00f3zatunkat, hogy n\u00f6velje siker\u00e9nek es\u00e9lyeit.<\/p>\n<h3 data-start=\"1578\" data-end=\"1594\"><strong data-start=\"1578\" data-end=\"1592\">B\u00e9rbead\u00e1s:<\/strong><\/h3>\n<p style=\"text-align: justify;\" data-start=\"1596\" data-end=\"2009\">Ingatlan kiad\u00e1sa els\u0151re egyszer\u0171nek t\u0171nhet, azonban sz\u00e1mos buktat\u00f3t kell elker\u00fclni, ha lak\u00e1s\u00e1t, h\u00e1z\u00e1t vagy ak\u00e1r egy szob\u00e1t szeretne kiadni. Egy teljes dokument\u00e1ci\u00f3t kell \u00f6ssze\u00e1ll\u00edtani, miel\u0151tt egy leend\u0151 b\u00e9rl\u0151 sz\u00f3ba ker\u00fclhet \u2013 p\u00e9ld\u00e1ul peres \u00fcgyek kivonat\u00e1t \u00e9s az utols\u00f3 h\u00e1rom fizet\u00e9si bizonylatot. Ezut\u00e1n a kauci\u00f3t banki \u00e1tutal\u00e1ssal, vagy egy biztos\u00edt\u00f3t\u00e1rsas\u00e1g \u00e1ltali b\u00e9rleti garancia form\u00e1j\u00e1ban kell befizetni.<\/p>\n<h3 data-start=\"2011\" data-end=\"2029\"><strong data-start=\"2011\" data-end=\"2027\">Di\u00e1ksz\u00e1ll\u00e1s:<\/strong><\/h3>\n<p style=\"text-align: justify;\" data-start=\"2031\" data-end=\"2297\">T\u00f6bb di\u00e1ksz\u00e1ll\u00e1sunk is el\u00e9rhet\u0151 r\u00f6vid vagy hossz\u00fa t\u00e1vra. Sz\u00e1ll\u00e1saink t\u00f6bbs\u00e9ge a Lausanne-i Egyetem, az EPFL, az ECAL \u00e9s az EHL k\u00f6zel\u00e9ben tal\u00e1lhat\u00f3. A legkeresettebbek a k\u00f6z\u00f6s szob\u00e1k \u00e9s a garzonlak\u00e1sok. Fontos el\u0151re tervezni, hogy a tan\u00e9vkezd\u00e9sre biztosan legyen sz\u00e1ll\u00e1s.<\/p>\n<h3 data-start=\"2299\" data-end=\"2328\"><strong data-start=\"2299\" data-end=\"2326\">Lak\u00e1svad\u00e1sz (ingatlan):<\/strong><\/h3>\n<p style=\"text-align: justify;\" data-start=\"2330\" data-end=\"2659\">Neh\u00e9zs\u00e9gei vannak az ig\u00e9nyeinek megfelel\u0151 sz\u00e1ll\u00e1s megtal\u00e1l\u00e1s\u00e1ban, vagy probl\u00e9m\u00e1t jelent b\u00e9rlak\u00e1st keresni? Lak\u00e1svad\u00e1szaink rendelkez\u00e9s\u00e9re \u00e1llnak, hogy a lehet\u0151 leghamarabb seg\u00edtsenek \u00d6nnek ingatlant tal\u00e1lni. H\u00e1l\u00f3zatunknak \u00e9s szak\u00e9rtelm\u00fcnknek k\u00f6sz\u00f6nhet\u0151en gyorsan tal\u00e1lunk \u00d6nnek sz\u00e1ll\u00e1st az \u00d6n \u00e1ltal megadott felt\u00e9telek szerint.<\/p>\n<h3 data-start=\"2661\" data-end=\"2680\"><strong data-start=\"2661\" data-end=\"2678\">Home Staging:<\/strong><\/h3>\n<p style=\"text-align: justify;\" data-start=\"2682\" data-end=\"3023\">Probl\u00e9m\u00e1t jelent ingatlana elad\u00e1sa? Ebben az esetben fordulhat Home Staging csapatunkhoz, amely lak\u00e1sok \u00e9s h\u00e1zak fel\u00e9rt\u00e9kel\u00e9s\u00e9re szakosodott, hogy el\u0151seg\u00edtse \u00e9rt\u00e9kes\u00edt\u00e9s\u00fcket. Ez a m\u00f3dszer bizony\u00edtottan hat\u00e9kony azokn\u00e1l az ingatlanokn\u00e1l, amelyek gyors fel\u00faj\u00edt\u00e1st vagy n\u00e9h\u00e1ny apr\u00f3bb m\u00f3dos\u00edt\u00e1st ig\u00e9nyelnek, hogy k\u00fcl\u00f6nbs\u00e9get tegyenek a piacon.<\/p>\n<p data-start=\"3025\" data-end=\"3053\"><strong data-start=\"3025\" data-end=\"3051\">Ingatlan\u00e9rt\u00e9k-becsl\u00e9s:<\/strong><\/p>\n<p data-start=\"3055\" data-end=\"3349\">Az ingatlan megfelel\u0151 \u00e9rt\u00e9kbecsl\u00e9se a piaci \u00e1rhoz k\u00e9pest kulcsfontoss\u00e1g\u00fa a sikeres \u00e9s megfelel\u0151 \u00e1ron t\u00f6rt\u00e9n\u0151 \u00e9rt\u00e9kes\u00edt\u00e9shez. Az olyan krit\u00e9riumok alapj\u00e1n, mint az \u00e9p\u00edt\u00e9s \u00e9ve \u00e9s az elhelyezked\u00e9s, a lehet\u0151 legpontosabban meg tudjuk hat\u00e1rozni ingatlana val\u00f3di \u00e9rt\u00e9k\u00e9t a jelenlegi <a href=\"https:\/\/abc-office.eu\/hu\/\">ingatlanpiacon<\/a>.<\/p>\n<p data-start=\"3055\" data-end=\"3349\"><a href=\"https:\/\/www.instagram.com\/dr_immo\/?hl=fr\"><img loading=\"lazy\" decoding=\"async\" class=\"aligncenter wp-image-109\" src=\"https:\/\/abc-office.ch\/wp-content\/uploads\/2018\/06\/Dr_Immo.jpg\" alt=\"Ingatlan\" width=\"222\" height=\"222\" \/><\/a><\/p>\n","protected":false},"excerpt":{"rendered":"<p>Ingatlan Ingatlanirod\u00e1nk, az ABC Translation, 2017-ben v\u00e1s\u00e1rolt el\u0151sz\u00f6r egy 5,5 szob\u00e1s lak\u00e1st Sv\u00e1jcban, hogy abb\u00f3l nemzetk\u00f6zi di\u00e1krezidenci\u00e1t hozzon l\u00e9tre. Tekintettel arra, hogy a Lausanne-i Egyetem \u00e9s az EPFL k\u00f6zel tal\u00e1lhat\u00f3, a rezidencia m\u00e1r a 2017. szeptemberi megnyit\u00e1skor sikeres lett. A 4 szoba n\u00e9h\u00e1ny nap alatt b\u00e9rl\u0151re tal\u00e1lt, \u00e9s \u00edgy megsz\u00fcletett ingatlanos r\u00e9szleg\u00fcnk. Az els\u0151 tapasztalat&#8230;<\/p>\n","protected":false},"author":1,"featured_media":226921,"parent":0,"menu_order":0,"comment_status":"closed","ping_status":"closed","template":"","meta":{"sfsi_plus_gutenberg_text_before_share":"","sfsi_plus_gutenberg_show_text_before_share":"","sfsi_plus_gutenberg_icon_type":"","sfsi_plus_gutenberg_icon_alignemt":"","sfsi_plus_gutenburg_max_per_row":"","footnotes":""},"class_list":["post-226920","page","type-page","status-publish","has-post-thumbnail","hentry"],"yoast_head":"<!-- This site is optimized with the Yoast SEO plugin v23.8 - https:\/\/yoast.com\/wordpress\/plugins\/seo\/ -->\n<title>Ingatlan l ABC Translation V\u00e1s\u00e1rl\u00e1s Elad\u00e1s B\u00e9rbead\u00e1s Di\u00e1ksz\u00e1ll\u00e1s<\/title>\n<meta name=\"description\" content=\"ABC Translation l Ingatlan l V\u00e1s\u00e1rl\u00e1s l Elad\u00e1s l B\u00e9rbead\u00e1s l Kiad\u00e1s l Di\u00e1ksz\u00e1ll\u00e1s l Home Staging l Ingatlaniroda az Eur\u00f3pai Uni\u00f3ban\" \/>\n<meta name=\"robots\" content=\"index, follow, max-snippet:-1, max-image-preview:large, max-video-preview:-1\" \/>\n<link rel=\"canonical\" href=\"https:\/\/abc-office.eu\/hu\/ingatlan\/\" \/>\n<meta property=\"og:locale\" content=\"hu_HU\" \/>\n<meta property=\"og:type\" content=\"article\" \/>\n<meta property=\"og:title\" content=\"Ingatlan l ABC Translation V\u00e1s\u00e1rl\u00e1s Elad\u00e1s B\u00e9rbead\u00e1s Di\u00e1ksz\u00e1ll\u00e1s\" \/>\n<meta property=\"og:description\" content=\"ABC Translation l Ingatlan l V\u00e1s\u00e1rl\u00e1s l Elad\u00e1s l B\u00e9rbead\u00e1s l Kiad\u00e1s l Di\u00e1ksz\u00e1ll\u00e1s l Home Staging l Ingatlaniroda az Eur\u00f3pai Uni\u00f3ban\" \/>\n<meta property=\"og:url\" content=\"https:\/\/abc-office.eu\/hu\/ingatlan\/\" \/>\n<meta property=\"og:site_name\" content=\"ABC Translation\" \/>\n<meta property=\"article:modified_time\" content=\"2025-10-17T12:55:31+00:00\" \/>\n<meta property=\"og:image\" content=\"https:\/\/abc-office.eu\/wp-content\/uploads\/2025\/10\/Immo-768x513-4.jpg\" \/>\n\t<meta property=\"og:image:width\" content=\"768\" \/>\n\t<meta property=\"og:image:height\" content=\"513\" \/>\n\t<meta property=\"og:image:type\" content=\"image\/jpeg\" \/>\n<meta name=\"twitter:card\" content=\"summary_large_image\" \/>\n<meta name=\"twitter:label1\" content=\"Becs\u00fclt olvas\u00e1si id\u0151\" \/>\n\t<meta name=\"twitter:data1\" content=\"3 perc\" \/>\n<script type=\"application\/ld+json\" class=\"yoast-schema-graph\">{\"@context\":\"https:\/\/schema.org\",\"@graph\":[{\"@type\":\"WebPage\",\"@id\":\"https:\/\/abc-office.eu\/hu\/ingatlan\/\",\"url\":\"https:\/\/abc-office.eu\/hu\/ingatlan\/\",\"name\":\"Ingatlan l ABC Translation V\u00e1s\u00e1rl\u00e1s Elad\u00e1s B\u00e9rbead\u00e1s Di\u00e1ksz\u00e1ll\u00e1s\",\"isPartOf\":{\"@id\":\"https:\/\/abc-office.eu\/hu\/#website\"},\"primaryImageOfPage\":{\"@id\":\"https:\/\/abc-office.eu\/hu\/ingatlan\/#primaryimage\"},\"image\":{\"@id\":\"https:\/\/abc-office.eu\/hu\/ingatlan\/#primaryimage\"},\"thumbnailUrl\":\"https:\/\/abc-office.eu\/wp-content\/uploads\/2025\/10\/Immo-768x513-4.jpg\",\"datePublished\":\"2017-02-16T08:16:01+00:00\",\"dateModified\":\"2025-10-17T12:55:31+00:00\",\"description\":\"ABC Translation l Ingatlan l V\u00e1s\u00e1rl\u00e1s l Elad\u00e1s l B\u00e9rbead\u00e1s l Kiad\u00e1s l Di\u00e1ksz\u00e1ll\u00e1s l Home Staging l Ingatlaniroda az Eur\u00f3pai Uni\u00f3ban\",\"breadcrumb\":{\"@id\":\"https:\/\/abc-office.eu\/hu\/ingatlan\/#breadcrumb\"},\"inLanguage\":\"hu\",\"potentialAction\":[{\"@type\":\"ReadAction\",\"target\":[\"https:\/\/abc-office.eu\/hu\/ingatlan\/\"]}]},{\"@type\":\"ImageObject\",\"inLanguage\":\"hu\",\"@id\":\"https:\/\/abc-office.eu\/hu\/ingatlan\/#primaryimage\",\"url\":\"https:\/\/abc-office.eu\/wp-content\/uploads\/2025\/10\/Immo-768x513-4.jpg\",\"contentUrl\":\"https:\/\/abc-office.eu\/wp-content\/uploads\/2025\/10\/Immo-768x513-4.jpg\",\"width\":768,\"height\":513},{\"@type\":\"BreadcrumbList\",\"@id\":\"https:\/\/abc-office.eu\/hu\/ingatlan\/#breadcrumb\",\"itemListElement\":[{\"@type\":\"ListItem\",\"position\":1,\"name\":\"Accueil\",\"item\":\"https:\/\/abc-office.eu\/hu\/\"},{\"@type\":\"ListItem\",\"position\":2,\"name\":\"Ingatlan\"}]},{\"@type\":\"WebSite\",\"@id\":\"https:\/\/abc-office.eu\/hu\/#website\",\"url\":\"https:\/\/abc-office.eu\/hu\/\",\"name\":\"ABC Translation\",\"description\":\"info@abc-office.eu\",\"potentialAction\":[{\"@type\":\"SearchAction\",\"target\":{\"@type\":\"EntryPoint\",\"urlTemplate\":\"https:\/\/abc-office.eu\/hu\/?s={search_term_string}\"},\"query-input\":{\"@type\":\"PropertyValueSpecification\",\"valueRequired\":true,\"valueName\":\"search_term_string\"}}],\"inLanguage\":\"hu\"}]}<\/script>\n<!-- \/ Yoast SEO plugin. -->","yoast_head_json":{"title":"Ingatlan l ABC Translation V\u00e1s\u00e1rl\u00e1s Elad\u00e1s B\u00e9rbead\u00e1s Di\u00e1ksz\u00e1ll\u00e1s","description":"ABC Translation l Ingatlan l V\u00e1s\u00e1rl\u00e1s l Elad\u00e1s l B\u00e9rbead\u00e1s l Kiad\u00e1s l Di\u00e1ksz\u00e1ll\u00e1s l Home Staging l Ingatlaniroda az Eur\u00f3pai Uni\u00f3ban","robots":{"index":"index","follow":"follow","max-snippet":"max-snippet:-1","max-image-preview":"max-image-preview:large","max-video-preview":"max-video-preview:-1"},"canonical":"https:\/\/abc-office.eu\/hu\/ingatlan\/","og_locale":"hu_HU","og_type":"article","og_title":"Ingatlan l ABC Translation V\u00e1s\u00e1rl\u00e1s Elad\u00e1s B\u00e9rbead\u00e1s Di\u00e1ksz\u00e1ll\u00e1s","og_description":"ABC Translation l Ingatlan l V\u00e1s\u00e1rl\u00e1s l Elad\u00e1s l B\u00e9rbead\u00e1s l Kiad\u00e1s l Di\u00e1ksz\u00e1ll\u00e1s l Home Staging l Ingatlaniroda az Eur\u00f3pai Uni\u00f3ban","og_url":"https:\/\/abc-office.eu\/hu\/ingatlan\/","og_site_name":"ABC Translation","article_modified_time":"2025-10-17T12:55:31+00:00","og_image":[{"width":768,"height":513,"url":"https:\/\/abc-office.eu\/wp-content\/uploads\/2025\/10\/Immo-768x513-4.jpg","type":"image\/jpeg"}],"twitter_card":"summary_large_image","twitter_misc":{"Becs\u00fclt olvas\u00e1si id\u0151":"3 perc"},"schema":{"@context":"https:\/\/schema.org","@graph":[{"@type":"WebPage","@id":"https:\/\/abc-office.eu\/hu\/ingatlan\/","url":"https:\/\/abc-office.eu\/hu\/ingatlan\/","name":"Ingatlan l ABC Translation V\u00e1s\u00e1rl\u00e1s Elad\u00e1s B\u00e9rbead\u00e1s Di\u00e1ksz\u00e1ll\u00e1s","isPartOf":{"@id":"https:\/\/abc-office.eu\/hu\/#website"},"primaryImageOfPage":{"@id":"https:\/\/abc-office.eu\/hu\/ingatlan\/#primaryimage"},"image":{"@id":"https:\/\/abc-office.eu\/hu\/ingatlan\/#primaryimage"},"thumbnailUrl":"https:\/\/abc-office.eu\/wp-content\/uploads\/2025\/10\/Immo-768x513-4.jpg","datePublished":"2017-02-16T08:16:01+00:00","dateModified":"2025-10-17T12:55:31+00:00","description":"ABC Translation l Ingatlan l V\u00e1s\u00e1rl\u00e1s l Elad\u00e1s l B\u00e9rbead\u00e1s l Kiad\u00e1s l Di\u00e1ksz\u00e1ll\u00e1s l Home Staging l Ingatlaniroda az Eur\u00f3pai Uni\u00f3ban","breadcrumb":{"@id":"https:\/\/abc-office.eu\/hu\/ingatlan\/#breadcrumb"},"inLanguage":"hu","potentialAction":[{"@type":"ReadAction","target":["https:\/\/abc-office.eu\/hu\/ingatlan\/"]}]},{"@type":"ImageObject","inLanguage":"hu","@id":"https:\/\/abc-office.eu\/hu\/ingatlan\/#primaryimage","url":"https:\/\/abc-office.eu\/wp-content\/uploads\/2025\/10\/Immo-768x513-4.jpg","contentUrl":"https:\/\/abc-office.eu\/wp-content\/uploads\/2025\/10\/Immo-768x513-4.jpg","width":768,"height":513},{"@type":"BreadcrumbList","@id":"https:\/\/abc-office.eu\/hu\/ingatlan\/#breadcrumb","itemListElement":[{"@type":"ListItem","position":1,"name":"Accueil","item":"https:\/\/abc-office.eu\/hu\/"},{"@type":"ListItem","position":2,"name":"Ingatlan"}]},{"@type":"WebSite","@id":"https:\/\/abc-office.eu\/hu\/#website","url":"https:\/\/abc-office.eu\/hu\/","name":"ABC Translation","description":"info@abc-office.eu","potentialAction":[{"@type":"SearchAction","target":{"@type":"EntryPoint","urlTemplate":"https:\/\/abc-office.eu\/hu\/?s={search_term_string}"},"query-input":{"@type":"PropertyValueSpecification","valueRequired":true,"valueName":"search_term_string"}}],"inLanguage":"hu"}]}},"_links":{"self":[{"href":"https:\/\/abc-office.eu\/hu\/wp-json\/wp\/v2\/pages\/226920","targetHints":{"allow":["GET"]}}],"collection":[{"href":"https:\/\/abc-office.eu\/hu\/wp-json\/wp\/v2\/pages"}],"about":[{"href":"https:\/\/abc-office.eu\/hu\/wp-json\/wp\/v2\/types\/page"}],"author":[{"embeddable":true,"href":"https:\/\/abc-office.eu\/hu\/wp-json\/wp\/v2\/users\/1"}],"replies":[{"embeddable":true,"href":"https:\/\/abc-office.eu\/hu\/wp-json\/wp\/v2\/comments?post=226920"}],"version-history":[{"count":3,"href":"https:\/\/abc-office.eu\/hu\/wp-json\/wp\/v2\/pages\/226920\/revisions"}],"predecessor-version":[{"id":228005,"href":"https:\/\/abc-office.eu\/hu\/wp-json\/wp\/v2\/pages\/226920\/revisions\/228005"}],"wp:featuredmedia":[{"embeddable":true,"href":"https:\/\/abc-office.eu\/hu\/wp-json\/wp\/v2\/media\/226921"}],"wp:attachment":[{"href":"https:\/\/abc-office.eu\/hu\/wp-json\/wp\/v2\/media?parent=226920"}],"curies":[{"name":"wp","href":"https:\/\/api.w.org\/{rel}","templated":true}]}}