{"id":226884,"date":"2017-02-16T09:17:00","date_gmt":"2017-02-16T08:17:00","guid":{"rendered":"https:\/\/abc-office.eu\/?page_id=226884"},"modified":"2025-10-15T07:07:05","modified_gmt":"2025-10-15T05:07:05","slug":"forditas","status":"publish","type":"page","link":"https:\/\/abc-office.eu\/hu\/forditas\/","title":{"rendered":"Ford\u00edt\u00e1s"},"content":{"rendered":"<h2 data-start=\"78\" data-end=\"90\"><strong data-start=\"78\" data-end=\"90\">Ford\u00edt\u00e1s<\/strong><\/h2>\n<p style=\"text-align: justify;\" data-start=\"92\" data-end=\"351\">\u00dcgyn\u00f6ks\u00e9g\u00fcnk, az <strong data-start=\"109\" data-end=\"128\">ABC Translation<\/strong>, sok \u00e9ve szakosodott a ford\u00edt\u00e1s \u00e9s a tolm\u00e1csol\u00e1s ter\u00fclet\u00e9re. Val\u00f3ban, minden ehhez a ter\u00fclethez kapcsol\u00f3d\u00f3 szolg\u00e1ltat\u00e1st biztos\u00edtani tudunk, legyen sz\u00f3 hivatalos ford\u00edt\u00e1sr\u00f3l, egyszer\u0171 ford\u00edt\u00e1sr\u00f3l vagy \u00e9l\u0151 tolm\u00e1csol\u00e1sr\u00f3l.<\/p>\n<p style=\"text-align: justify;\" data-start=\"353\" data-end=\"828\">T\u00f6bb mint 800 ford\u00edt\u00f3b\u00f3l \u00e9s tolm\u00e1csb\u00f3l \u00e1ll\u00f3 csapatunkkal b\u00e1rmilyen t\u00edpus\u00fa projektet k\u00e9pesek vagyunk rendk\u00edv\u00fcl r\u00f6vid hat\u00e1rid\u0151k\u00f6n bel\u00fcl kezelni. Min\u0151s\u00e9g \u00e9s gyorsas\u00e1g \u2013 ezek a jelszavaink, hogy \u00fcgyfeleink mindig elv\u00e1r\u00e1saiknak megfelel\u0151 eredm\u00e9nyt kapjanak. Jelen vagyunk az <strong data-start=\"623\" data-end=\"642\">Eur\u00f3pai Uni\u00f3ban<\/strong> \u00e9s az <strong data-start=\"649\" data-end=\"674\">Egyes\u00fclt Kir\u00e1lys\u00e1gban<\/strong>. Ennek a jelenl\u00e9tnek \u00e9s gyors reag\u00e1l\u00e1sunknak k\u00f6sz\u00f6nhet\u0151en fejl\u0151dni tudtunk, \u00e9s m\u00e1ra t\u00f6bb mint 60 k\u00fcl\u00f6nb\u00f6z\u0151 nyelven k\u00edn\u00e1lunk ford\u00edt\u00e1si szolg\u00e1ltat\u00e1sokat.<\/p>\n<h3 data-start=\"830\" data-end=\"855\"><strong data-start=\"830\" data-end=\"853\">Hivatalos ford\u00edt\u00e1s:<\/strong><\/h3>\n<p style=\"text-align: justify;\" data-start=\"857\" data-end=\"1228\">Hivatalos ford\u00edt\u00e1sokra szakosodtunk, hogy megk\u00f6nny\u00edts\u00fck \u00fcgyfeleink dolg\u00e1t, ak\u00e1r az EU-ba, az Egyes\u00fclt Kir\u00e1lys\u00e1gba \u00e9rkeznek, ak\u00e1r k\u00fclf\u00f6ldi utaz\u00e1s c\u00e9lj\u00e1b\u00f3l van r\u00e1 sz\u00fcks\u00e9g\u00fck. A ford\u00edt\u00e1sokat \u00e1ltal\u00e1ban k\u00f6zjegyz\u0151vel hiteles\u00edttetj\u00fck, majd az illet\u00e9kes hivatalban apostille-lal vagy a meg\u00e1llapod\u00e1soknak megfelel\u0151en legaliz\u00e1ltatjuk. Az \u00fcgyfelek hat\u00e1rid\u0151i gyakran nagyon r\u00f6videk.<\/p>\n<p style=\"text-align: justify;\" data-start=\"1230\" data-end=\"1565\">Ez\u00e9rt olyan rendszert hoztunk l\u00e9tre, amely lehet\u0151v\u00e9 teszi, hogy a dokumentumokat rekordid\u0151 alatt leford\u00edtsuk, legaliz\u00e1ltassuk \u00e9s ell\u00e1ssuk apostille-lal. P\u00e9ld\u00e1ul egy 5 oldalasn\u00e1l r\u00f6videbb dokumentum eset\u00e9ben k\u00e9t nap alatt elv\u00e9gezz\u00fck a sz\u00fcks\u00e9ges l\u00e9p\u00e9seket. Ezeket a ford\u00edt\u00e1sokat a c\u00e9lorsz\u00e1g konzul\u00e1tusa is legaliz\u00e1lhatja, ha sz\u00fcks\u00e9ges.<\/p>\n<p style=\"text-align: justify;\" data-start=\"1567\" data-end=\"1896\">A k\u00fclf\u00f6ldi diplom\u00e1k elismer\u00e9s\u00e9hez sz\u00fcks\u00e9ges hivatalos ford\u00edt\u00e1sok az EU-ban \u00e9s\/vagy az Egyes\u00fclt Kir\u00e1lys\u00e1gban szint\u00e9n szolg\u00e1ltat\u00e1saink k\u00f6z\u00e9 tartoznak. Ilyen esetben ism\u00e9t leford\u00edtjuk a dokumentumokat, majd k\u00f6zjegyz\u0151vel hiteles\u00edttetj\u00fck, hogy az illet\u00e9kes szervek elfogadhass\u00e1k azokat. Az \u00d6n akt\u00e1ja \u00edgy teljes lesz az elb\u00edr\u00e1l\u00e1shoz.<\/p>\n<h3 data-start=\"1898\" data-end=\"1912\"><strong data-start=\"1898\" data-end=\"1910\">Nyelvek:<\/strong><\/h3>\n<p style=\"text-align: justify;\" data-start=\"1914\" data-end=\"2646\">Afrikaans | Alb\u00e1n | N\u00e9met | Amerikai | Amhara | Angol | Arab | \u00d6rm\u00e9ny | Aymara | Azeri | Baszk | Beng\u00e1li | Belorusz | Burmai | Bosny\u00e1k | Brazil | Bolg\u00e1r | Kantoni | Katal\u00e1n | Szingal\u00e9z | K\u00ednai | Egyszer\u0171s\u00edtett k\u00ednai | Hagyom\u00e1nyos k\u00ednai | Koreai | Horv\u00e1t | D\u00e1n | Dari | Spanyol | \u00c9szt | Ewe | Perzsa | Finn | Gr\u00faz | G\u00f6r\u00f6g | Guarani | H\u00e9ber | Hindi | Magyar | Indon\u00e9z | Olasz | Jap\u00e1n | Kazah | Khmer | Kirgiz | Kurdis | Lao | Lett | Lingala | Litv\u00e1n | Maced\u00f3n | Mal\u00e1j | Malaj\u00e1lam | Mandarin | Mold\u00e1v | Mongol | Montenegr\u00f3i | Holland | Norv\u00e9g | Urdu | \u00dczb\u00e9g | Pastu | Pandzs\u00e1bi | Perzsa | Fula | Lengyel | Portug\u00e1l | Kecsua | Rom\u00e1n | Orosz | Szerb | Szlov\u00e1k | Szlov\u00e9n | Sv\u00e9d | Tamil | Cseh | Thai | T\u00f6r\u00f6k | T\u00fcrkm\u00e9n | Ukr\u00e1n | Vietnami<\/p>\n<h3 data-start=\"2648\" data-end=\"2667\"><strong data-start=\"2648\" data-end=\"2665\">Dokumentumok:<\/strong><\/h3>\n<p style=\"text-align: justify;\" data-start=\"2669\" data-end=\"3111\">Sz\u00fclet\u00e9si anyak\u00f6nyvi kivonat | h\u00e1zass\u00e1gi anyak\u00f6nyvi kivonat | csal\u00e1di \u00e1llapot igazol\u00e1s | igazol\u00e1s | szabadalom | erk\u00f6lcsi bizony\u00edtv\u00e1ny | tan\u00fas\u00edtv\u00e1ny | n\u0151tlen-\/hajadon igazol\u00e1s | halotti anyak\u00f6nyvi kivonat | csal\u00e1di igazolv\u00e1ny | munk\u00e1ltat\u00f3i igazol\u00e1s | ad\u00f3bevall\u00e1s | diploma | \u00fatlev\u00e9l | vezet\u0151i enged\u00e9ly | v\u00e9grendelet | v\u00edzum | szerz\u0151d\u00e9s | v\u00e1l\u00e1si meg\u00e1llapod\u00e1s | h\u00e1zass\u00e1gi szerz\u0151d\u00e9s | \u00edt\u00e9let | elj\u00e1r\u00e1si dokumentum | meghatalmaz\u00e1s | jegyz\u0151k\u00f6nyv<\/p>\n<p style=\"text-align: justify;\" data-start=\"3113\" data-end=\"3171\">M\u00e1s nyelv eset\u00e9ben ne habozzon kapcsolatba l\u00e9pni <a href=\"https:\/\/abc-office.eu\/hu\/\">vel\u00fcnk<\/a>.<\/p>\n<p data-start=\"3113\" data-end=\"3171\"><img loading=\"lazy\" decoding=\"async\" class=\"aligncenter wp-image-26 size-medium\" src=\"https:\/\/abc-office.ch\/wp-content\/uploads\/2018\/06\/imageedit_1_6241191614-300x300.gif\" alt=\"Ford\u00edt\u00e1s\" width=\"300\" height=\"300\" \/><\/p>\n","protected":false},"excerpt":{"rendered":"<p>Ford\u00edt\u00e1s \u00dcgyn\u00f6ks\u00e9g\u00fcnk, az ABC Translation, sok \u00e9ve szakosodott a ford\u00edt\u00e1s \u00e9s a tolm\u00e1csol\u00e1s ter\u00fclet\u00e9re. Val\u00f3ban, minden ehhez a ter\u00fclethez kapcsol\u00f3d\u00f3 szolg\u00e1ltat\u00e1st biztos\u00edtani tudunk, legyen sz\u00f3 hivatalos ford\u00edt\u00e1sr\u00f3l, egyszer\u0171 ford\u00edt\u00e1sr\u00f3l vagy \u00e9l\u0151 tolm\u00e1csol\u00e1sr\u00f3l. T\u00f6bb mint 800 ford\u00edt\u00f3b\u00f3l \u00e9s tolm\u00e1csb\u00f3l \u00e1ll\u00f3 csapatunkkal b\u00e1rmilyen t\u00edpus\u00fa projektet k\u00e9pesek vagyunk rendk\u00edv\u00fcl r\u00f6vid hat\u00e1rid\u0151k\u00f6n bel\u00fcl kezelni. Min\u0151s\u00e9g \u00e9s gyorsas\u00e1g \u2013 ezek&#8230;<\/p>\n","protected":false},"author":1,"featured_media":226885,"parent":0,"menu_order":0,"comment_status":"closed","ping_status":"closed","template":"","meta":{"sfsi_plus_gutenberg_text_before_share":"","sfsi_plus_gutenberg_show_text_before_share":"","sfsi_plus_gutenberg_icon_type":"","sfsi_plus_gutenberg_icon_alignemt":"","sfsi_plus_gutenburg_max_per_row":"","footnotes":""},"class_list":["post-226884","page","type-page","status-publish","has-post-thumbnail","hentry"],"yoast_head":"<!-- This site is optimized with the Yoast SEO plugin v23.8 - https:\/\/yoast.com\/wordpress\/plugins\/seo\/ -->\n<title>Ford\u00edt\u00e1s l Hivatalos ford\u00edt\u00e1s l Magas sz\u00ednvonal\u00fa szakford\u00edt\u00e1s<\/title>\n<meta name=\"description\" content=\"Ford\u00edt\u00e1s az adminisztrat\u00edv \u00fcgyeihez l Hiteles \u00e9s hivatalos ford\u00edt\u00e1s l Az EU \u00e9s a k\u00fclf\u00f6ld valamennyi int\u00e9zm\u00e9nye \u00e1ltal elismert\" \/>\n<meta name=\"robots\" content=\"index, follow, max-snippet:-1, max-image-preview:large, max-video-preview:-1\" \/>\n<link rel=\"canonical\" href=\"https:\/\/abc-office.eu\/hu\/forditas\/\" \/>\n<meta property=\"og:locale\" content=\"hu_HU\" \/>\n<meta property=\"og:type\" content=\"article\" \/>\n<meta property=\"og:title\" content=\"Ford\u00edt\u00e1s l Hivatalos ford\u00edt\u00e1s l Magas sz\u00ednvonal\u00fa szakford\u00edt\u00e1s\" \/>\n<meta property=\"og:description\" content=\"Ford\u00edt\u00e1s az adminisztrat\u00edv \u00fcgyeihez l Hiteles \u00e9s hivatalos ford\u00edt\u00e1s l Az EU \u00e9s a k\u00fclf\u00f6ld valamennyi int\u00e9zm\u00e9nye \u00e1ltal elismert\" \/>\n<meta property=\"og:url\" content=\"https:\/\/abc-office.eu\/hu\/forditas\/\" \/>\n<meta property=\"og:site_name\" content=\"ABC Translation\" \/>\n<meta property=\"article:modified_time\" content=\"2025-10-15T05:07:05+00:00\" \/>\n<meta property=\"og:image\" content=\"https:\/\/abc-office.eu\/wp-content\/uploads\/2025\/10\/Traduction-3.jpg\" \/>\n\t<meta property=\"og:image:width\" content=\"650\" \/>\n\t<meta property=\"og:image:height\" content=\"400\" \/>\n\t<meta property=\"og:image:type\" content=\"image\/jpeg\" \/>\n<meta name=\"twitter:card\" content=\"summary_large_image\" \/>\n<meta name=\"twitter:label1\" content=\"Becs\u00fclt olvas\u00e1si id\u0151\" \/>\n\t<meta name=\"twitter:data1\" content=\"3 perc\" \/>\n<script type=\"application\/ld+json\" class=\"yoast-schema-graph\">{\"@context\":\"https:\/\/schema.org\",\"@graph\":[{\"@type\":\"WebPage\",\"@id\":\"https:\/\/abc-office.eu\/hu\/forditas\/\",\"url\":\"https:\/\/abc-office.eu\/hu\/forditas\/\",\"name\":\"Ford\u00edt\u00e1s l Hivatalos ford\u00edt\u00e1s l Magas sz\u00ednvonal\u00fa szakford\u00edt\u00e1s\",\"isPartOf\":{\"@id\":\"https:\/\/abc-office.eu\/hu\/#website\"},\"primaryImageOfPage\":{\"@id\":\"https:\/\/abc-office.eu\/hu\/forditas\/#primaryimage\"},\"image\":{\"@id\":\"https:\/\/abc-office.eu\/hu\/forditas\/#primaryimage\"},\"thumbnailUrl\":\"https:\/\/abc-office.eu\/wp-content\/uploads\/2025\/10\/Traduction-3.jpg\",\"datePublished\":\"2017-02-16T08:17:00+00:00\",\"dateModified\":\"2025-10-15T05:07:05+00:00\",\"description\":\"Ford\u00edt\u00e1s az adminisztrat\u00edv \u00fcgyeihez l Hiteles \u00e9s hivatalos ford\u00edt\u00e1s l Az EU \u00e9s a k\u00fclf\u00f6ld valamennyi int\u00e9zm\u00e9nye \u00e1ltal elismert\",\"breadcrumb\":{\"@id\":\"https:\/\/abc-office.eu\/hu\/forditas\/#breadcrumb\"},\"inLanguage\":\"hu\",\"potentialAction\":[{\"@type\":\"ReadAction\",\"target\":[\"https:\/\/abc-office.eu\/hu\/forditas\/\"]}]},{\"@type\":\"ImageObject\",\"inLanguage\":\"hu\",\"@id\":\"https:\/\/abc-office.eu\/hu\/forditas\/#primaryimage\",\"url\":\"https:\/\/abc-office.eu\/wp-content\/uploads\/2025\/10\/Traduction-3.jpg\",\"contentUrl\":\"https:\/\/abc-office.eu\/wp-content\/uploads\/2025\/10\/Traduction-3.jpg\",\"width\":650,\"height\":400},{\"@type\":\"BreadcrumbList\",\"@id\":\"https:\/\/abc-office.eu\/hu\/forditas\/#breadcrumb\",\"itemListElement\":[{\"@type\":\"ListItem\",\"position\":1,\"name\":\"Accueil\",\"item\":\"https:\/\/abc-office.eu\/hu\/\"},{\"@type\":\"ListItem\",\"position\":2,\"name\":\"Ford\u00edt\u00e1s\"}]},{\"@type\":\"WebSite\",\"@id\":\"https:\/\/abc-office.eu\/hu\/#website\",\"url\":\"https:\/\/abc-office.eu\/hu\/\",\"name\":\"ABC Translation\",\"description\":\"info@abc-office.eu\",\"potentialAction\":[{\"@type\":\"SearchAction\",\"target\":{\"@type\":\"EntryPoint\",\"urlTemplate\":\"https:\/\/abc-office.eu\/hu\/?s={search_term_string}\"},\"query-input\":{\"@type\":\"PropertyValueSpecification\",\"valueRequired\":true,\"valueName\":\"search_term_string\"}}],\"inLanguage\":\"hu\"}]}<\/script>\n<!-- \/ Yoast SEO plugin. -->","yoast_head_json":{"title":"Ford\u00edt\u00e1s l Hivatalos ford\u00edt\u00e1s l Magas sz\u00ednvonal\u00fa szakford\u00edt\u00e1s","description":"Ford\u00edt\u00e1s az adminisztrat\u00edv \u00fcgyeihez l Hiteles \u00e9s hivatalos ford\u00edt\u00e1s l Az EU \u00e9s a k\u00fclf\u00f6ld valamennyi int\u00e9zm\u00e9nye \u00e1ltal elismert","robots":{"index":"index","follow":"follow","max-snippet":"max-snippet:-1","max-image-preview":"max-image-preview:large","max-video-preview":"max-video-preview:-1"},"canonical":"https:\/\/abc-office.eu\/hu\/forditas\/","og_locale":"hu_HU","og_type":"article","og_title":"Ford\u00edt\u00e1s l Hivatalos ford\u00edt\u00e1s l Magas sz\u00ednvonal\u00fa szakford\u00edt\u00e1s","og_description":"Ford\u00edt\u00e1s az adminisztrat\u00edv \u00fcgyeihez l Hiteles \u00e9s hivatalos ford\u00edt\u00e1s l Az EU \u00e9s a k\u00fclf\u00f6ld valamennyi int\u00e9zm\u00e9nye \u00e1ltal elismert","og_url":"https:\/\/abc-office.eu\/hu\/forditas\/","og_site_name":"ABC Translation","article_modified_time":"2025-10-15T05:07:05+00:00","og_image":[{"width":650,"height":400,"url":"https:\/\/abc-office.eu\/wp-content\/uploads\/2025\/10\/Traduction-3.jpg","type":"image\/jpeg"}],"twitter_card":"summary_large_image","twitter_misc":{"Becs\u00fclt olvas\u00e1si id\u0151":"3 perc"},"schema":{"@context":"https:\/\/schema.org","@graph":[{"@type":"WebPage","@id":"https:\/\/abc-office.eu\/hu\/forditas\/","url":"https:\/\/abc-office.eu\/hu\/forditas\/","name":"Ford\u00edt\u00e1s l Hivatalos ford\u00edt\u00e1s l Magas sz\u00ednvonal\u00fa szakford\u00edt\u00e1s","isPartOf":{"@id":"https:\/\/abc-office.eu\/hu\/#website"},"primaryImageOfPage":{"@id":"https:\/\/abc-office.eu\/hu\/forditas\/#primaryimage"},"image":{"@id":"https:\/\/abc-office.eu\/hu\/forditas\/#primaryimage"},"thumbnailUrl":"https:\/\/abc-office.eu\/wp-content\/uploads\/2025\/10\/Traduction-3.jpg","datePublished":"2017-02-16T08:17:00+00:00","dateModified":"2025-10-15T05:07:05+00:00","description":"Ford\u00edt\u00e1s az adminisztrat\u00edv \u00fcgyeihez l Hiteles \u00e9s hivatalos ford\u00edt\u00e1s l Az EU \u00e9s a k\u00fclf\u00f6ld valamennyi int\u00e9zm\u00e9nye \u00e1ltal elismert","breadcrumb":{"@id":"https:\/\/abc-office.eu\/hu\/forditas\/#breadcrumb"},"inLanguage":"hu","potentialAction":[{"@type":"ReadAction","target":["https:\/\/abc-office.eu\/hu\/forditas\/"]}]},{"@type":"ImageObject","inLanguage":"hu","@id":"https:\/\/abc-office.eu\/hu\/forditas\/#primaryimage","url":"https:\/\/abc-office.eu\/wp-content\/uploads\/2025\/10\/Traduction-3.jpg","contentUrl":"https:\/\/abc-office.eu\/wp-content\/uploads\/2025\/10\/Traduction-3.jpg","width":650,"height":400},{"@type":"BreadcrumbList","@id":"https:\/\/abc-office.eu\/hu\/forditas\/#breadcrumb","itemListElement":[{"@type":"ListItem","position":1,"name":"Accueil","item":"https:\/\/abc-office.eu\/hu\/"},{"@type":"ListItem","position":2,"name":"Ford\u00edt\u00e1s"}]},{"@type":"WebSite","@id":"https:\/\/abc-office.eu\/hu\/#website","url":"https:\/\/abc-office.eu\/hu\/","name":"ABC Translation","description":"info@abc-office.eu","potentialAction":[{"@type":"SearchAction","target":{"@type":"EntryPoint","urlTemplate":"https:\/\/abc-office.eu\/hu\/?s={search_term_string}"},"query-input":{"@type":"PropertyValueSpecification","valueRequired":true,"valueName":"search_term_string"}}],"inLanguage":"hu"}]}},"_links":{"self":[{"href":"https:\/\/abc-office.eu\/hu\/wp-json\/wp\/v2\/pages\/226884","targetHints":{"allow":["GET"]}}],"collection":[{"href":"https:\/\/abc-office.eu\/hu\/wp-json\/wp\/v2\/pages"}],"about":[{"href":"https:\/\/abc-office.eu\/hu\/wp-json\/wp\/v2\/types\/page"}],"author":[{"embeddable":true,"href":"https:\/\/abc-office.eu\/hu\/wp-json\/wp\/v2\/users\/1"}],"replies":[{"embeddable":true,"href":"https:\/\/abc-office.eu\/hu\/wp-json\/wp\/v2\/comments?post=226884"}],"version-history":[{"count":1,"href":"https:\/\/abc-office.eu\/hu\/wp-json\/wp\/v2\/pages\/226884\/revisions"}],"predecessor-version":[{"id":226901,"href":"https:\/\/abc-office.eu\/hu\/wp-json\/wp\/v2\/pages\/226884\/revisions\/226901"}],"wp:featuredmedia":[{"embeddable":true,"href":"https:\/\/abc-office.eu\/hu\/wp-json\/wp\/v2\/media\/226885"}],"wp:attachment":[{"href":"https:\/\/abc-office.eu\/hu\/wp-json\/wp\/v2\/media?parent=226884"}],"curies":[{"name":"wp","href":"https:\/\/api.w.org\/{rel}","templated":true}]}}