{"id":226866,"date":"2017-02-16T09:13:19","date_gmt":"2017-02-16T08:13:19","guid":{"rendered":"https:\/\/abc-office.eu\/?page_id=226866"},"modified":"2025-10-15T06:55:33","modified_gmt":"2025-10-15T04:55:33","slug":"fooldal","status":"publish","type":"page","link":"https:\/\/abc-office.eu\/hu\/","title":{"rendered":"F\u0151oldal"},"content":{"rendered":"<h2><strong data-start=\"78\" data-end=\"97\">ABC Translation<\/strong><\/h2>\n<p style=\"text-align: justify;\" data-start=\"101\" data-end=\"638\">Az <strong data-start=\"104\" data-end=\"123\">ABC Translation<\/strong> sz\u00e1mos ter\u00fcleten szakosodott, mint p\u00e9ld\u00e1ul ford\u00edt\u00e1s, ingatlan, legaliz\u00e1l\u00e1s, jog \u00e9s relok\u00e1ci\u00f3. T\u00f6bb mint 500 alkalmazottb\u00f3l \u00e1ll\u00f3 nemzetk\u00f6zi csapat\u00e1val az ABC Translation vezet\u0151 szerepet t\u00f6lt be ezekben a szakter\u00fcletekben, \u00e9s k\u00e9pes nagyon gyorsan cselekedni a magasan k\u00e9pzett szakemberekb\u0151l \u00e1ll\u00f3 nagy csapat\u00e1nak k\u00f6sz\u00f6nhet\u0151en. A v\u00e1llalat 55 k\u00fcl\u00f6nb\u00f6z\u0151 nemzetis\u00e9get k\u00e9pvisel, \u00e9s t\u00f6bb mint 85 orsz\u00e1gban rendelkezik kapcsolatokkal. A globaliz\u00e1ci\u00f3 el\u0151nyeit kihaszn\u00e1lva egyre ig\u00e9nyesebb \u00fcgyf\u00e9lk\u00f6rt siker\u00fclt megsz\u00f3l\u00edtania.<\/p>\n<h3 data-start=\"640\" data-end=\"672\"><strong data-start=\"640\" data-end=\"670\">ABC Translation sz\u00e1mokban:<\/strong><\/h3>\n<ul>\n<li data-start=\"676\" data-end=\"705\">500 alkalmazott vil\u00e1gszerte<\/li>\n<li data-start=\"708\" data-end=\"726\">60 besz\u00e9lt nyelv<\/li>\n<li data-start=\"729\" data-end=\"750\">4000 projekt \u00e9vente<\/li>\n<li data-start=\"753\" data-end=\"782\">T\u00f6bb mint 10 \u00e9v tapasztalat<\/li>\n<li data-start=\"785\" data-end=\"823\">T\u00f6bb mint 1000 \u00e1lland\u00f3 \u00fczleti \u00fcgyf\u00e9l<\/li>\n<li data-start=\"826\" data-end=\"861\">\u00c9vente t\u00f6bb mint 2000 mag\u00e1n\u00fcgyf\u00e9l<\/li>\n<\/ul>\n<p style=\"text-align: justify;\" data-start=\"863\" data-end=\"1494\">Sz\u00e1mos k\u00f6zjegyz\u0151i irod\u00e1val m\u0171k\u00f6d\u00fcnk egy\u00fctt annak \u00e9rdek\u00e9ben, hogy a k\u00fcl\u00f6nf\u00e9le dokumentumokat a lehet\u0151 leggyorsabban tudjuk legaliz\u00e1lni. A k\u00fclf\u00f6ldre sz\u00e1nt dokumentumok eset\u00e9ben nagyk\u00f6vets\u00e9gekkel, konzul\u00e1tusokkal \u00e9s kancell\u00e1ri\u00e1kkal dolgozunk. E k\u00fcl\u00f6nb\u00f6z\u0151 int\u00e9zm\u00e9nyek egy\u00fcttm\u0171k\u00f6d\u00e9se lehet\u0151v\u00e9 teszi sz\u00e1munkra, hogy rendk\u00edv\u00fcl gyorsan reag\u00e1ljunk, amikor a dokumentumok ford\u00edt\u00e1s\u00e1ra \u00e9s legaliz\u00e1l\u00e1s\u00e1ra rekordid\u0151 alatt van sz\u00fcks\u00e9g. Ezenfel\u00fcl biciklis fut\u00e1raink biztos\u00edtj\u00e1k a dokumentumok k\u00f6rnyezetbar\u00e1t k\u00e9zbes\u00edt\u00e9s\u00e9t a k\u00fcl\u00f6nb\u00f6z\u0151 irod\u00e1kba. Az eur\u00f3pai postai szolg\u00e1ltat\u00e1sokat \u00e9s a DHL-t haszn\u00e1ljuk a v\u00e9gs\u0151 sz\u00e1ll\u00edt\u00e1sra Eur\u00f3p\u00e1ban \u00e9s vil\u00e1gszerte.<\/p>\n<p style=\"text-align: justify;\" data-start=\"1496\" data-end=\"2044\">Szolg\u00e1ltat\u00e1saink min\u0151s\u00e9ge \u00e9s gyorsas\u00e1ga az \u00e9vek sor\u00e1n k\u00fcl\u00f6nbs\u00e9get tett. Ebben a ter\u00fcleten a gyors reag\u00e1l\u00e1s a siker kulcsa. Infrastrukt\u00far\u00e1nkat \u00fagy alak\u00edtottuk ki, hogy gyorsabban tudjunk v\u00e1laszolni az \u00fcgyfelek k\u00e9r\u00e9seire. Gyors kapcsolatfelv\u00e9telhez telefonon vagy e-mailben kereshet benn\u00fcnket. Az oldal jobb oldal\u00e1n tal\u00e1lhat\u00f3 kapcsolatfelv\u00e9teli \u0171rlapot szint\u00e9n haszn\u00e1lhatja, k\u00fcl\u00f6n\u00f6sen dokumentumok k\u00fcld\u00e9s\u00e9re. Az \u00e1raj\u00e1nlatot \u00e1ltal\u00e1ban 10\u201320 percen bel\u00fcl k\u00fcldj\u00fck el a f\u00e1jlok be\u00e9rkez\u00e9se ut\u00e1n. Ez tartalmazza a teljes \u00e1rat \u00e9s a projekt \u00e1tfut\u00e1si idej\u00e9t.<\/p>\n<p style=\"text-align: justify;\" data-start=\"2046\" data-end=\"2135\">Az eg\u00e9sz csapat teljes m\u00e9rt\u00e9kben az \u00d6n rendelkez\u00e9s\u00e9re \u00e1ll, \u00e9s v\u00e1rjuk az egy\u00fcttm\u0171k\u00f6d\u00e9st.<\/p>\n<p data-start=\"2046\" data-end=\"2135\"><img loading=\"lazy\" decoding=\"async\" class=\"aligncenter wp-image-298\" src=\"https:\/\/abc-office.ch\/wp-content\/uploads\/2020\/03\/bim91-1024x682.jpg\" alt=\"ABC Translation\" width=\"610\" height=\"406\" \/><\/p>\n","protected":false},"excerpt":{"rendered":"<p>ABC Translation Az ABC Translation sz\u00e1mos ter\u00fcleten szakosodott, mint p\u00e9ld\u00e1ul ford\u00edt\u00e1s, ingatlan, legaliz\u00e1l\u00e1s, jog \u00e9s relok\u00e1ci\u00f3. T\u00f6bb mint 500 alkalmazottb\u00f3l \u00e1ll\u00f3 nemzetk\u00f6zi csapat\u00e1val az ABC Translation vezet\u0151 szerepet t\u00f6lt be ezekben a szakter\u00fcletekben, \u00e9s k\u00e9pes nagyon gyorsan cselekedni a magasan k\u00e9pzett szakemberekb\u0151l \u00e1ll\u00f3 nagy csapat\u00e1nak k\u00f6sz\u00f6nhet\u0151en. A v\u00e1llalat 55 k\u00fcl\u00f6nb\u00f6z\u0151 nemzetis\u00e9get k\u00e9pvisel, \u00e9s t\u00f6bb mint&#8230;<\/p>\n","protected":false},"author":1,"featured_media":226867,"parent":0,"menu_order":0,"comment_status":"closed","ping_status":"closed","template":"","meta":{"sfsi_plus_gutenberg_text_before_share":"","sfsi_plus_gutenberg_show_text_before_share":"","sfsi_plus_gutenberg_icon_type":"","sfsi_plus_gutenberg_icon_alignemt":"","sfsi_plus_gutenburg_max_per_row":"","footnotes":""},"class_list":["post-226866","page","type-page","status-publish","has-post-thumbnail","hentry"],"yoast_head":"<!-- This site is optimized with the Yoast SEO plugin v23.8 - https:\/\/yoast.com\/wordpress\/plugins\/seo\/ -->\n<title>ABC Translation l Ford\u00edt\u00e1s l Legaliz\u00e1l\u00e1s l Ingatlan l K\u00fclf\u00f6ldi \u00fcgyfelek<\/title>\n<meta name=\"description\" content=\"ABC Translation l Legaliz\u00e1l\u00e1s l Ingatlan l K\u00fclf\u00f6ldi \u00fcgyfelek l Tolm\u00e1csol\u00e1s l K\u00f6zjegyz\u0151 l \u00dcgyv\u00e9di iroda l Szem\u00e9lyi relok\u00e1ci\u00f3 l V\u00e1llalat\" \/>\n<meta name=\"robots\" content=\"index, follow, max-snippet:-1, max-image-preview:large, max-video-preview:-1\" \/>\n<link rel=\"canonical\" href=\"https:\/\/abc-office.eu\/hu\/\" \/>\n<meta property=\"og:locale\" content=\"hu_HU\" \/>\n<meta property=\"og:type\" content=\"article\" \/>\n<meta property=\"og:title\" content=\"ABC Translation l Ford\u00edt\u00e1s l Legaliz\u00e1l\u00e1s l Ingatlan l K\u00fclf\u00f6ldi \u00fcgyfelek\" \/>\n<meta property=\"og:description\" content=\"ABC Translation l Legaliz\u00e1l\u00e1s l Ingatlan l K\u00fclf\u00f6ldi \u00fcgyfelek l Tolm\u00e1csol\u00e1s l K\u00f6zjegyz\u0151 l \u00dcgyv\u00e9di iroda l Szem\u00e9lyi relok\u00e1ci\u00f3 l V\u00e1llalat\" \/>\n<meta property=\"og:url\" content=\"https:\/\/abc-office.eu\/hu\/\" \/>\n<meta property=\"og:site_name\" content=\"ABC Translation\" \/>\n<meta property=\"article:modified_time\" content=\"2025-10-15T04:55:33+00:00\" \/>\n<meta property=\"og:image\" content=\"https:\/\/abc-office.eu\/wp-content\/uploads\/2025\/10\/6190976a-768x433-4.jpg\" \/>\n\t<meta property=\"og:image:width\" content=\"768\" \/>\n\t<meta property=\"og:image:height\" content=\"433\" \/>\n\t<meta property=\"og:image:type\" content=\"image\/jpeg\" \/>\n<meta name=\"twitter:card\" content=\"summary_large_image\" \/>\n<meta name=\"twitter:label1\" content=\"Becs\u00fclt olvas\u00e1si id\u0151\" \/>\n\t<meta name=\"twitter:data1\" content=\"2 perc\" \/>\n<script type=\"application\/ld+json\" class=\"yoast-schema-graph\">{\"@context\":\"https:\/\/schema.org\",\"@graph\":[{\"@type\":\"WebPage\",\"@id\":\"https:\/\/abc-office.eu\/hu\/\",\"url\":\"https:\/\/abc-office.eu\/hu\/\",\"name\":\"ABC Translation l Ford\u00edt\u00e1s l Legaliz\u00e1l\u00e1s l Ingatlan l K\u00fclf\u00f6ldi \u00fcgyfelek\",\"isPartOf\":{\"@id\":\"https:\/\/abc-office.eu\/hu\/#website\"},\"primaryImageOfPage\":{\"@id\":\"https:\/\/abc-office.eu\/hu\/#primaryimage\"},\"image\":{\"@id\":\"https:\/\/abc-office.eu\/hu\/#primaryimage\"},\"thumbnailUrl\":\"https:\/\/abc-office.eu\/wp-content\/uploads\/2025\/10\/6190976a-768x433-4.jpg\",\"datePublished\":\"2017-02-16T08:13:19+00:00\",\"dateModified\":\"2025-10-15T04:55:33+00:00\",\"description\":\"ABC Translation l Legaliz\u00e1l\u00e1s l Ingatlan l K\u00fclf\u00f6ldi \u00fcgyfelek l Tolm\u00e1csol\u00e1s l K\u00f6zjegyz\u0151 l \u00dcgyv\u00e9di iroda l Szem\u00e9lyi relok\u00e1ci\u00f3 l V\u00e1llalat\",\"breadcrumb\":{\"@id\":\"https:\/\/abc-office.eu\/hu\/#breadcrumb\"},\"inLanguage\":\"hu\",\"potentialAction\":[{\"@type\":\"ReadAction\",\"target\":[\"https:\/\/abc-office.eu\/hu\/\"]}]},{\"@type\":\"ImageObject\",\"inLanguage\":\"hu\",\"@id\":\"https:\/\/abc-office.eu\/hu\/#primaryimage\",\"url\":\"https:\/\/abc-office.eu\/wp-content\/uploads\/2025\/10\/6190976a-768x433-4.jpg\",\"contentUrl\":\"https:\/\/abc-office.eu\/wp-content\/uploads\/2025\/10\/6190976a-768x433-4.jpg\",\"width\":768,\"height\":433},{\"@type\":\"BreadcrumbList\",\"@id\":\"https:\/\/abc-office.eu\/hu\/#breadcrumb\",\"itemListElement\":[{\"@type\":\"ListItem\",\"position\":1,\"name\":\"Accueil\",\"item\":\"https:\/\/abc-office.eu\/hu\/\"},{\"@type\":\"ListItem\",\"position\":2,\"name\":\"F\u0151oldal\"}]},{\"@type\":\"WebSite\",\"@id\":\"https:\/\/abc-office.eu\/hu\/#website\",\"url\":\"https:\/\/abc-office.eu\/hu\/\",\"name\":\"ABC Translation\",\"description\":\"info@abc-office.eu\",\"potentialAction\":[{\"@type\":\"SearchAction\",\"target\":{\"@type\":\"EntryPoint\",\"urlTemplate\":\"https:\/\/abc-office.eu\/hu\/?s={search_term_string}\"},\"query-input\":{\"@type\":\"PropertyValueSpecification\",\"valueRequired\":true,\"valueName\":\"search_term_string\"}}],\"inLanguage\":\"hu\"}]}<\/script>\n<!-- \/ Yoast SEO plugin. -->","yoast_head_json":{"title":"ABC Translation l Ford\u00edt\u00e1s l Legaliz\u00e1l\u00e1s l Ingatlan l K\u00fclf\u00f6ldi \u00fcgyfelek","description":"ABC Translation l Legaliz\u00e1l\u00e1s l Ingatlan l K\u00fclf\u00f6ldi \u00fcgyfelek l Tolm\u00e1csol\u00e1s l K\u00f6zjegyz\u0151 l \u00dcgyv\u00e9di iroda l Szem\u00e9lyi relok\u00e1ci\u00f3 l V\u00e1llalat","robots":{"index":"index","follow":"follow","max-snippet":"max-snippet:-1","max-image-preview":"max-image-preview:large","max-video-preview":"max-video-preview:-1"},"canonical":"https:\/\/abc-office.eu\/hu\/","og_locale":"hu_HU","og_type":"article","og_title":"ABC Translation l Ford\u00edt\u00e1s l Legaliz\u00e1l\u00e1s l Ingatlan l K\u00fclf\u00f6ldi \u00fcgyfelek","og_description":"ABC Translation l Legaliz\u00e1l\u00e1s l Ingatlan l K\u00fclf\u00f6ldi \u00fcgyfelek l Tolm\u00e1csol\u00e1s l K\u00f6zjegyz\u0151 l \u00dcgyv\u00e9di iroda l Szem\u00e9lyi relok\u00e1ci\u00f3 l V\u00e1llalat","og_url":"https:\/\/abc-office.eu\/hu\/","og_site_name":"ABC Translation","article_modified_time":"2025-10-15T04:55:33+00:00","og_image":[{"width":768,"height":433,"url":"https:\/\/abc-office.eu\/wp-content\/uploads\/2025\/10\/6190976a-768x433-4.jpg","type":"image\/jpeg"}],"twitter_card":"summary_large_image","twitter_misc":{"Becs\u00fclt olvas\u00e1si id\u0151":"2 perc"},"schema":{"@context":"https:\/\/schema.org","@graph":[{"@type":"WebPage","@id":"https:\/\/abc-office.eu\/hu\/","url":"https:\/\/abc-office.eu\/hu\/","name":"ABC Translation l Ford\u00edt\u00e1s l Legaliz\u00e1l\u00e1s l Ingatlan l K\u00fclf\u00f6ldi \u00fcgyfelek","isPartOf":{"@id":"https:\/\/abc-office.eu\/hu\/#website"},"primaryImageOfPage":{"@id":"https:\/\/abc-office.eu\/hu\/#primaryimage"},"image":{"@id":"https:\/\/abc-office.eu\/hu\/#primaryimage"},"thumbnailUrl":"https:\/\/abc-office.eu\/wp-content\/uploads\/2025\/10\/6190976a-768x433-4.jpg","datePublished":"2017-02-16T08:13:19+00:00","dateModified":"2025-10-15T04:55:33+00:00","description":"ABC Translation l Legaliz\u00e1l\u00e1s l Ingatlan l K\u00fclf\u00f6ldi \u00fcgyfelek l Tolm\u00e1csol\u00e1s l K\u00f6zjegyz\u0151 l \u00dcgyv\u00e9di iroda l Szem\u00e9lyi relok\u00e1ci\u00f3 l V\u00e1llalat","breadcrumb":{"@id":"https:\/\/abc-office.eu\/hu\/#breadcrumb"},"inLanguage":"hu","potentialAction":[{"@type":"ReadAction","target":["https:\/\/abc-office.eu\/hu\/"]}]},{"@type":"ImageObject","inLanguage":"hu","@id":"https:\/\/abc-office.eu\/hu\/#primaryimage","url":"https:\/\/abc-office.eu\/wp-content\/uploads\/2025\/10\/6190976a-768x433-4.jpg","contentUrl":"https:\/\/abc-office.eu\/wp-content\/uploads\/2025\/10\/6190976a-768x433-4.jpg","width":768,"height":433},{"@type":"BreadcrumbList","@id":"https:\/\/abc-office.eu\/hu\/#breadcrumb","itemListElement":[{"@type":"ListItem","position":1,"name":"Accueil","item":"https:\/\/abc-office.eu\/hu\/"},{"@type":"ListItem","position":2,"name":"F\u0151oldal"}]},{"@type":"WebSite","@id":"https:\/\/abc-office.eu\/hu\/#website","url":"https:\/\/abc-office.eu\/hu\/","name":"ABC Translation","description":"info@abc-office.eu","potentialAction":[{"@type":"SearchAction","target":{"@type":"EntryPoint","urlTemplate":"https:\/\/abc-office.eu\/hu\/?s={search_term_string}"},"query-input":{"@type":"PropertyValueSpecification","valueRequired":true,"valueName":"search_term_string"}}],"inLanguage":"hu"}]}},"_links":{"self":[{"href":"https:\/\/abc-office.eu\/hu\/wp-json\/wp\/v2\/pages\/226866","targetHints":{"allow":["GET"]}}],"collection":[{"href":"https:\/\/abc-office.eu\/hu\/wp-json\/wp\/v2\/pages"}],"about":[{"href":"https:\/\/abc-office.eu\/hu\/wp-json\/wp\/v2\/types\/page"}],"author":[{"embeddable":true,"href":"https:\/\/abc-office.eu\/hu\/wp-json\/wp\/v2\/users\/1"}],"replies":[{"embeddable":true,"href":"https:\/\/abc-office.eu\/hu\/wp-json\/wp\/v2\/comments?post=226866"}],"version-history":[{"count":2,"href":"https:\/\/abc-office.eu\/hu\/wp-json\/wp\/v2\/pages\/226866\/revisions"}],"predecessor-version":[{"id":228001,"href":"https:\/\/abc-office.eu\/hu\/wp-json\/wp\/v2\/pages\/226866\/revisions\/228001"}],"wp:featuredmedia":[{"embeddable":true,"href":"https:\/\/abc-office.eu\/hu\/wp-json\/wp\/v2\/media\/226867"}],"wp:attachment":[{"href":"https:\/\/abc-office.eu\/hu\/wp-json\/wp\/v2\/media?parent=226866"}],"curies":[{"name":"wp","href":"https:\/\/api.w.org\/{rel}","templated":true}]}}