{"id":228869,"date":"2024-12-23T20:17:02","date_gmt":"2024-12-23T19:17:02","guid":{"rendered":"https:\/\/abc-office.eu\/?page_id=228869"},"modified":"2025-10-19T09:11:06","modified_gmt":"2025-10-19T07:11:06","slug":"sudski-tumac-afrikaans-zagreb","status":"publish","type":"page","link":"https:\/\/abc-office.eu\/hr\/hrvatska\/ovjereni-prijevod-hrvatska\/ovjereni-prijevod-zagreb\/sudski-tumac-afrikaans-zagreb\/","title":{"rendered":"Sudski tuma\u010d afrikaans Zagreb"},"content":{"rendered":"<h2 data-start=\"270\" data-end=\"305\"><strong data-start=\"272\" data-end=\"305\">Sudski tuma\u010d afrikaans Zagreb<\/strong><\/h2>\n<p style=\"text-align: justify;\" data-start=\"307\" data-end=\"665\">Na\u0161a prevoditeljska agencija specijalizirana je za ovjerene i sudske prijevode s i na afrikaans. Na\u0161i sudski tuma\u010di za afrikaans sa sjedi\u0161tem u Zagrebu mogu brzo obraditi va\u0161 zahtjev. Potrebno je samo da nam po\u0161aljete kopiju dokumenata koje treba prevesti (prihva\u0107amo sve formate). Originalni dokumenti vi\u0161e nisu potrebni (sudski tuma\u010d afrikaans Zagreb).<\/p>\n<ol>\n<li style=\"text-align: justify;\">Prvo, slobodno koristite na\u0161u e-mail adresu (<a href=\"mailto:info@abc-office.eu\">info@abc-office.eu<\/a>), kontakt obrazac ili mo\u017eete koristiti na\u0161 WhatsApp link.<\/li>\n<li style=\"text-align: justify;\">Drugo, molimo vas da navedete jezik na koji \u017eelite prijevod te trebate li da prijevod bude ovjeren kod javnog bilje\u017enika i\/ili apostiliran (Kancelarija).<\/li>\n<li style=\"text-align: justify;\">Tre\u0107e, jedan od na\u0161ih voditelja projekata brzo \u0107e vam poslati ponudu s nazna\u010denom cijenom i rokom isporuke za ovaj projekt. Obi\u010dno odgovaramo unutar 30 minuta. Ako ne dobijete odgovor dulje od jednog sata, nazovite nas.<\/li>\n<li style=\"text-align: justify;\">\u010cetvrto i najva\u017enije, nakon \u0161to prihvatite ponudu, zapo\u010dinjemo proces prevo\u0111enja i \u0161aljemo vam ovjerene prijevode po\u0161tom. Ako vam je potrebna i kopija prijevoda e-mailom, obavijestite voditelja projekta i poslat \u0107emo je e-mailom prije slanja originala.<\/li>\n<\/ol>\n<p style=\"text-align: justify;\" data-start=\"1425\" data-end=\"1692\">\u0160to se ti\u010de roka isporuke, ovjereni prijevodi \u0161alju se po\u0161tom ili DHL-om i\/ili e-mailom u roku od 2-3 radna dana. Me\u0111utim, to tako\u0111er ovisi o opsegu i razini slo\u017eenosti dokumenata. Na primjer, dokument od jedne stranice mo\u017eete primiti u roku od 2 radna dana po\u0161tom.<\/p>\n<h3 data-start=\"1699\" data-end=\"1749\">Jezici koje mo\u017eemo uparivati s i na afrikaans:<\/h3>\n<p style=\"text-align: justify;\" data-start=\"1751\" data-end=\"2657\">Albanski | Njema\u010dki | Ameri\u010dki | Amharski | Engleski | Arapski | Armenski | Ajmara | Azerbajd\u017eanski | Baskijski | Bengalski | Bjeloruski | Burmanski | Bosanski | Brazilski | Bugarski | Kantonski | Katalonski | Sinhala | Kineski | Pojednostavljeni kineski | Tradicionalni kineski | Korejski | Hrvatski | Danski | Darijski | Estonski | Ewe | Farsi | Finski | Gruzijski | Gr\u010dki | Gvarani | Hebrejski | Hindi | Ma\u0111arski | Indonezijski | Talijanski | Japanski | Kazahstanski | Kmerski | Kirgiski | Kurdski | Lao | Latvijski | Lingala | Litavski | Makedonski | Malajski | Malajalamski | Mandarinski | Moldavski | Mongolski | Crnogorski | Nizozemski | Norve\u0161ki | Urdu | Uzbekistanski | Pa\u0161to | Pand\u017eapski | Perzijski | Fula | Poljski | \u0160panjolski | Ke\u010dua | Rumunjski | Ruski | Srpski | Slova\u010dki | Slovenski | \u0160vedski | Tamilski | \u010ce\u0161ki | Tajlandski | Turski | Turkmenski | Ukrajinski | Vijetnamski | Portugalski<\/p>\n<h3 data-start=\"2664\" data-end=\"2695\">Nepotpuni popis dokumenata:<\/h3>\n<p style=\"text-align: justify;\" data-start=\"2697\" data-end=\"3067\">Rodni list | Vjen\u010dani list | Potvrda o bra\u010dnom statusu | Potvrda | Patent | Uvjerenje o neka\u017enjavanju | Potvrda | Potvrda o slobodnom bra\u010dnom statusu | Smrtni list | Obiteljska potvrda | Potvrda o zaposlenju | Porezna prijava | Diploma | Putovnica | Voza\u010dka dozvola | Oporuka | Viza | Ugovor | Ugovor o razvodu | Bra\u010dni ugovor | Presuda | Postupak | Punomo\u0107 | Zapisnik<\/p>\n<h3 data-start=\"3074\" data-end=\"3151\">Uobi\u010dajene vrste ovjera\/legalizacija (<strong data-start=\"3116\" data-end=\"3149\">sudski tuma\u010d afrikaans Zagreb<\/strong>):<\/h3>\n<ul>\n<li style=\"text-align: justify;\" data-start=\"3155\" data-end=\"3216\"><strong data-start=\"3155\" data-end=\"3177\">Ovjereni prijevod:<\/strong> prijevod s na\u0161im pe\u010datom i potpisom.<\/li>\n<li style=\"text-align: justify;\" data-start=\"3155\" data-end=\"3216\"><strong data-start=\"48\" data-end=\"68\">Sudski prijevod:<\/strong> Na\u0161a agencija nudi usluge ovjerenih prijevoda koje izra\u0111uju ovla\u0161teni sudski tuma\u010di u Hrvatskoj. Takvi prijevodi imaju punu pravnu valjanost jer sadr\u017ee potpis i pe\u010dat sudskog tuma\u010da, a potrebni su za slu\u017ebene postupke poput upisa u mati\u010dne knjige, registracije tvrtki, sudskih procesa, javnobilje\u017eni\u010dkih isprava, ugovora, diploma i drugih dokumenata.<\/li>\n<li style=\"text-align: justify;\" data-start=\"3219\" data-end=\"3306\"><strong data-start=\"3219\" data-end=\"3245\">Legalizirani prijevod:<\/strong> javni bilje\u017enik ovjerava potpis prevoditelja na prijevodu.<\/li>\n<li style=\"text-align: justify;\" data-start=\"3309\" data-end=\"3386\"><strong data-start=\"3309\" data-end=\"3337\">Prijevod s apostille-om:<\/strong> Kancelarija ovjerava potpis javnog bilje\u017enika.<\/li>\n<li style=\"text-align: justify;\" data-start=\"3389\" data-end=\"3517\"><strong data-start=\"3389\" data-end=\"3445\">Prijevod legaliziran u veleposlanstvu ili konzulatu:<\/strong> organiziramo zavr\u0161nu legalizaciju putem veleposlanstva ili konzulata.<\/li>\n<\/ul>\n<p style=\"text-align: justify;\" data-start=\"3524\" data-end=\"3810\">Kao rezultat i zahvaljuju\u0107i ispravnoj vrsti ovjere, prijevodi \u0107e biti prihva\u0107eni u Hrvatskoj i inozemstvu. Za sva pitanja o vrsti ovjere ili legalizacije potrebne za va\u0161e dokumente, slobodno kontaktirajte na\u0161 tim. Vodit \u0107emo vas kroz cijeli proces (sudski tuma\u010d afrikaans Zagreb).<\/p>\n<p style=\"text-align: justify;\" data-start=\"3812\" data-end=\"3842\">Radujemo se suradnji s vama.<\/p>\n<p style=\"text-align: justify;\" data-start=\"3844\" data-end=\"3867\"><a href=\"https:\/\/abc-office.eu\/hr\/\"><strong data-start=\"3844\" data-end=\"3867\">ABC Translation LLC<\/strong><\/a><\/p>\n<p data-start=\"3844\" data-end=\"3867\"><img loading=\"lazy\" decoding=\"async\" class=\"aligncenter wp-image-271\" src=\"https:\/\/abc-office.ch\/wp-content\/uploads\/2018\/06\/imageedit_1_6241191614.gif\" alt=\"Sudski tuma\u010d afrikaans Zagreb\" width=\"437\" height=\"437\" \/><\/p>\n","protected":false},"excerpt":{"rendered":"<p>Sudski tuma\u010d afrikaans Zagreb Na\u0161a prevoditeljska agencija specijalizirana je za ovjerene i sudske prijevode s i na afrikaans. Na\u0161i sudski tuma\u010di za afrikaans sa sjedi\u0161tem u Zagrebu mogu brzo obraditi va\u0161 zahtjev. Potrebno je samo da nam po\u0161aljete kopiju dokumenata koje treba prevesti (prihva\u0107amo sve formate). Originalni dokumenti vi\u0161e nisu potrebni (sudski tuma\u010d afrikaans Zagreb)&#8230;.<\/p>\n","protected":false},"author":1,"featured_media":228870,"parent":228848,"menu_order":0,"comment_status":"closed","ping_status":"closed","template":"","meta":{"sfsi_plus_gutenberg_text_before_share":"","sfsi_plus_gutenberg_show_text_before_share":"","sfsi_plus_gutenberg_icon_type":"","sfsi_plus_gutenberg_icon_alignemt":"","sfsi_plus_gutenburg_max_per_row":"","footnotes":""},"class_list":["post-228869","page","type-page","status-publish","has-post-thumbnail","hentry"],"yoast_head":"<!-- This site is optimized with the Yoast SEO plugin v23.8 - https:\/\/yoast.com\/wordpress\/plugins\/seo\/ -->\n<title>Sudski tuma\u010d afrikaans Zagreb | Sudski prijevod afrikaans<\/title>\n<meta name=\"description\" content=\"ABC Translation | Sudski tuma\u010d afrikaans Zagreb | Sudski prijevod afrikaans Zagreb | Slu\u017ebeni prijevod afrikaans Zagreb\" \/>\n<meta name=\"robots\" content=\"index, follow, max-snippet:-1, max-image-preview:large, max-video-preview:-1\" \/>\n<link rel=\"canonical\" href=\"https:\/\/abc-office.eu\/hr\/hrvatska\/ovjereni-prijevod-hrvatska\/ovjereni-prijevod-zagreb\/sudski-tumac-afrikaans-zagreb\/\" \/>\n<meta property=\"og:locale\" content=\"hr_HR\" \/>\n<meta property=\"og:type\" content=\"article\" \/>\n<meta property=\"og:title\" content=\"Sudski tuma\u010d afrikaans Zagreb | Sudski prijevod afrikaans\" \/>\n<meta property=\"og:description\" content=\"ABC Translation | Sudski tuma\u010d afrikaans Zagreb | Sudski prijevod afrikaans Zagreb | Slu\u017ebeni prijevod afrikaans Zagreb\" \/>\n<meta property=\"og:url\" content=\"https:\/\/abc-office.eu\/hr\/hrvatska\/ovjereni-prijevod-hrvatska\/ovjereni-prijevod-zagreb\/sudski-tumac-afrikaans-zagreb\/\" \/>\n<meta property=\"og:site_name\" content=\"ABC Translation\" \/>\n<meta property=\"article:modified_time\" content=\"2025-10-19T07:11:06+00:00\" \/>\n<meta property=\"og:image\" content=\"https:\/\/abc-office.eu\/wp-content\/uploads\/2022\/05\/Afrikaans.jpg\" \/>\n\t<meta property=\"og:image:width\" content=\"669\" \/>\n\t<meta property=\"og:image:height\" content=\"491\" \/>\n\t<meta property=\"og:image:type\" content=\"image\/jpeg\" \/>\n<meta name=\"twitter:card\" content=\"summary_large_image\" \/>\n<meta name=\"twitter:label1\" content=\"Procijenjeno vrijeme \u010ditanja\" \/>\n\t<meta name=\"twitter:data1\" content=\"3 minute\" \/>\n<script type=\"application\/ld+json\" class=\"yoast-schema-graph\">{\"@context\":\"https:\/\/schema.org\",\"@graph\":[{\"@type\":\"WebPage\",\"@id\":\"https:\/\/abc-office.eu\/hr\/hrvatska\/ovjereni-prijevod-hrvatska\/ovjereni-prijevod-zagreb\/sudski-tumac-afrikaans-zagreb\/\",\"url\":\"https:\/\/abc-office.eu\/hr\/hrvatska\/ovjereni-prijevod-hrvatska\/ovjereni-prijevod-zagreb\/sudski-tumac-afrikaans-zagreb\/\",\"name\":\"Sudski tuma\u010d afrikaans Zagreb | Sudski prijevod afrikaans\",\"isPartOf\":{\"@id\":\"https:\/\/abc-office.eu\/hr\/#website\"},\"primaryImageOfPage\":{\"@id\":\"https:\/\/abc-office.eu\/hr\/hrvatska\/ovjereni-prijevod-hrvatska\/ovjereni-prijevod-zagreb\/sudski-tumac-afrikaans-zagreb\/#primaryimage\"},\"image\":{\"@id\":\"https:\/\/abc-office.eu\/hr\/hrvatska\/ovjereni-prijevod-hrvatska\/ovjereni-prijevod-zagreb\/sudski-tumac-afrikaans-zagreb\/#primaryimage\"},\"thumbnailUrl\":\"https:\/\/abc-office.eu\/wp-content\/uploads\/2022\/05\/Afrikaans.jpg\",\"datePublished\":\"2024-12-23T19:17:02+00:00\",\"dateModified\":\"2025-10-19T07:11:06+00:00\",\"description\":\"ABC Translation | Sudski tuma\u010d afrikaans Zagreb | Sudski prijevod afrikaans Zagreb | Slu\u017ebeni prijevod afrikaans Zagreb\",\"breadcrumb\":{\"@id\":\"https:\/\/abc-office.eu\/hr\/hrvatska\/ovjereni-prijevod-hrvatska\/ovjereni-prijevod-zagreb\/sudski-tumac-afrikaans-zagreb\/#breadcrumb\"},\"inLanguage\":\"hr\",\"potentialAction\":[{\"@type\":\"ReadAction\",\"target\":[\"https:\/\/abc-office.eu\/hr\/hrvatska\/ovjereni-prijevod-hrvatska\/ovjereni-prijevod-zagreb\/sudski-tumac-afrikaans-zagreb\/\"]}]},{\"@type\":\"ImageObject\",\"inLanguage\":\"hr\",\"@id\":\"https:\/\/abc-office.eu\/hr\/hrvatska\/ovjereni-prijevod-hrvatska\/ovjereni-prijevod-zagreb\/sudski-tumac-afrikaans-zagreb\/#primaryimage\",\"url\":\"https:\/\/abc-office.eu\/wp-content\/uploads\/2022\/05\/Afrikaans.jpg\",\"contentUrl\":\"https:\/\/abc-office.eu\/wp-content\/uploads\/2022\/05\/Afrikaans.jpg\",\"width\":669,\"height\":491},{\"@type\":\"BreadcrumbList\",\"@id\":\"https:\/\/abc-office.eu\/hr\/hrvatska\/ovjereni-prijevod-hrvatska\/ovjereni-prijevod-zagreb\/sudski-tumac-afrikaans-zagreb\/#breadcrumb\",\"itemListElement\":[{\"@type\":\"ListItem\",\"position\":1,\"name\":\"Accueil\",\"item\":\"https:\/\/abc-office.eu\/hr\/\"},{\"@type\":\"ListItem\",\"position\":2,\"name\":\"Hrvatska\",\"item\":\"https:\/\/abc-office.eu\/hr\/hrvatska\/\"},{\"@type\":\"ListItem\",\"position\":3,\"name\":\"Ovjereni prijevod Hrvatska\",\"item\":\"https:\/\/abc-office.eu\/hr\/hrvatska\/ovjereni-prijevod-hrvatska\/\"},{\"@type\":\"ListItem\",\"position\":4,\"name\":\"Ovjereni prijevod Zagreb\",\"item\":\"https:\/\/abc-office.eu\/hr\/hrvatska\/ovjereni-prijevod-hrvatska\/ovjereni-prijevod-zagreb\/\"},{\"@type\":\"ListItem\",\"position\":5,\"name\":\"Sudski tuma\u010d afrikaans Zagreb\"}]},{\"@type\":\"WebSite\",\"@id\":\"https:\/\/abc-office.eu\/hr\/#website\",\"url\":\"https:\/\/abc-office.eu\/hr\/\",\"name\":\"ABC Translation\",\"description\":\"info@abc-office.eu\",\"potentialAction\":[{\"@type\":\"SearchAction\",\"target\":{\"@type\":\"EntryPoint\",\"urlTemplate\":\"https:\/\/abc-office.eu\/hr\/?s={search_term_string}\"},\"query-input\":{\"@type\":\"PropertyValueSpecification\",\"valueRequired\":true,\"valueName\":\"search_term_string\"}}],\"inLanguage\":\"hr\"}]}<\/script>\n<!-- \/ Yoast SEO plugin. -->","yoast_head_json":{"title":"Sudski tuma\u010d afrikaans Zagreb | Sudski prijevod afrikaans","description":"ABC Translation | Sudski tuma\u010d afrikaans Zagreb | Sudski prijevod afrikaans Zagreb | Slu\u017ebeni prijevod afrikaans Zagreb","robots":{"index":"index","follow":"follow","max-snippet":"max-snippet:-1","max-image-preview":"max-image-preview:large","max-video-preview":"max-video-preview:-1"},"canonical":"https:\/\/abc-office.eu\/hr\/hrvatska\/ovjereni-prijevod-hrvatska\/ovjereni-prijevod-zagreb\/sudski-tumac-afrikaans-zagreb\/","og_locale":"hr_HR","og_type":"article","og_title":"Sudski tuma\u010d afrikaans Zagreb | Sudski prijevod afrikaans","og_description":"ABC Translation | Sudski tuma\u010d afrikaans Zagreb | Sudski prijevod afrikaans Zagreb | Slu\u017ebeni prijevod afrikaans Zagreb","og_url":"https:\/\/abc-office.eu\/hr\/hrvatska\/ovjereni-prijevod-hrvatska\/ovjereni-prijevod-zagreb\/sudski-tumac-afrikaans-zagreb\/","og_site_name":"ABC Translation","article_modified_time":"2025-10-19T07:11:06+00:00","og_image":[{"width":669,"height":491,"url":"https:\/\/abc-office.eu\/wp-content\/uploads\/2022\/05\/Afrikaans.jpg","type":"image\/jpeg"}],"twitter_card":"summary_large_image","twitter_misc":{"Procijenjeno vrijeme \u010ditanja":"3 minute"},"schema":{"@context":"https:\/\/schema.org","@graph":[{"@type":"WebPage","@id":"https:\/\/abc-office.eu\/hr\/hrvatska\/ovjereni-prijevod-hrvatska\/ovjereni-prijevod-zagreb\/sudski-tumac-afrikaans-zagreb\/","url":"https:\/\/abc-office.eu\/hr\/hrvatska\/ovjereni-prijevod-hrvatska\/ovjereni-prijevod-zagreb\/sudski-tumac-afrikaans-zagreb\/","name":"Sudski tuma\u010d afrikaans Zagreb | Sudski prijevod afrikaans","isPartOf":{"@id":"https:\/\/abc-office.eu\/hr\/#website"},"primaryImageOfPage":{"@id":"https:\/\/abc-office.eu\/hr\/hrvatska\/ovjereni-prijevod-hrvatska\/ovjereni-prijevod-zagreb\/sudski-tumac-afrikaans-zagreb\/#primaryimage"},"image":{"@id":"https:\/\/abc-office.eu\/hr\/hrvatska\/ovjereni-prijevod-hrvatska\/ovjereni-prijevod-zagreb\/sudski-tumac-afrikaans-zagreb\/#primaryimage"},"thumbnailUrl":"https:\/\/abc-office.eu\/wp-content\/uploads\/2022\/05\/Afrikaans.jpg","datePublished":"2024-12-23T19:17:02+00:00","dateModified":"2025-10-19T07:11:06+00:00","description":"ABC Translation | Sudski tuma\u010d afrikaans Zagreb | Sudski prijevod afrikaans Zagreb | Slu\u017ebeni prijevod afrikaans Zagreb","breadcrumb":{"@id":"https:\/\/abc-office.eu\/hr\/hrvatska\/ovjereni-prijevod-hrvatska\/ovjereni-prijevod-zagreb\/sudski-tumac-afrikaans-zagreb\/#breadcrumb"},"inLanguage":"hr","potentialAction":[{"@type":"ReadAction","target":["https:\/\/abc-office.eu\/hr\/hrvatska\/ovjereni-prijevod-hrvatska\/ovjereni-prijevod-zagreb\/sudski-tumac-afrikaans-zagreb\/"]}]},{"@type":"ImageObject","inLanguage":"hr","@id":"https:\/\/abc-office.eu\/hr\/hrvatska\/ovjereni-prijevod-hrvatska\/ovjereni-prijevod-zagreb\/sudski-tumac-afrikaans-zagreb\/#primaryimage","url":"https:\/\/abc-office.eu\/wp-content\/uploads\/2022\/05\/Afrikaans.jpg","contentUrl":"https:\/\/abc-office.eu\/wp-content\/uploads\/2022\/05\/Afrikaans.jpg","width":669,"height":491},{"@type":"BreadcrumbList","@id":"https:\/\/abc-office.eu\/hr\/hrvatska\/ovjereni-prijevod-hrvatska\/ovjereni-prijevod-zagreb\/sudski-tumac-afrikaans-zagreb\/#breadcrumb","itemListElement":[{"@type":"ListItem","position":1,"name":"Accueil","item":"https:\/\/abc-office.eu\/hr\/"},{"@type":"ListItem","position":2,"name":"Hrvatska","item":"https:\/\/abc-office.eu\/hr\/hrvatska\/"},{"@type":"ListItem","position":3,"name":"Ovjereni prijevod Hrvatska","item":"https:\/\/abc-office.eu\/hr\/hrvatska\/ovjereni-prijevod-hrvatska\/"},{"@type":"ListItem","position":4,"name":"Ovjereni prijevod Zagreb","item":"https:\/\/abc-office.eu\/hr\/hrvatska\/ovjereni-prijevod-hrvatska\/ovjereni-prijevod-zagreb\/"},{"@type":"ListItem","position":5,"name":"Sudski tuma\u010d afrikaans Zagreb"}]},{"@type":"WebSite","@id":"https:\/\/abc-office.eu\/hr\/#website","url":"https:\/\/abc-office.eu\/hr\/","name":"ABC Translation","description":"info@abc-office.eu","potentialAction":[{"@type":"SearchAction","target":{"@type":"EntryPoint","urlTemplate":"https:\/\/abc-office.eu\/hr\/?s={search_term_string}"},"query-input":{"@type":"PropertyValueSpecification","valueRequired":true,"valueName":"search_term_string"}}],"inLanguage":"hr"}]}},"_links":{"self":[{"href":"https:\/\/abc-office.eu\/hr\/wp-json\/wp\/v2\/pages\/228869","targetHints":{"allow":["GET"]}}],"collection":[{"href":"https:\/\/abc-office.eu\/hr\/wp-json\/wp\/v2\/pages"}],"about":[{"href":"https:\/\/abc-office.eu\/hr\/wp-json\/wp\/v2\/types\/page"}],"author":[{"embeddable":true,"href":"https:\/\/abc-office.eu\/hr\/wp-json\/wp\/v2\/users\/1"}],"replies":[{"embeddable":true,"href":"https:\/\/abc-office.eu\/hr\/wp-json\/wp\/v2\/comments?post=228869"}],"version-history":[{"count":1,"href":"https:\/\/abc-office.eu\/hr\/wp-json\/wp\/v2\/pages\/228869\/revisions"}],"predecessor-version":[{"id":228871,"href":"https:\/\/abc-office.eu\/hr\/wp-json\/wp\/v2\/pages\/228869\/revisions\/228871"}],"up":[{"embeddable":true,"href":"https:\/\/abc-office.eu\/hr\/wp-json\/wp\/v2\/pages\/228848"}],"wp:featuredmedia":[{"embeddable":true,"href":"https:\/\/abc-office.eu\/hr\/wp-json\/wp\/v2\/media\/228870"}],"wp:attachment":[{"href":"https:\/\/abc-office.eu\/hr\/wp-json\/wp\/v2\/media?parent=228869"}],"curies":[{"name":"wp","href":"https:\/\/api.w.org\/{rel}","templated":true}]}}