{"id":228814,"date":"2022-04-25T10:26:44","date_gmt":"2022-04-25T08:26:44","guid":{"rendered":"https:\/\/abc-office.eu\/?page_id=228814"},"modified":"2025-11-16T17:05:10","modified_gmt":"2025-11-16T16:05:10","slug":"kontakt","status":"publish","type":"page","link":"https:\/\/abc-office.eu\/hr\/kontakt\/","title":{"rendered":"Kontakt"},"content":{"rendered":"<h2><strong>Kontaktirajte nas \u2013va\u0161a prevoditeljska agencija u EU\u00a0<\/strong><\/h2>\n<p><br data-start=\"149\" data-end=\"152\" \/>Email: <a class=\"decorated-link cursor-pointer\" href=\"mailto:info@abc-office.eu\" rel=\"noopener\" data-start=\"159\" data-end=\"177\">info@abc-office.eu<\/a><\/p>\n<h3 data-start=\"181\" data-end=\"202\"><strong data-start=\"181\" data-end=\"200\">ABC Translation<\/strong><\/h3>\n<p style=\"text-align: justify;\">Na\u0161i prevoditelji i lektori magistri su prevo\u0111enja sa sjedi\u0161tem u Europskoj uniji. Specijalizirani su u razli\u010ditim podru\u010djima, uklju\u010duju\u0107i marketing, ekonomiju, politiku, pravo i medicinu. Za brzi upit jednostavno ispunite obrazac s desne strane zaslona. Na\u0161 \u0107e vam tim u najkra\u0107em mogu\u0107em roku poslati ponudu s cijenom i rokom isporuke prijevoda. Svaka ponuda uklju\u010duje prijevod teksta i lekturu drugog prevoditelja, \u010dime se osigurava najvi\u0161a razina kvalitete. Gotov i lektoriran tekst vra\u0107amo e-po\u0161tom ili po\u0161tom (u slu\u010daju ovjerenog prijevoda).<\/p>\n<h3>Na\u0161a kvaliteta<\/h3>\n<p style=\"text-align: justify;\">Preciznost, u\u010dinkovitost i to\u010dnost temeljne su vrijednosti na\u0161eg rada. Zahvaljuju\u0107i njima, svakodnevno sura\u0111ujemo s brojnim tvrtkama i pojedincima diljem Europe. Prevodimo web-stranice, slu\u017ebene dokumente i specijalizirane tekstove uz zajam\u010denu kvalitetu i po\u0161tivanje rokova.<\/p>\n<h3>Transparentno odre\u0111ivanje cijena<\/h3>\n<p style=\"text-align: justify;\">Na\u0161 raspon cijena temelji se na sustavu Europske unije koji omogu\u0107uje transparentno i pravedno odre\u0111ivanje cijene prema te\u017eini izvornog teksta &#8211; bilo po broju rije\u010di ili po retku od 55 znakova. Ovakav pristup jam\u010di jasne i usporedive ponude za sve klijente. Radimo s tvrtkama i privatnim osobama diljem Europske <a href=\"https:\/\/abc-office.eu\/hr\/kontakt\/\">unije<\/a><strong>.<\/strong><\/p>\n<p data-start=\"1100\" data-end=\"1520\"><img loading=\"lazy\" decoding=\"async\" class=\"aligncenter wp-image-28719\" src=\"https:\/\/abc-office.eu\/wp-content\/uploads\/2017\/02\/second_image-300x200.jpg\" alt=\"Kontakt\" width=\"648\" height=\"432\" srcset=\"https:\/\/abc-office.eu\/wp-content\/uploads\/2017\/02\/second_image-300x200.jpg 300w, https:\/\/abc-office.eu\/wp-content\/uploads\/2017\/02\/second_image-1024x682.jpg 1024w, https:\/\/abc-office.eu\/wp-content\/uploads\/2017\/02\/second_image-768x512.jpg 768w, https:\/\/abc-office.eu\/wp-content\/uploads\/2017\/02\/second_image-1080x720.jpg 1080w, https:\/\/abc-office.eu\/wp-content\/uploads\/2017\/02\/second_image-1280x853.jpg 1280w, https:\/\/abc-office.eu\/wp-content\/uploads\/2017\/02\/second_image-980x653.jpg 980w, https:\/\/abc-office.eu\/wp-content\/uploads\/2017\/02\/second_image-480x320.jpg 480w, https:\/\/abc-office.eu\/wp-content\/uploads\/2017\/02\/second_image.jpg 1400w\" sizes=\"auto, (max-width: 648px) 100vw, 648px\" \/><\/p>\n","protected":false},"excerpt":{"rendered":"<p>Kontaktirajte nas \u2013va\u0161a prevoditeljska agencija u EU\u00a0 Email: info@abc-office.eu ABC Translation Na\u0161i prevoditelji i lektori magistri su prevo\u0111enja sa sjedi\u0161tem u Europskoj uniji. Specijalizirani su u razli\u010ditim podru\u010djima, uklju\u010duju\u0107i marketing, ekonomiju, politiku, pravo i medicinu. Za brzi upit jednostavno ispunite obrazac s desne strane zaslona. Na\u0161 \u0107e vam tim u najkra\u0107em mogu\u0107em roku poslati ponudu&#8230;<\/p>\n","protected":false},"author":1,"featured_media":228503,"parent":0,"menu_order":0,"comment_status":"closed","ping_status":"closed","template":"","meta":{"sfsi_plus_gutenberg_text_before_share":"","sfsi_plus_gutenberg_show_text_before_share":"","sfsi_plus_gutenberg_icon_type":"","sfsi_plus_gutenberg_icon_alignemt":"","sfsi_plus_gutenburg_max_per_row":"","footnotes":""},"class_list":["post-228814","page","type-page","status-publish","has-post-thumbnail","hentry"],"yoast_head":"<!-- This site is optimized with the Yoast SEO plugin v23.8 - https:\/\/yoast.com\/wordpress\/plugins\/seo\/ -->\n<title>Kontakt prijevod | Prevoditelj Europska unija Ujedinjeno Kraljevstvo<\/title>\n<meta name=\"description\" content=\"ABC Translation: Kontakt | Prijevod web stranica | Prijevod slu\u017ebenih dokumenata | Specijalizirani prijevod | Europska unija\" \/>\n<meta name=\"robots\" content=\"index, follow, max-snippet:-1, max-image-preview:large, max-video-preview:-1\" \/>\n<link rel=\"canonical\" href=\"https:\/\/abc-office.eu\/hr\/kontakt\/\" \/>\n<meta property=\"og:locale\" content=\"hr_HR\" \/>\n<meta property=\"og:type\" content=\"article\" \/>\n<meta property=\"og:title\" content=\"Kontakt prijevod | Prevoditelj Europska unija Ujedinjeno Kraljevstvo\" \/>\n<meta property=\"og:description\" content=\"ABC Translation: Kontakt | Prijevod web stranica | Prijevod slu\u017ebenih dokumenata | Specijalizirani prijevod | Europska unija\" \/>\n<meta property=\"og:url\" content=\"https:\/\/abc-office.eu\/hr\/kontakt\/\" \/>\n<meta property=\"og:site_name\" content=\"ABC Translation\" \/>\n<meta property=\"article:modified_time\" content=\"2025-11-16T16:05:10+00:00\" \/>\n<meta property=\"og:image\" content=\"https:\/\/abc-office.eu\/wp-content\/uploads\/2025\/10\/Flag_of_Europe-2-768x512-7.png\" \/>\n\t<meta property=\"og:image:width\" content=\"768\" \/>\n\t<meta property=\"og:image:height\" content=\"512\" \/>\n\t<meta property=\"og:image:type\" content=\"image\/png\" \/>\n<meta name=\"twitter:card\" content=\"summary_large_image\" \/>\n<meta name=\"twitter:label1\" content=\"Procijenjeno vrijeme \u010ditanja\" \/>\n\t<meta name=\"twitter:data1\" content=\"2 minute\" \/>\n<script type=\"application\/ld+json\" class=\"yoast-schema-graph\">{\"@context\":\"https:\/\/schema.org\",\"@graph\":[{\"@type\":\"WebPage\",\"@id\":\"https:\/\/abc-office.eu\/hr\/kontakt\/\",\"url\":\"https:\/\/abc-office.eu\/hr\/kontakt\/\",\"name\":\"Kontakt prijevod | Prevoditelj Europska unija Ujedinjeno Kraljevstvo\",\"isPartOf\":{\"@id\":\"https:\/\/abc-office.eu\/hr\/#website\"},\"primaryImageOfPage\":{\"@id\":\"https:\/\/abc-office.eu\/hr\/kontakt\/#primaryimage\"},\"image\":{\"@id\":\"https:\/\/abc-office.eu\/hr\/kontakt\/#primaryimage\"},\"thumbnailUrl\":\"https:\/\/abc-office.eu\/wp-content\/uploads\/2025\/10\/Flag_of_Europe-2-768x512-7.png\",\"datePublished\":\"2022-04-25T08:26:44+00:00\",\"dateModified\":\"2025-11-16T16:05:10+00:00\",\"description\":\"ABC Translation: Kontakt | Prijevod web stranica | Prijevod slu\u017ebenih dokumenata | Specijalizirani prijevod | Europska unija\",\"breadcrumb\":{\"@id\":\"https:\/\/abc-office.eu\/hr\/kontakt\/#breadcrumb\"},\"inLanguage\":\"hr\",\"potentialAction\":[{\"@type\":\"ReadAction\",\"target\":[\"https:\/\/abc-office.eu\/hr\/kontakt\/\"]}]},{\"@type\":\"ImageObject\",\"inLanguage\":\"hr\",\"@id\":\"https:\/\/abc-office.eu\/hr\/kontakt\/#primaryimage\",\"url\":\"https:\/\/abc-office.eu\/wp-content\/uploads\/2025\/10\/Flag_of_Europe-2-768x512-7.png\",\"contentUrl\":\"https:\/\/abc-office.eu\/wp-content\/uploads\/2025\/10\/Flag_of_Europe-2-768x512-7.png\",\"width\":768,\"height\":512},{\"@type\":\"BreadcrumbList\",\"@id\":\"https:\/\/abc-office.eu\/hr\/kontakt\/#breadcrumb\",\"itemListElement\":[{\"@type\":\"ListItem\",\"position\":1,\"name\":\"Accueil\",\"item\":\"https:\/\/abc-office.eu\/hr\/\"},{\"@type\":\"ListItem\",\"position\":2,\"name\":\"Kontakt\"}]},{\"@type\":\"WebSite\",\"@id\":\"https:\/\/abc-office.eu\/hr\/#website\",\"url\":\"https:\/\/abc-office.eu\/hr\/\",\"name\":\"ABC Translation\",\"description\":\"info@abc-office.eu\",\"potentialAction\":[{\"@type\":\"SearchAction\",\"target\":{\"@type\":\"EntryPoint\",\"urlTemplate\":\"https:\/\/abc-office.eu\/hr\/?s={search_term_string}\"},\"query-input\":{\"@type\":\"PropertyValueSpecification\",\"valueRequired\":true,\"valueName\":\"search_term_string\"}}],\"inLanguage\":\"hr\"}]}<\/script>\n<!-- \/ Yoast SEO plugin. -->","yoast_head_json":{"title":"Kontakt prijevod | Prevoditelj Europska unija Ujedinjeno Kraljevstvo","description":"ABC Translation: Kontakt | Prijevod web stranica | Prijevod slu\u017ebenih dokumenata | Specijalizirani prijevod | Europska unija","robots":{"index":"index","follow":"follow","max-snippet":"max-snippet:-1","max-image-preview":"max-image-preview:large","max-video-preview":"max-video-preview:-1"},"canonical":"https:\/\/abc-office.eu\/hr\/kontakt\/","og_locale":"hr_HR","og_type":"article","og_title":"Kontakt prijevod | Prevoditelj Europska unija Ujedinjeno Kraljevstvo","og_description":"ABC Translation: Kontakt | Prijevod web stranica | Prijevod slu\u017ebenih dokumenata | Specijalizirani prijevod | Europska unija","og_url":"https:\/\/abc-office.eu\/hr\/kontakt\/","og_site_name":"ABC Translation","article_modified_time":"2025-11-16T16:05:10+00:00","og_image":[{"width":768,"height":512,"url":"https:\/\/abc-office.eu\/wp-content\/uploads\/2025\/10\/Flag_of_Europe-2-768x512-7.png","type":"image\/png"}],"twitter_card":"summary_large_image","twitter_misc":{"Procijenjeno vrijeme \u010ditanja":"2 minute"},"schema":{"@context":"https:\/\/schema.org","@graph":[{"@type":"WebPage","@id":"https:\/\/abc-office.eu\/hr\/kontakt\/","url":"https:\/\/abc-office.eu\/hr\/kontakt\/","name":"Kontakt prijevod | Prevoditelj Europska unija Ujedinjeno Kraljevstvo","isPartOf":{"@id":"https:\/\/abc-office.eu\/hr\/#website"},"primaryImageOfPage":{"@id":"https:\/\/abc-office.eu\/hr\/kontakt\/#primaryimage"},"image":{"@id":"https:\/\/abc-office.eu\/hr\/kontakt\/#primaryimage"},"thumbnailUrl":"https:\/\/abc-office.eu\/wp-content\/uploads\/2025\/10\/Flag_of_Europe-2-768x512-7.png","datePublished":"2022-04-25T08:26:44+00:00","dateModified":"2025-11-16T16:05:10+00:00","description":"ABC Translation: Kontakt | Prijevod web stranica | Prijevod slu\u017ebenih dokumenata | Specijalizirani prijevod | Europska unija","breadcrumb":{"@id":"https:\/\/abc-office.eu\/hr\/kontakt\/#breadcrumb"},"inLanguage":"hr","potentialAction":[{"@type":"ReadAction","target":["https:\/\/abc-office.eu\/hr\/kontakt\/"]}]},{"@type":"ImageObject","inLanguage":"hr","@id":"https:\/\/abc-office.eu\/hr\/kontakt\/#primaryimage","url":"https:\/\/abc-office.eu\/wp-content\/uploads\/2025\/10\/Flag_of_Europe-2-768x512-7.png","contentUrl":"https:\/\/abc-office.eu\/wp-content\/uploads\/2025\/10\/Flag_of_Europe-2-768x512-7.png","width":768,"height":512},{"@type":"BreadcrumbList","@id":"https:\/\/abc-office.eu\/hr\/kontakt\/#breadcrumb","itemListElement":[{"@type":"ListItem","position":1,"name":"Accueil","item":"https:\/\/abc-office.eu\/hr\/"},{"@type":"ListItem","position":2,"name":"Kontakt"}]},{"@type":"WebSite","@id":"https:\/\/abc-office.eu\/hr\/#website","url":"https:\/\/abc-office.eu\/hr\/","name":"ABC Translation","description":"info@abc-office.eu","potentialAction":[{"@type":"SearchAction","target":{"@type":"EntryPoint","urlTemplate":"https:\/\/abc-office.eu\/hr\/?s={search_term_string}"},"query-input":{"@type":"PropertyValueSpecification","valueRequired":true,"valueName":"search_term_string"}}],"inLanguage":"hr"}]}},"_links":{"self":[{"href":"https:\/\/abc-office.eu\/hr\/wp-json\/wp\/v2\/pages\/228814","targetHints":{"allow":["GET"]}}],"collection":[{"href":"https:\/\/abc-office.eu\/hr\/wp-json\/wp\/v2\/pages"}],"about":[{"href":"https:\/\/abc-office.eu\/hr\/wp-json\/wp\/v2\/types\/page"}],"author":[{"embeddable":true,"href":"https:\/\/abc-office.eu\/hr\/wp-json\/wp\/v2\/users\/1"}],"replies":[{"embeddable":true,"href":"https:\/\/abc-office.eu\/hr\/wp-json\/wp\/v2\/comments?post=228814"}],"version-history":[{"count":3,"href":"https:\/\/abc-office.eu\/hr\/wp-json\/wp\/v2\/pages\/228814\/revisions"}],"predecessor-version":[{"id":237301,"href":"https:\/\/abc-office.eu\/hr\/wp-json\/wp\/v2\/pages\/228814\/revisions\/237301"}],"wp:featuredmedia":[{"embeddable":true,"href":"https:\/\/abc-office.eu\/hr\/wp-json\/wp\/v2\/media\/228503"}],"wp:attachment":[{"href":"https:\/\/abc-office.eu\/hr\/wp-json\/wp\/v2\/media?parent=228814"}],"curies":[{"name":"wp","href":"https:\/\/api.w.org\/{rel}","templated":true}]}}