{"id":228800,"date":"2017-02-16T09:17:00","date_gmt":"2017-02-16T08:17:00","guid":{"rendered":"https:\/\/abc-office.eu\/?page_id=228800"},"modified":"2025-11-16T16:43:27","modified_gmt":"2025-11-16T15:43:27","slug":"prijevod","status":"publish","type":"page","link":"https:\/\/abc-office.eu\/hr\/prijevod\/","title":{"rendered":"Prijevod"},"content":{"rendered":"<h2 data-start=\"95\" data-end=\"109\">Prijevod<\/h2>\n<p style=\"text-align: justify;\">Na\u0161a agencija <strong>ABC Translation<\/strong> ve\u0107 dugi niz godina specijalizirana je za usluge prevo\u0111enja i tuma\u010denja. Pru\u017eamo sve vrste prevoditeljskih usluga \u2013 od slu\u017ebenih i jednostavnih prijevoda do usmenog prevo\u0111enja (u\u017eivo).<\/p>\n<p style=\"text-align: justify;\">S timom od vi\u0161e od 800 prevoditelja i tuma\u010da uspje\u0161no upravljamo projektima svih vrsta, \u010dak i u vrlo kratkim rokovima. Kvaliteta i brzina reakcije na\u0161e su najve\u0107e prednosti, a rezultati uvijek zadovoljavaju o\u010dekivanja na\u0161ih klijenata. Prisutni smo u Europskoj uniji i Ujedinjenom Kraljevstvu, \u0161to nam omogu\u0107uje da danas nudimo usluge prevo\u0111enja na vi\u0161e od 60 jezika.<\/p>\n<h3><strong>Slu\u017ebeni prijevod<\/strong><\/h3>\n<p style=\"text-align: justify;\"><span lang=\"SH\">Specijalizirani smo za slu\u017ebene prijevode<\/span> <span lang=\"SH\">koji vam mogu olak\u0161ati administrativne postupke po dolasku u EU ili UK, kao i pri putovanju u inozemstvo. Prijevodi se ovjeravaju kod javnog bilje\u017enika, a zatim legaliziraju apostilom ili konzularnom legalizacijom, ovisno o zemlji odredi\u0161ta. Budu\u0107i da su rokovi na\u0161ih klijenata \u010desto vrlo kratki, razvili smo u\u010dinkovit sustav koji omogu\u0107uje prijevod, ovjeru i legalizaciju dokumenata u rekordnom roku.<\/span><\/p>\n<p style=\"text-align: justify;\"><span lang=\"SH\">Primjer:<\/span><span lang=\"SH\"> za dokument manji od pet stranica, cijeli proces \u2013 od prijevoda do apostila \u2013 zavr\u0161avamo unutar dva radna dana. Ako je potrebno, prijevod se mo\u017ee dodatno legalizirati u konzulatu zemlje odredi\u0161ta.<\/span><\/p>\n<p style=\"text-align: justify;\"><span lang=\"SH\">Slu\u017ebeni prijevodi diploma<\/span><span lang=\"SH\"> za priznavanje u EU i\/ili UK tako\u0111er su dio na\u0161e ponude.<br \/>\nDokumente prevodimo i ovjeravamo kod javnog bilje\u017enika tako da ih nadle\u017ena tijela mogu odmah prihvatiti.<\/span><\/p>\n<p><span lang=\"SH\">Va\u0161a \u0107e dokumentacija biti potpuna<\/span><span lang=\"SH\"> i spremna za analizu nadle\u017enih tijela za priznavanje.<b><\/b><\/span><\/p>\n<h3 data-start=\"1812\" data-end=\"1825\">Jezici:<\/h3>\n<p style=\"text-align: justify;\"><span lang=\"SH\">afrikaans | albanski | njema\u010dki | ameri\u010dki engleski | amharski | engleski | arapski | armenski | ajmarski | azerbajd\u017eanski | baskijski | bengalski | bjeloruski | burmanski | bosanski | portugalski | bugarski | kantonski | katalonski | sinhale\u0161ki | kineski | pojednostavljeni kineski | tradicionalni kineski | korejski | hrvatski | danski | darijski | \u0161panjolski | estonski | ewe | farsi | finski | gruzijski | gr\u010dki | guarani | hebrejski | hindi | ma\u0111arski | indonezijski | talijanski | japanski | kazahstanski | khmerski | kirgiski | kurdski | lao\u0161ki | latvijski | lingala | litavski | makedonski | malajski | malajalam | mandarinski | moldavski | mongolski | crnogorski | nizozemski | norve\u0161ki | urdu | uzbekistanski | pa\u0161to | pand\u017eapski | perzijski | fulski | poljski | portugalski | ke\u010duanski | rumunjski | ruski | srpski | slova\u010dki | slovenski | \u0161vedski | tamilski | \u010de\u0161ki | tajlandski | turski | turkmenski | ukrajinski | vijetnamski<\/span><\/p>\n<h3 data-start=\"2751\" data-end=\"2767\">Dokumenti:<\/h3>\n<p style=\"text-align: justify;\">rodni list | vjen\u010dani list | uvjerenje o gra\u0111anskom statusu | potvrda | patent | uvjerenje o neka\u017enjavanju | certifikat | potvrda o slobodnom bra\u010dnom stanju | smrtni list | obiteljska potvrda | potvrda o zaposlenju | porezna prijava | diploma | putovnica | voza\u010dka dozvola | oporuka | viza | ugovor | sporazum o razvodu | bra\u010dni ugovor | presuda | sudski postupak | punomo\u0107 | zapisnik<\/p>\n<p>Za drugi jezik ili posebne zahtjeve, slobodno nas kontaktirajte \u2013 na\u0161 \u0107e vam tim rado pomo\u0107i i ponuditi najbolje <a href=\"https:\/\/abc-office.eu\/hr\/kontakt\/\">rje\u0161enje<\/a>.<\/p>\n<p data-start=\"3153\" data-end=\"3198\"><img loading=\"lazy\" decoding=\"async\" class=\"aligncenter wp-image-26 size-medium\" src=\"https:\/\/abc-office.ch\/wp-content\/uploads\/2018\/06\/imageedit_1_6241191614-300x300.gif\" alt=\"Prijevod\" width=\"300\" height=\"300\" \/><\/p>\n","protected":false},"excerpt":{"rendered":"<p>Prijevod Na\u0161a agencija ABC Translation ve\u0107 dugi niz godina specijalizirana je za usluge prevo\u0111enja i tuma\u010denja. Pru\u017eamo sve vrste prevoditeljskih usluga \u2013 od slu\u017ebenih i jednostavnih prijevoda do usmenog prevo\u0111enja (u\u017eivo). S timom od vi\u0161e od 800 prevoditelja i tuma\u010da uspje\u0161no upravljamo projektima svih vrsta, \u010dak i u vrlo kratkim rokovima. Kvaliteta i brzina reakcije&#8230;<\/p>\n","protected":false},"author":1,"featured_media":228417,"parent":0,"menu_order":0,"comment_status":"closed","ping_status":"closed","template":"","meta":{"sfsi_plus_gutenberg_text_before_share":"","sfsi_plus_gutenberg_show_text_before_share":"","sfsi_plus_gutenberg_icon_type":"","sfsi_plus_gutenberg_icon_alignemt":"","sfsi_plus_gutenburg_max_per_row":"","footnotes":""},"class_list":["post-228800","page","type-page","status-publish","has-post-thumbnail","hentry"],"yoast_head":"<!-- This site is optimized with the Yoast SEO plugin v23.8 - https:\/\/yoast.com\/wordpress\/plugins\/seo\/ -->\n<title>Prijevod | Slu\u017ebeni prijevod | Profesionalni prijevod visoke kvalitete<\/title>\n<meta name=\"description\" content=\"Prijevod za va\u0161e administrativne postupke | Ovjereni i slu\u017ebeni prijevod | Priznat od svih institucija u EU i inozemstvu\" \/>\n<meta name=\"robots\" content=\"index, follow, max-snippet:-1, max-image-preview:large, max-video-preview:-1\" \/>\n<link rel=\"canonical\" href=\"https:\/\/abc-office.eu\/hr\/prijevod\/\" \/>\n<meta property=\"og:locale\" content=\"hr_HR\" \/>\n<meta property=\"og:type\" content=\"article\" \/>\n<meta property=\"og:title\" content=\"Prijevod | Slu\u017ebeni prijevod | Profesionalni prijevod visoke kvalitete\" \/>\n<meta property=\"og:description\" content=\"Prijevod za va\u0161e administrativne postupke | Ovjereni i slu\u017ebeni prijevod | Priznat od svih institucija u EU i inozemstvu\" \/>\n<meta property=\"og:url\" content=\"https:\/\/abc-office.eu\/hr\/prijevod\/\" \/>\n<meta property=\"og:site_name\" content=\"ABC Translation\" \/>\n<meta property=\"article:modified_time\" content=\"2025-11-16T15:43:27+00:00\" \/>\n<meta property=\"og:image\" content=\"https:\/\/abc-office.eu\/wp-content\/uploads\/2025\/10\/Traduction-6.jpg\" \/>\n\t<meta property=\"og:image:width\" content=\"650\" \/>\n\t<meta property=\"og:image:height\" content=\"400\" \/>\n\t<meta property=\"og:image:type\" content=\"image\/jpeg\" \/>\n<meta name=\"twitter:card\" content=\"summary_large_image\" \/>\n<meta name=\"twitter:label1\" content=\"Procijenjeno vrijeme \u010ditanja\" \/>\n\t<meta name=\"twitter:data1\" content=\"3 minute\" \/>\n<script type=\"application\/ld+json\" class=\"yoast-schema-graph\">{\"@context\":\"https:\/\/schema.org\",\"@graph\":[{\"@type\":\"WebPage\",\"@id\":\"https:\/\/abc-office.eu\/hr\/prijevod\/\",\"url\":\"https:\/\/abc-office.eu\/hr\/prijevod\/\",\"name\":\"Prijevod | Slu\u017ebeni prijevod | Profesionalni prijevod visoke kvalitete\",\"isPartOf\":{\"@id\":\"https:\/\/abc-office.eu\/hr\/#website\"},\"primaryImageOfPage\":{\"@id\":\"https:\/\/abc-office.eu\/hr\/prijevod\/#primaryimage\"},\"image\":{\"@id\":\"https:\/\/abc-office.eu\/hr\/prijevod\/#primaryimage\"},\"thumbnailUrl\":\"https:\/\/abc-office.eu\/wp-content\/uploads\/2025\/10\/Traduction-6.jpg\",\"datePublished\":\"2017-02-16T08:17:00+00:00\",\"dateModified\":\"2025-11-16T15:43:27+00:00\",\"description\":\"Prijevod za va\u0161e administrativne postupke | Ovjereni i slu\u017ebeni prijevod | Priznat od svih institucija u EU i inozemstvu\",\"breadcrumb\":{\"@id\":\"https:\/\/abc-office.eu\/hr\/prijevod\/#breadcrumb\"},\"inLanguage\":\"hr\",\"potentialAction\":[{\"@type\":\"ReadAction\",\"target\":[\"https:\/\/abc-office.eu\/hr\/prijevod\/\"]}]},{\"@type\":\"ImageObject\",\"inLanguage\":\"hr\",\"@id\":\"https:\/\/abc-office.eu\/hr\/prijevod\/#primaryimage\",\"url\":\"https:\/\/abc-office.eu\/wp-content\/uploads\/2025\/10\/Traduction-6.jpg\",\"contentUrl\":\"https:\/\/abc-office.eu\/wp-content\/uploads\/2025\/10\/Traduction-6.jpg\",\"width\":650,\"height\":400},{\"@type\":\"BreadcrumbList\",\"@id\":\"https:\/\/abc-office.eu\/hr\/prijevod\/#breadcrumb\",\"itemListElement\":[{\"@type\":\"ListItem\",\"position\":1,\"name\":\"Accueil\",\"item\":\"https:\/\/abc-office.eu\/hr\/\"},{\"@type\":\"ListItem\",\"position\":2,\"name\":\"Prijevod\"}]},{\"@type\":\"WebSite\",\"@id\":\"https:\/\/abc-office.eu\/hr\/#website\",\"url\":\"https:\/\/abc-office.eu\/hr\/\",\"name\":\"ABC Translation\",\"description\":\"info@abc-office.eu\",\"potentialAction\":[{\"@type\":\"SearchAction\",\"target\":{\"@type\":\"EntryPoint\",\"urlTemplate\":\"https:\/\/abc-office.eu\/hr\/?s={search_term_string}\"},\"query-input\":{\"@type\":\"PropertyValueSpecification\",\"valueRequired\":true,\"valueName\":\"search_term_string\"}}],\"inLanguage\":\"hr\"}]}<\/script>\n<!-- \/ Yoast SEO plugin. -->","yoast_head_json":{"title":"Prijevod | Slu\u017ebeni prijevod | Profesionalni prijevod visoke kvalitete","description":"Prijevod za va\u0161e administrativne postupke | Ovjereni i slu\u017ebeni prijevod | Priznat od svih institucija u EU i inozemstvu","robots":{"index":"index","follow":"follow","max-snippet":"max-snippet:-1","max-image-preview":"max-image-preview:large","max-video-preview":"max-video-preview:-1"},"canonical":"https:\/\/abc-office.eu\/hr\/prijevod\/","og_locale":"hr_HR","og_type":"article","og_title":"Prijevod | Slu\u017ebeni prijevod | Profesionalni prijevod visoke kvalitete","og_description":"Prijevod za va\u0161e administrativne postupke | Ovjereni i slu\u017ebeni prijevod | Priznat od svih institucija u EU i inozemstvu","og_url":"https:\/\/abc-office.eu\/hr\/prijevod\/","og_site_name":"ABC Translation","article_modified_time":"2025-11-16T15:43:27+00:00","og_image":[{"width":650,"height":400,"url":"https:\/\/abc-office.eu\/wp-content\/uploads\/2025\/10\/Traduction-6.jpg","type":"image\/jpeg"}],"twitter_card":"summary_large_image","twitter_misc":{"Procijenjeno vrijeme \u010ditanja":"3 minute"},"schema":{"@context":"https:\/\/schema.org","@graph":[{"@type":"WebPage","@id":"https:\/\/abc-office.eu\/hr\/prijevod\/","url":"https:\/\/abc-office.eu\/hr\/prijevod\/","name":"Prijevod | Slu\u017ebeni prijevod | Profesionalni prijevod visoke kvalitete","isPartOf":{"@id":"https:\/\/abc-office.eu\/hr\/#website"},"primaryImageOfPage":{"@id":"https:\/\/abc-office.eu\/hr\/prijevod\/#primaryimage"},"image":{"@id":"https:\/\/abc-office.eu\/hr\/prijevod\/#primaryimage"},"thumbnailUrl":"https:\/\/abc-office.eu\/wp-content\/uploads\/2025\/10\/Traduction-6.jpg","datePublished":"2017-02-16T08:17:00+00:00","dateModified":"2025-11-16T15:43:27+00:00","description":"Prijevod za va\u0161e administrativne postupke | Ovjereni i slu\u017ebeni prijevod | Priznat od svih institucija u EU i inozemstvu","breadcrumb":{"@id":"https:\/\/abc-office.eu\/hr\/prijevod\/#breadcrumb"},"inLanguage":"hr","potentialAction":[{"@type":"ReadAction","target":["https:\/\/abc-office.eu\/hr\/prijevod\/"]}]},{"@type":"ImageObject","inLanguage":"hr","@id":"https:\/\/abc-office.eu\/hr\/prijevod\/#primaryimage","url":"https:\/\/abc-office.eu\/wp-content\/uploads\/2025\/10\/Traduction-6.jpg","contentUrl":"https:\/\/abc-office.eu\/wp-content\/uploads\/2025\/10\/Traduction-6.jpg","width":650,"height":400},{"@type":"BreadcrumbList","@id":"https:\/\/abc-office.eu\/hr\/prijevod\/#breadcrumb","itemListElement":[{"@type":"ListItem","position":1,"name":"Accueil","item":"https:\/\/abc-office.eu\/hr\/"},{"@type":"ListItem","position":2,"name":"Prijevod"}]},{"@type":"WebSite","@id":"https:\/\/abc-office.eu\/hr\/#website","url":"https:\/\/abc-office.eu\/hr\/","name":"ABC Translation","description":"info@abc-office.eu","potentialAction":[{"@type":"SearchAction","target":{"@type":"EntryPoint","urlTemplate":"https:\/\/abc-office.eu\/hr\/?s={search_term_string}"},"query-input":{"@type":"PropertyValueSpecification","valueRequired":true,"valueName":"search_term_string"}}],"inLanguage":"hr"}]}},"_links":{"self":[{"href":"https:\/\/abc-office.eu\/hr\/wp-json\/wp\/v2\/pages\/228800","targetHints":{"allow":["GET"]}}],"collection":[{"href":"https:\/\/abc-office.eu\/hr\/wp-json\/wp\/v2\/pages"}],"about":[{"href":"https:\/\/abc-office.eu\/hr\/wp-json\/wp\/v2\/types\/page"}],"author":[{"embeddable":true,"href":"https:\/\/abc-office.eu\/hr\/wp-json\/wp\/v2\/users\/1"}],"replies":[{"embeddable":true,"href":"https:\/\/abc-office.eu\/hr\/wp-json\/wp\/v2\/comments?post=228800"}],"version-history":[{"count":3,"href":"https:\/\/abc-office.eu\/hr\/wp-json\/wp\/v2\/pages\/228800\/revisions"}],"predecessor-version":[{"id":237295,"href":"https:\/\/abc-office.eu\/hr\/wp-json\/wp\/v2\/pages\/228800\/revisions\/237295"}],"wp:featuredmedia":[{"embeddable":true,"href":"https:\/\/abc-office.eu\/hr\/wp-json\/wp\/v2\/media\/228417"}],"wp:attachment":[{"href":"https:\/\/abc-office.eu\/hr\/wp-json\/wp\/v2\/media?parent=228800"}],"curies":[{"name":"wp","href":"https:\/\/api.w.org\/{rel}","templated":true}]}}