{"id":228797,"date":"2017-02-16T09:13:19","date_gmt":"2017-02-16T08:13:19","guid":{"rendered":"https:\/\/abc-office.eu\/?page_id=228797"},"modified":"2025-11-16T16:32:51","modified_gmt":"2025-11-16T15:32:51","slug":"pocetna","status":"publish","type":"page","link":"https:\/\/abc-office.eu\/hr\/","title":{"rendered":"Po\u010detna"},"content":{"rendered":"<h2 data-start=\"90\" data-end=\"111\">ABC Translation<\/h2>\n<p style=\"text-align: justify;\"><strong>ABC Translation<\/strong> specijaliziran je za vi\u0161e podru\u010dja, kao \u0161to su prevo\u0111enje, nekretnine, legalizacija dokumenata, pravo i preseljenje. S timom od vi\u0161e od 500 zaposlenika diljem svijeta, <strong>ABC Translation<\/strong> svrstava se me\u0111u vode\u0107e pru\u017eatelje specijaliziranih usluga i mo\u017ee brzo reagirati zahvaljuju\u0107i velikom timu kvalificiranih stru\u010dnjaka. Tvrtka okuplja predstavnike 55 razli\u010ditih nacionalnosti i ima poslovne kontakte u vi\u0161e od 85 zemalja. Uspje\u0161no koristi prednosti globalizacije kako bi zadovoljila potrebe sve zahtjevnijih klijenata.<\/p>\n<h3><strong>ABC Translation u brojkama:<\/strong><\/h3>\n<ul>\n<li style=\"text-align: justify;\">500 zaposlenika diljem svijeta<\/li>\n<li style=\"text-align: justify;\">60 jezika u govoru<\/li>\n<li style=\"text-align: justify;\">4000 projekata godi\u0161nje<\/li>\n<li style=\"text-align: justify;\">Vi\u0161e od 10 godina iskustva<\/li>\n<li style=\"text-align: justify;\">Vi\u0161e od 1000 redovitih poslovnih klijenata<\/li>\n<li style=\"text-align: justify;\">Vi\u0161e od 2000 privatnih klijenata svake godine<\/li>\n<\/ul>\n<p style=\"text-align: justify;\">Sura\u0111ujemo s brojnim javnobilje\u017eni\u010dkim uredima kako bismo \u0161to br\u017ee i u\u010dinkovitije legalizirali razli\u010dite vrste dokumenata. Za dokumente namijenjene inozemstvu radimo s veleposlanstvima, konzulatima i drugim slu\u017ebenim uredima. Ova povezanost s institucijama omogu\u0107uje nam iznimnu brzinu kada je rije\u010d o prevo\u0111enju i legalizaciji dokumenata \u2013 \u010desto u rekordnom roku. Osim toga, na\u0161i dostavlja\u010di na biciklima osiguravaju ekolo\u0161ki prihvatljivu dostavu dokumenata u razli\u010dite urede, dok za me\u0111unarodnu dostavu koristimo europske po\u0161tanske usluge i DHL, osiguravaju\u0107i brzinu i pouzdanost.<\/p>\n<p style=\"text-align: justify;\">Kvaliteta i brzina usluge na\u0161a su najve\u0107a prednost. U ovom je podru\u010dju brzina reakcije klju\u010d uspje\u0161nog prevo\u0111enja, a na\u0161a je infrastruktura osmi\u0161ljena tako da svaki zahtjev bude odra\u0111en bez odgode. Za brzi kontakt nazovite nas telefonom ili po\u0161aljite e-poruku. Obrazac za kontakt na desnoj strani stranice mo\u017eete koristiti i za slanje dokumenata. Ponudu obi\u010dno \u0161aljemo u roku od 10 do 20 minuta od primitka datoteka, a ona sadr\u017ei ukupnu cijenu i rok izvr\u0161enja projekta.<\/p>\n<p style=\"text-align: justify;\">Na\u0161 vam je tim uvijek na raspolaganju &#8211; veselimo se uspje\u0161noj suradnji.<\/p>\n<p data-start=\"1906\" data-end=\"1968\"><img loading=\"lazy\" decoding=\"async\" class=\"wp-image-298 aligncenter\" src=\"https:\/\/abc-office.ch\/wp-content\/uploads\/2020\/03\/bim91-1024x682.jpg\" alt=\"ABC Translation\" width=\"620\" height=\"413\" \/><\/p>\n","protected":false},"excerpt":{"rendered":"<p>ABC Translation ABC Translation specijaliziran je za vi\u0161e podru\u010dja, kao \u0161to su prevo\u0111enje, nekretnine, legalizacija dokumenata, pravo i preseljenje. S timom od vi\u0161e od 500 zaposlenika diljem svijeta, ABC Translation svrstava se me\u0111u vode\u0107e pru\u017eatelje specijaliziranih usluga i mo\u017ee brzo reagirati zahvaljuju\u0107i velikom timu kvalificiranih stru\u010dnjaka. Tvrtka okuplja predstavnike 55 razli\u010ditih nacionalnosti i ima poslovne&#8230;<\/p>\n","protected":false},"author":1,"featured_media":228396,"parent":0,"menu_order":0,"comment_status":"closed","ping_status":"closed","template":"","meta":{"sfsi_plus_gutenberg_text_before_share":"","sfsi_plus_gutenberg_show_text_before_share":"","sfsi_plus_gutenberg_icon_type":"","sfsi_plus_gutenberg_icon_alignemt":"","sfsi_plus_gutenburg_max_per_row":"","footnotes":""},"class_list":["post-228797","page","type-page","status-publish","has-post-thumbnail","hentry"],"yoast_head":"<!-- This site is optimized with the Yoast SEO plugin v23.8 - https:\/\/yoast.com\/wordpress\/plugins\/seo\/ -->\n<title>ABC Translation | Prijevod | Legalizacija | Nekretnine | Ekspat<\/title>\n<meta name=\"description\" content=\"ABC Translation | Legalizacija | Nekretnine | Ekspat | Tuma\u010denje | Javnog bilje\u017enika | Odvjetni\u010dki ured | Preseljenje osoba | Tvrtka\" \/>\n<meta name=\"robots\" content=\"index, follow, max-snippet:-1, max-image-preview:large, max-video-preview:-1\" \/>\n<link rel=\"canonical\" href=\"https:\/\/abc-office.eu\/hr\/\" \/>\n<meta property=\"og:locale\" content=\"hr_HR\" \/>\n<meta property=\"og:type\" content=\"article\" \/>\n<meta property=\"og:title\" content=\"ABC Translation | Prijevod | Legalizacija | Nekretnine | Ekspat\" \/>\n<meta property=\"og:description\" content=\"ABC Translation | Legalizacija | Nekretnine | Ekspat | Tuma\u010denje | Javnog bilje\u017enika | Odvjetni\u010dki ured | Preseljenje osoba | Tvrtka\" \/>\n<meta property=\"og:url\" content=\"https:\/\/abc-office.eu\/hr\/\" \/>\n<meta property=\"og:site_name\" content=\"ABC Translation\" \/>\n<meta property=\"article:modified_time\" content=\"2025-11-16T15:32:51+00:00\" \/>\n<meta property=\"og:image\" content=\"https:\/\/abc-office.eu\/wp-content\/uploads\/2025\/10\/6190976a-768x433-7.jpg\" \/>\n\t<meta property=\"og:image:width\" content=\"768\" \/>\n\t<meta property=\"og:image:height\" content=\"433\" \/>\n\t<meta property=\"og:image:type\" content=\"image\/jpeg\" \/>\n<meta name=\"twitter:card\" content=\"summary_large_image\" \/>\n<meta name=\"twitter:label1\" content=\"Procijenjeno vrijeme \u010ditanja\" \/>\n\t<meta name=\"twitter:data1\" content=\"2 minute\" \/>\n<script type=\"application\/ld+json\" class=\"yoast-schema-graph\">{\"@context\":\"https:\/\/schema.org\",\"@graph\":[{\"@type\":\"WebPage\",\"@id\":\"https:\/\/abc-office.eu\/hr\/\",\"url\":\"https:\/\/abc-office.eu\/hr\/\",\"name\":\"ABC Translation | Prijevod | Legalizacija | Nekretnine | Ekspat\",\"isPartOf\":{\"@id\":\"https:\/\/abc-office.eu\/hr\/#website\"},\"primaryImageOfPage\":{\"@id\":\"https:\/\/abc-office.eu\/hr\/#primaryimage\"},\"image\":{\"@id\":\"https:\/\/abc-office.eu\/hr\/#primaryimage\"},\"thumbnailUrl\":\"https:\/\/abc-office.eu\/wp-content\/uploads\/2025\/10\/6190976a-768x433-7.jpg\",\"datePublished\":\"2017-02-16T08:13:19+00:00\",\"dateModified\":\"2025-11-16T15:32:51+00:00\",\"description\":\"ABC Translation | Legalizacija | Nekretnine | Ekspat | Tuma\u010denje | Javnog bilje\u017enika | Odvjetni\u010dki ured | Preseljenje osoba | Tvrtka\",\"breadcrumb\":{\"@id\":\"https:\/\/abc-office.eu\/hr\/#breadcrumb\"},\"inLanguage\":\"hr\",\"potentialAction\":[{\"@type\":\"ReadAction\",\"target\":[\"https:\/\/abc-office.eu\/hr\/\"]}]},{\"@type\":\"ImageObject\",\"inLanguage\":\"hr\",\"@id\":\"https:\/\/abc-office.eu\/hr\/#primaryimage\",\"url\":\"https:\/\/abc-office.eu\/wp-content\/uploads\/2025\/10\/6190976a-768x433-7.jpg\",\"contentUrl\":\"https:\/\/abc-office.eu\/wp-content\/uploads\/2025\/10\/6190976a-768x433-7.jpg\",\"width\":768,\"height\":433},{\"@type\":\"BreadcrumbList\",\"@id\":\"https:\/\/abc-office.eu\/hr\/#breadcrumb\",\"itemListElement\":[{\"@type\":\"ListItem\",\"position\":1,\"name\":\"Accueil\",\"item\":\"https:\/\/abc-office.eu\/hr\/\"},{\"@type\":\"ListItem\",\"position\":2,\"name\":\"Po\u010detna\"}]},{\"@type\":\"WebSite\",\"@id\":\"https:\/\/abc-office.eu\/hr\/#website\",\"url\":\"https:\/\/abc-office.eu\/hr\/\",\"name\":\"ABC Translation\",\"description\":\"info@abc-office.eu\",\"potentialAction\":[{\"@type\":\"SearchAction\",\"target\":{\"@type\":\"EntryPoint\",\"urlTemplate\":\"https:\/\/abc-office.eu\/hr\/?s={search_term_string}\"},\"query-input\":{\"@type\":\"PropertyValueSpecification\",\"valueRequired\":true,\"valueName\":\"search_term_string\"}}],\"inLanguage\":\"hr\"}]}<\/script>\n<!-- \/ Yoast SEO plugin. -->","yoast_head_json":{"title":"ABC Translation | Prijevod | Legalizacija | Nekretnine | Ekspat","description":"ABC Translation | Legalizacija | Nekretnine | Ekspat | Tuma\u010denje | Javnog bilje\u017enika | Odvjetni\u010dki ured | Preseljenje osoba | Tvrtka","robots":{"index":"index","follow":"follow","max-snippet":"max-snippet:-1","max-image-preview":"max-image-preview:large","max-video-preview":"max-video-preview:-1"},"canonical":"https:\/\/abc-office.eu\/hr\/","og_locale":"hr_HR","og_type":"article","og_title":"ABC Translation | Prijevod | Legalizacija | Nekretnine | Ekspat","og_description":"ABC Translation | Legalizacija | Nekretnine | Ekspat | Tuma\u010denje | Javnog bilje\u017enika | Odvjetni\u010dki ured | Preseljenje osoba | Tvrtka","og_url":"https:\/\/abc-office.eu\/hr\/","og_site_name":"ABC Translation","article_modified_time":"2025-11-16T15:32:51+00:00","og_image":[{"width":768,"height":433,"url":"https:\/\/abc-office.eu\/wp-content\/uploads\/2025\/10\/6190976a-768x433-7.jpg","type":"image\/jpeg"}],"twitter_card":"summary_large_image","twitter_misc":{"Procijenjeno vrijeme \u010ditanja":"2 minute"},"schema":{"@context":"https:\/\/schema.org","@graph":[{"@type":"WebPage","@id":"https:\/\/abc-office.eu\/hr\/","url":"https:\/\/abc-office.eu\/hr\/","name":"ABC Translation | Prijevod | Legalizacija | Nekretnine | Ekspat","isPartOf":{"@id":"https:\/\/abc-office.eu\/hr\/#website"},"primaryImageOfPage":{"@id":"https:\/\/abc-office.eu\/hr\/#primaryimage"},"image":{"@id":"https:\/\/abc-office.eu\/hr\/#primaryimage"},"thumbnailUrl":"https:\/\/abc-office.eu\/wp-content\/uploads\/2025\/10\/6190976a-768x433-7.jpg","datePublished":"2017-02-16T08:13:19+00:00","dateModified":"2025-11-16T15:32:51+00:00","description":"ABC Translation | Legalizacija | Nekretnine | Ekspat | Tuma\u010denje | Javnog bilje\u017enika | Odvjetni\u010dki ured | Preseljenje osoba | Tvrtka","breadcrumb":{"@id":"https:\/\/abc-office.eu\/hr\/#breadcrumb"},"inLanguage":"hr","potentialAction":[{"@type":"ReadAction","target":["https:\/\/abc-office.eu\/hr\/"]}]},{"@type":"ImageObject","inLanguage":"hr","@id":"https:\/\/abc-office.eu\/hr\/#primaryimage","url":"https:\/\/abc-office.eu\/wp-content\/uploads\/2025\/10\/6190976a-768x433-7.jpg","contentUrl":"https:\/\/abc-office.eu\/wp-content\/uploads\/2025\/10\/6190976a-768x433-7.jpg","width":768,"height":433},{"@type":"BreadcrumbList","@id":"https:\/\/abc-office.eu\/hr\/#breadcrumb","itemListElement":[{"@type":"ListItem","position":1,"name":"Accueil","item":"https:\/\/abc-office.eu\/hr\/"},{"@type":"ListItem","position":2,"name":"Po\u010detna"}]},{"@type":"WebSite","@id":"https:\/\/abc-office.eu\/hr\/#website","url":"https:\/\/abc-office.eu\/hr\/","name":"ABC Translation","description":"info@abc-office.eu","potentialAction":[{"@type":"SearchAction","target":{"@type":"EntryPoint","urlTemplate":"https:\/\/abc-office.eu\/hr\/?s={search_term_string}"},"query-input":{"@type":"PropertyValueSpecification","valueRequired":true,"valueName":"search_term_string"}}],"inLanguage":"hr"}]}},"_links":{"self":[{"href":"https:\/\/abc-office.eu\/hr\/wp-json\/wp\/v2\/pages\/228797","targetHints":{"allow":["GET"]}}],"collection":[{"href":"https:\/\/abc-office.eu\/hr\/wp-json\/wp\/v2\/pages"}],"about":[{"href":"https:\/\/abc-office.eu\/hr\/wp-json\/wp\/v2\/types\/page"}],"author":[{"embeddable":true,"href":"https:\/\/abc-office.eu\/hr\/wp-json\/wp\/v2\/users\/1"}],"replies":[{"embeddable":true,"href":"https:\/\/abc-office.eu\/hr\/wp-json\/wp\/v2\/comments?post=228797"}],"version-history":[{"count":3,"href":"https:\/\/abc-office.eu\/hr\/wp-json\/wp\/v2\/pages\/228797\/revisions"}],"predecessor-version":[{"id":237293,"href":"https:\/\/abc-office.eu\/hr\/wp-json\/wp\/v2\/pages\/228797\/revisions\/237293"}],"wp:featuredmedia":[{"embeddable":true,"href":"https:\/\/abc-office.eu\/hr\/wp-json\/wp\/v2\/media\/228396"}],"wp:attachment":[{"href":"https:\/\/abc-office.eu\/hr\/wp-json\/wp\/v2\/media?parent=228797"}],"curies":[{"name":"wp","href":"https:\/\/api.w.org\/{rel}","templated":true}]}}